{"id":31442,"date":"2024-02-13T21:20:48","date_gmt":"2024-02-13T20:20:48","guid":{"rendered":"https:\/\/truusk.store\/product\/skordebod-med-taktak-134-m-tradgardsbod-i-metall-odlingsbod-galvaniserat-stal-brun-1615-x-945-x-196-cm\/"},"modified":"2026-03-12T09:09:34","modified_gmt":"2026-03-12T08:09:34","slug":"truusk-skordebod-i-metall-galvaniserat-stal-1615-x-945-x-196-cm-brun-for-tradgarden-och-odlingar","status":"publish","type":"product","link":"https:\/\/truusk.store\/sv\/produkt\/truusk-skordebod-i-metall-galvaniserat-stal-1615-x-945-x-196-cm-brun-for-tradgarden-och-odlingar\/","title":{"rendered":"TRUUSK Sk\u00f6rdebod i Metall &#8211; Galvaniserat St\u00e5l &#8211; 161,5 x 94,5 x 196 cm &#8211; Brun &#8211; F\u00f6r Tr\u00e4dg\u00e5rden och Odlingar"},"content":{"rendered":"<p>\u00d6ka enkelt f\u00f6rvaringsutrymmet och v\u00e4rdet p\u00e5 din fastighet med ett skjul. Verktygsboden i st\u00e5l har tydliga f\u00f6rdelar j\u00e4mf\u00f6rt med de traditionella tr\u00e4modellerna, vilket g\u00f6r den till ett mycket mer attraktivt val att k\u00f6pa. Stort utrymme f\u00f6r f\u00f6rvaring av verktyg, utrustning. Det sluttande taket l\u00e5ter regnet helt enkelt rinna av. Detta f\u00f6rvaringsskjul p\u00e5 bakg\u00e5rden kan vara ditt perfekta val f\u00f6r uteplats och gr\u00e4smatta.<\/p>\n<h3>Beskrivning:<\/h3>\n<ul>\n<li>Stort f\u00f6rvaringsutrymme f\u00f6r tr\u00e4dg\u00e5rdsredskap, gr\u00e4smattor, pooltillbeh\u00f6r och mycket mer<\/li>\n<li>St\u00e5lkonstruktionen och den galvaniserade ytan p\u00e5 boden \u00e4r robust och rosts\u00e4kra f\u00f6r p\u00e5litlig daglig anv\u00e4ndning<\/li>\n<li>Tr\u00e4dg\u00e5rdssk\u00e5pets sluttande tak ser till att regnvatten rinner bort snabbt<\/li>\n<li>En l\u00e5sbar d\u00f6rr p\u00e5 friggeboden ger mer s\u00e4kerhet<\/li>\n<li>Markgrunden ing\u00e5r ej<\/li>\n<li>Montering kr\u00e4vs<\/li>\n<\/ul>\n<h3>Teknisk data:<\/h3>\n<ul>\n<li>F\u00e4rg: Brun+Gr\u00e5<\/li>\n<li>Material: st\u00e5l<\/li>\n<li>\u00d6vergripande m\u00e5tt: 161,5W x 94,5D x 196H cm<\/li>\n<li>Innerm\u00e5tt: 142,5W x 74,5D cm<\/li>\n<li>Golvstorlek: 155W x 86,5D cm (1,34 m)<\/li>\n<li>Takfotsh\u00f6jd: 183H cm<\/li>\n<li>Tr storlek: 63,5W x 178H cm<\/li>\n<li>OBS: Det rekommenderas att anv\u00e4nda det p\u00e5 en v\u00e4gg. V\u00e4nligen montera f\u00f6rem\u00e5let enligt instruktionerna<\/li>\n<\/ul>\n<h3>Leveransens omfattning:<\/h3>\n<ul>\n<li>1 x odlingshus<\/li>\n<li>1 x Instruktioner<\/li>\n<\/ul>\n","protected":false},"excerpt":{"rendered":"<p>\u00d6ka enkelt f\u00f6rvaringsutrymmet och v\u00e4rdet p\u00e5 din fastighet med ett skjul. Verktygsboden i st\u00e5l har tydliga f\u00f6rdelar j\u00e4mf\u00f6rt med de&#8230;<\/p>\n","protected":false},"featured_media":31443,"template":"","meta":[],"product_brand":[],"product_cat":[436,438,435],"product_tag":[],"class_list":{"0":"post-31442","1":"product","2":"type-product","3":"status-publish","4":"has-post-thumbnail","6":"product_cat-bestall-i-tradgarden","7":"product_cat-redskapsbod","8":"product_cat-tradgard-och-terrass","10":"first","11":"instock","12":"sale","13":"taxable","14":"shipping-taxable","15":"purchasable","16":"product-type-simple"},"yoast_head":"<!-- This site is optimized with the Yoast SEO plugin v25.4 - https:\/\/yoast.com\/wordpress\/plugins\/seo\/ -->\n<title>TRUUSK Sk\u00f6rdebod i Metall - Galvaniserat St\u00e5l - 161,5 x 94,5 x 196 cm - Brun - F\u00f6r Tr\u00e4dg\u00e5rden och Odlingar - TRUUSK - Hem, Tr\u00e4dg\u00e5rd &amp; Fritid<\/title>\n<meta name=\"robots\" content=\"index, follow, max-snippet:-1, max-image-preview:large, max-video-preview:-1\" \/>\n<link rel=\"canonical\" href=\"https:\/\/truusk.store\/sv\/produkt\/truusk-skordebod-i-metall-galvaniserat-stal-1615-x-945-x-196-cm-brun-for-tradgarden-och-odlingar\/\" \/>\n<meta property=\"og:locale\" content=\"sv_SE\" \/>\n<meta property=\"og:type\" content=\"article\" \/>\n<meta property=\"og:title\" content=\"TRUUSK Sk\u00f6rdebod i Metall - Galvaniserat St\u00e5l - 161,5 x 94,5 x 196 cm - Brun - F\u00f6r Tr\u00e4dg\u00e5rden och Odlingar - TRUUSK - Hem, Tr\u00e4dg\u00e5rd &amp; Fritid\" \/>\n<meta property=\"og:description\" content=\"\u00d6ka enkelt f\u00f6rvaringsutrymmet och v\u00e4rdet p\u00e5 din fastighet med ett skjul. Verktygsboden i st\u00e5l har tydliga f\u00f6rdelar j\u00e4mf\u00f6rt med de...\" \/>\n<meta property=\"og:url\" content=\"https:\/\/truusk.store\/sv\/produkt\/truusk-skordebod-i-metall-galvaniserat-stal-1615-x-945-x-196-cm-brun-for-tradgarden-och-odlingar\/\" \/>\n<meta property=\"og:site_name\" content=\"TRUUSK - Hem, Tr\u00e4dg\u00e5rd &amp; Fritid\" \/>\n<meta property=\"article:modified_time\" content=\"2026-03-12T08:09:34+00:00\" \/>\n<meta property=\"og:image\" content=\"https:\/\/i0.wp.com\/truusk.se\/wp-content\/uploads\/2024\/02\/skordebod-med-taktak-134-m-tradgardsbod-i-metall-odlingsbod-galvaniserat-stal-brun-1615-x-945-x-196-cm.webp?fit=800%2C800&ssl=1\" \/>\n\t<meta property=\"og:image:width\" content=\"800\" \/>\n\t<meta property=\"og:image:height\" content=\"800\" \/>\n\t<meta property=\"og:image:type\" content=\"image\/webp\" \/>\n<meta name=\"twitter:card\" content=\"summary_large_image\" \/>\n<meta name=\"twitter:label1\" content=\"Ber\u00e4knad l\u00e4stid\" \/>\n\t<meta name=\"twitter:data1\" content=\"1 minut\" \/>\n<!-- \/ Yoast SEO plugin. -->","yoast_head_json":{"title":"TRUUSK Sk\u00f6rdebod i Metall - Galvaniserat St\u00e5l - 161,5 x 94,5 x 196 cm - Brun - F\u00f6r Tr\u00e4dg\u00e5rden och Odlingar - TRUUSK - Hem, Tr\u00e4dg\u00e5rd &amp; Fritid","robots":{"index":"index","follow":"follow","max-snippet":"max-snippet:-1","max-image-preview":"max-image-preview:large","max-video-preview":"max-video-preview:-1"},"canonical":"https:\/\/truusk.store\/sv\/produkt\/truusk-skordebod-i-metall-galvaniserat-stal-1615-x-945-x-196-cm-brun-for-tradgarden-och-odlingar\/","og_locale":"sv_SE","og_type":"article","og_title":"TRUUSK Sk\u00f6rdebod i Metall - Galvaniserat St\u00e5l - 161,5 x 94,5 x 196 cm - Brun - F\u00f6r Tr\u00e4dg\u00e5rden och Odlingar - TRUUSK - Hem, Tr\u00e4dg\u00e5rd &amp; Fritid","og_description":"\u00d6ka enkelt f\u00f6rvaringsutrymmet och v\u00e4rdet p\u00e5 din fastighet med ett skjul. Verktygsboden i st\u00e5l har tydliga f\u00f6rdelar j\u00e4mf\u00f6rt med de...","og_url":"https:\/\/truusk.store\/sv\/produkt\/truusk-skordebod-i-metall-galvaniserat-stal-1615-x-945-x-196-cm-brun-for-tradgarden-och-odlingar\/","og_site_name":"TRUUSK - Hem, Tr\u00e4dg\u00e5rd &amp; Fritid","article_modified_time":"2026-03-12T08:09:34+00:00","og_image":[{"width":800,"height":800,"url":"https:\/\/i0.wp.com\/truusk.se\/wp-content\/uploads\/2024\/02\/skordebod-med-taktak-134-m-tradgardsbod-i-metall-odlingsbod-galvaniserat-stal-brun-1615-x-945-x-196-cm.webp?fit=800%2C800&ssl=1","type":"image\/webp"}],"twitter_card":"summary_large_image","twitter_misc":{"Ber\u00e4knad l\u00e4stid":"1 minut"},"schema":{"@context":"https:\/\/schema.org","@graph":[{"@type":"WebPage","@id":"https:\/\/truusk.store\/sv\/produkt\/truusk-skordebod-i-metall-galvaniserat-stal-1615-x-945-x-196-cm-brun-for-tradgarden-och-odlingar\/","url":"https:\/\/truusk.store\/sv\/produkt\/truusk-skordebod-i-metall-galvaniserat-stal-1615-x-945-x-196-cm-brun-for-tradgarden-och-odlingar\/","name":"TRUUSK Sk\u00f6rdebod i Metall - Galvaniserat St\u00e5l - 161,5 x 94,5 x 196 cm - Brun - F\u00f6r Tr\u00e4dg\u00e5rden och Odlingar - TRUUSK - Hem, Tr\u00e4dg\u00e5rd &amp; Fritid","isPartOf":{"@id":"https:\/\/truusk.store\/sv\/#website"},"primaryImageOfPage":{"@id":"https:\/\/truusk.store\/sv\/produkt\/truusk-skordebod-i-metall-galvaniserat-stal-1615-x-945-x-196-cm-brun-for-tradgarden-och-odlingar\/#primaryimage"},"image":{"@id":"https:\/\/truusk.store\/sv\/produkt\/truusk-skordebod-i-metall-galvaniserat-stal-1615-x-945-x-196-cm-brun-for-tradgarden-och-odlingar\/#primaryimage"},"thumbnailUrl":"https:\/\/i0.wp.com\/truusk.store\/wp-content\/uploads\/2024\/02\/skordebod-med-taktak-134-m-tradgardsbod-i-metall-odlingsbod-galvaniserat-stal-brun-1615-x-945-x-196-cm.webp?fit=800%2C800&ssl=1","datePublished":"2024-02-13T20:20:48+00:00","dateModified":"2026-03-12T08:09:34+00:00","breadcrumb":{"@id":"https:\/\/truusk.store\/sv\/produkt\/truusk-skordebod-i-metall-galvaniserat-stal-1615-x-945-x-196-cm-brun-for-tradgarden-och-odlingar\/#breadcrumb"},"inLanguage":"sv-SE","potentialAction":[{"@type":"ReadAction","target":["https:\/\/truusk.store\/sv\/produkt\/truusk-skordebod-i-metall-galvaniserat-stal-1615-x-945-x-196-cm-brun-for-tradgarden-och-odlingar\/"]}]},{"@type":"ImageObject","inLanguage":"sv-SE","@id":"https:\/\/truusk.store\/sv\/produkt\/truusk-skordebod-i-metall-galvaniserat-stal-1615-x-945-x-196-cm-brun-for-tradgarden-och-odlingar\/#primaryimage","url":"https:\/\/i0.wp.com\/truusk.store\/wp-content\/uploads\/2024\/02\/skordebod-med-taktak-134-m-tradgardsbod-i-metall-odlingsbod-galvaniserat-stal-brun-1615-x-945-x-196-cm.webp?fit=800%2C800&ssl=1","contentUrl":"https:\/\/i0.wp.com\/truusk.store\/wp-content\/uploads\/2024\/02\/skordebod-med-taktak-134-m-tradgardsbod-i-metall-odlingsbod-galvaniserat-stal-brun-1615-x-945-x-196-cm.webp?fit=800%2C800&ssl=1","width":800,"height":800,"caption":"Sk\u00f6rdebod Med Taktak 1,34 M Tr\u00e4dg\u00e5rdsbod I Metall Odlingsbod Galvaniserat St\u00e5l Brun 161,5 X 94,5 X 196 Cm 1"},{"@type":"BreadcrumbList","@id":"https:\/\/truusk.store\/sv\/produkt\/truusk-skordebod-i-metall-galvaniserat-stal-1615-x-945-x-196-cm-brun-for-tradgarden-och-odlingar\/#breadcrumb","itemListElement":[{"@type":"ListItem","position":1,"name":"Home","item":"https:\/\/truusk.store\/sv\/"},{"@type":"ListItem","position":2,"name":"Shop","item":"https:\/\/truusk.store\/shop\/"},{"@type":"ListItem","position":3,"name":"TRUUSK Sk\u00f6rdebod i Metall &#8211; Galvaniserat St\u00e5l &#8211; 161,5 x 94,5 x 196 cm &#8211; Brun &#8211; F\u00f6r Tr\u00e4dg\u00e5rden och Odlingar"}]},{"@type":"WebSite","@id":"https:\/\/truusk.store\/sv\/#website","url":"https:\/\/truusk.store\/sv\/","name":"TRUUSK - Hem, Tr\u00e4dg\u00e5rd & Fritid","description":"","publisher":{"@id":"https:\/\/truusk.store\/sv\/#organization"},"potentialAction":[{"@type":"SearchAction","target":{"@type":"EntryPoint","urlTemplate":"https:\/\/truusk.store\/sv\/?s={search_term_string}"},"query-input":{"@type":"PropertyValueSpecification","valueRequired":true,"valueName":"search_term_string"}}],"inLanguage":"sv-SE"},{"@type":"Organization","@id":"https:\/\/truusk.store\/sv\/#organization","name":"TRUUSK - Hem, Tr\u00e4dg\u00e5rd & Fritid","url":"https:\/\/truusk.store\/sv\/","logo":{"@type":"ImageObject","inLanguage":"sv-SE","@id":"https:\/\/truusk.store\/sv\/#\/schema\/logo\/image\/","url":"https:\/\/i0.wp.com\/truusk.store\/wp-content\/uploads\/2026\/03\/cropped-TRUUSK.png?fit=2032%2C917&ssl=1","contentUrl":"https:\/\/i0.wp.com\/truusk.store\/wp-content\/uploads\/2026\/03\/cropped-TRUUSK.png?fit=2032%2C917&ssl=1","width":2032,"height":917,"caption":"TRUUSK - Hem, Tr\u00e4dg\u00e5rd & Fritid"},"image":{"@id":"https:\/\/truusk.store\/sv\/#\/schema\/logo\/image\/"}}]}},"jetpack_sharing_enabled":true,"_links":{"self":[{"href":"https:\/\/truusk.store\/sv\/wp-json\/wp\/v2\/product\/31442","targetHints":{"allow":["GET"]}}],"collection":[{"href":"https:\/\/truusk.store\/sv\/wp-json\/wp\/v2\/product"}],"about":[{"href":"https:\/\/truusk.store\/sv\/wp-json\/wp\/v2\/types\/product"}],"wp:featuredmedia":[{"embeddable":true,"href":"https:\/\/truusk.store\/sv\/wp-json\/wp\/v2\/media\/31443"}],"wp:attachment":[{"href":"https:\/\/truusk.store\/sv\/wp-json\/wp\/v2\/media?parent=31442"}],"wp:term":[{"taxonomy":"product_brand","embeddable":true,"href":"https:\/\/truusk.store\/sv\/wp-json\/wp\/v2\/product_brand?post=31442"},{"taxonomy":"product_cat","embeddable":true,"href":"https:\/\/truusk.store\/sv\/wp-json\/wp\/v2\/product_cat?post=31442"},{"taxonomy":"product_tag","embeddable":true,"href":"https:\/\/truusk.store\/sv\/wp-json\/wp\/v2\/product_tag?post=31442"}],"curies":[{"name":"wp","href":"https:\/\/api.w.org\/{rel}","templated":true}]}}