{"id":31495,"date":"2024-02-13T21:22:37","date_gmt":"2024-02-13T20:22:37","guid":{"rendered":"https:\/\/truusk.store\/product\/verktygsbod-for-tradgardsskjul-lasbar-dorr-vaderbestandig-inklusive-hyllor-196-cm-x-236-cm-x-208-cm-svart\/"},"modified":"2026-03-12T09:09:35","modified_gmt":"2026-03-12T08:09:35","slug":"truusk-verktygsbod-for-tradgardsskjul-lasbar-dorr-vaderbestandig-hyllor-inkluderade-196x236x208-cm-svart","status":"publish","type":"product","link":"https:\/\/truusk.store\/sv\/produkt\/truusk-verktygsbod-for-tradgardsskjul-lasbar-dorr-vaderbestandig-hyllor-inkluderade-196x236x208-cm-svart\/","title":{"rendered":"TRUUSK Verktygsbod f\u00f6r Tr\u00e4dg\u00e5rdsskjul &#8211; L\u00e5sbar D\u00f6rr &#8211; V\u00e4derbest\u00e4ndig &#8211; Hyllor Inkluderade &#8211; 196x236x208 cm &#8211; Svart"},"content":{"rendered":"<p>L\u00e4gg omedelbart till ytterligare f\u00f6rvaringsutrymme till dina utomhusomr\u00e5den: v\u00e4lkomna detta skjul till ditt hem. Tillverkad av galvaniserat st\u00e5l med en korrugerad yta, bildar metallen ett robust skal f\u00f6r att skydda allt du f\u00f6rvarar inuti. Den \u00e4r helt \u00f6ppen inuti, s\u00e5 du har gott om utrymme \u2013 eller till och med l\u00e4gga till dina egna hyllor f\u00f6r organisation. Detta redskapsskjul p\u00e5 bakg\u00e5rden kan vara ditt perfekta val f\u00f6r uteplats och gr\u00e4smatta.<\/p>\n<h3>Beskrivning:<\/h3>\n<ul>\n<li>Obs: Markfundament ing\u00e5r ej<\/li>\n<li>Stort tr\u00e4dg\u00e5rdssk\u00e5p inredning f\u00f6r tr\u00e4dg\u00e5rdsredskap, utrustning med mera<\/li>\n<li>Korrugerad st\u00e5lkonstruktion med galvaniserad yta f\u00f6r ett robust skal<\/li>\n<li>Tr\u00e4dg\u00e5rdsbodens sluttande tak f\u00f6rhindrar att regnvatten samlas<\/li>\n<li>L\u00e5st utrustningssk\u00e5psd\u00f6rr f\u00f6r att f\u00f6rbli s\u00e4kert st\u00e4ngd<\/li>\n<li>Montering kr\u00e4vs<\/li>\n<\/ul>\n<h3>Teknisk data:<\/h3>\n<ul>\n<li>Svart f\u00e4rg<\/li>\n<li>Material: Galvaniserat st\u00e5l<\/li>\n<li>\u00d6vergripande m\u00e5tt: 161,5W x 94,5D x 196H cm<\/li>\n<li>Innerm\u00e5tt: 142,5W x 74,5D cm<\/li>\n<li>Golvstorlek: 155W x 86,5D cm (1,34 m)<\/li>\n<li>Takfotsh\u00f6jd: 183H cm<\/li>\n<li>Tr storlek: 63,5W x 178H cm<\/li>\n<li>OBS: Det rekommenderas att anv\u00e4nda det p\u00e5 en v\u00e4gg. V\u00e4nligen montera f\u00f6rem\u00e5let enligt instruktionerna<\/li>\n<\/ul>\n<h3>Leveransens omfattning:<\/h3>\n<ul>\n<li>1 x odlingshus<\/li>\n<li>1 x Instruktioner<\/li>\n<\/ul>\n","protected":false},"excerpt":{"rendered":"<p>L\u00e4gg omedelbart till ytterligare f\u00f6rvaringsutrymme till dina utomhusomr\u00e5den: v\u00e4lkomna detta skjul till ditt hem. Tillverkad av galvaniserat st\u00e5l med en&#8230;<\/p>\n","protected":false},"featured_media":31496,"template":"","meta":[],"product_brand":[],"product_cat":[436,438,435],"product_tag":[],"class_list":{"0":"post-31495","1":"product","2":"type-product","3":"status-publish","4":"has-post-thumbnail","6":"product_cat-bestall-i-tradgarden","7":"product_cat-redskapsbod","8":"product_cat-tradgard-och-terrass","10":"first","11":"instock","12":"sale","13":"taxable","14":"shipping-taxable","15":"purchasable","16":"product-type-simple"},"yoast_head":"<!-- This site is optimized with the Yoast SEO plugin v25.4 - https:\/\/yoast.com\/wordpress\/plugins\/seo\/ -->\n<title>TRUUSK Verktygsbod f\u00f6r Tr\u00e4dg\u00e5rdsskjul - L\u00e5sbar D\u00f6rr - V\u00e4derbest\u00e4ndig - Hyllor Inkluderade - 196x236x208 cm - Svart - TRUUSK - Hem, Tr\u00e4dg\u00e5rd &amp; Fritid<\/title>\n<meta name=\"robots\" content=\"index, follow, max-snippet:-1, max-image-preview:large, max-video-preview:-1\" \/>\n<link rel=\"canonical\" href=\"https:\/\/truusk.store\/sv\/produkt\/truusk-verktygsbod-for-tradgardsskjul-lasbar-dorr-vaderbestandig-hyllor-inkluderade-196x236x208-cm-svart\/\" \/>\n<meta property=\"og:locale\" content=\"sv_SE\" \/>\n<meta property=\"og:type\" content=\"article\" \/>\n<meta property=\"og:title\" content=\"TRUUSK Verktygsbod f\u00f6r Tr\u00e4dg\u00e5rdsskjul - L\u00e5sbar D\u00f6rr - V\u00e4derbest\u00e4ndig - Hyllor Inkluderade - 196x236x208 cm - Svart - TRUUSK - Hem, Tr\u00e4dg\u00e5rd &amp; Fritid\" \/>\n<meta property=\"og:description\" content=\"L\u00e4gg omedelbart till ytterligare f\u00f6rvaringsutrymme till dina utomhusomr\u00e5den: v\u00e4lkomna detta skjul till ditt hem. Tillverkad av galvaniserat st\u00e5l med en...\" \/>\n<meta property=\"og:url\" content=\"https:\/\/truusk.store\/sv\/produkt\/truusk-verktygsbod-for-tradgardsskjul-lasbar-dorr-vaderbestandig-hyllor-inkluderade-196x236x208-cm-svart\/\" \/>\n<meta property=\"og:site_name\" content=\"TRUUSK - Hem, Tr\u00e4dg\u00e5rd &amp; Fritid\" \/>\n<meta property=\"article:modified_time\" content=\"2026-03-12T08:09:35+00:00\" \/>\n<meta property=\"og:image\" content=\"https:\/\/i0.wp.com\/truusk.se\/wp-content\/uploads\/2024\/02\/verktygsbod-for-tradgardsskjul-lasbar-dorr-vaderbestandig-inklusive-hyllor-196-cm-x-236-cm-x-208-cm-svart.webp?fit=800%2C800&ssl=1\" \/>\n\t<meta property=\"og:image:width\" content=\"800\" \/>\n\t<meta property=\"og:image:height\" content=\"800\" \/>\n\t<meta property=\"og:image:type\" content=\"image\/webp\" \/>\n<meta name=\"twitter:card\" content=\"summary_large_image\" \/>\n<meta name=\"twitter:label1\" content=\"Ber\u00e4knad l\u00e4stid\" \/>\n\t<meta name=\"twitter:data1\" content=\"1 minut\" \/>\n<!-- \/ Yoast SEO plugin. -->","yoast_head_json":{"title":"TRUUSK Verktygsbod f\u00f6r Tr\u00e4dg\u00e5rdsskjul - L\u00e5sbar D\u00f6rr - V\u00e4derbest\u00e4ndig - Hyllor Inkluderade - 196x236x208 cm - Svart - TRUUSK - Hem, Tr\u00e4dg\u00e5rd &amp; Fritid","robots":{"index":"index","follow":"follow","max-snippet":"max-snippet:-1","max-image-preview":"max-image-preview:large","max-video-preview":"max-video-preview:-1"},"canonical":"https:\/\/truusk.store\/sv\/produkt\/truusk-verktygsbod-for-tradgardsskjul-lasbar-dorr-vaderbestandig-hyllor-inkluderade-196x236x208-cm-svart\/","og_locale":"sv_SE","og_type":"article","og_title":"TRUUSK Verktygsbod f\u00f6r Tr\u00e4dg\u00e5rdsskjul - L\u00e5sbar D\u00f6rr - V\u00e4derbest\u00e4ndig - Hyllor Inkluderade - 196x236x208 cm - Svart - TRUUSK - Hem, Tr\u00e4dg\u00e5rd &amp; Fritid","og_description":"L\u00e4gg omedelbart till ytterligare f\u00f6rvaringsutrymme till dina utomhusomr\u00e5den: v\u00e4lkomna detta skjul till ditt hem. Tillverkad av galvaniserat st\u00e5l med en...","og_url":"https:\/\/truusk.store\/sv\/produkt\/truusk-verktygsbod-for-tradgardsskjul-lasbar-dorr-vaderbestandig-hyllor-inkluderade-196x236x208-cm-svart\/","og_site_name":"TRUUSK - Hem, Tr\u00e4dg\u00e5rd &amp; Fritid","article_modified_time":"2026-03-12T08:09:35+00:00","og_image":[{"width":800,"height":800,"url":"https:\/\/i0.wp.com\/truusk.se\/wp-content\/uploads\/2024\/02\/verktygsbod-for-tradgardsskjul-lasbar-dorr-vaderbestandig-inklusive-hyllor-196-cm-x-236-cm-x-208-cm-svart.webp?fit=800%2C800&ssl=1","type":"image\/webp"}],"twitter_card":"summary_large_image","twitter_misc":{"Ber\u00e4knad l\u00e4stid":"1 minut"},"schema":{"@context":"https:\/\/schema.org","@graph":[{"@type":"WebPage","@id":"https:\/\/truusk.store\/sv\/produkt\/truusk-verktygsbod-for-tradgardsskjul-lasbar-dorr-vaderbestandig-hyllor-inkluderade-196x236x208-cm-svart\/","url":"https:\/\/truusk.store\/sv\/produkt\/truusk-verktygsbod-for-tradgardsskjul-lasbar-dorr-vaderbestandig-hyllor-inkluderade-196x236x208-cm-svart\/","name":"TRUUSK Verktygsbod f\u00f6r Tr\u00e4dg\u00e5rdsskjul - L\u00e5sbar D\u00f6rr - V\u00e4derbest\u00e4ndig - Hyllor Inkluderade - 196x236x208 cm - Svart - TRUUSK - Hem, Tr\u00e4dg\u00e5rd &amp; Fritid","isPartOf":{"@id":"https:\/\/truusk.store\/sv\/#website"},"primaryImageOfPage":{"@id":"https:\/\/truusk.store\/sv\/produkt\/truusk-verktygsbod-for-tradgardsskjul-lasbar-dorr-vaderbestandig-hyllor-inkluderade-196x236x208-cm-svart\/#primaryimage"},"image":{"@id":"https:\/\/truusk.store\/sv\/produkt\/truusk-verktygsbod-for-tradgardsskjul-lasbar-dorr-vaderbestandig-hyllor-inkluderade-196x236x208-cm-svart\/#primaryimage"},"thumbnailUrl":"https:\/\/i0.wp.com\/truusk.store\/wp-content\/uploads\/2024\/02\/verktygsbod-for-tradgardsskjul-lasbar-dorr-vaderbestandig-inklusive-hyllor-196-cm-x-236-cm-x-208-cm-svart.webp?fit=800%2C800&ssl=1","datePublished":"2024-02-13T20:22:37+00:00","dateModified":"2026-03-12T08:09:35+00:00","breadcrumb":{"@id":"https:\/\/truusk.store\/sv\/produkt\/truusk-verktygsbod-for-tradgardsskjul-lasbar-dorr-vaderbestandig-hyllor-inkluderade-196x236x208-cm-svart\/#breadcrumb"},"inLanguage":"sv-SE","potentialAction":[{"@type":"ReadAction","target":["https:\/\/truusk.store\/sv\/produkt\/truusk-verktygsbod-for-tradgardsskjul-lasbar-dorr-vaderbestandig-hyllor-inkluderade-196x236x208-cm-svart\/"]}]},{"@type":"ImageObject","inLanguage":"sv-SE","@id":"https:\/\/truusk.store\/sv\/produkt\/truusk-verktygsbod-for-tradgardsskjul-lasbar-dorr-vaderbestandig-hyllor-inkluderade-196x236x208-cm-svart\/#primaryimage","url":"https:\/\/i0.wp.com\/truusk.store\/wp-content\/uploads\/2024\/02\/verktygsbod-for-tradgardsskjul-lasbar-dorr-vaderbestandig-inklusive-hyllor-196-cm-x-236-cm-x-208-cm-svart.webp?fit=800%2C800&ssl=1","contentUrl":"https:\/\/i0.wp.com\/truusk.store\/wp-content\/uploads\/2024\/02\/verktygsbod-for-tradgardsskjul-lasbar-dorr-vaderbestandig-inklusive-hyllor-196-cm-x-236-cm-x-208-cm-svart.webp?fit=800%2C800&ssl=1","width":800,"height":800,"caption":"Verktygsbod F\u00f6r Tr\u00e4dg\u00e5rdsskjul, L\u00e5sbar D\u00f6rr, V\u00e4derbest\u00e4ndig, Inklusive Hyllor, 196 Cm X 236 Cm X 208 Cm, Svart 1"},{"@type":"BreadcrumbList","@id":"https:\/\/truusk.store\/sv\/produkt\/truusk-verktygsbod-for-tradgardsskjul-lasbar-dorr-vaderbestandig-hyllor-inkluderade-196x236x208-cm-svart\/#breadcrumb","itemListElement":[{"@type":"ListItem","position":1,"name":"Home","item":"https:\/\/truusk.store\/sv\/"},{"@type":"ListItem","position":2,"name":"Shop","item":"https:\/\/truusk.store\/shop\/"},{"@type":"ListItem","position":3,"name":"TRUUSK Verktygsbod f\u00f6r Tr\u00e4dg\u00e5rdsskjul &#8211; L\u00e5sbar D\u00f6rr &#8211; V\u00e4derbest\u00e4ndig &#8211; Hyllor Inkluderade &#8211; 196x236x208 cm &#8211; Svart"}]},{"@type":"WebSite","@id":"https:\/\/truusk.store\/sv\/#website","url":"https:\/\/truusk.store\/sv\/","name":"TRUUSK - Hem, Tr\u00e4dg\u00e5rd & Fritid","description":"","publisher":{"@id":"https:\/\/truusk.store\/sv\/#organization"},"potentialAction":[{"@type":"SearchAction","target":{"@type":"EntryPoint","urlTemplate":"https:\/\/truusk.store\/sv\/?s={search_term_string}"},"query-input":{"@type":"PropertyValueSpecification","valueRequired":true,"valueName":"search_term_string"}}],"inLanguage":"sv-SE"},{"@type":"Organization","@id":"https:\/\/truusk.store\/sv\/#organization","name":"TRUUSK - Hem, Tr\u00e4dg\u00e5rd & Fritid","url":"https:\/\/truusk.store\/sv\/","logo":{"@type":"ImageObject","inLanguage":"sv-SE","@id":"https:\/\/truusk.store\/sv\/#\/schema\/logo\/image\/","url":"https:\/\/i0.wp.com\/truusk.store\/wp-content\/uploads\/2026\/03\/cropped-TRUUSK.png?fit=2032%2C917&ssl=1","contentUrl":"https:\/\/i0.wp.com\/truusk.store\/wp-content\/uploads\/2026\/03\/cropped-TRUUSK.png?fit=2032%2C917&ssl=1","width":2032,"height":917,"caption":"TRUUSK - Hem, Tr\u00e4dg\u00e5rd & Fritid"},"image":{"@id":"https:\/\/truusk.store\/sv\/#\/schema\/logo\/image\/"}}]}},"jetpack_sharing_enabled":true,"_links":{"self":[{"href":"https:\/\/truusk.store\/sv\/wp-json\/wp\/v2\/product\/31495","targetHints":{"allow":["GET"]}}],"collection":[{"href":"https:\/\/truusk.store\/sv\/wp-json\/wp\/v2\/product"}],"about":[{"href":"https:\/\/truusk.store\/sv\/wp-json\/wp\/v2\/types\/product"}],"wp:featuredmedia":[{"embeddable":true,"href":"https:\/\/truusk.store\/sv\/wp-json\/wp\/v2\/media\/31496"}],"wp:attachment":[{"href":"https:\/\/truusk.store\/sv\/wp-json\/wp\/v2\/media?parent=31495"}],"wp:term":[{"taxonomy":"product_brand","embeddable":true,"href":"https:\/\/truusk.store\/sv\/wp-json\/wp\/v2\/product_brand?post=31495"},{"taxonomy":"product_cat","embeddable":true,"href":"https:\/\/truusk.store\/sv\/wp-json\/wp\/v2\/product_cat?post=31495"},{"taxonomy":"product_tag","embeddable":true,"href":"https:\/\/truusk.store\/sv\/wp-json\/wp\/v2\/product_tag?post=31495"}],"curies":[{"name":"wp","href":"https:\/\/api.w.org\/{rel}","templated":true}]}}