{"id":31521,"date":"2024-02-13T21:23:39","date_gmt":"2024-02-13T20:23:39","guid":{"rendered":"https:\/\/truusk.store\/product\/metallskjul-med-sadeltak-lasbara-dubbeldorrar-28-x-345-x-201m-gra\/"},"modified":"2026-03-12T09:09:36","modified_gmt":"2026-03-12T08:09:36","slug":"truusk-metallskjul-med-sadeltak-lasbara-dubbeldorrar-28-x-345-x-201m-gra","status":"publish","type":"product","link":"https:\/\/truusk.store\/sv\/produkt\/truusk-metallskjul-med-sadeltak-lasbara-dubbeldorrar-28-x-345-x-201m-gra\/","title":{"rendered":"TRUUSK Metallskjul med Sadeltak &#8211; L\u00e5sbara Dubbeld\u00f6rrar &#8211; 2,8 x 3,45 x 2,01m &#8211; Gr\u00e5"},"content":{"rendered":"<p>Tillf\u00f6r stil och funktionalitet till din fastighet med tr\u00e4dg\u00e5rdsskjulet. Det robusta metallskjulet, galvaniserat och v\u00e4derbest\u00e4ndigt, erbjuder inte bara gott om f\u00f6rvaringsutrymme, utan ocks\u00e5 p\u00e5litligt skydd f\u00f6r din v\u00e4rdefulla utrustning. Den l\u00e4ttillg\u00e4ngliga, behagliga ventilationen och de platsbesparande dubbla skjutd\u00f6rrarna g\u00f6r denna redskapsbod till det optimala valet f\u00f6r dina tr\u00e4dg\u00e5rdsbehov.<\/p>\n<h3>Beskrivning:<\/h3>\n<ul>\n<li>Korrugerad st\u00e5lbod, galvaniserad f\u00f6r extra styrka. Robust, h\u00e5llbar och resistent mot rost och korrosion<\/li>\n<li>Lutande tak f\u00f6r att f\u00f6rhindra vattenansamling<\/li>\n<li>Dubbel skjutd\u00f6rr f\u00f6r enkel \u00e5tkomst<\/li>\n<li>L\u00e5sbar d\u00f6rr till redskapsboden f\u00f6r s\u00e4kerhet, h\u00e4ngl\u00e5s kan l\u00e4ggas till (ing\u00e5r ej)<\/li>\n<li>Tv\u00e5 ventilations\u00f6ppningar f\u00f6r att h\u00e5lla interi\u00f6ren torr och fr\u00e4sch<\/li>\n<li>Observera att en foundation INTE ing\u00e5r<\/li>\n<li>Montering kr\u00e4vs<\/li>\n<\/ul>\n<h3>Teknisk data:<\/h3>\n<ul>\n<li>F\u00e4rg gr\u00e5<\/li>\n<li>Material: St\u00e5l<\/li>\n<li>\u00d6vergripande m\u00e5tt: 280L x 345W x 169\/201H cm<\/li>\n<li>Innerm\u00e5tt: 257W x 317D cm<\/li>\n<li>Basm\u00e5tt: 257W x 317D cm<\/li>\n<li>Travm\u00e5tt: 95W \u200b\u200b\u200b\u200bx 163,5H cm<\/li>\n<li>Ventilationsm\u00e5tt: 22,5W x 9,5H cm<\/li>\n<\/ul>\n<h3>Leveransens omfattning:<\/h3>\n<ul>\n<li>1 x Tr\u00e4dg\u00e5rdsbod<\/li>\n<li>1 x Instruktioner<\/li>\n<\/ul>\n","protected":false},"excerpt":{"rendered":"<p>Tillf\u00f6r stil och funktionalitet till din fastighet med tr\u00e4dg\u00e5rdsskjulet. Det robusta metallskjulet, galvaniserat och v\u00e4derbest\u00e4ndigt, erbjuder inte bara gott om&#8230;<\/p>\n","protected":false},"featured_media":31522,"template":"","meta":[],"product_brand":[],"product_cat":[436,438,435],"product_tag":[],"class_list":{"0":"post-31521","1":"product","2":"type-product","3":"status-publish","4":"has-post-thumbnail","6":"product_cat-bestall-i-tradgarden","7":"product_cat-redskapsbod","8":"product_cat-tradgard-och-terrass","10":"first","11":"instock","12":"sale","13":"taxable","14":"shipping-taxable","15":"purchasable","16":"product-type-simple"},"yoast_head":"<!-- This site is optimized with the Yoast SEO plugin v25.4 - https:\/\/yoast.com\/wordpress\/plugins\/seo\/ -->\n<title>TRUUSK Metallskjul med Sadeltak - L\u00e5sbara Dubbeld\u00f6rrar - 2,8 x 3,45 x 2,01m - Gr\u00e5 - TRUUSK - Hem, Tr\u00e4dg\u00e5rd &amp; Fritid<\/title>\n<meta name=\"robots\" content=\"index, follow, max-snippet:-1, max-image-preview:large, max-video-preview:-1\" \/>\n<link rel=\"canonical\" href=\"https:\/\/truusk.store\/sv\/produkt\/truusk-metallskjul-med-sadeltak-lasbara-dubbeldorrar-28-x-345-x-201m-gra\/\" \/>\n<meta property=\"og:locale\" content=\"sv_SE\" \/>\n<meta property=\"og:type\" content=\"article\" \/>\n<meta property=\"og:title\" content=\"TRUUSK Metallskjul med Sadeltak - L\u00e5sbara Dubbeld\u00f6rrar - 2,8 x 3,45 x 2,01m - Gr\u00e5 - TRUUSK - Hem, Tr\u00e4dg\u00e5rd &amp; Fritid\" \/>\n<meta property=\"og:description\" content=\"Tillf\u00f6r stil och funktionalitet till din fastighet med tr\u00e4dg\u00e5rdsskjulet. Det robusta metallskjulet, galvaniserat och v\u00e4derbest\u00e4ndigt, erbjuder inte bara gott om...\" \/>\n<meta property=\"og:url\" content=\"https:\/\/truusk.store\/sv\/produkt\/truusk-metallskjul-med-sadeltak-lasbara-dubbeldorrar-28-x-345-x-201m-gra\/\" \/>\n<meta property=\"og:site_name\" content=\"TRUUSK - Hem, Tr\u00e4dg\u00e5rd &amp; Fritid\" \/>\n<meta property=\"article:modified_time\" content=\"2026-03-12T08:09:36+00:00\" \/>\n<meta property=\"og:image\" content=\"https:\/\/i0.wp.com\/truusk.se\/wp-content\/uploads\/2024\/02\/metallskjul-med-sadeltak-lasbara-dubbeldorrar-28-x-345-x-201m-gra.webp?fit=800%2C800&ssl=1\" \/>\n\t<meta property=\"og:image:width\" content=\"800\" \/>\n\t<meta property=\"og:image:height\" content=\"800\" \/>\n\t<meta property=\"og:image:type\" content=\"image\/webp\" \/>\n<meta name=\"twitter:card\" content=\"summary_large_image\" \/>\n<meta name=\"twitter:label1\" content=\"Ber\u00e4knad l\u00e4stid\" \/>\n\t<meta name=\"twitter:data1\" content=\"1 minut\" \/>\n<!-- \/ Yoast SEO plugin. -->","yoast_head_json":{"title":"TRUUSK Metallskjul med Sadeltak - L\u00e5sbara Dubbeld\u00f6rrar - 2,8 x 3,45 x 2,01m - Gr\u00e5 - TRUUSK - Hem, Tr\u00e4dg\u00e5rd &amp; Fritid","robots":{"index":"index","follow":"follow","max-snippet":"max-snippet:-1","max-image-preview":"max-image-preview:large","max-video-preview":"max-video-preview:-1"},"canonical":"https:\/\/truusk.store\/sv\/produkt\/truusk-metallskjul-med-sadeltak-lasbara-dubbeldorrar-28-x-345-x-201m-gra\/","og_locale":"sv_SE","og_type":"article","og_title":"TRUUSK Metallskjul med Sadeltak - L\u00e5sbara Dubbeld\u00f6rrar - 2,8 x 3,45 x 2,01m - Gr\u00e5 - TRUUSK - Hem, Tr\u00e4dg\u00e5rd &amp; Fritid","og_description":"Tillf\u00f6r stil och funktionalitet till din fastighet med tr\u00e4dg\u00e5rdsskjulet. Det robusta metallskjulet, galvaniserat och v\u00e4derbest\u00e4ndigt, erbjuder inte bara gott om...","og_url":"https:\/\/truusk.store\/sv\/produkt\/truusk-metallskjul-med-sadeltak-lasbara-dubbeldorrar-28-x-345-x-201m-gra\/","og_site_name":"TRUUSK - Hem, Tr\u00e4dg\u00e5rd &amp; Fritid","article_modified_time":"2026-03-12T08:09:36+00:00","og_image":[{"width":800,"height":800,"url":"https:\/\/i0.wp.com\/truusk.se\/wp-content\/uploads\/2024\/02\/metallskjul-med-sadeltak-lasbara-dubbeldorrar-28-x-345-x-201m-gra.webp?fit=800%2C800&ssl=1","type":"image\/webp"}],"twitter_card":"summary_large_image","twitter_misc":{"Ber\u00e4knad l\u00e4stid":"1 minut"},"schema":{"@context":"https:\/\/schema.org","@graph":[{"@type":"WebPage","@id":"https:\/\/truusk.store\/sv\/produkt\/truusk-metallskjul-med-sadeltak-lasbara-dubbeldorrar-28-x-345-x-201m-gra\/","url":"https:\/\/truusk.store\/sv\/produkt\/truusk-metallskjul-med-sadeltak-lasbara-dubbeldorrar-28-x-345-x-201m-gra\/","name":"TRUUSK Metallskjul med Sadeltak - L\u00e5sbara Dubbeld\u00f6rrar - 2,8 x 3,45 x 2,01m - Gr\u00e5 - TRUUSK - Hem, Tr\u00e4dg\u00e5rd &amp; Fritid","isPartOf":{"@id":"https:\/\/truusk.store\/sv\/#website"},"primaryImageOfPage":{"@id":"https:\/\/truusk.store\/sv\/produkt\/truusk-metallskjul-med-sadeltak-lasbara-dubbeldorrar-28-x-345-x-201m-gra\/#primaryimage"},"image":{"@id":"https:\/\/truusk.store\/sv\/produkt\/truusk-metallskjul-med-sadeltak-lasbara-dubbeldorrar-28-x-345-x-201m-gra\/#primaryimage"},"thumbnailUrl":"https:\/\/i0.wp.com\/truusk.store\/wp-content\/uploads\/2024\/02\/metallskjul-med-sadeltak-lasbara-dubbeldorrar-28-x-345-x-201m-gra.webp?fit=800%2C800&ssl=1","datePublished":"2024-02-13T20:23:39+00:00","dateModified":"2026-03-12T08:09:36+00:00","breadcrumb":{"@id":"https:\/\/truusk.store\/sv\/produkt\/truusk-metallskjul-med-sadeltak-lasbara-dubbeldorrar-28-x-345-x-201m-gra\/#breadcrumb"},"inLanguage":"sv-SE","potentialAction":[{"@type":"ReadAction","target":["https:\/\/truusk.store\/sv\/produkt\/truusk-metallskjul-med-sadeltak-lasbara-dubbeldorrar-28-x-345-x-201m-gra\/"]}]},{"@type":"ImageObject","inLanguage":"sv-SE","@id":"https:\/\/truusk.store\/sv\/produkt\/truusk-metallskjul-med-sadeltak-lasbara-dubbeldorrar-28-x-345-x-201m-gra\/#primaryimage","url":"https:\/\/i0.wp.com\/truusk.store\/wp-content\/uploads\/2024\/02\/metallskjul-med-sadeltak-lasbara-dubbeldorrar-28-x-345-x-201m-gra.webp?fit=800%2C800&ssl=1","contentUrl":"https:\/\/i0.wp.com\/truusk.store\/wp-content\/uploads\/2024\/02\/metallskjul-med-sadeltak-lasbara-dubbeldorrar-28-x-345-x-201m-gra.webp?fit=800%2C800&ssl=1","width":800,"height":800,"caption":"Metallskjul Med Sadeltak, L\u00e5sbara Dubbeld\u00f6rrar, 2,8 X 3,45 X 2,01m Gr\u00e5 1"},{"@type":"BreadcrumbList","@id":"https:\/\/truusk.store\/sv\/produkt\/truusk-metallskjul-med-sadeltak-lasbara-dubbeldorrar-28-x-345-x-201m-gra\/#breadcrumb","itemListElement":[{"@type":"ListItem","position":1,"name":"Home","item":"https:\/\/truusk.store\/sv\/"},{"@type":"ListItem","position":2,"name":"Shop","item":"https:\/\/truusk.store\/shop\/"},{"@type":"ListItem","position":3,"name":"TRUUSK Metallskjul med Sadeltak &#8211; L\u00e5sbara Dubbeld\u00f6rrar &#8211; 2,8 x 3,45 x 2,01m &#8211; Gr\u00e5"}]},{"@type":"WebSite","@id":"https:\/\/truusk.store\/sv\/#website","url":"https:\/\/truusk.store\/sv\/","name":"TRUUSK - Hem, Tr\u00e4dg\u00e5rd & Fritid","description":"","publisher":{"@id":"https:\/\/truusk.store\/sv\/#organization"},"potentialAction":[{"@type":"SearchAction","target":{"@type":"EntryPoint","urlTemplate":"https:\/\/truusk.store\/sv\/?s={search_term_string}"},"query-input":{"@type":"PropertyValueSpecification","valueRequired":true,"valueName":"search_term_string"}}],"inLanguage":"sv-SE"},{"@type":"Organization","@id":"https:\/\/truusk.store\/sv\/#organization","name":"TRUUSK - Hem, Tr\u00e4dg\u00e5rd & Fritid","url":"https:\/\/truusk.store\/sv\/","logo":{"@type":"ImageObject","inLanguage":"sv-SE","@id":"https:\/\/truusk.store\/sv\/#\/schema\/logo\/image\/","url":"https:\/\/i0.wp.com\/truusk.store\/wp-content\/uploads\/2026\/03\/cropped-TRUUSK.png?fit=2032%2C917&ssl=1","contentUrl":"https:\/\/i0.wp.com\/truusk.store\/wp-content\/uploads\/2026\/03\/cropped-TRUUSK.png?fit=2032%2C917&ssl=1","width":2032,"height":917,"caption":"TRUUSK - Hem, Tr\u00e4dg\u00e5rd & Fritid"},"image":{"@id":"https:\/\/truusk.store\/sv\/#\/schema\/logo\/image\/"}}]}},"jetpack_sharing_enabled":true,"_links":{"self":[{"href":"https:\/\/truusk.store\/sv\/wp-json\/wp\/v2\/product\/31521","targetHints":{"allow":["GET"]}}],"collection":[{"href":"https:\/\/truusk.store\/sv\/wp-json\/wp\/v2\/product"}],"about":[{"href":"https:\/\/truusk.store\/sv\/wp-json\/wp\/v2\/types\/product"}],"wp:featuredmedia":[{"embeddable":true,"href":"https:\/\/truusk.store\/sv\/wp-json\/wp\/v2\/media\/31522"}],"wp:attachment":[{"href":"https:\/\/truusk.store\/sv\/wp-json\/wp\/v2\/media?parent=31521"}],"wp:term":[{"taxonomy":"product_brand","embeddable":true,"href":"https:\/\/truusk.store\/sv\/wp-json\/wp\/v2\/product_brand?post=31521"},{"taxonomy":"product_cat","embeddable":true,"href":"https:\/\/truusk.store\/sv\/wp-json\/wp\/v2\/product_cat?post=31521"},{"taxonomy":"product_tag","embeddable":true,"href":"https:\/\/truusk.store\/sv\/wp-json\/wp\/v2\/product_tag?post=31521"}],"curies":[{"name":"wp","href":"https:\/\/api.w.org\/{rel}","templated":true}]}}