{"id":31542,"date":"2024-02-13T21:24:35","date_gmt":"2024-02-13T20:24:35","guid":{"rendered":"https:\/\/truusk.store\/product\/rund-spegel-med-led-belysning-tidsvisning-minnesfunktion-guld-silver\/"},"modified":"2026-03-12T09:10:09","modified_gmt":"2026-03-12T08:10:09","slug":"truusk-rund-spegel-med-led-belysning-tidsvisning-minnesfunktion-guld-silver","status":"publish","type":"product","link":"https:\/\/truusk.store\/sv\/produkt\/truusk-rund-spegel-med-led-belysning-tidsvisning-minnesfunktion-guld-silver\/","title":{"rendered":"TRUUSK Rund Spegel Med LED-belysning &#8211; Tidsvisning &#8211; Minnesfunktion &#8211; Guld + Silver"},"content":{"rendered":"<p>Denna eleganta badrumsspegel ser inte bara bra ut, utan g\u00f6r ocks\u00e5 din dagliga personliga v\u00e5rd enklare. Touch-omkopplaren f\u00f6rst\u00e4rker spegelns sofistikerade utseende och g\u00f6r det lika enkelt att lysa upp ditt badrum som att kn\u00e4ppa med fingrarna. Du kan ocks\u00e5 justera ljusintensiteten, f\u00e4rgtemperaturen och tiden genom att helt enkelt trycka p\u00e5 den. Den kan \u00e4ven anv\u00e4ndas som sminkspegel med belysning.<\/p>\n<h3>Beskrivning:<\/h3>\n<ul>\n<li>Justering av ljusstyrkan och 3 ljusf\u00e4rger att v\u00e4lja mellan, inklusive varmvit, vit, kallvit<\/li>\n<li>Minnesfunktionen kan spara din senaste inst\u00e4llning f\u00f6r att \u00f6ka bekv\u00e4mligheten<\/li>\n<li>Praktisk tidsvisning f\u00f6r mer bekv\u00e4mlighet<\/li>\n<li>Modern rund design \u00e4r perfekt f\u00f6r att applicera smink eller rakning i badrummet, sovrummet, entr\u00e9n<\/li>\n<li>Spegeln kan f\u00e4stas p\u00e5 v\u00e4ggen f\u00f6r att spara utrymme<\/li>\n<li>Den l\u00e5nga livsl\u00e4ngden p\u00e5 50 000 timmar garanterar l\u00e5ng drift<\/li>\n<li>IP44 st\u00e4nks\u00e4ker och d\u00e4rf\u00f6r l\u00e4mplig f\u00f6r badrummet<\/li>\n<li>Montering kr\u00e4vs, fast<\/li>\n<\/ul>\n<h3>Teknisk data:<\/h3>\n<ul>\n<li>F\u00e4rg guld<\/li>\n<li>Material: aluminiumlegering, spegelglas<\/li>\n<li>\u00d6vergripande m\u00e5tt: 60 x 4H cm<\/li>\n<li>N\u00e4tsladdl\u00e4ngd: 1,2 m<\/li>\n<li>Insp\u00e4nning: 230V\/50Hz<\/li>\n<li>Effekt: 28W<\/li>\n<li>F\u00e4rgtemperatur: 3000-6500K<\/li>\n<li>Lumen: 2100Lm<\/li>\n<li>IP-skyddsklass: IP44<\/li>\n<\/ul>\n<h3>Leveransens omfattning:<\/h3>\n<ul>\n<li>1 x Badrumsspegel<\/li>\n<li>1 x manuell<\/li>\n<li>skruvar<\/li>\n<\/ul>\n","protected":false},"excerpt":{"rendered":"<p>Denna eleganta badrumsspegel ser inte bara bra ut, utan g\u00f6r ocks\u00e5 din dagliga personliga v\u00e5rd enklare. Touch-omkopplaren f\u00f6rst\u00e4rker spegelns sofistikerade&#8230;<\/p>\n","protected":false},"featured_media":31543,"template":"","meta":[],"product_brand":[],"product_cat":[489,491,485],"product_tag":[],"class_list":{"0":"post-31542","1":"product","2":"type-product","3":"status-publish","4":"has-post-thumbnail","6":"product_cat-badrum-sanitar","7":"product_cat-badrumsspeglar-spegelskap","8":"product_cat-hus-bo","10":"first","11":"instock","12":"sale","13":"taxable","14":"shipping-taxable","15":"purchasable","16":"product-type-simple"},"yoast_head":"<!-- This site is optimized with the Yoast SEO plugin v25.4 - https:\/\/yoast.com\/wordpress\/plugins\/seo\/ -->\n<title>TRUUSK Rund Spegel Med LED-belysning - Tidsvisning - Minnesfunktion - Guld + Silver - TRUUSK - Hem, Tr\u00e4dg\u00e5rd &amp; Fritid<\/title>\n<meta name=\"robots\" content=\"index, follow, max-snippet:-1, max-image-preview:large, max-video-preview:-1\" \/>\n<link rel=\"canonical\" href=\"https:\/\/truusk.store\/sv\/produkt\/truusk-rund-spegel-med-led-belysning-tidsvisning-minnesfunktion-guld-silver\/\" \/>\n<meta property=\"og:locale\" content=\"sv_SE\" \/>\n<meta property=\"og:type\" content=\"article\" \/>\n<meta property=\"og:title\" content=\"TRUUSK Rund Spegel Med LED-belysning - Tidsvisning - Minnesfunktion - Guld + Silver - TRUUSK - Hem, Tr\u00e4dg\u00e5rd &amp; Fritid\" \/>\n<meta property=\"og:description\" content=\"Denna eleganta badrumsspegel ser inte bara bra ut, utan g\u00f6r ocks\u00e5 din dagliga personliga v\u00e5rd enklare. Touch-omkopplaren f\u00f6rst\u00e4rker spegelns sofistikerade...\" \/>\n<meta property=\"og:url\" content=\"https:\/\/truusk.store\/sv\/produkt\/truusk-rund-spegel-med-led-belysning-tidsvisning-minnesfunktion-guld-silver\/\" \/>\n<meta property=\"og:site_name\" content=\"TRUUSK - Hem, Tr\u00e4dg\u00e5rd &amp; Fritid\" \/>\n<meta property=\"article:modified_time\" content=\"2026-03-12T08:10:09+00:00\" \/>\n<meta property=\"og:image\" content=\"https:\/\/i0.wp.com\/truusk.se\/wp-content\/uploads\/2024\/02\/rund-spegel-med-led-belysning-tidsvisning-minnesfunktion-guld-silver.webp?fit=800%2C800&ssl=1\" \/>\n\t<meta property=\"og:image:width\" content=\"800\" \/>\n\t<meta property=\"og:image:height\" content=\"800\" \/>\n\t<meta property=\"og:image:type\" content=\"image\/webp\" \/>\n<meta name=\"twitter:card\" content=\"summary_large_image\" \/>\n<meta name=\"twitter:label1\" content=\"Ber\u00e4knad l\u00e4stid\" \/>\n\t<meta name=\"twitter:data1\" content=\"1 minut\" \/>\n<!-- \/ Yoast SEO plugin. -->","yoast_head_json":{"title":"TRUUSK Rund Spegel Med LED-belysning - Tidsvisning - Minnesfunktion - Guld + Silver - TRUUSK - Hem, Tr\u00e4dg\u00e5rd &amp; Fritid","robots":{"index":"index","follow":"follow","max-snippet":"max-snippet:-1","max-image-preview":"max-image-preview:large","max-video-preview":"max-video-preview:-1"},"canonical":"https:\/\/truusk.store\/sv\/produkt\/truusk-rund-spegel-med-led-belysning-tidsvisning-minnesfunktion-guld-silver\/","og_locale":"sv_SE","og_type":"article","og_title":"TRUUSK Rund Spegel Med LED-belysning - Tidsvisning - Minnesfunktion - Guld + Silver - TRUUSK - Hem, Tr\u00e4dg\u00e5rd &amp; Fritid","og_description":"Denna eleganta badrumsspegel ser inte bara bra ut, utan g\u00f6r ocks\u00e5 din dagliga personliga v\u00e5rd enklare. Touch-omkopplaren f\u00f6rst\u00e4rker spegelns sofistikerade...","og_url":"https:\/\/truusk.store\/sv\/produkt\/truusk-rund-spegel-med-led-belysning-tidsvisning-minnesfunktion-guld-silver\/","og_site_name":"TRUUSK - Hem, Tr\u00e4dg\u00e5rd &amp; Fritid","article_modified_time":"2026-03-12T08:10:09+00:00","og_image":[{"width":800,"height":800,"url":"https:\/\/i0.wp.com\/truusk.se\/wp-content\/uploads\/2024\/02\/rund-spegel-med-led-belysning-tidsvisning-minnesfunktion-guld-silver.webp?fit=800%2C800&ssl=1","type":"image\/webp"}],"twitter_card":"summary_large_image","twitter_misc":{"Ber\u00e4knad l\u00e4stid":"1 minut"},"schema":{"@context":"https:\/\/schema.org","@graph":[{"@type":"WebPage","@id":"https:\/\/truusk.store\/sv\/produkt\/truusk-rund-spegel-med-led-belysning-tidsvisning-minnesfunktion-guld-silver\/","url":"https:\/\/truusk.store\/sv\/produkt\/truusk-rund-spegel-med-led-belysning-tidsvisning-minnesfunktion-guld-silver\/","name":"TRUUSK Rund Spegel Med LED-belysning - Tidsvisning - Minnesfunktion - Guld + Silver - TRUUSK - Hem, Tr\u00e4dg\u00e5rd &amp; Fritid","isPartOf":{"@id":"https:\/\/truusk.store\/sv\/#website"},"primaryImageOfPage":{"@id":"https:\/\/truusk.store\/sv\/produkt\/truusk-rund-spegel-med-led-belysning-tidsvisning-minnesfunktion-guld-silver\/#primaryimage"},"image":{"@id":"https:\/\/truusk.store\/sv\/produkt\/truusk-rund-spegel-med-led-belysning-tidsvisning-minnesfunktion-guld-silver\/#primaryimage"},"thumbnailUrl":"https:\/\/i0.wp.com\/truusk.store\/wp-content\/uploads\/2024\/02\/rund-spegel-med-led-belysning-tidsvisning-minnesfunktion-guld-silver.webp?fit=800%2C800&ssl=1","datePublished":"2024-02-13T20:24:35+00:00","dateModified":"2026-03-12T08:10:09+00:00","breadcrumb":{"@id":"https:\/\/truusk.store\/sv\/produkt\/truusk-rund-spegel-med-led-belysning-tidsvisning-minnesfunktion-guld-silver\/#breadcrumb"},"inLanguage":"sv-SE","potentialAction":[{"@type":"ReadAction","target":["https:\/\/truusk.store\/sv\/produkt\/truusk-rund-spegel-med-led-belysning-tidsvisning-minnesfunktion-guld-silver\/"]}]},{"@type":"ImageObject","inLanguage":"sv-SE","@id":"https:\/\/truusk.store\/sv\/produkt\/truusk-rund-spegel-med-led-belysning-tidsvisning-minnesfunktion-guld-silver\/#primaryimage","url":"https:\/\/i0.wp.com\/truusk.store\/wp-content\/uploads\/2024\/02\/rund-spegel-med-led-belysning-tidsvisning-minnesfunktion-guld-silver.webp?fit=800%2C800&ssl=1","contentUrl":"https:\/\/i0.wp.com\/truusk.store\/wp-content\/uploads\/2024\/02\/rund-spegel-med-led-belysning-tidsvisning-minnesfunktion-guld-silver.webp?fit=800%2C800&ssl=1","width":800,"height":800,"caption":"Rund Spegel Med LED-belysning, Tidsvisning, Minnesfunktion, Guld + Silver 1"},{"@type":"BreadcrumbList","@id":"https:\/\/truusk.store\/sv\/produkt\/truusk-rund-spegel-med-led-belysning-tidsvisning-minnesfunktion-guld-silver\/#breadcrumb","itemListElement":[{"@type":"ListItem","position":1,"name":"Home","item":"https:\/\/truusk.store\/sv\/"},{"@type":"ListItem","position":2,"name":"Shop","item":"https:\/\/truusk.store\/shop\/"},{"@type":"ListItem","position":3,"name":"TRUUSK Rund Spegel Med LED-belysning &#8211; Tidsvisning &#8211; Minnesfunktion &#8211; Guld + Silver"}]},{"@type":"WebSite","@id":"https:\/\/truusk.store\/sv\/#website","url":"https:\/\/truusk.store\/sv\/","name":"TRUUSK - Hem, Tr\u00e4dg\u00e5rd & Fritid","description":"","publisher":{"@id":"https:\/\/truusk.store\/sv\/#organization"},"potentialAction":[{"@type":"SearchAction","target":{"@type":"EntryPoint","urlTemplate":"https:\/\/truusk.store\/sv\/?s={search_term_string}"},"query-input":{"@type":"PropertyValueSpecification","valueRequired":true,"valueName":"search_term_string"}}],"inLanguage":"sv-SE"},{"@type":"Organization","@id":"https:\/\/truusk.store\/sv\/#organization","name":"TRUUSK - Hem, Tr\u00e4dg\u00e5rd & Fritid","url":"https:\/\/truusk.store\/sv\/","logo":{"@type":"ImageObject","inLanguage":"sv-SE","@id":"https:\/\/truusk.store\/sv\/#\/schema\/logo\/image\/","url":"https:\/\/i0.wp.com\/truusk.store\/wp-content\/uploads\/2026\/03\/cropped-TRUUSK.png?fit=2032%2C917&ssl=1","contentUrl":"https:\/\/i0.wp.com\/truusk.store\/wp-content\/uploads\/2026\/03\/cropped-TRUUSK.png?fit=2032%2C917&ssl=1","width":2032,"height":917,"caption":"TRUUSK - Hem, Tr\u00e4dg\u00e5rd & Fritid"},"image":{"@id":"https:\/\/truusk.store\/sv\/#\/schema\/logo\/image\/"}}]}},"jetpack_sharing_enabled":true,"_links":{"self":[{"href":"https:\/\/truusk.store\/sv\/wp-json\/wp\/v2\/product\/31542","targetHints":{"allow":["GET"]}}],"collection":[{"href":"https:\/\/truusk.store\/sv\/wp-json\/wp\/v2\/product"}],"about":[{"href":"https:\/\/truusk.store\/sv\/wp-json\/wp\/v2\/types\/product"}],"wp:featuredmedia":[{"embeddable":true,"href":"https:\/\/truusk.store\/sv\/wp-json\/wp\/v2\/media\/31543"}],"wp:attachment":[{"href":"https:\/\/truusk.store\/sv\/wp-json\/wp\/v2\/media?parent=31542"}],"wp:term":[{"taxonomy":"product_brand","embeddable":true,"href":"https:\/\/truusk.store\/sv\/wp-json\/wp\/v2\/product_brand?post=31542"},{"taxonomy":"product_cat","embeddable":true,"href":"https:\/\/truusk.store\/sv\/wp-json\/wp\/v2\/product_cat?post=31542"},{"taxonomy":"product_tag","embeddable":true,"href":"https:\/\/truusk.store\/sv\/wp-json\/wp\/v2\/product_tag?post=31542"}],"curies":[{"name":"wp","href":"https:\/\/api.w.org\/{rel}","templated":true}]}}