{"id":31563,"date":"2024-02-13T21:25:15","date_gmt":"2024-02-13T20:25:15","guid":{"rendered":"https:\/\/truusk.store\/product\/rund-vaggspegel-for-badrum-sovrum-hall-metallram-farg-guld-50-cm\/"},"modified":"2026-03-12T09:10:09","modified_gmt":"2026-03-12T08:10:09","slug":"truusk-rund-vaggspegel-metallram-i-guld-50-cm-for-badrum-sovrum-hall","status":"publish","type":"product","link":"https:\/\/truusk.store\/sv\/produkt\/truusk-rund-vaggspegel-metallram-i-guld-50-cm-for-badrum-sovrum-hall\/","title":{"rendered":"TRUUSK Rund V\u00e4ggspegel &#8211; Metallram i Guld &#8211; 50 cm &#8211; F\u00f6r Badrum, Sovrum, Hall"},"content":{"rendered":"<p>F\u00f6rdjupa vilket rum som helst i en touch av tidl\u00f6s stil och elegans med denna fantastiska v\u00e4ggspegel. Med sin felfria yta \u00e4r denna badrumsspegel ett blickf\u00e5ng och en oers\u00e4ttlig hj\u00e4lpreda p\u00e5 samma g\u00e5ng. Tack vare sin opretenti\u00f6sa, runda form och den robusta aluminiumramen kommer den p\u00e5 ett tillf\u00f6rlitligt s\u00e4tt att f\u00f6lja med dig i varje hygien- och sminkrutin. Att f\u00e4sta det \u00e4r ocks\u00e5 otroligt enkelt: tv\u00e5 krokar p\u00e5 baksidan h\u00e5ller spegeln s\u00e4kert p\u00e5 vilken v\u00e4gg som helst.<\/p>\n<h3>Beskrivning:<\/h3>\n<ul>\n<li>Tidl\u00f6s, elegant design, perfekt f\u00f6r smink, rakning och mycket mer. m.<\/li>\n<li>Ram av aluminiumlegering f\u00f6r stabilitet och tillf\u00f6rlitlighet<\/li>\n<li>Praktisk v\u00e4ggmontering<\/li>\n<li>Tv\u00e5 krokar p\u00e5 baksidan f\u00f6r enkel montering<\/li>\n<li>Montering kr\u00e4vs<\/li>\n<\/ul>\n<h3>Teknisk data:<\/h3>\n<ul>\n<li>F\u00e4rg: Guld+Silver<\/li>\n<li>Material: aluminiumlegering, glas<\/li>\n<li>Totala m\u00e5tt: 50 x 2T cm<\/li>\n<li>Spegeltjocklek: 5 mm<\/li>\n<\/ul>\n<h3>Leveransens omfattning:<\/h3>\n<ul>\n<li>1 x Badrumsspegel<\/li>\n<li>1 x manuell<\/li>\n<\/ul>\n","protected":false},"excerpt":{"rendered":"<p>F\u00f6rdjupa vilket rum som helst i en touch av tidl\u00f6s stil och elegans med denna fantastiska v\u00e4ggspegel. Med sin felfria&#8230;<\/p>\n","protected":false},"featured_media":31564,"template":"","meta":[],"product_brand":[],"product_cat":[489,491,485],"product_tag":[],"class_list":{"0":"post-31563","1":"product","2":"type-product","3":"status-publish","4":"has-post-thumbnail","6":"product_cat-badrum-sanitar","7":"product_cat-badrumsspeglar-spegelskap","8":"product_cat-hus-bo","10":"first","11":"instock","12":"sale","13":"taxable","14":"shipping-taxable","15":"purchasable","16":"product-type-simple"},"yoast_head":"<!-- This site is optimized with the Yoast SEO plugin v25.4 - https:\/\/yoast.com\/wordpress\/plugins\/seo\/ -->\n<title>TRUUSK Rund V\u00e4ggspegel - Metallram i Guld - 50 cm - F\u00f6r Badrum, Sovrum, Hall - TRUUSK - Hem, Tr\u00e4dg\u00e5rd &amp; Fritid<\/title>\n<meta name=\"robots\" content=\"index, follow, max-snippet:-1, max-image-preview:large, max-video-preview:-1\" \/>\n<link rel=\"canonical\" href=\"https:\/\/truusk.store\/sv\/produkt\/truusk-rund-vaggspegel-metallram-i-guld-50-cm-for-badrum-sovrum-hall\/\" \/>\n<meta property=\"og:locale\" content=\"sv_SE\" \/>\n<meta property=\"og:type\" content=\"article\" \/>\n<meta property=\"og:title\" content=\"TRUUSK Rund V\u00e4ggspegel - Metallram i Guld - 50 cm - F\u00f6r Badrum, Sovrum, Hall - TRUUSK - Hem, Tr\u00e4dg\u00e5rd &amp; Fritid\" \/>\n<meta property=\"og:description\" content=\"F\u00f6rdjupa vilket rum som helst i en touch av tidl\u00f6s stil och elegans med denna fantastiska v\u00e4ggspegel. Med sin felfria...\" \/>\n<meta property=\"og:url\" content=\"https:\/\/truusk.store\/sv\/produkt\/truusk-rund-vaggspegel-metallram-i-guld-50-cm-for-badrum-sovrum-hall\/\" \/>\n<meta property=\"og:site_name\" content=\"TRUUSK - Hem, Tr\u00e4dg\u00e5rd &amp; Fritid\" \/>\n<meta property=\"article:modified_time\" content=\"2026-03-12T08:10:09+00:00\" \/>\n<meta property=\"og:image\" content=\"https:\/\/i0.wp.com\/truusk.se\/wp-content\/uploads\/2024\/02\/rund-vaggspegel-for-badrum-sovrum-hall-metallram-farg-guld-50-cm.webp?fit=800%2C800&ssl=1\" \/>\n\t<meta property=\"og:image:width\" content=\"800\" \/>\n\t<meta property=\"og:image:height\" content=\"800\" \/>\n\t<meta property=\"og:image:type\" content=\"image\/webp\" \/>\n<meta name=\"twitter:card\" content=\"summary_large_image\" \/>\n<meta name=\"twitter:label1\" content=\"Ber\u00e4knad l\u00e4stid\" \/>\n\t<meta name=\"twitter:data1\" content=\"1 minut\" \/>\n<!-- \/ Yoast SEO plugin. -->","yoast_head_json":{"title":"TRUUSK Rund V\u00e4ggspegel - Metallram i Guld - 50 cm - F\u00f6r Badrum, Sovrum, Hall - TRUUSK - Hem, Tr\u00e4dg\u00e5rd &amp; Fritid","robots":{"index":"index","follow":"follow","max-snippet":"max-snippet:-1","max-image-preview":"max-image-preview:large","max-video-preview":"max-video-preview:-1"},"canonical":"https:\/\/truusk.store\/sv\/produkt\/truusk-rund-vaggspegel-metallram-i-guld-50-cm-for-badrum-sovrum-hall\/","og_locale":"sv_SE","og_type":"article","og_title":"TRUUSK Rund V\u00e4ggspegel - Metallram i Guld - 50 cm - F\u00f6r Badrum, Sovrum, Hall - TRUUSK - Hem, Tr\u00e4dg\u00e5rd &amp; Fritid","og_description":"F\u00f6rdjupa vilket rum som helst i en touch av tidl\u00f6s stil och elegans med denna fantastiska v\u00e4ggspegel. Med sin felfria...","og_url":"https:\/\/truusk.store\/sv\/produkt\/truusk-rund-vaggspegel-metallram-i-guld-50-cm-for-badrum-sovrum-hall\/","og_site_name":"TRUUSK - Hem, Tr\u00e4dg\u00e5rd &amp; Fritid","article_modified_time":"2026-03-12T08:10:09+00:00","og_image":[{"width":800,"height":800,"url":"https:\/\/i0.wp.com\/truusk.se\/wp-content\/uploads\/2024\/02\/rund-vaggspegel-for-badrum-sovrum-hall-metallram-farg-guld-50-cm.webp?fit=800%2C800&ssl=1","type":"image\/webp"}],"twitter_card":"summary_large_image","twitter_misc":{"Ber\u00e4knad l\u00e4stid":"1 minut"},"schema":{"@context":"https:\/\/schema.org","@graph":[{"@type":"WebPage","@id":"https:\/\/truusk.store\/sv\/produkt\/truusk-rund-vaggspegel-metallram-i-guld-50-cm-for-badrum-sovrum-hall\/","url":"https:\/\/truusk.store\/sv\/produkt\/truusk-rund-vaggspegel-metallram-i-guld-50-cm-for-badrum-sovrum-hall\/","name":"TRUUSK Rund V\u00e4ggspegel - Metallram i Guld - 50 cm - F\u00f6r Badrum, Sovrum, Hall - TRUUSK - Hem, Tr\u00e4dg\u00e5rd &amp; Fritid","isPartOf":{"@id":"https:\/\/truusk.store\/sv\/#website"},"primaryImageOfPage":{"@id":"https:\/\/truusk.store\/sv\/produkt\/truusk-rund-vaggspegel-metallram-i-guld-50-cm-for-badrum-sovrum-hall\/#primaryimage"},"image":{"@id":"https:\/\/truusk.store\/sv\/produkt\/truusk-rund-vaggspegel-metallram-i-guld-50-cm-for-badrum-sovrum-hall\/#primaryimage"},"thumbnailUrl":"https:\/\/i0.wp.com\/truusk.store\/wp-content\/uploads\/2024\/02\/rund-vaggspegel-for-badrum-sovrum-hall-metallram-farg-guld-50-cm.webp?fit=800%2C800&ssl=1","datePublished":"2024-02-13T20:25:15+00:00","dateModified":"2026-03-12T08:10:09+00:00","breadcrumb":{"@id":"https:\/\/truusk.store\/sv\/produkt\/truusk-rund-vaggspegel-metallram-i-guld-50-cm-for-badrum-sovrum-hall\/#breadcrumb"},"inLanguage":"sv-SE","potentialAction":[{"@type":"ReadAction","target":["https:\/\/truusk.store\/sv\/produkt\/truusk-rund-vaggspegel-metallram-i-guld-50-cm-for-badrum-sovrum-hall\/"]}]},{"@type":"ImageObject","inLanguage":"sv-SE","@id":"https:\/\/truusk.store\/sv\/produkt\/truusk-rund-vaggspegel-metallram-i-guld-50-cm-for-badrum-sovrum-hall\/#primaryimage","url":"https:\/\/i0.wp.com\/truusk.store\/wp-content\/uploads\/2024\/02\/rund-vaggspegel-for-badrum-sovrum-hall-metallram-farg-guld-50-cm.webp?fit=800%2C800&ssl=1","contentUrl":"https:\/\/i0.wp.com\/truusk.store\/wp-content\/uploads\/2024\/02\/rund-vaggspegel-for-badrum-sovrum-hall-metallram-farg-guld-50-cm.webp?fit=800%2C800&ssl=1","width":800,"height":800,"caption":"Rund V\u00e4ggspegel F\u00f6r Badrum, Sovrum, Hall, Metallram, F\u00e4rg: Guld, 50 Cm 1"},{"@type":"BreadcrumbList","@id":"https:\/\/truusk.store\/sv\/produkt\/truusk-rund-vaggspegel-metallram-i-guld-50-cm-for-badrum-sovrum-hall\/#breadcrumb","itemListElement":[{"@type":"ListItem","position":1,"name":"Home","item":"https:\/\/truusk.store\/sv\/"},{"@type":"ListItem","position":2,"name":"Shop","item":"https:\/\/truusk.store\/shop\/"},{"@type":"ListItem","position":3,"name":"TRUUSK Rund V\u00e4ggspegel &#8211; Metallram i Guld &#8211; 50 cm &#8211; F\u00f6r Badrum, Sovrum, Hall"}]},{"@type":"WebSite","@id":"https:\/\/truusk.store\/sv\/#website","url":"https:\/\/truusk.store\/sv\/","name":"TRUUSK - Hem, Tr\u00e4dg\u00e5rd & Fritid","description":"","publisher":{"@id":"https:\/\/truusk.store\/sv\/#organization"},"potentialAction":[{"@type":"SearchAction","target":{"@type":"EntryPoint","urlTemplate":"https:\/\/truusk.store\/sv\/?s={search_term_string}"},"query-input":{"@type":"PropertyValueSpecification","valueRequired":true,"valueName":"search_term_string"}}],"inLanguage":"sv-SE"},{"@type":"Organization","@id":"https:\/\/truusk.store\/sv\/#organization","name":"TRUUSK - Hem, Tr\u00e4dg\u00e5rd & Fritid","url":"https:\/\/truusk.store\/sv\/","logo":{"@type":"ImageObject","inLanguage":"sv-SE","@id":"https:\/\/truusk.store\/sv\/#\/schema\/logo\/image\/","url":"https:\/\/i0.wp.com\/truusk.store\/wp-content\/uploads\/2026\/03\/cropped-TRUUSK.png?fit=2032%2C917&ssl=1","contentUrl":"https:\/\/i0.wp.com\/truusk.store\/wp-content\/uploads\/2026\/03\/cropped-TRUUSK.png?fit=2032%2C917&ssl=1","width":2032,"height":917,"caption":"TRUUSK - Hem, Tr\u00e4dg\u00e5rd & Fritid"},"image":{"@id":"https:\/\/truusk.store\/sv\/#\/schema\/logo\/image\/"}}]}},"jetpack_sharing_enabled":true,"_links":{"self":[{"href":"https:\/\/truusk.store\/sv\/wp-json\/wp\/v2\/product\/31563","targetHints":{"allow":["GET"]}}],"collection":[{"href":"https:\/\/truusk.store\/sv\/wp-json\/wp\/v2\/product"}],"about":[{"href":"https:\/\/truusk.store\/sv\/wp-json\/wp\/v2\/types\/product"}],"wp:featuredmedia":[{"embeddable":true,"href":"https:\/\/truusk.store\/sv\/wp-json\/wp\/v2\/media\/31564"}],"wp:attachment":[{"href":"https:\/\/truusk.store\/sv\/wp-json\/wp\/v2\/media?parent=31563"}],"wp:term":[{"taxonomy":"product_brand","embeddable":true,"href":"https:\/\/truusk.store\/sv\/wp-json\/wp\/v2\/product_brand?post=31563"},{"taxonomy":"product_cat","embeddable":true,"href":"https:\/\/truusk.store\/sv\/wp-json\/wp\/v2\/product_cat?post=31563"},{"taxonomy":"product_tag","embeddable":true,"href":"https:\/\/truusk.store\/sv\/wp-json\/wp\/v2\/product_tag?post=31563"}],"curies":[{"name":"wp","href":"https:\/\/api.w.org\/{rel}","templated":true}]}}