{"id":31574,"date":"2024-02-13T21:25:35","date_gmt":"2024-02-13T20:25:35","guid":{"rendered":"https:\/\/truusk.store\/product\/tyngdbank-med-hantelstall-brostpress-benpress-armstod-for-biceps-curls-stal-svartvit\/"},"modified":"2026-03-12T09:10:09","modified_gmt":"2026-03-12T08:10:09","slug":"truusk-tyngdbank-med-hantelstall-brostpress-benpress-armstod-for-biceps-curls-stal-svartvit","status":"publish","type":"product","link":"https:\/\/truusk.store\/sv\/produkt\/truusk-tyngdbank-med-hantelstall-brostpress-benpress-armstod-for-biceps-curls-stal-svartvit\/","title":{"rendered":"TRUUSK Tyngdb\u00e4nk Med Hantelst\u00e4ll &#8211; Br\u00f6stpress &#8211; Benpress &#8211; Armst\u00f6d F\u00f6r Biceps Curls &#8211; St\u00e5l &#8211; Svart+vit"},"content":{"rendered":"<p>Med denna otroliga multifunktions viktb\u00e4nk beh\u00f6ver du inte l\u00e4ngre ett gym! St\u00e4rk effektivt dina armar, ben och br\u00f6stkorg under b\u00e4nkpress, br\u00f6stpress, benpress och bicepcurl. Det praktiska, h\u00f6j- och s\u00e4nkbara hantelst\u00e4llet samt den gener\u00f6sa stoppningen av liggytan och armst\u00f6det s\u00e4kerst\u00e4ller skonsam, s\u00e4ker och bekv\u00e4m tr\u00e4ning som i ett professionellt fitnesscenter. Sist men inte minst ger den robusta st\u00e5lramen ett kompromissl\u00f6st st\u00f6d.<\/p>\n<h3>Beskrivning:<\/h3>\n<ul>\n<li>Sex-niv\u00e5er justerbart hantelst\u00e4ll och fyra niv\u00e5er justerbart, vadderat armst\u00f6d<\/li>\n<li>Bekv\u00e4m viktb\u00e4nk med trestegs justerbar lutning<\/li>\n<li>Sits och rygg vaddering f\u00f6r h\u00f6g komfort<\/li>\n<li>Stabila h\u00e5llare f\u00f6r f\u00f6rvaring av viktskivor<\/li>\n<li>Kompromissl\u00f6s stabilitet tack vare den solida st\u00e5lramen<\/li>\n<li>Montering kr\u00e4vs. Viktskivor ing\u00e5r ej<\/li>\n<\/ul>\n<h3>Teknisk data:<\/h3>\n<ul>\n<li>F\u00e4rg: Svart+Vit<\/li>\n<li>Material: st\u00e5l, konstl\u00e4der<\/li>\n<li>\u00d6vergripande m\u00e5tt: 180L x 134W x 113-136H cm<\/li>\n<li>Ryggst\u00f6dsm\u00e5tt: 76L x 25W cm<\/li>\n<li>M\u00e5tt sits: 32L x 30W cm<\/li>\n<li>H\u00f6jd p\u00e5 hantelst\u00e4ll: 107,5-130 cm<\/li>\n<li>Bredd hantelst\u00e4ll: 60 cm<\/li>\n<li>M\u00e5tt armst\u00f6d: 45L x 30W x 46-61H cm<\/li>\n<li>Lastkapacitet: b\u00e4nk: 150 kg, hantelst\u00e4ll: 100 kg, ben-\/br\u00f6stpress: 25 kg<\/li>\n<\/ul>\n<h3>Leveransens omfattning:<\/h3>\n<ul>\n<li>1 x viktb\u00e4nk<\/li>\n<li>1 x Instruktioner<\/li>\n<\/ul>\n","protected":false},"excerpt":{"rendered":"<p>Med denna otroliga multifunktions viktb\u00e4nk beh\u00f6ver du inte l\u00e4ngre ett gym! St\u00e4rk effektivt dina armar, ben och br\u00f6stkorg under b\u00e4nkpress,&#8230;<\/p>\n","protected":false},"featured_media":31575,"template":"","meta":[],"product_brand":[],"product_cat":[661,647,665],"product_tag":[],"class_list":{"0":"post-31574","1":"product","2":"type-product","3":"status-publish","4":"has-post-thumbnail","6":"product_cat-kondition-styrketraning","7":"product_cat-sport-fritid","8":"product_cat-styrketraning","10":"first","11":"instock","12":"sale","13":"taxable","14":"shipping-taxable","15":"purchasable","16":"product-type-simple"},"yoast_head":"<!-- This site is optimized with the Yoast SEO plugin v25.4 - https:\/\/yoast.com\/wordpress\/plugins\/seo\/ -->\n<title>TRUUSK Tyngdb\u00e4nk Med Hantelst\u00e4ll - Br\u00f6stpress - Benpress - Armst\u00f6d F\u00f6r Biceps Curls - St\u00e5l - Svart+vit - TRUUSK - Hem, Tr\u00e4dg\u00e5rd &amp; Fritid<\/title>\n<meta name=\"robots\" content=\"index, follow, max-snippet:-1, max-image-preview:large, max-video-preview:-1\" \/>\n<link rel=\"canonical\" href=\"https:\/\/truusk.store\/sv\/produkt\/truusk-tyngdbank-med-hantelstall-brostpress-benpress-armstod-for-biceps-curls-stal-svartvit\/\" \/>\n<meta property=\"og:locale\" content=\"sv_SE\" \/>\n<meta property=\"og:type\" content=\"article\" \/>\n<meta property=\"og:title\" content=\"TRUUSK Tyngdb\u00e4nk Med Hantelst\u00e4ll - Br\u00f6stpress - Benpress - Armst\u00f6d F\u00f6r Biceps Curls - St\u00e5l - Svart+vit - TRUUSK - Hem, Tr\u00e4dg\u00e5rd &amp; Fritid\" \/>\n<meta property=\"og:description\" content=\"Med denna otroliga multifunktions viktb\u00e4nk beh\u00f6ver du inte l\u00e4ngre ett gym! St\u00e4rk effektivt dina armar, ben och br\u00f6stkorg under b\u00e4nkpress,...\" \/>\n<meta property=\"og:url\" content=\"https:\/\/truusk.store\/sv\/produkt\/truusk-tyngdbank-med-hantelstall-brostpress-benpress-armstod-for-biceps-curls-stal-svartvit\/\" \/>\n<meta property=\"og:site_name\" content=\"TRUUSK - Hem, Tr\u00e4dg\u00e5rd &amp; Fritid\" \/>\n<meta property=\"article:modified_time\" content=\"2026-03-12T08:10:09+00:00\" \/>\n<meta property=\"og:image\" content=\"https:\/\/i0.wp.com\/truusk.se\/wp-content\/uploads\/2024\/02\/tyngdbank-med-hantelstall-brostpress-benpress-armstod-for-biceps-curls-stal-svartvit.webp?fit=800%2C800&ssl=1\" \/>\n\t<meta property=\"og:image:width\" content=\"800\" \/>\n\t<meta property=\"og:image:height\" content=\"800\" \/>\n\t<meta property=\"og:image:type\" content=\"image\/webp\" \/>\n<meta name=\"twitter:card\" content=\"summary_large_image\" \/>\n<meta name=\"twitter:label1\" content=\"Ber\u00e4knad l\u00e4stid\" \/>\n\t<meta name=\"twitter:data1\" content=\"1 minut\" \/>\n<!-- \/ Yoast SEO plugin. -->","yoast_head_json":{"title":"TRUUSK Tyngdb\u00e4nk Med Hantelst\u00e4ll - Br\u00f6stpress - Benpress - Armst\u00f6d F\u00f6r Biceps Curls - St\u00e5l - Svart+vit - TRUUSK - Hem, Tr\u00e4dg\u00e5rd &amp; Fritid","robots":{"index":"index","follow":"follow","max-snippet":"max-snippet:-1","max-image-preview":"max-image-preview:large","max-video-preview":"max-video-preview:-1"},"canonical":"https:\/\/truusk.store\/sv\/produkt\/truusk-tyngdbank-med-hantelstall-brostpress-benpress-armstod-for-biceps-curls-stal-svartvit\/","og_locale":"sv_SE","og_type":"article","og_title":"TRUUSK Tyngdb\u00e4nk Med Hantelst\u00e4ll - Br\u00f6stpress - Benpress - Armst\u00f6d F\u00f6r Biceps Curls - St\u00e5l - Svart+vit - TRUUSK - Hem, Tr\u00e4dg\u00e5rd &amp; Fritid","og_description":"Med denna otroliga multifunktions viktb\u00e4nk beh\u00f6ver du inte l\u00e4ngre ett gym! St\u00e4rk effektivt dina armar, ben och br\u00f6stkorg under b\u00e4nkpress,...","og_url":"https:\/\/truusk.store\/sv\/produkt\/truusk-tyngdbank-med-hantelstall-brostpress-benpress-armstod-for-biceps-curls-stal-svartvit\/","og_site_name":"TRUUSK - Hem, Tr\u00e4dg\u00e5rd &amp; Fritid","article_modified_time":"2026-03-12T08:10:09+00:00","og_image":[{"width":800,"height":800,"url":"https:\/\/i0.wp.com\/truusk.se\/wp-content\/uploads\/2024\/02\/tyngdbank-med-hantelstall-brostpress-benpress-armstod-for-biceps-curls-stal-svartvit.webp?fit=800%2C800&ssl=1","type":"image\/webp"}],"twitter_card":"summary_large_image","twitter_misc":{"Ber\u00e4knad l\u00e4stid":"1 minut"},"schema":{"@context":"https:\/\/schema.org","@graph":[{"@type":"WebPage","@id":"https:\/\/truusk.store\/sv\/produkt\/truusk-tyngdbank-med-hantelstall-brostpress-benpress-armstod-for-biceps-curls-stal-svartvit\/","url":"https:\/\/truusk.store\/sv\/produkt\/truusk-tyngdbank-med-hantelstall-brostpress-benpress-armstod-for-biceps-curls-stal-svartvit\/","name":"TRUUSK Tyngdb\u00e4nk Med Hantelst\u00e4ll - Br\u00f6stpress - Benpress - Armst\u00f6d F\u00f6r Biceps Curls - St\u00e5l - Svart+vit - TRUUSK - Hem, Tr\u00e4dg\u00e5rd &amp; Fritid","isPartOf":{"@id":"https:\/\/truusk.store\/sv\/#website"},"primaryImageOfPage":{"@id":"https:\/\/truusk.store\/sv\/produkt\/truusk-tyngdbank-med-hantelstall-brostpress-benpress-armstod-for-biceps-curls-stal-svartvit\/#primaryimage"},"image":{"@id":"https:\/\/truusk.store\/sv\/produkt\/truusk-tyngdbank-med-hantelstall-brostpress-benpress-armstod-for-biceps-curls-stal-svartvit\/#primaryimage"},"thumbnailUrl":"https:\/\/i0.wp.com\/truusk.store\/wp-content\/uploads\/2024\/02\/tyngdbank-med-hantelstall-brostpress-benpress-armstod-for-biceps-curls-stal-svartvit.webp?fit=800%2C800&ssl=1","datePublished":"2024-02-13T20:25:35+00:00","dateModified":"2026-03-12T08:10:09+00:00","breadcrumb":{"@id":"https:\/\/truusk.store\/sv\/produkt\/truusk-tyngdbank-med-hantelstall-brostpress-benpress-armstod-for-biceps-curls-stal-svartvit\/#breadcrumb"},"inLanguage":"sv-SE","potentialAction":[{"@type":"ReadAction","target":["https:\/\/truusk.store\/sv\/produkt\/truusk-tyngdbank-med-hantelstall-brostpress-benpress-armstod-for-biceps-curls-stal-svartvit\/"]}]},{"@type":"ImageObject","inLanguage":"sv-SE","@id":"https:\/\/truusk.store\/sv\/produkt\/truusk-tyngdbank-med-hantelstall-brostpress-benpress-armstod-for-biceps-curls-stal-svartvit\/#primaryimage","url":"https:\/\/i0.wp.com\/truusk.store\/wp-content\/uploads\/2024\/02\/tyngdbank-med-hantelstall-brostpress-benpress-armstod-for-biceps-curls-stal-svartvit.webp?fit=800%2C800&ssl=1","contentUrl":"https:\/\/i0.wp.com\/truusk.store\/wp-content\/uploads\/2024\/02\/tyngdbank-med-hantelstall-brostpress-benpress-armstod-for-biceps-curls-stal-svartvit.webp?fit=800%2C800&ssl=1","width":800,"height":800,"caption":"Tyngdb\u00e4nk Med Hantelst\u00e4ll, Br\u00f6stpress, Benpress, Armst\u00f6d F\u00f6r Biceps Curls, St\u00e5l, Svart+vit 1"},{"@type":"BreadcrumbList","@id":"https:\/\/truusk.store\/sv\/produkt\/truusk-tyngdbank-med-hantelstall-brostpress-benpress-armstod-for-biceps-curls-stal-svartvit\/#breadcrumb","itemListElement":[{"@type":"ListItem","position":1,"name":"Home","item":"https:\/\/truusk.store\/sv\/"},{"@type":"ListItem","position":2,"name":"Shop","item":"https:\/\/truusk.store\/shop\/"},{"@type":"ListItem","position":3,"name":"TRUUSK Tyngdb\u00e4nk Med Hantelst\u00e4ll &#8211; Br\u00f6stpress &#8211; Benpress &#8211; Armst\u00f6d F\u00f6r Biceps Curls &#8211; St\u00e5l &#8211; Svart+vit"}]},{"@type":"WebSite","@id":"https:\/\/truusk.store\/sv\/#website","url":"https:\/\/truusk.store\/sv\/","name":"TRUUSK - Hem, Tr\u00e4dg\u00e5rd & Fritid","description":"","publisher":{"@id":"https:\/\/truusk.store\/sv\/#organization"},"potentialAction":[{"@type":"SearchAction","target":{"@type":"EntryPoint","urlTemplate":"https:\/\/truusk.store\/sv\/?s={search_term_string}"},"query-input":{"@type":"PropertyValueSpecification","valueRequired":true,"valueName":"search_term_string"}}],"inLanguage":"sv-SE"},{"@type":"Organization","@id":"https:\/\/truusk.store\/sv\/#organization","name":"TRUUSK - Hem, Tr\u00e4dg\u00e5rd & Fritid","url":"https:\/\/truusk.store\/sv\/","logo":{"@type":"ImageObject","inLanguage":"sv-SE","@id":"https:\/\/truusk.store\/sv\/#\/schema\/logo\/image\/","url":"https:\/\/i0.wp.com\/truusk.store\/wp-content\/uploads\/2026\/03\/cropped-TRUUSK.png?fit=2032%2C917&ssl=1","contentUrl":"https:\/\/i0.wp.com\/truusk.store\/wp-content\/uploads\/2026\/03\/cropped-TRUUSK.png?fit=2032%2C917&ssl=1","width":2032,"height":917,"caption":"TRUUSK - Hem, Tr\u00e4dg\u00e5rd & Fritid"},"image":{"@id":"https:\/\/truusk.store\/sv\/#\/schema\/logo\/image\/"}}]}},"jetpack_sharing_enabled":true,"_links":{"self":[{"href":"https:\/\/truusk.store\/sv\/wp-json\/wp\/v2\/product\/31574","targetHints":{"allow":["GET"]}}],"collection":[{"href":"https:\/\/truusk.store\/sv\/wp-json\/wp\/v2\/product"}],"about":[{"href":"https:\/\/truusk.store\/sv\/wp-json\/wp\/v2\/types\/product"}],"wp:featuredmedia":[{"embeddable":true,"href":"https:\/\/truusk.store\/sv\/wp-json\/wp\/v2\/media\/31575"}],"wp:attachment":[{"href":"https:\/\/truusk.store\/sv\/wp-json\/wp\/v2\/media?parent=31574"}],"wp:term":[{"taxonomy":"product_brand","embeddable":true,"href":"https:\/\/truusk.store\/sv\/wp-json\/wp\/v2\/product_brand?post=31574"},{"taxonomy":"product_cat","embeddable":true,"href":"https:\/\/truusk.store\/sv\/wp-json\/wp\/v2\/product_cat?post=31574"},{"taxonomy":"product_tag","embeddable":true,"href":"https:\/\/truusk.store\/sv\/wp-json\/wp\/v2\/product_tag?post=31574"}],"curies":[{"name":"wp","href":"https:\/\/api.w.org\/{rel}","templated":true}]}}