{"id":31618,"date":"2024-02-13T21:26:50","date_gmt":"2024-02-13T20:26:50","guid":{"rendered":"https:\/\/truusk.store\/product\/tradgardsskap-med-2-fack-bankskiva-i-metall-med-ryggstank-naturligt-tra-83-x-40-x-92-cm\/"},"modified":"2026-03-12T09:10:10","modified_gmt":"2026-03-12T08:10:10","slug":"truusk-tradgardsskap-med-2-fack-metallbankskiva-med-ryggstank-naturligt-tra-83-x-40-x-92-cm","status":"publish","type":"product","link":"https:\/\/truusk.store\/sv\/produkt\/truusk-tradgardsskap-med-2-fack-metallbankskiva-med-ryggstank-naturligt-tra-83-x-40-x-92-cm\/","title":{"rendered":"TRUUSK Tr\u00e4dg\u00e5rdssk\u00e5p med 2 fack &#8211; Metallb\u00e4nkskiva med ryggst\u00e4nk &#8211; Naturligt tr\u00e4 &#8211; 83 x 40 x 92 cm"},"content":{"rendered":"<p>Om du vill h\u00e5lla dina tr\u00e4dg\u00e5rdsredskap snygga och organiserade \u00e4r detta tr\u00e4dg\u00e5rdssk\u00e5p perfekt f\u00f6r dig. Tr\u00e4sk\u00e5pet med tv\u00e5 praktiska hyllor och ett f\u00f6rvaringsutrymme erbjuder gott om plats f\u00f6r f\u00f6rvaring av ett brett utbud av redskap och tr\u00e4dg\u00e5rdsredskap. F\u00e5 din tr\u00e4dg\u00e5rd mer organiserad genom att ta med dig detta praktiska f\u00f6rvaringsalternativ hem.<\/p>\n<h3>Beskrivning:<\/h3>\n<ul>\n<li>2 innerfack och en b\u00e4nkskiva av galvaniserat j\u00e4rn<\/li>\n<li>Massivt grantr\u00e4 med lackbel\u00e4ggning skyddar mot v\u00e4der och vind och s\u00e4kerst\u00e4ller l\u00e5ng livsl\u00e4ngd<\/li>\n<li>B\u00e4nkskiva med uppst\u00e4llning s\u00e5 att inget faller ner<\/li>\n<li>Upph\u00f6jd design h\u00e5ller jordfuktigheten ute<\/li>\n<li>Dubbla d\u00f6rrar f\u00f6r enkel \u00e5tkomst till sk\u00e5pets insida<\/li>\n<li>Montering kr\u00e4vs<\/li>\n<\/ul>\n<h3>Teknisk data:<\/h3>\n<ul>\n<li>F\u00e4rg: Naturlig<\/li>\n<li>Material: grantr\u00e4<\/li>\n<li>\u00d6vergripande m\u00e5tt: 83W x 40D x 92H cm<\/li>\n<li>Bordsskivans m\u00e5tt: 80L x 38H cm<\/li>\n<li>M\u00e5tt p\u00e5 varje innerfack: 75,5W x 30D cm<\/li>\n<li>M\u00e5tt per lucka: 36,5 B x 68 H cm<\/li>\n<li>Lastkapacitet: 15 kg (hylla), 50 kg (bordsskiva)<\/li>\n<li>Sn\u00f6last: 20 kg\/m<\/li>\n<\/ul>\n<h3>Leveransens omfattning:<\/h3>\n<ul>\n<li>1 x Tr\u00e4dg\u00e5rdsf\u00f6rvaringssk\u00e5p<\/li>\n<li>1 x Instruktioner<\/li>\n<\/ul>\n","protected":false},"excerpt":{"rendered":"<p>Om du vill h\u00e5lla dina tr\u00e4dg\u00e5rdsredskap snygga och organiserade \u00e4r detta tr\u00e4dg\u00e5rdssk\u00e5p perfekt f\u00f6r dig. Tr\u00e4sk\u00e5pet med tv\u00e5 praktiska hyllor&#8230;<\/p>\n","protected":false},"featured_media":31619,"template":"","meta":[],"product_brand":[],"product_cat":[436,435,437],"product_tag":[],"class_list":{"0":"post-31618","1":"product","2":"type-product","3":"status-publish","4":"has-post-thumbnail","6":"product_cat-bestall-i-tradgarden","7":"product_cat-tradgard-och-terrass","8":"product_cat-tradgardsskap","10":"first","11":"instock","12":"sale","13":"taxable","14":"shipping-taxable","15":"purchasable","16":"product-type-simple"},"yoast_head":"<!-- This site is optimized with the Yoast SEO plugin v25.4 - https:\/\/yoast.com\/wordpress\/plugins\/seo\/ -->\n<title>TRUUSK Tr\u00e4dg\u00e5rdssk\u00e5p med 2 fack - Metallb\u00e4nkskiva med ryggst\u00e4nk - Naturligt tr\u00e4 - 83 x 40 x 92 cm - TRUUSK - Hem, Tr\u00e4dg\u00e5rd &amp; Fritid<\/title>\n<meta name=\"robots\" content=\"index, follow, max-snippet:-1, max-image-preview:large, max-video-preview:-1\" \/>\n<link rel=\"canonical\" href=\"https:\/\/truusk.store\/sv\/produkt\/truusk-tradgardsskap-med-2-fack-metallbankskiva-med-ryggstank-naturligt-tra-83-x-40-x-92-cm\/\" \/>\n<meta property=\"og:locale\" content=\"sv_SE\" \/>\n<meta property=\"og:type\" content=\"article\" \/>\n<meta property=\"og:title\" content=\"TRUUSK Tr\u00e4dg\u00e5rdssk\u00e5p med 2 fack - Metallb\u00e4nkskiva med ryggst\u00e4nk - Naturligt tr\u00e4 - 83 x 40 x 92 cm - TRUUSK - Hem, Tr\u00e4dg\u00e5rd &amp; Fritid\" \/>\n<meta property=\"og:description\" content=\"Om du vill h\u00e5lla dina tr\u00e4dg\u00e5rdsredskap snygga och organiserade \u00e4r detta tr\u00e4dg\u00e5rdssk\u00e5p perfekt f\u00f6r dig. Tr\u00e4sk\u00e5pet med tv\u00e5 praktiska hyllor...\" \/>\n<meta property=\"og:url\" content=\"https:\/\/truusk.store\/sv\/produkt\/truusk-tradgardsskap-med-2-fack-metallbankskiva-med-ryggstank-naturligt-tra-83-x-40-x-92-cm\/\" \/>\n<meta property=\"og:site_name\" content=\"TRUUSK - Hem, Tr\u00e4dg\u00e5rd &amp; Fritid\" \/>\n<meta property=\"article:modified_time\" content=\"2026-03-12T08:10:10+00:00\" \/>\n<meta property=\"og:image\" content=\"https:\/\/i0.wp.com\/truusk.se\/wp-content\/uploads\/2024\/02\/tradgardsskap-med-2-fack-bankskiva-i-metall-med-ryggstank-naturligt-tra-83-x-40-x-92-cm.webp?fit=800%2C800&ssl=1\" \/>\n\t<meta property=\"og:image:width\" content=\"800\" \/>\n\t<meta property=\"og:image:height\" content=\"800\" \/>\n\t<meta property=\"og:image:type\" content=\"image\/webp\" \/>\n<meta name=\"twitter:card\" content=\"summary_large_image\" \/>\n<meta name=\"twitter:label1\" content=\"Ber\u00e4knad l\u00e4stid\" \/>\n\t<meta name=\"twitter:data1\" content=\"1 minut\" \/>\n<!-- \/ Yoast SEO plugin. -->","yoast_head_json":{"title":"TRUUSK Tr\u00e4dg\u00e5rdssk\u00e5p med 2 fack - Metallb\u00e4nkskiva med ryggst\u00e4nk - Naturligt tr\u00e4 - 83 x 40 x 92 cm - TRUUSK - Hem, Tr\u00e4dg\u00e5rd &amp; Fritid","robots":{"index":"index","follow":"follow","max-snippet":"max-snippet:-1","max-image-preview":"max-image-preview:large","max-video-preview":"max-video-preview:-1"},"canonical":"https:\/\/truusk.store\/sv\/produkt\/truusk-tradgardsskap-med-2-fack-metallbankskiva-med-ryggstank-naturligt-tra-83-x-40-x-92-cm\/","og_locale":"sv_SE","og_type":"article","og_title":"TRUUSK Tr\u00e4dg\u00e5rdssk\u00e5p med 2 fack - Metallb\u00e4nkskiva med ryggst\u00e4nk - Naturligt tr\u00e4 - 83 x 40 x 92 cm - TRUUSK - Hem, Tr\u00e4dg\u00e5rd &amp; Fritid","og_description":"Om du vill h\u00e5lla dina tr\u00e4dg\u00e5rdsredskap snygga och organiserade \u00e4r detta tr\u00e4dg\u00e5rdssk\u00e5p perfekt f\u00f6r dig. Tr\u00e4sk\u00e5pet med tv\u00e5 praktiska hyllor...","og_url":"https:\/\/truusk.store\/sv\/produkt\/truusk-tradgardsskap-med-2-fack-metallbankskiva-med-ryggstank-naturligt-tra-83-x-40-x-92-cm\/","og_site_name":"TRUUSK - Hem, Tr\u00e4dg\u00e5rd &amp; Fritid","article_modified_time":"2026-03-12T08:10:10+00:00","og_image":[{"width":800,"height":800,"url":"https:\/\/i0.wp.com\/truusk.se\/wp-content\/uploads\/2024\/02\/tradgardsskap-med-2-fack-bankskiva-i-metall-med-ryggstank-naturligt-tra-83-x-40-x-92-cm.webp?fit=800%2C800&ssl=1","type":"image\/webp"}],"twitter_card":"summary_large_image","twitter_misc":{"Ber\u00e4knad l\u00e4stid":"1 minut"},"schema":{"@context":"https:\/\/schema.org","@graph":[{"@type":"WebPage","@id":"https:\/\/truusk.store\/sv\/produkt\/truusk-tradgardsskap-med-2-fack-metallbankskiva-med-ryggstank-naturligt-tra-83-x-40-x-92-cm\/","url":"https:\/\/truusk.store\/sv\/produkt\/truusk-tradgardsskap-med-2-fack-metallbankskiva-med-ryggstank-naturligt-tra-83-x-40-x-92-cm\/","name":"TRUUSK Tr\u00e4dg\u00e5rdssk\u00e5p med 2 fack - Metallb\u00e4nkskiva med ryggst\u00e4nk - Naturligt tr\u00e4 - 83 x 40 x 92 cm - TRUUSK - Hem, Tr\u00e4dg\u00e5rd &amp; Fritid","isPartOf":{"@id":"https:\/\/truusk.store\/sv\/#website"},"primaryImageOfPage":{"@id":"https:\/\/truusk.store\/sv\/produkt\/truusk-tradgardsskap-med-2-fack-metallbankskiva-med-ryggstank-naturligt-tra-83-x-40-x-92-cm\/#primaryimage"},"image":{"@id":"https:\/\/truusk.store\/sv\/produkt\/truusk-tradgardsskap-med-2-fack-metallbankskiva-med-ryggstank-naturligt-tra-83-x-40-x-92-cm\/#primaryimage"},"thumbnailUrl":"https:\/\/i0.wp.com\/truusk.store\/wp-content\/uploads\/2024\/02\/tradgardsskap-med-2-fack-bankskiva-i-metall-med-ryggstank-naturligt-tra-83-x-40-x-92-cm.webp?fit=800%2C800&ssl=1","datePublished":"2024-02-13T20:26:50+00:00","dateModified":"2026-03-12T08:10:10+00:00","breadcrumb":{"@id":"https:\/\/truusk.store\/sv\/produkt\/truusk-tradgardsskap-med-2-fack-metallbankskiva-med-ryggstank-naturligt-tra-83-x-40-x-92-cm\/#breadcrumb"},"inLanguage":"sv-SE","potentialAction":[{"@type":"ReadAction","target":["https:\/\/truusk.store\/sv\/produkt\/truusk-tradgardsskap-med-2-fack-metallbankskiva-med-ryggstank-naturligt-tra-83-x-40-x-92-cm\/"]}]},{"@type":"ImageObject","inLanguage":"sv-SE","@id":"https:\/\/truusk.store\/sv\/produkt\/truusk-tradgardsskap-med-2-fack-metallbankskiva-med-ryggstank-naturligt-tra-83-x-40-x-92-cm\/#primaryimage","url":"https:\/\/i0.wp.com\/truusk.store\/wp-content\/uploads\/2024\/02\/tradgardsskap-med-2-fack-bankskiva-i-metall-med-ryggstank-naturligt-tra-83-x-40-x-92-cm.webp?fit=800%2C800&ssl=1","contentUrl":"https:\/\/i0.wp.com\/truusk.store\/wp-content\/uploads\/2024\/02\/tradgardsskap-med-2-fack-bankskiva-i-metall-med-ryggstank-naturligt-tra-83-x-40-x-92-cm.webp?fit=800%2C800&ssl=1","width":800,"height":800,"caption":"Tr\u00e4dg\u00e5rdssk\u00e5p Med 2 Fack, B\u00e4nkskiva I Metall Med Ryggst\u00e4nk, Naturligt Tr\u00e4, 83 X 40 X 92 Cm 1"},{"@type":"BreadcrumbList","@id":"https:\/\/truusk.store\/sv\/produkt\/truusk-tradgardsskap-med-2-fack-metallbankskiva-med-ryggstank-naturligt-tra-83-x-40-x-92-cm\/#breadcrumb","itemListElement":[{"@type":"ListItem","position":1,"name":"Home","item":"https:\/\/truusk.store\/sv\/"},{"@type":"ListItem","position":2,"name":"Shop","item":"https:\/\/truusk.store\/shop\/"},{"@type":"ListItem","position":3,"name":"TRUUSK Tr\u00e4dg\u00e5rdssk\u00e5p med 2 fack &#8211; Metallb\u00e4nkskiva med ryggst\u00e4nk &#8211; Naturligt tr\u00e4 &#8211; 83 x 40 x 92 cm"}]},{"@type":"WebSite","@id":"https:\/\/truusk.store\/sv\/#website","url":"https:\/\/truusk.store\/sv\/","name":"TRUUSK - Hem, Tr\u00e4dg\u00e5rd & Fritid","description":"","publisher":{"@id":"https:\/\/truusk.store\/sv\/#organization"},"potentialAction":[{"@type":"SearchAction","target":{"@type":"EntryPoint","urlTemplate":"https:\/\/truusk.store\/sv\/?s={search_term_string}"},"query-input":{"@type":"PropertyValueSpecification","valueRequired":true,"valueName":"search_term_string"}}],"inLanguage":"sv-SE"},{"@type":"Organization","@id":"https:\/\/truusk.store\/sv\/#organization","name":"TRUUSK - Hem, Tr\u00e4dg\u00e5rd & Fritid","url":"https:\/\/truusk.store\/sv\/","logo":{"@type":"ImageObject","inLanguage":"sv-SE","@id":"https:\/\/truusk.store\/sv\/#\/schema\/logo\/image\/","url":"https:\/\/i0.wp.com\/truusk.store\/wp-content\/uploads\/2026\/03\/cropped-TRUUSK.png?fit=2032%2C917&ssl=1","contentUrl":"https:\/\/i0.wp.com\/truusk.store\/wp-content\/uploads\/2026\/03\/cropped-TRUUSK.png?fit=2032%2C917&ssl=1","width":2032,"height":917,"caption":"TRUUSK - Hem, Tr\u00e4dg\u00e5rd & Fritid"},"image":{"@id":"https:\/\/truusk.store\/sv\/#\/schema\/logo\/image\/"}}]}},"jetpack_sharing_enabled":true,"_links":{"self":[{"href":"https:\/\/truusk.store\/sv\/wp-json\/wp\/v2\/product\/31618","targetHints":{"allow":["GET"]}}],"collection":[{"href":"https:\/\/truusk.store\/sv\/wp-json\/wp\/v2\/product"}],"about":[{"href":"https:\/\/truusk.store\/sv\/wp-json\/wp\/v2\/types\/product"}],"wp:featuredmedia":[{"embeddable":true,"href":"https:\/\/truusk.store\/sv\/wp-json\/wp\/v2\/media\/31619"}],"wp:attachment":[{"href":"https:\/\/truusk.store\/sv\/wp-json\/wp\/v2\/media?parent=31618"}],"wp:term":[{"taxonomy":"product_brand","embeddable":true,"href":"https:\/\/truusk.store\/sv\/wp-json\/wp\/v2\/product_brand?post=31618"},{"taxonomy":"product_cat","embeddable":true,"href":"https:\/\/truusk.store\/sv\/wp-json\/wp\/v2\/product_cat?post=31618"},{"taxonomy":"product_tag","embeddable":true,"href":"https:\/\/truusk.store\/sv\/wp-json\/wp\/v2\/product_tag?post=31618"}],"curies":[{"name":"wp","href":"https:\/\/api.w.org\/{rel}","templated":true}]}}