{"id":31728,"date":"2024-02-13T21:30:29","date_gmt":"2024-02-13T20:30:29","guid":{"rendered":"https:\/\/truusk.store\/product\/hundgrind-trappgrind-180-cm-hog-hojdjusterbar-natur-svart\/"},"modified":"2026-03-12T09:10:10","modified_gmt":"2026-03-12T08:10:10","slug":"truusk-hundgrind-180-cm-hog-hojdjusterbar-natur-svart","status":"publish","type":"product","link":"https:\/\/truusk.store\/sv\/produkt\/truusk-hundgrind-180-cm-hog-hojdjusterbar-natur-svart\/","title":{"rendered":"TRUUSK Hundgrind &#8211; 180 cm h\u00f6g &#8211; H\u00f6jdjusterbar &#8211; Natur + Svart"},"content":{"rendered":"<p>H\u00e5ll dina husdjur borta fr\u00e5n o\u00f6nskade omr\u00e5den med denna bekv\u00e4ma inf\u00e4llbara hundgrind som du enkelt kan flytta f\u00f6r att s\u00e4kra olika rum i ditt hem. Anpassa flexibelt det justerbara staketet efter dina behov. Den str\u00e4cker sig upp till en meter bred, vilket \u00e4r l\u00e4ngre \u00e4n m\u00e5nga stegar, tornar upp sig \u00f6ver de h\u00f6gsta garderoberna och \u00e4r s\u00e5 h\u00f6g att de flesta tak inte kan n\u00e5s n\u00e4r de \u00e4r helt utdragna.<\/p>\n<h3>Beskrivning:<\/h3>\n<ul>\n<li>Str\u00e4cker sig \u00f6ver ett gener\u00f6st avst\u00e5nd p\u00e5 180 cm<\/li>\n<li>Stabil och fots\u00e4ker konstruktion med bra balans<\/li>\n<li>Utrymmesbesparande design f\u00f6r raka v\u00e4ggar, sparar upp till en meter utrymme<\/li>\n<li>Bepr\u00f6vad robust struktur f\u00f6r l\u00e5ngvarig anv\u00e4ndning<\/li>\n<li>Enkel montering kr\u00e4vs<\/li>\n<\/ul>\n<h3>Teknisk data:<\/h3>\n<ul>\n<li>F\u00e4rg: Naturlig<\/li>\n<li>Material: furu, st\u00e5l<\/li>\n<li>\u00d6vergripande m\u00e5tt: 104-183L x 36W x 69H cm<\/li>\n<li>Objektstorlek: 97,5 x 69H cm<\/li>\n<li>St\u00f6dfotens storlek: 36L x 9,5W x 1,8H cm<\/li>\n<\/ul>\n<h3>Leveransens omfattning:<\/h3>\n<ul>\n<li>1 x Hundport i tr\u00e4<\/li>\n<li>1 x manuell<\/li>\n<\/ul>\n","protected":false},"excerpt":{"rendered":"<p>H\u00e5ll dina husdjur borta fr\u00e5n o\u00f6nskade omr\u00e5den med denna bekv\u00e4ma inf\u00e4llbara hundgrind som du enkelt kan flytta f\u00f6r att s\u00e4kra&#8230;<\/p>\n","protected":false},"featured_media":31729,"template":"","meta":[],"product_brand":[],"product_cat":[577,574,573],"product_tag":[],"class_list":{"0":"post-31728","1":"product","2":"type-product","3":"status-publish","4":"has-post-thumbnail","6":"product_cat-hundgrindar-avdelare","7":"product_cat-hundtillbehor","8":"product_cat-husdjursmaterial","10":"first","11":"instock","12":"sale","13":"taxable","14":"shipping-taxable","15":"purchasable","16":"product-type-simple"},"yoast_head":"<!-- This site is optimized with the Yoast SEO plugin v25.4 - https:\/\/yoast.com\/wordpress\/plugins\/seo\/ -->\n<title>TRUUSK Hundgrind - 180 cm h\u00f6g - H\u00f6jdjusterbar - Natur + Svart - TRUUSK - Hem, Tr\u00e4dg\u00e5rd &amp; Fritid<\/title>\n<meta name=\"robots\" content=\"index, follow, max-snippet:-1, max-image-preview:large, max-video-preview:-1\" \/>\n<link rel=\"canonical\" href=\"https:\/\/truusk.store\/sv\/produkt\/truusk-hundgrind-180-cm-hog-hojdjusterbar-natur-svart\/\" \/>\n<meta property=\"og:locale\" content=\"sv_SE\" \/>\n<meta property=\"og:type\" content=\"article\" \/>\n<meta property=\"og:title\" content=\"TRUUSK Hundgrind - 180 cm h\u00f6g - H\u00f6jdjusterbar - Natur + Svart - TRUUSK - Hem, Tr\u00e4dg\u00e5rd &amp; Fritid\" \/>\n<meta property=\"og:description\" content=\"H\u00e5ll dina husdjur borta fr\u00e5n o\u00f6nskade omr\u00e5den med denna bekv\u00e4ma inf\u00e4llbara hundgrind som du enkelt kan flytta f\u00f6r att s\u00e4kra...\" \/>\n<meta property=\"og:url\" content=\"https:\/\/truusk.store\/sv\/produkt\/truusk-hundgrind-180-cm-hog-hojdjusterbar-natur-svart\/\" \/>\n<meta property=\"og:site_name\" content=\"TRUUSK - Hem, Tr\u00e4dg\u00e5rd &amp; Fritid\" \/>\n<meta property=\"article:modified_time\" content=\"2026-03-12T08:10:10+00:00\" \/>\n<meta property=\"og:image\" content=\"https:\/\/i0.wp.com\/truusk.se\/wp-content\/uploads\/2024\/02\/hundgrind-trappgrind-180-cm-hog-hojdjusterbar-natur-svart.webp?fit=800%2C800&ssl=1\" \/>\n\t<meta property=\"og:image:width\" content=\"800\" \/>\n\t<meta property=\"og:image:height\" content=\"800\" \/>\n\t<meta property=\"og:image:type\" content=\"image\/webp\" \/>\n<meta name=\"twitter:card\" content=\"summary_large_image\" \/>\n<meta name=\"twitter:label1\" content=\"Ber\u00e4knad l\u00e4stid\" \/>\n\t<meta name=\"twitter:data1\" content=\"1 minut\" \/>\n<!-- \/ Yoast SEO plugin. -->","yoast_head_json":{"title":"TRUUSK Hundgrind - 180 cm h\u00f6g - H\u00f6jdjusterbar - Natur + Svart - TRUUSK - Hem, Tr\u00e4dg\u00e5rd &amp; Fritid","robots":{"index":"index","follow":"follow","max-snippet":"max-snippet:-1","max-image-preview":"max-image-preview:large","max-video-preview":"max-video-preview:-1"},"canonical":"https:\/\/truusk.store\/sv\/produkt\/truusk-hundgrind-180-cm-hog-hojdjusterbar-natur-svart\/","og_locale":"sv_SE","og_type":"article","og_title":"TRUUSK Hundgrind - 180 cm h\u00f6g - H\u00f6jdjusterbar - Natur + Svart - TRUUSK - Hem, Tr\u00e4dg\u00e5rd &amp; Fritid","og_description":"H\u00e5ll dina husdjur borta fr\u00e5n o\u00f6nskade omr\u00e5den med denna bekv\u00e4ma inf\u00e4llbara hundgrind som du enkelt kan flytta f\u00f6r att s\u00e4kra...","og_url":"https:\/\/truusk.store\/sv\/produkt\/truusk-hundgrind-180-cm-hog-hojdjusterbar-natur-svart\/","og_site_name":"TRUUSK - Hem, Tr\u00e4dg\u00e5rd &amp; Fritid","article_modified_time":"2026-03-12T08:10:10+00:00","og_image":[{"width":800,"height":800,"url":"https:\/\/i0.wp.com\/truusk.se\/wp-content\/uploads\/2024\/02\/hundgrind-trappgrind-180-cm-hog-hojdjusterbar-natur-svart.webp?fit=800%2C800&ssl=1","type":"image\/webp"}],"twitter_card":"summary_large_image","twitter_misc":{"Ber\u00e4knad l\u00e4stid":"1 minut"},"schema":{"@context":"https:\/\/schema.org","@graph":[{"@type":"WebPage","@id":"https:\/\/truusk.store\/sv\/produkt\/truusk-hundgrind-180-cm-hog-hojdjusterbar-natur-svart\/","url":"https:\/\/truusk.store\/sv\/produkt\/truusk-hundgrind-180-cm-hog-hojdjusterbar-natur-svart\/","name":"TRUUSK Hundgrind - 180 cm h\u00f6g - H\u00f6jdjusterbar - Natur + Svart - TRUUSK - Hem, Tr\u00e4dg\u00e5rd &amp; Fritid","isPartOf":{"@id":"https:\/\/truusk.store\/sv\/#website"},"primaryImageOfPage":{"@id":"https:\/\/truusk.store\/sv\/produkt\/truusk-hundgrind-180-cm-hog-hojdjusterbar-natur-svart\/#primaryimage"},"image":{"@id":"https:\/\/truusk.store\/sv\/produkt\/truusk-hundgrind-180-cm-hog-hojdjusterbar-natur-svart\/#primaryimage"},"thumbnailUrl":"https:\/\/i0.wp.com\/truusk.store\/wp-content\/uploads\/2024\/02\/hundgrind-trappgrind-180-cm-hog-hojdjusterbar-natur-svart.webp?fit=800%2C800&ssl=1","datePublished":"2024-02-13T20:30:29+00:00","dateModified":"2026-03-12T08:10:10+00:00","breadcrumb":{"@id":"https:\/\/truusk.store\/sv\/produkt\/truusk-hundgrind-180-cm-hog-hojdjusterbar-natur-svart\/#breadcrumb"},"inLanguage":"sv-SE","potentialAction":[{"@type":"ReadAction","target":["https:\/\/truusk.store\/sv\/produkt\/truusk-hundgrind-180-cm-hog-hojdjusterbar-natur-svart\/"]}]},{"@type":"ImageObject","inLanguage":"sv-SE","@id":"https:\/\/truusk.store\/sv\/produkt\/truusk-hundgrind-180-cm-hog-hojdjusterbar-natur-svart\/#primaryimage","url":"https:\/\/i0.wp.com\/truusk.store\/wp-content\/uploads\/2024\/02\/hundgrind-trappgrind-180-cm-hog-hojdjusterbar-natur-svart.webp?fit=800%2C800&ssl=1","contentUrl":"https:\/\/i0.wp.com\/truusk.store\/wp-content\/uploads\/2024\/02\/hundgrind-trappgrind-180-cm-hog-hojdjusterbar-natur-svart.webp?fit=800%2C800&ssl=1","width":800,"height":800,"caption":"Hundgrind, Trappgrind, 180 Cm H\u00f6g, H\u00f6jdjusterbar, Natur + Svart 1"},{"@type":"BreadcrumbList","@id":"https:\/\/truusk.store\/sv\/produkt\/truusk-hundgrind-180-cm-hog-hojdjusterbar-natur-svart\/#breadcrumb","itemListElement":[{"@type":"ListItem","position":1,"name":"Home","item":"https:\/\/truusk.store\/sv\/"},{"@type":"ListItem","position":2,"name":"Shop","item":"https:\/\/truusk.store\/shop\/"},{"@type":"ListItem","position":3,"name":"TRUUSK Hundgrind &#8211; 180 cm h\u00f6g &#8211; H\u00f6jdjusterbar &#8211; Natur + Svart"}]},{"@type":"WebSite","@id":"https:\/\/truusk.store\/sv\/#website","url":"https:\/\/truusk.store\/sv\/","name":"TRUUSK - Hem, Tr\u00e4dg\u00e5rd & Fritid","description":"","publisher":{"@id":"https:\/\/truusk.store\/sv\/#organization"},"potentialAction":[{"@type":"SearchAction","target":{"@type":"EntryPoint","urlTemplate":"https:\/\/truusk.store\/sv\/?s={search_term_string}"},"query-input":{"@type":"PropertyValueSpecification","valueRequired":true,"valueName":"search_term_string"}}],"inLanguage":"sv-SE"},{"@type":"Organization","@id":"https:\/\/truusk.store\/sv\/#organization","name":"TRUUSK - Hem, Tr\u00e4dg\u00e5rd & Fritid","url":"https:\/\/truusk.store\/sv\/","logo":{"@type":"ImageObject","inLanguage":"sv-SE","@id":"https:\/\/truusk.store\/sv\/#\/schema\/logo\/image\/","url":"https:\/\/i0.wp.com\/truusk.store\/wp-content\/uploads\/2026\/03\/cropped-TRUUSK.png?fit=2032%2C917&ssl=1","contentUrl":"https:\/\/i0.wp.com\/truusk.store\/wp-content\/uploads\/2026\/03\/cropped-TRUUSK.png?fit=2032%2C917&ssl=1","width":2032,"height":917,"caption":"TRUUSK - Hem, Tr\u00e4dg\u00e5rd & Fritid"},"image":{"@id":"https:\/\/truusk.store\/sv\/#\/schema\/logo\/image\/"}}]}},"jetpack_sharing_enabled":true,"_links":{"self":[{"href":"https:\/\/truusk.store\/sv\/wp-json\/wp\/v2\/product\/31728","targetHints":{"allow":["GET"]}}],"collection":[{"href":"https:\/\/truusk.store\/sv\/wp-json\/wp\/v2\/product"}],"about":[{"href":"https:\/\/truusk.store\/sv\/wp-json\/wp\/v2\/types\/product"}],"wp:featuredmedia":[{"embeddable":true,"href":"https:\/\/truusk.store\/sv\/wp-json\/wp\/v2\/media\/31729"}],"wp:attachment":[{"href":"https:\/\/truusk.store\/sv\/wp-json\/wp\/v2\/media?parent=31728"}],"wp:term":[{"taxonomy":"product_brand","embeddable":true,"href":"https:\/\/truusk.store\/sv\/wp-json\/wp\/v2\/product_brand?post=31728"},{"taxonomy":"product_cat","embeddable":true,"href":"https:\/\/truusk.store\/sv\/wp-json\/wp\/v2\/product_cat?post=31728"},{"taxonomy":"product_tag","embeddable":true,"href":"https:\/\/truusk.store\/sv\/wp-json\/wp\/v2\/product_tag?post=31728"}],"curies":[{"name":"wp","href":"https:\/\/api.w.org\/{rel}","templated":true}]}}