{"id":31770,"date":"2024-02-13T21:31:46","date_gmt":"2024-02-13T20:31:46","guid":{"rendered":"https:\/\/truusk.store\/product\/fallbar-barriar-for-hundar-432-x-36-x-70cm-furusvart\/"},"modified":"2026-03-12T09:10:12","modified_gmt":"2026-03-12T08:10:12","slug":"truusk-fallbar-hundvagn-och-kattvagn-regnskydd-natoppningar-kudde-for-husdjur-upp-till-10-kg-morkgron","status":"publish","type":"product","link":"https:\/\/truusk.store\/sv\/produkt\/truusk-fallbar-hundvagn-och-kattvagn-regnskydd-natoppningar-kudde-for-husdjur-upp-till-10-kg-morkgron\/","title":{"rendered":"TRUUSK F\u00e4llbar Hundvagn och Kattvagn &#8211; Regnskydd &#8211; N\u00e4t\u00f6ppningar &#8211; Kudde &#8211; F\u00f6r Husdjur upp till 10 kg &#8211; M\u00f6rkgr\u00f6n"},"content":{"rendered":"<p>Denna tr\u00e4barri\u00e4r \u00e4r ett s\u00e4kert och effektivt s\u00e4tt att h\u00e5lla dina husdjur i ett omr\u00e5de samtidigt som den l\u00e4gger till en dekorativ touch till ditt hem. Med sex separata paneler f\u00e4sta med robusta g\u00e5ngj\u00e4rn, kan denna justerbara barri\u00e4r f\u00e4llas ner eller frist\u00e5ende. Breda st\u00f6d i \u00e4ndarna ger gott om balans. Den eleganta tr\u00e4barri\u00e4ren passar in i alla delar av ditt hem.<\/p>\n<h3>Beskrivning:<\/h3>\n<ul>\n<li>Tillverkad av furu och st\u00e5l<\/li>\n<li>Best\u00e5r av 6 paneler sammanfogade med kraftiga g\u00e5ngj\u00e4rn<\/li>\n<li>2 st\u00f6d ger utm\u00e4rkt stabilitet<\/li>\n<li>Flexibla anslutningar g\u00f6r att panelerna kan arrangeras i olika former<\/li>\n<li>L\u00e4mplig f\u00f6r stora \u00f6ppningar, foyer, sovrum och trapphus<\/li>\n<li>Bekv\u00e4m hopf\u00e4llbar, litet utrymmesbehov<\/li>\n<li>L\u00e4mplig f\u00f6r hundar med en axelh\u00f6jd p\u00e5 upp till 48 cm<\/li>\n<\/ul>\n<h3>Teknisk data:<\/h3>\n<ul>\n<li>Svart f\u00e4rg<\/li>\n<li>Material: furu, st\u00e5l<\/li>\n<li>Totala m\u00e5tt: 432L x 36W x 70H cm<\/li>\n<li>M\u00e5tt per panel: 70W x 70H cm<\/li>\n<li>Vikstorlek: 70L x 70H x 12D cm<\/li>\n<li>St\u00f6dfot: 36L x 9,5W x 2D cm<\/li>\n<li>Maskstorlek: 2,2 cm<\/li>\n<\/ul>\n<h3>Leveransens omfattning:<\/h3>\n<ul>\n<li>1 x bomgrind<\/li>\n<li>1 x Instruktioner<\/li>\n<\/ul>\n","protected":false},"excerpt":{"rendered":"<p>Denna tr\u00e4barri\u00e4r \u00e4r ett s\u00e4kert och effektivt s\u00e4tt att h\u00e5lla dina husdjur i ett omr\u00e5de samtidigt som den l\u00e4gger till&#8230;<\/p>\n","protected":false},"featured_media":31771,"template":"","meta":[],"product_brand":[],"product_cat":[577,574,573],"product_tag":[],"class_list":{"0":"post-31770","1":"product","2":"type-product","3":"status-publish","4":"has-post-thumbnail","6":"product_cat-hundgrindar-avdelare","7":"product_cat-hundtillbehor","8":"product_cat-husdjursmaterial","10":"first","11":"instock","12":"sale","13":"taxable","14":"shipping-taxable","15":"purchasable","16":"product-type-simple"},"yoast_head":"<!-- This site is optimized with the Yoast SEO plugin v25.4 - https:\/\/yoast.com\/wordpress\/plugins\/seo\/ -->\n<title>TRUUSK F\u00e4llbar Hundvagn och Kattvagn - Regnskydd - N\u00e4t\u00f6ppningar - Kudde - F\u00f6r Husdjur upp till 10 kg - M\u00f6rkgr\u00f6n - TRUUSK - Hem, Tr\u00e4dg\u00e5rd &amp; Fritid<\/title>\n<meta name=\"robots\" content=\"index, follow, max-snippet:-1, max-image-preview:large, max-video-preview:-1\" \/>\n<link rel=\"canonical\" href=\"https:\/\/truusk.store\/sv\/produkt\/truusk-fallbar-hundvagn-och-kattvagn-regnskydd-natoppningar-kudde-for-husdjur-upp-till-10-kg-morkgron\/\" \/>\n<meta property=\"og:locale\" content=\"sv_SE\" \/>\n<meta property=\"og:type\" content=\"article\" \/>\n<meta property=\"og:title\" content=\"TRUUSK F\u00e4llbar Hundvagn och Kattvagn - Regnskydd - N\u00e4t\u00f6ppningar - Kudde - F\u00f6r Husdjur upp till 10 kg - M\u00f6rkgr\u00f6n - TRUUSK - Hem, Tr\u00e4dg\u00e5rd &amp; Fritid\" \/>\n<meta property=\"og:description\" content=\"Denna tr\u00e4barri\u00e4r \u00e4r ett s\u00e4kert och effektivt s\u00e4tt att h\u00e5lla dina husdjur i ett omr\u00e5de samtidigt som den l\u00e4gger till...\" \/>\n<meta property=\"og:url\" content=\"https:\/\/truusk.store\/sv\/produkt\/truusk-fallbar-hundvagn-och-kattvagn-regnskydd-natoppningar-kudde-for-husdjur-upp-till-10-kg-morkgron\/\" \/>\n<meta property=\"og:site_name\" content=\"TRUUSK - Hem, Tr\u00e4dg\u00e5rd &amp; Fritid\" \/>\n<meta property=\"article:modified_time\" content=\"2026-03-12T08:10:12+00:00\" \/>\n<meta property=\"og:image\" content=\"https:\/\/i0.wp.com\/truusk.se\/wp-content\/uploads\/2024\/02\/fallbar-barriar-for-hundar-432-x-36-x-70cm-furusvart.webp?fit=800%2C800&ssl=1\" \/>\n\t<meta property=\"og:image:width\" content=\"800\" \/>\n\t<meta property=\"og:image:height\" content=\"800\" \/>\n\t<meta property=\"og:image:type\" content=\"image\/webp\" \/>\n<meta name=\"twitter:card\" content=\"summary_large_image\" \/>\n<meta name=\"twitter:label1\" content=\"Ber\u00e4knad l\u00e4stid\" \/>\n\t<meta name=\"twitter:data1\" content=\"1 minut\" \/>\n<!-- \/ Yoast SEO plugin. -->","yoast_head_json":{"title":"TRUUSK F\u00e4llbar Hundvagn och Kattvagn - Regnskydd - N\u00e4t\u00f6ppningar - Kudde - F\u00f6r Husdjur upp till 10 kg - M\u00f6rkgr\u00f6n - TRUUSK - Hem, Tr\u00e4dg\u00e5rd &amp; Fritid","robots":{"index":"index","follow":"follow","max-snippet":"max-snippet:-1","max-image-preview":"max-image-preview:large","max-video-preview":"max-video-preview:-1"},"canonical":"https:\/\/truusk.store\/sv\/produkt\/truusk-fallbar-hundvagn-och-kattvagn-regnskydd-natoppningar-kudde-for-husdjur-upp-till-10-kg-morkgron\/","og_locale":"sv_SE","og_type":"article","og_title":"TRUUSK F\u00e4llbar Hundvagn och Kattvagn - Regnskydd - N\u00e4t\u00f6ppningar - Kudde - F\u00f6r Husdjur upp till 10 kg - M\u00f6rkgr\u00f6n - TRUUSK - Hem, Tr\u00e4dg\u00e5rd &amp; Fritid","og_description":"Denna tr\u00e4barri\u00e4r \u00e4r ett s\u00e4kert och effektivt s\u00e4tt att h\u00e5lla dina husdjur i ett omr\u00e5de samtidigt som den l\u00e4gger till...","og_url":"https:\/\/truusk.store\/sv\/produkt\/truusk-fallbar-hundvagn-och-kattvagn-regnskydd-natoppningar-kudde-for-husdjur-upp-till-10-kg-morkgron\/","og_site_name":"TRUUSK - Hem, Tr\u00e4dg\u00e5rd &amp; Fritid","article_modified_time":"2026-03-12T08:10:12+00:00","og_image":[{"width":800,"height":800,"url":"https:\/\/i0.wp.com\/truusk.se\/wp-content\/uploads\/2024\/02\/fallbar-barriar-for-hundar-432-x-36-x-70cm-furusvart.webp?fit=800%2C800&ssl=1","type":"image\/webp"}],"twitter_card":"summary_large_image","twitter_misc":{"Ber\u00e4knad l\u00e4stid":"1 minut"},"schema":{"@context":"https:\/\/schema.org","@graph":[{"@type":"WebPage","@id":"https:\/\/truusk.store\/sv\/produkt\/truusk-fallbar-hundvagn-och-kattvagn-regnskydd-natoppningar-kudde-for-husdjur-upp-till-10-kg-morkgron\/","url":"https:\/\/truusk.store\/sv\/produkt\/truusk-fallbar-hundvagn-och-kattvagn-regnskydd-natoppningar-kudde-for-husdjur-upp-till-10-kg-morkgron\/","name":"TRUUSK F\u00e4llbar Hundvagn och Kattvagn - Regnskydd - N\u00e4t\u00f6ppningar - Kudde - F\u00f6r Husdjur upp till 10 kg - M\u00f6rkgr\u00f6n - TRUUSK - Hem, Tr\u00e4dg\u00e5rd &amp; Fritid","isPartOf":{"@id":"https:\/\/truusk.store\/sv\/#website"},"primaryImageOfPage":{"@id":"https:\/\/truusk.store\/sv\/produkt\/truusk-fallbar-hundvagn-och-kattvagn-regnskydd-natoppningar-kudde-for-husdjur-upp-till-10-kg-morkgron\/#primaryimage"},"image":{"@id":"https:\/\/truusk.store\/sv\/produkt\/truusk-fallbar-hundvagn-och-kattvagn-regnskydd-natoppningar-kudde-for-husdjur-upp-till-10-kg-morkgron\/#primaryimage"},"thumbnailUrl":"https:\/\/i0.wp.com\/truusk.store\/wp-content\/uploads\/2024\/02\/fallbar-barriar-for-hundar-432-x-36-x-70cm-furusvart.webp?fit=800%2C800&ssl=1","datePublished":"2024-02-13T20:31:46+00:00","dateModified":"2026-03-12T08:10:12+00:00","breadcrumb":{"@id":"https:\/\/truusk.store\/sv\/produkt\/truusk-fallbar-hundvagn-och-kattvagn-regnskydd-natoppningar-kudde-for-husdjur-upp-till-10-kg-morkgron\/#breadcrumb"},"inLanguage":"sv-SE","potentialAction":[{"@type":"ReadAction","target":["https:\/\/truusk.store\/sv\/produkt\/truusk-fallbar-hundvagn-och-kattvagn-regnskydd-natoppningar-kudde-for-husdjur-upp-till-10-kg-morkgron\/"]}]},{"@type":"ImageObject","inLanguage":"sv-SE","@id":"https:\/\/truusk.store\/sv\/produkt\/truusk-fallbar-hundvagn-och-kattvagn-regnskydd-natoppningar-kudde-for-husdjur-upp-till-10-kg-morkgron\/#primaryimage","url":"https:\/\/i0.wp.com\/truusk.store\/wp-content\/uploads\/2024\/02\/fallbar-barriar-for-hundar-432-x-36-x-70cm-furusvart.webp?fit=800%2C800&ssl=1","contentUrl":"https:\/\/i0.wp.com\/truusk.store\/wp-content\/uploads\/2024\/02\/fallbar-barriar-for-hundar-432-x-36-x-70cm-furusvart.webp?fit=800%2C800&ssl=1","width":800,"height":800,"caption":"F\u00e4llbar Barri\u00e4r F\u00f6r Hundar 432 X 36 X 70cm Furusvart 1"},{"@type":"BreadcrumbList","@id":"https:\/\/truusk.store\/sv\/produkt\/truusk-fallbar-hundvagn-och-kattvagn-regnskydd-natoppningar-kudde-for-husdjur-upp-till-10-kg-morkgron\/#breadcrumb","itemListElement":[{"@type":"ListItem","position":1,"name":"Home","item":"https:\/\/truusk.store\/sv\/"},{"@type":"ListItem","position":2,"name":"Shop","item":"https:\/\/truusk.store\/shop\/"},{"@type":"ListItem","position":3,"name":"TRUUSK F\u00e4llbar Hundvagn och Kattvagn &#8211; Regnskydd &#8211; N\u00e4t\u00f6ppningar &#8211; Kudde &#8211; F\u00f6r Husdjur upp till 10 kg &#8211; M\u00f6rkgr\u00f6n"}]},{"@type":"WebSite","@id":"https:\/\/truusk.store\/sv\/#website","url":"https:\/\/truusk.store\/sv\/","name":"TRUUSK - Hem, Tr\u00e4dg\u00e5rd & Fritid","description":"","publisher":{"@id":"https:\/\/truusk.store\/sv\/#organization"},"potentialAction":[{"@type":"SearchAction","target":{"@type":"EntryPoint","urlTemplate":"https:\/\/truusk.store\/sv\/?s={search_term_string}"},"query-input":{"@type":"PropertyValueSpecification","valueRequired":true,"valueName":"search_term_string"}}],"inLanguage":"sv-SE"},{"@type":"Organization","@id":"https:\/\/truusk.store\/sv\/#organization","name":"TRUUSK - Hem, Tr\u00e4dg\u00e5rd & Fritid","url":"https:\/\/truusk.store\/sv\/","logo":{"@type":"ImageObject","inLanguage":"sv-SE","@id":"https:\/\/truusk.store\/sv\/#\/schema\/logo\/image\/","url":"https:\/\/i0.wp.com\/truusk.store\/wp-content\/uploads\/2026\/03\/cropped-TRUUSK.png?fit=2032%2C917&ssl=1","contentUrl":"https:\/\/i0.wp.com\/truusk.store\/wp-content\/uploads\/2026\/03\/cropped-TRUUSK.png?fit=2032%2C917&ssl=1","width":2032,"height":917,"caption":"TRUUSK - Hem, Tr\u00e4dg\u00e5rd & Fritid"},"image":{"@id":"https:\/\/truusk.store\/sv\/#\/schema\/logo\/image\/"}}]}},"jetpack_sharing_enabled":true,"_links":{"self":[{"href":"https:\/\/truusk.store\/sv\/wp-json\/wp\/v2\/product\/31770","targetHints":{"allow":["GET"]}}],"collection":[{"href":"https:\/\/truusk.store\/sv\/wp-json\/wp\/v2\/product"}],"about":[{"href":"https:\/\/truusk.store\/sv\/wp-json\/wp\/v2\/types\/product"}],"wp:featuredmedia":[{"embeddable":true,"href":"https:\/\/truusk.store\/sv\/wp-json\/wp\/v2\/media\/31771"}],"wp:attachment":[{"href":"https:\/\/truusk.store\/sv\/wp-json\/wp\/v2\/media?parent=31770"}],"wp:term":[{"taxonomy":"product_brand","embeddable":true,"href":"https:\/\/truusk.store\/sv\/wp-json\/wp\/v2\/product_brand?post=31770"},{"taxonomy":"product_cat","embeddable":true,"href":"https:\/\/truusk.store\/sv\/wp-json\/wp\/v2\/product_cat?post=31770"},{"taxonomy":"product_tag","embeddable":true,"href":"https:\/\/truusk.store\/sv\/wp-json\/wp\/v2\/product_tag?post=31770"}],"curies":[{"name":"wp","href":"https:\/\/api.w.org\/{rel}","templated":true}]}}