{"id":31783,"date":"2024-02-13T21:32:06","date_gmt":"2024-02-13T20:32:06","guid":{"rendered":"https:\/\/truusk.store\/product\/dorrskyddsgrind-trabarriar-for-hundar-skyddsgrind-hundgrind-sakerhetsdorr-dubbelriktad-vikbar-stal-vit-305-x-355-x-82-cm\/"},"modified":"2026-03-12T09:10:15","modified_gmt":"2026-03-12T08:10:15","slug":"truusk-dorrskyddsgrind-for-hundar-dubbelriktad-vikbar-stal-vit-305-x-355-x-82-cm","status":"publish","type":"product","link":"https:\/\/truusk.store\/sv\/produkt\/truusk-dorrskyddsgrind-for-hundar-dubbelriktad-vikbar-stal-vit-305-x-355-x-82-cm\/","title":{"rendered":"TRUUSK D\u00f6rrskyddsgrind f\u00f6r Hundar &#8211; Dubbelriktad &#8211; Vikbar &#8211; St\u00e5l &#8211; Vit &#8211; 305 x 35,5 x 82 cm"},"content":{"rendered":"<p>Denna husdjursgrind \u00e4r en s\u00e4ker och praktisk l\u00f6sning f\u00f6r att h\u00e5lla dina husdjur i ett begr\u00e4nsat omr\u00e5de. Den inf\u00e4llbara hundgrinden best\u00e5r av fyra separata paneler f\u00f6rbundna med robusta g\u00e5ngj\u00e4rn. N\u00e4r det inte anv\u00e4nds kan hundskyddet f\u00e4llas upp f\u00f6r att spara utrymme. Stabila st\u00f6d f\u00f6rhindrar att den glider eller v\u00e4lter. De \u00f6ppna barerna g\u00f6r att du alltid kan h\u00e5lla ett \u00f6ga p\u00e5 hundar.<\/p>\n<h3>Beskrivning:<\/h3>\n<ul>\n<li>Den massiva fururamen och st\u00e5lgallret \u00e4r robusta och h\u00e5llbara<\/li>\n<li>Det dubbelsidiga viksystemet med h\u00f6gkvalitativa dubbla g\u00e5ngj\u00e4rn g\u00f6r den l\u00e4tt att anpassa till olika former<\/li>\n<li>Idealisk f\u00f6r d\u00f6rr\u00f6ppningar, hallar, sovrum och trapphus<\/li>\n<li>Tv\u00e5 avtagbara f\u00f6tter och halkskydd ger extra stabilitet<\/li>\n<li>L\u00e4mplig f\u00f6r sm\u00e5 till medelstora hundar, f\u00f6r hundar med en axelh\u00f6jd p\u00e5 mindre \u00e4n 55 cm<\/li>\n<li>Montering kr\u00e4vs<\/li>\n<\/ul>\n<h3>Teknisk data:<\/h3>\n<ul>\n<li>F\u00e4rg: Vit+svart<\/li>\n<li>Material: furu, st\u00e5l<\/li>\n<li>\u00d6vergripande m\u00e5tt: 305L x 35,5W x 82H cm<\/li>\n<li>M\u00e5tt p\u00e5 varje tallrik: 76,2L x 82H cm<\/li>\n<li>M\u00e5tt p\u00e5 den hopf\u00e4llbara: 76,2L x 82H x 8D cm<\/li>\n<li>M\u00e5tt p\u00e5 st\u00f6dfoten: 35,5L x 5H x 2D cm<\/li>\n<\/ul>\n<h3>Leveransens omfattning:<\/h3>\n<ul>\n<li>1 x Pet Gate<\/li>\n<li>1 x Instruktioner<\/li>\n<\/ul>\n","protected":false},"excerpt":{"rendered":"<p>Denna husdjursgrind \u00e4r en s\u00e4ker och praktisk l\u00f6sning f\u00f6r att h\u00e5lla dina husdjur i ett begr\u00e4nsat omr\u00e5de. Den inf\u00e4llbara hundgrinden&#8230;<\/p>\n","protected":false},"featured_media":31784,"template":"","meta":[],"product_brand":[],"product_cat":[577,574,573],"product_tag":[],"class_list":{"0":"post-31783","1":"product","2":"type-product","3":"status-publish","4":"has-post-thumbnail","6":"product_cat-hundgrindar-avdelare","7":"product_cat-hundtillbehor","8":"product_cat-husdjursmaterial","10":"first","11":"instock","12":"sale","13":"taxable","14":"shipping-taxable","15":"purchasable","16":"product-type-simple"},"yoast_head":"<!-- This site is optimized with the Yoast SEO plugin v25.4 - https:\/\/yoast.com\/wordpress\/plugins\/seo\/ -->\n<title>TRUUSK D\u00f6rrskyddsgrind f\u00f6r Hundar - Dubbelriktad - Vikbar - St\u00e5l - Vit - 305 x 35,5 x 82 cm - TRUUSK - Hem, Tr\u00e4dg\u00e5rd &amp; Fritid<\/title>\n<meta name=\"robots\" content=\"index, follow, max-snippet:-1, max-image-preview:large, max-video-preview:-1\" \/>\n<link rel=\"canonical\" href=\"https:\/\/truusk.store\/sv\/produkt\/truusk-dorrskyddsgrind-for-hundar-dubbelriktad-vikbar-stal-vit-305-x-355-x-82-cm\/\" \/>\n<meta property=\"og:locale\" content=\"sv_SE\" \/>\n<meta property=\"og:type\" content=\"article\" \/>\n<meta property=\"og:title\" content=\"TRUUSK D\u00f6rrskyddsgrind f\u00f6r Hundar - Dubbelriktad - Vikbar - St\u00e5l - Vit - 305 x 35,5 x 82 cm - TRUUSK - Hem, Tr\u00e4dg\u00e5rd &amp; Fritid\" \/>\n<meta property=\"og:description\" content=\"Denna husdjursgrind \u00e4r en s\u00e4ker och praktisk l\u00f6sning f\u00f6r att h\u00e5lla dina husdjur i ett begr\u00e4nsat omr\u00e5de. Den inf\u00e4llbara hundgrinden...\" \/>\n<meta property=\"og:url\" content=\"https:\/\/truusk.store\/sv\/produkt\/truusk-dorrskyddsgrind-for-hundar-dubbelriktad-vikbar-stal-vit-305-x-355-x-82-cm\/\" \/>\n<meta property=\"og:site_name\" content=\"TRUUSK - Hem, Tr\u00e4dg\u00e5rd &amp; Fritid\" \/>\n<meta property=\"article:modified_time\" content=\"2026-03-12T08:10:15+00:00\" \/>\n<meta property=\"og:image\" content=\"https:\/\/i0.wp.com\/truusk.se\/wp-content\/uploads\/2024\/02\/dorrskyddsgrind-trabarriar-for-hundar-skyddsgrind-hundgrind-sakerhetsdorr-dubbelriktad-vikbar-stal-vit-305-x-355-x-82-cm.webp?fit=800%2C800&ssl=1\" \/>\n\t<meta property=\"og:image:width\" content=\"800\" \/>\n\t<meta property=\"og:image:height\" content=\"800\" \/>\n\t<meta property=\"og:image:type\" content=\"image\/webp\" \/>\n<meta name=\"twitter:card\" content=\"summary_large_image\" \/>\n<meta name=\"twitter:label1\" content=\"Ber\u00e4knad l\u00e4stid\" \/>\n\t<meta name=\"twitter:data1\" content=\"1 minut\" \/>\n<!-- \/ Yoast SEO plugin. -->","yoast_head_json":{"title":"TRUUSK D\u00f6rrskyddsgrind f\u00f6r Hundar - Dubbelriktad - Vikbar - St\u00e5l - Vit - 305 x 35,5 x 82 cm - TRUUSK - Hem, Tr\u00e4dg\u00e5rd &amp; Fritid","robots":{"index":"index","follow":"follow","max-snippet":"max-snippet:-1","max-image-preview":"max-image-preview:large","max-video-preview":"max-video-preview:-1"},"canonical":"https:\/\/truusk.store\/sv\/produkt\/truusk-dorrskyddsgrind-for-hundar-dubbelriktad-vikbar-stal-vit-305-x-355-x-82-cm\/","og_locale":"sv_SE","og_type":"article","og_title":"TRUUSK D\u00f6rrskyddsgrind f\u00f6r Hundar - Dubbelriktad - Vikbar - St\u00e5l - Vit - 305 x 35,5 x 82 cm - TRUUSK - Hem, Tr\u00e4dg\u00e5rd &amp; Fritid","og_description":"Denna husdjursgrind \u00e4r en s\u00e4ker och praktisk l\u00f6sning f\u00f6r att h\u00e5lla dina husdjur i ett begr\u00e4nsat omr\u00e5de. Den inf\u00e4llbara hundgrinden...","og_url":"https:\/\/truusk.store\/sv\/produkt\/truusk-dorrskyddsgrind-for-hundar-dubbelriktad-vikbar-stal-vit-305-x-355-x-82-cm\/","og_site_name":"TRUUSK - Hem, Tr\u00e4dg\u00e5rd &amp; Fritid","article_modified_time":"2026-03-12T08:10:15+00:00","og_image":[{"width":800,"height":800,"url":"https:\/\/i0.wp.com\/truusk.se\/wp-content\/uploads\/2024\/02\/dorrskyddsgrind-trabarriar-for-hundar-skyddsgrind-hundgrind-sakerhetsdorr-dubbelriktad-vikbar-stal-vit-305-x-355-x-82-cm.webp?fit=800%2C800&ssl=1","type":"image\/webp"}],"twitter_card":"summary_large_image","twitter_misc":{"Ber\u00e4knad l\u00e4stid":"1 minut"},"schema":{"@context":"https:\/\/schema.org","@graph":[{"@type":"WebPage","@id":"https:\/\/truusk.store\/sv\/produkt\/truusk-dorrskyddsgrind-for-hundar-dubbelriktad-vikbar-stal-vit-305-x-355-x-82-cm\/","url":"https:\/\/truusk.store\/sv\/produkt\/truusk-dorrskyddsgrind-for-hundar-dubbelriktad-vikbar-stal-vit-305-x-355-x-82-cm\/","name":"TRUUSK D\u00f6rrskyddsgrind f\u00f6r Hundar - Dubbelriktad - Vikbar - St\u00e5l - Vit - 305 x 35,5 x 82 cm - TRUUSK - Hem, Tr\u00e4dg\u00e5rd &amp; Fritid","isPartOf":{"@id":"https:\/\/truusk.store\/sv\/#website"},"primaryImageOfPage":{"@id":"https:\/\/truusk.store\/sv\/produkt\/truusk-dorrskyddsgrind-for-hundar-dubbelriktad-vikbar-stal-vit-305-x-355-x-82-cm\/#primaryimage"},"image":{"@id":"https:\/\/truusk.store\/sv\/produkt\/truusk-dorrskyddsgrind-for-hundar-dubbelriktad-vikbar-stal-vit-305-x-355-x-82-cm\/#primaryimage"},"thumbnailUrl":"https:\/\/i0.wp.com\/truusk.store\/wp-content\/uploads\/2024\/02\/dorrskyddsgrind-trabarriar-for-hundar-skyddsgrind-hundgrind-sakerhetsdorr-dubbelriktad-vikbar-stal-vit-305-x-355-x-82-cm.webp?fit=800%2C800&ssl=1","datePublished":"2024-02-13T20:32:06+00:00","dateModified":"2026-03-12T08:10:15+00:00","breadcrumb":{"@id":"https:\/\/truusk.store\/sv\/produkt\/truusk-dorrskyddsgrind-for-hundar-dubbelriktad-vikbar-stal-vit-305-x-355-x-82-cm\/#breadcrumb"},"inLanguage":"sv-SE","potentialAction":[{"@type":"ReadAction","target":["https:\/\/truusk.store\/sv\/produkt\/truusk-dorrskyddsgrind-for-hundar-dubbelriktad-vikbar-stal-vit-305-x-355-x-82-cm\/"]}]},{"@type":"ImageObject","inLanguage":"sv-SE","@id":"https:\/\/truusk.store\/sv\/produkt\/truusk-dorrskyddsgrind-for-hundar-dubbelriktad-vikbar-stal-vit-305-x-355-x-82-cm\/#primaryimage","url":"https:\/\/i0.wp.com\/truusk.store\/wp-content\/uploads\/2024\/02\/dorrskyddsgrind-trabarriar-for-hundar-skyddsgrind-hundgrind-sakerhetsdorr-dubbelriktad-vikbar-stal-vit-305-x-355-x-82-cm.webp?fit=800%2C800&ssl=1","contentUrl":"https:\/\/i0.wp.com\/truusk.store\/wp-content\/uploads\/2024\/02\/dorrskyddsgrind-trabarriar-for-hundar-skyddsgrind-hundgrind-sakerhetsdorr-dubbelriktad-vikbar-stal-vit-305-x-355-x-82-cm.webp?fit=800%2C800&ssl=1","width":800,"height":800,"caption":"D\u00f6rrskyddsgrind, Tr\u00e4barri\u00e4r F\u00f6r Hundar, Skyddsgrind, Hundgrind, S\u00e4kerhetsd\u00f6rr, Dubbelriktad Vikbar, St\u00e5l, Vit, 305 X 35,5 X 82 Cm 1"},{"@type":"BreadcrumbList","@id":"https:\/\/truusk.store\/sv\/produkt\/truusk-dorrskyddsgrind-for-hundar-dubbelriktad-vikbar-stal-vit-305-x-355-x-82-cm\/#breadcrumb","itemListElement":[{"@type":"ListItem","position":1,"name":"Home","item":"https:\/\/truusk.store\/sv\/"},{"@type":"ListItem","position":2,"name":"Shop","item":"https:\/\/truusk.store\/shop\/"},{"@type":"ListItem","position":3,"name":"TRUUSK D\u00f6rrskyddsgrind f\u00f6r Hundar &#8211; Dubbelriktad &#8211; Vikbar &#8211; St\u00e5l &#8211; Vit &#8211; 305 x 35,5 x 82 cm"}]},{"@type":"WebSite","@id":"https:\/\/truusk.store\/sv\/#website","url":"https:\/\/truusk.store\/sv\/","name":"TRUUSK - Hem, Tr\u00e4dg\u00e5rd & Fritid","description":"","publisher":{"@id":"https:\/\/truusk.store\/sv\/#organization"},"potentialAction":[{"@type":"SearchAction","target":{"@type":"EntryPoint","urlTemplate":"https:\/\/truusk.store\/sv\/?s={search_term_string}"},"query-input":{"@type":"PropertyValueSpecification","valueRequired":true,"valueName":"search_term_string"}}],"inLanguage":"sv-SE"},{"@type":"Organization","@id":"https:\/\/truusk.store\/sv\/#organization","name":"TRUUSK - Hem, Tr\u00e4dg\u00e5rd & Fritid","url":"https:\/\/truusk.store\/sv\/","logo":{"@type":"ImageObject","inLanguage":"sv-SE","@id":"https:\/\/truusk.store\/sv\/#\/schema\/logo\/image\/","url":"https:\/\/i0.wp.com\/truusk.store\/wp-content\/uploads\/2026\/03\/cropped-TRUUSK.png?fit=2032%2C917&ssl=1","contentUrl":"https:\/\/i0.wp.com\/truusk.store\/wp-content\/uploads\/2026\/03\/cropped-TRUUSK.png?fit=2032%2C917&ssl=1","width":2032,"height":917,"caption":"TRUUSK - Hem, Tr\u00e4dg\u00e5rd & Fritid"},"image":{"@id":"https:\/\/truusk.store\/sv\/#\/schema\/logo\/image\/"}}]}},"jetpack_sharing_enabled":true,"_links":{"self":[{"href":"https:\/\/truusk.store\/sv\/wp-json\/wp\/v2\/product\/31783","targetHints":{"allow":["GET"]}}],"collection":[{"href":"https:\/\/truusk.store\/sv\/wp-json\/wp\/v2\/product"}],"about":[{"href":"https:\/\/truusk.store\/sv\/wp-json\/wp\/v2\/types\/product"}],"wp:featuredmedia":[{"embeddable":true,"href":"https:\/\/truusk.store\/sv\/wp-json\/wp\/v2\/media\/31784"}],"wp:attachment":[{"href":"https:\/\/truusk.store\/sv\/wp-json\/wp\/v2\/media?parent=31783"}],"wp:term":[{"taxonomy":"product_brand","embeddable":true,"href":"https:\/\/truusk.store\/sv\/wp-json\/wp\/v2\/product_brand?post=31783"},{"taxonomy":"product_cat","embeddable":true,"href":"https:\/\/truusk.store\/sv\/wp-json\/wp\/v2\/product_cat?post=31783"},{"taxonomy":"product_tag","embeddable":true,"href":"https:\/\/truusk.store\/sv\/wp-json\/wp\/v2\/product_tag?post=31783"}],"curies":[{"name":"wp","href":"https:\/\/api.w.org\/{rel}","templated":true}]}}