{"id":31811,"date":"2024-02-13T21:33:01","date_gmt":"2024-02-13T20:33:01","guid":{"rendered":"https:\/\/truusk.store\/product\/rottingskrapstolpe-95-cm-hojd-3-vanings-katttrad-med-plattform-kattbadd-klattertrad-med-kattgrotta-sisalstavar-lekbollar-kattmobler-sisal-natur-beige\/"},"modified":"2026-03-12T09:10:21","modified_gmt":"2026-03-12T08:10:21","slug":"truusk-kattrad-95-cm-hojd-3-vaningar-plattform-kattbadd-kattgrotta-sisalstavar-lekbollar-natur-beige","status":"publish","type":"product","link":"https:\/\/truusk.store\/sv\/produkt\/truusk-kattrad-95-cm-hojd-3-vaningar-plattform-kattbadd-kattgrotta-sisalstavar-lekbollar-natur-beige\/","title":{"rendered":"TRUUSK Kattr\u00e4d 95 cm H\u00f6jd &#8211; 3 V\u00e5ningar &#8211; Plattform &#8211; Kattb\u00e4dd &#8211; Kattgrotta &#8211; Sisalstavar &#8211; Lekbollar &#8211; Natur + Beige"},"content":{"rendered":"<p>Tillfredsst\u00e4ll din katts naturliga instinkter p\u00e5 ett s\u00e4kert s\u00e4tt med detta skrapinl\u00e4gg! Tillfredsst\u00e4ll din katts naturliga instinkter p\u00e5 ett s\u00e4kert s\u00e4tt med detta skrapinl\u00e4gg! Detta multiaktivitetscenter har en sisal-skrapstolpe, ett katthus i PE-rotting, sittpinnar och en h\u00e4ngande boll f\u00f6r mycket skoj. Kattskrapstolpen \u00e4r f\u00f6rdelaktig f\u00f6r b\u00e5de husdjuret och \u00e4garen d\u00e5 den ger katter m\u00f6jlighet att tillfredsst\u00e4lla sin \u00f6nskan att klia och kl\u00e4ttra och skydda dina mattor och m\u00f6bler fr\u00e5n skador.<\/p>\n<h3>Beskrivning:<\/h3>\n<ul>\n<li>De olika niv\u00e5erna erbjuder dina katter en bekv\u00e4m plats att koppla av<\/li>\n<li>Den multifunktionella skrapstolpen \u00e4r gjord av h\u00f6gkvalitativ sp\u00e5nskiva<\/li>\n<li>Designen p\u00e5 flera niv\u00e5er tillfredsst\u00e4ller ditt husdjurs lust att kl\u00e4ttra<\/li>\n<li>L\u00e4mplig f\u00f6r katter som v\u00e4ger mindre \u00e4n 5 kg<\/li>\n<li>Det rekommenderas att v\u00e4lja skrapstolpe efter typ av katt<\/li>\n<li>Montering kr\u00e4vs<\/li>\n<\/ul>\n<h3>Teknisk data:<\/h3>\n<ul>\n<li>F\u00e4rg: Natural+Beige<\/li>\n<li>Material: sp\u00e5nskiva, sisal, sammetslen polyester, PE<\/li>\n<li>Totala m\u00e5tt: 55L x 47W x 95H cm<\/li>\n<li>Rotting kattl\u00e5da storlek: 39L x 39W x 26,5H cm<\/li>\n<li>Tr h\u00e5lstorlek: 20L x 20H cm<\/li>\n<li>\u00d6versta katts\u00e4ng i rotting: 35L x 35W x 10H cm<\/li>\n<li>Nedre tallrikstorlek: 55L x 47W cm<\/li>\n<li>Pelare: 8,3 cm<\/li>\n<li>Rekommenderad husdjursvikt: mindre \u00e4n 5 kg<\/li>\n<\/ul>\n<h3>Leveransens omfattning:<\/h3>\n<ul>\n<li>1 x skrapstolpe<\/li>\n<li>1 x Instruktioner<\/li>\n<\/ul>\n","protected":false},"excerpt":{"rendered":"<p>Tillfredsst\u00e4ll din katts naturliga instinkter p\u00e5 ett s\u00e4kert s\u00e4tt med detta skrapinl\u00e4gg! Tillfredsst\u00e4ll din katts naturliga instinkter p\u00e5 ett s\u00e4kert&#8230;<\/p>\n","protected":false},"featured_media":31812,"template":"","meta":[],"product_brand":[],"product_cat":[573,588,589],"product_tag":[],"class_list":{"0":"post-31811","1":"product","2":"type-product","3":"status-publish","4":"has-post-thumbnail","6":"product_cat-husdjursmaterial","7":"product_cat-katttillbehor","8":"product_cat-skrapande-inlagg","10":"first","11":"instock","12":"sale","13":"taxable","14":"shipping-taxable","15":"purchasable","16":"product-type-simple"},"yoast_head":"<!-- This site is optimized with the Yoast SEO plugin v25.4 - https:\/\/yoast.com\/wordpress\/plugins\/seo\/ -->\n<title>TRUUSK Kattr\u00e4d 95 cm H\u00f6jd - 3 V\u00e5ningar - Plattform - Kattb\u00e4dd - Kattgrotta - Sisalstavar - Lekbollar - Natur + Beige - TRUUSK - Hem, Tr\u00e4dg\u00e5rd &amp; Fritid<\/title>\n<meta name=\"robots\" content=\"index, follow, max-snippet:-1, max-image-preview:large, max-video-preview:-1\" \/>\n<link rel=\"canonical\" href=\"https:\/\/truusk.store\/sv\/produkt\/truusk-kattrad-95-cm-hojd-3-vaningar-plattform-kattbadd-kattgrotta-sisalstavar-lekbollar-natur-beige\/\" \/>\n<meta property=\"og:locale\" content=\"sv_SE\" \/>\n<meta property=\"og:type\" content=\"article\" \/>\n<meta property=\"og:title\" content=\"TRUUSK Kattr\u00e4d 95 cm H\u00f6jd - 3 V\u00e5ningar - Plattform - Kattb\u00e4dd - Kattgrotta - Sisalstavar - Lekbollar - Natur + Beige - TRUUSK - Hem, Tr\u00e4dg\u00e5rd &amp; Fritid\" \/>\n<meta property=\"og:description\" content=\"Tillfredsst\u00e4ll din katts naturliga instinkter p\u00e5 ett s\u00e4kert s\u00e4tt med detta skrapinl\u00e4gg! Tillfredsst\u00e4ll din katts naturliga instinkter p\u00e5 ett s\u00e4kert...\" \/>\n<meta property=\"og:url\" content=\"https:\/\/truusk.store\/sv\/produkt\/truusk-kattrad-95-cm-hojd-3-vaningar-plattform-kattbadd-kattgrotta-sisalstavar-lekbollar-natur-beige\/\" \/>\n<meta property=\"og:site_name\" content=\"TRUUSK - Hem, Tr\u00e4dg\u00e5rd &amp; Fritid\" \/>\n<meta property=\"article:modified_time\" content=\"2026-03-12T08:10:21+00:00\" \/>\n<meta property=\"og:image\" content=\"https:\/\/i0.wp.com\/truusk.se\/wp-content\/uploads\/2024\/02\/rottingskrapstolpe-95-cm-hojd-3-vanings-katttrad-med-plattform-kattbadd-klattertrad-med-kattgrotta-sisalstavar-lekbollar-kattmobler-sisal-natur-beige.webp?fit=800%2C800&ssl=1\" \/>\n\t<meta property=\"og:image:width\" content=\"800\" \/>\n\t<meta property=\"og:image:height\" content=\"800\" \/>\n\t<meta property=\"og:image:type\" content=\"image\/webp\" \/>\n<meta name=\"twitter:card\" content=\"summary_large_image\" \/>\n<meta name=\"twitter:label1\" content=\"Ber\u00e4knad l\u00e4stid\" \/>\n\t<meta name=\"twitter:data1\" content=\"1 minut\" \/>\n<!-- \/ Yoast SEO plugin. -->","yoast_head_json":{"title":"TRUUSK Kattr\u00e4d 95 cm H\u00f6jd - 3 V\u00e5ningar - Plattform - Kattb\u00e4dd - Kattgrotta - Sisalstavar - Lekbollar - Natur + Beige - TRUUSK - Hem, Tr\u00e4dg\u00e5rd &amp; Fritid","robots":{"index":"index","follow":"follow","max-snippet":"max-snippet:-1","max-image-preview":"max-image-preview:large","max-video-preview":"max-video-preview:-1"},"canonical":"https:\/\/truusk.store\/sv\/produkt\/truusk-kattrad-95-cm-hojd-3-vaningar-plattform-kattbadd-kattgrotta-sisalstavar-lekbollar-natur-beige\/","og_locale":"sv_SE","og_type":"article","og_title":"TRUUSK Kattr\u00e4d 95 cm H\u00f6jd - 3 V\u00e5ningar - Plattform - Kattb\u00e4dd - Kattgrotta - Sisalstavar - Lekbollar - Natur + Beige - TRUUSK - Hem, Tr\u00e4dg\u00e5rd &amp; Fritid","og_description":"Tillfredsst\u00e4ll din katts naturliga instinkter p\u00e5 ett s\u00e4kert s\u00e4tt med detta skrapinl\u00e4gg! Tillfredsst\u00e4ll din katts naturliga instinkter p\u00e5 ett s\u00e4kert...","og_url":"https:\/\/truusk.store\/sv\/produkt\/truusk-kattrad-95-cm-hojd-3-vaningar-plattform-kattbadd-kattgrotta-sisalstavar-lekbollar-natur-beige\/","og_site_name":"TRUUSK - Hem, Tr\u00e4dg\u00e5rd &amp; Fritid","article_modified_time":"2026-03-12T08:10:21+00:00","og_image":[{"width":800,"height":800,"url":"https:\/\/i0.wp.com\/truusk.se\/wp-content\/uploads\/2024\/02\/rottingskrapstolpe-95-cm-hojd-3-vanings-katttrad-med-plattform-kattbadd-klattertrad-med-kattgrotta-sisalstavar-lekbollar-kattmobler-sisal-natur-beige.webp?fit=800%2C800&ssl=1","type":"image\/webp"}],"twitter_card":"summary_large_image","twitter_misc":{"Ber\u00e4knad l\u00e4stid":"1 minut"},"schema":{"@context":"https:\/\/schema.org","@graph":[{"@type":"WebPage","@id":"https:\/\/truusk.store\/sv\/produkt\/truusk-kattrad-95-cm-hojd-3-vaningar-plattform-kattbadd-kattgrotta-sisalstavar-lekbollar-natur-beige\/","url":"https:\/\/truusk.store\/sv\/produkt\/truusk-kattrad-95-cm-hojd-3-vaningar-plattform-kattbadd-kattgrotta-sisalstavar-lekbollar-natur-beige\/","name":"TRUUSK Kattr\u00e4d 95 cm H\u00f6jd - 3 V\u00e5ningar - Plattform - Kattb\u00e4dd - Kattgrotta - Sisalstavar - Lekbollar - Natur + Beige - TRUUSK - Hem, Tr\u00e4dg\u00e5rd &amp; Fritid","isPartOf":{"@id":"https:\/\/truusk.store\/sv\/#website"},"primaryImageOfPage":{"@id":"https:\/\/truusk.store\/sv\/produkt\/truusk-kattrad-95-cm-hojd-3-vaningar-plattform-kattbadd-kattgrotta-sisalstavar-lekbollar-natur-beige\/#primaryimage"},"image":{"@id":"https:\/\/truusk.store\/sv\/produkt\/truusk-kattrad-95-cm-hojd-3-vaningar-plattform-kattbadd-kattgrotta-sisalstavar-lekbollar-natur-beige\/#primaryimage"},"thumbnailUrl":"https:\/\/i0.wp.com\/truusk.store\/wp-content\/uploads\/2024\/02\/rottingskrapstolpe-95-cm-hojd-3-vanings-katttrad-med-plattform-kattbadd-klattertrad-med-kattgrotta-sisalstavar-lekbollar-kattmobler-sisal-natur-beige.webp?fit=800%2C800&ssl=1","datePublished":"2024-02-13T20:33:01+00:00","dateModified":"2026-03-12T08:10:21+00:00","breadcrumb":{"@id":"https:\/\/truusk.store\/sv\/produkt\/truusk-kattrad-95-cm-hojd-3-vaningar-plattform-kattbadd-kattgrotta-sisalstavar-lekbollar-natur-beige\/#breadcrumb"},"inLanguage":"sv-SE","potentialAction":[{"@type":"ReadAction","target":["https:\/\/truusk.store\/sv\/produkt\/truusk-kattrad-95-cm-hojd-3-vaningar-plattform-kattbadd-kattgrotta-sisalstavar-lekbollar-natur-beige\/"]}]},{"@type":"ImageObject","inLanguage":"sv-SE","@id":"https:\/\/truusk.store\/sv\/produkt\/truusk-kattrad-95-cm-hojd-3-vaningar-plattform-kattbadd-kattgrotta-sisalstavar-lekbollar-natur-beige\/#primaryimage","url":"https:\/\/i0.wp.com\/truusk.store\/wp-content\/uploads\/2024\/02\/rottingskrapstolpe-95-cm-hojd-3-vanings-katttrad-med-plattform-kattbadd-klattertrad-med-kattgrotta-sisalstavar-lekbollar-kattmobler-sisal-natur-beige.webp?fit=800%2C800&ssl=1","contentUrl":"https:\/\/i0.wp.com\/truusk.store\/wp-content\/uploads\/2024\/02\/rottingskrapstolpe-95-cm-hojd-3-vanings-katttrad-med-plattform-kattbadd-klattertrad-med-kattgrotta-sisalstavar-lekbollar-kattmobler-sisal-natur-beige.webp?fit=800%2C800&ssl=1","width":800,"height":800,"caption":"Rottingskrapstolpe 95 Cm H\u00f6jd 3-v\u00e5nings Katttr\u00e4d Med Plattform, Kattb\u00e4dd, Kl\u00e4ttertr\u00e4d Med Kattgrotta, Sisalstavar, Lekbollar, Kattm\u00f6bler, Sisal Natur + Beige 1"},{"@type":"BreadcrumbList","@id":"https:\/\/truusk.store\/sv\/produkt\/truusk-kattrad-95-cm-hojd-3-vaningar-plattform-kattbadd-kattgrotta-sisalstavar-lekbollar-natur-beige\/#breadcrumb","itemListElement":[{"@type":"ListItem","position":1,"name":"Home","item":"https:\/\/truusk.store\/sv\/"},{"@type":"ListItem","position":2,"name":"Shop","item":"https:\/\/truusk.store\/shop\/"},{"@type":"ListItem","position":3,"name":"TRUUSK Kattr\u00e4d 95 cm H\u00f6jd &#8211; 3 V\u00e5ningar &#8211; Plattform &#8211; Kattb\u00e4dd &#8211; Kattgrotta &#8211; Sisalstavar &#8211; Lekbollar &#8211; Natur + Beige"}]},{"@type":"WebSite","@id":"https:\/\/truusk.store\/sv\/#website","url":"https:\/\/truusk.store\/sv\/","name":"TRUUSK - Hem, Tr\u00e4dg\u00e5rd & Fritid","description":"","publisher":{"@id":"https:\/\/truusk.store\/sv\/#organization"},"potentialAction":[{"@type":"SearchAction","target":{"@type":"EntryPoint","urlTemplate":"https:\/\/truusk.store\/sv\/?s={search_term_string}"},"query-input":{"@type":"PropertyValueSpecification","valueRequired":true,"valueName":"search_term_string"}}],"inLanguage":"sv-SE"},{"@type":"Organization","@id":"https:\/\/truusk.store\/sv\/#organization","name":"TRUUSK - Hem, Tr\u00e4dg\u00e5rd & Fritid","url":"https:\/\/truusk.store\/sv\/","logo":{"@type":"ImageObject","inLanguage":"sv-SE","@id":"https:\/\/truusk.store\/sv\/#\/schema\/logo\/image\/","url":"https:\/\/i0.wp.com\/truusk.store\/wp-content\/uploads\/2026\/03\/cropped-TRUUSK.png?fit=2032%2C917&ssl=1","contentUrl":"https:\/\/i0.wp.com\/truusk.store\/wp-content\/uploads\/2026\/03\/cropped-TRUUSK.png?fit=2032%2C917&ssl=1","width":2032,"height":917,"caption":"TRUUSK - Hem, Tr\u00e4dg\u00e5rd & Fritid"},"image":{"@id":"https:\/\/truusk.store\/sv\/#\/schema\/logo\/image\/"}}]}},"jetpack_sharing_enabled":true,"_links":{"self":[{"href":"https:\/\/truusk.store\/sv\/wp-json\/wp\/v2\/product\/31811","targetHints":{"allow":["GET"]}}],"collection":[{"href":"https:\/\/truusk.store\/sv\/wp-json\/wp\/v2\/product"}],"about":[{"href":"https:\/\/truusk.store\/sv\/wp-json\/wp\/v2\/types\/product"}],"wp:featuredmedia":[{"embeddable":true,"href":"https:\/\/truusk.store\/sv\/wp-json\/wp\/v2\/media\/31812"}],"wp:attachment":[{"href":"https:\/\/truusk.store\/sv\/wp-json\/wp\/v2\/media?parent=31811"}],"wp:term":[{"taxonomy":"product_brand","embeddable":true,"href":"https:\/\/truusk.store\/sv\/wp-json\/wp\/v2\/product_brand?post=31811"},{"taxonomy":"product_cat","embeddable":true,"href":"https:\/\/truusk.store\/sv\/wp-json\/wp\/v2\/product_cat?post=31811"},{"taxonomy":"product_tag","embeddable":true,"href":"https:\/\/truusk.store\/sv\/wp-json\/wp\/v2\/product_tag?post=31811"}],"curies":[{"name":"wp","href":"https:\/\/api.w.org\/{rel}","templated":true}]}}