{"id":31844,"date":"2024-02-13T21:34:17","date_gmt":"2024-02-13T20:34:17","guid":{"rendered":"https:\/\/truusk.store\/product\/vibrationsplatta-med-99-nivaer-2-traningsband-73-x-40-x-13cm-vit-svart\/"},"modified":"2026-03-12T09:10:24","modified_gmt":"2026-03-12T08:10:24","slug":"truusk-vibrationsplatta-med-99-nivaer-2-traningsband-73-x-40-x-13cm-vit-svart","status":"publish","type":"product","link":"https:\/\/truusk.store\/sv\/produkt\/truusk-vibrationsplatta-med-99-nivaer-2-traningsband-73-x-40-x-13cm-vit-svart\/","title":{"rendered":"TRUUSK Vibrationsplatta Med 99 Niv\u00e5er &#8211; 2 Tr\u00e4ningsband &#8211; 73 x 40 x 13cm &#8211; Vit + Svart"},"content":{"rendered":"<p>St\u00e4rk f\u00f6rsiktigt din kropp och st\u00e4rk din h\u00e4lsa med hj\u00e4lp av denna fantastiska vibrationsplatta. Denna m\u00e5ngsidiga tr\u00e4ningsenhet erbjuder dig m\u00e5nga funktionella tr\u00e4ningsl\u00e4gen som l\u00e5ter dig tr\u00e4na hela kroppen. Idealisk f\u00f6r att bygga muskler, f\u00f6rb\u00e4ttra blodcirkulationen, minska celluliter och \u00f6vervikt samt minska stress. 99 intensitetsniv\u00e5er hj\u00e4lper dig att gradvis komma n\u00e4rmare din dr\u00f6mfigur &#8211; fr\u00e5n bekv\u00e4mligheten av ditt eget hem.<\/p>\n<h3>Beskrivning:<\/h3>\n<ul>\n<li>1-99 intensitetsniv\u00e5er<\/li>\n<li>LED-display visar tid och hastighet<\/li>\n<li>L\u00e4tt vikt: l\u00e4tt att flytta och b\u00e4ra<\/li>\n<li>Helkropps\u00f6vningar som kn\u00e4b\u00f6j, armh\u00e4vningar etc kan utf\u00f6ras bra p\u00e5 den<\/li>\n<li>Halkfria sugf\u00f6tter garanterar stabilitet och s\u00e4rskilt tyst drift<\/li>\n<li>Fj\u00e4rrkontroll, tv\u00e5 tr\u00e4ningsband, adapter och instruktioner ing\u00e5r<\/li>\n<\/ul>\n<h3>Teknisk data:<\/h3>\n<ul>\n<li>F\u00e4rg: Vit+svart<\/li>\n<li>Material: ABS, TPR, metall<\/li>\n<li>Totala m\u00e5tt: 73L x 40W x 13Hcm<\/li>\n<li>Motoreffekt: 200W<\/li>\n<li>Intensitet: justerbar mellan 1 och 99<\/li>\n<li>Vridomr\u00e5de: 1-10 mm<\/li>\n<li>Sv\u00e4ngfrekvens: 1-12 Hz<\/li>\n<li>Sp\u00e4nning: AC220-240V 50Hz<\/li>\n<li>Str\u00f6mkabell\u00e4ngd: 1,2 m<\/li>\n<li>Standard i tid: 10 minuter<\/li>\n<li>Max belastning: 120 kg<\/li>\n<\/ul>\n<h3>Leveransens omfattning:<\/h3>\n<ul>\n<li>1 x Vibrationsplatta<\/li>\n<li>2 x Fitness Band<\/li>\n<li>1 x Fj\u00e4rrkontroll<\/li>\n<li>1 x Instruktioner<\/li>\n<\/ul>\n","protected":false},"excerpt":{"rendered":"<p>St\u00e4rk f\u00f6rsiktigt din kropp och st\u00e4rk din h\u00e4lsa med hj\u00e4lp av denna fantastiska vibrationsplatta. Denna m\u00e5ngsidiga tr\u00e4ningsenhet erbjuder dig m\u00e5nga&#8230;<\/p>\n","protected":false},"featured_media":31845,"template":"","meta":[],"product_brand":[],"product_cat":[661,647,666],"product_tag":[],"class_list":{"0":"post-31844","1":"product","2":"type-product","3":"status-publish","4":"has-post-thumbnail","6":"product_cat-kondition-styrketraning","7":"product_cat-sport-fritid","8":"product_cat-stegbrador-och-ministeg","10":"first","11":"instock","12":"sale","13":"taxable","14":"shipping-taxable","15":"purchasable","16":"product-type-simple"},"yoast_head":"<!-- This site is optimized with the Yoast SEO plugin v25.4 - https:\/\/yoast.com\/wordpress\/plugins\/seo\/ -->\n<title>TRUUSK Vibrationsplatta Med 99 Niv\u00e5er - 2 Tr\u00e4ningsband - 73 x 40 x 13cm - Vit + Svart - TRUUSK - Hem, Tr\u00e4dg\u00e5rd &amp; Fritid<\/title>\n<meta name=\"robots\" content=\"index, follow, max-snippet:-1, max-image-preview:large, max-video-preview:-1\" \/>\n<link rel=\"canonical\" href=\"https:\/\/truusk.store\/sv\/produkt\/truusk-vibrationsplatta-med-99-nivaer-2-traningsband-73-x-40-x-13cm-vit-svart\/\" \/>\n<meta property=\"og:locale\" content=\"sv_SE\" \/>\n<meta property=\"og:type\" content=\"article\" \/>\n<meta property=\"og:title\" content=\"TRUUSK Vibrationsplatta Med 99 Niv\u00e5er - 2 Tr\u00e4ningsband - 73 x 40 x 13cm - Vit + Svart - TRUUSK - Hem, Tr\u00e4dg\u00e5rd &amp; Fritid\" \/>\n<meta property=\"og:description\" content=\"St\u00e4rk f\u00f6rsiktigt din kropp och st\u00e4rk din h\u00e4lsa med hj\u00e4lp av denna fantastiska vibrationsplatta. Denna m\u00e5ngsidiga tr\u00e4ningsenhet erbjuder dig m\u00e5nga...\" \/>\n<meta property=\"og:url\" content=\"https:\/\/truusk.store\/sv\/produkt\/truusk-vibrationsplatta-med-99-nivaer-2-traningsband-73-x-40-x-13cm-vit-svart\/\" \/>\n<meta property=\"og:site_name\" content=\"TRUUSK - Hem, Tr\u00e4dg\u00e5rd &amp; Fritid\" \/>\n<meta property=\"article:modified_time\" content=\"2026-03-12T08:10:24+00:00\" \/>\n<meta property=\"og:image\" content=\"https:\/\/i0.wp.com\/truusk.se\/wp-content\/uploads\/2024\/02\/vibrationsplatta-med-99-nivaer-2-traningsband-73-x-40-x-13cm-vit-svart.webp?fit=800%2C800&ssl=1\" \/>\n\t<meta property=\"og:image:width\" content=\"800\" \/>\n\t<meta property=\"og:image:height\" content=\"800\" \/>\n\t<meta property=\"og:image:type\" content=\"image\/webp\" \/>\n<meta name=\"twitter:card\" content=\"summary_large_image\" \/>\n<meta name=\"twitter:label1\" content=\"Ber\u00e4knad l\u00e4stid\" \/>\n\t<meta name=\"twitter:data1\" content=\"1 minut\" \/>\n<!-- \/ Yoast SEO plugin. -->","yoast_head_json":{"title":"TRUUSK Vibrationsplatta Med 99 Niv\u00e5er - 2 Tr\u00e4ningsband - 73 x 40 x 13cm - Vit + Svart - TRUUSK - Hem, Tr\u00e4dg\u00e5rd &amp; Fritid","robots":{"index":"index","follow":"follow","max-snippet":"max-snippet:-1","max-image-preview":"max-image-preview:large","max-video-preview":"max-video-preview:-1"},"canonical":"https:\/\/truusk.store\/sv\/produkt\/truusk-vibrationsplatta-med-99-nivaer-2-traningsband-73-x-40-x-13cm-vit-svart\/","og_locale":"sv_SE","og_type":"article","og_title":"TRUUSK Vibrationsplatta Med 99 Niv\u00e5er - 2 Tr\u00e4ningsband - 73 x 40 x 13cm - Vit + Svart - TRUUSK - Hem, Tr\u00e4dg\u00e5rd &amp; Fritid","og_description":"St\u00e4rk f\u00f6rsiktigt din kropp och st\u00e4rk din h\u00e4lsa med hj\u00e4lp av denna fantastiska vibrationsplatta. Denna m\u00e5ngsidiga tr\u00e4ningsenhet erbjuder dig m\u00e5nga...","og_url":"https:\/\/truusk.store\/sv\/produkt\/truusk-vibrationsplatta-med-99-nivaer-2-traningsband-73-x-40-x-13cm-vit-svart\/","og_site_name":"TRUUSK - Hem, Tr\u00e4dg\u00e5rd &amp; Fritid","article_modified_time":"2026-03-12T08:10:24+00:00","og_image":[{"width":800,"height":800,"url":"https:\/\/i0.wp.com\/truusk.se\/wp-content\/uploads\/2024\/02\/vibrationsplatta-med-99-nivaer-2-traningsband-73-x-40-x-13cm-vit-svart.webp?fit=800%2C800&ssl=1","type":"image\/webp"}],"twitter_card":"summary_large_image","twitter_misc":{"Ber\u00e4knad l\u00e4stid":"1 minut"},"schema":{"@context":"https:\/\/schema.org","@graph":[{"@type":"WebPage","@id":"https:\/\/truusk.store\/sv\/produkt\/truusk-vibrationsplatta-med-99-nivaer-2-traningsband-73-x-40-x-13cm-vit-svart\/","url":"https:\/\/truusk.store\/sv\/produkt\/truusk-vibrationsplatta-med-99-nivaer-2-traningsband-73-x-40-x-13cm-vit-svart\/","name":"TRUUSK Vibrationsplatta Med 99 Niv\u00e5er - 2 Tr\u00e4ningsband - 73 x 40 x 13cm - Vit + Svart - TRUUSK - Hem, Tr\u00e4dg\u00e5rd &amp; Fritid","isPartOf":{"@id":"https:\/\/truusk.store\/sv\/#website"},"primaryImageOfPage":{"@id":"https:\/\/truusk.store\/sv\/produkt\/truusk-vibrationsplatta-med-99-nivaer-2-traningsband-73-x-40-x-13cm-vit-svart\/#primaryimage"},"image":{"@id":"https:\/\/truusk.store\/sv\/produkt\/truusk-vibrationsplatta-med-99-nivaer-2-traningsband-73-x-40-x-13cm-vit-svart\/#primaryimage"},"thumbnailUrl":"https:\/\/i0.wp.com\/truusk.store\/wp-content\/uploads\/2024\/02\/vibrationsplatta-med-99-nivaer-2-traningsband-73-x-40-x-13cm-vit-svart.webp?fit=800%2C800&ssl=1","datePublished":"2024-02-13T20:34:17+00:00","dateModified":"2026-03-12T08:10:24+00:00","breadcrumb":{"@id":"https:\/\/truusk.store\/sv\/produkt\/truusk-vibrationsplatta-med-99-nivaer-2-traningsband-73-x-40-x-13cm-vit-svart\/#breadcrumb"},"inLanguage":"sv-SE","potentialAction":[{"@type":"ReadAction","target":["https:\/\/truusk.store\/sv\/produkt\/truusk-vibrationsplatta-med-99-nivaer-2-traningsband-73-x-40-x-13cm-vit-svart\/"]}]},{"@type":"ImageObject","inLanguage":"sv-SE","@id":"https:\/\/truusk.store\/sv\/produkt\/truusk-vibrationsplatta-med-99-nivaer-2-traningsband-73-x-40-x-13cm-vit-svart\/#primaryimage","url":"https:\/\/i0.wp.com\/truusk.store\/wp-content\/uploads\/2024\/02\/vibrationsplatta-med-99-nivaer-2-traningsband-73-x-40-x-13cm-vit-svart.webp?fit=800%2C800&ssl=1","contentUrl":"https:\/\/i0.wp.com\/truusk.store\/wp-content\/uploads\/2024\/02\/vibrationsplatta-med-99-nivaer-2-traningsband-73-x-40-x-13cm-vit-svart.webp?fit=800%2C800&ssl=1","width":800,"height":800,"caption":"Vibrationsplatta Med 99 Niv\u00e5er, 2 Tr\u00e4ningsband 73 X 40 X 13cm Vit + Svart 1"},{"@type":"BreadcrumbList","@id":"https:\/\/truusk.store\/sv\/produkt\/truusk-vibrationsplatta-med-99-nivaer-2-traningsband-73-x-40-x-13cm-vit-svart\/#breadcrumb","itemListElement":[{"@type":"ListItem","position":1,"name":"Home","item":"https:\/\/truusk.store\/sv\/"},{"@type":"ListItem","position":2,"name":"Shop","item":"https:\/\/truusk.store\/shop\/"},{"@type":"ListItem","position":3,"name":"TRUUSK Vibrationsplatta Med 99 Niv\u00e5er &#8211; 2 Tr\u00e4ningsband &#8211; 73 x 40 x 13cm &#8211; Vit + Svart"}]},{"@type":"WebSite","@id":"https:\/\/truusk.store\/sv\/#website","url":"https:\/\/truusk.store\/sv\/","name":"TRUUSK - Hem, Tr\u00e4dg\u00e5rd & Fritid","description":"","publisher":{"@id":"https:\/\/truusk.store\/sv\/#organization"},"potentialAction":[{"@type":"SearchAction","target":{"@type":"EntryPoint","urlTemplate":"https:\/\/truusk.store\/sv\/?s={search_term_string}"},"query-input":{"@type":"PropertyValueSpecification","valueRequired":true,"valueName":"search_term_string"}}],"inLanguage":"sv-SE"},{"@type":"Organization","@id":"https:\/\/truusk.store\/sv\/#organization","name":"TRUUSK - Hem, Tr\u00e4dg\u00e5rd & Fritid","url":"https:\/\/truusk.store\/sv\/","logo":{"@type":"ImageObject","inLanguage":"sv-SE","@id":"https:\/\/truusk.store\/sv\/#\/schema\/logo\/image\/","url":"https:\/\/i0.wp.com\/truusk.store\/wp-content\/uploads\/2026\/03\/cropped-TRUUSK.png?fit=2032%2C917&ssl=1","contentUrl":"https:\/\/i0.wp.com\/truusk.store\/wp-content\/uploads\/2026\/03\/cropped-TRUUSK.png?fit=2032%2C917&ssl=1","width":2032,"height":917,"caption":"TRUUSK - Hem, Tr\u00e4dg\u00e5rd & Fritid"},"image":{"@id":"https:\/\/truusk.store\/sv\/#\/schema\/logo\/image\/"}}]}},"jetpack_sharing_enabled":true,"_links":{"self":[{"href":"https:\/\/truusk.store\/sv\/wp-json\/wp\/v2\/product\/31844","targetHints":{"allow":["GET"]}}],"collection":[{"href":"https:\/\/truusk.store\/sv\/wp-json\/wp\/v2\/product"}],"about":[{"href":"https:\/\/truusk.store\/sv\/wp-json\/wp\/v2\/types\/product"}],"wp:featuredmedia":[{"embeddable":true,"href":"https:\/\/truusk.store\/sv\/wp-json\/wp\/v2\/media\/31845"}],"wp:attachment":[{"href":"https:\/\/truusk.store\/sv\/wp-json\/wp\/v2\/media?parent=31844"}],"wp:term":[{"taxonomy":"product_brand","embeddable":true,"href":"https:\/\/truusk.store\/sv\/wp-json\/wp\/v2\/product_brand?post=31844"},{"taxonomy":"product_cat","embeddable":true,"href":"https:\/\/truusk.store\/sv\/wp-json\/wp\/v2\/product_cat?post=31844"},{"taxonomy":"product_tag","embeddable":true,"href":"https:\/\/truusk.store\/sv\/wp-json\/wp\/v2\/product_tag?post=31844"}],"curies":[{"name":"wp","href":"https:\/\/api.w.org\/{rel}","templated":true}]}}