{"id":31872,"date":"2024-02-13T21:35:18","date_gmt":"2024-02-13T20:35:18","guid":{"rendered":"https:\/\/truusk.store\/product\/katttrad-90-cm-skrapstolpe-med-hangmatta-lektrad-katt-grottplattformar-klattertrad-katt-skrapstolpe-aktivitet-skrapstolpe-plysch-sisalgra\/"},"modified":"2026-03-12T09:10:25","modified_gmt":"2026-03-12T08:10:25","slug":"truusk-katttrad-90-cm-skrapstolpe-med-hangmatta-lektrad-kattgrottplattformar-klattertrad-aktivitet-plysch-sisalgra","status":"publish","type":"product","link":"https:\/\/truusk.store\/sv\/produkt\/truusk-katttrad-90-cm-skrapstolpe-med-hangmatta-lektrad-kattgrottplattformar-klattertrad-aktivitet-plysch-sisalgra\/","title":{"rendered":"TRUUSK Katttr\u00e4d 90 cm &#8211; Skrapstolpe med H\u00e4ngmatta &#8211; Lektr\u00e4d &#8211; Kattgrottplattformar &#8211; Kl\u00e4ttertr\u00e4d &#8211; Aktivitet &#8211; Plysch Sisalgr\u00e5"},"content":{"rendered":"<p>Denna skrapstolpe \u00e4r en idealisk plats f\u00f6r att frig\u00f6ra energi, koppla av eller tillfredsst\u00e4lla lusten att klia och kl\u00e4ttra. Det inkluderar skrapytor, en grotta, en abborre, en h\u00e4ngmatta, en s\u00e4ng och en interaktiv kattleksak. Den \u00e4r gjord av robust sp\u00e5nskiva och t\u00e4ckt med mjuk plysch f\u00f6r s\u00e4kerhet och komfort. H\u00f6rnskrapstolpen g\u00f6r att dina katter kan h\u00e5lla klorna vassa och friska.<\/p>\n<h3>Beskrivning:<\/h3>\n<ul>\n<li>Utrustad med skrapstolpe, kattsandl\u00e5da med avtagbart lock, kattupph\u00e4ngningsmatta, kattb\u00e4dd, abborre och dinglande bollar<\/li>\n<li>Skrapstolpar g\u00f6r att din katt kan slipa sina klor borta fr\u00e5n m\u00f6bler<\/li>\n<li>En l\u00e4genhet erbjuder din katt en plats att dra sig tillbaka till och njuta av sin integritet<\/li>\n<li>Tillverkad av solid sp\u00e5nskiva f\u00f6r att h\u00e5lla detta kattaktivitetscenter stabilt<\/li>\n<li>Fluffiga leksaker ger \u00e4nnu roligare katter<\/li>\n<li>Montering kr\u00e4vs<\/li>\n<\/ul>\n<h3>Teknisk data:<\/h3>\n<ul>\n<li>F\u00e4rg gr\u00e5<\/li>\n<li>Material: sp\u00e5nskiva, sisal, plysch, filt<\/li>\n<li>\u00d6vergripande m\u00e5tt: 48L x 48W x 90H cm<\/li>\n<li>Kattl\u00e5dans storlek: 30L x 30W x 28H cm<\/li>\n<li>D\u00f6rrh\u00e5lsm\u00e5tt: 18 cm<\/li>\n<li>Andra plattformsm\u00e5tt: 48L x 48W cm<\/li>\n<li>H\u00e4ngmatta totalm\u00e5tt: 35L x 35W cm<\/li>\n<li>\u00d6vre s\u00e4ngm\u00e5tt: 48L x 28W x 8H cm<\/li>\n<li>Stolpm\u00e5tt: 5,5 cm<\/li>\n<li>Kulans m\u00e5tt: 4 x 10L cm<\/li>\n<li>L\u00e4mplig f\u00f6r katter under 4 kg<\/li>\n<\/ul>\n<h3>Leveransens omfattning:<\/h3>\n<ul>\n<li>1 x skrapstolpe<\/li>\n<li>1 x Instruktioner<\/li>\n<\/ul>\n","protected":false},"excerpt":{"rendered":"<p>Denna skrapstolpe \u00e4r en idealisk plats f\u00f6r att frig\u00f6ra energi, koppla av eller tillfredsst\u00e4lla lusten att klia och kl\u00e4ttra. Det&#8230;<\/p>\n","protected":false},"featured_media":31873,"template":"","meta":[],"product_brand":[],"product_cat":[573,588,589],"product_tag":[],"class_list":{"0":"post-31872","1":"product","2":"type-product","3":"status-publish","4":"has-post-thumbnail","6":"product_cat-husdjursmaterial","7":"product_cat-katttillbehor","8":"product_cat-skrapande-inlagg","10":"first","11":"instock","12":"sale","13":"taxable","14":"shipping-taxable","15":"purchasable","16":"product-type-simple"},"yoast_head":"<!-- This site is optimized with the Yoast SEO plugin v25.4 - https:\/\/yoast.com\/wordpress\/plugins\/seo\/ -->\n<title>TRUUSK Katttr\u00e4d 90 cm - Skrapstolpe med H\u00e4ngmatta - Lektr\u00e4d - Kattgrottplattformar - Kl\u00e4ttertr\u00e4d - Aktivitet - Plysch Sisalgr\u00e5 - TRUUSK - Hem, Tr\u00e4dg\u00e5rd &amp; Fritid<\/title>\n<meta name=\"robots\" content=\"index, follow, max-snippet:-1, max-image-preview:large, max-video-preview:-1\" \/>\n<link rel=\"canonical\" href=\"https:\/\/truusk.store\/sv\/produkt\/truusk-katttrad-90-cm-skrapstolpe-med-hangmatta-lektrad-kattgrottplattformar-klattertrad-aktivitet-plysch-sisalgra\/\" \/>\n<meta property=\"og:locale\" content=\"sv_SE\" \/>\n<meta property=\"og:type\" content=\"article\" \/>\n<meta property=\"og:title\" content=\"TRUUSK Katttr\u00e4d 90 cm - Skrapstolpe med H\u00e4ngmatta - Lektr\u00e4d - Kattgrottplattformar - Kl\u00e4ttertr\u00e4d - Aktivitet - Plysch Sisalgr\u00e5 - TRUUSK - Hem, Tr\u00e4dg\u00e5rd &amp; Fritid\" \/>\n<meta property=\"og:description\" content=\"Denna skrapstolpe \u00e4r en idealisk plats f\u00f6r att frig\u00f6ra energi, koppla av eller tillfredsst\u00e4lla lusten att klia och kl\u00e4ttra. Det...\" \/>\n<meta property=\"og:url\" content=\"https:\/\/truusk.store\/sv\/produkt\/truusk-katttrad-90-cm-skrapstolpe-med-hangmatta-lektrad-kattgrottplattformar-klattertrad-aktivitet-plysch-sisalgra\/\" \/>\n<meta property=\"og:site_name\" content=\"TRUUSK - Hem, Tr\u00e4dg\u00e5rd &amp; Fritid\" \/>\n<meta property=\"article:modified_time\" content=\"2026-03-12T08:10:25+00:00\" \/>\n<meta property=\"og:image\" content=\"https:\/\/i0.wp.com\/truusk.se\/wp-content\/uploads\/2024\/02\/katttrad-90-cm-skrapstolpe-med-hangmatta-lektrad-katt-grottplattformar-klattertrad-katt-skrapstolpe-aktivitet-skrapstolpe-plysch-sisalgra.webp?fit=800%2C800&ssl=1\" \/>\n\t<meta property=\"og:image:width\" content=\"800\" \/>\n\t<meta property=\"og:image:height\" content=\"800\" \/>\n\t<meta property=\"og:image:type\" content=\"image\/webp\" \/>\n<meta name=\"twitter:card\" content=\"summary_large_image\" \/>\n<meta name=\"twitter:label1\" content=\"Ber\u00e4knad l\u00e4stid\" \/>\n\t<meta name=\"twitter:data1\" content=\"1 minut\" \/>\n<!-- \/ Yoast SEO plugin. -->","yoast_head_json":{"title":"TRUUSK Katttr\u00e4d 90 cm - Skrapstolpe med H\u00e4ngmatta - Lektr\u00e4d - Kattgrottplattformar - Kl\u00e4ttertr\u00e4d - Aktivitet - Plysch Sisalgr\u00e5 - TRUUSK - Hem, Tr\u00e4dg\u00e5rd &amp; Fritid","robots":{"index":"index","follow":"follow","max-snippet":"max-snippet:-1","max-image-preview":"max-image-preview:large","max-video-preview":"max-video-preview:-1"},"canonical":"https:\/\/truusk.store\/sv\/produkt\/truusk-katttrad-90-cm-skrapstolpe-med-hangmatta-lektrad-kattgrottplattformar-klattertrad-aktivitet-plysch-sisalgra\/","og_locale":"sv_SE","og_type":"article","og_title":"TRUUSK Katttr\u00e4d 90 cm - Skrapstolpe med H\u00e4ngmatta - Lektr\u00e4d - Kattgrottplattformar - Kl\u00e4ttertr\u00e4d - Aktivitet - Plysch Sisalgr\u00e5 - TRUUSK - Hem, Tr\u00e4dg\u00e5rd &amp; Fritid","og_description":"Denna skrapstolpe \u00e4r en idealisk plats f\u00f6r att frig\u00f6ra energi, koppla av eller tillfredsst\u00e4lla lusten att klia och kl\u00e4ttra. Det...","og_url":"https:\/\/truusk.store\/sv\/produkt\/truusk-katttrad-90-cm-skrapstolpe-med-hangmatta-lektrad-kattgrottplattformar-klattertrad-aktivitet-plysch-sisalgra\/","og_site_name":"TRUUSK - Hem, Tr\u00e4dg\u00e5rd &amp; Fritid","article_modified_time":"2026-03-12T08:10:25+00:00","og_image":[{"width":800,"height":800,"url":"https:\/\/i0.wp.com\/truusk.se\/wp-content\/uploads\/2024\/02\/katttrad-90-cm-skrapstolpe-med-hangmatta-lektrad-katt-grottplattformar-klattertrad-katt-skrapstolpe-aktivitet-skrapstolpe-plysch-sisalgra.webp?fit=800%2C800&ssl=1","type":"image\/webp"}],"twitter_card":"summary_large_image","twitter_misc":{"Ber\u00e4knad l\u00e4stid":"1 minut"},"schema":{"@context":"https:\/\/schema.org","@graph":[{"@type":"WebPage","@id":"https:\/\/truusk.store\/sv\/produkt\/truusk-katttrad-90-cm-skrapstolpe-med-hangmatta-lektrad-kattgrottplattformar-klattertrad-aktivitet-plysch-sisalgra\/","url":"https:\/\/truusk.store\/sv\/produkt\/truusk-katttrad-90-cm-skrapstolpe-med-hangmatta-lektrad-kattgrottplattformar-klattertrad-aktivitet-plysch-sisalgra\/","name":"TRUUSK Katttr\u00e4d 90 cm - Skrapstolpe med H\u00e4ngmatta - Lektr\u00e4d - Kattgrottplattformar - Kl\u00e4ttertr\u00e4d - Aktivitet - Plysch Sisalgr\u00e5 - TRUUSK - Hem, Tr\u00e4dg\u00e5rd &amp; Fritid","isPartOf":{"@id":"https:\/\/truusk.store\/sv\/#website"},"primaryImageOfPage":{"@id":"https:\/\/truusk.store\/sv\/produkt\/truusk-katttrad-90-cm-skrapstolpe-med-hangmatta-lektrad-kattgrottplattformar-klattertrad-aktivitet-plysch-sisalgra\/#primaryimage"},"image":{"@id":"https:\/\/truusk.store\/sv\/produkt\/truusk-katttrad-90-cm-skrapstolpe-med-hangmatta-lektrad-kattgrottplattformar-klattertrad-aktivitet-plysch-sisalgra\/#primaryimage"},"thumbnailUrl":"https:\/\/i0.wp.com\/truusk.store\/wp-content\/uploads\/2024\/02\/katttrad-90-cm-skrapstolpe-med-hangmatta-lektrad-katt-grottplattformar-klattertrad-katt-skrapstolpe-aktivitet-skrapstolpe-plysch-sisalgra.webp?fit=800%2C800&ssl=1","datePublished":"2024-02-13T20:35:18+00:00","dateModified":"2026-03-12T08:10:25+00:00","breadcrumb":{"@id":"https:\/\/truusk.store\/sv\/produkt\/truusk-katttrad-90-cm-skrapstolpe-med-hangmatta-lektrad-kattgrottplattformar-klattertrad-aktivitet-plysch-sisalgra\/#breadcrumb"},"inLanguage":"sv-SE","potentialAction":[{"@type":"ReadAction","target":["https:\/\/truusk.store\/sv\/produkt\/truusk-katttrad-90-cm-skrapstolpe-med-hangmatta-lektrad-kattgrottplattformar-klattertrad-aktivitet-plysch-sisalgra\/"]}]},{"@type":"ImageObject","inLanguage":"sv-SE","@id":"https:\/\/truusk.store\/sv\/produkt\/truusk-katttrad-90-cm-skrapstolpe-med-hangmatta-lektrad-kattgrottplattformar-klattertrad-aktivitet-plysch-sisalgra\/#primaryimage","url":"https:\/\/i0.wp.com\/truusk.store\/wp-content\/uploads\/2024\/02\/katttrad-90-cm-skrapstolpe-med-hangmatta-lektrad-katt-grottplattformar-klattertrad-katt-skrapstolpe-aktivitet-skrapstolpe-plysch-sisalgra.webp?fit=800%2C800&ssl=1","contentUrl":"https:\/\/i0.wp.com\/truusk.store\/wp-content\/uploads\/2024\/02\/katttrad-90-cm-skrapstolpe-med-hangmatta-lektrad-katt-grottplattformar-klattertrad-katt-skrapstolpe-aktivitet-skrapstolpe-plysch-sisalgra.webp?fit=800%2C800&ssl=1","width":800,"height":800,"caption":"Katttr\u00e4d 90 Cm Skrapstolpe Med H\u00e4ngmatta Lektr\u00e4d Katt Grottplattformar Kl\u00e4ttertr\u00e4d Katt Skrapstolpe Aktivitet Skrapstolpe Plysch Sisalgr\u00e5 1"},{"@type":"BreadcrumbList","@id":"https:\/\/truusk.store\/sv\/produkt\/truusk-katttrad-90-cm-skrapstolpe-med-hangmatta-lektrad-kattgrottplattformar-klattertrad-aktivitet-plysch-sisalgra\/#breadcrumb","itemListElement":[{"@type":"ListItem","position":1,"name":"Home","item":"https:\/\/truusk.store\/sv\/"},{"@type":"ListItem","position":2,"name":"Shop","item":"https:\/\/truusk.store\/shop\/"},{"@type":"ListItem","position":3,"name":"TRUUSK Katttr\u00e4d 90 cm &#8211; Skrapstolpe med H\u00e4ngmatta &#8211; Lektr\u00e4d &#8211; Kattgrottplattformar &#8211; Kl\u00e4ttertr\u00e4d &#8211; Aktivitet &#8211; Plysch Sisalgr\u00e5"}]},{"@type":"WebSite","@id":"https:\/\/truusk.store\/sv\/#website","url":"https:\/\/truusk.store\/sv\/","name":"TRUUSK - Hem, Tr\u00e4dg\u00e5rd & Fritid","description":"","publisher":{"@id":"https:\/\/truusk.store\/sv\/#organization"},"potentialAction":[{"@type":"SearchAction","target":{"@type":"EntryPoint","urlTemplate":"https:\/\/truusk.store\/sv\/?s={search_term_string}"},"query-input":{"@type":"PropertyValueSpecification","valueRequired":true,"valueName":"search_term_string"}}],"inLanguage":"sv-SE"},{"@type":"Organization","@id":"https:\/\/truusk.store\/sv\/#organization","name":"TRUUSK - Hem, Tr\u00e4dg\u00e5rd & Fritid","url":"https:\/\/truusk.store\/sv\/","logo":{"@type":"ImageObject","inLanguage":"sv-SE","@id":"https:\/\/truusk.store\/sv\/#\/schema\/logo\/image\/","url":"https:\/\/i0.wp.com\/truusk.store\/wp-content\/uploads\/2026\/03\/cropped-TRUUSK.png?fit=2032%2C917&ssl=1","contentUrl":"https:\/\/i0.wp.com\/truusk.store\/wp-content\/uploads\/2026\/03\/cropped-TRUUSK.png?fit=2032%2C917&ssl=1","width":2032,"height":917,"caption":"TRUUSK - Hem, Tr\u00e4dg\u00e5rd & Fritid"},"image":{"@id":"https:\/\/truusk.store\/sv\/#\/schema\/logo\/image\/"}}]}},"jetpack_sharing_enabled":true,"_links":{"self":[{"href":"https:\/\/truusk.store\/sv\/wp-json\/wp\/v2\/product\/31872","targetHints":{"allow":["GET"]}}],"collection":[{"href":"https:\/\/truusk.store\/sv\/wp-json\/wp\/v2\/product"}],"about":[{"href":"https:\/\/truusk.store\/sv\/wp-json\/wp\/v2\/types\/product"}],"wp:featuredmedia":[{"embeddable":true,"href":"https:\/\/truusk.store\/sv\/wp-json\/wp\/v2\/media\/31873"}],"wp:attachment":[{"href":"https:\/\/truusk.store\/sv\/wp-json\/wp\/v2\/media?parent=31872"}],"wp:term":[{"taxonomy":"product_brand","embeddable":true,"href":"https:\/\/truusk.store\/sv\/wp-json\/wp\/v2\/product_brand?post=31872"},{"taxonomy":"product_cat","embeddable":true,"href":"https:\/\/truusk.store\/sv\/wp-json\/wp\/v2\/product_cat?post=31872"},{"taxonomy":"product_tag","embeddable":true,"href":"https:\/\/truusk.store\/sv\/wp-json\/wp\/v2\/product_tag?post=31872"}],"curies":[{"name":"wp","href":"https:\/\/api.w.org\/{rel}","templated":true}]}}