{"id":31884,"date":"2024-02-13T21:35:39","date_gmt":"2024-02-13T20:35:39","guid":{"rendered":"https:\/\/truusk.store\/product\/transportlada-for-medelstora-och-sma-hundar-lasbar-av-tramaterial-stalgra-vit\/"},"modified":"2026-03-12T09:10:25","modified_gmt":"2026-03-12T08:10:25","slug":"truusk-transportlada-for-medelstora-och-sma-hundar-lasbar-av-tramaterial-stalgra-vit","status":"publish","type":"product","link":"https:\/\/truusk.store\/sv\/produkt\/truusk-transportlada-for-medelstora-och-sma-hundar-lasbar-av-tramaterial-stalgra-vit\/","title":{"rendered":"TRUUSK Transportl\u00e5da f\u00f6r medelstora och sm\u00e5 hundar &#8211; L\u00e5sbar av tr\u00e4material &#8211; St\u00e5lgr\u00e5 + Vit"},"content":{"rendered":"<p>Letar du efter en transportl\u00e5da till din hund? Denna transportl\u00e5da l\u00f6ser dina problem. Det tv\u00e5f\u00e4rgade utseendet p\u00e5 denna hundl\u00e5da \u00e4r modern. Den solida konstruktionen av tr\u00e4material och st\u00e5ln\u00e4t \u00e4r stabil och l\u00e5ter dig titta p\u00e5 ditt husdjur. D\u00f6rren \u00e4r \u00e4ven l\u00e5sbar f\u00f6r att garantera s\u00e4kerheten f\u00f6r ditt djur.<\/p>\n<h3>Beskrivning:<\/h3>\n<ul>\n<li>Modern design i tv\u00e5 f\u00e4rger<\/li>\n<li>L\u00e4mplig f\u00f6r sm\u00e5 och medelstora hundar, s\u00e5som: B. Boston terrier<\/li>\n<li>Det upph\u00f6jda golvet \u00e4r l\u00e4tt att reng\u00f6ra och skyddar dina husdjur fr\u00e5n kyla och fukt<\/li>\n<li>De justerbara fotst\u00f6den ser till att hundl\u00e5dan f\u00f6rblir balanserad \u00e4ven p\u00e5 oj\u00e4mna golv<\/li>\n<li>Montering kr\u00e4vs<\/li>\n<li>Obs: Med st\u00e4ngda d\u00f6rrar \u00e4r denna hundbur endast l\u00e4mplig f\u00f6r korttidsboende eller f\u00f6r att transportera din hund. Hundar ska aldrig h\u00e5llas i en st\u00e4ngd bur under en l\u00e4ngre tid.<\/li>\n<\/ul>\n<h3>Teknisk data:<\/h3>\n<ul>\n<li>F\u00e4rg: Gr\u00e5+vit<\/li>\n<li>Material: sp\u00e5nskiva, st\u00e5l<\/li>\n<li>\u00d6vergripande m\u00e5tt: 85W x 55D x 75H cm<\/li>\n<li>Innerm\u00e5tt: 78L x 48W x 65H cm<\/li>\n<li>Enkeld\u00f6rrstorlek: 39W x 65H cm<\/li>\n<li>Sidof\u00f6nsterstorlek: 40W x 53,5H cm<\/li>\n<li>H\u00f6jd p\u00e5 basen: 6,5 cm<\/li>\n<li>Lastkapacitet: 50 kg (\u00f6verst), 30 kg (inre)<\/li>\n<\/ul>\n<h3>Leveransens omfattning:<\/h3>\n<ul>\n<li>1 x hundhus<\/li>\n<li>1 x Instruktioner<\/li>\n<\/ul>\n","protected":false},"excerpt":{"rendered":"<p>Letar du efter en transportl\u00e5da till din hund? Denna transportl\u00e5da l\u00f6ser dina problem. Det tv\u00e5f\u00e4rgade utseendet p\u00e5 denna hundl\u00e5da \u00e4r&#8230;<\/p>\n","protected":false},"featured_media":31885,"template":"","meta":[],"product_brand":[],"product_cat":[583,574,573],"product_tag":[],"class_list":{"0":"post-31884","1":"product","2":"type-product","3":"status-publish","4":"has-post-thumbnail","6":"product_cat-hundburar","7":"product_cat-hundtillbehor","8":"product_cat-husdjursmaterial","10":"first","11":"instock","12":"sale","13":"taxable","14":"shipping-taxable","15":"purchasable","16":"product-type-simple"},"yoast_head":"<!-- This site is optimized with the Yoast SEO plugin v25.4 - https:\/\/yoast.com\/wordpress\/plugins\/seo\/ -->\n<title>TRUUSK Transportl\u00e5da f\u00f6r medelstora och sm\u00e5 hundar - L\u00e5sbar av tr\u00e4material - St\u00e5lgr\u00e5 + Vit - TRUUSK - Hem, Tr\u00e4dg\u00e5rd &amp; Fritid<\/title>\n<meta name=\"robots\" content=\"index, follow, max-snippet:-1, max-image-preview:large, max-video-preview:-1\" \/>\n<link rel=\"canonical\" href=\"https:\/\/truusk.store\/sv\/produkt\/truusk-transportlada-for-medelstora-och-sma-hundar-lasbar-av-tramaterial-stalgra-vit\/\" \/>\n<meta property=\"og:locale\" content=\"sv_SE\" \/>\n<meta property=\"og:type\" content=\"article\" \/>\n<meta property=\"og:title\" content=\"TRUUSK Transportl\u00e5da f\u00f6r medelstora och sm\u00e5 hundar - L\u00e5sbar av tr\u00e4material - St\u00e5lgr\u00e5 + Vit - TRUUSK - Hem, Tr\u00e4dg\u00e5rd &amp; Fritid\" \/>\n<meta property=\"og:description\" content=\"Letar du efter en transportl\u00e5da till din hund? Denna transportl\u00e5da l\u00f6ser dina problem. Det tv\u00e5f\u00e4rgade utseendet p\u00e5 denna hundl\u00e5da \u00e4r...\" \/>\n<meta property=\"og:url\" content=\"https:\/\/truusk.store\/sv\/produkt\/truusk-transportlada-for-medelstora-och-sma-hundar-lasbar-av-tramaterial-stalgra-vit\/\" \/>\n<meta property=\"og:site_name\" content=\"TRUUSK - Hem, Tr\u00e4dg\u00e5rd &amp; Fritid\" \/>\n<meta property=\"article:modified_time\" content=\"2026-03-12T08:10:25+00:00\" \/>\n<meta property=\"og:image\" content=\"https:\/\/i0.wp.com\/truusk.se\/wp-content\/uploads\/2024\/02\/transportlada-for-medelstora-och-sma-hundar-lasbar-av-tramaterial-stalgra-vit.webp?fit=800%2C800&ssl=1\" \/>\n\t<meta property=\"og:image:width\" content=\"800\" \/>\n\t<meta property=\"og:image:height\" content=\"800\" \/>\n\t<meta property=\"og:image:type\" content=\"image\/webp\" \/>\n<meta name=\"twitter:card\" content=\"summary_large_image\" \/>\n<meta name=\"twitter:label1\" content=\"Ber\u00e4knad l\u00e4stid\" \/>\n\t<meta name=\"twitter:data1\" content=\"1 minut\" \/>\n<!-- \/ Yoast SEO plugin. -->","yoast_head_json":{"title":"TRUUSK Transportl\u00e5da f\u00f6r medelstora och sm\u00e5 hundar - L\u00e5sbar av tr\u00e4material - St\u00e5lgr\u00e5 + Vit - TRUUSK - Hem, Tr\u00e4dg\u00e5rd &amp; Fritid","robots":{"index":"index","follow":"follow","max-snippet":"max-snippet:-1","max-image-preview":"max-image-preview:large","max-video-preview":"max-video-preview:-1"},"canonical":"https:\/\/truusk.store\/sv\/produkt\/truusk-transportlada-for-medelstora-och-sma-hundar-lasbar-av-tramaterial-stalgra-vit\/","og_locale":"sv_SE","og_type":"article","og_title":"TRUUSK Transportl\u00e5da f\u00f6r medelstora och sm\u00e5 hundar - L\u00e5sbar av tr\u00e4material - St\u00e5lgr\u00e5 + Vit - TRUUSK - Hem, Tr\u00e4dg\u00e5rd &amp; Fritid","og_description":"Letar du efter en transportl\u00e5da till din hund? Denna transportl\u00e5da l\u00f6ser dina problem. Det tv\u00e5f\u00e4rgade utseendet p\u00e5 denna hundl\u00e5da \u00e4r...","og_url":"https:\/\/truusk.store\/sv\/produkt\/truusk-transportlada-for-medelstora-och-sma-hundar-lasbar-av-tramaterial-stalgra-vit\/","og_site_name":"TRUUSK - Hem, Tr\u00e4dg\u00e5rd &amp; Fritid","article_modified_time":"2026-03-12T08:10:25+00:00","og_image":[{"width":800,"height":800,"url":"https:\/\/i0.wp.com\/truusk.se\/wp-content\/uploads\/2024\/02\/transportlada-for-medelstora-och-sma-hundar-lasbar-av-tramaterial-stalgra-vit.webp?fit=800%2C800&ssl=1","type":"image\/webp"}],"twitter_card":"summary_large_image","twitter_misc":{"Ber\u00e4knad l\u00e4stid":"1 minut"},"schema":{"@context":"https:\/\/schema.org","@graph":[{"@type":"WebPage","@id":"https:\/\/truusk.store\/sv\/produkt\/truusk-transportlada-for-medelstora-och-sma-hundar-lasbar-av-tramaterial-stalgra-vit\/","url":"https:\/\/truusk.store\/sv\/produkt\/truusk-transportlada-for-medelstora-och-sma-hundar-lasbar-av-tramaterial-stalgra-vit\/","name":"TRUUSK Transportl\u00e5da f\u00f6r medelstora och sm\u00e5 hundar - L\u00e5sbar av tr\u00e4material - St\u00e5lgr\u00e5 + Vit - TRUUSK - Hem, Tr\u00e4dg\u00e5rd &amp; Fritid","isPartOf":{"@id":"https:\/\/truusk.store\/sv\/#website"},"primaryImageOfPage":{"@id":"https:\/\/truusk.store\/sv\/produkt\/truusk-transportlada-for-medelstora-och-sma-hundar-lasbar-av-tramaterial-stalgra-vit\/#primaryimage"},"image":{"@id":"https:\/\/truusk.store\/sv\/produkt\/truusk-transportlada-for-medelstora-och-sma-hundar-lasbar-av-tramaterial-stalgra-vit\/#primaryimage"},"thumbnailUrl":"https:\/\/i0.wp.com\/truusk.store\/wp-content\/uploads\/2024\/02\/transportlada-for-medelstora-och-sma-hundar-lasbar-av-tramaterial-stalgra-vit.webp?fit=800%2C800&ssl=1","datePublished":"2024-02-13T20:35:39+00:00","dateModified":"2026-03-12T08:10:25+00:00","breadcrumb":{"@id":"https:\/\/truusk.store\/sv\/produkt\/truusk-transportlada-for-medelstora-och-sma-hundar-lasbar-av-tramaterial-stalgra-vit\/#breadcrumb"},"inLanguage":"sv-SE","potentialAction":[{"@type":"ReadAction","target":["https:\/\/truusk.store\/sv\/produkt\/truusk-transportlada-for-medelstora-och-sma-hundar-lasbar-av-tramaterial-stalgra-vit\/"]}]},{"@type":"ImageObject","inLanguage":"sv-SE","@id":"https:\/\/truusk.store\/sv\/produkt\/truusk-transportlada-for-medelstora-och-sma-hundar-lasbar-av-tramaterial-stalgra-vit\/#primaryimage","url":"https:\/\/i0.wp.com\/truusk.store\/wp-content\/uploads\/2024\/02\/transportlada-for-medelstora-och-sma-hundar-lasbar-av-tramaterial-stalgra-vit.webp?fit=800%2C800&ssl=1","contentUrl":"https:\/\/i0.wp.com\/truusk.store\/wp-content\/uploads\/2024\/02\/transportlada-for-medelstora-och-sma-hundar-lasbar-av-tramaterial-stalgra-vit.webp?fit=800%2C800&ssl=1","width":800,"height":800,"caption":"Transportl\u00e5da F\u00f6r Medelstora Och Sm\u00e5 Hundar, L\u00e5sbar Av Tr\u00e4material St\u00e5lgr\u00e5 + Vit 1"},{"@type":"BreadcrumbList","@id":"https:\/\/truusk.store\/sv\/produkt\/truusk-transportlada-for-medelstora-och-sma-hundar-lasbar-av-tramaterial-stalgra-vit\/#breadcrumb","itemListElement":[{"@type":"ListItem","position":1,"name":"Home","item":"https:\/\/truusk.store\/sv\/"},{"@type":"ListItem","position":2,"name":"Shop","item":"https:\/\/truusk.store\/shop\/"},{"@type":"ListItem","position":3,"name":"TRUUSK Transportl\u00e5da f\u00f6r medelstora och sm\u00e5 hundar &#8211; L\u00e5sbar av tr\u00e4material &#8211; St\u00e5lgr\u00e5 + Vit"}]},{"@type":"WebSite","@id":"https:\/\/truusk.store\/sv\/#website","url":"https:\/\/truusk.store\/sv\/","name":"TRUUSK - Hem, Tr\u00e4dg\u00e5rd & Fritid","description":"","publisher":{"@id":"https:\/\/truusk.store\/sv\/#organization"},"potentialAction":[{"@type":"SearchAction","target":{"@type":"EntryPoint","urlTemplate":"https:\/\/truusk.store\/sv\/?s={search_term_string}"},"query-input":{"@type":"PropertyValueSpecification","valueRequired":true,"valueName":"search_term_string"}}],"inLanguage":"sv-SE"},{"@type":"Organization","@id":"https:\/\/truusk.store\/sv\/#organization","name":"TRUUSK - Hem, Tr\u00e4dg\u00e5rd & Fritid","url":"https:\/\/truusk.store\/sv\/","logo":{"@type":"ImageObject","inLanguage":"sv-SE","@id":"https:\/\/truusk.store\/sv\/#\/schema\/logo\/image\/","url":"https:\/\/i0.wp.com\/truusk.store\/wp-content\/uploads\/2026\/03\/cropped-TRUUSK.png?fit=2032%2C917&ssl=1","contentUrl":"https:\/\/i0.wp.com\/truusk.store\/wp-content\/uploads\/2026\/03\/cropped-TRUUSK.png?fit=2032%2C917&ssl=1","width":2032,"height":917,"caption":"TRUUSK - Hem, Tr\u00e4dg\u00e5rd & Fritid"},"image":{"@id":"https:\/\/truusk.store\/sv\/#\/schema\/logo\/image\/"}}]}},"jetpack_sharing_enabled":true,"_links":{"self":[{"href":"https:\/\/truusk.store\/sv\/wp-json\/wp\/v2\/product\/31884","targetHints":{"allow":["GET"]}}],"collection":[{"href":"https:\/\/truusk.store\/sv\/wp-json\/wp\/v2\/product"}],"about":[{"href":"https:\/\/truusk.store\/sv\/wp-json\/wp\/v2\/types\/product"}],"wp:featuredmedia":[{"embeddable":true,"href":"https:\/\/truusk.store\/sv\/wp-json\/wp\/v2\/media\/31885"}],"wp:attachment":[{"href":"https:\/\/truusk.store\/sv\/wp-json\/wp\/v2\/media?parent=31884"}],"wp:term":[{"taxonomy":"product_brand","embeddable":true,"href":"https:\/\/truusk.store\/sv\/wp-json\/wp\/v2\/product_brand?post=31884"},{"taxonomy":"product_cat","embeddable":true,"href":"https:\/\/truusk.store\/sv\/wp-json\/wp\/v2\/product_cat?post=31884"},{"taxonomy":"product_tag","embeddable":true,"href":"https:\/\/truusk.store\/sv\/wp-json\/wp\/v2\/product_tag?post=31884"}],"curies":[{"name":"wp","href":"https:\/\/api.w.org\/{rel}","templated":true}]}}