{"id":31902,"date":"2024-02-13T21:36:21","date_gmt":"2024-02-13T20:36:21","guid":{"rendered":"https:\/\/truusk.store\/product\/hundsparr-dorrvakt-pet-guard-justerbar-hopfallbar-oppen-spisgrind-med-automatisk-stangningsdorr-3-paneler-for-ugn-vaggmonterad-fristaende-svart-2025-x-76-cm\/"},"modified":"2026-03-12T09:10:25","modified_gmt":"2026-03-12T08:10:25","slug":"truusk-justerbar-hundsparr-dorrvakt-hopfallbar-automatisk-stangningsdorr-3-paneler-for-ugn-vaggmonterad-fristaende","status":"publish","type":"product","link":"https:\/\/truusk.store\/sv\/produkt\/truusk-justerbar-hundsparr-dorrvakt-hopfallbar-automatisk-stangningsdorr-3-paneler-for-ugn-vaggmonterad-fristaende\/","title":{"rendered":"TRUUSK Justerbar Hundsp\u00e4rr D\u00f6rrvakt &#8211; Hopf\u00e4llbar &#8211; Automatisk St\u00e4ngningsd\u00f6rr &#8211; 3 Paneler &#8211; F\u00f6r Ugn\/V\u00e4ggmonterad\/Frist\u00e5ende &#8211;"},"content":{"rendered":"<p>Denna husdjursbarri\u00e4r \u00e4r designad f\u00f6r att ge en s\u00e4ker och bekv\u00e4m plats f\u00f6r dina lurviga v\u00e4nner. Den kan anv\u00e4ndas som hundgrind, d\u00f6rrvakt och bom. Du kan bygga den i olika former f\u00f6r att m\u00f6ta dina olika behov. Tack vare sin vikbara design \u00e4r hundlekhagen l\u00e4tt att transportera och f\u00f6rvara n\u00e4r den inte anv\u00e4nds.<\/p>\n<h3>Beskrivning:<\/h3>\n<ul>\n<li>Kan anv\u00e4ndas som husdjursbarri\u00e4r, d\u00f6rrgrind och trappgrind etc<\/li>\n<li>D\u00f6rren kan st\u00e4ngas automatiskt n\u00e4r dess \u00f6ppningsvinkel \u00e4r mindre \u00e4n 90 och f\u00f6rbli \u00f6ppen n\u00e4r den \u00e4r \u00f6ver 90. (D\u00f6rren st\u00e4ngs inte om vinkeln \u00e4r mindre \u00e4n 15)<\/li>\n<li>Denna husdjursgrind kan g\u00f6ras till valfri form, L-form, U-form, etc.<\/li>\n<li>Skjut knappen i b\u00e5da \u00e4ndarna av toppen och lyft f\u00f6r att \u00f6ppna d\u00f6rren<\/li>\n<li>Dra \u00e5t knappen p\u00e5 vikningen f\u00f6r att s\u00e4kra d\u00f6rren<\/li>\n<li>Bred d\u00f6rr f\u00f6r enkel passage<\/li>\n<li>Solid st\u00e5lram med pulverlackerad yta, s\u00e4ker och h\u00e5llbar f\u00f6r l\u00e5ngvarig anv\u00e4ndning<\/li>\n<li>Hopf\u00e4llbar design f\u00f6r enkel f\u00f6rvaring och transport<\/li>\n<li>L\u00e4mplig f\u00f6r sm\u00e5 och medelstora hundar<\/li>\n<li>Montering kr\u00e4vs<\/li>\n<\/ul>\n<h3>Teknisk data:<\/h3>\n<ul>\n<li>Svart f\u00e4rg<\/li>\n<li>Material: st\u00e5l, plast<\/li>\n<li>Fullt ut\u00f6kad storlek: 202,5L x 2D x 76H cm<\/li>\n<li>Vikbar storlek: 82L x 9,5D x 78H cm<\/li>\n<li>Produktstorlek: 82,5L x 76H cm (med d\u00f6rr), 60L x 76H cm (utan d\u00f6rr)<\/li>\n<li>Entr\u00e9d\u00f6rrs bredd: 61 cm<\/li>\n<li>Zune-avst\u00e5nd: 5 cm<\/li>\n<\/ul>\n<h3>Leveransens omfattning:<\/h3>\n<ul>\n<li>1 x Hundvakt<\/li>\n<li>1 x Instruktioner<\/li>\n<\/ul>\n","protected":false},"excerpt":{"rendered":"<p>Denna husdjursbarri\u00e4r \u00e4r designad f\u00f6r att ge en s\u00e4ker och bekv\u00e4m plats f\u00f6r dina lurviga v\u00e4nner. Den kan anv\u00e4ndas som&#8230;<\/p>\n","protected":false},"featured_media":31903,"template":"","meta":[],"product_brand":[],"product_cat":[577,574,573],"product_tag":[],"class_list":{"0":"post-31902","1":"product","2":"type-product","3":"status-publish","4":"has-post-thumbnail","6":"product_cat-hundgrindar-avdelare","7":"product_cat-hundtillbehor","8":"product_cat-husdjursmaterial","10":"first","11":"instock","12":"sale","13":"taxable","14":"shipping-taxable","15":"purchasable","16":"product-type-simple"},"yoast_head":"<!-- This site is optimized with the Yoast SEO plugin v25.4 - https:\/\/yoast.com\/wordpress\/plugins\/seo\/ -->\n<title>TRUUSK Justerbar Hundsp\u00e4rr D\u00f6rrvakt - Hopf\u00e4llbar - Automatisk St\u00e4ngningsd\u00f6rr - 3 Paneler - F\u00f6r Ugn\/V\u00e4ggmonterad\/Frist\u00e5ende - TRUUSK - Hem, Tr\u00e4dg\u00e5rd &amp; Fritid<\/title>\n<meta name=\"robots\" content=\"index, follow, max-snippet:-1, max-image-preview:large, max-video-preview:-1\" \/>\n<link rel=\"canonical\" href=\"https:\/\/truusk.store\/sv\/produkt\/truusk-justerbar-hundsparr-dorrvakt-hopfallbar-automatisk-stangningsdorr-3-paneler-for-ugn-vaggmonterad-fristaende\/\" \/>\n<meta property=\"og:locale\" content=\"sv_SE\" \/>\n<meta property=\"og:type\" content=\"article\" \/>\n<meta property=\"og:title\" content=\"TRUUSK Justerbar Hundsp\u00e4rr D\u00f6rrvakt - Hopf\u00e4llbar - Automatisk St\u00e4ngningsd\u00f6rr - 3 Paneler - F\u00f6r Ugn\/V\u00e4ggmonterad\/Frist\u00e5ende - TRUUSK - Hem, Tr\u00e4dg\u00e5rd &amp; Fritid\" \/>\n<meta property=\"og:description\" content=\"Denna husdjursbarri\u00e4r \u00e4r designad f\u00f6r att ge en s\u00e4ker och bekv\u00e4m plats f\u00f6r dina lurviga v\u00e4nner. Den kan anv\u00e4ndas som...\" \/>\n<meta property=\"og:url\" content=\"https:\/\/truusk.store\/sv\/produkt\/truusk-justerbar-hundsparr-dorrvakt-hopfallbar-automatisk-stangningsdorr-3-paneler-for-ugn-vaggmonterad-fristaende\/\" \/>\n<meta property=\"og:site_name\" content=\"TRUUSK - Hem, Tr\u00e4dg\u00e5rd &amp; Fritid\" \/>\n<meta property=\"article:modified_time\" content=\"2026-03-12T08:10:25+00:00\" \/>\n<meta property=\"og:image\" content=\"https:\/\/i0.wp.com\/truusk.se\/wp-content\/uploads\/2024\/02\/hundsparr-dorrvakt-pet-guard-justerbar-hopfallbar-oppen-spisgrind-med-automatisk-stangningsdorr-3-paneler-for-ugn-vaggmonterad-fristaende-svart-2025-x-76-cm.webp?fit=800%2C800&ssl=1\" \/>\n\t<meta property=\"og:image:width\" content=\"800\" \/>\n\t<meta property=\"og:image:height\" content=\"800\" \/>\n\t<meta property=\"og:image:type\" content=\"image\/webp\" \/>\n<meta name=\"twitter:card\" content=\"summary_large_image\" \/>\n<meta name=\"twitter:label1\" content=\"Ber\u00e4knad l\u00e4stid\" \/>\n\t<meta name=\"twitter:data1\" content=\"1 minut\" \/>\n<!-- \/ Yoast SEO plugin. -->","yoast_head_json":{"title":"TRUUSK Justerbar Hundsp\u00e4rr D\u00f6rrvakt - Hopf\u00e4llbar - Automatisk St\u00e4ngningsd\u00f6rr - 3 Paneler - F\u00f6r Ugn\/V\u00e4ggmonterad\/Frist\u00e5ende - TRUUSK - Hem, Tr\u00e4dg\u00e5rd &amp; Fritid","robots":{"index":"index","follow":"follow","max-snippet":"max-snippet:-1","max-image-preview":"max-image-preview:large","max-video-preview":"max-video-preview:-1"},"canonical":"https:\/\/truusk.store\/sv\/produkt\/truusk-justerbar-hundsparr-dorrvakt-hopfallbar-automatisk-stangningsdorr-3-paneler-for-ugn-vaggmonterad-fristaende\/","og_locale":"sv_SE","og_type":"article","og_title":"TRUUSK Justerbar Hundsp\u00e4rr D\u00f6rrvakt - Hopf\u00e4llbar - Automatisk St\u00e4ngningsd\u00f6rr - 3 Paneler - F\u00f6r Ugn\/V\u00e4ggmonterad\/Frist\u00e5ende - TRUUSK - Hem, Tr\u00e4dg\u00e5rd &amp; Fritid","og_description":"Denna husdjursbarri\u00e4r \u00e4r designad f\u00f6r att ge en s\u00e4ker och bekv\u00e4m plats f\u00f6r dina lurviga v\u00e4nner. Den kan anv\u00e4ndas som...","og_url":"https:\/\/truusk.store\/sv\/produkt\/truusk-justerbar-hundsparr-dorrvakt-hopfallbar-automatisk-stangningsdorr-3-paneler-for-ugn-vaggmonterad-fristaende\/","og_site_name":"TRUUSK - Hem, Tr\u00e4dg\u00e5rd &amp; Fritid","article_modified_time":"2026-03-12T08:10:25+00:00","og_image":[{"width":800,"height":800,"url":"https:\/\/i0.wp.com\/truusk.se\/wp-content\/uploads\/2024\/02\/hundsparr-dorrvakt-pet-guard-justerbar-hopfallbar-oppen-spisgrind-med-automatisk-stangningsdorr-3-paneler-for-ugn-vaggmonterad-fristaende-svart-2025-x-76-cm.webp?fit=800%2C800&ssl=1","type":"image\/webp"}],"twitter_card":"summary_large_image","twitter_misc":{"Ber\u00e4knad l\u00e4stid":"1 minut"},"schema":{"@context":"https:\/\/schema.org","@graph":[{"@type":"WebPage","@id":"https:\/\/truusk.store\/sv\/produkt\/truusk-justerbar-hundsparr-dorrvakt-hopfallbar-automatisk-stangningsdorr-3-paneler-for-ugn-vaggmonterad-fristaende\/","url":"https:\/\/truusk.store\/sv\/produkt\/truusk-justerbar-hundsparr-dorrvakt-hopfallbar-automatisk-stangningsdorr-3-paneler-for-ugn-vaggmonterad-fristaende\/","name":"TRUUSK Justerbar Hundsp\u00e4rr D\u00f6rrvakt - Hopf\u00e4llbar - Automatisk St\u00e4ngningsd\u00f6rr - 3 Paneler - F\u00f6r Ugn\/V\u00e4ggmonterad\/Frist\u00e5ende - TRUUSK - Hem, Tr\u00e4dg\u00e5rd &amp; Fritid","isPartOf":{"@id":"https:\/\/truusk.store\/sv\/#website"},"primaryImageOfPage":{"@id":"https:\/\/truusk.store\/sv\/produkt\/truusk-justerbar-hundsparr-dorrvakt-hopfallbar-automatisk-stangningsdorr-3-paneler-for-ugn-vaggmonterad-fristaende\/#primaryimage"},"image":{"@id":"https:\/\/truusk.store\/sv\/produkt\/truusk-justerbar-hundsparr-dorrvakt-hopfallbar-automatisk-stangningsdorr-3-paneler-for-ugn-vaggmonterad-fristaende\/#primaryimage"},"thumbnailUrl":"https:\/\/i0.wp.com\/truusk.store\/wp-content\/uploads\/2024\/02\/hundsparr-dorrvakt-pet-guard-justerbar-hopfallbar-oppen-spisgrind-med-automatisk-stangningsdorr-3-paneler-for-ugn-vaggmonterad-fristaende-svart-2025-x-76-cm.webp?fit=800%2C800&ssl=1","datePublished":"2024-02-13T20:36:21+00:00","dateModified":"2026-03-12T08:10:25+00:00","breadcrumb":{"@id":"https:\/\/truusk.store\/sv\/produkt\/truusk-justerbar-hundsparr-dorrvakt-hopfallbar-automatisk-stangningsdorr-3-paneler-for-ugn-vaggmonterad-fristaende\/#breadcrumb"},"inLanguage":"sv-SE","potentialAction":[{"@type":"ReadAction","target":["https:\/\/truusk.store\/sv\/produkt\/truusk-justerbar-hundsparr-dorrvakt-hopfallbar-automatisk-stangningsdorr-3-paneler-for-ugn-vaggmonterad-fristaende\/"]}]},{"@type":"ImageObject","inLanguage":"sv-SE","@id":"https:\/\/truusk.store\/sv\/produkt\/truusk-justerbar-hundsparr-dorrvakt-hopfallbar-automatisk-stangningsdorr-3-paneler-for-ugn-vaggmonterad-fristaende\/#primaryimage","url":"https:\/\/i0.wp.com\/truusk.store\/wp-content\/uploads\/2024\/02\/hundsparr-dorrvakt-pet-guard-justerbar-hopfallbar-oppen-spisgrind-med-automatisk-stangningsdorr-3-paneler-for-ugn-vaggmonterad-fristaende-svart-2025-x-76-cm.webp?fit=800%2C800&ssl=1","contentUrl":"https:\/\/i0.wp.com\/truusk.store\/wp-content\/uploads\/2024\/02\/hundsparr-dorrvakt-pet-guard-justerbar-hopfallbar-oppen-spisgrind-med-automatisk-stangningsdorr-3-paneler-for-ugn-vaggmonterad-fristaende-svart-2025-x-76-cm.webp?fit=800%2C800&ssl=1","width":800,"height":800,"caption":"Hundsp\u00e4rr D\u00f6rrvakt Pet Guard Justerbar Hopf\u00e4llbar \u00f6ppen Spisgrind Med Automatisk St\u00e4ngningsd\u00f6rr 3 Paneler F\u00f6r Ugn V\u00e4ggmonterad\/Frist\u00e5ende Svart 202,5 \u200b\u200bx 76 Cm 1"},{"@type":"BreadcrumbList","@id":"https:\/\/truusk.store\/sv\/produkt\/truusk-justerbar-hundsparr-dorrvakt-hopfallbar-automatisk-stangningsdorr-3-paneler-for-ugn-vaggmonterad-fristaende\/#breadcrumb","itemListElement":[{"@type":"ListItem","position":1,"name":"Home","item":"https:\/\/truusk.store\/sv\/"},{"@type":"ListItem","position":2,"name":"Shop","item":"https:\/\/truusk.store\/shop\/"},{"@type":"ListItem","position":3,"name":"TRUUSK Justerbar Hundsp\u00e4rr D\u00f6rrvakt &#8211; Hopf\u00e4llbar &#8211; Automatisk St\u00e4ngningsd\u00f6rr &#8211; 3 Paneler &#8211; F\u00f6r Ugn\/V\u00e4ggmonterad\/Frist\u00e5ende &#8211;"}]},{"@type":"WebSite","@id":"https:\/\/truusk.store\/sv\/#website","url":"https:\/\/truusk.store\/sv\/","name":"TRUUSK - Hem, Tr\u00e4dg\u00e5rd & Fritid","description":"","publisher":{"@id":"https:\/\/truusk.store\/sv\/#organization"},"potentialAction":[{"@type":"SearchAction","target":{"@type":"EntryPoint","urlTemplate":"https:\/\/truusk.store\/sv\/?s={search_term_string}"},"query-input":{"@type":"PropertyValueSpecification","valueRequired":true,"valueName":"search_term_string"}}],"inLanguage":"sv-SE"},{"@type":"Organization","@id":"https:\/\/truusk.store\/sv\/#organization","name":"TRUUSK - Hem, Tr\u00e4dg\u00e5rd & Fritid","url":"https:\/\/truusk.store\/sv\/","logo":{"@type":"ImageObject","inLanguage":"sv-SE","@id":"https:\/\/truusk.store\/sv\/#\/schema\/logo\/image\/","url":"https:\/\/i0.wp.com\/truusk.store\/wp-content\/uploads\/2026\/03\/cropped-TRUUSK.png?fit=2032%2C917&ssl=1","contentUrl":"https:\/\/i0.wp.com\/truusk.store\/wp-content\/uploads\/2026\/03\/cropped-TRUUSK.png?fit=2032%2C917&ssl=1","width":2032,"height":917,"caption":"TRUUSK - Hem, Tr\u00e4dg\u00e5rd & Fritid"},"image":{"@id":"https:\/\/truusk.store\/sv\/#\/schema\/logo\/image\/"}}]}},"jetpack_sharing_enabled":true,"_links":{"self":[{"href":"https:\/\/truusk.store\/sv\/wp-json\/wp\/v2\/product\/31902","targetHints":{"allow":["GET"]}}],"collection":[{"href":"https:\/\/truusk.store\/sv\/wp-json\/wp\/v2\/product"}],"about":[{"href":"https:\/\/truusk.store\/sv\/wp-json\/wp\/v2\/types\/product"}],"wp:featuredmedia":[{"embeddable":true,"href":"https:\/\/truusk.store\/sv\/wp-json\/wp\/v2\/media\/31903"}],"wp:attachment":[{"href":"https:\/\/truusk.store\/sv\/wp-json\/wp\/v2\/media?parent=31902"}],"wp:term":[{"taxonomy":"product_brand","embeddable":true,"href":"https:\/\/truusk.store\/sv\/wp-json\/wp\/v2\/product_brand?post=31902"},{"taxonomy":"product_cat","embeddable":true,"href":"https:\/\/truusk.store\/sv\/wp-json\/wp\/v2\/product_cat?post=31902"},{"taxonomy":"product_tag","embeddable":true,"href":"https:\/\/truusk.store\/sv\/wp-json\/wp\/v2\/product_tag?post=31902"}],"curies":[{"name":"wp","href":"https:\/\/api.w.org\/{rel}","templated":true}]}}