{"id":31911,"date":"2024-02-13T21:36:39","date_gmt":"2024-02-13T20:36:39","guid":{"rendered":"https:\/\/truusk.store\/product\/badrumsskap-hogskap-tre-hyllor-ett-skapsfack-med-lamelldorr-tippskydd-bambu-34-x-30-x-173cm\/"},"modified":"2026-03-12T09:10:25","modified_gmt":"2026-03-12T08:10:25","slug":"truusk-badrumsskap-hogskap-med-tre-hyllor-lamelldorr-tippskydd-bambu-34-x-30-x-173-cm","status":"publish","type":"product","link":"https:\/\/truusk.store\/sv\/produkt\/truusk-badrumsskap-hogskap-med-tre-hyllor-lamelldorr-tippskydd-bambu-34-x-30-x-173-cm\/","title":{"rendered":"TRUUSK Badrumssk\u00e5p &#8211; H\u00f6gsk\u00e5p med tre hyllor &#8211; Lamelld\u00f6rr &#8211; Tippskydd &#8211; Bambu &#8211; 34 x 30 x 173 cm"},"content":{"rendered":"<p>Detta h\u00f6ga men kompakta badrumssk\u00e5p ser inte bara naturligt elegant ut utan imponerar ocks\u00e5 med sin praktiska sofistikering. Tre \u00f6ppna hyllor och ett sk\u00e5psfack med d\u00f6rr ger gott om plats f\u00f6r att bekv\u00e4mt och snyggt f\u00f6rvara ett brett utbud av badrumsredskap, t.ex. Till exempel toalettpapper, handdukar eller v\u00e5rdprodukter. Med detta enast\u00e5ende badrumssk\u00e5p kommer varje dag att b\u00f6rja bekv\u00e4mt och sluta s\u00e4rskilt bekv\u00e4mt.<\/p>\n<h3>Beskrivning:<\/h3>\n<ul>\n<li>Kompakt och h\u00f6gt sk\u00e5p passar perfekt i tr\u00e5nga utrymmen<\/li>\n<li>L\u00e4mplig f\u00f6r badrum, vardagsrum, sovrum, hall och k\u00f6k<\/li>\n<li>Tillverkad av bamburam f\u00f6r h\u00f6g stabilitet<\/li>\n<li>1 sk\u00e5psfack med d\u00f6rr och tre \u00f6ppna hyllor ger gott om f\u00f6rvaringsutrymme<\/li>\n<li>Lamelld\u00f6rr s\u00e4kerst\u00e4ller god ventilation och ett snyggt utseende<\/li>\n<li>Bekv\u00e4m handtags\u00f6ppning g\u00f6r det enkelt att \u00f6ppna sk\u00e5pet<\/li>\n<li>Tippskydd garanterar din s\u00e4kerhet<\/li>\n<li>Montering kr\u00e4vs<\/li>\n<\/ul>\n<h3>Teknisk data:<\/h3>\n<ul>\n<li>F\u00e4rg: Naturlig<\/li>\n<li>Material: Bambu<\/li>\n<li>\u00d6vergripande m\u00e5tt: 34L x 30W x 173H cm<\/li>\n<li>Innerm\u00e5tt p\u00e5 sk\u00e5pet: 30L x 25,5W x 74H cm<\/li>\n<li>M\u00e5tt per hyllfack: 28,8L x 28W x 27,5H cm<\/li>\n<li>Markfrig\u00e5ng: 6 cm<\/li>\n<li>Lastkapacitet: 25 kg (totalt), 5 kg (per hylla)<\/li>\n<\/ul>\n<h3>Leveransens omfattning:<\/h3>\n<ul>\n<li>1 x badrumssk\u00e5p<\/li>\n<li>1 x Instruktioner<\/li>\n<\/ul>\n","protected":false},"excerpt":{"rendered":"<p>Detta h\u00f6ga men kompakta badrumssk\u00e5p ser inte bara naturligt elegant ut utan imponerar ocks\u00e5 med sin praktiska sofistikering. Tre \u00f6ppna&#8230;<\/p>\n","protected":false},"featured_media":31912,"template":"","meta":[],"product_brand":[],"product_cat":[535,485,528],"product_tag":[],"class_list":{"0":"post-31911","1":"product","2":"type-product","3":"status-publish","4":"has-post-thumbnail","6":"product_cat-badrumsskap","7":"product_cat-hus-bo","8":"product_cat-skap-byraer","10":"first","11":"instock","12":"sale","13":"taxable","14":"shipping-taxable","15":"purchasable","16":"product-type-simple"},"yoast_head":"<!-- This site is optimized with the Yoast SEO plugin v25.4 - https:\/\/yoast.com\/wordpress\/plugins\/seo\/ -->\n<title>TRUUSK Badrumssk\u00e5p - H\u00f6gsk\u00e5p med tre hyllor - Lamelld\u00f6rr - Tippskydd - Bambu - 34 x 30 x 173 cm - TRUUSK - Hem, Tr\u00e4dg\u00e5rd &amp; Fritid<\/title>\n<meta name=\"robots\" content=\"index, follow, max-snippet:-1, max-image-preview:large, max-video-preview:-1\" \/>\n<link rel=\"canonical\" href=\"https:\/\/truusk.store\/sv\/produkt\/truusk-badrumsskap-hogskap-med-tre-hyllor-lamelldorr-tippskydd-bambu-34-x-30-x-173-cm\/\" \/>\n<meta property=\"og:locale\" content=\"sv_SE\" \/>\n<meta property=\"og:type\" content=\"article\" \/>\n<meta property=\"og:title\" content=\"TRUUSK Badrumssk\u00e5p - H\u00f6gsk\u00e5p med tre hyllor - Lamelld\u00f6rr - Tippskydd - Bambu - 34 x 30 x 173 cm - TRUUSK - Hem, Tr\u00e4dg\u00e5rd &amp; Fritid\" \/>\n<meta property=\"og:description\" content=\"Detta h\u00f6ga men kompakta badrumssk\u00e5p ser inte bara naturligt elegant ut utan imponerar ocks\u00e5 med sin praktiska sofistikering. Tre \u00f6ppna...\" \/>\n<meta property=\"og:url\" content=\"https:\/\/truusk.store\/sv\/produkt\/truusk-badrumsskap-hogskap-med-tre-hyllor-lamelldorr-tippskydd-bambu-34-x-30-x-173-cm\/\" \/>\n<meta property=\"og:site_name\" content=\"TRUUSK - Hem, Tr\u00e4dg\u00e5rd &amp; Fritid\" \/>\n<meta property=\"article:modified_time\" content=\"2026-03-12T08:10:25+00:00\" \/>\n<meta property=\"og:image\" content=\"https:\/\/i0.wp.com\/truusk.se\/wp-content\/uploads\/2024\/02\/badrumsskap-hogskap-tre-hyllor-ett-skapsfack-med-lamelldorr-tippskydd-bambu-34-x-30-x-173cm.webp?fit=800%2C800&ssl=1\" \/>\n\t<meta property=\"og:image:width\" content=\"800\" \/>\n\t<meta property=\"og:image:height\" content=\"800\" \/>\n\t<meta property=\"og:image:type\" content=\"image\/webp\" \/>\n<meta name=\"twitter:card\" content=\"summary_large_image\" \/>\n<meta name=\"twitter:label1\" content=\"Ber\u00e4knad l\u00e4stid\" \/>\n\t<meta name=\"twitter:data1\" content=\"1 minut\" \/>\n<!-- \/ Yoast SEO plugin. -->","yoast_head_json":{"title":"TRUUSK Badrumssk\u00e5p - H\u00f6gsk\u00e5p med tre hyllor - Lamelld\u00f6rr - Tippskydd - Bambu - 34 x 30 x 173 cm - TRUUSK - Hem, Tr\u00e4dg\u00e5rd &amp; Fritid","robots":{"index":"index","follow":"follow","max-snippet":"max-snippet:-1","max-image-preview":"max-image-preview:large","max-video-preview":"max-video-preview:-1"},"canonical":"https:\/\/truusk.store\/sv\/produkt\/truusk-badrumsskap-hogskap-med-tre-hyllor-lamelldorr-tippskydd-bambu-34-x-30-x-173-cm\/","og_locale":"sv_SE","og_type":"article","og_title":"TRUUSK Badrumssk\u00e5p - H\u00f6gsk\u00e5p med tre hyllor - Lamelld\u00f6rr - Tippskydd - Bambu - 34 x 30 x 173 cm - TRUUSK - Hem, Tr\u00e4dg\u00e5rd &amp; Fritid","og_description":"Detta h\u00f6ga men kompakta badrumssk\u00e5p ser inte bara naturligt elegant ut utan imponerar ocks\u00e5 med sin praktiska sofistikering. Tre \u00f6ppna...","og_url":"https:\/\/truusk.store\/sv\/produkt\/truusk-badrumsskap-hogskap-med-tre-hyllor-lamelldorr-tippskydd-bambu-34-x-30-x-173-cm\/","og_site_name":"TRUUSK - Hem, Tr\u00e4dg\u00e5rd &amp; Fritid","article_modified_time":"2026-03-12T08:10:25+00:00","og_image":[{"width":800,"height":800,"url":"https:\/\/i0.wp.com\/truusk.se\/wp-content\/uploads\/2024\/02\/badrumsskap-hogskap-tre-hyllor-ett-skapsfack-med-lamelldorr-tippskydd-bambu-34-x-30-x-173cm.webp?fit=800%2C800&ssl=1","type":"image\/webp"}],"twitter_card":"summary_large_image","twitter_misc":{"Ber\u00e4knad l\u00e4stid":"1 minut"},"schema":{"@context":"https:\/\/schema.org","@graph":[{"@type":"WebPage","@id":"https:\/\/truusk.store\/sv\/produkt\/truusk-badrumsskap-hogskap-med-tre-hyllor-lamelldorr-tippskydd-bambu-34-x-30-x-173-cm\/","url":"https:\/\/truusk.store\/sv\/produkt\/truusk-badrumsskap-hogskap-med-tre-hyllor-lamelldorr-tippskydd-bambu-34-x-30-x-173-cm\/","name":"TRUUSK Badrumssk\u00e5p - H\u00f6gsk\u00e5p med tre hyllor - Lamelld\u00f6rr - Tippskydd - Bambu - 34 x 30 x 173 cm - TRUUSK - Hem, Tr\u00e4dg\u00e5rd &amp; Fritid","isPartOf":{"@id":"https:\/\/truusk.store\/sv\/#website"},"primaryImageOfPage":{"@id":"https:\/\/truusk.store\/sv\/produkt\/truusk-badrumsskap-hogskap-med-tre-hyllor-lamelldorr-tippskydd-bambu-34-x-30-x-173-cm\/#primaryimage"},"image":{"@id":"https:\/\/truusk.store\/sv\/produkt\/truusk-badrumsskap-hogskap-med-tre-hyllor-lamelldorr-tippskydd-bambu-34-x-30-x-173-cm\/#primaryimage"},"thumbnailUrl":"https:\/\/i0.wp.com\/truusk.store\/wp-content\/uploads\/2024\/02\/badrumsskap-hogskap-tre-hyllor-ett-skapsfack-med-lamelldorr-tippskydd-bambu-34-x-30-x-173cm.webp?fit=800%2C800&ssl=1","datePublished":"2024-02-13T20:36:39+00:00","dateModified":"2026-03-12T08:10:25+00:00","breadcrumb":{"@id":"https:\/\/truusk.store\/sv\/produkt\/truusk-badrumsskap-hogskap-med-tre-hyllor-lamelldorr-tippskydd-bambu-34-x-30-x-173-cm\/#breadcrumb"},"inLanguage":"sv-SE","potentialAction":[{"@type":"ReadAction","target":["https:\/\/truusk.store\/sv\/produkt\/truusk-badrumsskap-hogskap-med-tre-hyllor-lamelldorr-tippskydd-bambu-34-x-30-x-173-cm\/"]}]},{"@type":"ImageObject","inLanguage":"sv-SE","@id":"https:\/\/truusk.store\/sv\/produkt\/truusk-badrumsskap-hogskap-med-tre-hyllor-lamelldorr-tippskydd-bambu-34-x-30-x-173-cm\/#primaryimage","url":"https:\/\/i0.wp.com\/truusk.store\/wp-content\/uploads\/2024\/02\/badrumsskap-hogskap-tre-hyllor-ett-skapsfack-med-lamelldorr-tippskydd-bambu-34-x-30-x-173cm.webp?fit=800%2C800&ssl=1","contentUrl":"https:\/\/i0.wp.com\/truusk.store\/wp-content\/uploads\/2024\/02\/badrumsskap-hogskap-tre-hyllor-ett-skapsfack-med-lamelldorr-tippskydd-bambu-34-x-30-x-173cm.webp?fit=800%2C800&ssl=1","width":800,"height":800,"caption":"Badrumssk\u00e5p, H\u00f6gsk\u00e5p, Tre Hyllor, Ett Sk\u00e5psfack Med Lamelld\u00f6rr, Tippskydd, Bambu, 34 X 30 X 173cm 1"},{"@type":"BreadcrumbList","@id":"https:\/\/truusk.store\/sv\/produkt\/truusk-badrumsskap-hogskap-med-tre-hyllor-lamelldorr-tippskydd-bambu-34-x-30-x-173-cm\/#breadcrumb","itemListElement":[{"@type":"ListItem","position":1,"name":"Home","item":"https:\/\/truusk.store\/sv\/"},{"@type":"ListItem","position":2,"name":"Shop","item":"https:\/\/truusk.store\/shop\/"},{"@type":"ListItem","position":3,"name":"TRUUSK Badrumssk\u00e5p &#8211; H\u00f6gsk\u00e5p med tre hyllor &#8211; Lamelld\u00f6rr &#8211; Tippskydd &#8211; Bambu &#8211; 34 x 30 x 173 cm"}]},{"@type":"WebSite","@id":"https:\/\/truusk.store\/sv\/#website","url":"https:\/\/truusk.store\/sv\/","name":"TRUUSK - Hem, Tr\u00e4dg\u00e5rd & Fritid","description":"","publisher":{"@id":"https:\/\/truusk.store\/sv\/#organization"},"potentialAction":[{"@type":"SearchAction","target":{"@type":"EntryPoint","urlTemplate":"https:\/\/truusk.store\/sv\/?s={search_term_string}"},"query-input":{"@type":"PropertyValueSpecification","valueRequired":true,"valueName":"search_term_string"}}],"inLanguage":"sv-SE"},{"@type":"Organization","@id":"https:\/\/truusk.store\/sv\/#organization","name":"TRUUSK - Hem, Tr\u00e4dg\u00e5rd & Fritid","url":"https:\/\/truusk.store\/sv\/","logo":{"@type":"ImageObject","inLanguage":"sv-SE","@id":"https:\/\/truusk.store\/sv\/#\/schema\/logo\/image\/","url":"https:\/\/i0.wp.com\/truusk.store\/wp-content\/uploads\/2026\/03\/cropped-TRUUSK.png?fit=2032%2C917&ssl=1","contentUrl":"https:\/\/i0.wp.com\/truusk.store\/wp-content\/uploads\/2026\/03\/cropped-TRUUSK.png?fit=2032%2C917&ssl=1","width":2032,"height":917,"caption":"TRUUSK - Hem, Tr\u00e4dg\u00e5rd & Fritid"},"image":{"@id":"https:\/\/truusk.store\/sv\/#\/schema\/logo\/image\/"}}]}},"jetpack_sharing_enabled":true,"_links":{"self":[{"href":"https:\/\/truusk.store\/sv\/wp-json\/wp\/v2\/product\/31911","targetHints":{"allow":["GET"]}}],"collection":[{"href":"https:\/\/truusk.store\/sv\/wp-json\/wp\/v2\/product"}],"about":[{"href":"https:\/\/truusk.store\/sv\/wp-json\/wp\/v2\/types\/product"}],"wp:featuredmedia":[{"embeddable":true,"href":"https:\/\/truusk.store\/sv\/wp-json\/wp\/v2\/media\/31912"}],"wp:attachment":[{"href":"https:\/\/truusk.store\/sv\/wp-json\/wp\/v2\/media?parent=31911"}],"wp:term":[{"taxonomy":"product_brand","embeddable":true,"href":"https:\/\/truusk.store\/sv\/wp-json\/wp\/v2\/product_brand?post=31911"},{"taxonomy":"product_cat","embeddable":true,"href":"https:\/\/truusk.store\/sv\/wp-json\/wp\/v2\/product_cat?post=31911"},{"taxonomy":"product_tag","embeddable":true,"href":"https:\/\/truusk.store\/sv\/wp-json\/wp\/v2\/product_tag?post=31911"}],"curies":[{"name":"wp","href":"https:\/\/api.w.org\/{rel}","templated":true}]}}