{"id":31930,"date":"2024-02-13T21:37:22","date_gmt":"2024-02-13T20:37:22","guid":{"rendered":"https:\/\/truusk.store\/product\/hopfallbar-paviljong-paviljong-3-x-3-m-tradgardspaviljong-hopfallbart-partytalt-hojdjusterbart-tradgardstalt-med-transportvaska-uv-skydd-stal-oxford-bla\/"},"modified":"2026-03-12T09:10:26","modified_gmt":"2026-03-12T08:10:26","slug":"truusk-hopfallbar-paviljong-3x3m-partytalt-med-uv-skydd-justerbar-hojd-transportvaska-stalkonstruktion-bla","status":"publish","type":"product","link":"https:\/\/truusk.store\/sv\/produkt\/truusk-hopfallbar-paviljong-3x3m-partytalt-med-uv-skydd-justerbar-hojd-transportvaska-stalkonstruktion-bla\/","title":{"rendered":"TRUUSK Hopf\u00e4llbar Paviljong 3x3m &#8211; Partyt\u00e4lt med UV-skydd &#8211; Justerbar h\u00f6jd &#8211; Transportv\u00e4ska &#8211; St\u00e5lkonstruktion &#8211; Bl\u00e5"},"content":{"rendered":"<p>Denna praktiska hopf\u00e4llbara paviljong kommer alltid att erbjuda dig, din familj och dina g\u00e4ster en skuggig plats! Tack vare den stabila, robusta konstruktionen av st\u00e5lr\u00f6r och det vattenavvisande, UV-best\u00e4ndiga takskyddet kommer du att vara s\u00e4kert skyddad fr\u00e5n den heta solen. Partyt\u00e4ltet kan ocks\u00e5 enkelt f\u00e4llas ihop och transporteras i den medf\u00f6ljande b\u00e4rv\u00e4skan, s\u00e5 ingenting kommer att st\u00e5 i v\u00e4gen f\u00f6r framg\u00e5ngen f\u00f6r ditt n\u00e4sta utomhusfirande!<\/p>\n<h3>Beskrivning:<\/h3>\n<ul>\n<li>Takt\u00e4cke tillverkad av silverbelagt Oxford-tyg som \u00e4r vatten- och UV-best\u00e4ndigt<\/li>\n<li>Pulverlackerad st\u00e5lram f\u00f6r stabilt st\u00f6d<\/li>\n<li>3-stegs justerbar h\u00f6jd<\/li>\n<li>Dekorativ, v\u00e5gig takkant<\/li>\n<li>Inkluderar sp\u00e4nnlinor och pinnar f\u00f6r fasts\u00e4ttning i marken<\/li>\n<li>Perfekt f\u00f6r grillfester, sommarfester, mottagningar och mycket mer<\/li>\n<li>Inkluderar b\u00e4rv\u00e4ska f\u00f6r f\u00f6rvaring n\u00e4r den inte anv\u00e4nds<\/li>\n<li>Montering kr\u00e4vs<\/li>\n<\/ul>\n<h3>Teknisk data:<\/h3>\n<ul>\n<li>F\u00e4rg bl\u00e5<\/li>\n<li>Material: st\u00e5l, Oxfordduk<\/li>\n<li>Totalstorlek: 295L x 295W x 257H cm<\/li>\n<li>Balkh\u00f6jd: 175 cm<\/li>\n<li>vikta m\u00e5tt: 115L x 19W x 20H cm<\/li>\n<li>Kolumnavst\u00e5nd: 290L x 290B cm<\/li>\n<li>OBS: Paviljongen ska endast anv\u00e4ndas som solskydd. Vid d\u00e5ligt v\u00e4der rekommenderas att demontera paviljongen<\/li>\n<\/ul>\n<h3>Leveransens omfattning:<\/h3>\n<ul>\n<li>1 x hopf\u00e4llbart lusthus<\/li>\n<li>8 x markspetsar<\/li>\n<li>4 x rep<\/li>\n<li>1 x B\u00e4rv\u00e4ska<\/li>\n<li>1 x Instruktioner<\/li>\n<\/ul>\n","protected":false},"excerpt":{"rendered":"<p>Denna praktiska hopf\u00e4llbara paviljong kommer alltid att erbjuda dig, din familj och dina g\u00e4ster en skuggig plats! Tack vare den&#8230;<\/p>\n","protected":false},"featured_media":31931,"template":"","meta":[],"product_brand":[],"product_cat":[477,435,476],"product_tag":[],"class_list":{"0":"post-31930","1":"product","2":"type-product","3":"status-publish","4":"has-post-thumbnail","6":"product_cat-paviljonger-partytalt","7":"product_cat-tradgard-och-terrass","8":"product_cat-tradgardspaviljonger","10":"first","11":"instock","12":"sale","13":"taxable","14":"shipping-taxable","15":"purchasable","16":"product-type-simple"},"yoast_head":"<!-- This site is optimized with the Yoast SEO plugin v25.4 - https:\/\/yoast.com\/wordpress\/plugins\/seo\/ -->\n<title>TRUUSK Hopf\u00e4llbar Paviljong 3x3m - Partyt\u00e4lt med UV-skydd - Justerbar h\u00f6jd - Transportv\u00e4ska - St\u00e5lkonstruktion - Bl\u00e5 - TRUUSK - Hem, Tr\u00e4dg\u00e5rd &amp; Fritid<\/title>\n<meta name=\"robots\" content=\"index, follow, max-snippet:-1, max-image-preview:large, max-video-preview:-1\" \/>\n<link rel=\"canonical\" href=\"https:\/\/truusk.store\/sv\/produkt\/truusk-hopfallbar-paviljong-3x3m-partytalt-med-uv-skydd-justerbar-hojd-transportvaska-stalkonstruktion-bla\/\" \/>\n<meta property=\"og:locale\" content=\"sv_SE\" \/>\n<meta property=\"og:type\" content=\"article\" \/>\n<meta property=\"og:title\" content=\"TRUUSK Hopf\u00e4llbar Paviljong 3x3m - Partyt\u00e4lt med UV-skydd - Justerbar h\u00f6jd - Transportv\u00e4ska - St\u00e5lkonstruktion - Bl\u00e5 - TRUUSK - Hem, Tr\u00e4dg\u00e5rd &amp; Fritid\" \/>\n<meta property=\"og:description\" content=\"Denna praktiska hopf\u00e4llbara paviljong kommer alltid att erbjuda dig, din familj och dina g\u00e4ster en skuggig plats! Tack vare den...\" \/>\n<meta property=\"og:url\" content=\"https:\/\/truusk.store\/sv\/produkt\/truusk-hopfallbar-paviljong-3x3m-partytalt-med-uv-skydd-justerbar-hojd-transportvaska-stalkonstruktion-bla\/\" \/>\n<meta property=\"og:site_name\" content=\"TRUUSK - Hem, Tr\u00e4dg\u00e5rd &amp; Fritid\" \/>\n<meta property=\"article:modified_time\" content=\"2026-03-12T08:10:26+00:00\" \/>\n<meta property=\"og:image\" content=\"https:\/\/i0.wp.com\/truusk.se\/wp-content\/uploads\/2024\/02\/hopfallbar-paviljong-paviljong-3-x-3-m-tradgardspaviljong-hopfallbart-partytalt-hojdjusterbart-tradgardstalt-med-transportvaska-uv-skydd-stal-oxford-bla.webp?fit=800%2C800&ssl=1\" \/>\n\t<meta property=\"og:image:width\" content=\"800\" \/>\n\t<meta property=\"og:image:height\" content=\"800\" \/>\n\t<meta property=\"og:image:type\" content=\"image\/webp\" \/>\n<meta name=\"twitter:card\" content=\"summary_large_image\" \/>\n<meta name=\"twitter:label1\" content=\"Ber\u00e4knad l\u00e4stid\" \/>\n\t<meta name=\"twitter:data1\" content=\"1 minut\" \/>\n<!-- \/ Yoast SEO plugin. -->","yoast_head_json":{"title":"TRUUSK Hopf\u00e4llbar Paviljong 3x3m - Partyt\u00e4lt med UV-skydd - Justerbar h\u00f6jd - Transportv\u00e4ska - St\u00e5lkonstruktion - Bl\u00e5 - TRUUSK - Hem, Tr\u00e4dg\u00e5rd &amp; Fritid","robots":{"index":"index","follow":"follow","max-snippet":"max-snippet:-1","max-image-preview":"max-image-preview:large","max-video-preview":"max-video-preview:-1"},"canonical":"https:\/\/truusk.store\/sv\/produkt\/truusk-hopfallbar-paviljong-3x3m-partytalt-med-uv-skydd-justerbar-hojd-transportvaska-stalkonstruktion-bla\/","og_locale":"sv_SE","og_type":"article","og_title":"TRUUSK Hopf\u00e4llbar Paviljong 3x3m - Partyt\u00e4lt med UV-skydd - Justerbar h\u00f6jd - Transportv\u00e4ska - St\u00e5lkonstruktion - Bl\u00e5 - TRUUSK - Hem, Tr\u00e4dg\u00e5rd &amp; Fritid","og_description":"Denna praktiska hopf\u00e4llbara paviljong kommer alltid att erbjuda dig, din familj och dina g\u00e4ster en skuggig plats! Tack vare den...","og_url":"https:\/\/truusk.store\/sv\/produkt\/truusk-hopfallbar-paviljong-3x3m-partytalt-med-uv-skydd-justerbar-hojd-transportvaska-stalkonstruktion-bla\/","og_site_name":"TRUUSK - Hem, Tr\u00e4dg\u00e5rd &amp; Fritid","article_modified_time":"2026-03-12T08:10:26+00:00","og_image":[{"width":800,"height":800,"url":"https:\/\/i0.wp.com\/truusk.se\/wp-content\/uploads\/2024\/02\/hopfallbar-paviljong-paviljong-3-x-3-m-tradgardspaviljong-hopfallbart-partytalt-hojdjusterbart-tradgardstalt-med-transportvaska-uv-skydd-stal-oxford-bla.webp?fit=800%2C800&ssl=1","type":"image\/webp"}],"twitter_card":"summary_large_image","twitter_misc":{"Ber\u00e4knad l\u00e4stid":"1 minut"},"schema":{"@context":"https:\/\/schema.org","@graph":[{"@type":"WebPage","@id":"https:\/\/truusk.store\/sv\/produkt\/truusk-hopfallbar-paviljong-3x3m-partytalt-med-uv-skydd-justerbar-hojd-transportvaska-stalkonstruktion-bla\/","url":"https:\/\/truusk.store\/sv\/produkt\/truusk-hopfallbar-paviljong-3x3m-partytalt-med-uv-skydd-justerbar-hojd-transportvaska-stalkonstruktion-bla\/","name":"TRUUSK Hopf\u00e4llbar Paviljong 3x3m - Partyt\u00e4lt med UV-skydd - Justerbar h\u00f6jd - Transportv\u00e4ska - St\u00e5lkonstruktion - Bl\u00e5 - TRUUSK - Hem, Tr\u00e4dg\u00e5rd &amp; Fritid","isPartOf":{"@id":"https:\/\/truusk.store\/sv\/#website"},"primaryImageOfPage":{"@id":"https:\/\/truusk.store\/sv\/produkt\/truusk-hopfallbar-paviljong-3x3m-partytalt-med-uv-skydd-justerbar-hojd-transportvaska-stalkonstruktion-bla\/#primaryimage"},"image":{"@id":"https:\/\/truusk.store\/sv\/produkt\/truusk-hopfallbar-paviljong-3x3m-partytalt-med-uv-skydd-justerbar-hojd-transportvaska-stalkonstruktion-bla\/#primaryimage"},"thumbnailUrl":"https:\/\/i0.wp.com\/truusk.store\/wp-content\/uploads\/2024\/02\/hopfallbar-paviljong-paviljong-3-x-3-m-tradgardspaviljong-hopfallbart-partytalt-hojdjusterbart-tradgardstalt-med-transportvaska-uv-skydd-stal-oxford-bla.webp?fit=800%2C800&ssl=1","datePublished":"2024-02-13T20:37:22+00:00","dateModified":"2026-03-12T08:10:26+00:00","breadcrumb":{"@id":"https:\/\/truusk.store\/sv\/produkt\/truusk-hopfallbar-paviljong-3x3m-partytalt-med-uv-skydd-justerbar-hojd-transportvaska-stalkonstruktion-bla\/#breadcrumb"},"inLanguage":"sv-SE","potentialAction":[{"@type":"ReadAction","target":["https:\/\/truusk.store\/sv\/produkt\/truusk-hopfallbar-paviljong-3x3m-partytalt-med-uv-skydd-justerbar-hojd-transportvaska-stalkonstruktion-bla\/"]}]},{"@type":"ImageObject","inLanguage":"sv-SE","@id":"https:\/\/truusk.store\/sv\/produkt\/truusk-hopfallbar-paviljong-3x3m-partytalt-med-uv-skydd-justerbar-hojd-transportvaska-stalkonstruktion-bla\/#primaryimage","url":"https:\/\/i0.wp.com\/truusk.store\/wp-content\/uploads\/2024\/02\/hopfallbar-paviljong-paviljong-3-x-3-m-tradgardspaviljong-hopfallbart-partytalt-hojdjusterbart-tradgardstalt-med-transportvaska-uv-skydd-stal-oxford-bla.webp?fit=800%2C800&ssl=1","contentUrl":"https:\/\/i0.wp.com\/truusk.store\/wp-content\/uploads\/2024\/02\/hopfallbar-paviljong-paviljong-3-x-3-m-tradgardspaviljong-hopfallbart-partytalt-hojdjusterbart-tradgardstalt-med-transportvaska-uv-skydd-stal-oxford-bla.webp?fit=800%2C800&ssl=1","width":800,"height":800,"caption":"Hopf\u00e4llbar Paviljong Paviljong 3 X 3 M Tr\u00e4dg\u00e5rdspaviljong Hopf\u00e4llbart Partyt\u00e4lt H\u00f6jdjusterbart Tr\u00e4dg\u00e5rdst\u00e4lt Med Transportv\u00e4ska UV-skydd St\u00e5l Oxford Bl\u00e5 1"},{"@type":"BreadcrumbList","@id":"https:\/\/truusk.store\/sv\/produkt\/truusk-hopfallbar-paviljong-3x3m-partytalt-med-uv-skydd-justerbar-hojd-transportvaska-stalkonstruktion-bla\/#breadcrumb","itemListElement":[{"@type":"ListItem","position":1,"name":"Home","item":"https:\/\/truusk.store\/sv\/"},{"@type":"ListItem","position":2,"name":"Shop","item":"https:\/\/truusk.store\/shop\/"},{"@type":"ListItem","position":3,"name":"TRUUSK Hopf\u00e4llbar Paviljong 3x3m &#8211; Partyt\u00e4lt med UV-skydd &#8211; Justerbar h\u00f6jd &#8211; Transportv\u00e4ska &#8211; St\u00e5lkonstruktion &#8211; Bl\u00e5"}]},{"@type":"WebSite","@id":"https:\/\/truusk.store\/sv\/#website","url":"https:\/\/truusk.store\/sv\/","name":"TRUUSK - Hem, Tr\u00e4dg\u00e5rd & Fritid","description":"","publisher":{"@id":"https:\/\/truusk.store\/sv\/#organization"},"potentialAction":[{"@type":"SearchAction","target":{"@type":"EntryPoint","urlTemplate":"https:\/\/truusk.store\/sv\/?s={search_term_string}"},"query-input":{"@type":"PropertyValueSpecification","valueRequired":true,"valueName":"search_term_string"}}],"inLanguage":"sv-SE"},{"@type":"Organization","@id":"https:\/\/truusk.store\/sv\/#organization","name":"TRUUSK - Hem, Tr\u00e4dg\u00e5rd & Fritid","url":"https:\/\/truusk.store\/sv\/","logo":{"@type":"ImageObject","inLanguage":"sv-SE","@id":"https:\/\/truusk.store\/sv\/#\/schema\/logo\/image\/","url":"https:\/\/i0.wp.com\/truusk.store\/wp-content\/uploads\/2026\/03\/cropped-TRUUSK.png?fit=2032%2C917&ssl=1","contentUrl":"https:\/\/i0.wp.com\/truusk.store\/wp-content\/uploads\/2026\/03\/cropped-TRUUSK.png?fit=2032%2C917&ssl=1","width":2032,"height":917,"caption":"TRUUSK - Hem, Tr\u00e4dg\u00e5rd & Fritid"},"image":{"@id":"https:\/\/truusk.store\/sv\/#\/schema\/logo\/image\/"}}]}},"jetpack_sharing_enabled":true,"_links":{"self":[{"href":"https:\/\/truusk.store\/sv\/wp-json\/wp\/v2\/product\/31930","targetHints":{"allow":["GET"]}}],"collection":[{"href":"https:\/\/truusk.store\/sv\/wp-json\/wp\/v2\/product"}],"about":[{"href":"https:\/\/truusk.store\/sv\/wp-json\/wp\/v2\/types\/product"}],"wp:featuredmedia":[{"embeddable":true,"href":"https:\/\/truusk.store\/sv\/wp-json\/wp\/v2\/media\/31931"}],"wp:attachment":[{"href":"https:\/\/truusk.store\/sv\/wp-json\/wp\/v2\/media?parent=31930"}],"wp:term":[{"taxonomy":"product_brand","embeddable":true,"href":"https:\/\/truusk.store\/sv\/wp-json\/wp\/v2\/product_brand?post=31930"},{"taxonomy":"product_cat","embeddable":true,"href":"https:\/\/truusk.store\/sv\/wp-json\/wp\/v2\/product_cat?post=31930"},{"taxonomy":"product_tag","embeddable":true,"href":"https:\/\/truusk.store\/sv\/wp-json\/wp\/v2\/product_tag?post=31930"}],"curies":[{"name":"wp","href":"https:\/\/api.w.org\/{rel}","templated":true}]}}