{"id":31942,"date":"2024-02-13T21:37:46","date_gmt":"2024-02-13T20:37:46","guid":{"rendered":"https:\/\/truusk.store\/product\/dorrgrind-med-kattlucka-montering-utan-borrning-variabel-bredd-74-80-cm-enhandsoppning-metall-vit\/"},"modified":"2026-03-12T09:10:26","modified_gmt":"2026-03-12T08:10:26","slug":"truusk-dorrgrind-med-kattlucka-montering-utan-borrning-variabel-bredd-74-80-cm-enhandsoppning-metall-vit","status":"publish","type":"product","link":"https:\/\/truusk.store\/sv\/produkt\/truusk-dorrgrind-med-kattlucka-montering-utan-borrning-variabel-bredd-74-80-cm-enhandsoppning-metall-vit\/","title":{"rendered":"TRUUSK D\u00f6rrgrind Med Kattlucka &#8211; Montering Utan Borrning &#8211; Variabel Bredd 74-80 Cm &#8211; Enhands\u00f6ppning &#8211; Metall &#8211; Vit"},"content":{"rendered":"<p>Om du h\u00e5ller husdjur och vill begr\u00e4nsa deras omr\u00e5de eller skydda dem fr\u00e5n trappor \u00e4r denna husdjursgrind den perfekta l\u00f6sningen. Den har en dubbel l\u00e5sbar d\u00f6rr med automatisk st\u00e4ngningsmekanism och en kattlucka som g\u00f6r det l\u00e4ttare f\u00f6r din katt att passera fritt. Denna grind \u00e4r gjord av robust metall och erbjuder en variabel bredd p\u00e5 74 till 80 cm med sina 4 justerskruvar, vilket g\u00f6r den perfekt f\u00f6r hush\u00e5ll med djur!<\/p>\n<h3>Beskrivning:<\/h3>\n<ul>\n<li>Det dubbla l\u00e5ssystemet s\u00e4kerst\u00e4ller maximal s\u00e4kerhet och h\u00e5ller ditt husdjur s\u00e4kert borta fr\u00e5n farliga omr\u00e5den<\/li>\n<li>Denna grind \u00e4r idealisk f\u00f6r husdjursv\u00e4nliga hush\u00e5ll och kan anv\u00e4ndas i d\u00f6rr\u00f6ppningar, korridorer, trappor, etc.<\/li>\n<li>D\u00f6rren st\u00e4ngs automatiskt n\u00e4r \u00f6ppningsvinkeln \u00e4r mindre \u00e4n 90, medan den f\u00f6rblir \u00f6ppen n\u00e4r vinkeln \u00e4r st\u00f6rre \u00e4n 90<\/li>\n<li>Med 2 sp\u00e4rrar p\u00e5 botten kan du best\u00e4mma d\u00f6rrens \u00f6ppningsriktning<\/li>\n<li>Att \u00f6ppna den \u00f6vre sp\u00e4rren \u00e4r enkelt med bara en hand<\/li>\n<li>Tillverkad av kraftigt st\u00e5l med blyfri ytbehandling f\u00f6r maximal styrka och h\u00e5llbarhet<\/li>\n<li>Detta galler kommer med 4 justerbara skruvar och kan justeras till v\u00e4ggavst\u00e5nd mellan 74 och 80 cm<\/li>\n<li>En kattlucka g\u00f6r det l\u00e4ttare f\u00f6r dina katter att passera<\/li>\n<li>M\u00e4t det \u00f6nskade omr\u00e5det noggrant innan du k\u00f6per<\/li>\n<li>Montering kr\u00e4vs<\/li>\n<\/ul>\n<h3>Teknisk data:<\/h3>\n<ul>\n<li>F\u00e4rg vit<\/li>\n<li>Material: st\u00e5l, plast<\/li>\n<li>\u00d6vergripande m\u00e5tt: 68W x 91,4H cm<\/li>\n<li>Bredd: 74-80cm<\/li>\n<li>Avst\u00e5nd mellan st\u00e4ngerna: 5 cm<\/li>\n<li>D\u00f6rrbredd: 50 cm<\/li>\n<li>M\u00e5tt p\u00e5 kattluckan: 16W x 25,8H cm<\/li>\n<\/ul>\n<h3>Leveransens omfattning:<\/h3>\n<ul>\n<li>1 x d\u00f6rrgaller<\/li>\n<li>4 st sj\u00e4lvh\u00e4ftande v\u00e4ggskydd<\/li>\n<li>4 x skruvar<\/li>\n<li>1 x bruksanvisning<\/li>\n<\/ul>\n","protected":false},"excerpt":{"rendered":"<p>Om du h\u00e5ller husdjur och vill begr\u00e4nsa deras omr\u00e5de eller skydda dem fr\u00e5n trappor \u00e4r denna husdjursgrind den perfekta l\u00f6sningen&#8230;.<\/p>\n","protected":false},"featured_media":31943,"template":"","meta":[],"product_brand":[],"product_cat":[577,574,573],"product_tag":[],"class_list":{"0":"post-31942","1":"product","2":"type-product","3":"status-publish","4":"has-post-thumbnail","6":"product_cat-hundgrindar-avdelare","7":"product_cat-hundtillbehor","8":"product_cat-husdjursmaterial","10":"first","11":"instock","12":"sale","13":"taxable","14":"shipping-taxable","15":"purchasable","16":"product-type-simple"},"yoast_head":"<!-- This site is optimized with the Yoast SEO plugin v25.4 - https:\/\/yoast.com\/wordpress\/plugins\/seo\/ -->\n<title>TRUUSK D\u00f6rrgrind Med Kattlucka - Montering Utan Borrning - Variabel Bredd 74-80 Cm - Enhands\u00f6ppning - Metall - Vit - TRUUSK - Hem, Tr\u00e4dg\u00e5rd &amp; Fritid<\/title>\n<meta name=\"robots\" content=\"index, follow, max-snippet:-1, max-image-preview:large, max-video-preview:-1\" \/>\n<link rel=\"canonical\" href=\"https:\/\/truusk.store\/sv\/produkt\/truusk-dorrgrind-med-kattlucka-montering-utan-borrning-variabel-bredd-74-80-cm-enhandsoppning-metall-vit\/\" \/>\n<meta property=\"og:locale\" content=\"sv_SE\" \/>\n<meta property=\"og:type\" content=\"article\" \/>\n<meta property=\"og:title\" content=\"TRUUSK D\u00f6rrgrind Med Kattlucka - Montering Utan Borrning - Variabel Bredd 74-80 Cm - Enhands\u00f6ppning - Metall - Vit - TRUUSK - Hem, Tr\u00e4dg\u00e5rd &amp; Fritid\" \/>\n<meta property=\"og:description\" content=\"Om du h\u00e5ller husdjur och vill begr\u00e4nsa deras omr\u00e5de eller skydda dem fr\u00e5n trappor \u00e4r denna husdjursgrind den perfekta l\u00f6sningen....\" \/>\n<meta property=\"og:url\" content=\"https:\/\/truusk.store\/sv\/produkt\/truusk-dorrgrind-med-kattlucka-montering-utan-borrning-variabel-bredd-74-80-cm-enhandsoppning-metall-vit\/\" \/>\n<meta property=\"og:site_name\" content=\"TRUUSK - Hem, Tr\u00e4dg\u00e5rd &amp; Fritid\" \/>\n<meta property=\"article:modified_time\" content=\"2026-03-12T08:10:26+00:00\" \/>\n<meta property=\"og:image\" content=\"https:\/\/i0.wp.com\/truusk.se\/wp-content\/uploads\/2024\/02\/dorrgrind-med-kattlucka-montering-utan-borrning-variabel-bredd-74-80-cm-enhandsoppning-metall-vit.webp?fit=800%2C800&ssl=1\" \/>\n\t<meta property=\"og:image:width\" content=\"800\" \/>\n\t<meta property=\"og:image:height\" content=\"800\" \/>\n\t<meta property=\"og:image:type\" content=\"image\/webp\" \/>\n<meta name=\"twitter:card\" content=\"summary_large_image\" \/>\n<meta name=\"twitter:label1\" content=\"Ber\u00e4knad l\u00e4stid\" \/>\n\t<meta name=\"twitter:data1\" content=\"1 minut\" \/>\n<!-- \/ Yoast SEO plugin. -->","yoast_head_json":{"title":"TRUUSK D\u00f6rrgrind Med Kattlucka - Montering Utan Borrning - Variabel Bredd 74-80 Cm - Enhands\u00f6ppning - Metall - Vit - TRUUSK - Hem, Tr\u00e4dg\u00e5rd &amp; Fritid","robots":{"index":"index","follow":"follow","max-snippet":"max-snippet:-1","max-image-preview":"max-image-preview:large","max-video-preview":"max-video-preview:-1"},"canonical":"https:\/\/truusk.store\/sv\/produkt\/truusk-dorrgrind-med-kattlucka-montering-utan-borrning-variabel-bredd-74-80-cm-enhandsoppning-metall-vit\/","og_locale":"sv_SE","og_type":"article","og_title":"TRUUSK D\u00f6rrgrind Med Kattlucka - Montering Utan Borrning - Variabel Bredd 74-80 Cm - Enhands\u00f6ppning - Metall - Vit - TRUUSK - Hem, Tr\u00e4dg\u00e5rd &amp; Fritid","og_description":"Om du h\u00e5ller husdjur och vill begr\u00e4nsa deras omr\u00e5de eller skydda dem fr\u00e5n trappor \u00e4r denna husdjursgrind den perfekta l\u00f6sningen....","og_url":"https:\/\/truusk.store\/sv\/produkt\/truusk-dorrgrind-med-kattlucka-montering-utan-borrning-variabel-bredd-74-80-cm-enhandsoppning-metall-vit\/","og_site_name":"TRUUSK - Hem, Tr\u00e4dg\u00e5rd &amp; Fritid","article_modified_time":"2026-03-12T08:10:26+00:00","og_image":[{"width":800,"height":800,"url":"https:\/\/i0.wp.com\/truusk.se\/wp-content\/uploads\/2024\/02\/dorrgrind-med-kattlucka-montering-utan-borrning-variabel-bredd-74-80-cm-enhandsoppning-metall-vit.webp?fit=800%2C800&ssl=1","type":"image\/webp"}],"twitter_card":"summary_large_image","twitter_misc":{"Ber\u00e4knad l\u00e4stid":"1 minut"},"schema":{"@context":"https:\/\/schema.org","@graph":[{"@type":"WebPage","@id":"https:\/\/truusk.store\/sv\/produkt\/truusk-dorrgrind-med-kattlucka-montering-utan-borrning-variabel-bredd-74-80-cm-enhandsoppning-metall-vit\/","url":"https:\/\/truusk.store\/sv\/produkt\/truusk-dorrgrind-med-kattlucka-montering-utan-borrning-variabel-bredd-74-80-cm-enhandsoppning-metall-vit\/","name":"TRUUSK D\u00f6rrgrind Med Kattlucka - Montering Utan Borrning - Variabel Bredd 74-80 Cm - Enhands\u00f6ppning - Metall - Vit - TRUUSK - Hem, Tr\u00e4dg\u00e5rd &amp; Fritid","isPartOf":{"@id":"https:\/\/truusk.store\/sv\/#website"},"primaryImageOfPage":{"@id":"https:\/\/truusk.store\/sv\/produkt\/truusk-dorrgrind-med-kattlucka-montering-utan-borrning-variabel-bredd-74-80-cm-enhandsoppning-metall-vit\/#primaryimage"},"image":{"@id":"https:\/\/truusk.store\/sv\/produkt\/truusk-dorrgrind-med-kattlucka-montering-utan-borrning-variabel-bredd-74-80-cm-enhandsoppning-metall-vit\/#primaryimage"},"thumbnailUrl":"https:\/\/i0.wp.com\/truusk.store\/wp-content\/uploads\/2024\/02\/dorrgrind-med-kattlucka-montering-utan-borrning-variabel-bredd-74-80-cm-enhandsoppning-metall-vit.webp?fit=800%2C800&ssl=1","datePublished":"2024-02-13T20:37:46+00:00","dateModified":"2026-03-12T08:10:26+00:00","breadcrumb":{"@id":"https:\/\/truusk.store\/sv\/produkt\/truusk-dorrgrind-med-kattlucka-montering-utan-borrning-variabel-bredd-74-80-cm-enhandsoppning-metall-vit\/#breadcrumb"},"inLanguage":"sv-SE","potentialAction":[{"@type":"ReadAction","target":["https:\/\/truusk.store\/sv\/produkt\/truusk-dorrgrind-med-kattlucka-montering-utan-borrning-variabel-bredd-74-80-cm-enhandsoppning-metall-vit\/"]}]},{"@type":"ImageObject","inLanguage":"sv-SE","@id":"https:\/\/truusk.store\/sv\/produkt\/truusk-dorrgrind-med-kattlucka-montering-utan-borrning-variabel-bredd-74-80-cm-enhandsoppning-metall-vit\/#primaryimage","url":"https:\/\/i0.wp.com\/truusk.store\/wp-content\/uploads\/2024\/02\/dorrgrind-med-kattlucka-montering-utan-borrning-variabel-bredd-74-80-cm-enhandsoppning-metall-vit.webp?fit=800%2C800&ssl=1","contentUrl":"https:\/\/i0.wp.com\/truusk.store\/wp-content\/uploads\/2024\/02\/dorrgrind-med-kattlucka-montering-utan-borrning-variabel-bredd-74-80-cm-enhandsoppning-metall-vit.webp?fit=800%2C800&ssl=1","width":800,"height":800,"caption":"D\u00f6rrgrind Med Kattlucka, Montering Utan Borrning, Variabel Bredd 74-80 Cm, Enhands\u00f6ppning, Metall, Vit 1"},{"@type":"BreadcrumbList","@id":"https:\/\/truusk.store\/sv\/produkt\/truusk-dorrgrind-med-kattlucka-montering-utan-borrning-variabel-bredd-74-80-cm-enhandsoppning-metall-vit\/#breadcrumb","itemListElement":[{"@type":"ListItem","position":1,"name":"Home","item":"https:\/\/truusk.store\/sv\/"},{"@type":"ListItem","position":2,"name":"Shop","item":"https:\/\/truusk.store\/shop\/"},{"@type":"ListItem","position":3,"name":"TRUUSK D\u00f6rrgrind Med Kattlucka &#8211; Montering Utan Borrning &#8211; Variabel Bredd 74-80 Cm &#8211; Enhands\u00f6ppning &#8211; Metall &#8211; Vit"}]},{"@type":"WebSite","@id":"https:\/\/truusk.store\/sv\/#website","url":"https:\/\/truusk.store\/sv\/","name":"TRUUSK - Hem, Tr\u00e4dg\u00e5rd & Fritid","description":"","publisher":{"@id":"https:\/\/truusk.store\/sv\/#organization"},"potentialAction":[{"@type":"SearchAction","target":{"@type":"EntryPoint","urlTemplate":"https:\/\/truusk.store\/sv\/?s={search_term_string}"},"query-input":{"@type":"PropertyValueSpecification","valueRequired":true,"valueName":"search_term_string"}}],"inLanguage":"sv-SE"},{"@type":"Organization","@id":"https:\/\/truusk.store\/sv\/#organization","name":"TRUUSK - Hem, Tr\u00e4dg\u00e5rd & Fritid","url":"https:\/\/truusk.store\/sv\/","logo":{"@type":"ImageObject","inLanguage":"sv-SE","@id":"https:\/\/truusk.store\/sv\/#\/schema\/logo\/image\/","url":"https:\/\/i0.wp.com\/truusk.store\/wp-content\/uploads\/2026\/03\/cropped-TRUUSK.png?fit=2032%2C917&ssl=1","contentUrl":"https:\/\/i0.wp.com\/truusk.store\/wp-content\/uploads\/2026\/03\/cropped-TRUUSK.png?fit=2032%2C917&ssl=1","width":2032,"height":917,"caption":"TRUUSK - Hem, Tr\u00e4dg\u00e5rd & Fritid"},"image":{"@id":"https:\/\/truusk.store\/sv\/#\/schema\/logo\/image\/"}}]}},"jetpack_sharing_enabled":true,"_links":{"self":[{"href":"https:\/\/truusk.store\/sv\/wp-json\/wp\/v2\/product\/31942","targetHints":{"allow":["GET"]}}],"collection":[{"href":"https:\/\/truusk.store\/sv\/wp-json\/wp\/v2\/product"}],"about":[{"href":"https:\/\/truusk.store\/sv\/wp-json\/wp\/v2\/types\/product"}],"wp:featuredmedia":[{"embeddable":true,"href":"https:\/\/truusk.store\/sv\/wp-json\/wp\/v2\/media\/31943"}],"wp:attachment":[{"href":"https:\/\/truusk.store\/sv\/wp-json\/wp\/v2\/media?parent=31942"}],"wp:term":[{"taxonomy":"product_brand","embeddable":true,"href":"https:\/\/truusk.store\/sv\/wp-json\/wp\/v2\/product_brand?post=31942"},{"taxonomy":"product_cat","embeddable":true,"href":"https:\/\/truusk.store\/sv\/wp-json\/wp\/v2\/product_cat?post=31942"},{"taxonomy":"product_tag","embeddable":true,"href":"https:\/\/truusk.store\/sv\/wp-json\/wp\/v2\/product_tag?post=31942"}],"curies":[{"name":"wp","href":"https:\/\/api.w.org\/{rel}","templated":true}]}}