{"id":32136,"date":"2024-02-13T21:44:19","date_gmt":"2024-02-13T20:44:19","guid":{"rendered":"https:\/\/truusk.store\/product\/upphojd-sang-3-plan-innerfoder-av-fleece-lackat-naturligt-tra-117-x-100-x-54-cm\/"},"modified":"2026-03-12T09:10:31","modified_gmt":"2026-03-12T08:10:31","slug":"truusk-kattbadd-3-plan-fleecefoder-naturligt-tra-117x100x54-cm","status":"publish","type":"product","link":"https:\/\/truusk.store\/sv\/produkt\/truusk-kattbadd-3-plan-fleecefoder-naturligt-tra-117x100x54-cm\/","title":{"rendered":"TRUUSK Kattb\u00e4dd 3 Plan &#8211; Fleecefoder &#8211; Naturligt Tr\u00e4 &#8211; 117x100x54 cm"},"content":{"rendered":"<p>Ge ditt utrymme liv med h\u00f6jds\u00e4ngen! Den genomt\u00e4nkta designen med 3 v\u00e5ningar och 9 fack skapar inte bara tillr\u00e4ckligt med utrymme, utan ocks\u00e5 perfekta zoner f\u00f6r v\u00e4xter med olika tillv\u00e4xtcykler. Denna upph\u00f6jda s\u00e4ng \u00e4r gjord av 100 % naturligt gran och lovar inte bara stabilitet utan ocks\u00e5 l\u00e5ngvarig elegans. Med sin enkla och rustika charm passar denna upph\u00f6jda s\u00e4ng perfekt in i vilken tr\u00e4dg\u00e5rd, balkong, terrass eller tr\u00e4dg\u00e5rd som helst!<\/p>\n<h3>Beskrivning:<\/h3>\n<ul>\n<li>Utrymmesbesparande design i tre niv\u00e5er f\u00f6r obegr\u00e4nsad tr\u00e4dg\u00e5rdsarbete<\/li>\n<li>9 separata omr\u00e5den f\u00f6r olika typer av v\u00e4xter<\/li>\n<li>\u00d6rtb\u00e4ddens robusta grantr\u00e4 f\u00f6r l\u00e5ngvarig anv\u00e4ndning<\/li>\n<li>L\u00e4tt att reng\u00f6ra och m\u00e5lad yta med l\u00e5gt underh\u00e5ll<\/li>\n<li>Planteringsl\u00e5dans ventilerande non-woven-tyg h\u00e5ller jorden fr\u00e4sch och f\u00f6rhindrar l\u00e4ckage<\/li>\n<li>Enkel montering f\u00f6r omedelbar tr\u00e4dg\u00e5rdsgl\u00e4dje<\/li>\n<\/ul>\n<h3>Teknisk data:<\/h3>\n<ul>\n<li>F\u00e4rg: naturligt tr\u00e4<\/li>\n<li>Material: gran<\/li>\n<li>\u00d6vergripande m\u00e5tt: 117L x 100W x 54H cm<\/li>\n<li>Inv\u00e4ndiga m\u00e5tt: 105L x 27,5B x 54H cm (\u00f6verst), 105L x 29B x 42,5H cm (mitten), 105L x 29W x 30H cm (botten)<\/li>\n<\/ul>\n<h3>Leveransens omfattning:<\/h3>\n<ul>\n<li>1 x upph\u00f6jd s\u00e4ng<\/li>\n<li>1 x Instruktioner;<\/li>\n<\/ul>\n","protected":false},"excerpt":{"rendered":"<p>Ge ditt utrymme liv med h\u00f6jds\u00e4ngen! Den genomt\u00e4nkta designen med 3 v\u00e5ningar och 9 fack skapar inte bara tillr\u00e4ckligt med&#8230;<\/p>\n","protected":false},"featured_media":32137,"template":"","meta":[],"product_brand":[],"product_cat":[447,435,443],"product_tag":[],"class_list":{"0":"post-32136","1":"product","2":"type-product","3":"status-publish","4":"has-post-thumbnail","6":"product_cat-planteringsmaskiner","7":"product_cat-tradgard-och-terrass","8":"product_cat-vaxthus-tradgardsskotsel","10":"first","11":"instock","12":"sale","13":"taxable","14":"shipping-taxable","15":"purchasable","16":"product-type-simple"},"yoast_head":"<!-- This site is optimized with the Yoast SEO plugin v25.4 - https:\/\/yoast.com\/wordpress\/plugins\/seo\/ -->\n<title>TRUUSK Kattb\u00e4dd 3 Plan - Fleecefoder - Naturligt Tr\u00e4 - 117x100x54 cm - TRUUSK - Hem, Tr\u00e4dg\u00e5rd &amp; Fritid<\/title>\n<meta name=\"robots\" content=\"index, follow, max-snippet:-1, max-image-preview:large, max-video-preview:-1\" \/>\n<link rel=\"canonical\" href=\"https:\/\/truusk.store\/sv\/produkt\/truusk-kattbadd-3-plan-fleecefoder-naturligt-tra-117x100x54-cm\/\" \/>\n<meta property=\"og:locale\" content=\"sv_SE\" \/>\n<meta property=\"og:type\" content=\"article\" \/>\n<meta property=\"og:title\" content=\"TRUUSK Kattb\u00e4dd 3 Plan - Fleecefoder - Naturligt Tr\u00e4 - 117x100x54 cm - TRUUSK - Hem, Tr\u00e4dg\u00e5rd &amp; Fritid\" \/>\n<meta property=\"og:description\" content=\"Ge ditt utrymme liv med h\u00f6jds\u00e4ngen! Den genomt\u00e4nkta designen med 3 v\u00e5ningar och 9 fack skapar inte bara tillr\u00e4ckligt med...\" \/>\n<meta property=\"og:url\" content=\"https:\/\/truusk.store\/sv\/produkt\/truusk-kattbadd-3-plan-fleecefoder-naturligt-tra-117x100x54-cm\/\" \/>\n<meta property=\"og:site_name\" content=\"TRUUSK - Hem, Tr\u00e4dg\u00e5rd &amp; Fritid\" \/>\n<meta property=\"article:modified_time\" content=\"2026-03-12T08:10:31+00:00\" \/>\n<meta property=\"og:image\" content=\"https:\/\/i0.wp.com\/truusk.se\/wp-content\/uploads\/2024\/02\/upphojd-sang-3-plan-innerfoder-av-fleece-lackat-naturligt-tra-117-x-100-x-54-cm.webp?fit=800%2C800&ssl=1\" \/>\n\t<meta property=\"og:image:width\" content=\"800\" \/>\n\t<meta property=\"og:image:height\" content=\"800\" \/>\n\t<meta property=\"og:image:type\" content=\"image\/webp\" \/>\n<meta name=\"twitter:card\" content=\"summary_large_image\" \/>\n<meta name=\"twitter:label1\" content=\"Ber\u00e4knad l\u00e4stid\" \/>\n\t<meta name=\"twitter:data1\" content=\"1 minut\" \/>\n<!-- \/ Yoast SEO plugin. -->","yoast_head_json":{"title":"TRUUSK Kattb\u00e4dd 3 Plan - Fleecefoder - Naturligt Tr\u00e4 - 117x100x54 cm - TRUUSK - Hem, Tr\u00e4dg\u00e5rd &amp; Fritid","robots":{"index":"index","follow":"follow","max-snippet":"max-snippet:-1","max-image-preview":"max-image-preview:large","max-video-preview":"max-video-preview:-1"},"canonical":"https:\/\/truusk.store\/sv\/produkt\/truusk-kattbadd-3-plan-fleecefoder-naturligt-tra-117x100x54-cm\/","og_locale":"sv_SE","og_type":"article","og_title":"TRUUSK Kattb\u00e4dd 3 Plan - Fleecefoder - Naturligt Tr\u00e4 - 117x100x54 cm - TRUUSK - Hem, Tr\u00e4dg\u00e5rd &amp; Fritid","og_description":"Ge ditt utrymme liv med h\u00f6jds\u00e4ngen! Den genomt\u00e4nkta designen med 3 v\u00e5ningar och 9 fack skapar inte bara tillr\u00e4ckligt med...","og_url":"https:\/\/truusk.store\/sv\/produkt\/truusk-kattbadd-3-plan-fleecefoder-naturligt-tra-117x100x54-cm\/","og_site_name":"TRUUSK - Hem, Tr\u00e4dg\u00e5rd &amp; Fritid","article_modified_time":"2026-03-12T08:10:31+00:00","og_image":[{"width":800,"height":800,"url":"https:\/\/i0.wp.com\/truusk.se\/wp-content\/uploads\/2024\/02\/upphojd-sang-3-plan-innerfoder-av-fleece-lackat-naturligt-tra-117-x-100-x-54-cm.webp?fit=800%2C800&ssl=1","type":"image\/webp"}],"twitter_card":"summary_large_image","twitter_misc":{"Ber\u00e4knad l\u00e4stid":"1 minut"},"schema":{"@context":"https:\/\/schema.org","@graph":[{"@type":"WebPage","@id":"https:\/\/truusk.store\/sv\/produkt\/truusk-kattbadd-3-plan-fleecefoder-naturligt-tra-117x100x54-cm\/","url":"https:\/\/truusk.store\/sv\/produkt\/truusk-kattbadd-3-plan-fleecefoder-naturligt-tra-117x100x54-cm\/","name":"TRUUSK Kattb\u00e4dd 3 Plan - Fleecefoder - Naturligt Tr\u00e4 - 117x100x54 cm - TRUUSK - Hem, Tr\u00e4dg\u00e5rd &amp; Fritid","isPartOf":{"@id":"https:\/\/truusk.store\/sv\/#website"},"primaryImageOfPage":{"@id":"https:\/\/truusk.store\/sv\/produkt\/truusk-kattbadd-3-plan-fleecefoder-naturligt-tra-117x100x54-cm\/#primaryimage"},"image":{"@id":"https:\/\/truusk.store\/sv\/produkt\/truusk-kattbadd-3-plan-fleecefoder-naturligt-tra-117x100x54-cm\/#primaryimage"},"thumbnailUrl":"https:\/\/i0.wp.com\/truusk.store\/wp-content\/uploads\/2024\/02\/upphojd-sang-3-plan-innerfoder-av-fleece-lackat-naturligt-tra-117-x-100-x-54-cm.webp?fit=800%2C800&ssl=1","datePublished":"2024-02-13T20:44:19+00:00","dateModified":"2026-03-12T08:10:31+00:00","breadcrumb":{"@id":"https:\/\/truusk.store\/sv\/produkt\/truusk-kattbadd-3-plan-fleecefoder-naturligt-tra-117x100x54-cm\/#breadcrumb"},"inLanguage":"sv-SE","potentialAction":[{"@type":"ReadAction","target":["https:\/\/truusk.store\/sv\/produkt\/truusk-kattbadd-3-plan-fleecefoder-naturligt-tra-117x100x54-cm\/"]}]},{"@type":"ImageObject","inLanguage":"sv-SE","@id":"https:\/\/truusk.store\/sv\/produkt\/truusk-kattbadd-3-plan-fleecefoder-naturligt-tra-117x100x54-cm\/#primaryimage","url":"https:\/\/i0.wp.com\/truusk.store\/wp-content\/uploads\/2024\/02\/upphojd-sang-3-plan-innerfoder-av-fleece-lackat-naturligt-tra-117-x-100-x-54-cm.webp?fit=800%2C800&ssl=1","contentUrl":"https:\/\/i0.wp.com\/truusk.store\/wp-content\/uploads\/2024\/02\/upphojd-sang-3-plan-innerfoder-av-fleece-lackat-naturligt-tra-117-x-100-x-54-cm.webp?fit=800%2C800&ssl=1","width":800,"height":800,"caption":"Upph\u00f6jd S\u00e4ng, 3 Plan, Innerfoder Av Fleece, Lackat Naturligt Tr\u00e4, 117 X 100 X 54 Cm 1"},{"@type":"BreadcrumbList","@id":"https:\/\/truusk.store\/sv\/produkt\/truusk-kattbadd-3-plan-fleecefoder-naturligt-tra-117x100x54-cm\/#breadcrumb","itemListElement":[{"@type":"ListItem","position":1,"name":"Home","item":"https:\/\/truusk.store\/sv\/"},{"@type":"ListItem","position":2,"name":"Shop","item":"https:\/\/truusk.store\/shop\/"},{"@type":"ListItem","position":3,"name":"TRUUSK Kattb\u00e4dd 3 Plan &#8211; Fleecefoder &#8211; Naturligt Tr\u00e4 &#8211; 117x100x54 cm"}]},{"@type":"WebSite","@id":"https:\/\/truusk.store\/sv\/#website","url":"https:\/\/truusk.store\/sv\/","name":"TRUUSK - Hem, Tr\u00e4dg\u00e5rd & Fritid","description":"","publisher":{"@id":"https:\/\/truusk.store\/sv\/#organization"},"potentialAction":[{"@type":"SearchAction","target":{"@type":"EntryPoint","urlTemplate":"https:\/\/truusk.store\/sv\/?s={search_term_string}"},"query-input":{"@type":"PropertyValueSpecification","valueRequired":true,"valueName":"search_term_string"}}],"inLanguage":"sv-SE"},{"@type":"Organization","@id":"https:\/\/truusk.store\/sv\/#organization","name":"TRUUSK - Hem, Tr\u00e4dg\u00e5rd & Fritid","url":"https:\/\/truusk.store\/sv\/","logo":{"@type":"ImageObject","inLanguage":"sv-SE","@id":"https:\/\/truusk.store\/sv\/#\/schema\/logo\/image\/","url":"https:\/\/i0.wp.com\/truusk.store\/wp-content\/uploads\/2026\/03\/cropped-TRUUSK.png?fit=2032%2C917&ssl=1","contentUrl":"https:\/\/i0.wp.com\/truusk.store\/wp-content\/uploads\/2026\/03\/cropped-TRUUSK.png?fit=2032%2C917&ssl=1","width":2032,"height":917,"caption":"TRUUSK - Hem, Tr\u00e4dg\u00e5rd & Fritid"},"image":{"@id":"https:\/\/truusk.store\/sv\/#\/schema\/logo\/image\/"}}]}},"jetpack_sharing_enabled":true,"_links":{"self":[{"href":"https:\/\/truusk.store\/sv\/wp-json\/wp\/v2\/product\/32136","targetHints":{"allow":["GET"]}}],"collection":[{"href":"https:\/\/truusk.store\/sv\/wp-json\/wp\/v2\/product"}],"about":[{"href":"https:\/\/truusk.store\/sv\/wp-json\/wp\/v2\/types\/product"}],"wp:featuredmedia":[{"embeddable":true,"href":"https:\/\/truusk.store\/sv\/wp-json\/wp\/v2\/media\/32137"}],"wp:attachment":[{"href":"https:\/\/truusk.store\/sv\/wp-json\/wp\/v2\/media?parent=32136"}],"wp:term":[{"taxonomy":"product_brand","embeddable":true,"href":"https:\/\/truusk.store\/sv\/wp-json\/wp\/v2\/product_brand?post=32136"},{"taxonomy":"product_cat","embeddable":true,"href":"https:\/\/truusk.store\/sv\/wp-json\/wp\/v2\/product_cat?post=32136"},{"taxonomy":"product_tag","embeddable":true,"href":"https:\/\/truusk.store\/sv\/wp-json\/wp\/v2\/product_tag?post=32136"}],"curies":[{"name":"wp","href":"https:\/\/api.w.org\/{rel}","templated":true}]}}