{"id":32162,"date":"2024-02-13T21:45:06","date_gmt":"2024-02-13T20:45:06","guid":{"rendered":"https:\/\/truusk.store\/product\/upphojd-badd-2-planteringsytor-invandigt-foder-av-fleece-vaderbestandig-massivt-tra-244cm-x-615cm-x-27cm\/"},"modified":"2026-03-12T09:10:31","modified_gmt":"2026-03-12T08:10:31","slug":"truusk-hundbadd-i-massivt-tra-upphojd-design-invandigt-foder-av-fleece-vaderbestandig-244cm-x-615cm-x-27cm","status":"publish","type":"product","link":"https:\/\/truusk.store\/sv\/produkt\/truusk-hundbadd-i-massivt-tra-upphojd-design-invandigt-foder-av-fleece-vaderbestandig-244cm-x-615cm-x-27cm\/","title":{"rendered":"TRUUSK Hundb\u00e4dd i Massivt Tr\u00e4 &#8211; Upph\u00f6jd Design &#8211; Inv\u00e4ndigt Foder av Fleece &#8211; V\u00e4derbest\u00e4ndig &#8211; 244cm X 61,5cm X 27cm"},"content":{"rendered":"<p>Denna upph\u00f6jda s\u00e4ng \u00e4r enkel men praktisk. Tillverkad av kraftigt, slitstarkt massivt tr\u00e4 och med ett inv\u00e4ndigt fleecefoder. Det vattenavvisande innerfodret andas, h\u00e5ller jorden inne och s\u00e4kerst\u00e4ller en h\u00e4lsosam vattenbalans f\u00f6r v\u00e4xterna. H\u00f6gb\u00e4dden skyddar dina v\u00e4xter fr\u00e5n skadedjur, frost och annan v\u00e4derp\u00e5verkan. Denna upph\u00f6jda s\u00e4ng \u00e4r ocks\u00e5 den perfekta dekorationen f\u00f6r din tr\u00e4dg\u00e5rd.<\/p>\n<h3>Beskrivning:<\/h3>\n<ul>\n<li>L\u00e4mplig f\u00f6r v\u00e4xter, gr\u00f6nsaker, \u00f6rter, blommor etc.<\/li>\n<li>Uppdelad i tv\u00e5 odlingsomr\u00e5den f\u00f6r olika v\u00e4xter<\/li>\n<li>Upph\u00f6jda bloml\u00e5dor h\u00e5ller ogr\u00e4s ute och skyddar dina v\u00e4xter fr\u00e5n frost<\/li>\n<li>Det ov\u00e4vda materialet i krukan f\u00f6rhindrar jordf\u00f6rlust<\/li>\n<li>Byggd f\u00f6r att h\u00e5lla i flera \u00e5r utan mycket sk\u00f6tsel och underh\u00e5ll<\/li>\n<li>L\u00e4tt att montera<\/li>\n<\/ul>\n<h3>Teknisk data:<\/h3>\n<ul>\n<li>F\u00e4rg: Naturlig<\/li>\n<li>Material: gran<\/li>\n<li>Totala m\u00e5tt: 244 x 61,5W x 27H cm<\/li>\n<li>Inre produktdata: 119L x 56W x 24,5H cm(per)<\/li>\n<\/ul>\n<h3>Leveransens omfattning:<\/h3>\n<ul>\n<li>1 x tr\u00e4dg\u00e5rdss\u00e4ng<\/li>\n<li>1 x Instruktioner<\/li>\n<\/ul>\n","protected":false},"excerpt":{"rendered":"<p>Denna upph\u00f6jda s\u00e4ng \u00e4r enkel men praktisk. Tillverkad av kraftigt, slitstarkt massivt tr\u00e4 och med ett inv\u00e4ndigt fleecefoder. Det vattenavvisande&#8230;<\/p>\n","protected":false},"featured_media":32163,"template":"","meta":[],"product_brand":[],"product_cat":[447,435,443],"product_tag":[],"class_list":{"0":"post-32162","1":"product","2":"type-product","3":"status-publish","4":"has-post-thumbnail","6":"product_cat-planteringsmaskiner","7":"product_cat-tradgard-och-terrass","8":"product_cat-vaxthus-tradgardsskotsel","10":"first","11":"instock","12":"sale","13":"taxable","14":"shipping-taxable","15":"purchasable","16":"product-type-simple"},"yoast_head":"<!-- This site is optimized with the Yoast SEO plugin v25.4 - https:\/\/yoast.com\/wordpress\/plugins\/seo\/ -->\n<title>TRUUSK Hundb\u00e4dd i Massivt Tr\u00e4 - Upph\u00f6jd Design - Inv\u00e4ndigt Foder av Fleece - V\u00e4derbest\u00e4ndig - 244cm X 61,5cm X 27cm - TRUUSK - Hem, Tr\u00e4dg\u00e5rd &amp; Fritid<\/title>\n<meta name=\"robots\" content=\"index, follow, max-snippet:-1, max-image-preview:large, max-video-preview:-1\" \/>\n<link rel=\"canonical\" href=\"https:\/\/truusk.store\/sv\/produkt\/truusk-hundbadd-i-massivt-tra-upphojd-design-invandigt-foder-av-fleece-vaderbestandig-244cm-x-615cm-x-27cm\/\" \/>\n<meta property=\"og:locale\" content=\"sv_SE\" \/>\n<meta property=\"og:type\" content=\"article\" \/>\n<meta property=\"og:title\" content=\"TRUUSK Hundb\u00e4dd i Massivt Tr\u00e4 - Upph\u00f6jd Design - Inv\u00e4ndigt Foder av Fleece - V\u00e4derbest\u00e4ndig - 244cm X 61,5cm X 27cm - TRUUSK - Hem, Tr\u00e4dg\u00e5rd &amp; Fritid\" \/>\n<meta property=\"og:description\" content=\"Denna upph\u00f6jda s\u00e4ng \u00e4r enkel men praktisk. Tillverkad av kraftigt, slitstarkt massivt tr\u00e4 och med ett inv\u00e4ndigt fleecefoder. Det vattenavvisande...\" \/>\n<meta property=\"og:url\" content=\"https:\/\/truusk.store\/sv\/produkt\/truusk-hundbadd-i-massivt-tra-upphojd-design-invandigt-foder-av-fleece-vaderbestandig-244cm-x-615cm-x-27cm\/\" \/>\n<meta property=\"og:site_name\" content=\"TRUUSK - Hem, Tr\u00e4dg\u00e5rd &amp; Fritid\" \/>\n<meta property=\"article:modified_time\" content=\"2026-03-12T08:10:31+00:00\" \/>\n<meta property=\"og:image\" content=\"https:\/\/i0.wp.com\/truusk.se\/wp-content\/uploads\/2024\/02\/upphojd-badd-2-planteringsytor-invandigt-foder-av-fleece-vaderbestandig-massivt-tra-244cm-x-615cm-x-27cm.webp?fit=800%2C800&ssl=1\" \/>\n\t<meta property=\"og:image:width\" content=\"800\" \/>\n\t<meta property=\"og:image:height\" content=\"800\" \/>\n\t<meta property=\"og:image:type\" content=\"image\/webp\" \/>\n<meta name=\"twitter:card\" content=\"summary_large_image\" \/>\n<meta name=\"twitter:label1\" content=\"Ber\u00e4knad l\u00e4stid\" \/>\n\t<meta name=\"twitter:data1\" content=\"1 minut\" \/>\n<!-- \/ Yoast SEO plugin. -->","yoast_head_json":{"title":"TRUUSK Hundb\u00e4dd i Massivt Tr\u00e4 - Upph\u00f6jd Design - Inv\u00e4ndigt Foder av Fleece - V\u00e4derbest\u00e4ndig - 244cm X 61,5cm X 27cm - TRUUSK - Hem, Tr\u00e4dg\u00e5rd &amp; Fritid","robots":{"index":"index","follow":"follow","max-snippet":"max-snippet:-1","max-image-preview":"max-image-preview:large","max-video-preview":"max-video-preview:-1"},"canonical":"https:\/\/truusk.store\/sv\/produkt\/truusk-hundbadd-i-massivt-tra-upphojd-design-invandigt-foder-av-fleece-vaderbestandig-244cm-x-615cm-x-27cm\/","og_locale":"sv_SE","og_type":"article","og_title":"TRUUSK Hundb\u00e4dd i Massivt Tr\u00e4 - Upph\u00f6jd Design - Inv\u00e4ndigt Foder av Fleece - V\u00e4derbest\u00e4ndig - 244cm X 61,5cm X 27cm - TRUUSK - Hem, Tr\u00e4dg\u00e5rd &amp; Fritid","og_description":"Denna upph\u00f6jda s\u00e4ng \u00e4r enkel men praktisk. Tillverkad av kraftigt, slitstarkt massivt tr\u00e4 och med ett inv\u00e4ndigt fleecefoder. Det vattenavvisande...","og_url":"https:\/\/truusk.store\/sv\/produkt\/truusk-hundbadd-i-massivt-tra-upphojd-design-invandigt-foder-av-fleece-vaderbestandig-244cm-x-615cm-x-27cm\/","og_site_name":"TRUUSK - Hem, Tr\u00e4dg\u00e5rd &amp; Fritid","article_modified_time":"2026-03-12T08:10:31+00:00","og_image":[{"width":800,"height":800,"url":"https:\/\/i0.wp.com\/truusk.se\/wp-content\/uploads\/2024\/02\/upphojd-badd-2-planteringsytor-invandigt-foder-av-fleece-vaderbestandig-massivt-tra-244cm-x-615cm-x-27cm.webp?fit=800%2C800&ssl=1","type":"image\/webp"}],"twitter_card":"summary_large_image","twitter_misc":{"Ber\u00e4knad l\u00e4stid":"1 minut"},"schema":{"@context":"https:\/\/schema.org","@graph":[{"@type":"WebPage","@id":"https:\/\/truusk.store\/sv\/produkt\/truusk-hundbadd-i-massivt-tra-upphojd-design-invandigt-foder-av-fleece-vaderbestandig-244cm-x-615cm-x-27cm\/","url":"https:\/\/truusk.store\/sv\/produkt\/truusk-hundbadd-i-massivt-tra-upphojd-design-invandigt-foder-av-fleece-vaderbestandig-244cm-x-615cm-x-27cm\/","name":"TRUUSK Hundb\u00e4dd i Massivt Tr\u00e4 - Upph\u00f6jd Design - Inv\u00e4ndigt Foder av Fleece - V\u00e4derbest\u00e4ndig - 244cm X 61,5cm X 27cm - TRUUSK - Hem, Tr\u00e4dg\u00e5rd &amp; Fritid","isPartOf":{"@id":"https:\/\/truusk.store\/sv\/#website"},"primaryImageOfPage":{"@id":"https:\/\/truusk.store\/sv\/produkt\/truusk-hundbadd-i-massivt-tra-upphojd-design-invandigt-foder-av-fleece-vaderbestandig-244cm-x-615cm-x-27cm\/#primaryimage"},"image":{"@id":"https:\/\/truusk.store\/sv\/produkt\/truusk-hundbadd-i-massivt-tra-upphojd-design-invandigt-foder-av-fleece-vaderbestandig-244cm-x-615cm-x-27cm\/#primaryimage"},"thumbnailUrl":"https:\/\/i0.wp.com\/truusk.store\/wp-content\/uploads\/2024\/02\/upphojd-badd-2-planteringsytor-invandigt-foder-av-fleece-vaderbestandig-massivt-tra-244cm-x-615cm-x-27cm.webp?fit=800%2C800&ssl=1","datePublished":"2024-02-13T20:45:06+00:00","dateModified":"2026-03-12T08:10:31+00:00","breadcrumb":{"@id":"https:\/\/truusk.store\/sv\/produkt\/truusk-hundbadd-i-massivt-tra-upphojd-design-invandigt-foder-av-fleece-vaderbestandig-244cm-x-615cm-x-27cm\/#breadcrumb"},"inLanguage":"sv-SE","potentialAction":[{"@type":"ReadAction","target":["https:\/\/truusk.store\/sv\/produkt\/truusk-hundbadd-i-massivt-tra-upphojd-design-invandigt-foder-av-fleece-vaderbestandig-244cm-x-615cm-x-27cm\/"]}]},{"@type":"ImageObject","inLanguage":"sv-SE","@id":"https:\/\/truusk.store\/sv\/produkt\/truusk-hundbadd-i-massivt-tra-upphojd-design-invandigt-foder-av-fleece-vaderbestandig-244cm-x-615cm-x-27cm\/#primaryimage","url":"https:\/\/i0.wp.com\/truusk.store\/wp-content\/uploads\/2024\/02\/upphojd-badd-2-planteringsytor-invandigt-foder-av-fleece-vaderbestandig-massivt-tra-244cm-x-615cm-x-27cm.webp?fit=800%2C800&ssl=1","contentUrl":"https:\/\/i0.wp.com\/truusk.store\/wp-content\/uploads\/2024\/02\/upphojd-badd-2-planteringsytor-invandigt-foder-av-fleece-vaderbestandig-massivt-tra-244cm-x-615cm-x-27cm.webp?fit=800%2C800&ssl=1","width":800,"height":800,"caption":"Upph\u00f6jd B\u00e4dd, 2 Planteringsytor, Inv\u00e4ndigt Foder Av Fleece, V\u00e4derbest\u00e4ndig, Massivt Tr\u00e4, 244cm X 61,5cm X 27cm 1"},{"@type":"BreadcrumbList","@id":"https:\/\/truusk.store\/sv\/produkt\/truusk-hundbadd-i-massivt-tra-upphojd-design-invandigt-foder-av-fleece-vaderbestandig-244cm-x-615cm-x-27cm\/#breadcrumb","itemListElement":[{"@type":"ListItem","position":1,"name":"Home","item":"https:\/\/truusk.store\/sv\/"},{"@type":"ListItem","position":2,"name":"Shop","item":"https:\/\/truusk.store\/shop\/"},{"@type":"ListItem","position":3,"name":"TRUUSK Hundb\u00e4dd i Massivt Tr\u00e4 &#8211; Upph\u00f6jd Design &#8211; Inv\u00e4ndigt Foder av Fleece &#8211; V\u00e4derbest\u00e4ndig &#8211; 244cm X 61,5cm X 27cm"}]},{"@type":"WebSite","@id":"https:\/\/truusk.store\/sv\/#website","url":"https:\/\/truusk.store\/sv\/","name":"TRUUSK - Hem, Tr\u00e4dg\u00e5rd & Fritid","description":"","publisher":{"@id":"https:\/\/truusk.store\/sv\/#organization"},"potentialAction":[{"@type":"SearchAction","target":{"@type":"EntryPoint","urlTemplate":"https:\/\/truusk.store\/sv\/?s={search_term_string}"},"query-input":{"@type":"PropertyValueSpecification","valueRequired":true,"valueName":"search_term_string"}}],"inLanguage":"sv-SE"},{"@type":"Organization","@id":"https:\/\/truusk.store\/sv\/#organization","name":"TRUUSK - Hem, Tr\u00e4dg\u00e5rd & Fritid","url":"https:\/\/truusk.store\/sv\/","logo":{"@type":"ImageObject","inLanguage":"sv-SE","@id":"https:\/\/truusk.store\/sv\/#\/schema\/logo\/image\/","url":"https:\/\/i0.wp.com\/truusk.store\/wp-content\/uploads\/2026\/03\/cropped-TRUUSK.png?fit=2032%2C917&ssl=1","contentUrl":"https:\/\/i0.wp.com\/truusk.store\/wp-content\/uploads\/2026\/03\/cropped-TRUUSK.png?fit=2032%2C917&ssl=1","width":2032,"height":917,"caption":"TRUUSK - Hem, Tr\u00e4dg\u00e5rd & Fritid"},"image":{"@id":"https:\/\/truusk.store\/sv\/#\/schema\/logo\/image\/"}}]}},"jetpack_sharing_enabled":true,"_links":{"self":[{"href":"https:\/\/truusk.store\/sv\/wp-json\/wp\/v2\/product\/32162","targetHints":{"allow":["GET"]}}],"collection":[{"href":"https:\/\/truusk.store\/sv\/wp-json\/wp\/v2\/product"}],"about":[{"href":"https:\/\/truusk.store\/sv\/wp-json\/wp\/v2\/types\/product"}],"wp:featuredmedia":[{"embeddable":true,"href":"https:\/\/truusk.store\/sv\/wp-json\/wp\/v2\/media\/32163"}],"wp:attachment":[{"href":"https:\/\/truusk.store\/sv\/wp-json\/wp\/v2\/media?parent=32162"}],"wp:term":[{"taxonomy":"product_brand","embeddable":true,"href":"https:\/\/truusk.store\/sv\/wp-json\/wp\/v2\/product_brand?post=32162"},{"taxonomy":"product_cat","embeddable":true,"href":"https:\/\/truusk.store\/sv\/wp-json\/wp\/v2\/product_cat?post=32162"},{"taxonomy":"product_tag","embeddable":true,"href":"https:\/\/truusk.store\/sv\/wp-json\/wp\/v2\/product_tag?post=32162"}],"curies":[{"name":"wp","href":"https:\/\/api.w.org\/{rel}","templated":true}]}}