{"id":32307,"date":"2024-02-13T21:53:17","date_gmt":"2024-02-13T20:53:17","guid":{"rendered":"https:\/\/truusk.store\/product\/minivaxthusodlingsvaxthus-med-folieskydd-och-3-hyllor-rulldorr-gronsaksbadd-gron-69-x-49-x-125-cm\/"},"modified":"2026-03-12T09:10:32","modified_gmt":"2026-03-12T08:10:32","slug":"truusk-minivaxthus-med-folieskydd-3-hyllor-rulldorr-gronsaksbadd-gron-69-x-49-x-125-cm","status":"publish","type":"product","link":"https:\/\/truusk.store\/sv\/produkt\/truusk-minivaxthus-med-folieskydd-3-hyllor-rulldorr-gronsaksbadd-gron-69-x-49-x-125-cm\/","title":{"rendered":"TRUUSK Miniv\u00e4xthus med Folieskydd &#8211; 3 Hyllor &#8211; Rulld\u00f6rr &#8211; Gr\u00f6nsaksb\u00e4dd &#8211; Gr\u00f6n &#8211; 69 x 49 x 125 cm"},"content":{"rendered":"<p>Anv\u00e4nd dina gr\u00f6na tummar var som helst med detta kompakta miniv\u00e4xthus med flerskiktshyllor. Ramen \u00e4r gjord av robust metall f\u00f6r att h\u00e5lla balkongv\u00e4xthuset uppr\u00e4tt och stabilt hela dagen, och ett slitstarkt plastskydd skyddar dina v\u00e4xter inne fr\u00e5n kylan. Detta f\u00f6r\u00f6kningsv\u00e4xthus \u00e4r ett bra val om du vill b\u00f6rja odla din egen produktion.<\/p>\n<h3>Beskrivning:<\/h3>\n<ul>\n<li>Det kompakta, l\u00e4tta v\u00e4xthuset \u00e4r idealiskt f\u00f6r rum med lite utrymme<\/li>\n<li>Flera hyllplan med f\u00e4ste med sp\u00e4nnen<\/li>\n<li>L\u00e4mplig f\u00f6r v\u00e4xter, gr\u00f6nsaker, frukt och blomsterodling<\/li>\n<li>Film\u00f6verdrag av h\u00f6g kvalitet \u00e4r mogen och UV-best\u00e4ndig<\/li>\n<li>Sidofickor p\u00e5 locket kan anv\u00e4ndas f\u00f6r att plantera blommor<\/li>\n<li>Roll-up lucka med dragkedja s\u00e4kerst\u00e4ller god ventilation och enkel \u00e5tkomst till dina v\u00e4xter<\/li>\n<li>Stabil metallram s\u00e4kerst\u00e4ller ett stadigt st\u00f6d<\/li>\n<li>Montering kr\u00e4vs<\/li>\n<\/ul>\n<h3>Teknisk data:<\/h3>\n<ul>\n<li>F\u00e4rg: gr\u00f6n<\/li>\n<li>Material: metall, PE-plast<\/li>\n<li>\u00d6vergripande m\u00e5tt: 69L x 49W x 125H cm<\/li>\n<li>D\u00f6rrstorlek: 50W x 102H cm<\/li>\n<li>M\u00e5tt hylla: 62L x 48W cm<\/li>\n<li>Hyllornas h\u00f6jd: 0 cm, 32 cm, 64 cm (nedifr\u00e5n och upp)<\/li>\n<li>Lastkapacitet: 15 kg (varje v\u00e5ning)<\/li>\n<li>Vindt\u00e4thetsniv\u00e5: 4<\/li>\n<li>PE lock: 130g\/m<\/li>\n<\/ul>\n<h3>Leveransens omfattning:<\/h3>\n<ul>\n<li>1 x V\u00e4xthus<\/li>\n<li>8 x fast sp\u00e4nne<\/li>\n<li>1 x Instruktioner<\/li>\n<\/ul>\n","protected":false},"excerpt":{"rendered":"<p>Anv\u00e4nd dina gr\u00f6na tummar var som helst med detta kompakta miniv\u00e4xthus med flerskiktshyllor. Ramen \u00e4r gjord av robust metall f\u00f6r&#8230;<\/p>\n","protected":false},"featured_media":32308,"template":"","meta":[],"product_brand":[],"product_cat":[444,435,443],"product_tag":[],"class_list":{"0":"post-32307","1":"product","2":"type-product","3":"status-publish","4":"has-post-thumbnail","6":"product_cat-filma-vaxthus","7":"product_cat-tradgard-och-terrass","8":"product_cat-vaxthus-tradgardsskotsel","10":"first","11":"instock","12":"sale","13":"taxable","14":"shipping-taxable","15":"purchasable","16":"product-type-simple"},"yoast_head":"<!-- This site is optimized with the Yoast SEO plugin v25.4 - https:\/\/yoast.com\/wordpress\/plugins\/seo\/ -->\n<title>TRUUSK Miniv\u00e4xthus med Folieskydd - 3 Hyllor - Rulld\u00f6rr - Gr\u00f6nsaksb\u00e4dd - Gr\u00f6n - 69 x 49 x 125 cm - TRUUSK - Hem, Tr\u00e4dg\u00e5rd &amp; Fritid<\/title>\n<meta name=\"robots\" content=\"index, follow, max-snippet:-1, max-image-preview:large, max-video-preview:-1\" \/>\n<link rel=\"canonical\" href=\"https:\/\/truusk.store\/sv\/produkt\/truusk-minivaxthus-med-folieskydd-3-hyllor-rulldorr-gronsaksbadd-gron-69-x-49-x-125-cm\/\" \/>\n<meta property=\"og:locale\" content=\"sv_SE\" \/>\n<meta property=\"og:type\" content=\"article\" \/>\n<meta property=\"og:title\" content=\"TRUUSK Miniv\u00e4xthus med Folieskydd - 3 Hyllor - Rulld\u00f6rr - Gr\u00f6nsaksb\u00e4dd - Gr\u00f6n - 69 x 49 x 125 cm - TRUUSK - Hem, Tr\u00e4dg\u00e5rd &amp; Fritid\" \/>\n<meta property=\"og:description\" content=\"Anv\u00e4nd dina gr\u00f6na tummar var som helst med detta kompakta miniv\u00e4xthus med flerskiktshyllor. Ramen \u00e4r gjord av robust metall f\u00f6r...\" \/>\n<meta property=\"og:url\" content=\"https:\/\/truusk.store\/sv\/produkt\/truusk-minivaxthus-med-folieskydd-3-hyllor-rulldorr-gronsaksbadd-gron-69-x-49-x-125-cm\/\" \/>\n<meta property=\"og:site_name\" content=\"TRUUSK - Hem, Tr\u00e4dg\u00e5rd &amp; Fritid\" \/>\n<meta property=\"article:modified_time\" content=\"2026-03-12T08:10:32+00:00\" \/>\n<meta property=\"og:image\" content=\"https:\/\/i0.wp.com\/truusk.se\/wp-content\/uploads\/2024\/02\/minivaxthusodlingsvaxthus-med-folieskydd-och-3-hyllor-rulldorr-gronsaksbadd-gron-69-x-49-x-125-cm.webp?fit=800%2C800&ssl=1\" \/>\n\t<meta property=\"og:image:width\" content=\"800\" \/>\n\t<meta property=\"og:image:height\" content=\"800\" \/>\n\t<meta property=\"og:image:type\" content=\"image\/webp\" \/>\n<meta name=\"twitter:card\" content=\"summary_large_image\" \/>\n<meta name=\"twitter:label1\" content=\"Ber\u00e4knad l\u00e4stid\" \/>\n\t<meta name=\"twitter:data1\" content=\"1 minut\" \/>\n<!-- \/ Yoast SEO plugin. -->","yoast_head_json":{"title":"TRUUSK Miniv\u00e4xthus med Folieskydd - 3 Hyllor - Rulld\u00f6rr - Gr\u00f6nsaksb\u00e4dd - Gr\u00f6n - 69 x 49 x 125 cm - TRUUSK - Hem, Tr\u00e4dg\u00e5rd &amp; Fritid","robots":{"index":"index","follow":"follow","max-snippet":"max-snippet:-1","max-image-preview":"max-image-preview:large","max-video-preview":"max-video-preview:-1"},"canonical":"https:\/\/truusk.store\/sv\/produkt\/truusk-minivaxthus-med-folieskydd-3-hyllor-rulldorr-gronsaksbadd-gron-69-x-49-x-125-cm\/","og_locale":"sv_SE","og_type":"article","og_title":"TRUUSK Miniv\u00e4xthus med Folieskydd - 3 Hyllor - Rulld\u00f6rr - Gr\u00f6nsaksb\u00e4dd - Gr\u00f6n - 69 x 49 x 125 cm - TRUUSK - Hem, Tr\u00e4dg\u00e5rd &amp; Fritid","og_description":"Anv\u00e4nd dina gr\u00f6na tummar var som helst med detta kompakta miniv\u00e4xthus med flerskiktshyllor. Ramen \u00e4r gjord av robust metall f\u00f6r...","og_url":"https:\/\/truusk.store\/sv\/produkt\/truusk-minivaxthus-med-folieskydd-3-hyllor-rulldorr-gronsaksbadd-gron-69-x-49-x-125-cm\/","og_site_name":"TRUUSK - Hem, Tr\u00e4dg\u00e5rd &amp; Fritid","article_modified_time":"2026-03-12T08:10:32+00:00","og_image":[{"width":800,"height":800,"url":"https:\/\/i0.wp.com\/truusk.se\/wp-content\/uploads\/2024\/02\/minivaxthusodlingsvaxthus-med-folieskydd-och-3-hyllor-rulldorr-gronsaksbadd-gron-69-x-49-x-125-cm.webp?fit=800%2C800&ssl=1","type":"image\/webp"}],"twitter_card":"summary_large_image","twitter_misc":{"Ber\u00e4knad l\u00e4stid":"1 minut"},"schema":{"@context":"https:\/\/schema.org","@graph":[{"@type":"WebPage","@id":"https:\/\/truusk.store\/sv\/produkt\/truusk-minivaxthus-med-folieskydd-3-hyllor-rulldorr-gronsaksbadd-gron-69-x-49-x-125-cm\/","url":"https:\/\/truusk.store\/sv\/produkt\/truusk-minivaxthus-med-folieskydd-3-hyllor-rulldorr-gronsaksbadd-gron-69-x-49-x-125-cm\/","name":"TRUUSK Miniv\u00e4xthus med Folieskydd - 3 Hyllor - Rulld\u00f6rr - Gr\u00f6nsaksb\u00e4dd - Gr\u00f6n - 69 x 49 x 125 cm - TRUUSK - Hem, Tr\u00e4dg\u00e5rd &amp; Fritid","isPartOf":{"@id":"https:\/\/truusk.store\/sv\/#website"},"primaryImageOfPage":{"@id":"https:\/\/truusk.store\/sv\/produkt\/truusk-minivaxthus-med-folieskydd-3-hyllor-rulldorr-gronsaksbadd-gron-69-x-49-x-125-cm\/#primaryimage"},"image":{"@id":"https:\/\/truusk.store\/sv\/produkt\/truusk-minivaxthus-med-folieskydd-3-hyllor-rulldorr-gronsaksbadd-gron-69-x-49-x-125-cm\/#primaryimage"},"thumbnailUrl":"https:\/\/i0.wp.com\/truusk.store\/wp-content\/uploads\/2024\/02\/minivaxthusodlingsvaxthus-med-folieskydd-och-3-hyllor-rulldorr-gronsaksbadd-gron-69-x-49-x-125-cm.webp?fit=800%2C800&ssl=1","datePublished":"2024-02-13T20:53:17+00:00","dateModified":"2026-03-12T08:10:32+00:00","breadcrumb":{"@id":"https:\/\/truusk.store\/sv\/produkt\/truusk-minivaxthus-med-folieskydd-3-hyllor-rulldorr-gronsaksbadd-gron-69-x-49-x-125-cm\/#breadcrumb"},"inLanguage":"sv-SE","potentialAction":[{"@type":"ReadAction","target":["https:\/\/truusk.store\/sv\/produkt\/truusk-minivaxthus-med-folieskydd-3-hyllor-rulldorr-gronsaksbadd-gron-69-x-49-x-125-cm\/"]}]},{"@type":"ImageObject","inLanguage":"sv-SE","@id":"https:\/\/truusk.store\/sv\/produkt\/truusk-minivaxthus-med-folieskydd-3-hyllor-rulldorr-gronsaksbadd-gron-69-x-49-x-125-cm\/#primaryimage","url":"https:\/\/i0.wp.com\/truusk.store\/wp-content\/uploads\/2024\/02\/minivaxthusodlingsvaxthus-med-folieskydd-och-3-hyllor-rulldorr-gronsaksbadd-gron-69-x-49-x-125-cm.webp?fit=800%2C800&ssl=1","contentUrl":"https:\/\/i0.wp.com\/truusk.store\/wp-content\/uploads\/2024\/02\/minivaxthusodlingsvaxthus-med-folieskydd-och-3-hyllor-rulldorr-gronsaksbadd-gron-69-x-49-x-125-cm.webp?fit=800%2C800&ssl=1","width":800,"height":800,"caption":"Miniv\u00e4xthusodlingsv\u00e4xthus Med Folieskydd Och 3 Hyllor, Rulld\u00f6rr, Gr\u00f6nsaksb\u00e4dd, Gr\u00f6n, 69 X 49 X 125 Cm 1"},{"@type":"BreadcrumbList","@id":"https:\/\/truusk.store\/sv\/produkt\/truusk-minivaxthus-med-folieskydd-3-hyllor-rulldorr-gronsaksbadd-gron-69-x-49-x-125-cm\/#breadcrumb","itemListElement":[{"@type":"ListItem","position":1,"name":"Home","item":"https:\/\/truusk.store\/sv\/"},{"@type":"ListItem","position":2,"name":"Shop","item":"https:\/\/truusk.store\/shop\/"},{"@type":"ListItem","position":3,"name":"TRUUSK Miniv\u00e4xthus med Folieskydd &#8211; 3 Hyllor &#8211; Rulld\u00f6rr &#8211; Gr\u00f6nsaksb\u00e4dd &#8211; Gr\u00f6n &#8211; 69 x 49 x 125 cm"}]},{"@type":"WebSite","@id":"https:\/\/truusk.store\/sv\/#website","url":"https:\/\/truusk.store\/sv\/","name":"TRUUSK - Hem, Tr\u00e4dg\u00e5rd & Fritid","description":"","publisher":{"@id":"https:\/\/truusk.store\/sv\/#organization"},"potentialAction":[{"@type":"SearchAction","target":{"@type":"EntryPoint","urlTemplate":"https:\/\/truusk.store\/sv\/?s={search_term_string}"},"query-input":{"@type":"PropertyValueSpecification","valueRequired":true,"valueName":"search_term_string"}}],"inLanguage":"sv-SE"},{"@type":"Organization","@id":"https:\/\/truusk.store\/sv\/#organization","name":"TRUUSK - Hem, Tr\u00e4dg\u00e5rd & Fritid","url":"https:\/\/truusk.store\/sv\/","logo":{"@type":"ImageObject","inLanguage":"sv-SE","@id":"https:\/\/truusk.store\/sv\/#\/schema\/logo\/image\/","url":"https:\/\/i0.wp.com\/truusk.store\/wp-content\/uploads\/2026\/03\/cropped-TRUUSK.png?fit=2032%2C917&ssl=1","contentUrl":"https:\/\/i0.wp.com\/truusk.store\/wp-content\/uploads\/2026\/03\/cropped-TRUUSK.png?fit=2032%2C917&ssl=1","width":2032,"height":917,"caption":"TRUUSK - Hem, Tr\u00e4dg\u00e5rd & Fritid"},"image":{"@id":"https:\/\/truusk.store\/sv\/#\/schema\/logo\/image\/"}}]}},"jetpack_sharing_enabled":true,"_links":{"self":[{"href":"https:\/\/truusk.store\/sv\/wp-json\/wp\/v2\/product\/32307","targetHints":{"allow":["GET"]}}],"collection":[{"href":"https:\/\/truusk.store\/sv\/wp-json\/wp\/v2\/product"}],"about":[{"href":"https:\/\/truusk.store\/sv\/wp-json\/wp\/v2\/types\/product"}],"wp:featuredmedia":[{"embeddable":true,"href":"https:\/\/truusk.store\/sv\/wp-json\/wp\/v2\/media\/32308"}],"wp:attachment":[{"href":"https:\/\/truusk.store\/sv\/wp-json\/wp\/v2\/media?parent=32307"}],"wp:term":[{"taxonomy":"product_brand","embeddable":true,"href":"https:\/\/truusk.store\/sv\/wp-json\/wp\/v2\/product_brand?post=32307"},{"taxonomy":"product_cat","embeddable":true,"href":"https:\/\/truusk.store\/sv\/wp-json\/wp\/v2\/product_cat?post=32307"},{"taxonomy":"product_tag","embeddable":true,"href":"https:\/\/truusk.store\/sv\/wp-json\/wp\/v2\/product_tag?post=32307"}],"curies":[{"name":"wp","href":"https:\/\/api.w.org\/{rel}","templated":true}]}}