{"id":32337,"date":"2024-02-13T21:54:24","date_gmt":"2024-02-13T20:54:24","guid":{"rendered":"https:\/\/truusk.store\/product\/folievaxthus-polytunnel-6-x-3-x-2-m-ingangsvaxthus-med-upprullbara-lock-folietunnel-vaxthus-uv-skydd-stalror-gron\/"},"modified":"2026-03-12T09:10:32","modified_gmt":"2026-03-12T08:10:32","slug":"truusk-folietunnel-vaxthus-6x3x2m-upprullbara-lock-uv-skydd-stalror-gron","status":"publish","type":"product","link":"https:\/\/truusk.store\/sv\/produkt\/truusk-folietunnel-vaxthus-6x3x2m-upprullbara-lock-uv-skydd-stalror-gron\/","title":{"rendered":"TRUUSK Folietunnel V\u00e4xthus 6x3x2m &#8211; Upprullbara Lock &#8211; UV-skydd &#8211; St\u00e5lr\u00f6r &#8211; Gr\u00f6n"},"content":{"rendered":"<p>Lev ut din passion f\u00f6r tr\u00e4dg\u00e5rdsarbete \u00e5ret runt! Detta praktiska v\u00e4xthus ger dig gott om utrymme att arbeta tack vare de helt uppf\u00e4llbara sidok\u00e5porna. Entr\u00e9d\u00f6rren kan enkelt \u00f6ppnas och st\u00e4ngas med dragkedja och extra l\u00e5nga kanter p\u00e5 locket kan gr\u00e4vas ner i marken f\u00f6r att f\u00f6rhindra luftcirkulation vid behov. Skapa din dr\u00f6mtr\u00e4dg\u00e5rd idag med detta v\u00e4xthus!<\/p>\n<h3>Beskrivning:<\/h3>\n<ul>\n<li>Walk-in v\u00e4xthuset skyddar v\u00e4xterna fr\u00e5n kyla och f\u00e5glar<\/li>\n<li>Rumsindelning i 6 omr\u00e5den ger gott om plats f\u00f6r v\u00e4xter, blommor, gr\u00f6nsaker och frukt<\/li>\n<li>H\u00f6gkvalitativt plastskydd f\u00f6r skydd mot UV-str\u00e5lar<\/li>\n<li>Solid, galvaniserad st\u00e5lram s\u00e4kerst\u00e4ller stabilitet och stabilitet<\/li>\n<li>Tv\u00e5 sidor kan rullas ihop och 12 sidof\u00f6nster ger god ventilation<\/li>\n<li>Blixtl\u00e5sf\u00f6rsedd rulld\u00f6rr ger enkel \u00e5tkomst<\/li>\n<li>Kanter f\u00f6rl\u00e4ngda med 15 cm f\u00f6r att ge extra stabilitet och f\u00f6r att gr\u00e4vas ner djupt i marken<\/li>\n<li>Montering kr\u00e4vs, 4 st grenrep och 4 pinnar ing\u00e5r<\/li>\n<\/ul>\n<h3>Teknisk data:<\/h3>\n<ul>\n<li>F\u00e4rg: gr\u00f6n<\/li>\n<li>Material: Galvaniserat st\u00e5l, PE-plast<\/li>\n<li>Totala m\u00e5tt: 5,9L x 3W x 2H m<\/li>\n<li>Ytterd\u00f6rrens storlek: 1,7W x 1,9H m<\/li>\n<li>Sidoskydd kan rullas ihop H\u00f6jd: 1,4 m<\/li>\n<li>F\u00f6nsterstorlek: 46L x 36W cm<\/li>\n<li>Vindt\u00e4t niv\u00e5: 4<\/li>\n<li>OBS: 1. Anv\u00e4nd inte sura jordbrukskemikalier f\u00f6r att undvika kemiska reaktioner med det alkaliska PE-h\u00f6ljet som orsakar brott<\/li>\n<li>2. Inte l\u00e4mplig f\u00f6r d\u00e5liga v\u00e4derf\u00f6rh\u00e5llanden<\/li>\n<\/ul>\n<h3>Leveransens omfattning:<\/h3>\n<ul>\n<li>1 x V\u00e4xthus<\/li>\n<li>4 x dragrep<\/li>\n<li>4 x slipade naglar<\/li>\n<\/ul>\n","protected":false},"excerpt":{"rendered":"<p>Lev ut din passion f\u00f6r tr\u00e4dg\u00e5rdsarbete \u00e5ret runt! Detta praktiska v\u00e4xthus ger dig gott om utrymme att arbeta tack vare&#8230;<\/p>\n","protected":false},"featured_media":32338,"template":"","meta":[],"product_brand":[],"product_cat":[444,435,443],"product_tag":[],"class_list":{"0":"post-32337","1":"product","2":"type-product","3":"status-publish","4":"has-post-thumbnail","6":"product_cat-filma-vaxthus","7":"product_cat-tradgard-och-terrass","8":"product_cat-vaxthus-tradgardsskotsel","10":"first","11":"instock","12":"sale","13":"taxable","14":"shipping-taxable","15":"purchasable","16":"product-type-simple"},"yoast_head":"<!-- This site is optimized with the Yoast SEO plugin v25.4 - https:\/\/yoast.com\/wordpress\/plugins\/seo\/ -->\n<title>TRUUSK Folietunnel V\u00e4xthus 6x3x2m - Upprullbara Lock - UV-skydd - St\u00e5lr\u00f6r - Gr\u00f6n - TRUUSK - Hem, Tr\u00e4dg\u00e5rd &amp; Fritid<\/title>\n<meta name=\"robots\" content=\"index, follow, max-snippet:-1, max-image-preview:large, max-video-preview:-1\" \/>\n<link rel=\"canonical\" href=\"https:\/\/truusk.store\/sv\/produkt\/truusk-folietunnel-vaxthus-6x3x2m-upprullbara-lock-uv-skydd-stalror-gron\/\" \/>\n<meta property=\"og:locale\" content=\"sv_SE\" \/>\n<meta property=\"og:type\" content=\"article\" \/>\n<meta property=\"og:title\" content=\"TRUUSK Folietunnel V\u00e4xthus 6x3x2m - Upprullbara Lock - UV-skydd - St\u00e5lr\u00f6r - Gr\u00f6n - TRUUSK - Hem, Tr\u00e4dg\u00e5rd &amp; Fritid\" \/>\n<meta property=\"og:description\" content=\"Lev ut din passion f\u00f6r tr\u00e4dg\u00e5rdsarbete \u00e5ret runt! Detta praktiska v\u00e4xthus ger dig gott om utrymme att arbeta tack vare...\" \/>\n<meta property=\"og:url\" content=\"https:\/\/truusk.store\/sv\/produkt\/truusk-folietunnel-vaxthus-6x3x2m-upprullbara-lock-uv-skydd-stalror-gron\/\" \/>\n<meta property=\"og:site_name\" content=\"TRUUSK - Hem, Tr\u00e4dg\u00e5rd &amp; Fritid\" \/>\n<meta property=\"article:modified_time\" content=\"2026-03-12T08:10:32+00:00\" \/>\n<meta property=\"og:image\" content=\"https:\/\/i0.wp.com\/truusk.se\/wp-content\/uploads\/2024\/02\/folievaxthus-polytunnel-6-x-3-x-2-m-ingangsvaxthus-med-upprullbara-lock-folietunnel-vaxthus-uv-skydd-stalror-gron.webp?fit=800%2C800&ssl=1\" \/>\n\t<meta property=\"og:image:width\" content=\"800\" \/>\n\t<meta property=\"og:image:height\" content=\"800\" \/>\n\t<meta property=\"og:image:type\" content=\"image\/webp\" \/>\n<meta name=\"twitter:card\" content=\"summary_large_image\" \/>\n<meta name=\"twitter:label1\" content=\"Ber\u00e4knad l\u00e4stid\" \/>\n\t<meta name=\"twitter:data1\" content=\"1 minut\" \/>\n<!-- \/ Yoast SEO plugin. -->","yoast_head_json":{"title":"TRUUSK Folietunnel V\u00e4xthus 6x3x2m - Upprullbara Lock - UV-skydd - St\u00e5lr\u00f6r - Gr\u00f6n - TRUUSK - Hem, Tr\u00e4dg\u00e5rd &amp; Fritid","robots":{"index":"index","follow":"follow","max-snippet":"max-snippet:-1","max-image-preview":"max-image-preview:large","max-video-preview":"max-video-preview:-1"},"canonical":"https:\/\/truusk.store\/sv\/produkt\/truusk-folietunnel-vaxthus-6x3x2m-upprullbara-lock-uv-skydd-stalror-gron\/","og_locale":"sv_SE","og_type":"article","og_title":"TRUUSK Folietunnel V\u00e4xthus 6x3x2m - Upprullbara Lock - UV-skydd - St\u00e5lr\u00f6r - Gr\u00f6n - TRUUSK - Hem, Tr\u00e4dg\u00e5rd &amp; Fritid","og_description":"Lev ut din passion f\u00f6r tr\u00e4dg\u00e5rdsarbete \u00e5ret runt! Detta praktiska v\u00e4xthus ger dig gott om utrymme att arbeta tack vare...","og_url":"https:\/\/truusk.store\/sv\/produkt\/truusk-folietunnel-vaxthus-6x3x2m-upprullbara-lock-uv-skydd-stalror-gron\/","og_site_name":"TRUUSK - Hem, Tr\u00e4dg\u00e5rd &amp; Fritid","article_modified_time":"2026-03-12T08:10:32+00:00","og_image":[{"width":800,"height":800,"url":"https:\/\/i0.wp.com\/truusk.se\/wp-content\/uploads\/2024\/02\/folievaxthus-polytunnel-6-x-3-x-2-m-ingangsvaxthus-med-upprullbara-lock-folietunnel-vaxthus-uv-skydd-stalror-gron.webp?fit=800%2C800&ssl=1","type":"image\/webp"}],"twitter_card":"summary_large_image","twitter_misc":{"Ber\u00e4knad l\u00e4stid":"1 minut"},"schema":{"@context":"https:\/\/schema.org","@graph":[{"@type":"WebPage","@id":"https:\/\/truusk.store\/sv\/produkt\/truusk-folietunnel-vaxthus-6x3x2m-upprullbara-lock-uv-skydd-stalror-gron\/","url":"https:\/\/truusk.store\/sv\/produkt\/truusk-folietunnel-vaxthus-6x3x2m-upprullbara-lock-uv-skydd-stalror-gron\/","name":"TRUUSK Folietunnel V\u00e4xthus 6x3x2m - Upprullbara Lock - UV-skydd - St\u00e5lr\u00f6r - Gr\u00f6n - TRUUSK - Hem, Tr\u00e4dg\u00e5rd &amp; Fritid","isPartOf":{"@id":"https:\/\/truusk.store\/sv\/#website"},"primaryImageOfPage":{"@id":"https:\/\/truusk.store\/sv\/produkt\/truusk-folietunnel-vaxthus-6x3x2m-upprullbara-lock-uv-skydd-stalror-gron\/#primaryimage"},"image":{"@id":"https:\/\/truusk.store\/sv\/produkt\/truusk-folietunnel-vaxthus-6x3x2m-upprullbara-lock-uv-skydd-stalror-gron\/#primaryimage"},"thumbnailUrl":"https:\/\/i0.wp.com\/truusk.store\/wp-content\/uploads\/2024\/02\/folievaxthus-polytunnel-6-x-3-x-2-m-ingangsvaxthus-med-upprullbara-lock-folietunnel-vaxthus-uv-skydd-stalror-gron.webp?fit=800%2C800&ssl=1","datePublished":"2024-02-13T20:54:24+00:00","dateModified":"2026-03-12T08:10:32+00:00","breadcrumb":{"@id":"https:\/\/truusk.store\/sv\/produkt\/truusk-folietunnel-vaxthus-6x3x2m-upprullbara-lock-uv-skydd-stalror-gron\/#breadcrumb"},"inLanguage":"sv-SE","potentialAction":[{"@type":"ReadAction","target":["https:\/\/truusk.store\/sv\/produkt\/truusk-folietunnel-vaxthus-6x3x2m-upprullbara-lock-uv-skydd-stalror-gron\/"]}]},{"@type":"ImageObject","inLanguage":"sv-SE","@id":"https:\/\/truusk.store\/sv\/produkt\/truusk-folietunnel-vaxthus-6x3x2m-upprullbara-lock-uv-skydd-stalror-gron\/#primaryimage","url":"https:\/\/i0.wp.com\/truusk.store\/wp-content\/uploads\/2024\/02\/folievaxthus-polytunnel-6-x-3-x-2-m-ingangsvaxthus-med-upprullbara-lock-folietunnel-vaxthus-uv-skydd-stalror-gron.webp?fit=800%2C800&ssl=1","contentUrl":"https:\/\/i0.wp.com\/truusk.store\/wp-content\/uploads\/2024\/02\/folievaxthus-polytunnel-6-x-3-x-2-m-ingangsvaxthus-med-upprullbara-lock-folietunnel-vaxthus-uv-skydd-stalror-gron.webp?fit=800%2C800&ssl=1","width":800,"height":800,"caption":"Foliev\u00e4xthus Polytunnel 6 X 3 X 2 M Ing\u00e5ngsv\u00e4xthus Med Upprullbara Lock Folietunnel V\u00e4xthus UV-skydd St\u00e5lr\u00f6r Gr\u00f6n 1"},{"@type":"BreadcrumbList","@id":"https:\/\/truusk.store\/sv\/produkt\/truusk-folietunnel-vaxthus-6x3x2m-upprullbara-lock-uv-skydd-stalror-gron\/#breadcrumb","itemListElement":[{"@type":"ListItem","position":1,"name":"Home","item":"https:\/\/truusk.store\/sv\/"},{"@type":"ListItem","position":2,"name":"Shop","item":"https:\/\/truusk.store\/shop\/"},{"@type":"ListItem","position":3,"name":"TRUUSK Folietunnel V\u00e4xthus 6x3x2m &#8211; Upprullbara Lock &#8211; UV-skydd &#8211; St\u00e5lr\u00f6r &#8211; Gr\u00f6n"}]},{"@type":"WebSite","@id":"https:\/\/truusk.store\/sv\/#website","url":"https:\/\/truusk.store\/sv\/","name":"TRUUSK - Hem, Tr\u00e4dg\u00e5rd & Fritid","description":"","publisher":{"@id":"https:\/\/truusk.store\/sv\/#organization"},"potentialAction":[{"@type":"SearchAction","target":{"@type":"EntryPoint","urlTemplate":"https:\/\/truusk.store\/sv\/?s={search_term_string}"},"query-input":{"@type":"PropertyValueSpecification","valueRequired":true,"valueName":"search_term_string"}}],"inLanguage":"sv-SE"},{"@type":"Organization","@id":"https:\/\/truusk.store\/sv\/#organization","name":"TRUUSK - Hem, Tr\u00e4dg\u00e5rd & Fritid","url":"https:\/\/truusk.store\/sv\/","logo":{"@type":"ImageObject","inLanguage":"sv-SE","@id":"https:\/\/truusk.store\/sv\/#\/schema\/logo\/image\/","url":"https:\/\/i0.wp.com\/truusk.store\/wp-content\/uploads\/2026\/03\/cropped-TRUUSK.png?fit=2032%2C917&ssl=1","contentUrl":"https:\/\/i0.wp.com\/truusk.store\/wp-content\/uploads\/2026\/03\/cropped-TRUUSK.png?fit=2032%2C917&ssl=1","width":2032,"height":917,"caption":"TRUUSK - Hem, Tr\u00e4dg\u00e5rd & Fritid"},"image":{"@id":"https:\/\/truusk.store\/sv\/#\/schema\/logo\/image\/"}}]}},"jetpack_sharing_enabled":true,"_links":{"self":[{"href":"https:\/\/truusk.store\/sv\/wp-json\/wp\/v2\/product\/32337","targetHints":{"allow":["GET"]}}],"collection":[{"href":"https:\/\/truusk.store\/sv\/wp-json\/wp\/v2\/product"}],"about":[{"href":"https:\/\/truusk.store\/sv\/wp-json\/wp\/v2\/types\/product"}],"wp:featuredmedia":[{"embeddable":true,"href":"https:\/\/truusk.store\/sv\/wp-json\/wp\/v2\/media\/32338"}],"wp:attachment":[{"href":"https:\/\/truusk.store\/sv\/wp-json\/wp\/v2\/media?parent=32337"}],"wp:term":[{"taxonomy":"product_brand","embeddable":true,"href":"https:\/\/truusk.store\/sv\/wp-json\/wp\/v2\/product_brand?post=32337"},{"taxonomy":"product_cat","embeddable":true,"href":"https:\/\/truusk.store\/sv\/wp-json\/wp\/v2\/product_cat?post=32337"},{"taxonomy":"product_tag","embeddable":true,"href":"https:\/\/truusk.store\/sv\/wp-json\/wp\/v2\/product_tag?post=32337"}],"curies":[{"name":"wp","href":"https:\/\/api.w.org\/{rel}","templated":true}]}}