{"id":32394,"date":"2024-02-13T21:56:49","date_gmt":"2024-02-13T20:56:49","guid":{"rendered":"https:\/\/truusk.store\/product\/folievaxthus-6-upprullbara-fonster-dorr-med-dragkedja-ram-i-rostfritt-stal-295-x-2-x-2-m-gron\/"},"modified":"2026-03-12T09:10:33","modified_gmt":"2026-03-12T08:10:33","slug":"truusk-folievaxthus-6-upprullbara-fonster-dorr-med-dragkedja-ram-i-rostfritt-stal-295-x-2-x-2-m-gron","status":"publish","type":"product","link":"https:\/\/truusk.store\/sv\/produkt\/truusk-folievaxthus-6-upprullbara-fonster-dorr-med-dragkedja-ram-i-rostfritt-stal-295-x-2-x-2-m-gron\/","title":{"rendered":"TRUUSK Foliev\u00e4xthus &#8211; 6 Upprullbara F\u00f6nster &#8211; D\u00f6rr Med Dragkedja &#8211; Ram I Rostfritt St\u00e5l &#8211; 2,95 X 2 X 2 M &#8211; Gr\u00f6n"},"content":{"rendered":"<p>F\u00f6rl\u00e4ng din v\u00e4xts\u00e4song med ! \u00c4ven vintern \u00e4r inga problem f\u00f6r v\u00e5rt foliev\u00e4xthus.N\u00e4r vinterfrosten kommer st\u00e5r dina v\u00e4xter s\u00e4kert skyddade s\u00e5 att du kan njuta av f\u00e4rska gr\u00f6nsaker, \u00f6rter och frukt \u00e5ret runt. V\u00e4xthusets upprullade v\u00e4ggar, d\u00f6rrar och f\u00f6nster ger dig enkel \u00e5tkomst och ventilationsm\u00f6jligheter f\u00f6r att styra v\u00e4rme, solljus och fukt efter eget tycke!<\/p>\n<h3>Beskrivning:<\/h3>\n<ul>\n<li>Tomathusets genomskinliga film ger UV-skydd f\u00f6r att skydda dina v\u00e4xter fr\u00e5n \u00f6verdrivet solljus<\/li>\n<li>Upprullbara d\u00f6rrar, f\u00f6nster och sidov\u00e4ggar ger b\u00e4ttre ventilation och till\u00e5ter temperatur- och fuktkontroll<\/li>\n<li>B\u00f6jt tak p\u00e5 v\u00e4xthuset f\u00f6rhindrar vattenansamling<\/li>\n<li>V\u00e4xthusets galvaniserade st\u00e5lram \u00e4r rosts\u00e4ker och formstabil<\/li>\n<li>Sju l\u00e4ngsg\u00e5ende stag, tv\u00e5 f\u00f6rst\u00e4rkta tv\u00e4rstag och en golvram<\/li>\n<li>Montering kr\u00e4vs<\/li>\n<\/ul>\n<h3>Teknisk data:<\/h3>\n<ul>\n<li>F\u00e4rg: gr\u00f6n<\/li>\n<li>Material: Galvaniserat st\u00e5l, polyeten<\/li>\n<li>\u00d6vergripande m\u00e5tt: 295L x 200W x 200H cm<\/li>\n<li>F\u00f6nsterm\u00e5tt: 46L x 40W cm<\/li>\n<li>Travm\u00e5tt: 105W x 185H cm (fram), 275W x 70H cm (sida)<\/li>\n<\/ul>\n<h3>Leveransens omfattning:<\/h3>\n<ul>\n<li>1 x V\u00e4xthus<\/li>\n<li>4 x Vindrep<\/li>\n<li>4 x markspetsar<\/li>\n<li>1 x Instruktioner<\/li>\n<\/ul>\n","protected":false},"excerpt":{"rendered":"<p>F\u00f6rl\u00e4ng din v\u00e4xts\u00e4song med ! \u00c4ven vintern \u00e4r inga problem f\u00f6r v\u00e5rt foliev\u00e4xthus.N\u00e4r vinterfrosten kommer st\u00e5r dina v\u00e4xter s\u00e4kert skyddade&#8230;<\/p>\n","protected":false},"featured_media":32395,"template":"","meta":[],"product_brand":[],"product_cat":[444,435,443],"product_tag":[],"class_list":{"0":"post-32394","1":"product","2":"type-product","3":"status-publish","4":"has-post-thumbnail","6":"product_cat-filma-vaxthus","7":"product_cat-tradgard-och-terrass","8":"product_cat-vaxthus-tradgardsskotsel","10":"first","11":"instock","12":"sale","13":"taxable","14":"shipping-taxable","15":"purchasable","16":"product-type-simple"},"yoast_head":"<!-- This site is optimized with the Yoast SEO plugin v25.4 - https:\/\/yoast.com\/wordpress\/plugins\/seo\/ -->\n<title>TRUUSK Foliev\u00e4xthus - 6 Upprullbara F\u00f6nster - D\u00f6rr Med Dragkedja - Ram I Rostfritt St\u00e5l - 2,95 X 2 X 2 M - Gr\u00f6n - TRUUSK - Hem, Tr\u00e4dg\u00e5rd &amp; Fritid<\/title>\n<meta name=\"robots\" content=\"index, follow, max-snippet:-1, max-image-preview:large, max-video-preview:-1\" \/>\n<link rel=\"canonical\" href=\"https:\/\/truusk.store\/sv\/produkt\/truusk-folievaxthus-6-upprullbara-fonster-dorr-med-dragkedja-ram-i-rostfritt-stal-295-x-2-x-2-m-gron\/\" \/>\n<meta property=\"og:locale\" content=\"sv_SE\" \/>\n<meta property=\"og:type\" content=\"article\" \/>\n<meta property=\"og:title\" content=\"TRUUSK Foliev\u00e4xthus - 6 Upprullbara F\u00f6nster - D\u00f6rr Med Dragkedja - Ram I Rostfritt St\u00e5l - 2,95 X 2 X 2 M - Gr\u00f6n - TRUUSK - Hem, Tr\u00e4dg\u00e5rd &amp; Fritid\" \/>\n<meta property=\"og:description\" content=\"F\u00f6rl\u00e4ng din v\u00e4xts\u00e4song med ! \u00c4ven vintern \u00e4r inga problem f\u00f6r v\u00e5rt foliev\u00e4xthus.N\u00e4r vinterfrosten kommer st\u00e5r dina v\u00e4xter s\u00e4kert skyddade...\" \/>\n<meta property=\"og:url\" content=\"https:\/\/truusk.store\/sv\/produkt\/truusk-folievaxthus-6-upprullbara-fonster-dorr-med-dragkedja-ram-i-rostfritt-stal-295-x-2-x-2-m-gron\/\" \/>\n<meta property=\"og:site_name\" content=\"TRUUSK - Hem, Tr\u00e4dg\u00e5rd &amp; Fritid\" \/>\n<meta property=\"article:modified_time\" content=\"2026-03-12T08:10:33+00:00\" \/>\n<meta property=\"og:image\" content=\"https:\/\/i0.wp.com\/truusk.se\/wp-content\/uploads\/2024\/02\/folievaxthus-6-upprullbara-fonster-dorr-med-dragkedja-ram-i-rostfritt-stal-295-x-2-x-2-m-gron.webp?fit=800%2C800&ssl=1\" \/>\n\t<meta property=\"og:image:width\" content=\"800\" \/>\n\t<meta property=\"og:image:height\" content=\"800\" \/>\n\t<meta property=\"og:image:type\" content=\"image\/webp\" \/>\n<meta name=\"twitter:card\" content=\"summary_large_image\" \/>\n<meta name=\"twitter:label1\" content=\"Ber\u00e4knad l\u00e4stid\" \/>\n\t<meta name=\"twitter:data1\" content=\"1 minut\" \/>\n<!-- \/ Yoast SEO plugin. -->","yoast_head_json":{"title":"TRUUSK Foliev\u00e4xthus - 6 Upprullbara F\u00f6nster - D\u00f6rr Med Dragkedja - Ram I Rostfritt St\u00e5l - 2,95 X 2 X 2 M - Gr\u00f6n - TRUUSK - Hem, Tr\u00e4dg\u00e5rd &amp; Fritid","robots":{"index":"index","follow":"follow","max-snippet":"max-snippet:-1","max-image-preview":"max-image-preview:large","max-video-preview":"max-video-preview:-1"},"canonical":"https:\/\/truusk.store\/sv\/produkt\/truusk-folievaxthus-6-upprullbara-fonster-dorr-med-dragkedja-ram-i-rostfritt-stal-295-x-2-x-2-m-gron\/","og_locale":"sv_SE","og_type":"article","og_title":"TRUUSK Foliev\u00e4xthus - 6 Upprullbara F\u00f6nster - D\u00f6rr Med Dragkedja - Ram I Rostfritt St\u00e5l - 2,95 X 2 X 2 M - Gr\u00f6n - TRUUSK - Hem, Tr\u00e4dg\u00e5rd &amp; Fritid","og_description":"F\u00f6rl\u00e4ng din v\u00e4xts\u00e4song med ! \u00c4ven vintern \u00e4r inga problem f\u00f6r v\u00e5rt foliev\u00e4xthus.N\u00e4r vinterfrosten kommer st\u00e5r dina v\u00e4xter s\u00e4kert skyddade...","og_url":"https:\/\/truusk.store\/sv\/produkt\/truusk-folievaxthus-6-upprullbara-fonster-dorr-med-dragkedja-ram-i-rostfritt-stal-295-x-2-x-2-m-gron\/","og_site_name":"TRUUSK - Hem, Tr\u00e4dg\u00e5rd &amp; Fritid","article_modified_time":"2026-03-12T08:10:33+00:00","og_image":[{"width":800,"height":800,"url":"https:\/\/i0.wp.com\/truusk.se\/wp-content\/uploads\/2024\/02\/folievaxthus-6-upprullbara-fonster-dorr-med-dragkedja-ram-i-rostfritt-stal-295-x-2-x-2-m-gron.webp?fit=800%2C800&ssl=1","type":"image\/webp"}],"twitter_card":"summary_large_image","twitter_misc":{"Ber\u00e4knad l\u00e4stid":"1 minut"},"schema":{"@context":"https:\/\/schema.org","@graph":[{"@type":"WebPage","@id":"https:\/\/truusk.store\/sv\/produkt\/truusk-folievaxthus-6-upprullbara-fonster-dorr-med-dragkedja-ram-i-rostfritt-stal-295-x-2-x-2-m-gron\/","url":"https:\/\/truusk.store\/sv\/produkt\/truusk-folievaxthus-6-upprullbara-fonster-dorr-med-dragkedja-ram-i-rostfritt-stal-295-x-2-x-2-m-gron\/","name":"TRUUSK Foliev\u00e4xthus - 6 Upprullbara F\u00f6nster - D\u00f6rr Med Dragkedja - Ram I Rostfritt St\u00e5l - 2,95 X 2 X 2 M - Gr\u00f6n - TRUUSK - Hem, Tr\u00e4dg\u00e5rd &amp; Fritid","isPartOf":{"@id":"https:\/\/truusk.store\/sv\/#website"},"primaryImageOfPage":{"@id":"https:\/\/truusk.store\/sv\/produkt\/truusk-folievaxthus-6-upprullbara-fonster-dorr-med-dragkedja-ram-i-rostfritt-stal-295-x-2-x-2-m-gron\/#primaryimage"},"image":{"@id":"https:\/\/truusk.store\/sv\/produkt\/truusk-folievaxthus-6-upprullbara-fonster-dorr-med-dragkedja-ram-i-rostfritt-stal-295-x-2-x-2-m-gron\/#primaryimage"},"thumbnailUrl":"https:\/\/i0.wp.com\/truusk.store\/wp-content\/uploads\/2024\/02\/folievaxthus-6-upprullbara-fonster-dorr-med-dragkedja-ram-i-rostfritt-stal-295-x-2-x-2-m-gron.webp?fit=800%2C800&ssl=1","datePublished":"2024-02-13T20:56:49+00:00","dateModified":"2026-03-12T08:10:33+00:00","breadcrumb":{"@id":"https:\/\/truusk.store\/sv\/produkt\/truusk-folievaxthus-6-upprullbara-fonster-dorr-med-dragkedja-ram-i-rostfritt-stal-295-x-2-x-2-m-gron\/#breadcrumb"},"inLanguage":"sv-SE","potentialAction":[{"@type":"ReadAction","target":["https:\/\/truusk.store\/sv\/produkt\/truusk-folievaxthus-6-upprullbara-fonster-dorr-med-dragkedja-ram-i-rostfritt-stal-295-x-2-x-2-m-gron\/"]}]},{"@type":"ImageObject","inLanguage":"sv-SE","@id":"https:\/\/truusk.store\/sv\/produkt\/truusk-folievaxthus-6-upprullbara-fonster-dorr-med-dragkedja-ram-i-rostfritt-stal-295-x-2-x-2-m-gron\/#primaryimage","url":"https:\/\/i0.wp.com\/truusk.store\/wp-content\/uploads\/2024\/02\/folievaxthus-6-upprullbara-fonster-dorr-med-dragkedja-ram-i-rostfritt-stal-295-x-2-x-2-m-gron.webp?fit=800%2C800&ssl=1","contentUrl":"https:\/\/i0.wp.com\/truusk.store\/wp-content\/uploads\/2024\/02\/folievaxthus-6-upprullbara-fonster-dorr-med-dragkedja-ram-i-rostfritt-stal-295-x-2-x-2-m-gron.webp?fit=800%2C800&ssl=1","width":800,"height":800,"caption":"Foliev\u00e4xthus, 6 Upprullbara F\u00f6nster, D\u00f6rr Med Dragkedja, Ram I Rostfritt St\u00e5l, 2,95 X 2 X 2 M, Gr\u00f6n 1"},{"@type":"BreadcrumbList","@id":"https:\/\/truusk.store\/sv\/produkt\/truusk-folievaxthus-6-upprullbara-fonster-dorr-med-dragkedja-ram-i-rostfritt-stal-295-x-2-x-2-m-gron\/#breadcrumb","itemListElement":[{"@type":"ListItem","position":1,"name":"Home","item":"https:\/\/truusk.store\/sv\/"},{"@type":"ListItem","position":2,"name":"Shop","item":"https:\/\/truusk.store\/shop\/"},{"@type":"ListItem","position":3,"name":"TRUUSK Foliev\u00e4xthus &#8211; 6 Upprullbara F\u00f6nster &#8211; D\u00f6rr Med Dragkedja &#8211; Ram I Rostfritt St\u00e5l &#8211; 2,95 X 2 X 2 M &#8211; Gr\u00f6n"}]},{"@type":"WebSite","@id":"https:\/\/truusk.store\/sv\/#website","url":"https:\/\/truusk.store\/sv\/","name":"TRUUSK - Hem, Tr\u00e4dg\u00e5rd & Fritid","description":"","publisher":{"@id":"https:\/\/truusk.store\/sv\/#organization"},"potentialAction":[{"@type":"SearchAction","target":{"@type":"EntryPoint","urlTemplate":"https:\/\/truusk.store\/sv\/?s={search_term_string}"},"query-input":{"@type":"PropertyValueSpecification","valueRequired":true,"valueName":"search_term_string"}}],"inLanguage":"sv-SE"},{"@type":"Organization","@id":"https:\/\/truusk.store\/sv\/#organization","name":"TRUUSK - Hem, Tr\u00e4dg\u00e5rd & Fritid","url":"https:\/\/truusk.store\/sv\/","logo":{"@type":"ImageObject","inLanguage":"sv-SE","@id":"https:\/\/truusk.store\/sv\/#\/schema\/logo\/image\/","url":"https:\/\/i0.wp.com\/truusk.store\/wp-content\/uploads\/2026\/03\/cropped-TRUUSK.png?fit=2032%2C917&ssl=1","contentUrl":"https:\/\/i0.wp.com\/truusk.store\/wp-content\/uploads\/2026\/03\/cropped-TRUUSK.png?fit=2032%2C917&ssl=1","width":2032,"height":917,"caption":"TRUUSK - Hem, Tr\u00e4dg\u00e5rd & Fritid"},"image":{"@id":"https:\/\/truusk.store\/sv\/#\/schema\/logo\/image\/"}}]}},"jetpack_sharing_enabled":true,"_links":{"self":[{"href":"https:\/\/truusk.store\/sv\/wp-json\/wp\/v2\/product\/32394","targetHints":{"allow":["GET"]}}],"collection":[{"href":"https:\/\/truusk.store\/sv\/wp-json\/wp\/v2\/product"}],"about":[{"href":"https:\/\/truusk.store\/sv\/wp-json\/wp\/v2\/types\/product"}],"wp:featuredmedia":[{"embeddable":true,"href":"https:\/\/truusk.store\/sv\/wp-json\/wp\/v2\/media\/32395"}],"wp:attachment":[{"href":"https:\/\/truusk.store\/sv\/wp-json\/wp\/v2\/media?parent=32394"}],"wp:term":[{"taxonomy":"product_brand","embeddable":true,"href":"https:\/\/truusk.store\/sv\/wp-json\/wp\/v2\/product_brand?post=32394"},{"taxonomy":"product_cat","embeddable":true,"href":"https:\/\/truusk.store\/sv\/wp-json\/wp\/v2\/product_cat?post=32394"},{"taxonomy":"product_tag","embeddable":true,"href":"https:\/\/truusk.store\/sv\/wp-json\/wp\/v2\/product_tag?post=32394"}],"curies":[{"name":"wp","href":"https:\/\/api.w.org\/{rel}","templated":true}]}}