{"id":32404,"date":"2024-02-13T21:57:15","date_gmt":"2024-02-13T20:57:15","guid":{"rendered":"https:\/\/truusk.store\/product\/tradgardsskap-oppet-vedfack-lasbar-dorr-vaderbestandig-naturligt-tra-129-x-515-x-180cm-gra-svart\/"},"modified":"2026-03-12T09:10:33","modified_gmt":"2026-03-12T08:10:33","slug":"truusk-tradgardsskap-oppet-vedfack-lasbar-dorr-vaderbestandig-naturligt-tra-129-x-515-x-180cm-gra-svart","status":"publish","type":"product","link":"https:\/\/truusk.store\/sv\/produkt\/truusk-tradgardsskap-oppet-vedfack-lasbar-dorr-vaderbestandig-naturligt-tra-129-x-515-x-180cm-gra-svart\/","title":{"rendered":"TRUUSK Tr\u00e4dg\u00e5rdssk\u00e5p &#8211; \u00d6ppet Vedfack &#8211; L\u00e5sbar D\u00f6rr &#8211; V\u00e4derbest\u00e4ndig &#8211; Naturligt Tr\u00e4 &#8211; 129 X 51,5 X 180cm &#8211; Gr\u00e5 + Svart"},"content":{"rendered":"<p>H\u00e5ll din tr\u00e4dg\u00e5rd snygg med detta fantastiska redskapsskjul. S\u00e4rskilt rymlig och utrustad med ett \u00f6ppet f\u00f6rvaringsfack p\u00e5 sidan erbjuder lusthuset gott om plats f\u00f6r olika tr\u00e4dg\u00e5rdsredskap, ved och annat. Utrustningssk\u00e5pets praktiska sluttande tak l\u00e5ter regnvatten rinna bort obehindrat och det robusta h\u00f6ljet av behandlat massivt tr\u00e4 skyddar dina saker fr\u00e5n fukt och v\u00e4der.<\/p>\n<h3>Beskrivning:<\/h3>\n<ul>\n<li>Tillverkad av massivt tr\u00e4 och avslutad med en v\u00e4derbest\u00e4ndig finish<\/li>\n<li>Snedtak med svart, vattent\u00e4tt asfaltskikt f\u00f6rhindrar vattenansamling<\/li>\n<li>V\u00e4derbest\u00e4ndig och l\u00e4mplig f\u00f6r permanent utomhusbruk<\/li>\n<li>Tr\u00e4dg\u00e5rdshuset har gott om f\u00f6rvaringsutrymme f\u00f6r en m\u00e4ngd olika redskap och annat<\/li>\n<li>Har ett extra sidof\u00f6rvaringsfack som \u00e4r idealiskt f\u00f6r f\u00f6rvaring av ved<\/li>\n<li>Kompakt och praktisk design av tr\u00e4dg\u00e5rdssk\u00e5pet, perfekt f\u00f6r tr\u00e4dg\u00e5rden och terrassen<\/li>\n<li>Montering kr\u00e4vs<\/li>\n<\/ul>\n<h3>Teknisk data:<\/h3>\n<ul>\n<li>Material: gran<\/li>\n<li>F\u00e4rg: Gr\u00e5+svart<\/li>\n<li>\u00d6vergripande m\u00e5tt: 129L x 51,5W x 180H cm<\/li>\n<li>M\u00e5tt p\u00e5 vedfacket: 54,5L x 44,5W x 145H cm<\/li>\n<li>Innerm\u00e5tt p\u00e5 stort f\u00f6rvaringsfack: 62L x 42W x 124H cm (i huvuddelen)<\/li>\n<li>Huvudd\u00f6rrens m\u00e5tt: 53,5W x 123,5H cm<\/li>\n<li>M\u00e5tt p\u00e5 \u00f6vre f\u00f6rvaringsfack: 61L x 42W x 39H cm<\/li>\n<li>M\u00e5tt toppflik: 23,5L x 18H cm<\/li>\n<li>M\u00e5tt \u00f6versta hyllplan: 24L x 28W cm<\/li>\n<li>Basyta: 0,55 m, 121L x 45,5W cm<\/li>\n<li>Lastkapacitet: 80 kg \/ 5 kg (hylla)<\/li>\n<\/ul>\n<h3>Leveransens omfattning:<\/h3>\n<ul>\n<li>1 x sk\u00f6rdebod;<\/li>\n<\/ul>\n","protected":false},"excerpt":{"rendered":"<p>H\u00e5ll din tr\u00e4dg\u00e5rd snygg med detta fantastiska redskapsskjul. S\u00e4rskilt rymlig och utrustad med ett \u00f6ppet f\u00f6rvaringsfack p\u00e5 sidan erbjuder lusthuset&#8230;<\/p>\n","protected":false},"featured_media":32405,"template":"","meta":[],"product_brand":[],"product_cat":[436,435,437],"product_tag":[],"class_list":{"0":"post-32404","1":"product","2":"type-product","3":"status-publish","4":"has-post-thumbnail","6":"product_cat-bestall-i-tradgarden","7":"product_cat-tradgard-och-terrass","8":"product_cat-tradgardsskap","10":"first","11":"instock","12":"sale","13":"taxable","14":"shipping-taxable","15":"purchasable","16":"product-type-simple"},"yoast_head":"<!-- This site is optimized with the Yoast SEO plugin v25.4 - https:\/\/yoast.com\/wordpress\/plugins\/seo\/ -->\n<title>TRUUSK Tr\u00e4dg\u00e5rdssk\u00e5p - \u00d6ppet Vedfack - L\u00e5sbar D\u00f6rr - V\u00e4derbest\u00e4ndig - Naturligt Tr\u00e4 - 129 X 51,5 X 180cm - Gr\u00e5 + Svart - TRUUSK - Hem, Tr\u00e4dg\u00e5rd &amp; Fritid<\/title>\n<meta name=\"robots\" content=\"index, follow, max-snippet:-1, max-image-preview:large, max-video-preview:-1\" \/>\n<link rel=\"canonical\" href=\"https:\/\/truusk.store\/sv\/produkt\/truusk-tradgardsskap-oppet-vedfack-lasbar-dorr-vaderbestandig-naturligt-tra-129-x-515-x-180cm-gra-svart\/\" \/>\n<meta property=\"og:locale\" content=\"sv_SE\" \/>\n<meta property=\"og:type\" content=\"article\" \/>\n<meta property=\"og:title\" content=\"TRUUSK Tr\u00e4dg\u00e5rdssk\u00e5p - \u00d6ppet Vedfack - L\u00e5sbar D\u00f6rr - V\u00e4derbest\u00e4ndig - Naturligt Tr\u00e4 - 129 X 51,5 X 180cm - Gr\u00e5 + Svart - TRUUSK - Hem, Tr\u00e4dg\u00e5rd &amp; Fritid\" \/>\n<meta property=\"og:description\" content=\"H\u00e5ll din tr\u00e4dg\u00e5rd snygg med detta fantastiska redskapsskjul. S\u00e4rskilt rymlig och utrustad med ett \u00f6ppet f\u00f6rvaringsfack p\u00e5 sidan erbjuder lusthuset...\" \/>\n<meta property=\"og:url\" content=\"https:\/\/truusk.store\/sv\/produkt\/truusk-tradgardsskap-oppet-vedfack-lasbar-dorr-vaderbestandig-naturligt-tra-129-x-515-x-180cm-gra-svart\/\" \/>\n<meta property=\"og:site_name\" content=\"TRUUSK - Hem, Tr\u00e4dg\u00e5rd &amp; Fritid\" \/>\n<meta property=\"article:modified_time\" content=\"2026-03-12T08:10:33+00:00\" \/>\n<meta property=\"og:image\" content=\"https:\/\/i0.wp.com\/truusk.se\/wp-content\/uploads\/2024\/02\/tradgardsskap-oppet-vedfack-lasbar-dorr-vaderbestandig-naturligt-tra-129-x-515-x-180cm-gra-svart.webp?fit=800%2C800&ssl=1\" \/>\n\t<meta property=\"og:image:width\" content=\"800\" \/>\n\t<meta property=\"og:image:height\" content=\"800\" \/>\n\t<meta property=\"og:image:type\" content=\"image\/webp\" \/>\n<meta name=\"twitter:card\" content=\"summary_large_image\" \/>\n<meta name=\"twitter:label1\" content=\"Ber\u00e4knad l\u00e4stid\" \/>\n\t<meta name=\"twitter:data1\" content=\"1 minut\" \/>\n<!-- \/ Yoast SEO plugin. -->","yoast_head_json":{"title":"TRUUSK Tr\u00e4dg\u00e5rdssk\u00e5p - \u00d6ppet Vedfack - L\u00e5sbar D\u00f6rr - V\u00e4derbest\u00e4ndig - Naturligt Tr\u00e4 - 129 X 51,5 X 180cm - Gr\u00e5 + Svart - TRUUSK - Hem, Tr\u00e4dg\u00e5rd &amp; Fritid","robots":{"index":"index","follow":"follow","max-snippet":"max-snippet:-1","max-image-preview":"max-image-preview:large","max-video-preview":"max-video-preview:-1"},"canonical":"https:\/\/truusk.store\/sv\/produkt\/truusk-tradgardsskap-oppet-vedfack-lasbar-dorr-vaderbestandig-naturligt-tra-129-x-515-x-180cm-gra-svart\/","og_locale":"sv_SE","og_type":"article","og_title":"TRUUSK Tr\u00e4dg\u00e5rdssk\u00e5p - \u00d6ppet Vedfack - L\u00e5sbar D\u00f6rr - V\u00e4derbest\u00e4ndig - Naturligt Tr\u00e4 - 129 X 51,5 X 180cm - Gr\u00e5 + Svart - TRUUSK - Hem, Tr\u00e4dg\u00e5rd &amp; Fritid","og_description":"H\u00e5ll din tr\u00e4dg\u00e5rd snygg med detta fantastiska redskapsskjul. S\u00e4rskilt rymlig och utrustad med ett \u00f6ppet f\u00f6rvaringsfack p\u00e5 sidan erbjuder lusthuset...","og_url":"https:\/\/truusk.store\/sv\/produkt\/truusk-tradgardsskap-oppet-vedfack-lasbar-dorr-vaderbestandig-naturligt-tra-129-x-515-x-180cm-gra-svart\/","og_site_name":"TRUUSK - Hem, Tr\u00e4dg\u00e5rd &amp; Fritid","article_modified_time":"2026-03-12T08:10:33+00:00","og_image":[{"width":800,"height":800,"url":"https:\/\/i0.wp.com\/truusk.se\/wp-content\/uploads\/2024\/02\/tradgardsskap-oppet-vedfack-lasbar-dorr-vaderbestandig-naturligt-tra-129-x-515-x-180cm-gra-svart.webp?fit=800%2C800&ssl=1","type":"image\/webp"}],"twitter_card":"summary_large_image","twitter_misc":{"Ber\u00e4knad l\u00e4stid":"1 minut"},"schema":{"@context":"https:\/\/schema.org","@graph":[{"@type":"WebPage","@id":"https:\/\/truusk.store\/sv\/produkt\/truusk-tradgardsskap-oppet-vedfack-lasbar-dorr-vaderbestandig-naturligt-tra-129-x-515-x-180cm-gra-svart\/","url":"https:\/\/truusk.store\/sv\/produkt\/truusk-tradgardsskap-oppet-vedfack-lasbar-dorr-vaderbestandig-naturligt-tra-129-x-515-x-180cm-gra-svart\/","name":"TRUUSK Tr\u00e4dg\u00e5rdssk\u00e5p - \u00d6ppet Vedfack - L\u00e5sbar D\u00f6rr - V\u00e4derbest\u00e4ndig - Naturligt Tr\u00e4 - 129 X 51,5 X 180cm - Gr\u00e5 + Svart - TRUUSK - Hem, Tr\u00e4dg\u00e5rd &amp; Fritid","isPartOf":{"@id":"https:\/\/truusk.store\/sv\/#website"},"primaryImageOfPage":{"@id":"https:\/\/truusk.store\/sv\/produkt\/truusk-tradgardsskap-oppet-vedfack-lasbar-dorr-vaderbestandig-naturligt-tra-129-x-515-x-180cm-gra-svart\/#primaryimage"},"image":{"@id":"https:\/\/truusk.store\/sv\/produkt\/truusk-tradgardsskap-oppet-vedfack-lasbar-dorr-vaderbestandig-naturligt-tra-129-x-515-x-180cm-gra-svart\/#primaryimage"},"thumbnailUrl":"https:\/\/i0.wp.com\/truusk.store\/wp-content\/uploads\/2024\/02\/tradgardsskap-oppet-vedfack-lasbar-dorr-vaderbestandig-naturligt-tra-129-x-515-x-180cm-gra-svart.webp?fit=800%2C800&ssl=1","datePublished":"2024-02-13T20:57:15+00:00","dateModified":"2026-03-12T08:10:33+00:00","breadcrumb":{"@id":"https:\/\/truusk.store\/sv\/produkt\/truusk-tradgardsskap-oppet-vedfack-lasbar-dorr-vaderbestandig-naturligt-tra-129-x-515-x-180cm-gra-svart\/#breadcrumb"},"inLanguage":"sv-SE","potentialAction":[{"@type":"ReadAction","target":["https:\/\/truusk.store\/sv\/produkt\/truusk-tradgardsskap-oppet-vedfack-lasbar-dorr-vaderbestandig-naturligt-tra-129-x-515-x-180cm-gra-svart\/"]}]},{"@type":"ImageObject","inLanguage":"sv-SE","@id":"https:\/\/truusk.store\/sv\/produkt\/truusk-tradgardsskap-oppet-vedfack-lasbar-dorr-vaderbestandig-naturligt-tra-129-x-515-x-180cm-gra-svart\/#primaryimage","url":"https:\/\/i0.wp.com\/truusk.store\/wp-content\/uploads\/2024\/02\/tradgardsskap-oppet-vedfack-lasbar-dorr-vaderbestandig-naturligt-tra-129-x-515-x-180cm-gra-svart.webp?fit=800%2C800&ssl=1","contentUrl":"https:\/\/i0.wp.com\/truusk.store\/wp-content\/uploads\/2024\/02\/tradgardsskap-oppet-vedfack-lasbar-dorr-vaderbestandig-naturligt-tra-129-x-515-x-180cm-gra-svart.webp?fit=800%2C800&ssl=1","width":800,"height":800,"caption":"Tr\u00e4dg\u00e5rdssk\u00e5p, \u00f6ppet Vedfack, L\u00e5sbar D\u00f6rr, V\u00e4derbest\u00e4ndig, Naturligt Tr\u00e4, 129 X 51,5 X 180cm, Gr\u00e5 + Svart 1"},{"@type":"BreadcrumbList","@id":"https:\/\/truusk.store\/sv\/produkt\/truusk-tradgardsskap-oppet-vedfack-lasbar-dorr-vaderbestandig-naturligt-tra-129-x-515-x-180cm-gra-svart\/#breadcrumb","itemListElement":[{"@type":"ListItem","position":1,"name":"Home","item":"https:\/\/truusk.store\/sv\/"},{"@type":"ListItem","position":2,"name":"Shop","item":"https:\/\/truusk.store\/shop\/"},{"@type":"ListItem","position":3,"name":"TRUUSK Tr\u00e4dg\u00e5rdssk\u00e5p &#8211; \u00d6ppet Vedfack &#8211; L\u00e5sbar D\u00f6rr &#8211; V\u00e4derbest\u00e4ndig &#8211; Naturligt Tr\u00e4 &#8211; 129 X 51,5 X 180cm &#8211; Gr\u00e5 + Svart"}]},{"@type":"WebSite","@id":"https:\/\/truusk.store\/sv\/#website","url":"https:\/\/truusk.store\/sv\/","name":"TRUUSK - Hem, Tr\u00e4dg\u00e5rd & Fritid","description":"","publisher":{"@id":"https:\/\/truusk.store\/sv\/#organization"},"potentialAction":[{"@type":"SearchAction","target":{"@type":"EntryPoint","urlTemplate":"https:\/\/truusk.store\/sv\/?s={search_term_string}"},"query-input":{"@type":"PropertyValueSpecification","valueRequired":true,"valueName":"search_term_string"}}],"inLanguage":"sv-SE"},{"@type":"Organization","@id":"https:\/\/truusk.store\/sv\/#organization","name":"TRUUSK - Hem, Tr\u00e4dg\u00e5rd & Fritid","url":"https:\/\/truusk.store\/sv\/","logo":{"@type":"ImageObject","inLanguage":"sv-SE","@id":"https:\/\/truusk.store\/sv\/#\/schema\/logo\/image\/","url":"https:\/\/i0.wp.com\/truusk.store\/wp-content\/uploads\/2026\/03\/cropped-TRUUSK.png?fit=2032%2C917&ssl=1","contentUrl":"https:\/\/i0.wp.com\/truusk.store\/wp-content\/uploads\/2026\/03\/cropped-TRUUSK.png?fit=2032%2C917&ssl=1","width":2032,"height":917,"caption":"TRUUSK - Hem, Tr\u00e4dg\u00e5rd & Fritid"},"image":{"@id":"https:\/\/truusk.store\/sv\/#\/schema\/logo\/image\/"}}]}},"jetpack_sharing_enabled":true,"_links":{"self":[{"href":"https:\/\/truusk.store\/sv\/wp-json\/wp\/v2\/product\/32404","targetHints":{"allow":["GET"]}}],"collection":[{"href":"https:\/\/truusk.store\/sv\/wp-json\/wp\/v2\/product"}],"about":[{"href":"https:\/\/truusk.store\/sv\/wp-json\/wp\/v2\/types\/product"}],"wp:featuredmedia":[{"embeddable":true,"href":"https:\/\/truusk.store\/sv\/wp-json\/wp\/v2\/media\/32405"}],"wp:attachment":[{"href":"https:\/\/truusk.store\/sv\/wp-json\/wp\/v2\/media?parent=32404"}],"wp:term":[{"taxonomy":"product_brand","embeddable":true,"href":"https:\/\/truusk.store\/sv\/wp-json\/wp\/v2\/product_brand?post=32404"},{"taxonomy":"product_cat","embeddable":true,"href":"https:\/\/truusk.store\/sv\/wp-json\/wp\/v2\/product_cat?post=32404"},{"taxonomy":"product_tag","embeddable":true,"href":"https:\/\/truusk.store\/sv\/wp-json\/wp\/v2\/product_tag?post=32404"}],"curies":[{"name":"wp","href":"https:\/\/api.w.org\/{rel}","templated":true}]}}