{"id":32423,"date":"2024-02-13T21:58:21","date_gmt":"2024-02-13T20:58:21","guid":{"rendered":"https:\/\/truusk.store\/product\/solstol-av-polyrotting-med-solskydd-tradgardssang-justerbar-solstol-i-rotting-tradgardsmobler-solstol-med-dyna-gra-195-x-65-x-40-cm\/"},"modified":"2026-03-12T09:10:33","modified_gmt":"2026-03-12T08:10:33","slug":"truusk-solstol-av-polyrotting-med-solskydd-justerbar-tradgardssang-gra-195-x-65-x-40-cm","status":"publish","type":"product","link":"https:\/\/truusk.store\/sv\/produkt\/truusk-solstol-av-polyrotting-med-solskydd-justerbar-tradgardssang-gra-195-x-65-x-40-cm\/","title":{"rendered":"TRUUSK Solstol av Polyrotting med Solskydd &#8211; Justerbar Tr\u00e4dg\u00e5rdss\u00e4ng &#8211; Gr\u00e5 &#8211; 195 x 65 x 40 cm"},"content":{"rendered":"<p>F\u00f6rsk\u00f6na din tr\u00e4dg\u00e5rd med bastustolen i PE-rotting. F\u00f6rl\u00e4ng bara kapellet och slappna av bekv\u00e4mt. Perfekt f\u00f6r att sola och koppla av utomhus, oavsett om det \u00e4r i tr\u00e4dg\u00e5rden, p\u00e5 terrassen eller p\u00e5 balkongen. Ryggst\u00f6det p\u00e5 solstolen \u00e4r justerbart i 4 niv\u00e5er, s\u00e5 att du kan hitta din individuella favoritinst\u00e4llning. Luta dig tillbaka och koppla av utomhus med denna sch\u00e4slong.<\/p>\n<h3>Beskrivning:<\/h3>\n<ul>\n<li>Rottingloungen har en elegant design med ett lock som \u00e4r l\u00e4tt att \u00f6ppna och st\u00e4nga<\/li>\n<li>L\u00e4mplig f\u00f6r inomhus- och utomhusbruk, perfekt f\u00f6r tr\u00e4dg\u00e5rden, poolen, uteplatsen eller bakg\u00e5rden<\/li>\n<li>Tillverkad av v\u00e4derbest\u00e4ndig PE-rotting och en st\u00e5lram med robust konstruktion<\/li>\n<li>Loungesoffan \u00e4r h\u00f6j- och s\u00e4nkbar i 4 l\u00e4gen, s\u00e5 att du kan sitta ner, luta dig tillbaka eller ligga ner<\/li>\n<li>\u00d6rngott av vattenavvisande polyestertyg<\/li>\n<li>Montering kr\u00e4vs<\/li>\n<\/ul>\n<h3>Teknisk data:<\/h3>\n<ul>\n<li>F\u00e4rg gr\u00e5<\/li>\n<li>Material: PE rotting, st\u00e5l, polyester<\/li>\n<li>\u00d6vergripande m\u00e5tt: 195L x 65W x 40H cm<\/li>\n<li>Sitsstorlek: 130W x 65D cm<\/li>\n<li>Lastkapacitet: 160 kg<\/li>\n<li>H\u00f6jd p\u00e5 ryggst\u00f6d till golv: 60 cm, 70 cm, 80 cm, 87 cm<\/li>\n<\/ul>\n<h3>Leveransens omfattning:<\/h3>\n<ul>\n<li>1 x f\u00e5t\u00f6lj<\/li>\n<li>1 x kudde<\/li>\n<li>1 x Instruktioner<\/li>\n<\/ul>\n","protected":false},"excerpt":{"rendered":"<p>F\u00f6rsk\u00f6na din tr\u00e4dg\u00e5rd med bastustolen i PE-rotting. F\u00f6rl\u00e4ng bara kapellet och slappna av bekv\u00e4mt. Perfekt f\u00f6r att sola och koppla&#8230;<\/p>\n","protected":false},"featured_media":32424,"template":"","meta":[],"product_brand":[],"product_cat":[451,435,450],"product_tag":[],"class_list":{"0":"post-32423","1":"product","2":"type-product","3":"status-publish","4":"has-post-thumbnail","6":"product_cat-solstolar","7":"product_cat-tradgard-och-terrass","8":"product_cat-tradgardsmobler","10":"first","11":"instock","12":"sale","13":"taxable","14":"shipping-taxable","15":"purchasable","16":"product-type-simple"},"yoast_head":"<!-- This site is optimized with the Yoast SEO plugin v25.4 - https:\/\/yoast.com\/wordpress\/plugins\/seo\/ -->\n<title>TRUUSK Solstol av Polyrotting med Solskydd - Justerbar Tr\u00e4dg\u00e5rdss\u00e4ng - Gr\u00e5 - 195 x 65 x 40 cm - TRUUSK - Hem, Tr\u00e4dg\u00e5rd &amp; Fritid<\/title>\n<meta name=\"robots\" content=\"index, follow, max-snippet:-1, max-image-preview:large, max-video-preview:-1\" \/>\n<link rel=\"canonical\" href=\"https:\/\/truusk.store\/sv\/produkt\/truusk-solstol-av-polyrotting-med-solskydd-justerbar-tradgardssang-gra-195-x-65-x-40-cm\/\" \/>\n<meta property=\"og:locale\" content=\"sv_SE\" \/>\n<meta property=\"og:type\" content=\"article\" \/>\n<meta property=\"og:title\" content=\"TRUUSK Solstol av Polyrotting med Solskydd - Justerbar Tr\u00e4dg\u00e5rdss\u00e4ng - Gr\u00e5 - 195 x 65 x 40 cm - TRUUSK - Hem, Tr\u00e4dg\u00e5rd &amp; Fritid\" \/>\n<meta property=\"og:description\" content=\"F\u00f6rsk\u00f6na din tr\u00e4dg\u00e5rd med bastustolen i PE-rotting. F\u00f6rl\u00e4ng bara kapellet och slappna av bekv\u00e4mt. Perfekt f\u00f6r att sola och koppla...\" \/>\n<meta property=\"og:url\" content=\"https:\/\/truusk.store\/sv\/produkt\/truusk-solstol-av-polyrotting-med-solskydd-justerbar-tradgardssang-gra-195-x-65-x-40-cm\/\" \/>\n<meta property=\"og:site_name\" content=\"TRUUSK - Hem, Tr\u00e4dg\u00e5rd &amp; Fritid\" \/>\n<meta property=\"article:modified_time\" content=\"2026-03-12T08:10:33+00:00\" \/>\n<meta property=\"og:image\" content=\"https:\/\/i0.wp.com\/truusk.se\/wp-content\/uploads\/2024\/02\/solstol-av-polyrotting-med-solskydd-tradgardssang-justerbar-solstol-i-rotting-tradgardsmobler-solstol-med-dyna-gra-195-x-65-x-40-cm.webp?fit=800%2C800&ssl=1\" \/>\n\t<meta property=\"og:image:width\" content=\"800\" \/>\n\t<meta property=\"og:image:height\" content=\"800\" \/>\n\t<meta property=\"og:image:type\" content=\"image\/webp\" \/>\n<meta name=\"twitter:card\" content=\"summary_large_image\" \/>\n<meta name=\"twitter:label1\" content=\"Ber\u00e4knad l\u00e4stid\" \/>\n\t<meta name=\"twitter:data1\" content=\"1 minut\" \/>\n<!-- \/ Yoast SEO plugin. -->","yoast_head_json":{"title":"TRUUSK Solstol av Polyrotting med Solskydd - Justerbar Tr\u00e4dg\u00e5rdss\u00e4ng - Gr\u00e5 - 195 x 65 x 40 cm - TRUUSK - Hem, Tr\u00e4dg\u00e5rd &amp; Fritid","robots":{"index":"index","follow":"follow","max-snippet":"max-snippet:-1","max-image-preview":"max-image-preview:large","max-video-preview":"max-video-preview:-1"},"canonical":"https:\/\/truusk.store\/sv\/produkt\/truusk-solstol-av-polyrotting-med-solskydd-justerbar-tradgardssang-gra-195-x-65-x-40-cm\/","og_locale":"sv_SE","og_type":"article","og_title":"TRUUSK Solstol av Polyrotting med Solskydd - Justerbar Tr\u00e4dg\u00e5rdss\u00e4ng - Gr\u00e5 - 195 x 65 x 40 cm - TRUUSK - Hem, Tr\u00e4dg\u00e5rd &amp; Fritid","og_description":"F\u00f6rsk\u00f6na din tr\u00e4dg\u00e5rd med bastustolen i PE-rotting. F\u00f6rl\u00e4ng bara kapellet och slappna av bekv\u00e4mt. Perfekt f\u00f6r att sola och koppla...","og_url":"https:\/\/truusk.store\/sv\/produkt\/truusk-solstol-av-polyrotting-med-solskydd-justerbar-tradgardssang-gra-195-x-65-x-40-cm\/","og_site_name":"TRUUSK - Hem, Tr\u00e4dg\u00e5rd &amp; Fritid","article_modified_time":"2026-03-12T08:10:33+00:00","og_image":[{"width":800,"height":800,"url":"https:\/\/i0.wp.com\/truusk.se\/wp-content\/uploads\/2024\/02\/solstol-av-polyrotting-med-solskydd-tradgardssang-justerbar-solstol-i-rotting-tradgardsmobler-solstol-med-dyna-gra-195-x-65-x-40-cm.webp?fit=800%2C800&ssl=1","type":"image\/webp"}],"twitter_card":"summary_large_image","twitter_misc":{"Ber\u00e4knad l\u00e4stid":"1 minut"},"schema":{"@context":"https:\/\/schema.org","@graph":[{"@type":"WebPage","@id":"https:\/\/truusk.store\/sv\/produkt\/truusk-solstol-av-polyrotting-med-solskydd-justerbar-tradgardssang-gra-195-x-65-x-40-cm\/","url":"https:\/\/truusk.store\/sv\/produkt\/truusk-solstol-av-polyrotting-med-solskydd-justerbar-tradgardssang-gra-195-x-65-x-40-cm\/","name":"TRUUSK Solstol av Polyrotting med Solskydd - Justerbar Tr\u00e4dg\u00e5rdss\u00e4ng - Gr\u00e5 - 195 x 65 x 40 cm - TRUUSK - Hem, Tr\u00e4dg\u00e5rd &amp; Fritid","isPartOf":{"@id":"https:\/\/truusk.store\/sv\/#website"},"primaryImageOfPage":{"@id":"https:\/\/truusk.store\/sv\/produkt\/truusk-solstol-av-polyrotting-med-solskydd-justerbar-tradgardssang-gra-195-x-65-x-40-cm\/#primaryimage"},"image":{"@id":"https:\/\/truusk.store\/sv\/produkt\/truusk-solstol-av-polyrotting-med-solskydd-justerbar-tradgardssang-gra-195-x-65-x-40-cm\/#primaryimage"},"thumbnailUrl":"https:\/\/i0.wp.com\/truusk.store\/wp-content\/uploads\/2024\/02\/solstol-av-polyrotting-med-solskydd-tradgardssang-justerbar-solstol-i-rotting-tradgardsmobler-solstol-med-dyna-gra-195-x-65-x-40-cm.webp?fit=800%2C800&ssl=1","datePublished":"2024-02-13T20:58:21+00:00","dateModified":"2026-03-12T08:10:33+00:00","breadcrumb":{"@id":"https:\/\/truusk.store\/sv\/produkt\/truusk-solstol-av-polyrotting-med-solskydd-justerbar-tradgardssang-gra-195-x-65-x-40-cm\/#breadcrumb"},"inLanguage":"sv-SE","potentialAction":[{"@type":"ReadAction","target":["https:\/\/truusk.store\/sv\/produkt\/truusk-solstol-av-polyrotting-med-solskydd-justerbar-tradgardssang-gra-195-x-65-x-40-cm\/"]}]},{"@type":"ImageObject","inLanguage":"sv-SE","@id":"https:\/\/truusk.store\/sv\/produkt\/truusk-solstol-av-polyrotting-med-solskydd-justerbar-tradgardssang-gra-195-x-65-x-40-cm\/#primaryimage","url":"https:\/\/i0.wp.com\/truusk.store\/wp-content\/uploads\/2024\/02\/solstol-av-polyrotting-med-solskydd-tradgardssang-justerbar-solstol-i-rotting-tradgardsmobler-solstol-med-dyna-gra-195-x-65-x-40-cm.webp?fit=800%2C800&ssl=1","contentUrl":"https:\/\/i0.wp.com\/truusk.store\/wp-content\/uploads\/2024\/02\/solstol-av-polyrotting-med-solskydd-tradgardssang-justerbar-solstol-i-rotting-tradgardsmobler-solstol-med-dyna-gra-195-x-65-x-40-cm.webp?fit=800%2C800&ssl=1","width":800,"height":800,"caption":"Solstol Av Polyrotting Med Solskydd, Tr\u00e4dg\u00e5rdss\u00e4ng, Justerbar Solstol I Rotting, Tr\u00e4dg\u00e5rdsm\u00f6bler, Solstol Med Dyna, Gr\u00e5, 195 X 65 X 40 Cm 1"},{"@type":"BreadcrumbList","@id":"https:\/\/truusk.store\/sv\/produkt\/truusk-solstol-av-polyrotting-med-solskydd-justerbar-tradgardssang-gra-195-x-65-x-40-cm\/#breadcrumb","itemListElement":[{"@type":"ListItem","position":1,"name":"Home","item":"https:\/\/truusk.store\/sv\/"},{"@type":"ListItem","position":2,"name":"Shop","item":"https:\/\/truusk.store\/shop\/"},{"@type":"ListItem","position":3,"name":"TRUUSK Solstol av Polyrotting med Solskydd &#8211; Justerbar Tr\u00e4dg\u00e5rdss\u00e4ng &#8211; Gr\u00e5 &#8211; 195 x 65 x 40 cm"}]},{"@type":"WebSite","@id":"https:\/\/truusk.store\/sv\/#website","url":"https:\/\/truusk.store\/sv\/","name":"TRUUSK - Hem, Tr\u00e4dg\u00e5rd & Fritid","description":"","publisher":{"@id":"https:\/\/truusk.store\/sv\/#organization"},"potentialAction":[{"@type":"SearchAction","target":{"@type":"EntryPoint","urlTemplate":"https:\/\/truusk.store\/sv\/?s={search_term_string}"},"query-input":{"@type":"PropertyValueSpecification","valueRequired":true,"valueName":"search_term_string"}}],"inLanguage":"sv-SE"},{"@type":"Organization","@id":"https:\/\/truusk.store\/sv\/#organization","name":"TRUUSK - Hem, Tr\u00e4dg\u00e5rd & Fritid","url":"https:\/\/truusk.store\/sv\/","logo":{"@type":"ImageObject","inLanguage":"sv-SE","@id":"https:\/\/truusk.store\/sv\/#\/schema\/logo\/image\/","url":"https:\/\/i0.wp.com\/truusk.store\/wp-content\/uploads\/2026\/03\/cropped-TRUUSK.png?fit=2032%2C917&ssl=1","contentUrl":"https:\/\/i0.wp.com\/truusk.store\/wp-content\/uploads\/2026\/03\/cropped-TRUUSK.png?fit=2032%2C917&ssl=1","width":2032,"height":917,"caption":"TRUUSK - Hem, Tr\u00e4dg\u00e5rd & Fritid"},"image":{"@id":"https:\/\/truusk.store\/sv\/#\/schema\/logo\/image\/"}}]}},"jetpack_sharing_enabled":true,"_links":{"self":[{"href":"https:\/\/truusk.store\/sv\/wp-json\/wp\/v2\/product\/32423","targetHints":{"allow":["GET"]}}],"collection":[{"href":"https:\/\/truusk.store\/sv\/wp-json\/wp\/v2\/product"}],"about":[{"href":"https:\/\/truusk.store\/sv\/wp-json\/wp\/v2\/types\/product"}],"wp:featuredmedia":[{"embeddable":true,"href":"https:\/\/truusk.store\/sv\/wp-json\/wp\/v2\/media\/32424"}],"wp:attachment":[{"href":"https:\/\/truusk.store\/sv\/wp-json\/wp\/v2\/media?parent=32423"}],"wp:term":[{"taxonomy":"product_brand","embeddable":true,"href":"https:\/\/truusk.store\/sv\/wp-json\/wp\/v2\/product_brand?post=32423"},{"taxonomy":"product_cat","embeddable":true,"href":"https:\/\/truusk.store\/sv\/wp-json\/wp\/v2\/product_cat?post=32423"},{"taxonomy":"product_tag","embeddable":true,"href":"https:\/\/truusk.store\/sv\/wp-json\/wp\/v2\/product_tag?post=32423"}],"curies":[{"name":"wp","href":"https:\/\/api.w.org\/{rel}","templated":true}]}}