{"id":32490,"date":"2024-02-13T22:01:03","date_gmt":"2024-02-13T21:01:03","guid":{"rendered":"https:\/\/truusk.store\/product\/rotting-solo-4-delad-solstolso-med-solskydd-sittgrupp-4-kuddar-metallgra-230-x-145-x-80-cm\/"},"modified":"2026-03-12T09:10:35","modified_gmt":"2026-03-12T08:10:35","slug":"truusk-rotting-solo-4-delad-sittgrupp-med-solskydd-4-kuddar-metallgra-230-x-145-x-80-cm","status":"publish","type":"product","link":"https:\/\/truusk.store\/sv\/produkt\/truusk-rotting-solo-4-delad-sittgrupp-med-solskydd-4-kuddar-metallgra-230-x-145-x-80-cm\/","title":{"rendered":"TRUUSK Rotting Sol\u00f6 4-delad Sittgrupp &#8211; Med Solskydd &#8211; 4 Kuddar &#8211; Metallgr\u00e5 &#8211; 230 x 145 x 80 cm"},"content":{"rendered":"<p>Trendigt och m\u00e5ngsidigt loungeset i PE rotting. Setet best\u00e5r av 1 soffa f\u00f6r tre personer, 2 pallar och en ottoman. En galvaniserad r\u00f6rram ger en stark och robust struktur, insvept i PE-rotting f\u00f6r att ge skydd mot d\u00e5ligt v\u00e4der. Vadderade kuddar med avtagbara och tv\u00e4ttbara kl\u00e4dslar och en stor kapell kompletterar detta set.<\/p>\n<h3>Beskrivning:<\/h3>\n<ul>\n<li>4-delat loungeset i PE rotting med en soffa f\u00f6r tre personer, tv\u00e5 pallar och en ottoman<\/li>\n<li>Tjocka kuddar f\u00f6r komfort &#8211; avtagbara \u00f6verdrag kan tv\u00e4ttas f\u00f6r hygien<\/li>\n<li>Inf\u00e4llbar kapell som blockerar sol och regn s\u00e5 att du kan vila i frid<\/li>\n<li>M\u00f6belsetet i rotting best\u00e5r av en galvaniserad r\u00f6rformad ram f\u00f6r en robust struktur, omslagen med PE-rotting<\/li>\n<li>Montering kr\u00e4vs<\/li>\n<\/ul>\n<h3>Teknisk data:<\/h3>\n<ul>\n<li>F\u00e4rg gr\u00e5<\/li>\n<li>Material: metall, PE-rotting, polyester<\/li>\n<li>\u00d6vergripande m\u00e5tt: 230W x 145D x 80H cm<\/li>\n<li>M\u00e5tt p\u00e5 trepersonerssofforna: 230W x 75D x 80H cm<\/li>\n<li>M\u00e5tt p\u00e5 v\u00e4nster soffa: 76W x 74D x 50H cm<\/li>\n<li>M\u00e5tt p\u00e5 h\u00f6ger soffa: 76W x 74D x 50H cm<\/li>\n<li>M\u00e5tt p\u00e5 ottomanen: 80W x 71D x 38H cm,<\/li>\n<li>Lastkapacitet: 110 kg\/sits<\/li>\n<\/ul>\n<h3>Leveransens omfattning:<\/h3>\n<ul>\n<li>1 x tre personers soffa<\/li>\n<li>1 x V\u00e4nster soffset<\/li>\n<li>1 x H\u00f6ger soffset<\/li>\n<li>1 x ottomansk<\/li>\n<li>6 x sittdynor<\/li>\n<li>4 x kuddar<\/li>\n<li>1 x Anv\u00e4ndarmanual<\/li>\n<\/ul>\n","protected":false},"excerpt":{"rendered":"<p>Trendigt och m\u00e5ngsidigt loungeset i PE rotting. Setet best\u00e5r av 1 soffa f\u00f6r tre personer, 2 pallar och en ottoman&#8230;.<\/p>\n","protected":false},"featured_media":32491,"template":"","meta":[],"product_brand":[],"product_cat":[458,435,450],"product_tag":[],"class_list":{"0":"post-32490","1":"product","2":"type-product","3":"status-publish","4":"has-post-thumbnail","6":"product_cat-loungemobler","7":"product_cat-tradgard-och-terrass","8":"product_cat-tradgardsmobler","10":"first","11":"instock","12":"sale","13":"taxable","14":"shipping-taxable","15":"purchasable","16":"product-type-simple"},"yoast_head":"<!-- This site is optimized with the Yoast SEO plugin v25.4 - https:\/\/yoast.com\/wordpress\/plugins\/seo\/ -->\n<title>TRUUSK Rotting Sol\u00f6 4-delad Sittgrupp - Med Solskydd - 4 Kuddar - Metallgr\u00e5 - 230 x 145 x 80 cm - TRUUSK - Hem, Tr\u00e4dg\u00e5rd &amp; Fritid<\/title>\n<meta name=\"robots\" content=\"index, follow, max-snippet:-1, max-image-preview:large, max-video-preview:-1\" \/>\n<link rel=\"canonical\" href=\"https:\/\/truusk.store\/sv\/produkt\/truusk-rotting-solo-4-delad-sittgrupp-med-solskydd-4-kuddar-metallgra-230-x-145-x-80-cm\/\" \/>\n<meta property=\"og:locale\" content=\"sv_SE\" \/>\n<meta property=\"og:type\" content=\"article\" \/>\n<meta property=\"og:title\" content=\"TRUUSK Rotting Sol\u00f6 4-delad Sittgrupp - Med Solskydd - 4 Kuddar - Metallgr\u00e5 - 230 x 145 x 80 cm - TRUUSK - Hem, Tr\u00e4dg\u00e5rd &amp; Fritid\" \/>\n<meta property=\"og:description\" content=\"Trendigt och m\u00e5ngsidigt loungeset i PE rotting. Setet best\u00e5r av 1 soffa f\u00f6r tre personer, 2 pallar och en ottoman....\" \/>\n<meta property=\"og:url\" content=\"https:\/\/truusk.store\/sv\/produkt\/truusk-rotting-solo-4-delad-sittgrupp-med-solskydd-4-kuddar-metallgra-230-x-145-x-80-cm\/\" \/>\n<meta property=\"og:site_name\" content=\"TRUUSK - Hem, Tr\u00e4dg\u00e5rd &amp; Fritid\" \/>\n<meta property=\"article:modified_time\" content=\"2026-03-12T08:10:35+00:00\" \/>\n<meta property=\"og:image\" content=\"https:\/\/i0.wp.com\/truusk.se\/wp-content\/uploads\/2024\/02\/rotting-solo-4-delad-solstolso-med-solskydd-sittgrupp-4-kuddar-metallgra-230-x-145-x-80-cm.webp?fit=800%2C800&ssl=1\" \/>\n\t<meta property=\"og:image:width\" content=\"800\" \/>\n\t<meta property=\"og:image:height\" content=\"800\" \/>\n\t<meta property=\"og:image:type\" content=\"image\/webp\" \/>\n<meta name=\"twitter:card\" content=\"summary_large_image\" \/>\n<meta name=\"twitter:label1\" content=\"Ber\u00e4knad l\u00e4stid\" \/>\n\t<meta name=\"twitter:data1\" content=\"1 minut\" \/>\n<!-- \/ Yoast SEO plugin. -->","yoast_head_json":{"title":"TRUUSK Rotting Sol\u00f6 4-delad Sittgrupp - Med Solskydd - 4 Kuddar - Metallgr\u00e5 - 230 x 145 x 80 cm - TRUUSK - Hem, Tr\u00e4dg\u00e5rd &amp; Fritid","robots":{"index":"index","follow":"follow","max-snippet":"max-snippet:-1","max-image-preview":"max-image-preview:large","max-video-preview":"max-video-preview:-1"},"canonical":"https:\/\/truusk.store\/sv\/produkt\/truusk-rotting-solo-4-delad-sittgrupp-med-solskydd-4-kuddar-metallgra-230-x-145-x-80-cm\/","og_locale":"sv_SE","og_type":"article","og_title":"TRUUSK Rotting Sol\u00f6 4-delad Sittgrupp - Med Solskydd - 4 Kuddar - Metallgr\u00e5 - 230 x 145 x 80 cm - TRUUSK - Hem, Tr\u00e4dg\u00e5rd &amp; Fritid","og_description":"Trendigt och m\u00e5ngsidigt loungeset i PE rotting. Setet best\u00e5r av 1 soffa f\u00f6r tre personer, 2 pallar och en ottoman....","og_url":"https:\/\/truusk.store\/sv\/produkt\/truusk-rotting-solo-4-delad-sittgrupp-med-solskydd-4-kuddar-metallgra-230-x-145-x-80-cm\/","og_site_name":"TRUUSK - Hem, Tr\u00e4dg\u00e5rd &amp; Fritid","article_modified_time":"2026-03-12T08:10:35+00:00","og_image":[{"width":800,"height":800,"url":"https:\/\/i0.wp.com\/truusk.se\/wp-content\/uploads\/2024\/02\/rotting-solo-4-delad-solstolso-med-solskydd-sittgrupp-4-kuddar-metallgra-230-x-145-x-80-cm.webp?fit=800%2C800&ssl=1","type":"image\/webp"}],"twitter_card":"summary_large_image","twitter_misc":{"Ber\u00e4knad l\u00e4stid":"1 minut"},"schema":{"@context":"https:\/\/schema.org","@graph":[{"@type":"WebPage","@id":"https:\/\/truusk.store\/sv\/produkt\/truusk-rotting-solo-4-delad-sittgrupp-med-solskydd-4-kuddar-metallgra-230-x-145-x-80-cm\/","url":"https:\/\/truusk.store\/sv\/produkt\/truusk-rotting-solo-4-delad-sittgrupp-med-solskydd-4-kuddar-metallgra-230-x-145-x-80-cm\/","name":"TRUUSK Rotting Sol\u00f6 4-delad Sittgrupp - Med Solskydd - 4 Kuddar - Metallgr\u00e5 - 230 x 145 x 80 cm - TRUUSK - Hem, Tr\u00e4dg\u00e5rd &amp; Fritid","isPartOf":{"@id":"https:\/\/truusk.store\/sv\/#website"},"primaryImageOfPage":{"@id":"https:\/\/truusk.store\/sv\/produkt\/truusk-rotting-solo-4-delad-sittgrupp-med-solskydd-4-kuddar-metallgra-230-x-145-x-80-cm\/#primaryimage"},"image":{"@id":"https:\/\/truusk.store\/sv\/produkt\/truusk-rotting-solo-4-delad-sittgrupp-med-solskydd-4-kuddar-metallgra-230-x-145-x-80-cm\/#primaryimage"},"thumbnailUrl":"https:\/\/i0.wp.com\/truusk.store\/wp-content\/uploads\/2024\/02\/rotting-solo-4-delad-solstolso-med-solskydd-sittgrupp-4-kuddar-metallgra-230-x-145-x-80-cm.webp?fit=800%2C800&ssl=1","datePublished":"2024-02-13T21:01:03+00:00","dateModified":"2026-03-12T08:10:35+00:00","breadcrumb":{"@id":"https:\/\/truusk.store\/sv\/produkt\/truusk-rotting-solo-4-delad-sittgrupp-med-solskydd-4-kuddar-metallgra-230-x-145-x-80-cm\/#breadcrumb"},"inLanguage":"sv-SE","potentialAction":[{"@type":"ReadAction","target":["https:\/\/truusk.store\/sv\/produkt\/truusk-rotting-solo-4-delad-sittgrupp-med-solskydd-4-kuddar-metallgra-230-x-145-x-80-cm\/"]}]},{"@type":"ImageObject","inLanguage":"sv-SE","@id":"https:\/\/truusk.store\/sv\/produkt\/truusk-rotting-solo-4-delad-sittgrupp-med-solskydd-4-kuddar-metallgra-230-x-145-x-80-cm\/#primaryimage","url":"https:\/\/i0.wp.com\/truusk.store\/wp-content\/uploads\/2024\/02\/rotting-solo-4-delad-solstolso-med-solskydd-sittgrupp-4-kuddar-metallgra-230-x-145-x-80-cm.webp?fit=800%2C800&ssl=1","contentUrl":"https:\/\/i0.wp.com\/truusk.store\/wp-content\/uploads\/2024\/02\/rotting-solo-4-delad-solstolso-med-solskydd-sittgrupp-4-kuddar-metallgra-230-x-145-x-80-cm.webp?fit=800%2C800&ssl=1","width":800,"height":800,"caption":"Rotting Sol\u00f6 4-delad Solstols\u00f6 Med Solskydd Sittgrupp 4 Kuddar Metallgr\u00e5 230 X 145 X 80 Cm 1"},{"@type":"BreadcrumbList","@id":"https:\/\/truusk.store\/sv\/produkt\/truusk-rotting-solo-4-delad-sittgrupp-med-solskydd-4-kuddar-metallgra-230-x-145-x-80-cm\/#breadcrumb","itemListElement":[{"@type":"ListItem","position":1,"name":"Home","item":"https:\/\/truusk.store\/sv\/"},{"@type":"ListItem","position":2,"name":"Shop","item":"https:\/\/truusk.store\/shop\/"},{"@type":"ListItem","position":3,"name":"TRUUSK Rotting Sol\u00f6 4-delad Sittgrupp &#8211; Med Solskydd &#8211; 4 Kuddar &#8211; Metallgr\u00e5 &#8211; 230 x 145 x 80 cm"}]},{"@type":"WebSite","@id":"https:\/\/truusk.store\/sv\/#website","url":"https:\/\/truusk.store\/sv\/","name":"TRUUSK - Hem, Tr\u00e4dg\u00e5rd & Fritid","description":"","publisher":{"@id":"https:\/\/truusk.store\/sv\/#organization"},"potentialAction":[{"@type":"SearchAction","target":{"@type":"EntryPoint","urlTemplate":"https:\/\/truusk.store\/sv\/?s={search_term_string}"},"query-input":{"@type":"PropertyValueSpecification","valueRequired":true,"valueName":"search_term_string"}}],"inLanguage":"sv-SE"},{"@type":"Organization","@id":"https:\/\/truusk.store\/sv\/#organization","name":"TRUUSK - Hem, Tr\u00e4dg\u00e5rd & Fritid","url":"https:\/\/truusk.store\/sv\/","logo":{"@type":"ImageObject","inLanguage":"sv-SE","@id":"https:\/\/truusk.store\/sv\/#\/schema\/logo\/image\/","url":"https:\/\/i0.wp.com\/truusk.store\/wp-content\/uploads\/2026\/03\/cropped-TRUUSK.png?fit=2032%2C917&ssl=1","contentUrl":"https:\/\/i0.wp.com\/truusk.store\/wp-content\/uploads\/2026\/03\/cropped-TRUUSK.png?fit=2032%2C917&ssl=1","width":2032,"height":917,"caption":"TRUUSK - Hem, Tr\u00e4dg\u00e5rd & Fritid"},"image":{"@id":"https:\/\/truusk.store\/sv\/#\/schema\/logo\/image\/"}}]}},"jetpack_sharing_enabled":true,"_links":{"self":[{"href":"https:\/\/truusk.store\/sv\/wp-json\/wp\/v2\/product\/32490","targetHints":{"allow":["GET"]}}],"collection":[{"href":"https:\/\/truusk.store\/sv\/wp-json\/wp\/v2\/product"}],"about":[{"href":"https:\/\/truusk.store\/sv\/wp-json\/wp\/v2\/types\/product"}],"wp:featuredmedia":[{"embeddable":true,"href":"https:\/\/truusk.store\/sv\/wp-json\/wp\/v2\/media\/32491"}],"wp:attachment":[{"href":"https:\/\/truusk.store\/sv\/wp-json\/wp\/v2\/media?parent=32490"}],"wp:term":[{"taxonomy":"product_brand","embeddable":true,"href":"https:\/\/truusk.store\/sv\/wp-json\/wp\/v2\/product_brand?post=32490"},{"taxonomy":"product_cat","embeddable":true,"href":"https:\/\/truusk.store\/sv\/wp-json\/wp\/v2\/product_cat?post=32490"},{"taxonomy":"product_tag","embeddable":true,"href":"https:\/\/truusk.store\/sv\/wp-json\/wp\/v2\/product_tag?post=32490"}],"curies":[{"name":"wp","href":"https:\/\/api.w.org\/{rel}","templated":true}]}}