{"id":32510,"date":"2024-02-13T22:01:43","date_gmt":"2024-02-13T21:01:43","guid":{"rendered":"https:\/\/truusk.store\/product\/vaxtstall-set-om-2-4-hyllor-vardera-kan-kombineras-eller-anvandas-separat-stal-gron-70-x-27-x-110-cm\/"},"modified":"2026-03-12T09:10:35","modified_gmt":"2026-03-12T08:10:35","slug":"truusk-vaxtstall-set-om-2-4-hyllor-vardera-kan-kombineras-eller-anvandas-separat-stal-gron-70-x-27-x-110-cm","status":"publish","type":"product","link":"https:\/\/truusk.store\/sv\/produkt\/truusk-vaxtstall-set-om-2-4-hyllor-vardera-kan-kombineras-eller-anvandas-separat-stal-gron-70-x-27-x-110-cm\/","title":{"rendered":"TRUUSK V\u00e4xtst\u00e4ll &#8211; Set om 2 &#8211; 4 hyllor vardera &#8211; Kan kombineras eller anv\u00e4ndas separat &#8211; St\u00e5l &#8211; Gr\u00f6n &#8211; 70 x 27 x 110 cm"},"content":{"rendered":"<p>Dina favoritv\u00e4xter f\u00f6rtj\u00e4nar sin egen, trygga plats! Dessa tv\u00e5 blomsterhyllor i fyra v\u00e5ningar har en robust st\u00e5lram som s\u00e4kerst\u00e4ller ett s\u00e4kert grepp. Fyra hyllor p\u00e5 varje hylla ger gott om plats att placera dina v\u00e4xter, blommor och till och med b\u00f6cker och dekorationer. S\u00e4rskilt praktiskt: Vid behov kan de tv\u00e5 hyllorna kombineras till en kombinationshylla eller enkelt anv\u00e4ndas separat.<\/p>\n<h3>Beskrivning:<\/h3>\n<ul>\n<li>Tv\u00e5delat set: Tv\u00e5 v\u00e4xthyllor kan kombineras f\u00f6r att bilda en kombinationshylla eller anv\u00e4ndas separat<\/li>\n<li>Fyra rymliga hyllor vardera erbjuder gott om plats f\u00f6r f\u00f6rvaring och visning av f\u00f6rem\u00e5l<\/li>\n<li>Kraftig st\u00e5lram s\u00e4kerst\u00e4ller h\u00f6g stabilitet<\/li>\n<li>Elegant design som ser bra ut \u00f6verallt<\/li>\n<li>Kan anv\u00e4ndas i tr\u00e4dg\u00e5rden, g\u00e5rden, balkongen och m\u00e5nga andra st\u00e4llen<\/li>\n<li>Max belastning: 10 kg per hylla, l\u00e4tt att montera<\/li>\n<li>L\u00e4mplig f\u00f6r v\u00e4xthus<\/li>\n<\/ul>\n<h3>Teknisk data:<\/h3>\n<ul>\n<li>F\u00e4rg: gr\u00f6n<\/li>\n<li>Material: st\u00e5l<\/li>\n<li>\u00d6vergripande m\u00e5tt: 70L x 27W x 110H cm<\/li>\n<li>Yta per hylla: 66L x 27W cm<\/li>\n<li>Maskstorlek: 58L x 28W cm<\/li>\n<li>Hyllh\u00f6jd: 110 cm, 73 cm, 38 cm, 2 cm (uppifr\u00e5n och ned)<\/li>\n<li>Lastkapacitet: 10 kg (varje niv\u00e5)<\/li>\n<\/ul>\n<h3>Leveransens omfattning:<\/h3>\n<ul>\n<li>2 x Plantst\u00e4ll<\/li>\n<li>1 x Instruktioner<\/li>\n<\/ul>\n","protected":false},"excerpt":{"rendered":"<p>Dina favoritv\u00e4xter f\u00f6rtj\u00e4nar sin egen, trygga plats! Dessa tv\u00e5 blomsterhyllor i fyra v\u00e5ningar har en robust st\u00e5lram som s\u00e4kerst\u00e4ller ett&#8230;<\/p>\n","protected":false},"featured_media":32511,"template":"","meta":[],"product_brand":[],"product_cat":[448,733,435,443],"product_tag":[],"class_list":{"0":"post-32510","1":"product","2":"type-product","3":"status-publish","4":"has-post-thumbnail","6":"product_cat-plantera-trappor-hyllor","7":"product_cat-planttrappa","8":"product_cat-tradgard-och-terrass","9":"product_cat-vaxthus-tradgardsskotsel","11":"first","12":"instock","13":"sale","14":"taxable","15":"shipping-taxable","16":"purchasable","17":"product-type-simple"},"yoast_head":"<!-- This site is optimized with the Yoast SEO plugin v25.4 - https:\/\/yoast.com\/wordpress\/plugins\/seo\/ -->\n<title>TRUUSK V\u00e4xtst\u00e4ll - Set om 2 - 4 hyllor vardera - Kan kombineras eller anv\u00e4ndas separat - St\u00e5l - Gr\u00f6n - 70 x 27 x 110 cm - TRUUSK - Hem, Tr\u00e4dg\u00e5rd &amp; Fritid<\/title>\n<meta name=\"robots\" content=\"index, follow, max-snippet:-1, max-image-preview:large, max-video-preview:-1\" \/>\n<link rel=\"canonical\" href=\"https:\/\/truusk.store\/sv\/produkt\/truusk-vaxtstall-set-om-2-4-hyllor-vardera-kan-kombineras-eller-anvandas-separat-stal-gron-70-x-27-x-110-cm\/\" \/>\n<meta property=\"og:locale\" content=\"sv_SE\" \/>\n<meta property=\"og:type\" content=\"article\" \/>\n<meta property=\"og:title\" content=\"TRUUSK V\u00e4xtst\u00e4ll - Set om 2 - 4 hyllor vardera - Kan kombineras eller anv\u00e4ndas separat - St\u00e5l - Gr\u00f6n - 70 x 27 x 110 cm - TRUUSK - Hem, Tr\u00e4dg\u00e5rd &amp; Fritid\" \/>\n<meta property=\"og:description\" content=\"Dina favoritv\u00e4xter f\u00f6rtj\u00e4nar sin egen, trygga plats! Dessa tv\u00e5 blomsterhyllor i fyra v\u00e5ningar har en robust st\u00e5lram som s\u00e4kerst\u00e4ller ett...\" \/>\n<meta property=\"og:url\" content=\"https:\/\/truusk.store\/sv\/produkt\/truusk-vaxtstall-set-om-2-4-hyllor-vardera-kan-kombineras-eller-anvandas-separat-stal-gron-70-x-27-x-110-cm\/\" \/>\n<meta property=\"og:site_name\" content=\"TRUUSK - Hem, Tr\u00e4dg\u00e5rd &amp; Fritid\" \/>\n<meta property=\"article:modified_time\" content=\"2026-03-12T08:10:35+00:00\" \/>\n<meta property=\"og:image\" content=\"https:\/\/i0.wp.com\/truusk.se\/wp-content\/uploads\/2024\/02\/vaxtstall-set-om-2-4-hyllor-vardera-kan-kombineras-eller-anvandas-separat-stal-gron-70-x-27-x-110-cm.webp?fit=800%2C800&ssl=1\" \/>\n\t<meta property=\"og:image:width\" content=\"800\" \/>\n\t<meta property=\"og:image:height\" content=\"800\" \/>\n\t<meta property=\"og:image:type\" content=\"image\/webp\" \/>\n<meta name=\"twitter:card\" content=\"summary_large_image\" \/>\n<meta name=\"twitter:label1\" content=\"Ber\u00e4knad l\u00e4stid\" \/>\n\t<meta name=\"twitter:data1\" content=\"1 minut\" \/>\n<!-- \/ Yoast SEO plugin. -->","yoast_head_json":{"title":"TRUUSK V\u00e4xtst\u00e4ll - Set om 2 - 4 hyllor vardera - Kan kombineras eller anv\u00e4ndas separat - St\u00e5l - Gr\u00f6n - 70 x 27 x 110 cm - TRUUSK - Hem, Tr\u00e4dg\u00e5rd &amp; Fritid","robots":{"index":"index","follow":"follow","max-snippet":"max-snippet:-1","max-image-preview":"max-image-preview:large","max-video-preview":"max-video-preview:-1"},"canonical":"https:\/\/truusk.store\/sv\/produkt\/truusk-vaxtstall-set-om-2-4-hyllor-vardera-kan-kombineras-eller-anvandas-separat-stal-gron-70-x-27-x-110-cm\/","og_locale":"sv_SE","og_type":"article","og_title":"TRUUSK V\u00e4xtst\u00e4ll - Set om 2 - 4 hyllor vardera - Kan kombineras eller anv\u00e4ndas separat - St\u00e5l - Gr\u00f6n - 70 x 27 x 110 cm - TRUUSK - Hem, Tr\u00e4dg\u00e5rd &amp; Fritid","og_description":"Dina favoritv\u00e4xter f\u00f6rtj\u00e4nar sin egen, trygga plats! Dessa tv\u00e5 blomsterhyllor i fyra v\u00e5ningar har en robust st\u00e5lram som s\u00e4kerst\u00e4ller ett...","og_url":"https:\/\/truusk.store\/sv\/produkt\/truusk-vaxtstall-set-om-2-4-hyllor-vardera-kan-kombineras-eller-anvandas-separat-stal-gron-70-x-27-x-110-cm\/","og_site_name":"TRUUSK - Hem, Tr\u00e4dg\u00e5rd &amp; Fritid","article_modified_time":"2026-03-12T08:10:35+00:00","og_image":[{"width":800,"height":800,"url":"https:\/\/i0.wp.com\/truusk.se\/wp-content\/uploads\/2024\/02\/vaxtstall-set-om-2-4-hyllor-vardera-kan-kombineras-eller-anvandas-separat-stal-gron-70-x-27-x-110-cm.webp?fit=800%2C800&ssl=1","type":"image\/webp"}],"twitter_card":"summary_large_image","twitter_misc":{"Ber\u00e4knad l\u00e4stid":"1 minut"},"schema":{"@context":"https:\/\/schema.org","@graph":[{"@type":"WebPage","@id":"https:\/\/truusk.store\/sv\/produkt\/truusk-vaxtstall-set-om-2-4-hyllor-vardera-kan-kombineras-eller-anvandas-separat-stal-gron-70-x-27-x-110-cm\/","url":"https:\/\/truusk.store\/sv\/produkt\/truusk-vaxtstall-set-om-2-4-hyllor-vardera-kan-kombineras-eller-anvandas-separat-stal-gron-70-x-27-x-110-cm\/","name":"TRUUSK V\u00e4xtst\u00e4ll - Set om 2 - 4 hyllor vardera - Kan kombineras eller anv\u00e4ndas separat - St\u00e5l - Gr\u00f6n - 70 x 27 x 110 cm - TRUUSK - Hem, Tr\u00e4dg\u00e5rd &amp; Fritid","isPartOf":{"@id":"https:\/\/truusk.store\/sv\/#website"},"primaryImageOfPage":{"@id":"https:\/\/truusk.store\/sv\/produkt\/truusk-vaxtstall-set-om-2-4-hyllor-vardera-kan-kombineras-eller-anvandas-separat-stal-gron-70-x-27-x-110-cm\/#primaryimage"},"image":{"@id":"https:\/\/truusk.store\/sv\/produkt\/truusk-vaxtstall-set-om-2-4-hyllor-vardera-kan-kombineras-eller-anvandas-separat-stal-gron-70-x-27-x-110-cm\/#primaryimage"},"thumbnailUrl":"https:\/\/i0.wp.com\/truusk.store\/wp-content\/uploads\/2024\/02\/vaxtstall-set-om-2-4-hyllor-vardera-kan-kombineras-eller-anvandas-separat-stal-gron-70-x-27-x-110-cm.webp?fit=800%2C800&ssl=1","datePublished":"2024-02-13T21:01:43+00:00","dateModified":"2026-03-12T08:10:35+00:00","breadcrumb":{"@id":"https:\/\/truusk.store\/sv\/produkt\/truusk-vaxtstall-set-om-2-4-hyllor-vardera-kan-kombineras-eller-anvandas-separat-stal-gron-70-x-27-x-110-cm\/#breadcrumb"},"inLanguage":"sv-SE","potentialAction":[{"@type":"ReadAction","target":["https:\/\/truusk.store\/sv\/produkt\/truusk-vaxtstall-set-om-2-4-hyllor-vardera-kan-kombineras-eller-anvandas-separat-stal-gron-70-x-27-x-110-cm\/"]}]},{"@type":"ImageObject","inLanguage":"sv-SE","@id":"https:\/\/truusk.store\/sv\/produkt\/truusk-vaxtstall-set-om-2-4-hyllor-vardera-kan-kombineras-eller-anvandas-separat-stal-gron-70-x-27-x-110-cm\/#primaryimage","url":"https:\/\/i0.wp.com\/truusk.store\/wp-content\/uploads\/2024\/02\/vaxtstall-set-om-2-4-hyllor-vardera-kan-kombineras-eller-anvandas-separat-stal-gron-70-x-27-x-110-cm.webp?fit=800%2C800&ssl=1","contentUrl":"https:\/\/i0.wp.com\/truusk.store\/wp-content\/uploads\/2024\/02\/vaxtstall-set-om-2-4-hyllor-vardera-kan-kombineras-eller-anvandas-separat-stal-gron-70-x-27-x-110-cm.webp?fit=800%2C800&ssl=1","width":800,"height":800,"caption":"V\u00e4xtst\u00e4ll, Set Om 2, 4 Hyllor Vardera, Kan Kombineras Eller Anv\u00e4ndas Separat, St\u00e5l, Gr\u00f6n, 70 X 27 X 110 Cm 1"},{"@type":"BreadcrumbList","@id":"https:\/\/truusk.store\/sv\/produkt\/truusk-vaxtstall-set-om-2-4-hyllor-vardera-kan-kombineras-eller-anvandas-separat-stal-gron-70-x-27-x-110-cm\/#breadcrumb","itemListElement":[{"@type":"ListItem","position":1,"name":"Home","item":"https:\/\/truusk.store\/sv\/"},{"@type":"ListItem","position":2,"name":"Shop","item":"https:\/\/truusk.store\/shop\/"},{"@type":"ListItem","position":3,"name":"TRUUSK V\u00e4xtst\u00e4ll &#8211; Set om 2 &#8211; 4 hyllor vardera &#8211; Kan kombineras eller anv\u00e4ndas separat &#8211; St\u00e5l &#8211; Gr\u00f6n &#8211; 70 x 27 x 110 cm"}]},{"@type":"WebSite","@id":"https:\/\/truusk.store\/sv\/#website","url":"https:\/\/truusk.store\/sv\/","name":"TRUUSK - Hem, Tr\u00e4dg\u00e5rd & Fritid","description":"","publisher":{"@id":"https:\/\/truusk.store\/sv\/#organization"},"potentialAction":[{"@type":"SearchAction","target":{"@type":"EntryPoint","urlTemplate":"https:\/\/truusk.store\/sv\/?s={search_term_string}"},"query-input":{"@type":"PropertyValueSpecification","valueRequired":true,"valueName":"search_term_string"}}],"inLanguage":"sv-SE"},{"@type":"Organization","@id":"https:\/\/truusk.store\/sv\/#organization","name":"TRUUSK - Hem, Tr\u00e4dg\u00e5rd & Fritid","url":"https:\/\/truusk.store\/sv\/","logo":{"@type":"ImageObject","inLanguage":"sv-SE","@id":"https:\/\/truusk.store\/sv\/#\/schema\/logo\/image\/","url":"https:\/\/i0.wp.com\/truusk.store\/wp-content\/uploads\/2026\/03\/cropped-TRUUSK.png?fit=2032%2C917&ssl=1","contentUrl":"https:\/\/i0.wp.com\/truusk.store\/wp-content\/uploads\/2026\/03\/cropped-TRUUSK.png?fit=2032%2C917&ssl=1","width":2032,"height":917,"caption":"TRUUSK - Hem, Tr\u00e4dg\u00e5rd & Fritid"},"image":{"@id":"https:\/\/truusk.store\/sv\/#\/schema\/logo\/image\/"}}]}},"jetpack_sharing_enabled":true,"_links":{"self":[{"href":"https:\/\/truusk.store\/sv\/wp-json\/wp\/v2\/product\/32510","targetHints":{"allow":["GET"]}}],"collection":[{"href":"https:\/\/truusk.store\/sv\/wp-json\/wp\/v2\/product"}],"about":[{"href":"https:\/\/truusk.store\/sv\/wp-json\/wp\/v2\/types\/product"}],"wp:featuredmedia":[{"embeddable":true,"href":"https:\/\/truusk.store\/sv\/wp-json\/wp\/v2\/media\/32511"}],"wp:attachment":[{"href":"https:\/\/truusk.store\/sv\/wp-json\/wp\/v2\/media?parent=32510"}],"wp:term":[{"taxonomy":"product_brand","embeddable":true,"href":"https:\/\/truusk.store\/sv\/wp-json\/wp\/v2\/product_brand?post=32510"},{"taxonomy":"product_cat","embeddable":true,"href":"https:\/\/truusk.store\/sv\/wp-json\/wp\/v2\/product_cat?post=32510"},{"taxonomy":"product_tag","embeddable":true,"href":"https:\/\/truusk.store\/sv\/wp-json\/wp\/v2\/product_tag?post=32510"}],"curies":[{"name":"wp","href":"https:\/\/api.w.org\/{rel}","templated":true}]}}