{"id":32520,"date":"2024-02-13T22:02:03","date_gmt":"2024-02-13T21:02:03","guid":{"rendered":"https:\/\/truusk.store\/product\/folievaxthus-walk-in-8-fonster-med-flugnat-robust-folie-stalram-6-x-3-x-2-m-gron\/"},"modified":"2026-03-12T09:10:35","modified_gmt":"2026-03-12T08:10:35","slug":"truusk-walk-in-folievaxthus-8-fonster-med-flugnat-robust-folie-stalram-6-x-3-x-2-m-gron","status":"publish","type":"product","link":"https:\/\/truusk.store\/sv\/produkt\/truusk-walk-in-folievaxthus-8-fonster-med-flugnat-robust-folie-stalram-6-x-3-x-2-m-gron\/","title":{"rendered":"TRUUSK Walk-in Foliev\u00e4xthus &#8211; 8 F\u00f6nster Med Flugn\u00e4t &#8211; Robust Folie &#8211; St\u00e5lram &#8211; 6 X 3 X 2 M &#8211; Gr\u00f6n"},"content":{"rendered":"<p>Detta foliev\u00e4xthus \u00e4r perfekt f\u00f6r alla tr\u00e4dg\u00e5rds\u00e4lskare som vill anv\u00e4nda sin gr\u00f6na tumme \u00e5ret runt! Plastv\u00e4xthuset erbjuder det skydd dina v\u00e4xter beh\u00f6ver f\u00f6r att trivas till ett s\u00e4rskilt \u00f6verkomligt pris. F\u00f6nstren med inv\u00e4ndigt n\u00e4t s\u00e4kerst\u00e4ller god ventilation, medan rulld\u00f6rren ger enkel \u00e5tkomst till interi\u00f6ren.<\/p>\n<h3>Beskrivning:<\/h3>\n<ul>\n<li>Stort foliev\u00e4xthus skyddar v\u00e4xter fr\u00e5n kyla och f\u00e5glar<\/li>\n<li>Praktiskt plastskydd f\u00f6r UV-skydd<\/li>\n<li>Den galvaniserade st\u00e5lramen s\u00e4kerst\u00e4ller styrka och stabilitet<\/li>\n<li>8 mesh f\u00f6nster f\u00f6r bra luftcirkulation<\/li>\n<li>Den upprullbara d\u00f6rren med blixtl\u00e5s ger enkel \u00e5tkomst<\/li>\n<li>Kanter f\u00f6rl\u00e4ngda med 15 cm, som \u00e4r nedgr\u00e4vda djupt i marken, s\u00e4kerst\u00e4ller filmsp\u00e4nning<\/li>\n<li>4 vindrep och 4 markstakar ing\u00e5r och ger extra stabilitet<\/li>\n<li>Montering kr\u00e4vs, det h\u00e4r f\u00f6rem\u00e5let kr\u00e4ver minst 2 personer f\u00f6r att installera<\/li>\n<\/ul>\n<h3>Teknisk data:<\/h3>\n<ul>\n<li>F\u00e4rg: gr\u00f6n<\/li>\n<li>Material: Galvaniserat st\u00e5l, PE-plast<\/li>\n<li>Totala m\u00e5tt: 600L x 300W x 200H cm<\/li>\n<li>Tr storlek: 100W x 190H cm<\/li>\n<li>F\u00f6nsterstorlek: 38L x 38W cm<\/li>\n<li>Vindt\u00e4thetsniv\u00e5: 3<\/li>\n<li>PE-kuvert: 140 g\/m<\/li>\n<li>OBS: Anv\u00e4nd inte sura jordbrukskemikalier f\u00f6r att undvika kemiska reaktioner med det alkaliska plasth\u00f6ljet som kan orsaka skada<\/li>\n<\/ul>\n<h3>Leveransens omfattning:<\/h3>\n<ul>\n<li>1 x V\u00e4xthus<\/li>\n<li>4 x draglinor<\/li>\n<li>4 x pinnar<\/li>\n<\/ul>\n","protected":false},"excerpt":{"rendered":"<p>Detta foliev\u00e4xthus \u00e4r perfekt f\u00f6r alla tr\u00e4dg\u00e5rds\u00e4lskare som vill anv\u00e4nda sin gr\u00f6na tumme \u00e5ret runt! Plastv\u00e4xthuset erbjuder det skydd dina&#8230;<\/p>\n","protected":false},"featured_media":32521,"template":"","meta":[],"product_brand":[],"product_cat":[444,435,443],"product_tag":[],"class_list":{"0":"post-32520","1":"product","2":"type-product","3":"status-publish","4":"has-post-thumbnail","6":"product_cat-filma-vaxthus","7":"product_cat-tradgard-och-terrass","8":"product_cat-vaxthus-tradgardsskotsel","10":"first","11":"instock","12":"sale","13":"taxable","14":"shipping-taxable","15":"purchasable","16":"product-type-simple"},"yoast_head":"<!-- This site is optimized with the Yoast SEO plugin v25.4 - https:\/\/yoast.com\/wordpress\/plugins\/seo\/ -->\n<title>TRUUSK Walk-in Foliev\u00e4xthus - 8 F\u00f6nster Med Flugn\u00e4t - Robust Folie - St\u00e5lram - 6 X 3 X 2 M - Gr\u00f6n - TRUUSK - Hem, Tr\u00e4dg\u00e5rd &amp; Fritid<\/title>\n<meta name=\"robots\" content=\"index, follow, max-snippet:-1, max-image-preview:large, max-video-preview:-1\" \/>\n<link rel=\"canonical\" href=\"https:\/\/truusk.store\/sv\/produkt\/truusk-walk-in-folievaxthus-8-fonster-med-flugnat-robust-folie-stalram-6-x-3-x-2-m-gron\/\" \/>\n<meta property=\"og:locale\" content=\"sv_SE\" \/>\n<meta property=\"og:type\" content=\"article\" \/>\n<meta property=\"og:title\" content=\"TRUUSK Walk-in Foliev\u00e4xthus - 8 F\u00f6nster Med Flugn\u00e4t - Robust Folie - St\u00e5lram - 6 X 3 X 2 M - Gr\u00f6n - TRUUSK - Hem, Tr\u00e4dg\u00e5rd &amp; Fritid\" \/>\n<meta property=\"og:description\" content=\"Detta foliev\u00e4xthus \u00e4r perfekt f\u00f6r alla tr\u00e4dg\u00e5rds\u00e4lskare som vill anv\u00e4nda sin gr\u00f6na tumme \u00e5ret runt! Plastv\u00e4xthuset erbjuder det skydd dina...\" \/>\n<meta property=\"og:url\" content=\"https:\/\/truusk.store\/sv\/produkt\/truusk-walk-in-folievaxthus-8-fonster-med-flugnat-robust-folie-stalram-6-x-3-x-2-m-gron\/\" \/>\n<meta property=\"og:site_name\" content=\"TRUUSK - Hem, Tr\u00e4dg\u00e5rd &amp; Fritid\" \/>\n<meta property=\"article:modified_time\" content=\"2026-03-12T08:10:35+00:00\" \/>\n<meta property=\"og:image\" content=\"https:\/\/i0.wp.com\/truusk.se\/wp-content\/uploads\/2024\/02\/folievaxthus-walk-in-8-fonster-med-flugnat-robust-folie-stalram-6-x-3-x-2-m-gron.webp?fit=800%2C800&ssl=1\" \/>\n\t<meta property=\"og:image:width\" content=\"800\" \/>\n\t<meta property=\"og:image:height\" content=\"800\" \/>\n\t<meta property=\"og:image:type\" content=\"image\/webp\" \/>\n<meta name=\"twitter:card\" content=\"summary_large_image\" \/>\n<meta name=\"twitter:label1\" content=\"Ber\u00e4knad l\u00e4stid\" \/>\n\t<meta name=\"twitter:data1\" content=\"1 minut\" \/>\n<!-- \/ Yoast SEO plugin. -->","yoast_head_json":{"title":"TRUUSK Walk-in Foliev\u00e4xthus - 8 F\u00f6nster Med Flugn\u00e4t - Robust Folie - St\u00e5lram - 6 X 3 X 2 M - Gr\u00f6n - TRUUSK - Hem, Tr\u00e4dg\u00e5rd &amp; Fritid","robots":{"index":"index","follow":"follow","max-snippet":"max-snippet:-1","max-image-preview":"max-image-preview:large","max-video-preview":"max-video-preview:-1"},"canonical":"https:\/\/truusk.store\/sv\/produkt\/truusk-walk-in-folievaxthus-8-fonster-med-flugnat-robust-folie-stalram-6-x-3-x-2-m-gron\/","og_locale":"sv_SE","og_type":"article","og_title":"TRUUSK Walk-in Foliev\u00e4xthus - 8 F\u00f6nster Med Flugn\u00e4t - Robust Folie - St\u00e5lram - 6 X 3 X 2 M - Gr\u00f6n - TRUUSK - Hem, Tr\u00e4dg\u00e5rd &amp; Fritid","og_description":"Detta foliev\u00e4xthus \u00e4r perfekt f\u00f6r alla tr\u00e4dg\u00e5rds\u00e4lskare som vill anv\u00e4nda sin gr\u00f6na tumme \u00e5ret runt! Plastv\u00e4xthuset erbjuder det skydd dina...","og_url":"https:\/\/truusk.store\/sv\/produkt\/truusk-walk-in-folievaxthus-8-fonster-med-flugnat-robust-folie-stalram-6-x-3-x-2-m-gron\/","og_site_name":"TRUUSK - Hem, Tr\u00e4dg\u00e5rd &amp; Fritid","article_modified_time":"2026-03-12T08:10:35+00:00","og_image":[{"width":800,"height":800,"url":"https:\/\/i0.wp.com\/truusk.se\/wp-content\/uploads\/2024\/02\/folievaxthus-walk-in-8-fonster-med-flugnat-robust-folie-stalram-6-x-3-x-2-m-gron.webp?fit=800%2C800&ssl=1","type":"image\/webp"}],"twitter_card":"summary_large_image","twitter_misc":{"Ber\u00e4knad l\u00e4stid":"1 minut"},"schema":{"@context":"https:\/\/schema.org","@graph":[{"@type":"WebPage","@id":"https:\/\/truusk.store\/sv\/produkt\/truusk-walk-in-folievaxthus-8-fonster-med-flugnat-robust-folie-stalram-6-x-3-x-2-m-gron\/","url":"https:\/\/truusk.store\/sv\/produkt\/truusk-walk-in-folievaxthus-8-fonster-med-flugnat-robust-folie-stalram-6-x-3-x-2-m-gron\/","name":"TRUUSK Walk-in Foliev\u00e4xthus - 8 F\u00f6nster Med Flugn\u00e4t - Robust Folie - St\u00e5lram - 6 X 3 X 2 M - Gr\u00f6n - TRUUSK - Hem, Tr\u00e4dg\u00e5rd &amp; Fritid","isPartOf":{"@id":"https:\/\/truusk.store\/sv\/#website"},"primaryImageOfPage":{"@id":"https:\/\/truusk.store\/sv\/produkt\/truusk-walk-in-folievaxthus-8-fonster-med-flugnat-robust-folie-stalram-6-x-3-x-2-m-gron\/#primaryimage"},"image":{"@id":"https:\/\/truusk.store\/sv\/produkt\/truusk-walk-in-folievaxthus-8-fonster-med-flugnat-robust-folie-stalram-6-x-3-x-2-m-gron\/#primaryimage"},"thumbnailUrl":"https:\/\/i0.wp.com\/truusk.store\/wp-content\/uploads\/2024\/02\/folievaxthus-walk-in-8-fonster-med-flugnat-robust-folie-stalram-6-x-3-x-2-m-gron.webp?fit=800%2C800&ssl=1","datePublished":"2024-02-13T21:02:03+00:00","dateModified":"2026-03-12T08:10:35+00:00","breadcrumb":{"@id":"https:\/\/truusk.store\/sv\/produkt\/truusk-walk-in-folievaxthus-8-fonster-med-flugnat-robust-folie-stalram-6-x-3-x-2-m-gron\/#breadcrumb"},"inLanguage":"sv-SE","potentialAction":[{"@type":"ReadAction","target":["https:\/\/truusk.store\/sv\/produkt\/truusk-walk-in-folievaxthus-8-fonster-med-flugnat-robust-folie-stalram-6-x-3-x-2-m-gron\/"]}]},{"@type":"ImageObject","inLanguage":"sv-SE","@id":"https:\/\/truusk.store\/sv\/produkt\/truusk-walk-in-folievaxthus-8-fonster-med-flugnat-robust-folie-stalram-6-x-3-x-2-m-gron\/#primaryimage","url":"https:\/\/i0.wp.com\/truusk.store\/wp-content\/uploads\/2024\/02\/folievaxthus-walk-in-8-fonster-med-flugnat-robust-folie-stalram-6-x-3-x-2-m-gron.webp?fit=800%2C800&ssl=1","contentUrl":"https:\/\/i0.wp.com\/truusk.store\/wp-content\/uploads\/2024\/02\/folievaxthus-walk-in-8-fonster-med-flugnat-robust-folie-stalram-6-x-3-x-2-m-gron.webp?fit=800%2C800&ssl=1","width":800,"height":800,"caption":"Foliev\u00e4xthus, Walk-in, 8 F\u00f6nster Med Flugn\u00e4t, Robust Folie, St\u00e5lram, 6 X 3 X 2 M, Gr\u00f6n 1"},{"@type":"BreadcrumbList","@id":"https:\/\/truusk.store\/sv\/produkt\/truusk-walk-in-folievaxthus-8-fonster-med-flugnat-robust-folie-stalram-6-x-3-x-2-m-gron\/#breadcrumb","itemListElement":[{"@type":"ListItem","position":1,"name":"Home","item":"https:\/\/truusk.store\/sv\/"},{"@type":"ListItem","position":2,"name":"Shop","item":"https:\/\/truusk.store\/shop\/"},{"@type":"ListItem","position":3,"name":"TRUUSK Walk-in Foliev\u00e4xthus &#8211; 8 F\u00f6nster Med Flugn\u00e4t &#8211; Robust Folie &#8211; St\u00e5lram &#8211; 6 X 3 X 2 M &#8211; Gr\u00f6n"}]},{"@type":"WebSite","@id":"https:\/\/truusk.store\/sv\/#website","url":"https:\/\/truusk.store\/sv\/","name":"TRUUSK - Hem, Tr\u00e4dg\u00e5rd & Fritid","description":"","publisher":{"@id":"https:\/\/truusk.store\/sv\/#organization"},"potentialAction":[{"@type":"SearchAction","target":{"@type":"EntryPoint","urlTemplate":"https:\/\/truusk.store\/sv\/?s={search_term_string}"},"query-input":{"@type":"PropertyValueSpecification","valueRequired":true,"valueName":"search_term_string"}}],"inLanguage":"sv-SE"},{"@type":"Organization","@id":"https:\/\/truusk.store\/sv\/#organization","name":"TRUUSK - Hem, Tr\u00e4dg\u00e5rd & Fritid","url":"https:\/\/truusk.store\/sv\/","logo":{"@type":"ImageObject","inLanguage":"sv-SE","@id":"https:\/\/truusk.store\/sv\/#\/schema\/logo\/image\/","url":"https:\/\/i0.wp.com\/truusk.store\/wp-content\/uploads\/2026\/03\/cropped-TRUUSK.png?fit=2032%2C917&ssl=1","contentUrl":"https:\/\/i0.wp.com\/truusk.store\/wp-content\/uploads\/2026\/03\/cropped-TRUUSK.png?fit=2032%2C917&ssl=1","width":2032,"height":917,"caption":"TRUUSK - Hem, Tr\u00e4dg\u00e5rd & Fritid"},"image":{"@id":"https:\/\/truusk.store\/sv\/#\/schema\/logo\/image\/"}}]}},"jetpack_sharing_enabled":true,"_links":{"self":[{"href":"https:\/\/truusk.store\/sv\/wp-json\/wp\/v2\/product\/32520","targetHints":{"allow":["GET"]}}],"collection":[{"href":"https:\/\/truusk.store\/sv\/wp-json\/wp\/v2\/product"}],"about":[{"href":"https:\/\/truusk.store\/sv\/wp-json\/wp\/v2\/types\/product"}],"wp:featuredmedia":[{"embeddable":true,"href":"https:\/\/truusk.store\/sv\/wp-json\/wp\/v2\/media\/32521"}],"wp:attachment":[{"href":"https:\/\/truusk.store\/sv\/wp-json\/wp\/v2\/media?parent=32520"}],"wp:term":[{"taxonomy":"product_brand","embeddable":true,"href":"https:\/\/truusk.store\/sv\/wp-json\/wp\/v2\/product_brand?post=32520"},{"taxonomy":"product_cat","embeddable":true,"href":"https:\/\/truusk.store\/sv\/wp-json\/wp\/v2\/product_cat?post=32520"},{"taxonomy":"product_tag","embeddable":true,"href":"https:\/\/truusk.store\/sv\/wp-json\/wp\/v2\/product_tag?post=32520"}],"curies":[{"name":"wp","href":"https:\/\/api.w.org\/{rel}","templated":true}]}}