{"id":32557,"date":"2024-02-13T22:03:55","date_gmt":"2024-02-13T21:03:55","guid":{"rendered":"https:\/\/truusk.store\/product\/10l-4-i-1-mobil-luftkonditionering-med-befuktning-vattenkylning-luftkonditionering-luftkylare-8h-timer-fjarrkontroll-anvandningsrum-20-60w-abs-vit-svart-382-x-316-x-76-cm\/"},"modified":"2026-03-12T09:10:36","modified_gmt":"2026-03-12T08:10:36","slug":"truusk-4-i-1-luftkonditionering-med-befuktning-och-vattenkylning-10l-tank-8h-timer-fjarrkontroll-for-rum-upp-till-20-kvm","status":"publish","type":"product","link":"https:\/\/truusk.store\/sv\/produkt\/truusk-4-i-1-luftkonditionering-med-befuktning-och-vattenkylning-10l-tank-8h-timer-fjarrkontroll-for-rum-upp-till-20-kvm\/","title":{"rendered":"TRUUSK 4-i-1 Luftkonditionering med Befuktning och Vattenkylning &#8211; 10L Tank &#8211; 8h Timer &#8211; Fj\u00e4rrkontroll &#8211; F\u00f6r Rum upp till 20 kvm"},"content":{"rendered":"<p>H\u00e5ll dig svalt i sommar med denna luftkonditionering. Kylluftkonditioneringen \u00e4r utrustad med radiatorer s\u00e5 att du kan kyla luften och g\u00f6ra den fr\u00e4schare. V\u00e4xla mellan l\u00e5ga, medelh\u00f6ga och h\u00f6ga hastigheter och mellan normalt, naturligt och vilol\u00e4ge f\u00f6r att justera systemet efter din smak. Sl\u00e4pp in sval friskhet i ditt hem med v\u00e5r praktiska luftkonditioneringsenhet!<\/p>\n<h3>Beskrivning:<\/h3>\n<ul>\n<li>4 funktioner som kan anv\u00e4ndas oberoende: ventilation, iskylning, befuktning och jonisering<\/li>\n<li>Unik kylteknik med radiatorer f\u00f6r kallare luft<\/li>\n<li>Joniseringsfunktionen g\u00f6r rumsluften extra fr\u00e4sch<\/li>\n<li>3 l\u00e4gen: normal, naturlig och s\u00f6mn. 3 hastigheter: l\u00e5g, medel och h\u00f6g<\/li>\n<li>Panoreringsfunktion f\u00f6r att t\u00e4cka ett stort omr\u00e5de<\/li>\n<li>8-timmars timer som kan st\u00e4llas in i 1-timmesintervaller, perfekt f\u00f6r att sova p\u00e5 natten<\/li>\n<li>LED-panelen visar temperatur, hastighet, l\u00e4gen, vridningsalternativ, timer, kylning och jonisering<\/li>\n<li>2 kontrollalternativ: manuell eller fj\u00e4rrkontroll<\/li>\n<li>Smidigt l\u00f6pande hjul f\u00f6r h\u00f6g r\u00f6rlighet<\/li>\n<li>Stor 10 liters vattentank f\u00f6rhindrar konstant p\u00e5fyllning av vatten<\/li>\n<li>Avtagbart bakstycke g\u00f6r det enkelt att reng\u00f6ra filter<\/li>\n<li>Montering kr\u00e4vs<\/li>\n<\/ul>\n<h3>Teknisk data:<\/h3>\n<ul>\n<li>F\u00e4rg vit<\/li>\n<li>Material: ABS<\/li>\n<li>\u00d6vergripande m\u00e5tt: 38,2B x 31,6L x 76H cm<\/li>\n<li>Vattentank: 10 L<\/li>\n<li>N\u00e4tsladdl\u00e4ngd: 1,5 m<\/li>\n<li>L\u00e4mplig f\u00f6r utrymme: 20<\/li>\n<li>Sp\u00e4nning: 220-240V\/50HZ<\/li>\n<li>Effekt: 60W<\/li>\n<li>Batteri: (fj\u00e4rrkontroll) CR2025 knappbatteri, ing\u00e5r ej<\/li>\n<\/ul>\n<h3>Leveransens omfattning:<\/h3>\n<ul>\n<li>1 x luftkylare<\/li>\n<li>2 x isl\u00e5da<\/li>\n<li>1 x Instruktioner<\/li>\n<\/ul>\n","protected":false},"excerpt":{"rendered":"<p>H\u00e5ll dig svalt i sommar med denna luftkonditionering. Kylluftkonditioneringen \u00e4r utrustad med radiatorer s\u00e5 att du kan kyla luften och&#8230;<\/p>\n","protected":false},"featured_media":32558,"template":"","meta":[],"product_brand":[],"product_cat":[697,671,696],"product_tag":[],"class_list":{"0":"post-32557","1":"product","2":"type-product","3":"status-publish","4":"has-post-thumbnail","6":"product_cat-flaktar-och-luftkonditioneringsapparater","7":"product_cat-jarnaffar","8":"product_cat-luftkonditionering-och-flaktar","10":"first","11":"instock","12":"sale","13":"taxable","14":"shipping-taxable","15":"purchasable","16":"product-type-simple"},"yoast_head":"<!-- This site is optimized with the Yoast SEO plugin v25.4 - https:\/\/yoast.com\/wordpress\/plugins\/seo\/ -->\n<title>TRUUSK 4-i-1 Luftkonditionering med Befuktning och Vattenkylning - 10L Tank - 8h Timer - Fj\u00e4rrkontroll - F\u00f6r Rum upp till 20 kvm - TRUUSK - Hem, Tr\u00e4dg\u00e5rd &amp; Fritid<\/title>\n<meta name=\"robots\" content=\"index, follow, max-snippet:-1, max-image-preview:large, max-video-preview:-1\" \/>\n<link rel=\"canonical\" href=\"https:\/\/truusk.store\/sv\/produkt\/truusk-4-i-1-luftkonditionering-med-befuktning-och-vattenkylning-10l-tank-8h-timer-fjarrkontroll-for-rum-upp-till-20-kvm\/\" \/>\n<meta property=\"og:locale\" content=\"sv_SE\" \/>\n<meta property=\"og:type\" content=\"article\" \/>\n<meta property=\"og:title\" content=\"TRUUSK 4-i-1 Luftkonditionering med Befuktning och Vattenkylning - 10L Tank - 8h Timer - Fj\u00e4rrkontroll - F\u00f6r Rum upp till 20 kvm - TRUUSK - Hem, Tr\u00e4dg\u00e5rd &amp; Fritid\" \/>\n<meta property=\"og:description\" content=\"H\u00e5ll dig svalt i sommar med denna luftkonditionering. Kylluftkonditioneringen \u00e4r utrustad med radiatorer s\u00e5 att du kan kyla luften och...\" \/>\n<meta property=\"og:url\" content=\"https:\/\/truusk.store\/sv\/produkt\/truusk-4-i-1-luftkonditionering-med-befuktning-och-vattenkylning-10l-tank-8h-timer-fjarrkontroll-for-rum-upp-till-20-kvm\/\" \/>\n<meta property=\"og:site_name\" content=\"TRUUSK - Hem, Tr\u00e4dg\u00e5rd &amp; Fritid\" \/>\n<meta property=\"article:modified_time\" content=\"2026-03-12T08:10:36+00:00\" \/>\n<meta property=\"og:image\" content=\"https:\/\/i0.wp.com\/truusk.se\/wp-content\/uploads\/2024\/02\/10l-4-i-1-mobil-luftkonditionering-med-befuktning-vattenkylning-luftkonditionering-luftkylare-8h-timer-fjarrkontroll-anvandningsrum-20-60w-abs-vit-svart-382-x-316-x-76-cm.webp?fit=800%2C800&ssl=1\" \/>\n\t<meta property=\"og:image:width\" content=\"800\" \/>\n\t<meta property=\"og:image:height\" content=\"800\" \/>\n\t<meta property=\"og:image:type\" content=\"image\/webp\" \/>\n<meta name=\"twitter:card\" content=\"summary_large_image\" \/>\n<meta name=\"twitter:label1\" content=\"Ber\u00e4knad l\u00e4stid\" \/>\n\t<meta name=\"twitter:data1\" content=\"1 minut\" \/>\n<!-- \/ Yoast SEO plugin. -->","yoast_head_json":{"title":"TRUUSK 4-i-1 Luftkonditionering med Befuktning och Vattenkylning - 10L Tank - 8h Timer - Fj\u00e4rrkontroll - F\u00f6r Rum upp till 20 kvm - TRUUSK - Hem, Tr\u00e4dg\u00e5rd &amp; Fritid","robots":{"index":"index","follow":"follow","max-snippet":"max-snippet:-1","max-image-preview":"max-image-preview:large","max-video-preview":"max-video-preview:-1"},"canonical":"https:\/\/truusk.store\/sv\/produkt\/truusk-4-i-1-luftkonditionering-med-befuktning-och-vattenkylning-10l-tank-8h-timer-fjarrkontroll-for-rum-upp-till-20-kvm\/","og_locale":"sv_SE","og_type":"article","og_title":"TRUUSK 4-i-1 Luftkonditionering med Befuktning och Vattenkylning - 10L Tank - 8h Timer - Fj\u00e4rrkontroll - F\u00f6r Rum upp till 20 kvm - TRUUSK - Hem, Tr\u00e4dg\u00e5rd &amp; Fritid","og_description":"H\u00e5ll dig svalt i sommar med denna luftkonditionering. Kylluftkonditioneringen \u00e4r utrustad med radiatorer s\u00e5 att du kan kyla luften och...","og_url":"https:\/\/truusk.store\/sv\/produkt\/truusk-4-i-1-luftkonditionering-med-befuktning-och-vattenkylning-10l-tank-8h-timer-fjarrkontroll-for-rum-upp-till-20-kvm\/","og_site_name":"TRUUSK - Hem, Tr\u00e4dg\u00e5rd &amp; Fritid","article_modified_time":"2026-03-12T08:10:36+00:00","og_image":[{"width":800,"height":800,"url":"https:\/\/i0.wp.com\/truusk.se\/wp-content\/uploads\/2024\/02\/10l-4-i-1-mobil-luftkonditionering-med-befuktning-vattenkylning-luftkonditionering-luftkylare-8h-timer-fjarrkontroll-anvandningsrum-20-60w-abs-vit-svart-382-x-316-x-76-cm.webp?fit=800%2C800&ssl=1","type":"image\/webp"}],"twitter_card":"summary_large_image","twitter_misc":{"Ber\u00e4knad l\u00e4stid":"1 minut"},"schema":{"@context":"https:\/\/schema.org","@graph":[{"@type":"WebPage","@id":"https:\/\/truusk.store\/sv\/produkt\/truusk-4-i-1-luftkonditionering-med-befuktning-och-vattenkylning-10l-tank-8h-timer-fjarrkontroll-for-rum-upp-till-20-kvm\/","url":"https:\/\/truusk.store\/sv\/produkt\/truusk-4-i-1-luftkonditionering-med-befuktning-och-vattenkylning-10l-tank-8h-timer-fjarrkontroll-for-rum-upp-till-20-kvm\/","name":"TRUUSK 4-i-1 Luftkonditionering med Befuktning och Vattenkylning - 10L Tank - 8h Timer - Fj\u00e4rrkontroll - F\u00f6r Rum upp till 20 kvm - TRUUSK - Hem, Tr\u00e4dg\u00e5rd &amp; Fritid","isPartOf":{"@id":"https:\/\/truusk.store\/sv\/#website"},"primaryImageOfPage":{"@id":"https:\/\/truusk.store\/sv\/produkt\/truusk-4-i-1-luftkonditionering-med-befuktning-och-vattenkylning-10l-tank-8h-timer-fjarrkontroll-for-rum-upp-till-20-kvm\/#primaryimage"},"image":{"@id":"https:\/\/truusk.store\/sv\/produkt\/truusk-4-i-1-luftkonditionering-med-befuktning-och-vattenkylning-10l-tank-8h-timer-fjarrkontroll-for-rum-upp-till-20-kvm\/#primaryimage"},"thumbnailUrl":"https:\/\/i0.wp.com\/truusk.store\/wp-content\/uploads\/2024\/02\/10l-4-i-1-mobil-luftkonditionering-med-befuktning-vattenkylning-luftkonditionering-luftkylare-8h-timer-fjarrkontroll-anvandningsrum-20-60w-abs-vit-svart-382-x-316-x-76-cm.webp?fit=800%2C800&ssl=1","datePublished":"2024-02-13T21:03:55+00:00","dateModified":"2026-03-12T08:10:36+00:00","breadcrumb":{"@id":"https:\/\/truusk.store\/sv\/produkt\/truusk-4-i-1-luftkonditionering-med-befuktning-och-vattenkylning-10l-tank-8h-timer-fjarrkontroll-for-rum-upp-till-20-kvm\/#breadcrumb"},"inLanguage":"sv-SE","potentialAction":[{"@type":"ReadAction","target":["https:\/\/truusk.store\/sv\/produkt\/truusk-4-i-1-luftkonditionering-med-befuktning-och-vattenkylning-10l-tank-8h-timer-fjarrkontroll-for-rum-upp-till-20-kvm\/"]}]},{"@type":"ImageObject","inLanguage":"sv-SE","@id":"https:\/\/truusk.store\/sv\/produkt\/truusk-4-i-1-luftkonditionering-med-befuktning-och-vattenkylning-10l-tank-8h-timer-fjarrkontroll-for-rum-upp-till-20-kvm\/#primaryimage","url":"https:\/\/i0.wp.com\/truusk.store\/wp-content\/uploads\/2024\/02\/10l-4-i-1-mobil-luftkonditionering-med-befuktning-vattenkylning-luftkonditionering-luftkylare-8h-timer-fjarrkontroll-anvandningsrum-20-60w-abs-vit-svart-382-x-316-x-76-cm.webp?fit=800%2C800&ssl=1","contentUrl":"https:\/\/i0.wp.com\/truusk.store\/wp-content\/uploads\/2024\/02\/10l-4-i-1-mobil-luftkonditionering-med-befuktning-vattenkylning-luftkonditionering-luftkylare-8h-timer-fjarrkontroll-anvandningsrum-20-60w-abs-vit-svart-382-x-316-x-76-cm.webp?fit=800%2C800&ssl=1","width":800,"height":800,"caption":"10L 4 I 1 Mobil Luftkonditionering Med Befuktning Vattenkylning Luftkonditionering Luftkylare 8h Timer Fj\u00e4rrkontroll Anv\u00e4ndningsrum 20 60W ABS Vit + Svart 38,2 X 31,6 X 76 Cm 1"},{"@type":"BreadcrumbList","@id":"https:\/\/truusk.store\/sv\/produkt\/truusk-4-i-1-luftkonditionering-med-befuktning-och-vattenkylning-10l-tank-8h-timer-fjarrkontroll-for-rum-upp-till-20-kvm\/#breadcrumb","itemListElement":[{"@type":"ListItem","position":1,"name":"Home","item":"https:\/\/truusk.store\/sv\/"},{"@type":"ListItem","position":2,"name":"Shop","item":"https:\/\/truusk.store\/shop\/"},{"@type":"ListItem","position":3,"name":"TRUUSK 4-i-1 Luftkonditionering med Befuktning och Vattenkylning &#8211; 10L Tank &#8211; 8h Timer &#8211; Fj\u00e4rrkontroll &#8211; F\u00f6r Rum upp till 20 kvm"}]},{"@type":"WebSite","@id":"https:\/\/truusk.store\/sv\/#website","url":"https:\/\/truusk.store\/sv\/","name":"TRUUSK - Hem, Tr\u00e4dg\u00e5rd & Fritid","description":"","publisher":{"@id":"https:\/\/truusk.store\/sv\/#organization"},"potentialAction":[{"@type":"SearchAction","target":{"@type":"EntryPoint","urlTemplate":"https:\/\/truusk.store\/sv\/?s={search_term_string}"},"query-input":{"@type":"PropertyValueSpecification","valueRequired":true,"valueName":"search_term_string"}}],"inLanguage":"sv-SE"},{"@type":"Organization","@id":"https:\/\/truusk.store\/sv\/#organization","name":"TRUUSK - Hem, Tr\u00e4dg\u00e5rd & Fritid","url":"https:\/\/truusk.store\/sv\/","logo":{"@type":"ImageObject","inLanguage":"sv-SE","@id":"https:\/\/truusk.store\/sv\/#\/schema\/logo\/image\/","url":"https:\/\/i0.wp.com\/truusk.store\/wp-content\/uploads\/2026\/03\/cropped-TRUUSK.png?fit=2032%2C917&ssl=1","contentUrl":"https:\/\/i0.wp.com\/truusk.store\/wp-content\/uploads\/2026\/03\/cropped-TRUUSK.png?fit=2032%2C917&ssl=1","width":2032,"height":917,"caption":"TRUUSK - Hem, Tr\u00e4dg\u00e5rd & Fritid"},"image":{"@id":"https:\/\/truusk.store\/sv\/#\/schema\/logo\/image\/"}}]}},"jetpack_sharing_enabled":true,"_links":{"self":[{"href":"https:\/\/truusk.store\/sv\/wp-json\/wp\/v2\/product\/32557","targetHints":{"allow":["GET"]}}],"collection":[{"href":"https:\/\/truusk.store\/sv\/wp-json\/wp\/v2\/product"}],"about":[{"href":"https:\/\/truusk.store\/sv\/wp-json\/wp\/v2\/types\/product"}],"wp:featuredmedia":[{"embeddable":true,"href":"https:\/\/truusk.store\/sv\/wp-json\/wp\/v2\/media\/32558"}],"wp:attachment":[{"href":"https:\/\/truusk.store\/sv\/wp-json\/wp\/v2\/media?parent=32557"}],"wp:term":[{"taxonomy":"product_brand","embeddable":true,"href":"https:\/\/truusk.store\/sv\/wp-json\/wp\/v2\/product_brand?post=32557"},{"taxonomy":"product_cat","embeddable":true,"href":"https:\/\/truusk.store\/sv\/wp-json\/wp\/v2\/product_cat?post=32557"},{"taxonomy":"product_tag","embeddable":true,"href":"https:\/\/truusk.store\/sv\/wp-json\/wp\/v2\/product_tag?post=32557"}],"curies":[{"name":"wp","href":"https:\/\/api.w.org\/{rel}","templated":true}]}}