{"id":32608,"date":"2024-02-13T22:05:53","date_gmt":"2024-02-13T21:05:53","guid":{"rendered":"https:\/\/truusk.store\/product\/tunnelvaxthus-walk-in-rullvaggar-dragkedja-ram-i-galvaniserad-stal-4-x-3-x-2-m-vit\/"},"modified":"2026-03-12T09:10:37","modified_gmt":"2026-03-12T08:10:37","slug":"truusk-tunnelvaxthus-walk-in-med-rullvaggar-dragkedja-ram-i-galvaniserad-stal-4x3x2-m-vit","status":"publish","type":"product","link":"https:\/\/truusk.store\/sv\/produkt\/truusk-tunnelvaxthus-walk-in-med-rullvaggar-dragkedja-ram-i-galvaniserad-stal-4x3x2-m-vit\/","title":{"rendered":"TRUUSK Tunnelv\u00e4xthus &#8211; Walk-in med Rullv\u00e4ggar &#8211; Dragkedja &#8211; Ram i Galvaniserad St\u00e5l &#8211; 4x3x2 M &#8211; Vit"},"content":{"rendered":"<p>Ett paradis f\u00f6r alla hobby- och professionella tr\u00e4dg\u00e5rdsm\u00e4stare: V\u00e5rt walk-in tunnelv\u00e4xthus erbjuder dig gott om utrymme och optimala f\u00f6ruts\u00e4ttningar f\u00f6r dina gr\u00f6na favoriter att trivas. Tack vare den rymliga interi\u00f6ren kan du \u00e4ven s\u00e4tta upp hyllor eller upph\u00f6jda s\u00e4ngar. Den galvaniserade st\u00e5lramen garanterar ett stadigt grepp, medan den halvtransparenta, mogna filmen inte bara till\u00e5ter h\u00f6genergiskt solljus att passera igenom, utan ocks\u00e5 skyddar dina v\u00e4xter fr\u00e5n djur och kyla.<\/p>\n<h3>Beskrivning:<\/h3>\n<ul>\n<li>Walk-in tunnelv\u00e4xthus: gott om plats f\u00f6r att s\u00e4kert odla en m\u00e4ngd olika v\u00e4xter<\/li>\n<li>Plastfilmen \u00e4r slitstark, med 15 cm f\u00f6rl\u00e4ngda kanter f\u00f6r att gr\u00e4va ner i marken<\/li>\n<li>Stabil galvaniserad st\u00e5lram<\/li>\n<li>Tv\u00e5 hopf\u00e4llbara sidor och \u00e5tta f\u00f6nster f\u00f6r ventilation<\/li>\n<li>En rulld\u00f6rr med dragkedja f\u00f6r enkel \u00e5tkomst<\/li>\n<li>Montering kr\u00e4vs, 4x sp\u00e4nnkablar och 4x jordspetsar ing\u00e5r<\/li>\n<\/ul>\n<h3>Teknisk data:<\/h3>\n<ul>\n<li>F\u00e4rg: gr\u00f6n<\/li>\n<li>Material: Galvaniserat st\u00e5l, PE<\/li>\n<li>\u00d6vergripande m\u00e5tt: 397L x 302W x 200H cm<\/li>\n<li>Ytterd\u00f6rrens m\u00e5tt: 174W x 165H cm<\/li>\n<li>M\u00e5tt p\u00e5 sidod\u00f6rr: 380W x 170H cm<\/li>\n<li>M\u00e5tt per f\u00f6nster: 46L x 36W cm<\/li>\n<li>Vindmotst\u00e5ndsniv\u00e5: 4<\/li>\n<li>ANTECKNING 1. Anv\u00e4nd inte sura jordbrukskemikalier f\u00f6r att undvika kemiska reaktioner med det alkaliska PE-h\u00f6ljet, vilket kan orsaka brott<\/li>\n<li>2. Inte l\u00e4mplig f\u00f6r d\u00e5liga v\u00e4derf\u00f6rh\u00e5llanden<\/li>\n<\/ul>\n<h3>Leveransens omfattning:<\/h3>\n<ul>\n<li>1 x V\u00e4xthus<\/li>\n<li>4 x Sp\u00e4nnlina<\/li>\n<li>4 x markspetsar<\/li>\n<\/ul>\n","protected":false},"excerpt":{"rendered":"<p>Ett paradis f\u00f6r alla hobby- och professionella tr\u00e4dg\u00e5rdsm\u00e4stare: V\u00e5rt walk-in tunnelv\u00e4xthus erbjuder dig gott om utrymme och optimala f\u00f6ruts\u00e4ttningar f\u00f6r&#8230;<\/p>\n","protected":false},"featured_media":32609,"template":"","meta":[],"product_brand":[],"product_cat":[444,435,443],"product_tag":[],"class_list":{"0":"post-32608","1":"product","2":"type-product","3":"status-publish","4":"has-post-thumbnail","6":"product_cat-filma-vaxthus","7":"product_cat-tradgard-och-terrass","8":"product_cat-vaxthus-tradgardsskotsel","10":"first","11":"instock","12":"sale","13":"taxable","14":"shipping-taxable","15":"purchasable","16":"product-type-simple"},"yoast_head":"<!-- This site is optimized with the Yoast SEO plugin v25.4 - https:\/\/yoast.com\/wordpress\/plugins\/seo\/ -->\n<title>TRUUSK Tunnelv\u00e4xthus - Walk-in med Rullv\u00e4ggar - Dragkedja - Ram i Galvaniserad St\u00e5l - 4x3x2 M - Vit - TRUUSK - Hem, Tr\u00e4dg\u00e5rd &amp; Fritid<\/title>\n<meta name=\"robots\" content=\"index, follow, max-snippet:-1, max-image-preview:large, max-video-preview:-1\" \/>\n<link rel=\"canonical\" href=\"https:\/\/truusk.store\/sv\/produkt\/truusk-tunnelvaxthus-walk-in-med-rullvaggar-dragkedja-ram-i-galvaniserad-stal-4x3x2-m-vit\/\" \/>\n<meta property=\"og:locale\" content=\"sv_SE\" \/>\n<meta property=\"og:type\" content=\"article\" \/>\n<meta property=\"og:title\" content=\"TRUUSK Tunnelv\u00e4xthus - Walk-in med Rullv\u00e4ggar - Dragkedja - Ram i Galvaniserad St\u00e5l - 4x3x2 M - Vit - TRUUSK - Hem, Tr\u00e4dg\u00e5rd &amp; Fritid\" \/>\n<meta property=\"og:description\" content=\"Ett paradis f\u00f6r alla hobby- och professionella tr\u00e4dg\u00e5rdsm\u00e4stare: V\u00e5rt walk-in tunnelv\u00e4xthus erbjuder dig gott om utrymme och optimala f\u00f6ruts\u00e4ttningar f\u00f6r...\" \/>\n<meta property=\"og:url\" content=\"https:\/\/truusk.store\/sv\/produkt\/truusk-tunnelvaxthus-walk-in-med-rullvaggar-dragkedja-ram-i-galvaniserad-stal-4x3x2-m-vit\/\" \/>\n<meta property=\"og:site_name\" content=\"TRUUSK - Hem, Tr\u00e4dg\u00e5rd &amp; Fritid\" \/>\n<meta property=\"article:modified_time\" content=\"2026-03-12T08:10:37+00:00\" \/>\n<meta property=\"og:image\" content=\"https:\/\/i0.wp.com\/truusk.se\/wp-content\/uploads\/2024\/02\/tunnelvaxthus-walk-in-rullvaggar-dragkedja-ram-i-galvaniserad-stal-4-x-3-x-2-m-vit.webp?fit=800%2C800&ssl=1\" \/>\n\t<meta property=\"og:image:width\" content=\"800\" \/>\n\t<meta property=\"og:image:height\" content=\"800\" \/>\n\t<meta property=\"og:image:type\" content=\"image\/webp\" \/>\n<meta name=\"twitter:card\" content=\"summary_large_image\" \/>\n<meta name=\"twitter:label1\" content=\"Ber\u00e4knad l\u00e4stid\" \/>\n\t<meta name=\"twitter:data1\" content=\"1 minut\" \/>\n<!-- \/ Yoast SEO plugin. -->","yoast_head_json":{"title":"TRUUSK Tunnelv\u00e4xthus - Walk-in med Rullv\u00e4ggar - Dragkedja - Ram i Galvaniserad St\u00e5l - 4x3x2 M - Vit - TRUUSK - Hem, Tr\u00e4dg\u00e5rd &amp; Fritid","robots":{"index":"index","follow":"follow","max-snippet":"max-snippet:-1","max-image-preview":"max-image-preview:large","max-video-preview":"max-video-preview:-1"},"canonical":"https:\/\/truusk.store\/sv\/produkt\/truusk-tunnelvaxthus-walk-in-med-rullvaggar-dragkedja-ram-i-galvaniserad-stal-4x3x2-m-vit\/","og_locale":"sv_SE","og_type":"article","og_title":"TRUUSK Tunnelv\u00e4xthus - Walk-in med Rullv\u00e4ggar - Dragkedja - Ram i Galvaniserad St\u00e5l - 4x3x2 M - Vit - TRUUSK - Hem, Tr\u00e4dg\u00e5rd &amp; Fritid","og_description":"Ett paradis f\u00f6r alla hobby- och professionella tr\u00e4dg\u00e5rdsm\u00e4stare: V\u00e5rt walk-in tunnelv\u00e4xthus erbjuder dig gott om utrymme och optimala f\u00f6ruts\u00e4ttningar f\u00f6r...","og_url":"https:\/\/truusk.store\/sv\/produkt\/truusk-tunnelvaxthus-walk-in-med-rullvaggar-dragkedja-ram-i-galvaniserad-stal-4x3x2-m-vit\/","og_site_name":"TRUUSK - Hem, Tr\u00e4dg\u00e5rd &amp; Fritid","article_modified_time":"2026-03-12T08:10:37+00:00","og_image":[{"width":800,"height":800,"url":"https:\/\/i0.wp.com\/truusk.se\/wp-content\/uploads\/2024\/02\/tunnelvaxthus-walk-in-rullvaggar-dragkedja-ram-i-galvaniserad-stal-4-x-3-x-2-m-vit.webp?fit=800%2C800&ssl=1","type":"image\/webp"}],"twitter_card":"summary_large_image","twitter_misc":{"Ber\u00e4knad l\u00e4stid":"1 minut"},"schema":{"@context":"https:\/\/schema.org","@graph":[{"@type":"WebPage","@id":"https:\/\/truusk.store\/sv\/produkt\/truusk-tunnelvaxthus-walk-in-med-rullvaggar-dragkedja-ram-i-galvaniserad-stal-4x3x2-m-vit\/","url":"https:\/\/truusk.store\/sv\/produkt\/truusk-tunnelvaxthus-walk-in-med-rullvaggar-dragkedja-ram-i-galvaniserad-stal-4x3x2-m-vit\/","name":"TRUUSK Tunnelv\u00e4xthus - Walk-in med Rullv\u00e4ggar - Dragkedja - Ram i Galvaniserad St\u00e5l - 4x3x2 M - Vit - TRUUSK - Hem, Tr\u00e4dg\u00e5rd &amp; Fritid","isPartOf":{"@id":"https:\/\/truusk.store\/sv\/#website"},"primaryImageOfPage":{"@id":"https:\/\/truusk.store\/sv\/produkt\/truusk-tunnelvaxthus-walk-in-med-rullvaggar-dragkedja-ram-i-galvaniserad-stal-4x3x2-m-vit\/#primaryimage"},"image":{"@id":"https:\/\/truusk.store\/sv\/produkt\/truusk-tunnelvaxthus-walk-in-med-rullvaggar-dragkedja-ram-i-galvaniserad-stal-4x3x2-m-vit\/#primaryimage"},"thumbnailUrl":"https:\/\/i0.wp.com\/truusk.store\/wp-content\/uploads\/2024\/02\/tunnelvaxthus-walk-in-rullvaggar-dragkedja-ram-i-galvaniserad-stal-4-x-3-x-2-m-vit.webp?fit=800%2C800&ssl=1","datePublished":"2024-02-13T21:05:53+00:00","dateModified":"2026-03-12T08:10:37+00:00","breadcrumb":{"@id":"https:\/\/truusk.store\/sv\/produkt\/truusk-tunnelvaxthus-walk-in-med-rullvaggar-dragkedja-ram-i-galvaniserad-stal-4x3x2-m-vit\/#breadcrumb"},"inLanguage":"sv-SE","potentialAction":[{"@type":"ReadAction","target":["https:\/\/truusk.store\/sv\/produkt\/truusk-tunnelvaxthus-walk-in-med-rullvaggar-dragkedja-ram-i-galvaniserad-stal-4x3x2-m-vit\/"]}]},{"@type":"ImageObject","inLanguage":"sv-SE","@id":"https:\/\/truusk.store\/sv\/produkt\/truusk-tunnelvaxthus-walk-in-med-rullvaggar-dragkedja-ram-i-galvaniserad-stal-4x3x2-m-vit\/#primaryimage","url":"https:\/\/i0.wp.com\/truusk.store\/wp-content\/uploads\/2024\/02\/tunnelvaxthus-walk-in-rullvaggar-dragkedja-ram-i-galvaniserad-stal-4-x-3-x-2-m-vit.webp?fit=800%2C800&ssl=1","contentUrl":"https:\/\/i0.wp.com\/truusk.store\/wp-content\/uploads\/2024\/02\/tunnelvaxthus-walk-in-rullvaggar-dragkedja-ram-i-galvaniserad-stal-4-x-3-x-2-m-vit.webp?fit=800%2C800&ssl=1","width":800,"height":800,"caption":"Tunnelv\u00e4xthus, Walk-in, Rullv\u00e4ggar, Dragkedja, Ram I Galvaniserad St\u00e5l, 4 X 3 X 2 M, Vit 1"},{"@type":"BreadcrumbList","@id":"https:\/\/truusk.store\/sv\/produkt\/truusk-tunnelvaxthus-walk-in-med-rullvaggar-dragkedja-ram-i-galvaniserad-stal-4x3x2-m-vit\/#breadcrumb","itemListElement":[{"@type":"ListItem","position":1,"name":"Home","item":"https:\/\/truusk.store\/sv\/"},{"@type":"ListItem","position":2,"name":"Shop","item":"https:\/\/truusk.store\/shop\/"},{"@type":"ListItem","position":3,"name":"TRUUSK Tunnelv\u00e4xthus &#8211; Walk-in med Rullv\u00e4ggar &#8211; Dragkedja &#8211; Ram i Galvaniserad St\u00e5l &#8211; 4x3x2 M &#8211; Vit"}]},{"@type":"WebSite","@id":"https:\/\/truusk.store\/sv\/#website","url":"https:\/\/truusk.store\/sv\/","name":"TRUUSK - Hem, Tr\u00e4dg\u00e5rd & Fritid","description":"","publisher":{"@id":"https:\/\/truusk.store\/sv\/#organization"},"potentialAction":[{"@type":"SearchAction","target":{"@type":"EntryPoint","urlTemplate":"https:\/\/truusk.store\/sv\/?s={search_term_string}"},"query-input":{"@type":"PropertyValueSpecification","valueRequired":true,"valueName":"search_term_string"}}],"inLanguage":"sv-SE"},{"@type":"Organization","@id":"https:\/\/truusk.store\/sv\/#organization","name":"TRUUSK - Hem, Tr\u00e4dg\u00e5rd & Fritid","url":"https:\/\/truusk.store\/sv\/","logo":{"@type":"ImageObject","inLanguage":"sv-SE","@id":"https:\/\/truusk.store\/sv\/#\/schema\/logo\/image\/","url":"https:\/\/i0.wp.com\/truusk.store\/wp-content\/uploads\/2026\/03\/cropped-TRUUSK.png?fit=2032%2C917&ssl=1","contentUrl":"https:\/\/i0.wp.com\/truusk.store\/wp-content\/uploads\/2026\/03\/cropped-TRUUSK.png?fit=2032%2C917&ssl=1","width":2032,"height":917,"caption":"TRUUSK - Hem, Tr\u00e4dg\u00e5rd & Fritid"},"image":{"@id":"https:\/\/truusk.store\/sv\/#\/schema\/logo\/image\/"}}]}},"jetpack_sharing_enabled":true,"_links":{"self":[{"href":"https:\/\/truusk.store\/sv\/wp-json\/wp\/v2\/product\/32608","targetHints":{"allow":["GET"]}}],"collection":[{"href":"https:\/\/truusk.store\/sv\/wp-json\/wp\/v2\/product"}],"about":[{"href":"https:\/\/truusk.store\/sv\/wp-json\/wp\/v2\/types\/product"}],"wp:featuredmedia":[{"embeddable":true,"href":"https:\/\/truusk.store\/sv\/wp-json\/wp\/v2\/media\/32609"}],"wp:attachment":[{"href":"https:\/\/truusk.store\/sv\/wp-json\/wp\/v2\/media?parent=32608"}],"wp:term":[{"taxonomy":"product_brand","embeddable":true,"href":"https:\/\/truusk.store\/sv\/wp-json\/wp\/v2\/product_brand?post=32608"},{"taxonomy":"product_cat","embeddable":true,"href":"https:\/\/truusk.store\/sv\/wp-json\/wp\/v2\/product_cat?post=32608"},{"taxonomy":"product_tag","embeddable":true,"href":"https:\/\/truusk.store\/sv\/wp-json\/wp\/v2\/product_tag?post=32608"}],"curies":[{"name":"wp","href":"https:\/\/api.w.org\/{rel}","templated":true}]}}