{"id":32648,"date":"2024-02-13T22:07:13","date_gmt":"2024-02-13T21:07:13","guid":{"rendered":"https:\/\/truusk.store\/product\/fallbart-lusthus-4-x-4m-hexagondesign-natgardiner-vattenavvisande-ventilationstak-gra-vit\/"},"modified":"2026-03-12T09:10:38","modified_gmt":"2026-03-12T08:10:38","slug":"truusk-fallbart-lusthus-4-x-4m-hexagondesign-natgardiner-vattenavvisande-ventilationstak-gra-vit","status":"publish","type":"product","link":"https:\/\/truusk.store\/sv\/produkt\/truusk-fallbart-lusthus-4-x-4m-hexagondesign-natgardiner-vattenavvisande-ventilationstak-gra-vit\/","title":{"rendered":"TRUUSK F\u00e4llbart Lusthus 4 X 4m &#8211; Hexagondesign &#8211; N\u00e4tgardiner &#8211; Vattenavvisande &#8211; Ventilationstak &#8211; Gr\u00e5 + Vit"},"content":{"rendered":"<p>Den rymliga, eleganta 4 x 4 m popup-paviljongen erbjuder gott om solskydd f\u00f6r dina g\u00e4ster, oavsett om det \u00e4r p\u00e5 en grillfest, en sommarfest eller en tr\u00e4dg\u00e5rdsfest. Den pulverlackerade metallramen s\u00e4kerst\u00e4ller stabilitet och stabilitet, medan den praktiska vikbara designen sparar tid och anstr\u00e4ngning vid uppst\u00e4llning och demontering. V\u00e5rt hopf\u00e4llbara lusthus \u00e4r utrustat med n\u00e4tgardiner f\u00f6r att h\u00e5lla borta irriterande insekter och kommer med en praktisk b\u00e4rv\u00e4ska.<\/p>\n<h3>Beskrivning:<\/h3>\n<ul>\n<li>Detta partyt\u00e4lt kommer i en rymlig hexagondesign<\/li>\n<li>Pulverlackerad metallram s\u00e4kerst\u00e4ller robusthet och h\u00e5llbarhet<\/li>\n<li>Dr\u00e4nerings\u00f6ppningar f\u00f6r att f\u00f6rhindra vattenansamling<\/li>\n<li>Perfekt f\u00f6r utomhusfester, grillar och tr\u00e4dg\u00e5rdssammankomster<\/li>\n<li>Sex rep och 12 pinnar av \u00f6lt\u00e4ltet f\u00f6r att f\u00e4sta t\u00e4ltet i marken<\/li>\n<li>Enkel och snabb montering<\/li>\n<li>En b\u00e4rv\u00e4ska ing\u00e5r<\/li>\n<\/ul>\n<h3>Teknisk data:<\/h3>\n<ul>\n<li>F\u00e4rg gr\u00e5<\/li>\n<li>Material: metall, polyestertyg, mesh<\/li>\n<li>Totala m\u00e5tt: 405L x 405W cm, (inv\u00e4ndigt) 3,4L x 3,4W cm<\/li>\n<li>Hexagon sidol\u00e4ngd: 2 m<\/li>\n<li>Takfotsh\u00f6jd: 2 m<\/li>\n<li>\u00d6vre h\u00f6jd: 2,85 m<\/li>\n<li>M\u00e5tt p\u00e5 den hopf\u00e4llbara: 116L x 27W x 27H cm<\/li>\n<\/ul>\n<h3>Leveransens omfattning:<\/h3>\n<ul>\n<li>1 x Gazebo<\/li>\n<li>12 x markspetsar<\/li>\n<li>6 x Guyline<\/li>\n<li>1 x B\u00e4rv\u00e4ska<\/li>\n<\/ul>\n","protected":false},"excerpt":{"rendered":"<p>Den rymliga, eleganta 4 x 4 m popup-paviljongen erbjuder gott om solskydd f\u00f6r dina g\u00e4ster, oavsett om det \u00e4r p\u00e5&#8230;<\/p>\n","protected":false},"featured_media":32649,"template":"","meta":[],"product_brand":[],"product_cat":[477,435,476],"product_tag":[],"class_list":{"0":"post-32648","1":"product","2":"type-product","3":"status-publish","4":"has-post-thumbnail","6":"product_cat-paviljonger-partytalt","7":"product_cat-tradgard-och-terrass","8":"product_cat-tradgardspaviljonger","10":"first","11":"instock","12":"sale","13":"taxable","14":"shipping-taxable","15":"purchasable","16":"product-type-simple"},"yoast_head":"<!-- This site is optimized with the Yoast SEO plugin v25.4 - https:\/\/yoast.com\/wordpress\/plugins\/seo\/ -->\n<title>TRUUSK F\u00e4llbart Lusthus 4 X 4m - Hexagondesign - N\u00e4tgardiner - Vattenavvisande - Ventilationstak - Gr\u00e5 + Vit - TRUUSK - Hem, Tr\u00e4dg\u00e5rd &amp; Fritid<\/title>\n<meta name=\"robots\" content=\"index, follow, max-snippet:-1, max-image-preview:large, max-video-preview:-1\" \/>\n<link rel=\"canonical\" href=\"https:\/\/truusk.store\/sv\/produkt\/truusk-fallbart-lusthus-4-x-4m-hexagondesign-natgardiner-vattenavvisande-ventilationstak-gra-vit\/\" \/>\n<meta property=\"og:locale\" content=\"sv_SE\" \/>\n<meta property=\"og:type\" content=\"article\" \/>\n<meta property=\"og:title\" content=\"TRUUSK F\u00e4llbart Lusthus 4 X 4m - Hexagondesign - N\u00e4tgardiner - Vattenavvisande - Ventilationstak - Gr\u00e5 + Vit - TRUUSK - Hem, Tr\u00e4dg\u00e5rd &amp; Fritid\" \/>\n<meta property=\"og:description\" content=\"Den rymliga, eleganta 4 x 4 m popup-paviljongen erbjuder gott om solskydd f\u00f6r dina g\u00e4ster, oavsett om det \u00e4r p\u00e5...\" \/>\n<meta property=\"og:url\" content=\"https:\/\/truusk.store\/sv\/produkt\/truusk-fallbart-lusthus-4-x-4m-hexagondesign-natgardiner-vattenavvisande-ventilationstak-gra-vit\/\" \/>\n<meta property=\"og:site_name\" content=\"TRUUSK - Hem, Tr\u00e4dg\u00e5rd &amp; Fritid\" \/>\n<meta property=\"article:modified_time\" content=\"2026-03-12T08:10:38+00:00\" \/>\n<meta property=\"og:image\" content=\"https:\/\/i0.wp.com\/truusk.se\/wp-content\/uploads\/2024\/02\/fallbart-lusthus-4-x-4m-hexagondesign-natgardiner-vattenavvisande-ventilationstak-gra-vit.webp?fit=800%2C800&ssl=1\" \/>\n\t<meta property=\"og:image:width\" content=\"800\" \/>\n\t<meta property=\"og:image:height\" content=\"800\" \/>\n\t<meta property=\"og:image:type\" content=\"image\/webp\" \/>\n<meta name=\"twitter:card\" content=\"summary_large_image\" \/>\n<meta name=\"twitter:label1\" content=\"Ber\u00e4knad l\u00e4stid\" \/>\n\t<meta name=\"twitter:data1\" content=\"1 minut\" \/>\n<!-- \/ Yoast SEO plugin. -->","yoast_head_json":{"title":"TRUUSK F\u00e4llbart Lusthus 4 X 4m - Hexagondesign - N\u00e4tgardiner - Vattenavvisande - Ventilationstak - Gr\u00e5 + Vit - TRUUSK - Hem, Tr\u00e4dg\u00e5rd &amp; Fritid","robots":{"index":"index","follow":"follow","max-snippet":"max-snippet:-1","max-image-preview":"max-image-preview:large","max-video-preview":"max-video-preview:-1"},"canonical":"https:\/\/truusk.store\/sv\/produkt\/truusk-fallbart-lusthus-4-x-4m-hexagondesign-natgardiner-vattenavvisande-ventilationstak-gra-vit\/","og_locale":"sv_SE","og_type":"article","og_title":"TRUUSK F\u00e4llbart Lusthus 4 X 4m - Hexagondesign - N\u00e4tgardiner - Vattenavvisande - Ventilationstak - Gr\u00e5 + Vit - TRUUSK - Hem, Tr\u00e4dg\u00e5rd &amp; Fritid","og_description":"Den rymliga, eleganta 4 x 4 m popup-paviljongen erbjuder gott om solskydd f\u00f6r dina g\u00e4ster, oavsett om det \u00e4r p\u00e5...","og_url":"https:\/\/truusk.store\/sv\/produkt\/truusk-fallbart-lusthus-4-x-4m-hexagondesign-natgardiner-vattenavvisande-ventilationstak-gra-vit\/","og_site_name":"TRUUSK - Hem, Tr\u00e4dg\u00e5rd &amp; Fritid","article_modified_time":"2026-03-12T08:10:38+00:00","og_image":[{"width":800,"height":800,"url":"https:\/\/i0.wp.com\/truusk.se\/wp-content\/uploads\/2024\/02\/fallbart-lusthus-4-x-4m-hexagondesign-natgardiner-vattenavvisande-ventilationstak-gra-vit.webp?fit=800%2C800&ssl=1","type":"image\/webp"}],"twitter_card":"summary_large_image","twitter_misc":{"Ber\u00e4knad l\u00e4stid":"1 minut"},"schema":{"@context":"https:\/\/schema.org","@graph":[{"@type":"WebPage","@id":"https:\/\/truusk.store\/sv\/produkt\/truusk-fallbart-lusthus-4-x-4m-hexagondesign-natgardiner-vattenavvisande-ventilationstak-gra-vit\/","url":"https:\/\/truusk.store\/sv\/produkt\/truusk-fallbart-lusthus-4-x-4m-hexagondesign-natgardiner-vattenavvisande-ventilationstak-gra-vit\/","name":"TRUUSK F\u00e4llbart Lusthus 4 X 4m - Hexagondesign - N\u00e4tgardiner - Vattenavvisande - Ventilationstak - Gr\u00e5 + Vit - TRUUSK - Hem, Tr\u00e4dg\u00e5rd &amp; Fritid","isPartOf":{"@id":"https:\/\/truusk.store\/sv\/#website"},"primaryImageOfPage":{"@id":"https:\/\/truusk.store\/sv\/produkt\/truusk-fallbart-lusthus-4-x-4m-hexagondesign-natgardiner-vattenavvisande-ventilationstak-gra-vit\/#primaryimage"},"image":{"@id":"https:\/\/truusk.store\/sv\/produkt\/truusk-fallbart-lusthus-4-x-4m-hexagondesign-natgardiner-vattenavvisande-ventilationstak-gra-vit\/#primaryimage"},"thumbnailUrl":"https:\/\/i0.wp.com\/truusk.store\/wp-content\/uploads\/2024\/02\/fallbart-lusthus-4-x-4m-hexagondesign-natgardiner-vattenavvisande-ventilationstak-gra-vit.webp?fit=800%2C800&ssl=1","datePublished":"2024-02-13T21:07:13+00:00","dateModified":"2026-03-12T08:10:38+00:00","breadcrumb":{"@id":"https:\/\/truusk.store\/sv\/produkt\/truusk-fallbart-lusthus-4-x-4m-hexagondesign-natgardiner-vattenavvisande-ventilationstak-gra-vit\/#breadcrumb"},"inLanguage":"sv-SE","potentialAction":[{"@type":"ReadAction","target":["https:\/\/truusk.store\/sv\/produkt\/truusk-fallbart-lusthus-4-x-4m-hexagondesign-natgardiner-vattenavvisande-ventilationstak-gra-vit\/"]}]},{"@type":"ImageObject","inLanguage":"sv-SE","@id":"https:\/\/truusk.store\/sv\/produkt\/truusk-fallbart-lusthus-4-x-4m-hexagondesign-natgardiner-vattenavvisande-ventilationstak-gra-vit\/#primaryimage","url":"https:\/\/i0.wp.com\/truusk.store\/wp-content\/uploads\/2024\/02\/fallbart-lusthus-4-x-4m-hexagondesign-natgardiner-vattenavvisande-ventilationstak-gra-vit.webp?fit=800%2C800&ssl=1","contentUrl":"https:\/\/i0.wp.com\/truusk.store\/wp-content\/uploads\/2024\/02\/fallbart-lusthus-4-x-4m-hexagondesign-natgardiner-vattenavvisande-ventilationstak-gra-vit.webp?fit=800%2C800&ssl=1","width":800,"height":800,"caption":"F\u00e4llbart Lusthus 4 X 4m, Hexagondesign, N\u00e4tgardiner, Vattenavvisande, Ventilationstak, Gr\u00e5 + Vit 1"},{"@type":"BreadcrumbList","@id":"https:\/\/truusk.store\/sv\/produkt\/truusk-fallbart-lusthus-4-x-4m-hexagondesign-natgardiner-vattenavvisande-ventilationstak-gra-vit\/#breadcrumb","itemListElement":[{"@type":"ListItem","position":1,"name":"Home","item":"https:\/\/truusk.store\/sv\/"},{"@type":"ListItem","position":2,"name":"Shop","item":"https:\/\/truusk.store\/shop\/"},{"@type":"ListItem","position":3,"name":"TRUUSK F\u00e4llbart Lusthus 4 X 4m &#8211; Hexagondesign &#8211; N\u00e4tgardiner &#8211; Vattenavvisande &#8211; Ventilationstak &#8211; Gr\u00e5 + Vit"}]},{"@type":"WebSite","@id":"https:\/\/truusk.store\/sv\/#website","url":"https:\/\/truusk.store\/sv\/","name":"TRUUSK - Hem, Tr\u00e4dg\u00e5rd & Fritid","description":"","publisher":{"@id":"https:\/\/truusk.store\/sv\/#organization"},"potentialAction":[{"@type":"SearchAction","target":{"@type":"EntryPoint","urlTemplate":"https:\/\/truusk.store\/sv\/?s={search_term_string}"},"query-input":{"@type":"PropertyValueSpecification","valueRequired":true,"valueName":"search_term_string"}}],"inLanguage":"sv-SE"},{"@type":"Organization","@id":"https:\/\/truusk.store\/sv\/#organization","name":"TRUUSK - Hem, Tr\u00e4dg\u00e5rd & Fritid","url":"https:\/\/truusk.store\/sv\/","logo":{"@type":"ImageObject","inLanguage":"sv-SE","@id":"https:\/\/truusk.store\/sv\/#\/schema\/logo\/image\/","url":"https:\/\/i0.wp.com\/truusk.store\/wp-content\/uploads\/2026\/03\/cropped-TRUUSK.png?fit=2032%2C917&ssl=1","contentUrl":"https:\/\/i0.wp.com\/truusk.store\/wp-content\/uploads\/2026\/03\/cropped-TRUUSK.png?fit=2032%2C917&ssl=1","width":2032,"height":917,"caption":"TRUUSK - Hem, Tr\u00e4dg\u00e5rd & Fritid"},"image":{"@id":"https:\/\/truusk.store\/sv\/#\/schema\/logo\/image\/"}}]}},"jetpack_sharing_enabled":true,"_links":{"self":[{"href":"https:\/\/truusk.store\/sv\/wp-json\/wp\/v2\/product\/32648","targetHints":{"allow":["GET"]}}],"collection":[{"href":"https:\/\/truusk.store\/sv\/wp-json\/wp\/v2\/product"}],"about":[{"href":"https:\/\/truusk.store\/sv\/wp-json\/wp\/v2\/types\/product"}],"wp:featuredmedia":[{"embeddable":true,"href":"https:\/\/truusk.store\/sv\/wp-json\/wp\/v2\/media\/32649"}],"wp:attachment":[{"href":"https:\/\/truusk.store\/sv\/wp-json\/wp\/v2\/media?parent=32648"}],"wp:term":[{"taxonomy":"product_brand","embeddable":true,"href":"https:\/\/truusk.store\/sv\/wp-json\/wp\/v2\/product_brand?post=32648"},{"taxonomy":"product_cat","embeddable":true,"href":"https:\/\/truusk.store\/sv\/wp-json\/wp\/v2\/product_cat?post=32648"},{"taxonomy":"product_tag","embeddable":true,"href":"https:\/\/truusk.store\/sv\/wp-json\/wp\/v2\/product_tag?post=32648"}],"curies":[{"name":"wp","href":"https:\/\/api.w.org\/{rel}","templated":true}]}}