{"id":32676,"date":"2024-02-13T22:08:55","date_gmt":"2024-02-13T21:08:55","guid":{"rendered":"https:\/\/truusk.store\/product\/tradgardsgrind-tradgardsdorr-staket-grind-gardsdorr-gjord-av-stalhandtagslas-och-nycklar-97-x-150-cm-gron\/"},"modified":"2026-03-12T09:10:38","modified_gmt":"2026-03-12T08:10:38","slug":"truusk-tradgardsgrind-staket-gjord-av-stal-las-och-nycklar-97x150-cm-gron","status":"publish","type":"product","link":"https:\/\/truusk.store\/sv\/produkt\/truusk-tradgardsgrind-staket-gjord-av-stal-las-och-nycklar-97x150-cm-gron\/","title":{"rendered":"TRUUSK Tr\u00e4dg\u00e5rdsgrind Staket Gjord Av St\u00e5l &#8211; L\u00e5s och Nycklar &#8211; 97&#215;150 cm &#8211; Gr\u00f6n"},"content":{"rendered":"<p>Med en enkel och elegant gallerdesign skapar denna tr\u00e4dg\u00e5rdsport en modern och praktisk entr\u00e9 f\u00f6r att skydda din tr\u00e4dg\u00e5rd fr\u00e5n omv\u00e4rlden. Den robusta st\u00e5lramen med rosts\u00e4kra beslag s\u00e4kerst\u00e4ller en stabil och h\u00e5llbar konstruktion. Ett l\u00e5s med tre matchande nycklar f\u00f6r s\u00e4kerhet. Kolla in denna tr\u00e4dg\u00e5rdsport och l\u00e4gg till ett fantastiskt tillskott till din tr\u00e4dg\u00e5rd eller bakg\u00e5rd.<\/p>\n<h3>Beskrivning:<\/h3>\n<ul>\n<li>Tr\u00e4dg\u00e5rdsgrindarna i st\u00e5l \u00e4r den perfekta ing\u00e5ngen till din tr\u00e4dg\u00e5rd eller terrass<\/li>\n<li>Tillverkad av f\u00f6rtjockat sprayat st\u00e5l, rostfritt och h\u00e5llbart<\/li>\n<li>S\u00e4tt in monteringsstolpen 40-45 cm i marken f\u00f6r fasts\u00e4ttning<\/li>\n<li>2 stolpar med robusta g\u00e5ngj\u00e4rn f\u00f6r enkel installation<\/li>\n<li>H\u00f6gkvalitativt l\u00e5s med 3 nycklar (ing\u00e5r)<\/li>\n<li>Enkel montering kr\u00e4vs<\/li>\n<\/ul>\n<h3>Teknisk data:<\/h3>\n<ul>\n<li>F\u00e4rg: gr\u00f6n<\/li>\n<li>Material: st\u00e5l, PVC<\/li>\n<li>Torgre: 97W x 150H cm<\/li>\n<li>M\u00e5lplattans storlek: 80W x 100H cm<\/li>\n<li>Stolpstorlek: 6L x 6W cm<\/li>\n<\/ul>\n<h3>Leveransens omfattning:<\/h3>\n<ul>\n<li>1 x Tr\u00e4dg\u00e5rdsport<\/li>\n<li>1 x kraftigt l\u00e5s med 3 nycklar<\/li>\n<li>1 x Instruktioner<\/li>\n<\/ul>\n","protected":false},"excerpt":{"rendered":"<p>Med en enkel och elegant gallerdesign skapar denna tr\u00e4dg\u00e5rdsport en modern och praktisk entr\u00e9 f\u00f6r att skydda din tr\u00e4dg\u00e5rd fr\u00e5n&#8230;<\/p>\n","protected":false},"featured_media":32677,"template":"","meta":[],"product_brand":[],"product_cat":[436,435],"product_tag":[],"class_list":{"0":"post-32676","1":"product","2":"type-product","3":"status-publish","4":"has-post-thumbnail","6":"product_cat-bestall-i-tradgarden","7":"product_cat-tradgard-och-terrass","9":"first","10":"instock","11":"sale","12":"taxable","13":"shipping-taxable","14":"purchasable","15":"product-type-simple"},"yoast_head":"<!-- This site is optimized with the Yoast SEO plugin v25.4 - https:\/\/yoast.com\/wordpress\/plugins\/seo\/ -->\n<title>TRUUSK Tr\u00e4dg\u00e5rdsgrind Staket Gjord Av St\u00e5l - L\u00e5s och Nycklar - 97x150 cm - Gr\u00f6n - TRUUSK - Hem, Tr\u00e4dg\u00e5rd &amp; Fritid<\/title>\n<meta name=\"robots\" content=\"index, follow, max-snippet:-1, max-image-preview:large, max-video-preview:-1\" \/>\n<link rel=\"canonical\" href=\"https:\/\/truusk.store\/sv\/produkt\/truusk-tradgardsgrind-staket-gjord-av-stal-las-och-nycklar-97x150-cm-gron\/\" \/>\n<meta property=\"og:locale\" content=\"sv_SE\" \/>\n<meta property=\"og:type\" content=\"article\" \/>\n<meta property=\"og:title\" content=\"TRUUSK Tr\u00e4dg\u00e5rdsgrind Staket Gjord Av St\u00e5l - L\u00e5s och Nycklar - 97x150 cm - Gr\u00f6n - TRUUSK - Hem, Tr\u00e4dg\u00e5rd &amp; Fritid\" \/>\n<meta property=\"og:description\" content=\"Med en enkel och elegant gallerdesign skapar denna tr\u00e4dg\u00e5rdsport en modern och praktisk entr\u00e9 f\u00f6r att skydda din tr\u00e4dg\u00e5rd fr\u00e5n...\" \/>\n<meta property=\"og:url\" content=\"https:\/\/truusk.store\/sv\/produkt\/truusk-tradgardsgrind-staket-gjord-av-stal-las-och-nycklar-97x150-cm-gron\/\" \/>\n<meta property=\"og:site_name\" content=\"TRUUSK - Hem, Tr\u00e4dg\u00e5rd &amp; Fritid\" \/>\n<meta property=\"article:modified_time\" content=\"2026-03-12T08:10:38+00:00\" \/>\n<meta property=\"og:image\" content=\"https:\/\/i0.wp.com\/truusk.se\/wp-content\/uploads\/2024\/02\/tradgardsgrind-tradgardsdorr-staket-grind-gardsdorr-gjord-av-stalhandtagslas-och-nycklar-97-x-150-cm-gron.webp?fit=800%2C800&ssl=1\" \/>\n\t<meta property=\"og:image:width\" content=\"800\" \/>\n\t<meta property=\"og:image:height\" content=\"800\" \/>\n\t<meta property=\"og:image:type\" content=\"image\/webp\" \/>\n<meta name=\"twitter:card\" content=\"summary_large_image\" \/>\n<meta name=\"twitter:label1\" content=\"Ber\u00e4knad l\u00e4stid\" \/>\n\t<meta name=\"twitter:data1\" content=\"1 minut\" \/>\n<!-- \/ Yoast SEO plugin. -->","yoast_head_json":{"title":"TRUUSK Tr\u00e4dg\u00e5rdsgrind Staket Gjord Av St\u00e5l - L\u00e5s och Nycklar - 97x150 cm - Gr\u00f6n - TRUUSK - Hem, Tr\u00e4dg\u00e5rd &amp; Fritid","robots":{"index":"index","follow":"follow","max-snippet":"max-snippet:-1","max-image-preview":"max-image-preview:large","max-video-preview":"max-video-preview:-1"},"canonical":"https:\/\/truusk.store\/sv\/produkt\/truusk-tradgardsgrind-staket-gjord-av-stal-las-och-nycklar-97x150-cm-gron\/","og_locale":"sv_SE","og_type":"article","og_title":"TRUUSK Tr\u00e4dg\u00e5rdsgrind Staket Gjord Av St\u00e5l - L\u00e5s och Nycklar - 97x150 cm - Gr\u00f6n - TRUUSK - Hem, Tr\u00e4dg\u00e5rd &amp; Fritid","og_description":"Med en enkel och elegant gallerdesign skapar denna tr\u00e4dg\u00e5rdsport en modern och praktisk entr\u00e9 f\u00f6r att skydda din tr\u00e4dg\u00e5rd fr\u00e5n...","og_url":"https:\/\/truusk.store\/sv\/produkt\/truusk-tradgardsgrind-staket-gjord-av-stal-las-och-nycklar-97x150-cm-gron\/","og_site_name":"TRUUSK - Hem, Tr\u00e4dg\u00e5rd &amp; Fritid","article_modified_time":"2026-03-12T08:10:38+00:00","og_image":[{"width":800,"height":800,"url":"https:\/\/i0.wp.com\/truusk.se\/wp-content\/uploads\/2024\/02\/tradgardsgrind-tradgardsdorr-staket-grind-gardsdorr-gjord-av-stalhandtagslas-och-nycklar-97-x-150-cm-gron.webp?fit=800%2C800&ssl=1","type":"image\/webp"}],"twitter_card":"summary_large_image","twitter_misc":{"Ber\u00e4knad l\u00e4stid":"1 minut"},"schema":{"@context":"https:\/\/schema.org","@graph":[{"@type":"WebPage","@id":"https:\/\/truusk.store\/sv\/produkt\/truusk-tradgardsgrind-staket-gjord-av-stal-las-och-nycklar-97x150-cm-gron\/","url":"https:\/\/truusk.store\/sv\/produkt\/truusk-tradgardsgrind-staket-gjord-av-stal-las-och-nycklar-97x150-cm-gron\/","name":"TRUUSK Tr\u00e4dg\u00e5rdsgrind Staket Gjord Av St\u00e5l - L\u00e5s och Nycklar - 97x150 cm - Gr\u00f6n - TRUUSK - Hem, Tr\u00e4dg\u00e5rd &amp; Fritid","isPartOf":{"@id":"https:\/\/truusk.store\/sv\/#website"},"primaryImageOfPage":{"@id":"https:\/\/truusk.store\/sv\/produkt\/truusk-tradgardsgrind-staket-gjord-av-stal-las-och-nycklar-97x150-cm-gron\/#primaryimage"},"image":{"@id":"https:\/\/truusk.store\/sv\/produkt\/truusk-tradgardsgrind-staket-gjord-av-stal-las-och-nycklar-97x150-cm-gron\/#primaryimage"},"thumbnailUrl":"https:\/\/i0.wp.com\/truusk.store\/wp-content\/uploads\/2024\/02\/tradgardsgrind-tradgardsdorr-staket-grind-gardsdorr-gjord-av-stalhandtagslas-och-nycklar-97-x-150-cm-gron.webp?fit=800%2C800&ssl=1","datePublished":"2024-02-13T21:08:55+00:00","dateModified":"2026-03-12T08:10:38+00:00","breadcrumb":{"@id":"https:\/\/truusk.store\/sv\/produkt\/truusk-tradgardsgrind-staket-gjord-av-stal-las-och-nycklar-97x150-cm-gron\/#breadcrumb"},"inLanguage":"sv-SE","potentialAction":[{"@type":"ReadAction","target":["https:\/\/truusk.store\/sv\/produkt\/truusk-tradgardsgrind-staket-gjord-av-stal-las-och-nycklar-97x150-cm-gron\/"]}]},{"@type":"ImageObject","inLanguage":"sv-SE","@id":"https:\/\/truusk.store\/sv\/produkt\/truusk-tradgardsgrind-staket-gjord-av-stal-las-och-nycklar-97x150-cm-gron\/#primaryimage","url":"https:\/\/i0.wp.com\/truusk.store\/wp-content\/uploads\/2024\/02\/tradgardsgrind-tradgardsdorr-staket-grind-gardsdorr-gjord-av-stalhandtagslas-och-nycklar-97-x-150-cm-gron.webp?fit=800%2C800&ssl=1","contentUrl":"https:\/\/i0.wp.com\/truusk.store\/wp-content\/uploads\/2024\/02\/tradgardsgrind-tradgardsdorr-staket-grind-gardsdorr-gjord-av-stalhandtagslas-och-nycklar-97-x-150-cm-gron.webp?fit=800%2C800&ssl=1","width":800,"height":800,"caption":"Tr\u00e4dg\u00e5rdsgrind Tr\u00e4dg\u00e5rdsd\u00f6rr Staket Grind G\u00e5rdsd\u00f6rr Gjord Av St\u00e5lhandtagsl\u00e5s Och Nycklar 97 X 150 Cm Gr\u00f6n 1"},{"@type":"BreadcrumbList","@id":"https:\/\/truusk.store\/sv\/produkt\/truusk-tradgardsgrind-staket-gjord-av-stal-las-och-nycklar-97x150-cm-gron\/#breadcrumb","itemListElement":[{"@type":"ListItem","position":1,"name":"Home","item":"https:\/\/truusk.store\/sv\/"},{"@type":"ListItem","position":2,"name":"Shop","item":"https:\/\/truusk.store\/shop\/"},{"@type":"ListItem","position":3,"name":"TRUUSK Tr\u00e4dg\u00e5rdsgrind Staket Gjord Av St\u00e5l &#8211; L\u00e5s och Nycklar &#8211; 97&#215;150 cm &#8211; Gr\u00f6n"}]},{"@type":"WebSite","@id":"https:\/\/truusk.store\/sv\/#website","url":"https:\/\/truusk.store\/sv\/","name":"TRUUSK - Hem, Tr\u00e4dg\u00e5rd & Fritid","description":"","publisher":{"@id":"https:\/\/truusk.store\/sv\/#organization"},"potentialAction":[{"@type":"SearchAction","target":{"@type":"EntryPoint","urlTemplate":"https:\/\/truusk.store\/sv\/?s={search_term_string}"},"query-input":{"@type":"PropertyValueSpecification","valueRequired":true,"valueName":"search_term_string"}}],"inLanguage":"sv-SE"},{"@type":"Organization","@id":"https:\/\/truusk.store\/sv\/#organization","name":"TRUUSK - Hem, Tr\u00e4dg\u00e5rd & Fritid","url":"https:\/\/truusk.store\/sv\/","logo":{"@type":"ImageObject","inLanguage":"sv-SE","@id":"https:\/\/truusk.store\/sv\/#\/schema\/logo\/image\/","url":"https:\/\/i0.wp.com\/truusk.store\/wp-content\/uploads\/2026\/03\/cropped-TRUUSK.png?fit=2032%2C917&ssl=1","contentUrl":"https:\/\/i0.wp.com\/truusk.store\/wp-content\/uploads\/2026\/03\/cropped-TRUUSK.png?fit=2032%2C917&ssl=1","width":2032,"height":917,"caption":"TRUUSK - Hem, Tr\u00e4dg\u00e5rd & Fritid"},"image":{"@id":"https:\/\/truusk.store\/sv\/#\/schema\/logo\/image\/"}}]}},"jetpack_sharing_enabled":true,"_links":{"self":[{"href":"https:\/\/truusk.store\/sv\/wp-json\/wp\/v2\/product\/32676","targetHints":{"allow":["GET"]}}],"collection":[{"href":"https:\/\/truusk.store\/sv\/wp-json\/wp\/v2\/product"}],"about":[{"href":"https:\/\/truusk.store\/sv\/wp-json\/wp\/v2\/types\/product"}],"wp:featuredmedia":[{"embeddable":true,"href":"https:\/\/truusk.store\/sv\/wp-json\/wp\/v2\/media\/32677"}],"wp:attachment":[{"href":"https:\/\/truusk.store\/sv\/wp-json\/wp\/v2\/media?parent=32676"}],"wp:term":[{"taxonomy":"product_brand","embeddable":true,"href":"https:\/\/truusk.store\/sv\/wp-json\/wp\/v2\/product_brand?post=32676"},{"taxonomy":"product_cat","embeddable":true,"href":"https:\/\/truusk.store\/sv\/wp-json\/wp\/v2\/product_cat?post=32676"},{"taxonomy":"product_tag","embeddable":true,"href":"https:\/\/truusk.store\/sv\/wp-json\/wp\/v2\/product_tag?post=32676"}],"curies":[{"name":"wp","href":"https:\/\/api.w.org\/{rel}","templated":true}]}}