{"id":32686,"date":"2024-02-13T22:09:17","date_gmt":"2024-02-13T21:09:17","guid":{"rendered":"https:\/\/truusk.store\/product\/varmluftsfritos-65-l-1700w-med-8-menyer-led-display-non-stick-belagd-korg-for-halsosam-oljefri-matlagning-med-lag-fetthalt-svart-365-x-29-x-338-cm\/"},"modified":"2026-03-12T09:10:38","modified_gmt":"2026-03-12T08:10:38","slug":"truusk-varmluftsfritos-65-l-1700w-8-menyer-led-display-non-stick-belagd-korg-halsosam-oljefri-matlagning-lag-fetthalt","status":"publish","type":"product","link":"https:\/\/truusk.store\/sv\/produkt\/truusk-varmluftsfritos-65-l-1700w-8-menyer-led-display-non-stick-belagd-korg-halsosam-oljefri-matlagning-lag-fetthalt\/","title":{"rendered":"TRUUSK Varmluftsfrit\u00f6s 6,5 L 1700W &#8211; 8 Menyer &#8211; LED-display &#8211; Non-stick Belagd Korg &#8211; H\u00e4lsosam Oljefri Matlagning &#8211; L\u00e5g Fetthalt"},"content":{"rendered":"<p>Vill du forts\u00e4tta njuta av din favoritstekta mat men byta till en h\u00e4lsosammare livsstil? D\u00e5 har denna multifunktionella varmluftsfrit\u00f6s tagits fram just f\u00f6r dig! F\u00f6rutom att fritera till\u00e5ter den \u00e4ven bakning, grillning och stekning. Anv\u00e4nd LED-displayen med 8 programmerbara menyalternativ f\u00f6r att snabbt hitta r\u00e4tt temperatur- och tidsinst\u00e4llningar f\u00f6r din mat. Prova det: Att laga gott och nyttigt har aldrig varit s\u00e5 enkelt!<\/p>\n<h3>Beskrivning:<\/h3>\n<ul>\n<li>Multifunktionell varmluftsfrit\u00f6s som kombinerar fritering, bakning, grillning och stekning i en enhet<\/li>\n<li>Effektivt luftcirkulationssystem s\u00e4kerst\u00e4ller j\u00e4mn och snabb uppv\u00e4rmning<\/li>\n<li>8 f\u00f6rinst\u00e4llda menyer &#8211; biff, kycklingvingar, r\u00e4kor, fisk, snacks, pommes frites, bakverk och gr\u00f6nsaker<\/li>\n<li>L\u00e4ttanv\u00e4nd digital LED-display med temperatur- och tidsvisning<\/li>\n<li>60-minuters timer och \u00f6verhettningsskydd garanterar s\u00e4kerheten<\/li>\n<li>Den stora kapaciteten p\u00e5 6,5 liter \u00e4r l\u00e4mplig f\u00f6r hela familjen<\/li>\n<li>Temperaturen kan justeras fr\u00e5n 80 till 200 C<\/li>\n<li>Den non-stick belagda frityrkorgen \u00e4r PFOA- och BPA-fri och \u00e4r d\u00e4rf\u00f6r h\u00e5llbar och h\u00e4lsov\u00e4nlig<\/li>\n<li>Korgen och pannan \u00e4r avtagbara f\u00f6r enkel reng\u00f6ring<\/li>\n<\/ul>\n<h3>Teknisk data:<\/h3>\n<ul>\n<li>F\u00e4rg: Svart+Gr\u00e5<\/li>\n<li>Material: st\u00e5l, plast<\/li>\n<li>\u00d6vergripande m\u00e5tt: 36,5L x 29W x 33,8H cm<\/li>\n<li>Str\u00f6mkabell\u00e4ngd: 0,7 m<\/li>\n<li>Kapacitet: 6,5 L<\/li>\n<li>Effekt: 1700W<\/li>\n<li>Sp\u00e4nning: AC 220-240V50Hz\/60Hz<\/li>\n<li>Obs: Kom ih\u00e5g att skaka korgen halvv\u00e4gs n\u00e4r du lagar pommes frites, r\u00e4kor etc.<\/li>\n<\/ul>\n<h3>Leveransens omfattning:<\/h3>\n<ul>\n<li>1 x Air Fryer<\/li>\n<li>1 x panna<\/li>\n<li>1 x Instruktioner<\/li>\n<\/ul>\n","protected":false},"excerpt":{"rendered":"<p>Vill du forts\u00e4tta njuta av din favoritstekta mat men byta till en h\u00e4lsosammare livsstil? D\u00e5 har denna multifunktionella varmluftsfrit\u00f6s tagits&#8230;<\/p>\n","protected":false},"featured_media":32687,"template":"","meta":[],"product_brand":[],"product_cat":[485,498,499],"product_tag":[],"class_list":{"0":"post-32686","1":"product","2":"type-product","3":"status-publish","4":"has-post-thumbnail","6":"product_cat-hus-bo","7":"product_cat-hushallsapparater","8":"product_cat-koksutrustning","10":"first","11":"instock","12":"sale","13":"taxable","14":"shipping-taxable","15":"purchasable","16":"product-type-simple"},"yoast_head":"<!-- This site is optimized with the Yoast SEO plugin v25.4 - https:\/\/yoast.com\/wordpress\/plugins\/seo\/ -->\n<title>TRUUSK Varmluftsfrit\u00f6s 6,5 L 1700W - 8 Menyer - LED-display - Non-stick Belagd Korg - H\u00e4lsosam Oljefri Matlagning - L\u00e5g Fetthalt - TRUUSK - Hem, Tr\u00e4dg\u00e5rd &amp; Fritid<\/title>\n<meta name=\"robots\" content=\"index, follow, max-snippet:-1, max-image-preview:large, max-video-preview:-1\" \/>\n<link rel=\"canonical\" href=\"https:\/\/truusk.store\/sv\/produkt\/truusk-varmluftsfritos-65-l-1700w-8-menyer-led-display-non-stick-belagd-korg-halsosam-oljefri-matlagning-lag-fetthalt\/\" \/>\n<meta property=\"og:locale\" content=\"sv_SE\" \/>\n<meta property=\"og:type\" content=\"article\" \/>\n<meta property=\"og:title\" content=\"TRUUSK Varmluftsfrit\u00f6s 6,5 L 1700W - 8 Menyer - LED-display - Non-stick Belagd Korg - H\u00e4lsosam Oljefri Matlagning - L\u00e5g Fetthalt - TRUUSK - Hem, Tr\u00e4dg\u00e5rd &amp; Fritid\" \/>\n<meta property=\"og:description\" content=\"Vill du forts\u00e4tta njuta av din favoritstekta mat men byta till en h\u00e4lsosammare livsstil? D\u00e5 har denna multifunktionella varmluftsfrit\u00f6s tagits...\" \/>\n<meta property=\"og:url\" content=\"https:\/\/truusk.store\/sv\/produkt\/truusk-varmluftsfritos-65-l-1700w-8-menyer-led-display-non-stick-belagd-korg-halsosam-oljefri-matlagning-lag-fetthalt\/\" \/>\n<meta property=\"og:site_name\" content=\"TRUUSK - Hem, Tr\u00e4dg\u00e5rd &amp; Fritid\" \/>\n<meta property=\"article:modified_time\" content=\"2026-03-12T08:10:38+00:00\" \/>\n<meta property=\"og:image\" content=\"https:\/\/i0.wp.com\/truusk.se\/wp-content\/uploads\/2024\/02\/varmluftsfritos-65-l-1700w-med-8-menyer-led-display-non-stick-belagd-korg-for-halsosam-oljefri-matlagning-med-lag-fetthalt-svart-365-x-29-x-338-cm.webp?fit=800%2C800&ssl=1\" \/>\n\t<meta property=\"og:image:width\" content=\"800\" \/>\n\t<meta property=\"og:image:height\" content=\"800\" \/>\n\t<meta property=\"og:image:type\" content=\"image\/webp\" \/>\n<meta name=\"twitter:card\" content=\"summary_large_image\" \/>\n<meta name=\"twitter:label1\" content=\"Ber\u00e4knad l\u00e4stid\" \/>\n\t<meta name=\"twitter:data1\" content=\"1 minut\" \/>\n<!-- \/ Yoast SEO plugin. -->","yoast_head_json":{"title":"TRUUSK Varmluftsfrit\u00f6s 6,5 L 1700W - 8 Menyer - LED-display - Non-stick Belagd Korg - H\u00e4lsosam Oljefri Matlagning - L\u00e5g Fetthalt - TRUUSK - Hem, Tr\u00e4dg\u00e5rd &amp; Fritid","robots":{"index":"index","follow":"follow","max-snippet":"max-snippet:-1","max-image-preview":"max-image-preview:large","max-video-preview":"max-video-preview:-1"},"canonical":"https:\/\/truusk.store\/sv\/produkt\/truusk-varmluftsfritos-65-l-1700w-8-menyer-led-display-non-stick-belagd-korg-halsosam-oljefri-matlagning-lag-fetthalt\/","og_locale":"sv_SE","og_type":"article","og_title":"TRUUSK Varmluftsfrit\u00f6s 6,5 L 1700W - 8 Menyer - LED-display - Non-stick Belagd Korg - H\u00e4lsosam Oljefri Matlagning - L\u00e5g Fetthalt - TRUUSK - Hem, Tr\u00e4dg\u00e5rd &amp; Fritid","og_description":"Vill du forts\u00e4tta njuta av din favoritstekta mat men byta till en h\u00e4lsosammare livsstil? D\u00e5 har denna multifunktionella varmluftsfrit\u00f6s tagits...","og_url":"https:\/\/truusk.store\/sv\/produkt\/truusk-varmluftsfritos-65-l-1700w-8-menyer-led-display-non-stick-belagd-korg-halsosam-oljefri-matlagning-lag-fetthalt\/","og_site_name":"TRUUSK - Hem, Tr\u00e4dg\u00e5rd &amp; Fritid","article_modified_time":"2026-03-12T08:10:38+00:00","og_image":[{"width":800,"height":800,"url":"https:\/\/i0.wp.com\/truusk.se\/wp-content\/uploads\/2024\/02\/varmluftsfritos-65-l-1700w-med-8-menyer-led-display-non-stick-belagd-korg-for-halsosam-oljefri-matlagning-med-lag-fetthalt-svart-365-x-29-x-338-cm.webp?fit=800%2C800&ssl=1","type":"image\/webp"}],"twitter_card":"summary_large_image","twitter_misc":{"Ber\u00e4knad l\u00e4stid":"1 minut"},"schema":{"@context":"https:\/\/schema.org","@graph":[{"@type":"WebPage","@id":"https:\/\/truusk.store\/sv\/produkt\/truusk-varmluftsfritos-65-l-1700w-8-menyer-led-display-non-stick-belagd-korg-halsosam-oljefri-matlagning-lag-fetthalt\/","url":"https:\/\/truusk.store\/sv\/produkt\/truusk-varmluftsfritos-65-l-1700w-8-menyer-led-display-non-stick-belagd-korg-halsosam-oljefri-matlagning-lag-fetthalt\/","name":"TRUUSK Varmluftsfrit\u00f6s 6,5 L 1700W - 8 Menyer - LED-display - Non-stick Belagd Korg - H\u00e4lsosam Oljefri Matlagning - L\u00e5g Fetthalt - TRUUSK - Hem, Tr\u00e4dg\u00e5rd &amp; Fritid","isPartOf":{"@id":"https:\/\/truusk.store\/sv\/#website"},"primaryImageOfPage":{"@id":"https:\/\/truusk.store\/sv\/produkt\/truusk-varmluftsfritos-65-l-1700w-8-menyer-led-display-non-stick-belagd-korg-halsosam-oljefri-matlagning-lag-fetthalt\/#primaryimage"},"image":{"@id":"https:\/\/truusk.store\/sv\/produkt\/truusk-varmluftsfritos-65-l-1700w-8-menyer-led-display-non-stick-belagd-korg-halsosam-oljefri-matlagning-lag-fetthalt\/#primaryimage"},"thumbnailUrl":"https:\/\/i0.wp.com\/truusk.store\/wp-content\/uploads\/2024\/02\/varmluftsfritos-65-l-1700w-med-8-menyer-led-display-non-stick-belagd-korg-for-halsosam-oljefri-matlagning-med-lag-fetthalt-svart-365-x-29-x-338-cm.webp?fit=800%2C800&ssl=1","datePublished":"2024-02-13T21:09:17+00:00","dateModified":"2026-03-12T08:10:38+00:00","breadcrumb":{"@id":"https:\/\/truusk.store\/sv\/produkt\/truusk-varmluftsfritos-65-l-1700w-8-menyer-led-display-non-stick-belagd-korg-halsosam-oljefri-matlagning-lag-fetthalt\/#breadcrumb"},"inLanguage":"sv-SE","potentialAction":[{"@type":"ReadAction","target":["https:\/\/truusk.store\/sv\/produkt\/truusk-varmluftsfritos-65-l-1700w-8-menyer-led-display-non-stick-belagd-korg-halsosam-oljefri-matlagning-lag-fetthalt\/"]}]},{"@type":"ImageObject","inLanguage":"sv-SE","@id":"https:\/\/truusk.store\/sv\/produkt\/truusk-varmluftsfritos-65-l-1700w-8-menyer-led-display-non-stick-belagd-korg-halsosam-oljefri-matlagning-lag-fetthalt\/#primaryimage","url":"https:\/\/i0.wp.com\/truusk.store\/wp-content\/uploads\/2024\/02\/varmluftsfritos-65-l-1700w-med-8-menyer-led-display-non-stick-belagd-korg-for-halsosam-oljefri-matlagning-med-lag-fetthalt-svart-365-x-29-x-338-cm.webp?fit=800%2C800&ssl=1","contentUrl":"https:\/\/i0.wp.com\/truusk.store\/wp-content\/uploads\/2024\/02\/varmluftsfritos-65-l-1700w-med-8-menyer-led-display-non-stick-belagd-korg-for-halsosam-oljefri-matlagning-med-lag-fetthalt-svart-365-x-29-x-338-cm.webp?fit=800%2C800&ssl=1","width":800,"height":800,"caption":"Varmluftsfrit\u00f6s 6,5 L 1700W Med 8 Menyer LED-display Non-stick Belagd Korg F\u00f6r H\u00e4lsosam Oljefri Matlagning Med L\u00e5g Fetthalt Svart 36,5 X 29 X 33,8 Cm 1"},{"@type":"BreadcrumbList","@id":"https:\/\/truusk.store\/sv\/produkt\/truusk-varmluftsfritos-65-l-1700w-8-menyer-led-display-non-stick-belagd-korg-halsosam-oljefri-matlagning-lag-fetthalt\/#breadcrumb","itemListElement":[{"@type":"ListItem","position":1,"name":"Home","item":"https:\/\/truusk.store\/sv\/"},{"@type":"ListItem","position":2,"name":"Shop","item":"https:\/\/truusk.store\/shop\/"},{"@type":"ListItem","position":3,"name":"TRUUSK Varmluftsfrit\u00f6s 6,5 L 1700W &#8211; 8 Menyer &#8211; LED-display &#8211; Non-stick Belagd Korg &#8211; H\u00e4lsosam Oljefri Matlagning &#8211; L\u00e5g Fetthalt"}]},{"@type":"WebSite","@id":"https:\/\/truusk.store\/sv\/#website","url":"https:\/\/truusk.store\/sv\/","name":"TRUUSK - Hem, Tr\u00e4dg\u00e5rd & Fritid","description":"","publisher":{"@id":"https:\/\/truusk.store\/sv\/#organization"},"potentialAction":[{"@type":"SearchAction","target":{"@type":"EntryPoint","urlTemplate":"https:\/\/truusk.store\/sv\/?s={search_term_string}"},"query-input":{"@type":"PropertyValueSpecification","valueRequired":true,"valueName":"search_term_string"}}],"inLanguage":"sv-SE"},{"@type":"Organization","@id":"https:\/\/truusk.store\/sv\/#organization","name":"TRUUSK - Hem, Tr\u00e4dg\u00e5rd & Fritid","url":"https:\/\/truusk.store\/sv\/","logo":{"@type":"ImageObject","inLanguage":"sv-SE","@id":"https:\/\/truusk.store\/sv\/#\/schema\/logo\/image\/","url":"https:\/\/i0.wp.com\/truusk.store\/wp-content\/uploads\/2026\/03\/cropped-TRUUSK.png?fit=2032%2C917&ssl=1","contentUrl":"https:\/\/i0.wp.com\/truusk.store\/wp-content\/uploads\/2026\/03\/cropped-TRUUSK.png?fit=2032%2C917&ssl=1","width":2032,"height":917,"caption":"TRUUSK - Hem, Tr\u00e4dg\u00e5rd & Fritid"},"image":{"@id":"https:\/\/truusk.store\/sv\/#\/schema\/logo\/image\/"}}]}},"jetpack_sharing_enabled":true,"_links":{"self":[{"href":"https:\/\/truusk.store\/sv\/wp-json\/wp\/v2\/product\/32686","targetHints":{"allow":["GET"]}}],"collection":[{"href":"https:\/\/truusk.store\/sv\/wp-json\/wp\/v2\/product"}],"about":[{"href":"https:\/\/truusk.store\/sv\/wp-json\/wp\/v2\/types\/product"}],"wp:featuredmedia":[{"embeddable":true,"href":"https:\/\/truusk.store\/sv\/wp-json\/wp\/v2\/media\/32687"}],"wp:attachment":[{"href":"https:\/\/truusk.store\/sv\/wp-json\/wp\/v2\/media?parent=32686"}],"wp:term":[{"taxonomy":"product_brand","embeddable":true,"href":"https:\/\/truusk.store\/sv\/wp-json\/wp\/v2\/product_brand?post=32686"},{"taxonomy":"product_cat","embeddable":true,"href":"https:\/\/truusk.store\/sv\/wp-json\/wp\/v2\/product_cat?post=32686"},{"taxonomy":"product_tag","embeddable":true,"href":"https:\/\/truusk.store\/sv\/wp-json\/wp\/v2\/product_tag?post=32686"}],"curies":[{"name":"wp","href":"https:\/\/api.w.org\/{rel}","templated":true}]}}