{"id":32877,"date":"2024-02-13T22:15:36","date_gmt":"2024-02-13T21:15:36","guid":{"rendered":"https:\/\/truusk.store\/product\/upphojd-badd-polyrotting-med-hjul-vaxtlada-med-draneringshal-blomlada-blomkruka-kaffebrun-945-x-31-x-36-cm\/"},"modified":"2026-03-12T09:10:39","modified_gmt":"2026-03-12T08:10:39","slug":"truusk-upphojd-badd-med-hjul-polyrotting-vaxtlada-med-draneringshal-blomlada-kaffebrun-945-x-31-x-36-cm","status":"publish","type":"product","link":"https:\/\/truusk.store\/sv\/produkt\/truusk-upphojd-badd-med-hjul-polyrotting-vaxtlada-med-draneringshal-blomlada-kaffebrun-945-x-31-x-36-cm\/","title":{"rendered":"TRUUSK Upph\u00f6jd B\u00e4dd Med Hjul &#8211; Polyrotting &#8211; V\u00e4xtl\u00e5da Med Dr\u00e4neringsh\u00e5l &#8211; Bloml\u00e5da &#8211; Kaffebrun &#8211; 94,5 X 31 X 36 cm"},"content":{"rendered":"<p>Med denna bloml\u00e5da i rotting f\u00e5r du en praktisk hj\u00e4lpreda som kombinerar tidl\u00f6s rottingdesign och modern materialteknik. Tack vare fyra fritt r\u00f6rliga hjul kan denna upph\u00f6jda s\u00e4ng flyttas fritt \u00e4ven vid maximal kapacitet f\u00f6r att vara idealiskt anpassad till dina designkrav f\u00f6r dina rum. Anv\u00e4nd denna upph\u00f6jda s\u00e4ng inte bara som en s\u00e4ker plats f\u00f6r dina v\u00e4xter, utan ocks\u00e5 som en tidl\u00f6s, elegant inredning som kommer att ge klass till dina rum.<\/p>\n<h3>Beskrivning:<\/h3>\n<ul>\n<li>Rottinglook ger naturlig och sofistikerad estetik<\/li>\n<li>Inv\u00e4ndigt foder med tre \u00f6ppningar \u00e4r avtagbart och l\u00e4tt att reng\u00f6ra<\/li>\n<li>Stor kapacitet som ger plats f\u00f6r m\u00e5nga v\u00e4xter<\/li>\n<li>Fyra l\u00e5sande hjul f\u00f6r enkel f\u00f6rflyttning<\/li>\n<li>Robusta och h\u00e5llbara material s\u00e4kerst\u00e4ller tillf\u00f6rlitlig och l\u00e5ng anv\u00e4ndning<\/li>\n<li>L\u00e4mplig f\u00f6r inomhus- och utomhusutrymmen: vardagsrum, veranda, terrass eller balkong<\/li>\n<li>Montering kr\u00e4vs<\/li>\n<\/ul>\n<h3>Teknisk data:<\/h3>\n<ul>\n<li>F\u00e4rg: kaffebrun<\/li>\n<li>Material: PE rotting, st\u00e5l<\/li>\n<li>\u00d6vergripande m\u00e5tt: 94,5L x 31W x 36H cm<\/li>\n<li>Innerm\u00e5tt: 90L x 30W x 28H cm<\/li>\n<li>Lastkapacitet: 60 kg<\/li>\n<\/ul>\n<h3>Leveransens omfattning:<\/h3>\n<ul>\n<li>1 x tr\u00e4dg\u00e5rdss\u00e4ng i rotting<\/li>\n<li>1 x Instruktioner<\/li>\n<\/ul>\n","protected":false},"excerpt":{"rendered":"<p>Med denna bloml\u00e5da i rotting f\u00e5r du en praktisk hj\u00e4lpreda som kombinerar tidl\u00f6s rottingdesign och modern materialteknik. Tack vare fyra&#8230;<\/p>\n","protected":false},"featured_media":32878,"template":"","meta":[],"product_brand":[],"product_cat":[447,435,443],"product_tag":[],"class_list":{"0":"post-32877","1":"product","2":"type-product","3":"status-publish","4":"has-post-thumbnail","6":"product_cat-planteringsmaskiner","7":"product_cat-tradgard-och-terrass","8":"product_cat-vaxthus-tradgardsskotsel","10":"first","11":"instock","12":"sale","13":"taxable","14":"shipping-taxable","15":"purchasable","16":"product-type-simple"},"yoast_head":"<!-- This site is optimized with the Yoast SEO plugin v25.4 - https:\/\/yoast.com\/wordpress\/plugins\/seo\/ -->\n<title>TRUUSK Upph\u00f6jd B\u00e4dd Med Hjul - Polyrotting - V\u00e4xtl\u00e5da Med Dr\u00e4neringsh\u00e5l - Bloml\u00e5da - Kaffebrun - 94,5 X 31 X 36 cm - TRUUSK - Hem, Tr\u00e4dg\u00e5rd &amp; Fritid<\/title>\n<meta name=\"robots\" content=\"index, follow, max-snippet:-1, max-image-preview:large, max-video-preview:-1\" \/>\n<link rel=\"canonical\" href=\"https:\/\/truusk.store\/sv\/produkt\/truusk-upphojd-badd-med-hjul-polyrotting-vaxtlada-med-draneringshal-blomlada-kaffebrun-945-x-31-x-36-cm\/\" \/>\n<meta property=\"og:locale\" content=\"sv_SE\" \/>\n<meta property=\"og:type\" content=\"article\" \/>\n<meta property=\"og:title\" content=\"TRUUSK Upph\u00f6jd B\u00e4dd Med Hjul - Polyrotting - V\u00e4xtl\u00e5da Med Dr\u00e4neringsh\u00e5l - Bloml\u00e5da - Kaffebrun - 94,5 X 31 X 36 cm - TRUUSK - Hem, Tr\u00e4dg\u00e5rd &amp; Fritid\" \/>\n<meta property=\"og:description\" content=\"Med denna bloml\u00e5da i rotting f\u00e5r du en praktisk hj\u00e4lpreda som kombinerar tidl\u00f6s rottingdesign och modern materialteknik. Tack vare fyra...\" \/>\n<meta property=\"og:url\" content=\"https:\/\/truusk.store\/sv\/produkt\/truusk-upphojd-badd-med-hjul-polyrotting-vaxtlada-med-draneringshal-blomlada-kaffebrun-945-x-31-x-36-cm\/\" \/>\n<meta property=\"og:site_name\" content=\"TRUUSK - Hem, Tr\u00e4dg\u00e5rd &amp; Fritid\" \/>\n<meta property=\"article:modified_time\" content=\"2026-03-12T08:10:39+00:00\" \/>\n<meta property=\"og:image\" content=\"https:\/\/i0.wp.com\/truusk.se\/wp-content\/uploads\/2024\/02\/upphojd-badd-polyrotting-med-hjul-vaxtlada-med-draneringshal-blomlada-blomkruka-kaffebrun-945-x-31-x-36-cm.webp?fit=800%2C800&ssl=1\" \/>\n\t<meta property=\"og:image:width\" content=\"800\" \/>\n\t<meta property=\"og:image:height\" content=\"800\" \/>\n\t<meta property=\"og:image:type\" content=\"image\/webp\" \/>\n<meta name=\"twitter:card\" content=\"summary_large_image\" \/>\n<meta name=\"twitter:label1\" content=\"Ber\u00e4knad l\u00e4stid\" \/>\n\t<meta name=\"twitter:data1\" content=\"1 minut\" \/>\n<!-- \/ Yoast SEO plugin. -->","yoast_head_json":{"title":"TRUUSK Upph\u00f6jd B\u00e4dd Med Hjul - Polyrotting - V\u00e4xtl\u00e5da Med Dr\u00e4neringsh\u00e5l - Bloml\u00e5da - Kaffebrun - 94,5 X 31 X 36 cm - TRUUSK - Hem, Tr\u00e4dg\u00e5rd &amp; Fritid","robots":{"index":"index","follow":"follow","max-snippet":"max-snippet:-1","max-image-preview":"max-image-preview:large","max-video-preview":"max-video-preview:-1"},"canonical":"https:\/\/truusk.store\/sv\/produkt\/truusk-upphojd-badd-med-hjul-polyrotting-vaxtlada-med-draneringshal-blomlada-kaffebrun-945-x-31-x-36-cm\/","og_locale":"sv_SE","og_type":"article","og_title":"TRUUSK Upph\u00f6jd B\u00e4dd Med Hjul - Polyrotting - V\u00e4xtl\u00e5da Med Dr\u00e4neringsh\u00e5l - Bloml\u00e5da - Kaffebrun - 94,5 X 31 X 36 cm - TRUUSK - Hem, Tr\u00e4dg\u00e5rd &amp; Fritid","og_description":"Med denna bloml\u00e5da i rotting f\u00e5r du en praktisk hj\u00e4lpreda som kombinerar tidl\u00f6s rottingdesign och modern materialteknik. Tack vare fyra...","og_url":"https:\/\/truusk.store\/sv\/produkt\/truusk-upphojd-badd-med-hjul-polyrotting-vaxtlada-med-draneringshal-blomlada-kaffebrun-945-x-31-x-36-cm\/","og_site_name":"TRUUSK - Hem, Tr\u00e4dg\u00e5rd &amp; Fritid","article_modified_time":"2026-03-12T08:10:39+00:00","og_image":[{"width":800,"height":800,"url":"https:\/\/i0.wp.com\/truusk.se\/wp-content\/uploads\/2024\/02\/upphojd-badd-polyrotting-med-hjul-vaxtlada-med-draneringshal-blomlada-blomkruka-kaffebrun-945-x-31-x-36-cm.webp?fit=800%2C800&ssl=1","type":"image\/webp"}],"twitter_card":"summary_large_image","twitter_misc":{"Ber\u00e4knad l\u00e4stid":"1 minut"},"schema":{"@context":"https:\/\/schema.org","@graph":[{"@type":"WebPage","@id":"https:\/\/truusk.store\/sv\/produkt\/truusk-upphojd-badd-med-hjul-polyrotting-vaxtlada-med-draneringshal-blomlada-kaffebrun-945-x-31-x-36-cm\/","url":"https:\/\/truusk.store\/sv\/produkt\/truusk-upphojd-badd-med-hjul-polyrotting-vaxtlada-med-draneringshal-blomlada-kaffebrun-945-x-31-x-36-cm\/","name":"TRUUSK Upph\u00f6jd B\u00e4dd Med Hjul - Polyrotting - V\u00e4xtl\u00e5da Med Dr\u00e4neringsh\u00e5l - Bloml\u00e5da - Kaffebrun - 94,5 X 31 X 36 cm - TRUUSK - Hem, Tr\u00e4dg\u00e5rd &amp; Fritid","isPartOf":{"@id":"https:\/\/truusk.store\/sv\/#website"},"primaryImageOfPage":{"@id":"https:\/\/truusk.store\/sv\/produkt\/truusk-upphojd-badd-med-hjul-polyrotting-vaxtlada-med-draneringshal-blomlada-kaffebrun-945-x-31-x-36-cm\/#primaryimage"},"image":{"@id":"https:\/\/truusk.store\/sv\/produkt\/truusk-upphojd-badd-med-hjul-polyrotting-vaxtlada-med-draneringshal-blomlada-kaffebrun-945-x-31-x-36-cm\/#primaryimage"},"thumbnailUrl":"https:\/\/i0.wp.com\/truusk.store\/wp-content\/uploads\/2024\/02\/upphojd-badd-polyrotting-med-hjul-vaxtlada-med-draneringshal-blomlada-blomkruka-kaffebrun-945-x-31-x-36-cm.webp?fit=800%2C800&ssl=1","datePublished":"2024-02-13T21:15:36+00:00","dateModified":"2026-03-12T08:10:39+00:00","breadcrumb":{"@id":"https:\/\/truusk.store\/sv\/produkt\/truusk-upphojd-badd-med-hjul-polyrotting-vaxtlada-med-draneringshal-blomlada-kaffebrun-945-x-31-x-36-cm\/#breadcrumb"},"inLanguage":"sv-SE","potentialAction":[{"@type":"ReadAction","target":["https:\/\/truusk.store\/sv\/produkt\/truusk-upphojd-badd-med-hjul-polyrotting-vaxtlada-med-draneringshal-blomlada-kaffebrun-945-x-31-x-36-cm\/"]}]},{"@type":"ImageObject","inLanguage":"sv-SE","@id":"https:\/\/truusk.store\/sv\/produkt\/truusk-upphojd-badd-med-hjul-polyrotting-vaxtlada-med-draneringshal-blomlada-kaffebrun-945-x-31-x-36-cm\/#primaryimage","url":"https:\/\/i0.wp.com\/truusk.store\/wp-content\/uploads\/2024\/02\/upphojd-badd-polyrotting-med-hjul-vaxtlada-med-draneringshal-blomlada-blomkruka-kaffebrun-945-x-31-x-36-cm.webp?fit=800%2C800&ssl=1","contentUrl":"https:\/\/i0.wp.com\/truusk.store\/wp-content\/uploads\/2024\/02\/upphojd-badd-polyrotting-med-hjul-vaxtlada-med-draneringshal-blomlada-blomkruka-kaffebrun-945-x-31-x-36-cm.webp?fit=800%2C800&ssl=1","width":800,"height":800,"caption":"Upph\u00f6jd B\u00e4dd Polyrotting Med Hjul V\u00e4xtl\u00e5da Med Dr\u00e4neringsh\u00e5l Bloml\u00e5da Blomkruka Kaffebrun 94,5 X 31 X 36 Cm 1"},{"@type":"BreadcrumbList","@id":"https:\/\/truusk.store\/sv\/produkt\/truusk-upphojd-badd-med-hjul-polyrotting-vaxtlada-med-draneringshal-blomlada-kaffebrun-945-x-31-x-36-cm\/#breadcrumb","itemListElement":[{"@type":"ListItem","position":1,"name":"Home","item":"https:\/\/truusk.store\/sv\/"},{"@type":"ListItem","position":2,"name":"Shop","item":"https:\/\/truusk.store\/shop\/"},{"@type":"ListItem","position":3,"name":"TRUUSK Upph\u00f6jd B\u00e4dd Med Hjul &#8211; Polyrotting &#8211; V\u00e4xtl\u00e5da Med Dr\u00e4neringsh\u00e5l &#8211; Bloml\u00e5da &#8211; Kaffebrun &#8211; 94,5 X 31 X 36 cm"}]},{"@type":"WebSite","@id":"https:\/\/truusk.store\/sv\/#website","url":"https:\/\/truusk.store\/sv\/","name":"TRUUSK - Hem, Tr\u00e4dg\u00e5rd & Fritid","description":"","publisher":{"@id":"https:\/\/truusk.store\/sv\/#organization"},"potentialAction":[{"@type":"SearchAction","target":{"@type":"EntryPoint","urlTemplate":"https:\/\/truusk.store\/sv\/?s={search_term_string}"},"query-input":{"@type":"PropertyValueSpecification","valueRequired":true,"valueName":"search_term_string"}}],"inLanguage":"sv-SE"},{"@type":"Organization","@id":"https:\/\/truusk.store\/sv\/#organization","name":"TRUUSK - Hem, Tr\u00e4dg\u00e5rd & Fritid","url":"https:\/\/truusk.store\/sv\/","logo":{"@type":"ImageObject","inLanguage":"sv-SE","@id":"https:\/\/truusk.store\/sv\/#\/schema\/logo\/image\/","url":"https:\/\/i0.wp.com\/truusk.store\/wp-content\/uploads\/2026\/03\/cropped-TRUUSK.png?fit=2032%2C917&ssl=1","contentUrl":"https:\/\/i0.wp.com\/truusk.store\/wp-content\/uploads\/2026\/03\/cropped-TRUUSK.png?fit=2032%2C917&ssl=1","width":2032,"height":917,"caption":"TRUUSK - Hem, Tr\u00e4dg\u00e5rd & Fritid"},"image":{"@id":"https:\/\/truusk.store\/sv\/#\/schema\/logo\/image\/"}}]}},"jetpack_sharing_enabled":true,"_links":{"self":[{"href":"https:\/\/truusk.store\/sv\/wp-json\/wp\/v2\/product\/32877","targetHints":{"allow":["GET"]}}],"collection":[{"href":"https:\/\/truusk.store\/sv\/wp-json\/wp\/v2\/product"}],"about":[{"href":"https:\/\/truusk.store\/sv\/wp-json\/wp\/v2\/types\/product"}],"wp:featuredmedia":[{"embeddable":true,"href":"https:\/\/truusk.store\/sv\/wp-json\/wp\/v2\/media\/32878"}],"wp:attachment":[{"href":"https:\/\/truusk.store\/sv\/wp-json\/wp\/v2\/media?parent=32877"}],"wp:term":[{"taxonomy":"product_brand","embeddable":true,"href":"https:\/\/truusk.store\/sv\/wp-json\/wp\/v2\/product_brand?post=32877"},{"taxonomy":"product_cat","embeddable":true,"href":"https:\/\/truusk.store\/sv\/wp-json\/wp\/v2\/product_cat?post=32877"},{"taxonomy":"product_tag","embeddable":true,"href":"https:\/\/truusk.store\/sv\/wp-json\/wp\/v2\/product_tag?post=32877"}],"curies":[{"name":"wp","href":"https:\/\/api.w.org\/{rel}","templated":true}]}}