{"id":33009,"date":"2024-02-13T22:20:00","date_gmt":"2024-02-13T21:20:00","guid":{"rendered":"https:\/\/truusk.store\/product\/set-med-2-rullande-vaxtstall-massivt-tra-4-hjul-med-bromsar-30cm-x-30cm-x-7cm-brun-svart\/"},"modified":"2026-03-12T09:10:41","modified_gmt":"2026-03-12T08:10:41","slug":"truusk-set-med-2-rullande-vaxtstall-massivt-tra-4-hjul-med-bromsar-30cm-x-30cm-x-7cm-brun-svart","status":"publish","type":"product","link":"https:\/\/truusk.store\/sv\/produkt\/truusk-set-med-2-rullande-vaxtstall-massivt-tra-4-hjul-med-bromsar-30cm-x-30cm-x-7cm-brun-svart\/","title":{"rendered":"TRUUSK Set med 2 Rullande V\u00e4xtst\u00e4ll &#8211; Massivt Tr\u00e4 &#8211; 4 Hjul med Bromsar &#8211; 30cm x 30cm x 7cm &#8211; Brun + Svart"},"content":{"rendered":"<p>Denna flyttbara v\u00e4xthylla \u00e4r ett bra val f\u00f6r att dekorera din tr\u00e4dg\u00e5rd. Detta unika v\u00e4xtst\u00e4ll i tr\u00e4 erbjuder gott om plats att visa dina krukv\u00e4xter eller blommor. Tillverkad av massivt tr\u00e4 f\u00f6r stabilitet och med fyra hjul, erbjuder den massor av flexibilitet i tr\u00e4dg\u00e5rdsdesign. Du kan anv\u00e4nda v\u00e5rt v\u00e4xtst\u00e4ll inomhus f\u00f6r dina krukv\u00e4xter eller anv\u00e4nda det f\u00f6r att f\u00f6rsk\u00f6na ditt uteomr\u00e5de.<\/p>\n<h3>Beskrivning:<\/h3>\n<ul>\n<li>Set med 2 rullande v\u00e4xtst\u00e4ll<\/li>\n<li>Fyra hjul med bromsar ger gott om r\u00f6rlighet<\/li>\n<li>Stabil och h\u00e5llbar konstruktion av massivt tr\u00e4<\/li>\n<li>Passar bra f\u00f6r terrassen, tr\u00e4dg\u00e5rden eller inomhus<\/li>\n<li>Enkel montering kr\u00e4vs<\/li>\n<\/ul>\n<h3>Teknisk data:<\/h3>\n<ul>\n<li>F\u00e4rg: M\u00f6rkbrun<\/li>\n<li>Material: gran<\/li>\n<li>Totala m\u00e5tt: 30L x 30W x 7Hcm<\/li>\n<li>Viktkapacitet: 50 kg (varje stycke)<\/li>\n<\/ul>\n<h3>Leveransens omfattning:<\/h3>\n<ul>\n<li>2 x Plantst\u00e4ll<\/li>\n<li>1 x Instruktioner<\/li>\n<\/ul>\n","protected":false},"excerpt":{"rendered":"<p>Denna flyttbara v\u00e4xthylla \u00e4r ett bra val f\u00f6r att dekorera din tr\u00e4dg\u00e5rd. Detta unika v\u00e4xtst\u00e4ll i tr\u00e4 erbjuder gott om&#8230;<\/p>\n","protected":false},"featured_media":33010,"template":"","meta":[],"product_brand":[],"product_cat":[448,435,443],"product_tag":[],"class_list":{"0":"post-33009","1":"product","2":"type-product","3":"status-publish","4":"has-post-thumbnail","6":"product_cat-plantera-trappor-hyllor","7":"product_cat-tradgard-och-terrass","8":"product_cat-vaxthus-tradgardsskotsel","10":"first","11":"instock","12":"sale","13":"taxable","14":"shipping-taxable","15":"purchasable","16":"product-type-simple"},"yoast_head":"<!-- This site is optimized with the Yoast SEO plugin v25.4 - https:\/\/yoast.com\/wordpress\/plugins\/seo\/ -->\n<title>TRUUSK Set med 2 Rullande V\u00e4xtst\u00e4ll - Massivt Tr\u00e4 - 4 Hjul med Bromsar - 30cm x 30cm x 7cm - Brun + Svart - TRUUSK - Hem, Tr\u00e4dg\u00e5rd &amp; Fritid<\/title>\n<meta name=\"robots\" content=\"index, follow, max-snippet:-1, max-image-preview:large, max-video-preview:-1\" \/>\n<link rel=\"canonical\" href=\"https:\/\/truusk.store\/sv\/produkt\/truusk-set-med-2-rullande-vaxtstall-massivt-tra-4-hjul-med-bromsar-30cm-x-30cm-x-7cm-brun-svart\/\" \/>\n<meta property=\"og:locale\" content=\"sv_SE\" \/>\n<meta property=\"og:type\" content=\"article\" \/>\n<meta property=\"og:title\" content=\"TRUUSK Set med 2 Rullande V\u00e4xtst\u00e4ll - Massivt Tr\u00e4 - 4 Hjul med Bromsar - 30cm x 30cm x 7cm - Brun + Svart - TRUUSK - Hem, Tr\u00e4dg\u00e5rd &amp; Fritid\" \/>\n<meta property=\"og:description\" content=\"Denna flyttbara v\u00e4xthylla \u00e4r ett bra val f\u00f6r att dekorera din tr\u00e4dg\u00e5rd. Detta unika v\u00e4xtst\u00e4ll i tr\u00e4 erbjuder gott om...\" \/>\n<meta property=\"og:url\" content=\"https:\/\/truusk.store\/sv\/produkt\/truusk-set-med-2-rullande-vaxtstall-massivt-tra-4-hjul-med-bromsar-30cm-x-30cm-x-7cm-brun-svart\/\" \/>\n<meta property=\"og:site_name\" content=\"TRUUSK - Hem, Tr\u00e4dg\u00e5rd &amp; Fritid\" \/>\n<meta property=\"article:modified_time\" content=\"2026-03-12T08:10:41+00:00\" \/>\n<meta property=\"og:image\" content=\"https:\/\/i0.wp.com\/truusk.se\/wp-content\/uploads\/2024\/02\/set-med-2-rullande-vaxtstall-massivt-tra-4-hjul-med-bromsar-30cm-x-30cm-x-7cm-brun-svart.webp?fit=800%2C800&ssl=1\" \/>\n\t<meta property=\"og:image:width\" content=\"800\" \/>\n\t<meta property=\"og:image:height\" content=\"800\" \/>\n\t<meta property=\"og:image:type\" content=\"image\/webp\" \/>\n<meta name=\"twitter:card\" content=\"summary_large_image\" \/>\n<meta name=\"twitter:label1\" content=\"Ber\u00e4knad l\u00e4stid\" \/>\n\t<meta name=\"twitter:data1\" content=\"1 minut\" \/>\n<!-- \/ Yoast SEO plugin. -->","yoast_head_json":{"title":"TRUUSK Set med 2 Rullande V\u00e4xtst\u00e4ll - Massivt Tr\u00e4 - 4 Hjul med Bromsar - 30cm x 30cm x 7cm - Brun + Svart - TRUUSK - Hem, Tr\u00e4dg\u00e5rd &amp; Fritid","robots":{"index":"index","follow":"follow","max-snippet":"max-snippet:-1","max-image-preview":"max-image-preview:large","max-video-preview":"max-video-preview:-1"},"canonical":"https:\/\/truusk.store\/sv\/produkt\/truusk-set-med-2-rullande-vaxtstall-massivt-tra-4-hjul-med-bromsar-30cm-x-30cm-x-7cm-brun-svart\/","og_locale":"sv_SE","og_type":"article","og_title":"TRUUSK Set med 2 Rullande V\u00e4xtst\u00e4ll - Massivt Tr\u00e4 - 4 Hjul med Bromsar - 30cm x 30cm x 7cm - Brun + Svart - TRUUSK - Hem, Tr\u00e4dg\u00e5rd &amp; Fritid","og_description":"Denna flyttbara v\u00e4xthylla \u00e4r ett bra val f\u00f6r att dekorera din tr\u00e4dg\u00e5rd. Detta unika v\u00e4xtst\u00e4ll i tr\u00e4 erbjuder gott om...","og_url":"https:\/\/truusk.store\/sv\/produkt\/truusk-set-med-2-rullande-vaxtstall-massivt-tra-4-hjul-med-bromsar-30cm-x-30cm-x-7cm-brun-svart\/","og_site_name":"TRUUSK - Hem, Tr\u00e4dg\u00e5rd &amp; Fritid","article_modified_time":"2026-03-12T08:10:41+00:00","og_image":[{"width":800,"height":800,"url":"https:\/\/i0.wp.com\/truusk.se\/wp-content\/uploads\/2024\/02\/set-med-2-rullande-vaxtstall-massivt-tra-4-hjul-med-bromsar-30cm-x-30cm-x-7cm-brun-svart.webp?fit=800%2C800&ssl=1","type":"image\/webp"}],"twitter_card":"summary_large_image","twitter_misc":{"Ber\u00e4knad l\u00e4stid":"1 minut"},"schema":{"@context":"https:\/\/schema.org","@graph":[{"@type":"WebPage","@id":"https:\/\/truusk.store\/sv\/produkt\/truusk-set-med-2-rullande-vaxtstall-massivt-tra-4-hjul-med-bromsar-30cm-x-30cm-x-7cm-brun-svart\/","url":"https:\/\/truusk.store\/sv\/produkt\/truusk-set-med-2-rullande-vaxtstall-massivt-tra-4-hjul-med-bromsar-30cm-x-30cm-x-7cm-brun-svart\/","name":"TRUUSK Set med 2 Rullande V\u00e4xtst\u00e4ll - Massivt Tr\u00e4 - 4 Hjul med Bromsar - 30cm x 30cm x 7cm - Brun + Svart - TRUUSK - Hem, Tr\u00e4dg\u00e5rd &amp; Fritid","isPartOf":{"@id":"https:\/\/truusk.store\/sv\/#website"},"primaryImageOfPage":{"@id":"https:\/\/truusk.store\/sv\/produkt\/truusk-set-med-2-rullande-vaxtstall-massivt-tra-4-hjul-med-bromsar-30cm-x-30cm-x-7cm-brun-svart\/#primaryimage"},"image":{"@id":"https:\/\/truusk.store\/sv\/produkt\/truusk-set-med-2-rullande-vaxtstall-massivt-tra-4-hjul-med-bromsar-30cm-x-30cm-x-7cm-brun-svart\/#primaryimage"},"thumbnailUrl":"https:\/\/i0.wp.com\/truusk.store\/wp-content\/uploads\/2024\/02\/set-med-2-rullande-vaxtstall-massivt-tra-4-hjul-med-bromsar-30cm-x-30cm-x-7cm-brun-svart.webp?fit=800%2C800&ssl=1","datePublished":"2024-02-13T21:20:00+00:00","dateModified":"2026-03-12T08:10:41+00:00","breadcrumb":{"@id":"https:\/\/truusk.store\/sv\/produkt\/truusk-set-med-2-rullande-vaxtstall-massivt-tra-4-hjul-med-bromsar-30cm-x-30cm-x-7cm-brun-svart\/#breadcrumb"},"inLanguage":"sv-SE","potentialAction":[{"@type":"ReadAction","target":["https:\/\/truusk.store\/sv\/produkt\/truusk-set-med-2-rullande-vaxtstall-massivt-tra-4-hjul-med-bromsar-30cm-x-30cm-x-7cm-brun-svart\/"]}]},{"@type":"ImageObject","inLanguage":"sv-SE","@id":"https:\/\/truusk.store\/sv\/produkt\/truusk-set-med-2-rullande-vaxtstall-massivt-tra-4-hjul-med-bromsar-30cm-x-30cm-x-7cm-brun-svart\/#primaryimage","url":"https:\/\/i0.wp.com\/truusk.store\/wp-content\/uploads\/2024\/02\/set-med-2-rullande-vaxtstall-massivt-tra-4-hjul-med-bromsar-30cm-x-30cm-x-7cm-brun-svart.webp?fit=800%2C800&ssl=1","contentUrl":"https:\/\/i0.wp.com\/truusk.store\/wp-content\/uploads\/2024\/02\/set-med-2-rullande-vaxtstall-massivt-tra-4-hjul-med-bromsar-30cm-x-30cm-x-7cm-brun-svart.webp?fit=800%2C800&ssl=1","width":800,"height":800,"caption":"Set Med 2 Rullande V\u00e4xtst\u00e4ll, Massivt Tr\u00e4, 4 Hjul Med Bromsar, 30cm X 30cm X 7cm, Brun + Svart 1"},{"@type":"BreadcrumbList","@id":"https:\/\/truusk.store\/sv\/produkt\/truusk-set-med-2-rullande-vaxtstall-massivt-tra-4-hjul-med-bromsar-30cm-x-30cm-x-7cm-brun-svart\/#breadcrumb","itemListElement":[{"@type":"ListItem","position":1,"name":"Home","item":"https:\/\/truusk.store\/sv\/"},{"@type":"ListItem","position":2,"name":"Shop","item":"https:\/\/truusk.store\/shop\/"},{"@type":"ListItem","position":3,"name":"TRUUSK Set med 2 Rullande V\u00e4xtst\u00e4ll &#8211; Massivt Tr\u00e4 &#8211; 4 Hjul med Bromsar &#8211; 30cm x 30cm x 7cm &#8211; Brun + Svart"}]},{"@type":"WebSite","@id":"https:\/\/truusk.store\/sv\/#website","url":"https:\/\/truusk.store\/sv\/","name":"TRUUSK - Hem, Tr\u00e4dg\u00e5rd & Fritid","description":"","publisher":{"@id":"https:\/\/truusk.store\/sv\/#organization"},"potentialAction":[{"@type":"SearchAction","target":{"@type":"EntryPoint","urlTemplate":"https:\/\/truusk.store\/sv\/?s={search_term_string}"},"query-input":{"@type":"PropertyValueSpecification","valueRequired":true,"valueName":"search_term_string"}}],"inLanguage":"sv-SE"},{"@type":"Organization","@id":"https:\/\/truusk.store\/sv\/#organization","name":"TRUUSK - Hem, Tr\u00e4dg\u00e5rd & Fritid","url":"https:\/\/truusk.store\/sv\/","logo":{"@type":"ImageObject","inLanguage":"sv-SE","@id":"https:\/\/truusk.store\/sv\/#\/schema\/logo\/image\/","url":"https:\/\/i0.wp.com\/truusk.store\/wp-content\/uploads\/2026\/03\/cropped-TRUUSK.png?fit=2032%2C917&ssl=1","contentUrl":"https:\/\/i0.wp.com\/truusk.store\/wp-content\/uploads\/2026\/03\/cropped-TRUUSK.png?fit=2032%2C917&ssl=1","width":2032,"height":917,"caption":"TRUUSK - Hem, Tr\u00e4dg\u00e5rd & Fritid"},"image":{"@id":"https:\/\/truusk.store\/sv\/#\/schema\/logo\/image\/"}}]}},"jetpack_sharing_enabled":true,"_links":{"self":[{"href":"https:\/\/truusk.store\/sv\/wp-json\/wp\/v2\/product\/33009","targetHints":{"allow":["GET"]}}],"collection":[{"href":"https:\/\/truusk.store\/sv\/wp-json\/wp\/v2\/product"}],"about":[{"href":"https:\/\/truusk.store\/sv\/wp-json\/wp\/v2\/types\/product"}],"wp:featuredmedia":[{"embeddable":true,"href":"https:\/\/truusk.store\/sv\/wp-json\/wp\/v2\/media\/33010"}],"wp:attachment":[{"href":"https:\/\/truusk.store\/sv\/wp-json\/wp\/v2\/media?parent=33009"}],"wp:term":[{"taxonomy":"product_brand","embeddable":true,"href":"https:\/\/truusk.store\/sv\/wp-json\/wp\/v2\/product_brand?post=33009"},{"taxonomy":"product_cat","embeddable":true,"href":"https:\/\/truusk.store\/sv\/wp-json\/wp\/v2\/product_cat?post=33009"},{"taxonomy":"product_tag","embeddable":true,"href":"https:\/\/truusk.store\/sv\/wp-json\/wp\/v2\/product_tag?post=33009"}],"curies":[{"name":"wp","href":"https:\/\/api.w.org\/{rel}","templated":true}]}}