{"id":33020,"date":"2024-02-13T22:20:21","date_gmt":"2024-02-13T21:20:21","guid":{"rendered":"https:\/\/truusk.store\/product\/stalupphojd-badd-3-vanings-tradgardssang-med-t-form-vaxtskyltar-handskar-vaxtbadd-ortbadd-blomstrappa-for-balkong-tradgard-morkgra-118-x-118-x-62-cm\/"},"modified":"2026-03-12T09:10:42","modified_gmt":"2026-03-12T08:10:42","slug":"truusk-stalupphojd-badd-3-vanings-tradgardssang-t-form-vaxtskyltar-handskar-ortbadd-blomstrappa-morkgra-118-x-118-x-62","status":"publish","type":"product","link":"https:\/\/truusk.store\/sv\/produkt\/truusk-stalupphojd-badd-3-vanings-tradgardssang-t-form-vaxtskyltar-handskar-ortbadd-blomstrappa-morkgra-118-x-118-x-62\/","title":{"rendered":"TRUUSK St\u00e5lupph\u00f6jd B\u00e4dd 3-v\u00e5nings Tr\u00e4dg\u00e5rdss\u00e4ng &#8211; T-form V\u00e4xtskyltar &#8211; Handskar &#8211; \u00d6rtb\u00e4dd &#8211; Blomstrappa &#8211; M\u00f6rkgr\u00e5 118 X 118 X 62"},"content":{"rendered":"<p>Vill du plantera blommor och gr\u00f6nsaker men har inte s\u00e5 mycket plats f\u00f6r det? Kolla d\u00e5 in denna 3-v\u00e5nings tr\u00e4dg\u00e5rdss\u00e4ng i metall! Varje niv\u00e5 \u00e4r ansluten till varandra genom de anslutande delarna. Du kan ta bort anslutningsdelarna f\u00f6r att omvandla hela v\u00e4xttrappan till 3 individuella tr\u00e4dg\u00e5rdsb\u00e4ddar f\u00f6r en st\u00f6rre odlingsyta. Kolla in detta praktiska, snygga och platsbesparande v\u00e4xtst\u00e4ll och l\u00e5t dina gr\u00f6na v\u00e4nner v\u00e4xa!<\/p>\n<h3>Beskrivning:<\/h3>\n<ul>\n<li>Den 3-v\u00e5nings upph\u00f6jda b\u00e4dden ger dig gott om plats f\u00f6r dina v\u00e4xter<\/li>\n<li>Kan anv\u00e4ndas individuellt och tillsammans<\/li>\n<li>3 separata v\u00e4xtb\u00e4ddar eller 1 tv\u00e5v\u00e5ningsb\u00e4dd med 1 separat v\u00e4xtl\u00e5da<\/li>\n<li>Den bottenl\u00f6sa designen g\u00f6r den perfekt f\u00f6r v\u00e4xter med l\u00e5nga r\u00f6tter<\/li>\n<li>Tillverkad av robust f\u00f6rtjockad metall med rostskyddsbel\u00e4ggning f\u00f6r l\u00e5ng livsl\u00e4ngd<\/li>\n<li>Inkluderar tr\u00e4dg\u00e5rdshandskar f\u00f6r att skydda dina h\u00e4nder<\/li>\n<\/ul>\n<h3>Teknisk data:<\/h3>\n<ul>\n<li>F\u00e4rg: M\u00f6rkgr\u00e5<\/li>\n<li>Material: st\u00e5l<\/li>\n<li>\u00d6vergripande m\u00e5tt: 118L x 118W x 62H cm<\/li>\n<li>Enskilda planteringsk\u00e4rl: 118L x 47,5W x 20H cm, 118L x 90W x 20Hcm, 118L x 118W x 20H cm<\/li>\n<\/ul>\n<h3>Leveransens omfattning:<\/h3>\n<ul>\n<li>1 x Garden Bed Set<\/li>\n<li>Ett par handskar<\/li>\n<li>T-formade v\u00e4xttecken<\/li>\n<li>1 x Instruktioner<\/li>\n<\/ul>\n","protected":false},"excerpt":{"rendered":"<p>Vill du plantera blommor och gr\u00f6nsaker men har inte s\u00e5 mycket plats f\u00f6r det? Kolla d\u00e5 in denna 3-v\u00e5nings tr\u00e4dg\u00e5rdss\u00e4ng&#8230;<\/p>\n","protected":false},"featured_media":33021,"template":"","meta":[],"product_brand":[],"product_cat":[447,435,443],"product_tag":[],"class_list":{"0":"post-33020","1":"product","2":"type-product","3":"status-publish","4":"has-post-thumbnail","6":"product_cat-planteringsmaskiner","7":"product_cat-tradgard-och-terrass","8":"product_cat-vaxthus-tradgardsskotsel","10":"first","11":"instock","12":"sale","13":"taxable","14":"shipping-taxable","15":"purchasable","16":"product-type-simple"},"yoast_head":"<!-- This site is optimized with the Yoast SEO plugin v25.4 - https:\/\/yoast.com\/wordpress\/plugins\/seo\/ -->\n<title>TRUUSK St\u00e5lupph\u00f6jd B\u00e4dd 3-v\u00e5nings Tr\u00e4dg\u00e5rdss\u00e4ng - T-form V\u00e4xtskyltar - Handskar - \u00d6rtb\u00e4dd - Blomstrappa - M\u00f6rkgr\u00e5 118 X 118 X 62 - TRUUSK - Hem, Tr\u00e4dg\u00e5rd &amp; Fritid<\/title>\n<meta name=\"robots\" content=\"index, follow, max-snippet:-1, max-image-preview:large, max-video-preview:-1\" \/>\n<link rel=\"canonical\" href=\"https:\/\/truusk.store\/sv\/produkt\/truusk-stalupphojd-badd-3-vanings-tradgardssang-t-form-vaxtskyltar-handskar-ortbadd-blomstrappa-morkgra-118-x-118-x-62\/\" \/>\n<meta property=\"og:locale\" content=\"sv_SE\" \/>\n<meta property=\"og:type\" content=\"article\" \/>\n<meta property=\"og:title\" content=\"TRUUSK St\u00e5lupph\u00f6jd B\u00e4dd 3-v\u00e5nings Tr\u00e4dg\u00e5rdss\u00e4ng - T-form V\u00e4xtskyltar - Handskar - \u00d6rtb\u00e4dd - Blomstrappa - M\u00f6rkgr\u00e5 118 X 118 X 62 - TRUUSK - Hem, Tr\u00e4dg\u00e5rd &amp; Fritid\" \/>\n<meta property=\"og:description\" content=\"Vill du plantera blommor och gr\u00f6nsaker men har inte s\u00e5 mycket plats f\u00f6r det? Kolla d\u00e5 in denna 3-v\u00e5nings tr\u00e4dg\u00e5rdss\u00e4ng...\" \/>\n<meta property=\"og:url\" content=\"https:\/\/truusk.store\/sv\/produkt\/truusk-stalupphojd-badd-3-vanings-tradgardssang-t-form-vaxtskyltar-handskar-ortbadd-blomstrappa-morkgra-118-x-118-x-62\/\" \/>\n<meta property=\"og:site_name\" content=\"TRUUSK - Hem, Tr\u00e4dg\u00e5rd &amp; Fritid\" \/>\n<meta property=\"article:modified_time\" content=\"2026-03-12T08:10:42+00:00\" \/>\n<meta property=\"og:image\" content=\"https:\/\/i0.wp.com\/truusk.se\/wp-content\/uploads\/2024\/02\/stalupphojd-badd-3-vanings-tradgardssang-med-t-form-vaxtskyltar-handskar-vaxtbadd-ortbadd-blomstrappa-for-balkong-tradgard-morkgra-118-x-118-x-62-cm.webp?fit=800%2C800&ssl=1\" \/>\n\t<meta property=\"og:image:width\" content=\"800\" \/>\n\t<meta property=\"og:image:height\" content=\"800\" \/>\n\t<meta property=\"og:image:type\" content=\"image\/webp\" \/>\n<meta name=\"twitter:card\" content=\"summary_large_image\" \/>\n<meta name=\"twitter:label1\" content=\"Ber\u00e4knad l\u00e4stid\" \/>\n\t<meta name=\"twitter:data1\" content=\"1 minut\" \/>\n<!-- \/ Yoast SEO plugin. -->","yoast_head_json":{"title":"TRUUSK St\u00e5lupph\u00f6jd B\u00e4dd 3-v\u00e5nings Tr\u00e4dg\u00e5rdss\u00e4ng - T-form V\u00e4xtskyltar - Handskar - \u00d6rtb\u00e4dd - Blomstrappa - M\u00f6rkgr\u00e5 118 X 118 X 62 - TRUUSK - Hem, Tr\u00e4dg\u00e5rd &amp; Fritid","robots":{"index":"index","follow":"follow","max-snippet":"max-snippet:-1","max-image-preview":"max-image-preview:large","max-video-preview":"max-video-preview:-1"},"canonical":"https:\/\/truusk.store\/sv\/produkt\/truusk-stalupphojd-badd-3-vanings-tradgardssang-t-form-vaxtskyltar-handskar-ortbadd-blomstrappa-morkgra-118-x-118-x-62\/","og_locale":"sv_SE","og_type":"article","og_title":"TRUUSK St\u00e5lupph\u00f6jd B\u00e4dd 3-v\u00e5nings Tr\u00e4dg\u00e5rdss\u00e4ng - T-form V\u00e4xtskyltar - Handskar - \u00d6rtb\u00e4dd - Blomstrappa - M\u00f6rkgr\u00e5 118 X 118 X 62 - TRUUSK - Hem, Tr\u00e4dg\u00e5rd &amp; Fritid","og_description":"Vill du plantera blommor och gr\u00f6nsaker men har inte s\u00e5 mycket plats f\u00f6r det? Kolla d\u00e5 in denna 3-v\u00e5nings tr\u00e4dg\u00e5rdss\u00e4ng...","og_url":"https:\/\/truusk.store\/sv\/produkt\/truusk-stalupphojd-badd-3-vanings-tradgardssang-t-form-vaxtskyltar-handskar-ortbadd-blomstrappa-morkgra-118-x-118-x-62\/","og_site_name":"TRUUSK - Hem, Tr\u00e4dg\u00e5rd &amp; Fritid","article_modified_time":"2026-03-12T08:10:42+00:00","og_image":[{"width":800,"height":800,"url":"https:\/\/i0.wp.com\/truusk.se\/wp-content\/uploads\/2024\/02\/stalupphojd-badd-3-vanings-tradgardssang-med-t-form-vaxtskyltar-handskar-vaxtbadd-ortbadd-blomstrappa-for-balkong-tradgard-morkgra-118-x-118-x-62-cm.webp?fit=800%2C800&ssl=1","type":"image\/webp"}],"twitter_card":"summary_large_image","twitter_misc":{"Ber\u00e4knad l\u00e4stid":"1 minut"},"schema":{"@context":"https:\/\/schema.org","@graph":[{"@type":"WebPage","@id":"https:\/\/truusk.store\/sv\/produkt\/truusk-stalupphojd-badd-3-vanings-tradgardssang-t-form-vaxtskyltar-handskar-ortbadd-blomstrappa-morkgra-118-x-118-x-62\/","url":"https:\/\/truusk.store\/sv\/produkt\/truusk-stalupphojd-badd-3-vanings-tradgardssang-t-form-vaxtskyltar-handskar-ortbadd-blomstrappa-morkgra-118-x-118-x-62\/","name":"TRUUSK St\u00e5lupph\u00f6jd B\u00e4dd 3-v\u00e5nings Tr\u00e4dg\u00e5rdss\u00e4ng - T-form V\u00e4xtskyltar - Handskar - \u00d6rtb\u00e4dd - Blomstrappa - M\u00f6rkgr\u00e5 118 X 118 X 62 - TRUUSK - Hem, Tr\u00e4dg\u00e5rd &amp; Fritid","isPartOf":{"@id":"https:\/\/truusk.store\/sv\/#website"},"primaryImageOfPage":{"@id":"https:\/\/truusk.store\/sv\/produkt\/truusk-stalupphojd-badd-3-vanings-tradgardssang-t-form-vaxtskyltar-handskar-ortbadd-blomstrappa-morkgra-118-x-118-x-62\/#primaryimage"},"image":{"@id":"https:\/\/truusk.store\/sv\/produkt\/truusk-stalupphojd-badd-3-vanings-tradgardssang-t-form-vaxtskyltar-handskar-ortbadd-blomstrappa-morkgra-118-x-118-x-62\/#primaryimage"},"thumbnailUrl":"https:\/\/i0.wp.com\/truusk.store\/wp-content\/uploads\/2024\/02\/stalupphojd-badd-3-vanings-tradgardssang-med-t-form-vaxtskyltar-handskar-vaxtbadd-ortbadd-blomstrappa-for-balkong-tradgard-morkgra-118-x-118-x-62-cm.webp?fit=800%2C800&ssl=1","datePublished":"2024-02-13T21:20:21+00:00","dateModified":"2026-03-12T08:10:42+00:00","breadcrumb":{"@id":"https:\/\/truusk.store\/sv\/produkt\/truusk-stalupphojd-badd-3-vanings-tradgardssang-t-form-vaxtskyltar-handskar-ortbadd-blomstrappa-morkgra-118-x-118-x-62\/#breadcrumb"},"inLanguage":"sv-SE","potentialAction":[{"@type":"ReadAction","target":["https:\/\/truusk.store\/sv\/produkt\/truusk-stalupphojd-badd-3-vanings-tradgardssang-t-form-vaxtskyltar-handskar-ortbadd-blomstrappa-morkgra-118-x-118-x-62\/"]}]},{"@type":"ImageObject","inLanguage":"sv-SE","@id":"https:\/\/truusk.store\/sv\/produkt\/truusk-stalupphojd-badd-3-vanings-tradgardssang-t-form-vaxtskyltar-handskar-ortbadd-blomstrappa-morkgra-118-x-118-x-62\/#primaryimage","url":"https:\/\/i0.wp.com\/truusk.store\/wp-content\/uploads\/2024\/02\/stalupphojd-badd-3-vanings-tradgardssang-med-t-form-vaxtskyltar-handskar-vaxtbadd-ortbadd-blomstrappa-for-balkong-tradgard-morkgra-118-x-118-x-62-cm.webp?fit=800%2C800&ssl=1","contentUrl":"https:\/\/i0.wp.com\/truusk.store\/wp-content\/uploads\/2024\/02\/stalupphojd-badd-3-vanings-tradgardssang-med-t-form-vaxtskyltar-handskar-vaxtbadd-ortbadd-blomstrappa-for-balkong-tradgard-morkgra-118-x-118-x-62-cm.webp?fit=800%2C800&ssl=1","width":800,"height":800,"caption":"St\u00e5lupph\u00f6jd B\u00e4dd 3-v\u00e5nings Tr\u00e4dg\u00e5rdss\u00e4ng Med T-form V\u00e4xtskyltar Handskar V\u00e4xtb\u00e4dd \u00d6rtb\u00e4dd Blomstrappa F\u00f6r Balkong Tr\u00e4dg\u00e5rd M\u00f6rkgr\u00e5 118 X 118 X 62 Cm 1"},{"@type":"BreadcrumbList","@id":"https:\/\/truusk.store\/sv\/produkt\/truusk-stalupphojd-badd-3-vanings-tradgardssang-t-form-vaxtskyltar-handskar-ortbadd-blomstrappa-morkgra-118-x-118-x-62\/#breadcrumb","itemListElement":[{"@type":"ListItem","position":1,"name":"Home","item":"https:\/\/truusk.store\/sv\/"},{"@type":"ListItem","position":2,"name":"Shop","item":"https:\/\/truusk.store\/shop\/"},{"@type":"ListItem","position":3,"name":"TRUUSK St\u00e5lupph\u00f6jd B\u00e4dd 3-v\u00e5nings Tr\u00e4dg\u00e5rdss\u00e4ng &#8211; T-form V\u00e4xtskyltar &#8211; Handskar &#8211; \u00d6rtb\u00e4dd &#8211; Blomstrappa &#8211; M\u00f6rkgr\u00e5 118 X 118 X 62"}]},{"@type":"WebSite","@id":"https:\/\/truusk.store\/sv\/#website","url":"https:\/\/truusk.store\/sv\/","name":"TRUUSK - Hem, Tr\u00e4dg\u00e5rd & Fritid","description":"","publisher":{"@id":"https:\/\/truusk.store\/sv\/#organization"},"potentialAction":[{"@type":"SearchAction","target":{"@type":"EntryPoint","urlTemplate":"https:\/\/truusk.store\/sv\/?s={search_term_string}"},"query-input":{"@type":"PropertyValueSpecification","valueRequired":true,"valueName":"search_term_string"}}],"inLanguage":"sv-SE"},{"@type":"Organization","@id":"https:\/\/truusk.store\/sv\/#organization","name":"TRUUSK - Hem, Tr\u00e4dg\u00e5rd & Fritid","url":"https:\/\/truusk.store\/sv\/","logo":{"@type":"ImageObject","inLanguage":"sv-SE","@id":"https:\/\/truusk.store\/sv\/#\/schema\/logo\/image\/","url":"https:\/\/i0.wp.com\/truusk.store\/wp-content\/uploads\/2026\/03\/cropped-TRUUSK.png?fit=2032%2C917&ssl=1","contentUrl":"https:\/\/i0.wp.com\/truusk.store\/wp-content\/uploads\/2026\/03\/cropped-TRUUSK.png?fit=2032%2C917&ssl=1","width":2032,"height":917,"caption":"TRUUSK - Hem, Tr\u00e4dg\u00e5rd & Fritid"},"image":{"@id":"https:\/\/truusk.store\/sv\/#\/schema\/logo\/image\/"}}]}},"jetpack_sharing_enabled":true,"_links":{"self":[{"href":"https:\/\/truusk.store\/sv\/wp-json\/wp\/v2\/product\/33020","targetHints":{"allow":["GET"]}}],"collection":[{"href":"https:\/\/truusk.store\/sv\/wp-json\/wp\/v2\/product"}],"about":[{"href":"https:\/\/truusk.store\/sv\/wp-json\/wp\/v2\/types\/product"}],"wp:featuredmedia":[{"embeddable":true,"href":"https:\/\/truusk.store\/sv\/wp-json\/wp\/v2\/media\/33021"}],"wp:attachment":[{"href":"https:\/\/truusk.store\/sv\/wp-json\/wp\/v2\/media?parent=33020"}],"wp:term":[{"taxonomy":"product_brand","embeddable":true,"href":"https:\/\/truusk.store\/sv\/wp-json\/wp\/v2\/product_brand?post=33020"},{"taxonomy":"product_cat","embeddable":true,"href":"https:\/\/truusk.store\/sv\/wp-json\/wp\/v2\/product_cat?post=33020"},{"taxonomy":"product_tag","embeddable":true,"href":"https:\/\/truusk.store\/sv\/wp-json\/wp\/v2\/product_tag?post=33020"}],"curies":[{"name":"wp","href":"https:\/\/api.w.org\/{rel}","templated":true}]}}