{"id":33033,"date":"2024-02-13T22:20:50","date_gmt":"2024-02-13T21:20:50","guid":{"rendered":"https:\/\/truusk.store\/product\/upphojd-badd-i-metall-2-separata-planteringsytor-oppet-golv-latt-att-montera-125-x-47-x-40-cm-gron\/"},"modified":"2026-03-12T09:10:42","modified_gmt":"2026-03-12T08:10:42","slug":"truusk-upphojd-badd-i-metall-separata-planteringsytor-oppet-golv-latt-att-montera-125-x-47-x-40-cm-gron","status":"publish","type":"product","link":"https:\/\/truusk.store\/sv\/produkt\/truusk-upphojd-badd-i-metall-separata-planteringsytor-oppet-golv-latt-att-montera-125-x-47-x-40-cm-gron\/","title":{"rendered":"TRUUSK Upph\u00f6jd B\u00e4dd i Metall &#8211; Separata Planteringsytor &#8211; \u00d6ppet Golv &#8211; L\u00e4tt att Montera &#8211; 125 x 47 x 40 cm &#8211; Gr\u00f6n"},"content":{"rendered":"<p>Uppt\u00e4ck det perfekta s\u00e4ttet att odla v\u00e4xter och gr\u00f6nsaker hemma med v\u00e5r h\u00f6gb\u00e4dd. Enkel montering och snabba instruktioner g\u00f6r det enkelt att plantera din egen. V\u00e5r v\u00e4xtl\u00e5da skyddar inte bara mot ogr\u00e4s, jordpackning och vattenansamling, utan erbjuder ocks\u00e5 optimala f\u00f6ruts\u00e4ttningar f\u00f6r en sund v\u00e4xttillv\u00e4xt.<\/p>\n<h3>Beskrivning:<\/h3>\n<ul>\n<li>Ogr\u00e4sfri rabatt och \u00f6versv\u00e4mningsskydd<\/li>\n<li>Extra djup design av planteringsl\u00e5dan f\u00f6r v\u00e4xter med l\u00e5nga r\u00f6tter<\/li>\n<li>Robust st\u00e5l med slitstark rostskyddsbel\u00e4ggning<\/li>\n<li>M\u00e5nga \u00e5rs anv\u00e4ndning utan omfattande sk\u00f6tsel<\/li>\n<li>Enkel montering f\u00f6r omedelbar anv\u00e4ndning<\/li>\n<\/ul>\n<h3>Teknisk data:<\/h3>\n<ul>\n<li>F\u00e4rg: gr\u00f6n<\/li>\n<li>Material: st\u00e5l<\/li>\n<li>\u00d6vergripande m\u00e5tt: 125L x 47W x 40H cm<\/li>\n<li>Innerm\u00e5tt: 122L x 43W x 40H cm<\/li>\n<\/ul>\n<h3>Leveransens omfattning:<\/h3>\n<ul>\n<li>1 x tr\u00e4dg\u00e5rdss\u00e4ng<\/li>\n<li>1 x handskar<\/li>\n<li>1 x Instruktioner<\/li>\n<\/ul>\n","protected":false},"excerpt":{"rendered":"<p>Uppt\u00e4ck det perfekta s\u00e4ttet att odla v\u00e4xter och gr\u00f6nsaker hemma med v\u00e5r h\u00f6gb\u00e4dd. Enkel montering och snabba instruktioner g\u00f6r det&#8230;<\/p>\n","protected":false},"featured_media":33034,"template":"","meta":[],"product_brand":[],"product_cat":[445,435,443],"product_tag":[],"class_list":{"0":"post-33033","1":"product","2":"type-product","3":"status-publish","4":"has-post-thumbnail","6":"product_cat-kalla-ramar","7":"product_cat-tradgard-och-terrass","8":"product_cat-vaxthus-tradgardsskotsel","10":"first","11":"instock","12":"sale","13":"taxable","14":"shipping-taxable","15":"purchasable","16":"product-type-simple"},"yoast_head":"<!-- This site is optimized with the Yoast SEO plugin v25.4 - https:\/\/yoast.com\/wordpress\/plugins\/seo\/ -->\n<title>TRUUSK Upph\u00f6jd B\u00e4dd i Metall - Separata Planteringsytor - \u00d6ppet Golv - L\u00e4tt att Montera - 125 x 47 x 40 cm - Gr\u00f6n - TRUUSK - Hem, Tr\u00e4dg\u00e5rd &amp; Fritid<\/title>\n<meta name=\"robots\" content=\"index, follow, max-snippet:-1, max-image-preview:large, max-video-preview:-1\" \/>\n<link rel=\"canonical\" href=\"https:\/\/truusk.store\/sv\/produkt\/truusk-upphojd-badd-i-metall-separata-planteringsytor-oppet-golv-latt-att-montera-125-x-47-x-40-cm-gron\/\" \/>\n<meta property=\"og:locale\" content=\"sv_SE\" \/>\n<meta property=\"og:type\" content=\"article\" \/>\n<meta property=\"og:title\" content=\"TRUUSK Upph\u00f6jd B\u00e4dd i Metall - Separata Planteringsytor - \u00d6ppet Golv - L\u00e4tt att Montera - 125 x 47 x 40 cm - Gr\u00f6n - TRUUSK - Hem, Tr\u00e4dg\u00e5rd &amp; Fritid\" \/>\n<meta property=\"og:description\" content=\"Uppt\u00e4ck det perfekta s\u00e4ttet att odla v\u00e4xter och gr\u00f6nsaker hemma med v\u00e5r h\u00f6gb\u00e4dd. Enkel montering och snabba instruktioner g\u00f6r det...\" \/>\n<meta property=\"og:url\" content=\"https:\/\/truusk.store\/sv\/produkt\/truusk-upphojd-badd-i-metall-separata-planteringsytor-oppet-golv-latt-att-montera-125-x-47-x-40-cm-gron\/\" \/>\n<meta property=\"og:site_name\" content=\"TRUUSK - Hem, Tr\u00e4dg\u00e5rd &amp; Fritid\" \/>\n<meta property=\"article:modified_time\" content=\"2026-03-12T08:10:42+00:00\" \/>\n<meta property=\"og:image\" content=\"https:\/\/i0.wp.com\/truusk.se\/wp-content\/uploads\/2024\/02\/upphojd-badd-i-metall-2-separata-planteringsytor-oppet-golv-latt-att-montera-125-x-47-x-40-cm-gron.webp?fit=800%2C800&ssl=1\" \/>\n\t<meta property=\"og:image:width\" content=\"800\" \/>\n\t<meta property=\"og:image:height\" content=\"800\" \/>\n\t<meta property=\"og:image:type\" content=\"image\/webp\" \/>\n<meta name=\"twitter:card\" content=\"summary_large_image\" \/>\n<meta name=\"twitter:label1\" content=\"Ber\u00e4knad l\u00e4stid\" \/>\n\t<meta name=\"twitter:data1\" content=\"1 minut\" \/>\n<!-- \/ Yoast SEO plugin. -->","yoast_head_json":{"title":"TRUUSK Upph\u00f6jd B\u00e4dd i Metall - Separata Planteringsytor - \u00d6ppet Golv - L\u00e4tt att Montera - 125 x 47 x 40 cm - Gr\u00f6n - TRUUSK - Hem, Tr\u00e4dg\u00e5rd &amp; Fritid","robots":{"index":"index","follow":"follow","max-snippet":"max-snippet:-1","max-image-preview":"max-image-preview:large","max-video-preview":"max-video-preview:-1"},"canonical":"https:\/\/truusk.store\/sv\/produkt\/truusk-upphojd-badd-i-metall-separata-planteringsytor-oppet-golv-latt-att-montera-125-x-47-x-40-cm-gron\/","og_locale":"sv_SE","og_type":"article","og_title":"TRUUSK Upph\u00f6jd B\u00e4dd i Metall - Separata Planteringsytor - \u00d6ppet Golv - L\u00e4tt att Montera - 125 x 47 x 40 cm - Gr\u00f6n - TRUUSK - Hem, Tr\u00e4dg\u00e5rd &amp; Fritid","og_description":"Uppt\u00e4ck det perfekta s\u00e4ttet att odla v\u00e4xter och gr\u00f6nsaker hemma med v\u00e5r h\u00f6gb\u00e4dd. Enkel montering och snabba instruktioner g\u00f6r det...","og_url":"https:\/\/truusk.store\/sv\/produkt\/truusk-upphojd-badd-i-metall-separata-planteringsytor-oppet-golv-latt-att-montera-125-x-47-x-40-cm-gron\/","og_site_name":"TRUUSK - Hem, Tr\u00e4dg\u00e5rd &amp; Fritid","article_modified_time":"2026-03-12T08:10:42+00:00","og_image":[{"width":800,"height":800,"url":"https:\/\/i0.wp.com\/truusk.se\/wp-content\/uploads\/2024\/02\/upphojd-badd-i-metall-2-separata-planteringsytor-oppet-golv-latt-att-montera-125-x-47-x-40-cm-gron.webp?fit=800%2C800&ssl=1","type":"image\/webp"}],"twitter_card":"summary_large_image","twitter_misc":{"Ber\u00e4knad l\u00e4stid":"1 minut"},"schema":{"@context":"https:\/\/schema.org","@graph":[{"@type":"WebPage","@id":"https:\/\/truusk.store\/sv\/produkt\/truusk-upphojd-badd-i-metall-separata-planteringsytor-oppet-golv-latt-att-montera-125-x-47-x-40-cm-gron\/","url":"https:\/\/truusk.store\/sv\/produkt\/truusk-upphojd-badd-i-metall-separata-planteringsytor-oppet-golv-latt-att-montera-125-x-47-x-40-cm-gron\/","name":"TRUUSK Upph\u00f6jd B\u00e4dd i Metall - Separata Planteringsytor - \u00d6ppet Golv - L\u00e4tt att Montera - 125 x 47 x 40 cm - Gr\u00f6n - TRUUSK - Hem, Tr\u00e4dg\u00e5rd &amp; Fritid","isPartOf":{"@id":"https:\/\/truusk.store\/sv\/#website"},"primaryImageOfPage":{"@id":"https:\/\/truusk.store\/sv\/produkt\/truusk-upphojd-badd-i-metall-separata-planteringsytor-oppet-golv-latt-att-montera-125-x-47-x-40-cm-gron\/#primaryimage"},"image":{"@id":"https:\/\/truusk.store\/sv\/produkt\/truusk-upphojd-badd-i-metall-separata-planteringsytor-oppet-golv-latt-att-montera-125-x-47-x-40-cm-gron\/#primaryimage"},"thumbnailUrl":"https:\/\/i0.wp.com\/truusk.store\/wp-content\/uploads\/2024\/02\/upphojd-badd-i-metall-2-separata-planteringsytor-oppet-golv-latt-att-montera-125-x-47-x-40-cm-gron.webp?fit=800%2C800&ssl=1","datePublished":"2024-02-13T21:20:50+00:00","dateModified":"2026-03-12T08:10:42+00:00","breadcrumb":{"@id":"https:\/\/truusk.store\/sv\/produkt\/truusk-upphojd-badd-i-metall-separata-planteringsytor-oppet-golv-latt-att-montera-125-x-47-x-40-cm-gron\/#breadcrumb"},"inLanguage":"sv-SE","potentialAction":[{"@type":"ReadAction","target":["https:\/\/truusk.store\/sv\/produkt\/truusk-upphojd-badd-i-metall-separata-planteringsytor-oppet-golv-latt-att-montera-125-x-47-x-40-cm-gron\/"]}]},{"@type":"ImageObject","inLanguage":"sv-SE","@id":"https:\/\/truusk.store\/sv\/produkt\/truusk-upphojd-badd-i-metall-separata-planteringsytor-oppet-golv-latt-att-montera-125-x-47-x-40-cm-gron\/#primaryimage","url":"https:\/\/i0.wp.com\/truusk.store\/wp-content\/uploads\/2024\/02\/upphojd-badd-i-metall-2-separata-planteringsytor-oppet-golv-latt-att-montera-125-x-47-x-40-cm-gron.webp?fit=800%2C800&ssl=1","contentUrl":"https:\/\/i0.wp.com\/truusk.store\/wp-content\/uploads\/2024\/02\/upphojd-badd-i-metall-2-separata-planteringsytor-oppet-golv-latt-att-montera-125-x-47-x-40-cm-gron.webp?fit=800%2C800&ssl=1","width":800,"height":800,"caption":"Upph\u00f6jd B\u00e4dd I Metall, 2 Separata Planteringsytor, \u00f6ppet Golv, L\u00e4tt Att Montera, 125 X 47 X 40 Cm, Gr\u00f6n 1"},{"@type":"BreadcrumbList","@id":"https:\/\/truusk.store\/sv\/produkt\/truusk-upphojd-badd-i-metall-separata-planteringsytor-oppet-golv-latt-att-montera-125-x-47-x-40-cm-gron\/#breadcrumb","itemListElement":[{"@type":"ListItem","position":1,"name":"Home","item":"https:\/\/truusk.store\/sv\/"},{"@type":"ListItem","position":2,"name":"Shop","item":"https:\/\/truusk.store\/shop\/"},{"@type":"ListItem","position":3,"name":"TRUUSK Upph\u00f6jd B\u00e4dd i Metall &#8211; Separata Planteringsytor &#8211; \u00d6ppet Golv &#8211; L\u00e4tt att Montera &#8211; 125 x 47 x 40 cm &#8211; Gr\u00f6n"}]},{"@type":"WebSite","@id":"https:\/\/truusk.store\/sv\/#website","url":"https:\/\/truusk.store\/sv\/","name":"TRUUSK - Hem, Tr\u00e4dg\u00e5rd & Fritid","description":"","publisher":{"@id":"https:\/\/truusk.store\/sv\/#organization"},"potentialAction":[{"@type":"SearchAction","target":{"@type":"EntryPoint","urlTemplate":"https:\/\/truusk.store\/sv\/?s={search_term_string}"},"query-input":{"@type":"PropertyValueSpecification","valueRequired":true,"valueName":"search_term_string"}}],"inLanguage":"sv-SE"},{"@type":"Organization","@id":"https:\/\/truusk.store\/sv\/#organization","name":"TRUUSK - Hem, Tr\u00e4dg\u00e5rd & Fritid","url":"https:\/\/truusk.store\/sv\/","logo":{"@type":"ImageObject","inLanguage":"sv-SE","@id":"https:\/\/truusk.store\/sv\/#\/schema\/logo\/image\/","url":"https:\/\/i0.wp.com\/truusk.store\/wp-content\/uploads\/2026\/03\/cropped-TRUUSK.png?fit=2032%2C917&ssl=1","contentUrl":"https:\/\/i0.wp.com\/truusk.store\/wp-content\/uploads\/2026\/03\/cropped-TRUUSK.png?fit=2032%2C917&ssl=1","width":2032,"height":917,"caption":"TRUUSK - Hem, Tr\u00e4dg\u00e5rd & Fritid"},"image":{"@id":"https:\/\/truusk.store\/sv\/#\/schema\/logo\/image\/"}}]}},"jetpack_sharing_enabled":true,"_links":{"self":[{"href":"https:\/\/truusk.store\/sv\/wp-json\/wp\/v2\/product\/33033","targetHints":{"allow":["GET"]}}],"collection":[{"href":"https:\/\/truusk.store\/sv\/wp-json\/wp\/v2\/product"}],"about":[{"href":"https:\/\/truusk.store\/sv\/wp-json\/wp\/v2\/types\/product"}],"wp:featuredmedia":[{"embeddable":true,"href":"https:\/\/truusk.store\/sv\/wp-json\/wp\/v2\/media\/33034"}],"wp:attachment":[{"href":"https:\/\/truusk.store\/sv\/wp-json\/wp\/v2\/media?parent=33033"}],"wp:term":[{"taxonomy":"product_brand","embeddable":true,"href":"https:\/\/truusk.store\/sv\/wp-json\/wp\/v2\/product_brand?post=33033"},{"taxonomy":"product_cat","embeddable":true,"href":"https:\/\/truusk.store\/sv\/wp-json\/wp\/v2\/product_cat?post=33033"},{"taxonomy":"product_tag","embeddable":true,"href":"https:\/\/truusk.store\/sv\/wp-json\/wp\/v2\/product_tag?post=33033"}],"curies":[{"name":"wp","href":"https:\/\/api.w.org\/{rel}","templated":true}]}}