{"id":33109,"date":"2024-02-13T22:23:16","date_gmt":"2024-02-13T21:23:16","guid":{"rendered":"https:\/\/truusk.store\/product\/trahogsang-med-springbadd-2-i-1-vaxthus-tomathus-gronsaksbadd-ortbadd-vaxtlada-for-tradgard-balkong-och-terrass-polykarbonatgra-120-x-54-x-112-122-cm\/"},"modified":"2026-03-12T09:10:43","modified_gmt":"2026-03-12T08:10:43","slug":"truusk-trahogsang-2-i-1-med-springbadd-polykarbonatgra-for-tradgard-och-balkong-120-x-54-x-112-122-cm","status":"publish","type":"product","link":"https:\/\/truusk.store\/sv\/produkt\/truusk-trahogsang-2-i-1-med-springbadd-polykarbonatgra-for-tradgard-och-balkong-120-x-54-x-112-122-cm\/","title":{"rendered":"TRUUSK Tr\u00e4h\u00f6gs\u00e4ng 2-i-1 Med Springb\u00e4dd &#8211; Polykarbonatgr\u00e5 &#8211; F\u00f6r Tr\u00e4dg\u00e5rd och Balkong &#8211; 120 x 54 x 112\/122 cm"},"content":{"rendered":"<p>Detta 2-i-1 v\u00e4xthus ger ett underbart utrymme f\u00f6r dina blommor, v\u00e4xter och \u00f6rter. Beroende p\u00e5 dina behov kan du anv\u00e4nda denna upph\u00f6jda tr\u00e4dg\u00e5rdss\u00e4ng som en praktisk kombination eller separat. Den robusta ramen \u00e4r gjord av kraftigt grantr\u00e4 och \u00e4r utrustad med ett h\u00f6lje av transparenta polykarbonatpaneler som sl\u00e4pper igenom solen och lagrar v\u00e4rmen inne i v\u00e4xthuset. Upph\u00f6jda ben s\u00e4kerst\u00e4ller ocks\u00e5 en bekv\u00e4m, ryggv\u00e4nlig arbetsh\u00f6jd.<\/p>\n<h3>Beskrivning:<\/h3>\n<ul>\n<li>Kombination av h\u00f6jdb\u00e4dd med lock f\u00f6r \u00e5retruntbruk<\/li>\n<li>V\u00e4xthuset kan anv\u00e4ndas separat och placeras direkt p\u00e5 marken<\/li>\n<li>Transparenta polykarbonatpaneler till\u00e5ter maximal ljustransmission samtidigt som v\u00e4rmen bibeh\u00e5lls<\/li>\n<li>Massiv tr\u00e4ram med vattent\u00e4t bel\u00e4ggning f\u00f6r utomhusbruk<\/li>\n<li>G\u00e5ngj\u00e4rnstak f\u00f6r bra ventilation och enkel v\u00e4xtv\u00e5rd<\/li>\n<li>Upph\u00f6jd struktur f\u00f6r att skydda v\u00e4xter fr\u00e5n ogr\u00e4s och s\u00e4kerst\u00e4lla en ryggv\u00e4nlig arbetsh\u00f6jd<\/li>\n<li>En sk\u00e5ra i botten f\u00f6r att dr\u00e4nera \u00f6verfl\u00f6digt vatten<\/li>\n<li>Montering kr\u00e4vs<\/li>\n<\/ul>\n<h3>Teknisk data:<\/h3>\n<ul>\n<li>F\u00e4rg gr\u00e5<\/li>\n<li>Material: gran, PC-kort<\/li>\n<li>\u00d6vergripande m\u00e5tt: 120L x 54W x 112\/122H cm<\/li>\n<li>Stort avst\u00e5nd mellan \u00f6ppningar: 50 cm<\/li>\n<li>V\u00e4xthusstorlek: 117L x 50,5W x 22\/32H cm, inv\u00e4ndig planteringsstorlek: 113L x 47W cm<\/li>\n<li>V\u00e4xtl\u00e5dans storlek: 120L x 54W x 90H cm, inomhusplanteringsstorlek: 113L x 47W x 27,5H cm<\/li>\n<li>Lastkapacitet: 125 kg<\/li>\n<\/ul>\n<h3>Leveransens omfattning:<\/h3>\n<ul>\n<li>1 x Upph\u00f6jt v\u00e4xthus<\/li>\n<li>1 x Instruktioner<\/li>\n<\/ul>\n","protected":false},"excerpt":{"rendered":"<p>Detta 2-i-1 v\u00e4xthus ger ett underbart utrymme f\u00f6r dina blommor, v\u00e4xter och \u00f6rter. Beroende p\u00e5 dina behov kan du anv\u00e4nda&#8230;<\/p>\n","protected":false},"featured_media":33110,"template":"","meta":[],"product_brand":[],"product_cat":[445,435,443],"product_tag":[],"class_list":{"0":"post-33109","1":"product","2":"type-product","3":"status-publish","4":"has-post-thumbnail","6":"product_cat-kalla-ramar","7":"product_cat-tradgard-och-terrass","8":"product_cat-vaxthus-tradgardsskotsel","10":"first","11":"instock","12":"sale","13":"taxable","14":"shipping-taxable","15":"purchasable","16":"product-type-simple"},"yoast_head":"<!-- This site is optimized with the Yoast SEO plugin v25.4 - https:\/\/yoast.com\/wordpress\/plugins\/seo\/ -->\n<title>TRUUSK Tr\u00e4h\u00f6gs\u00e4ng 2-i-1 Med Springb\u00e4dd - Polykarbonatgr\u00e5 - F\u00f6r Tr\u00e4dg\u00e5rd och Balkong - 120 x 54 x 112\/122 cm - TRUUSK - Hem, Tr\u00e4dg\u00e5rd &amp; Fritid<\/title>\n<meta name=\"robots\" content=\"index, follow, max-snippet:-1, max-image-preview:large, max-video-preview:-1\" \/>\n<link rel=\"canonical\" href=\"https:\/\/truusk.store\/sv\/produkt\/truusk-trahogsang-2-i-1-med-springbadd-polykarbonatgra-for-tradgard-och-balkong-120-x-54-x-112-122-cm\/\" \/>\n<meta property=\"og:locale\" content=\"sv_SE\" \/>\n<meta property=\"og:type\" content=\"article\" \/>\n<meta property=\"og:title\" content=\"TRUUSK Tr\u00e4h\u00f6gs\u00e4ng 2-i-1 Med Springb\u00e4dd - Polykarbonatgr\u00e5 - F\u00f6r Tr\u00e4dg\u00e5rd och Balkong - 120 x 54 x 112\/122 cm - TRUUSK - Hem, Tr\u00e4dg\u00e5rd &amp; Fritid\" \/>\n<meta property=\"og:description\" content=\"Detta 2-i-1 v\u00e4xthus ger ett underbart utrymme f\u00f6r dina blommor, v\u00e4xter och \u00f6rter. Beroende p\u00e5 dina behov kan du anv\u00e4nda...\" \/>\n<meta property=\"og:url\" content=\"https:\/\/truusk.store\/sv\/produkt\/truusk-trahogsang-2-i-1-med-springbadd-polykarbonatgra-for-tradgard-och-balkong-120-x-54-x-112-122-cm\/\" \/>\n<meta property=\"og:site_name\" content=\"TRUUSK - Hem, Tr\u00e4dg\u00e5rd &amp; Fritid\" \/>\n<meta property=\"article:modified_time\" content=\"2026-03-12T08:10:43+00:00\" \/>\n<meta property=\"og:image\" content=\"https:\/\/i0.wp.com\/truusk.se\/wp-content\/uploads\/2024\/02\/trahogsang-med-springbadd-2-i-1-vaxthus-tomathus-gronsaksbadd-ortbadd-vaxtlada-for-tradgard-balkong-och-terrass-polykarbonatgra-120-x-54-x-112-122-cm.webp?fit=800%2C800&ssl=1\" \/>\n\t<meta property=\"og:image:width\" content=\"800\" \/>\n\t<meta property=\"og:image:height\" content=\"800\" \/>\n\t<meta property=\"og:image:type\" content=\"image\/webp\" \/>\n<meta name=\"twitter:card\" content=\"summary_large_image\" \/>\n<meta name=\"twitter:label1\" content=\"Ber\u00e4knad l\u00e4stid\" \/>\n\t<meta name=\"twitter:data1\" content=\"1 minut\" \/>\n<!-- \/ Yoast SEO plugin. -->","yoast_head_json":{"title":"TRUUSK Tr\u00e4h\u00f6gs\u00e4ng 2-i-1 Med Springb\u00e4dd - Polykarbonatgr\u00e5 - F\u00f6r Tr\u00e4dg\u00e5rd och Balkong - 120 x 54 x 112\/122 cm - TRUUSK - Hem, Tr\u00e4dg\u00e5rd &amp; Fritid","robots":{"index":"index","follow":"follow","max-snippet":"max-snippet:-1","max-image-preview":"max-image-preview:large","max-video-preview":"max-video-preview:-1"},"canonical":"https:\/\/truusk.store\/sv\/produkt\/truusk-trahogsang-2-i-1-med-springbadd-polykarbonatgra-for-tradgard-och-balkong-120-x-54-x-112-122-cm\/","og_locale":"sv_SE","og_type":"article","og_title":"TRUUSK Tr\u00e4h\u00f6gs\u00e4ng 2-i-1 Med Springb\u00e4dd - Polykarbonatgr\u00e5 - F\u00f6r Tr\u00e4dg\u00e5rd och Balkong - 120 x 54 x 112\/122 cm - TRUUSK - Hem, Tr\u00e4dg\u00e5rd &amp; Fritid","og_description":"Detta 2-i-1 v\u00e4xthus ger ett underbart utrymme f\u00f6r dina blommor, v\u00e4xter och \u00f6rter. Beroende p\u00e5 dina behov kan du anv\u00e4nda...","og_url":"https:\/\/truusk.store\/sv\/produkt\/truusk-trahogsang-2-i-1-med-springbadd-polykarbonatgra-for-tradgard-och-balkong-120-x-54-x-112-122-cm\/","og_site_name":"TRUUSK - Hem, Tr\u00e4dg\u00e5rd &amp; Fritid","article_modified_time":"2026-03-12T08:10:43+00:00","og_image":[{"width":800,"height":800,"url":"https:\/\/i0.wp.com\/truusk.se\/wp-content\/uploads\/2024\/02\/trahogsang-med-springbadd-2-i-1-vaxthus-tomathus-gronsaksbadd-ortbadd-vaxtlada-for-tradgard-balkong-och-terrass-polykarbonatgra-120-x-54-x-112-122-cm.webp?fit=800%2C800&ssl=1","type":"image\/webp"}],"twitter_card":"summary_large_image","twitter_misc":{"Ber\u00e4knad l\u00e4stid":"1 minut"},"schema":{"@context":"https:\/\/schema.org","@graph":[{"@type":"WebPage","@id":"https:\/\/truusk.store\/sv\/produkt\/truusk-trahogsang-2-i-1-med-springbadd-polykarbonatgra-for-tradgard-och-balkong-120-x-54-x-112-122-cm\/","url":"https:\/\/truusk.store\/sv\/produkt\/truusk-trahogsang-2-i-1-med-springbadd-polykarbonatgra-for-tradgard-och-balkong-120-x-54-x-112-122-cm\/","name":"TRUUSK Tr\u00e4h\u00f6gs\u00e4ng 2-i-1 Med Springb\u00e4dd - Polykarbonatgr\u00e5 - F\u00f6r Tr\u00e4dg\u00e5rd och Balkong - 120 x 54 x 112\/122 cm - TRUUSK - Hem, Tr\u00e4dg\u00e5rd &amp; Fritid","isPartOf":{"@id":"https:\/\/truusk.store\/sv\/#website"},"primaryImageOfPage":{"@id":"https:\/\/truusk.store\/sv\/produkt\/truusk-trahogsang-2-i-1-med-springbadd-polykarbonatgra-for-tradgard-och-balkong-120-x-54-x-112-122-cm\/#primaryimage"},"image":{"@id":"https:\/\/truusk.store\/sv\/produkt\/truusk-trahogsang-2-i-1-med-springbadd-polykarbonatgra-for-tradgard-och-balkong-120-x-54-x-112-122-cm\/#primaryimage"},"thumbnailUrl":"https:\/\/i0.wp.com\/truusk.store\/wp-content\/uploads\/2024\/02\/trahogsang-med-springbadd-2-i-1-vaxthus-tomathus-gronsaksbadd-ortbadd-vaxtlada-for-tradgard-balkong-och-terrass-polykarbonatgra-120-x-54-x-112-122-cm.webp?fit=800%2C800&ssl=1","datePublished":"2024-02-13T21:23:16+00:00","dateModified":"2026-03-12T08:10:43+00:00","breadcrumb":{"@id":"https:\/\/truusk.store\/sv\/produkt\/truusk-trahogsang-2-i-1-med-springbadd-polykarbonatgra-for-tradgard-och-balkong-120-x-54-x-112-122-cm\/#breadcrumb"},"inLanguage":"sv-SE","potentialAction":[{"@type":"ReadAction","target":["https:\/\/truusk.store\/sv\/produkt\/truusk-trahogsang-2-i-1-med-springbadd-polykarbonatgra-for-tradgard-och-balkong-120-x-54-x-112-122-cm\/"]}]},{"@type":"ImageObject","inLanguage":"sv-SE","@id":"https:\/\/truusk.store\/sv\/produkt\/truusk-trahogsang-2-i-1-med-springbadd-polykarbonatgra-for-tradgard-och-balkong-120-x-54-x-112-122-cm\/#primaryimage","url":"https:\/\/i0.wp.com\/truusk.store\/wp-content\/uploads\/2024\/02\/trahogsang-med-springbadd-2-i-1-vaxthus-tomathus-gronsaksbadd-ortbadd-vaxtlada-for-tradgard-balkong-och-terrass-polykarbonatgra-120-x-54-x-112-122-cm.webp?fit=800%2C800&ssl=1","contentUrl":"https:\/\/i0.wp.com\/truusk.store\/wp-content\/uploads\/2024\/02\/trahogsang-med-springbadd-2-i-1-vaxthus-tomathus-gronsaksbadd-ortbadd-vaxtlada-for-tradgard-balkong-och-terrass-polykarbonatgra-120-x-54-x-112-122-cm.webp?fit=800%2C800&ssl=1","width":800,"height":800,"caption":"Tr\u00e4h\u00f6gs\u00e4ng Med Springb\u00e4dd 2-i-1 V\u00e4xthus Tomathus Gr\u00f6nsaksb\u00e4dd \u00d6rtb\u00e4dd V\u00e4xtl\u00e5da F\u00f6r Tr\u00e4dg\u00e5rd Balkong Och Terrass Polykarbonatgr\u00e5 120 X 54 X 112\/122 Cm 1"},{"@type":"BreadcrumbList","@id":"https:\/\/truusk.store\/sv\/produkt\/truusk-trahogsang-2-i-1-med-springbadd-polykarbonatgra-for-tradgard-och-balkong-120-x-54-x-112-122-cm\/#breadcrumb","itemListElement":[{"@type":"ListItem","position":1,"name":"Home","item":"https:\/\/truusk.store\/sv\/"},{"@type":"ListItem","position":2,"name":"Shop","item":"https:\/\/truusk.store\/shop\/"},{"@type":"ListItem","position":3,"name":"TRUUSK Tr\u00e4h\u00f6gs\u00e4ng 2-i-1 Med Springb\u00e4dd &#8211; Polykarbonatgr\u00e5 &#8211; F\u00f6r Tr\u00e4dg\u00e5rd och Balkong &#8211; 120 x 54 x 112\/122 cm"}]},{"@type":"WebSite","@id":"https:\/\/truusk.store\/sv\/#website","url":"https:\/\/truusk.store\/sv\/","name":"TRUUSK - Hem, Tr\u00e4dg\u00e5rd & Fritid","description":"","publisher":{"@id":"https:\/\/truusk.store\/sv\/#organization"},"potentialAction":[{"@type":"SearchAction","target":{"@type":"EntryPoint","urlTemplate":"https:\/\/truusk.store\/sv\/?s={search_term_string}"},"query-input":{"@type":"PropertyValueSpecification","valueRequired":true,"valueName":"search_term_string"}}],"inLanguage":"sv-SE"},{"@type":"Organization","@id":"https:\/\/truusk.store\/sv\/#organization","name":"TRUUSK - Hem, Tr\u00e4dg\u00e5rd & Fritid","url":"https:\/\/truusk.store\/sv\/","logo":{"@type":"ImageObject","inLanguage":"sv-SE","@id":"https:\/\/truusk.store\/sv\/#\/schema\/logo\/image\/","url":"https:\/\/i0.wp.com\/truusk.store\/wp-content\/uploads\/2026\/03\/cropped-TRUUSK.png?fit=2032%2C917&ssl=1","contentUrl":"https:\/\/i0.wp.com\/truusk.store\/wp-content\/uploads\/2026\/03\/cropped-TRUUSK.png?fit=2032%2C917&ssl=1","width":2032,"height":917,"caption":"TRUUSK - Hem, Tr\u00e4dg\u00e5rd & Fritid"},"image":{"@id":"https:\/\/truusk.store\/sv\/#\/schema\/logo\/image\/"}}]}},"jetpack_sharing_enabled":true,"_links":{"self":[{"href":"https:\/\/truusk.store\/sv\/wp-json\/wp\/v2\/product\/33109","targetHints":{"allow":["GET"]}}],"collection":[{"href":"https:\/\/truusk.store\/sv\/wp-json\/wp\/v2\/product"}],"about":[{"href":"https:\/\/truusk.store\/sv\/wp-json\/wp\/v2\/types\/product"}],"wp:featuredmedia":[{"embeddable":true,"href":"https:\/\/truusk.store\/sv\/wp-json\/wp\/v2\/media\/33110"}],"wp:attachment":[{"href":"https:\/\/truusk.store\/sv\/wp-json\/wp\/v2\/media?parent=33109"}],"wp:term":[{"taxonomy":"product_brand","embeddable":true,"href":"https:\/\/truusk.store\/sv\/wp-json\/wp\/v2\/product_brand?post=33109"},{"taxonomy":"product_cat","embeddable":true,"href":"https:\/\/truusk.store\/sv\/wp-json\/wp\/v2\/product_cat?post=33109"},{"taxonomy":"product_tag","embeddable":true,"href":"https:\/\/truusk.store\/sv\/wp-json\/wp\/v2\/product_tag?post=33109"}],"curies":[{"name":"wp","href":"https:\/\/api.w.org\/{rel}","templated":true}]}}