{"id":33241,"date":"2024-02-13T22:27:35","date_gmt":"2024-02-13T21:27:35","guid":{"rendered":"https:\/\/truusk.store\/product\/hopfallbar-hojdsang-massivt-tra-vaderbestandig-70-cm-x-30-cm-x-25-cm-natur\/"},"modified":"2026-03-12T09:10:44","modified_gmt":"2026-03-12T08:10:44","slug":"truusk-hopfallbar-hojdsang-massivt-tra-vaderbestandig-70-cm-x-30-cm-x-25-cm-natur","status":"publish","type":"product","link":"https:\/\/truusk.store\/sv\/produkt\/truusk-hopfallbar-hojdsang-massivt-tra-vaderbestandig-70-cm-x-30-cm-x-25-cm-natur\/","title":{"rendered":"TRUUSK Hopf\u00e4llbar H\u00f6jds\u00e4ng &#8211; Massivt Tr\u00e4 &#8211; V\u00e4derbest\u00e4ndig &#8211; 70 cm X 30 cm X 25 cm &#8211; Natur"},"content":{"rendered":"<p>Denna b\u00e4rbara \u00f6rtb\u00e4dd erbjuder blommor, \u00f6rter och gr\u00f6nsaker en l\u00e4mplig plats att v\u00e4xa och frodas p\u00e5. Utm\u00e4rkt f\u00f6r tr\u00e4dg\u00e5rden, uteplatsen, balkongen eller andra utomhusomr\u00e5den. Den \u00e4r l\u00e4tt och hopf\u00e4llbar s\u00e5 att du kan flytta dina v\u00e4xter beroende p\u00e5 v\u00e4dret och f\u00f6rvara h\u00f6gb\u00e4dden f\u00f6r n\u00e4sta s\u00e4song. Ramen i 100 % massivt tr\u00e4 \u00e4r l\u00e4mplig f\u00f6r tr\u00e4dg\u00e5rden och kan m\u00e5las f\u00f6r att matcha alla utomhusomr\u00e5den. F\u00f6rsk\u00f6na din tr\u00e4dg\u00e5rd med denna upph\u00f6jda b\u00e4dd.<\/p>\n<h3>Beskrivning:<\/h3>\n<ul>\n<li>Idealisk f\u00f6r gr\u00f6nsaker, \u00f6rter och blommor<\/li>\n<li>B\u00e4rbar, vikbar design f\u00f6r snabb transport och enkel f\u00f6rvaring<\/li>\n<li>Dr\u00e4nerings\u00f6ppningar p\u00e5 botten s\u00e4kerst\u00e4ller h\u00e4lsosamma fuktniv\u00e5er<\/li>\n<li>Kan m\u00e5las i valfri f\u00e4rg<\/li>\n<li>Massivt tr\u00e4 f\u00f6r utomhusbruk<\/li>\n<li>Ingen montering kr\u00e4vs<\/li>\n<\/ul>\n<h3>Teknisk data:<\/h3>\n<ul>\n<li>F\u00e4rg: naturligt tr\u00e4<\/li>\n<li>Material: gran<\/li>\n<li>\u00d6vergripande m\u00e5tt: 70L x 30W x 25H cm<\/li>\n<li>Inre produktdata: 66L x 26W x 17H cm<\/li>\n<li>F\u00e4llbara produktdata: 70L x 25W x 9H cm<\/li>\n<li>Enkel bottenplatta: 27,5L x 22W cm<\/li>\n<li>Viktkapacitet: 20 kg<\/li>\n<\/ul>\n<h3>Leveransens omfattning:<\/h3>\n<ul>\n<li>1 x tr\u00e4dg\u00e5rdss\u00e4ng;<\/li>\n<\/ul>\n","protected":false},"excerpt":{"rendered":"<p>Denna b\u00e4rbara \u00f6rtb\u00e4dd erbjuder blommor, \u00f6rter och gr\u00f6nsaker en l\u00e4mplig plats att v\u00e4xa och frodas p\u00e5. Utm\u00e4rkt f\u00f6r tr\u00e4dg\u00e5rden, uteplatsen,&#8230;<\/p>\n","protected":false},"featured_media":33242,"template":"","meta":[],"product_brand":[],"product_cat":[447,435,443],"product_tag":[],"class_list":{"0":"post-33241","1":"product","2":"type-product","3":"status-publish","4":"has-post-thumbnail","6":"product_cat-planteringsmaskiner","7":"product_cat-tradgard-och-terrass","8":"product_cat-vaxthus-tradgardsskotsel","10":"first","11":"instock","12":"sale","13":"taxable","14":"shipping-taxable","15":"purchasable","16":"product-type-simple"},"yoast_head":"<!-- This site is optimized with the Yoast SEO plugin v25.4 - https:\/\/yoast.com\/wordpress\/plugins\/seo\/ -->\n<title>TRUUSK Hopf\u00e4llbar H\u00f6jds\u00e4ng - Massivt Tr\u00e4 - V\u00e4derbest\u00e4ndig - 70 cm X 30 cm X 25 cm - Natur - TRUUSK - Hem, Tr\u00e4dg\u00e5rd &amp; Fritid<\/title>\n<meta name=\"robots\" content=\"index, follow, max-snippet:-1, max-image-preview:large, max-video-preview:-1\" \/>\n<link rel=\"canonical\" href=\"https:\/\/truusk.store\/sv\/produkt\/truusk-hopfallbar-hojdsang-massivt-tra-vaderbestandig-70-cm-x-30-cm-x-25-cm-natur\/\" \/>\n<meta property=\"og:locale\" content=\"sv_SE\" \/>\n<meta property=\"og:type\" content=\"article\" \/>\n<meta property=\"og:title\" content=\"TRUUSK Hopf\u00e4llbar H\u00f6jds\u00e4ng - Massivt Tr\u00e4 - V\u00e4derbest\u00e4ndig - 70 cm X 30 cm X 25 cm - Natur - TRUUSK - Hem, Tr\u00e4dg\u00e5rd &amp; Fritid\" \/>\n<meta property=\"og:description\" content=\"Denna b\u00e4rbara \u00f6rtb\u00e4dd erbjuder blommor, \u00f6rter och gr\u00f6nsaker en l\u00e4mplig plats att v\u00e4xa och frodas p\u00e5. Utm\u00e4rkt f\u00f6r tr\u00e4dg\u00e5rden, uteplatsen,...\" \/>\n<meta property=\"og:url\" content=\"https:\/\/truusk.store\/sv\/produkt\/truusk-hopfallbar-hojdsang-massivt-tra-vaderbestandig-70-cm-x-30-cm-x-25-cm-natur\/\" \/>\n<meta property=\"og:site_name\" content=\"TRUUSK - Hem, Tr\u00e4dg\u00e5rd &amp; Fritid\" \/>\n<meta property=\"article:modified_time\" content=\"2026-03-12T08:10:44+00:00\" \/>\n<meta property=\"og:image\" content=\"https:\/\/i0.wp.com\/truusk.se\/wp-content\/uploads\/2024\/02\/hopfallbar-hojdsang-massivt-tra-vaderbestandig-70-cm-x-30-cm-x-25-cm-natur.webp?fit=800%2C800&ssl=1\" \/>\n\t<meta property=\"og:image:width\" content=\"800\" \/>\n\t<meta property=\"og:image:height\" content=\"800\" \/>\n\t<meta property=\"og:image:type\" content=\"image\/webp\" \/>\n<meta name=\"twitter:card\" content=\"summary_large_image\" \/>\n<meta name=\"twitter:label1\" content=\"Ber\u00e4knad l\u00e4stid\" \/>\n\t<meta name=\"twitter:data1\" content=\"1 minut\" \/>\n<!-- \/ Yoast SEO plugin. -->","yoast_head_json":{"title":"TRUUSK Hopf\u00e4llbar H\u00f6jds\u00e4ng - Massivt Tr\u00e4 - V\u00e4derbest\u00e4ndig - 70 cm X 30 cm X 25 cm - Natur - TRUUSK - Hem, Tr\u00e4dg\u00e5rd &amp; Fritid","robots":{"index":"index","follow":"follow","max-snippet":"max-snippet:-1","max-image-preview":"max-image-preview:large","max-video-preview":"max-video-preview:-1"},"canonical":"https:\/\/truusk.store\/sv\/produkt\/truusk-hopfallbar-hojdsang-massivt-tra-vaderbestandig-70-cm-x-30-cm-x-25-cm-natur\/","og_locale":"sv_SE","og_type":"article","og_title":"TRUUSK Hopf\u00e4llbar H\u00f6jds\u00e4ng - Massivt Tr\u00e4 - V\u00e4derbest\u00e4ndig - 70 cm X 30 cm X 25 cm - Natur - TRUUSK - Hem, Tr\u00e4dg\u00e5rd &amp; Fritid","og_description":"Denna b\u00e4rbara \u00f6rtb\u00e4dd erbjuder blommor, \u00f6rter och gr\u00f6nsaker en l\u00e4mplig plats att v\u00e4xa och frodas p\u00e5. Utm\u00e4rkt f\u00f6r tr\u00e4dg\u00e5rden, uteplatsen,...","og_url":"https:\/\/truusk.store\/sv\/produkt\/truusk-hopfallbar-hojdsang-massivt-tra-vaderbestandig-70-cm-x-30-cm-x-25-cm-natur\/","og_site_name":"TRUUSK - Hem, Tr\u00e4dg\u00e5rd &amp; Fritid","article_modified_time":"2026-03-12T08:10:44+00:00","og_image":[{"width":800,"height":800,"url":"https:\/\/i0.wp.com\/truusk.se\/wp-content\/uploads\/2024\/02\/hopfallbar-hojdsang-massivt-tra-vaderbestandig-70-cm-x-30-cm-x-25-cm-natur.webp?fit=800%2C800&ssl=1","type":"image\/webp"}],"twitter_card":"summary_large_image","twitter_misc":{"Ber\u00e4knad l\u00e4stid":"1 minut"},"schema":{"@context":"https:\/\/schema.org","@graph":[{"@type":"WebPage","@id":"https:\/\/truusk.store\/sv\/produkt\/truusk-hopfallbar-hojdsang-massivt-tra-vaderbestandig-70-cm-x-30-cm-x-25-cm-natur\/","url":"https:\/\/truusk.store\/sv\/produkt\/truusk-hopfallbar-hojdsang-massivt-tra-vaderbestandig-70-cm-x-30-cm-x-25-cm-natur\/","name":"TRUUSK Hopf\u00e4llbar H\u00f6jds\u00e4ng - Massivt Tr\u00e4 - V\u00e4derbest\u00e4ndig - 70 cm X 30 cm X 25 cm - Natur - TRUUSK - Hem, Tr\u00e4dg\u00e5rd &amp; Fritid","isPartOf":{"@id":"https:\/\/truusk.store\/sv\/#website"},"primaryImageOfPage":{"@id":"https:\/\/truusk.store\/sv\/produkt\/truusk-hopfallbar-hojdsang-massivt-tra-vaderbestandig-70-cm-x-30-cm-x-25-cm-natur\/#primaryimage"},"image":{"@id":"https:\/\/truusk.store\/sv\/produkt\/truusk-hopfallbar-hojdsang-massivt-tra-vaderbestandig-70-cm-x-30-cm-x-25-cm-natur\/#primaryimage"},"thumbnailUrl":"https:\/\/i0.wp.com\/truusk.store\/wp-content\/uploads\/2024\/02\/hopfallbar-hojdsang-massivt-tra-vaderbestandig-70-cm-x-30-cm-x-25-cm-natur.webp?fit=800%2C800&ssl=1","datePublished":"2024-02-13T21:27:35+00:00","dateModified":"2026-03-12T08:10:44+00:00","breadcrumb":{"@id":"https:\/\/truusk.store\/sv\/produkt\/truusk-hopfallbar-hojdsang-massivt-tra-vaderbestandig-70-cm-x-30-cm-x-25-cm-natur\/#breadcrumb"},"inLanguage":"sv-SE","potentialAction":[{"@type":"ReadAction","target":["https:\/\/truusk.store\/sv\/produkt\/truusk-hopfallbar-hojdsang-massivt-tra-vaderbestandig-70-cm-x-30-cm-x-25-cm-natur\/"]}]},{"@type":"ImageObject","inLanguage":"sv-SE","@id":"https:\/\/truusk.store\/sv\/produkt\/truusk-hopfallbar-hojdsang-massivt-tra-vaderbestandig-70-cm-x-30-cm-x-25-cm-natur\/#primaryimage","url":"https:\/\/i0.wp.com\/truusk.store\/wp-content\/uploads\/2024\/02\/hopfallbar-hojdsang-massivt-tra-vaderbestandig-70-cm-x-30-cm-x-25-cm-natur.webp?fit=800%2C800&ssl=1","contentUrl":"https:\/\/i0.wp.com\/truusk.store\/wp-content\/uploads\/2024\/02\/hopfallbar-hojdsang-massivt-tra-vaderbestandig-70-cm-x-30-cm-x-25-cm-natur.webp?fit=800%2C800&ssl=1","width":800,"height":800,"caption":"Hopf\u00e4llbar H\u00f6jds\u00e4ng, Massivt Tr\u00e4, V\u00e4derbest\u00e4ndig, 70 Cm X 30 Cm X 25 Cm, Natur 1"},{"@type":"BreadcrumbList","@id":"https:\/\/truusk.store\/sv\/produkt\/truusk-hopfallbar-hojdsang-massivt-tra-vaderbestandig-70-cm-x-30-cm-x-25-cm-natur\/#breadcrumb","itemListElement":[{"@type":"ListItem","position":1,"name":"Home","item":"https:\/\/truusk.store\/sv\/"},{"@type":"ListItem","position":2,"name":"Shop","item":"https:\/\/truusk.store\/shop\/"},{"@type":"ListItem","position":3,"name":"TRUUSK Hopf\u00e4llbar H\u00f6jds\u00e4ng &#8211; Massivt Tr\u00e4 &#8211; V\u00e4derbest\u00e4ndig &#8211; 70 cm X 30 cm X 25 cm &#8211; Natur"}]},{"@type":"WebSite","@id":"https:\/\/truusk.store\/sv\/#website","url":"https:\/\/truusk.store\/sv\/","name":"TRUUSK - Hem, Tr\u00e4dg\u00e5rd & Fritid","description":"","publisher":{"@id":"https:\/\/truusk.store\/sv\/#organization"},"potentialAction":[{"@type":"SearchAction","target":{"@type":"EntryPoint","urlTemplate":"https:\/\/truusk.store\/sv\/?s={search_term_string}"},"query-input":{"@type":"PropertyValueSpecification","valueRequired":true,"valueName":"search_term_string"}}],"inLanguage":"sv-SE"},{"@type":"Organization","@id":"https:\/\/truusk.store\/sv\/#organization","name":"TRUUSK - Hem, Tr\u00e4dg\u00e5rd & Fritid","url":"https:\/\/truusk.store\/sv\/","logo":{"@type":"ImageObject","inLanguage":"sv-SE","@id":"https:\/\/truusk.store\/sv\/#\/schema\/logo\/image\/","url":"https:\/\/i0.wp.com\/truusk.store\/wp-content\/uploads\/2026\/03\/cropped-TRUUSK.png?fit=2032%2C917&ssl=1","contentUrl":"https:\/\/i0.wp.com\/truusk.store\/wp-content\/uploads\/2026\/03\/cropped-TRUUSK.png?fit=2032%2C917&ssl=1","width":2032,"height":917,"caption":"TRUUSK - Hem, Tr\u00e4dg\u00e5rd & Fritid"},"image":{"@id":"https:\/\/truusk.store\/sv\/#\/schema\/logo\/image\/"}}]}},"jetpack_sharing_enabled":true,"_links":{"self":[{"href":"https:\/\/truusk.store\/sv\/wp-json\/wp\/v2\/product\/33241","targetHints":{"allow":["GET"]}}],"collection":[{"href":"https:\/\/truusk.store\/sv\/wp-json\/wp\/v2\/product"}],"about":[{"href":"https:\/\/truusk.store\/sv\/wp-json\/wp\/v2\/types\/product"}],"wp:featuredmedia":[{"embeddable":true,"href":"https:\/\/truusk.store\/sv\/wp-json\/wp\/v2\/media\/33242"}],"wp:attachment":[{"href":"https:\/\/truusk.store\/sv\/wp-json\/wp\/v2\/media?parent=33241"}],"wp:term":[{"taxonomy":"product_brand","embeddable":true,"href":"https:\/\/truusk.store\/sv\/wp-json\/wp\/v2\/product_brand?post=33241"},{"taxonomy":"product_cat","embeddable":true,"href":"https:\/\/truusk.store\/sv\/wp-json\/wp\/v2\/product_cat?post=33241"},{"taxonomy":"product_tag","embeddable":true,"href":"https:\/\/truusk.store\/sv\/wp-json\/wp\/v2\/product_tag?post=33241"}],"curies":[{"name":"wp","href":"https:\/\/api.w.org\/{rel}","templated":true}]}}