{"id":33302,"date":"2024-02-13T22:29:27","date_gmt":"2024-02-13T21:29:27","guid":{"rendered":"https:\/\/truusk.store\/product\/upphojd-badd-sexkantig-gor-det-sjalv-vaxtkruka-av-tra-for-tradgardsbalkong-naturlig-100-x-92-x-16-cm\/"},"modified":"2026-03-12T09:10:45","modified_gmt":"2026-03-12T08:10:45","slug":"truusk-sexkantig-upphojd-travalta-diy-vaxtkruka-naturlig-100-x-92-x-16-cm","status":"publish","type":"product","link":"https:\/\/truusk.store\/sv\/produkt\/truusk-sexkantig-upphojd-travalta-diy-vaxtkruka-naturlig-100-x-92-x-16-cm\/","title":{"rendered":"TRUUSK Sexkantig Upph\u00f6jd Tr\u00e4v\u00e4lta &#8211; DIY-v\u00e4xtkruka &#8211; Naturlig &#8211; 100 x 92 x 16 cm"},"content":{"rendered":"<p>Med dessa hexagonala tr\u00e4dg\u00e5rdsl\u00e5dor kan du uppfylla din \u00f6nskan att skapa en vacker tr\u00e4dg\u00e5rd i din tr\u00e4dg\u00e5rd! Den praktiska designen av den upph\u00f6jda tr\u00e4dg\u00e5rdss\u00e4ngen g\u00f6r det enkelt att odla dina favoritblommor, frukter, \u00f6rter, gr\u00f6nsaker eller v\u00e4xter p\u00e5 n\u00e4stan vilken plats som helst, speciellt n\u00e4r utrymmet \u00e4r begr\u00e4nsat. Kolla in v\u00e5r \u00f6rtag\u00e5rd, som \u00e4r b\u00e5de vacker och funktionell, och b\u00f6rja odla dina egna v\u00e4xter.<\/p>\n<h3>Beskrivning:<\/h3>\n<ul>\n<li>Tillverkad av massivt tr\u00e4, robust och h\u00e5llbar<\/li>\n<li>L\u00e4tt att montera, inga skruvar beh\u00f6vs<\/li>\n<li>Den bottenl\u00f6sa designen g\u00f6r den perfekt f\u00f6r v\u00e4xter med l\u00e5nga r\u00f6tter<\/li>\n<li>Perfekt f\u00f6r att odla djupa rotfrukter, \u00f6rter eller dina favoritblommor<\/li>\n<li>Montering kr\u00e4vs<\/li>\n<\/ul>\n<h3>Teknisk data:<\/h3>\n<ul>\n<li>F\u00e4rg: Naturlig<\/li>\n<li>Material: gran<\/li>\n<li>\u00d6vergripande m\u00e5tt: 100L x 92W x 16H cm<\/li>\n<li>Innerm\u00e5tt: 91L x 80W x 16H cm<\/li>\n<li>M\u00e5tt p\u00e5 v\u00e4skan: 60L x 8W cm \/ 60L x 4W cm<\/li>\n<\/ul>\n<h3>Leveransens omfattning:<\/h3>\n<ul>\n<li>1 x tr\u00e4dg\u00e5rdss\u00e4ng<\/li>\n<li>1 x Instruktioner<\/li>\n<\/ul>\n","protected":false},"excerpt":{"rendered":"<p>Med dessa hexagonala tr\u00e4dg\u00e5rdsl\u00e5dor kan du uppfylla din \u00f6nskan att skapa en vacker tr\u00e4dg\u00e5rd i din tr\u00e4dg\u00e5rd! Den praktiska designen&#8230;<\/p>\n","protected":false},"featured_media":33303,"template":"","meta":[],"product_brand":[],"product_cat":[447,435,443],"product_tag":[],"class_list":{"0":"post-33302","1":"product","2":"type-product","3":"status-publish","4":"has-post-thumbnail","6":"product_cat-planteringsmaskiner","7":"product_cat-tradgard-och-terrass","8":"product_cat-vaxthus-tradgardsskotsel","10":"first","11":"instock","12":"sale","13":"taxable","14":"shipping-taxable","15":"purchasable","16":"product-type-simple"},"yoast_head":"<!-- This site is optimized with the Yoast SEO plugin v25.4 - https:\/\/yoast.com\/wordpress\/plugins\/seo\/ -->\n<title>TRUUSK Sexkantig Upph\u00f6jd Tr\u00e4v\u00e4lta - DIY-v\u00e4xtkruka - Naturlig - 100 x 92 x 16 cm - TRUUSK - Hem, Tr\u00e4dg\u00e5rd &amp; Fritid<\/title>\n<meta name=\"robots\" content=\"index, follow, max-snippet:-1, max-image-preview:large, max-video-preview:-1\" \/>\n<link rel=\"canonical\" href=\"https:\/\/truusk.store\/sv\/produkt\/truusk-sexkantig-upphojd-travalta-diy-vaxtkruka-naturlig-100-x-92-x-16-cm\/\" \/>\n<meta property=\"og:locale\" content=\"sv_SE\" \/>\n<meta property=\"og:type\" content=\"article\" \/>\n<meta property=\"og:title\" content=\"TRUUSK Sexkantig Upph\u00f6jd Tr\u00e4v\u00e4lta - DIY-v\u00e4xtkruka - Naturlig - 100 x 92 x 16 cm - TRUUSK - Hem, Tr\u00e4dg\u00e5rd &amp; Fritid\" \/>\n<meta property=\"og:description\" content=\"Med dessa hexagonala tr\u00e4dg\u00e5rdsl\u00e5dor kan du uppfylla din \u00f6nskan att skapa en vacker tr\u00e4dg\u00e5rd i din tr\u00e4dg\u00e5rd! Den praktiska designen...\" \/>\n<meta property=\"og:url\" content=\"https:\/\/truusk.store\/sv\/produkt\/truusk-sexkantig-upphojd-travalta-diy-vaxtkruka-naturlig-100-x-92-x-16-cm\/\" \/>\n<meta property=\"og:site_name\" content=\"TRUUSK - Hem, Tr\u00e4dg\u00e5rd &amp; Fritid\" \/>\n<meta property=\"article:modified_time\" content=\"2026-03-12T08:10:45+00:00\" \/>\n<meta property=\"og:image\" content=\"https:\/\/i0.wp.com\/truusk.se\/wp-content\/uploads\/2024\/02\/upphojd-badd-sexkantig-gor-det-sjalv-vaxtkruka-av-tra-for-tradgardsbalkong-naturlig-100-x-92-x-16-cm.webp?fit=800%2C800&ssl=1\" \/>\n\t<meta property=\"og:image:width\" content=\"800\" \/>\n\t<meta property=\"og:image:height\" content=\"800\" \/>\n\t<meta property=\"og:image:type\" content=\"image\/webp\" \/>\n<meta name=\"twitter:card\" content=\"summary_large_image\" \/>\n<meta name=\"twitter:label1\" content=\"Ber\u00e4knad l\u00e4stid\" \/>\n\t<meta name=\"twitter:data1\" content=\"1 minut\" \/>\n<!-- \/ Yoast SEO plugin. -->","yoast_head_json":{"title":"TRUUSK Sexkantig Upph\u00f6jd Tr\u00e4v\u00e4lta - DIY-v\u00e4xtkruka - Naturlig - 100 x 92 x 16 cm - TRUUSK - Hem, Tr\u00e4dg\u00e5rd &amp; Fritid","robots":{"index":"index","follow":"follow","max-snippet":"max-snippet:-1","max-image-preview":"max-image-preview:large","max-video-preview":"max-video-preview:-1"},"canonical":"https:\/\/truusk.store\/sv\/produkt\/truusk-sexkantig-upphojd-travalta-diy-vaxtkruka-naturlig-100-x-92-x-16-cm\/","og_locale":"sv_SE","og_type":"article","og_title":"TRUUSK Sexkantig Upph\u00f6jd Tr\u00e4v\u00e4lta - DIY-v\u00e4xtkruka - Naturlig - 100 x 92 x 16 cm - TRUUSK - Hem, Tr\u00e4dg\u00e5rd &amp; Fritid","og_description":"Med dessa hexagonala tr\u00e4dg\u00e5rdsl\u00e5dor kan du uppfylla din \u00f6nskan att skapa en vacker tr\u00e4dg\u00e5rd i din tr\u00e4dg\u00e5rd! Den praktiska designen...","og_url":"https:\/\/truusk.store\/sv\/produkt\/truusk-sexkantig-upphojd-travalta-diy-vaxtkruka-naturlig-100-x-92-x-16-cm\/","og_site_name":"TRUUSK - Hem, Tr\u00e4dg\u00e5rd &amp; Fritid","article_modified_time":"2026-03-12T08:10:45+00:00","og_image":[{"width":800,"height":800,"url":"https:\/\/i0.wp.com\/truusk.se\/wp-content\/uploads\/2024\/02\/upphojd-badd-sexkantig-gor-det-sjalv-vaxtkruka-av-tra-for-tradgardsbalkong-naturlig-100-x-92-x-16-cm.webp?fit=800%2C800&ssl=1","type":"image\/webp"}],"twitter_card":"summary_large_image","twitter_misc":{"Ber\u00e4knad l\u00e4stid":"1 minut"},"schema":{"@context":"https:\/\/schema.org","@graph":[{"@type":"WebPage","@id":"https:\/\/truusk.store\/sv\/produkt\/truusk-sexkantig-upphojd-travalta-diy-vaxtkruka-naturlig-100-x-92-x-16-cm\/","url":"https:\/\/truusk.store\/sv\/produkt\/truusk-sexkantig-upphojd-travalta-diy-vaxtkruka-naturlig-100-x-92-x-16-cm\/","name":"TRUUSK Sexkantig Upph\u00f6jd Tr\u00e4v\u00e4lta - DIY-v\u00e4xtkruka - Naturlig - 100 x 92 x 16 cm - TRUUSK - Hem, Tr\u00e4dg\u00e5rd &amp; Fritid","isPartOf":{"@id":"https:\/\/truusk.store\/sv\/#website"},"primaryImageOfPage":{"@id":"https:\/\/truusk.store\/sv\/produkt\/truusk-sexkantig-upphojd-travalta-diy-vaxtkruka-naturlig-100-x-92-x-16-cm\/#primaryimage"},"image":{"@id":"https:\/\/truusk.store\/sv\/produkt\/truusk-sexkantig-upphojd-travalta-diy-vaxtkruka-naturlig-100-x-92-x-16-cm\/#primaryimage"},"thumbnailUrl":"https:\/\/i0.wp.com\/truusk.store\/wp-content\/uploads\/2024\/02\/upphojd-badd-sexkantig-gor-det-sjalv-vaxtkruka-av-tra-for-tradgardsbalkong-naturlig-100-x-92-x-16-cm.webp?fit=800%2C800&ssl=1","datePublished":"2024-02-13T21:29:27+00:00","dateModified":"2026-03-12T08:10:45+00:00","breadcrumb":{"@id":"https:\/\/truusk.store\/sv\/produkt\/truusk-sexkantig-upphojd-travalta-diy-vaxtkruka-naturlig-100-x-92-x-16-cm\/#breadcrumb"},"inLanguage":"sv-SE","potentialAction":[{"@type":"ReadAction","target":["https:\/\/truusk.store\/sv\/produkt\/truusk-sexkantig-upphojd-travalta-diy-vaxtkruka-naturlig-100-x-92-x-16-cm\/"]}]},{"@type":"ImageObject","inLanguage":"sv-SE","@id":"https:\/\/truusk.store\/sv\/produkt\/truusk-sexkantig-upphojd-travalta-diy-vaxtkruka-naturlig-100-x-92-x-16-cm\/#primaryimage","url":"https:\/\/i0.wp.com\/truusk.store\/wp-content\/uploads\/2024\/02\/upphojd-badd-sexkantig-gor-det-sjalv-vaxtkruka-av-tra-for-tradgardsbalkong-naturlig-100-x-92-x-16-cm.webp?fit=800%2C800&ssl=1","contentUrl":"https:\/\/i0.wp.com\/truusk.store\/wp-content\/uploads\/2024\/02\/upphojd-badd-sexkantig-gor-det-sjalv-vaxtkruka-av-tra-for-tradgardsbalkong-naturlig-100-x-92-x-16-cm.webp?fit=800%2C800&ssl=1","width":800,"height":800,"caption":"Upph\u00f6jd B\u00e4dd Sexkantig G\u00f6r-det-sj\u00e4lv-v\u00e4xtkruka Av Tr\u00e4 F\u00f6r Tr\u00e4dg\u00e5rdsbalkong Naturlig 100 X 92 X 16 Cm 1"},{"@type":"BreadcrumbList","@id":"https:\/\/truusk.store\/sv\/produkt\/truusk-sexkantig-upphojd-travalta-diy-vaxtkruka-naturlig-100-x-92-x-16-cm\/#breadcrumb","itemListElement":[{"@type":"ListItem","position":1,"name":"Home","item":"https:\/\/truusk.store\/sv\/"},{"@type":"ListItem","position":2,"name":"Shop","item":"https:\/\/truusk.store\/shop\/"},{"@type":"ListItem","position":3,"name":"TRUUSK Sexkantig Upph\u00f6jd Tr\u00e4v\u00e4lta &#8211; DIY-v\u00e4xtkruka &#8211; Naturlig &#8211; 100 x 92 x 16 cm"}]},{"@type":"WebSite","@id":"https:\/\/truusk.store\/sv\/#website","url":"https:\/\/truusk.store\/sv\/","name":"TRUUSK - Hem, Tr\u00e4dg\u00e5rd & Fritid","description":"","publisher":{"@id":"https:\/\/truusk.store\/sv\/#organization"},"potentialAction":[{"@type":"SearchAction","target":{"@type":"EntryPoint","urlTemplate":"https:\/\/truusk.store\/sv\/?s={search_term_string}"},"query-input":{"@type":"PropertyValueSpecification","valueRequired":true,"valueName":"search_term_string"}}],"inLanguage":"sv-SE"},{"@type":"Organization","@id":"https:\/\/truusk.store\/sv\/#organization","name":"TRUUSK - Hem, Tr\u00e4dg\u00e5rd & Fritid","url":"https:\/\/truusk.store\/sv\/","logo":{"@type":"ImageObject","inLanguage":"sv-SE","@id":"https:\/\/truusk.store\/sv\/#\/schema\/logo\/image\/","url":"https:\/\/i0.wp.com\/truusk.store\/wp-content\/uploads\/2026\/03\/cropped-TRUUSK.png?fit=2032%2C917&ssl=1","contentUrl":"https:\/\/i0.wp.com\/truusk.store\/wp-content\/uploads\/2026\/03\/cropped-TRUUSK.png?fit=2032%2C917&ssl=1","width":2032,"height":917,"caption":"TRUUSK - Hem, Tr\u00e4dg\u00e5rd & Fritid"},"image":{"@id":"https:\/\/truusk.store\/sv\/#\/schema\/logo\/image\/"}}]}},"jetpack_sharing_enabled":true,"_links":{"self":[{"href":"https:\/\/truusk.store\/sv\/wp-json\/wp\/v2\/product\/33302","targetHints":{"allow":["GET"]}}],"collection":[{"href":"https:\/\/truusk.store\/sv\/wp-json\/wp\/v2\/product"}],"about":[{"href":"https:\/\/truusk.store\/sv\/wp-json\/wp\/v2\/types\/product"}],"wp:featuredmedia":[{"embeddable":true,"href":"https:\/\/truusk.store\/sv\/wp-json\/wp\/v2\/media\/33303"}],"wp:attachment":[{"href":"https:\/\/truusk.store\/sv\/wp-json\/wp\/v2\/media?parent=33302"}],"wp:term":[{"taxonomy":"product_brand","embeddable":true,"href":"https:\/\/truusk.store\/sv\/wp-json\/wp\/v2\/product_brand?post=33302"},{"taxonomy":"product_cat","embeddable":true,"href":"https:\/\/truusk.store\/sv\/wp-json\/wp\/v2\/product_cat?post=33302"},{"taxonomy":"product_tag","embeddable":true,"href":"https:\/\/truusk.store\/sv\/wp-json\/wp\/v2\/product_tag?post=33302"}],"curies":[{"name":"wp","href":"https:\/\/api.w.org\/{rel}","templated":true}]}}