{"id":33354,"date":"2024-02-13T22:31:07","date_gmt":"2024-02-13T21:31:07","guid":{"rendered":"https:\/\/truusk.store\/product\/tradgardspaviljong-paviljong-296-x-296-m-tradgardstalt-med-dubbeltak-partytalt-med-4-x-sidopaneler-myggnat-vaderbestandig-aluminium-polyester-morkgra\/"},"modified":"2026-03-12T09:10:47","modified_gmt":"2026-03-12T08:10:47","slug":"truusk-tradgardspaviljong-296-x-296-m-partytalt-med-dubbeltak-vaderbestandig-myggnat-morkgra","status":"publish","type":"product","link":"https:\/\/truusk.store\/sv\/produkt\/truusk-tradgardspaviljong-296-x-296-m-partytalt-med-dubbeltak-vaderbestandig-myggnat-morkgra\/","title":{"rendered":"TRUUSK Tr\u00e4dg\u00e5rdspaviljong 2,96 x 2,96 m &#8211; Partyt\u00e4lt med dubbeltak &#8211; V\u00e4derbest\u00e4ndig &#8211; Myggn\u00e4t &#8211; M\u00f6rkgr\u00e5"},"content":{"rendered":"<p>L\u00e4gg till en elegant accent till din utomhusmilj\u00f6 med detta 3 x 3 m lusthus! Paviljongen erbjuder utm\u00e4rkt skydd mot sol och UV-str\u00e5lar, s\u00e5 att du, din familj och g\u00e4ster alltid kan njuta av en sval bris under det gener\u00f6sa takomr\u00e5det. Tack vare den robusta metallramen och det robusta takskyddet kommer detta lusthus att tj\u00e4na dig tillf\u00f6rlitligt under l\u00e5ng tid. Berika din tr\u00e4dg\u00e5rd med en skuggig, sval plats att dra sig tillbaka p\u00e5.<\/p>\n<h3>Beskrivning:<\/h3>\n<ul>\n<li>Stor takyta med gott om plats f\u00f6r m\u00e5nga m\u00e4nniskor<\/li>\n<li>Rostbest\u00e4ndig st\u00e5l- och aluminiumram<\/li>\n<li>Takt\u00e4ckning i dubbla lager s\u00e4kerst\u00e4ller god luftcirkulation inuti<\/li>\n<li>\u00c5tta inf\u00e4llda \u00f6ppningar f\u00f6r att dr\u00e4nera regnvatten<\/li>\n<li>Ogenomskinliga gardiner f\u00f6r mer avskildhet, f\u00e4sta med kardborreband<\/li>\n<li>8 pinnar och expansionsskruvar f\u00f6r extra stabilitet<\/li>\n<li>Montering kr\u00e4vs<\/li>\n<\/ul>\n<h3>Teknisk data:<\/h3>\n<ul>\n<li>F\u00e4rg: M\u00f6rkgr\u00e5<\/li>\n<li>Material: aluminium, metall, polyester<\/li>\n<li>Totala m\u00e5tt: 2,96L x 2,96W x 2,70H m<\/li>\n<li>Takfotsh\u00f6jd: 1,95 m<\/li>\n<li>Kolumnavst\u00e5nd: 2,77L x 2,77B m<\/li>\n<li>OBS: Rekommenderas inte f\u00f6r anv\u00e4ndning i extrema v\u00e4derf\u00f6rh\u00e5llanden som stormar eller stark vind\/regn<\/li>\n<\/ul>\n<h3>Leveransens omfattning:<\/h3>\n<ul>\n<li>1 x Gazebo<\/li>\n<li>8 x markspikar<\/li>\n<li>8 x expansionsskruvar<\/li>\n<li>1 x Instruktioner<\/li>\n<li>VIKTIGT: Vi levererar varan till trottoarkanten utan kostnad. Se till att du anger r\u00e4tt adress och telefonnummer.<\/li>\n<\/ul>\n","protected":false},"excerpt":{"rendered":"<p>L\u00e4gg till en elegant accent till din utomhusmilj\u00f6 med detta 3 x 3 m lusthus! Paviljongen erbjuder utm\u00e4rkt skydd mot&#8230;<\/p>\n","protected":false},"featured_media":33355,"template":"","meta":[],"product_brand":[],"product_cat":[477,435,476],"product_tag":[],"class_list":{"0":"post-33354","1":"product","2":"type-product","3":"status-publish","4":"has-post-thumbnail","6":"product_cat-paviljonger-partytalt","7":"product_cat-tradgard-och-terrass","8":"product_cat-tradgardspaviljonger","10":"first","11":"instock","12":"sale","13":"taxable","14":"shipping-taxable","15":"purchasable","16":"product-type-simple"},"yoast_head":"<!-- This site is optimized with the Yoast SEO plugin v25.4 - https:\/\/yoast.com\/wordpress\/plugins\/seo\/ -->\n<title>TRUUSK Tr\u00e4dg\u00e5rdspaviljong 2,96 x 2,96 m - Partyt\u00e4lt med dubbeltak - V\u00e4derbest\u00e4ndig - Myggn\u00e4t - M\u00f6rkgr\u00e5 - TRUUSK - Hem, Tr\u00e4dg\u00e5rd &amp; Fritid<\/title>\n<meta name=\"robots\" content=\"index, follow, max-snippet:-1, max-image-preview:large, max-video-preview:-1\" \/>\n<link rel=\"canonical\" href=\"https:\/\/truusk.store\/sv\/produkt\/truusk-tradgardspaviljong-296-x-296-m-partytalt-med-dubbeltak-vaderbestandig-myggnat-morkgra\/\" \/>\n<meta property=\"og:locale\" content=\"sv_SE\" \/>\n<meta property=\"og:type\" content=\"article\" \/>\n<meta property=\"og:title\" content=\"TRUUSK Tr\u00e4dg\u00e5rdspaviljong 2,96 x 2,96 m - Partyt\u00e4lt med dubbeltak - V\u00e4derbest\u00e4ndig - Myggn\u00e4t - M\u00f6rkgr\u00e5 - TRUUSK - Hem, Tr\u00e4dg\u00e5rd &amp; Fritid\" \/>\n<meta property=\"og:description\" content=\"L\u00e4gg till en elegant accent till din utomhusmilj\u00f6 med detta 3 x 3 m lusthus! Paviljongen erbjuder utm\u00e4rkt skydd mot...\" \/>\n<meta property=\"og:url\" content=\"https:\/\/truusk.store\/sv\/produkt\/truusk-tradgardspaviljong-296-x-296-m-partytalt-med-dubbeltak-vaderbestandig-myggnat-morkgra\/\" \/>\n<meta property=\"og:site_name\" content=\"TRUUSK - Hem, Tr\u00e4dg\u00e5rd &amp; Fritid\" \/>\n<meta property=\"article:modified_time\" content=\"2026-03-12T08:10:47+00:00\" \/>\n<meta property=\"og:image\" content=\"https:\/\/i0.wp.com\/truusk.se\/wp-content\/uploads\/2024\/02\/tradgardspaviljong-paviljong-296-x-296-m-tradgardstalt-med-dubbeltak-partytalt-med-4-x-sidopaneler-myggnat-vaderbestandig-aluminium-polyester-morkgra.webp?fit=800%2C800&ssl=1\" \/>\n\t<meta property=\"og:image:width\" content=\"800\" \/>\n\t<meta property=\"og:image:height\" content=\"800\" \/>\n\t<meta property=\"og:image:type\" content=\"image\/webp\" \/>\n<meta name=\"twitter:card\" content=\"summary_large_image\" \/>\n<meta name=\"twitter:label1\" content=\"Ber\u00e4knad l\u00e4stid\" \/>\n\t<meta name=\"twitter:data1\" content=\"1 minut\" \/>\n<!-- \/ Yoast SEO plugin. -->","yoast_head_json":{"title":"TRUUSK Tr\u00e4dg\u00e5rdspaviljong 2,96 x 2,96 m - Partyt\u00e4lt med dubbeltak - V\u00e4derbest\u00e4ndig - Myggn\u00e4t - M\u00f6rkgr\u00e5 - TRUUSK - Hem, Tr\u00e4dg\u00e5rd &amp; Fritid","robots":{"index":"index","follow":"follow","max-snippet":"max-snippet:-1","max-image-preview":"max-image-preview:large","max-video-preview":"max-video-preview:-1"},"canonical":"https:\/\/truusk.store\/sv\/produkt\/truusk-tradgardspaviljong-296-x-296-m-partytalt-med-dubbeltak-vaderbestandig-myggnat-morkgra\/","og_locale":"sv_SE","og_type":"article","og_title":"TRUUSK Tr\u00e4dg\u00e5rdspaviljong 2,96 x 2,96 m - Partyt\u00e4lt med dubbeltak - V\u00e4derbest\u00e4ndig - Myggn\u00e4t - M\u00f6rkgr\u00e5 - TRUUSK - Hem, Tr\u00e4dg\u00e5rd &amp; Fritid","og_description":"L\u00e4gg till en elegant accent till din utomhusmilj\u00f6 med detta 3 x 3 m lusthus! Paviljongen erbjuder utm\u00e4rkt skydd mot...","og_url":"https:\/\/truusk.store\/sv\/produkt\/truusk-tradgardspaviljong-296-x-296-m-partytalt-med-dubbeltak-vaderbestandig-myggnat-morkgra\/","og_site_name":"TRUUSK - Hem, Tr\u00e4dg\u00e5rd &amp; Fritid","article_modified_time":"2026-03-12T08:10:47+00:00","og_image":[{"width":800,"height":800,"url":"https:\/\/i0.wp.com\/truusk.se\/wp-content\/uploads\/2024\/02\/tradgardspaviljong-paviljong-296-x-296-m-tradgardstalt-med-dubbeltak-partytalt-med-4-x-sidopaneler-myggnat-vaderbestandig-aluminium-polyester-morkgra.webp?fit=800%2C800&ssl=1","type":"image\/webp"}],"twitter_card":"summary_large_image","twitter_misc":{"Ber\u00e4knad l\u00e4stid":"1 minut"},"schema":{"@context":"https:\/\/schema.org","@graph":[{"@type":"WebPage","@id":"https:\/\/truusk.store\/sv\/produkt\/truusk-tradgardspaviljong-296-x-296-m-partytalt-med-dubbeltak-vaderbestandig-myggnat-morkgra\/","url":"https:\/\/truusk.store\/sv\/produkt\/truusk-tradgardspaviljong-296-x-296-m-partytalt-med-dubbeltak-vaderbestandig-myggnat-morkgra\/","name":"TRUUSK Tr\u00e4dg\u00e5rdspaviljong 2,96 x 2,96 m - Partyt\u00e4lt med dubbeltak - V\u00e4derbest\u00e4ndig - Myggn\u00e4t - M\u00f6rkgr\u00e5 - TRUUSK - Hem, Tr\u00e4dg\u00e5rd &amp; Fritid","isPartOf":{"@id":"https:\/\/truusk.store\/sv\/#website"},"primaryImageOfPage":{"@id":"https:\/\/truusk.store\/sv\/produkt\/truusk-tradgardspaviljong-296-x-296-m-partytalt-med-dubbeltak-vaderbestandig-myggnat-morkgra\/#primaryimage"},"image":{"@id":"https:\/\/truusk.store\/sv\/produkt\/truusk-tradgardspaviljong-296-x-296-m-partytalt-med-dubbeltak-vaderbestandig-myggnat-morkgra\/#primaryimage"},"thumbnailUrl":"https:\/\/i0.wp.com\/truusk.store\/wp-content\/uploads\/2024\/02\/tradgardspaviljong-paviljong-296-x-296-m-tradgardstalt-med-dubbeltak-partytalt-med-4-x-sidopaneler-myggnat-vaderbestandig-aluminium-polyester-morkgra.webp?fit=800%2C800&ssl=1","datePublished":"2024-02-13T21:31:07+00:00","dateModified":"2026-03-12T08:10:47+00:00","breadcrumb":{"@id":"https:\/\/truusk.store\/sv\/produkt\/truusk-tradgardspaviljong-296-x-296-m-partytalt-med-dubbeltak-vaderbestandig-myggnat-morkgra\/#breadcrumb"},"inLanguage":"sv-SE","potentialAction":[{"@type":"ReadAction","target":["https:\/\/truusk.store\/sv\/produkt\/truusk-tradgardspaviljong-296-x-296-m-partytalt-med-dubbeltak-vaderbestandig-myggnat-morkgra\/"]}]},{"@type":"ImageObject","inLanguage":"sv-SE","@id":"https:\/\/truusk.store\/sv\/produkt\/truusk-tradgardspaviljong-296-x-296-m-partytalt-med-dubbeltak-vaderbestandig-myggnat-morkgra\/#primaryimage","url":"https:\/\/i0.wp.com\/truusk.store\/wp-content\/uploads\/2024\/02\/tradgardspaviljong-paviljong-296-x-296-m-tradgardstalt-med-dubbeltak-partytalt-med-4-x-sidopaneler-myggnat-vaderbestandig-aluminium-polyester-morkgra.webp?fit=800%2C800&ssl=1","contentUrl":"https:\/\/i0.wp.com\/truusk.store\/wp-content\/uploads\/2024\/02\/tradgardspaviljong-paviljong-296-x-296-m-tradgardstalt-med-dubbeltak-partytalt-med-4-x-sidopaneler-myggnat-vaderbestandig-aluminium-polyester-morkgra.webp?fit=800%2C800&ssl=1","width":800,"height":800,"caption":"Tr\u00e4dg\u00e5rdspaviljong Paviljong 2,96 X 2,96 M Tr\u00e4dg\u00e5rdst\u00e4lt Med Dubbeltak Partyt\u00e4lt Med 4 X Sidopaneler Myggn\u00e4t V\u00e4derbest\u00e4ndig Aluminium Polyester M\u00f6rkgr\u00e5 1"},{"@type":"BreadcrumbList","@id":"https:\/\/truusk.store\/sv\/produkt\/truusk-tradgardspaviljong-296-x-296-m-partytalt-med-dubbeltak-vaderbestandig-myggnat-morkgra\/#breadcrumb","itemListElement":[{"@type":"ListItem","position":1,"name":"Home","item":"https:\/\/truusk.store\/sv\/"},{"@type":"ListItem","position":2,"name":"Shop","item":"https:\/\/truusk.store\/shop\/"},{"@type":"ListItem","position":3,"name":"TRUUSK Tr\u00e4dg\u00e5rdspaviljong 2,96 x 2,96 m &#8211; Partyt\u00e4lt med dubbeltak &#8211; V\u00e4derbest\u00e4ndig &#8211; Myggn\u00e4t &#8211; M\u00f6rkgr\u00e5"}]},{"@type":"WebSite","@id":"https:\/\/truusk.store\/sv\/#website","url":"https:\/\/truusk.store\/sv\/","name":"TRUUSK - Hem, Tr\u00e4dg\u00e5rd & Fritid","description":"","publisher":{"@id":"https:\/\/truusk.store\/sv\/#organization"},"potentialAction":[{"@type":"SearchAction","target":{"@type":"EntryPoint","urlTemplate":"https:\/\/truusk.store\/sv\/?s={search_term_string}"},"query-input":{"@type":"PropertyValueSpecification","valueRequired":true,"valueName":"search_term_string"}}],"inLanguage":"sv-SE"},{"@type":"Organization","@id":"https:\/\/truusk.store\/sv\/#organization","name":"TRUUSK - Hem, Tr\u00e4dg\u00e5rd & Fritid","url":"https:\/\/truusk.store\/sv\/","logo":{"@type":"ImageObject","inLanguage":"sv-SE","@id":"https:\/\/truusk.store\/sv\/#\/schema\/logo\/image\/","url":"https:\/\/i0.wp.com\/truusk.store\/wp-content\/uploads\/2026\/03\/cropped-TRUUSK.png?fit=2032%2C917&ssl=1","contentUrl":"https:\/\/i0.wp.com\/truusk.store\/wp-content\/uploads\/2026\/03\/cropped-TRUUSK.png?fit=2032%2C917&ssl=1","width":2032,"height":917,"caption":"TRUUSK - Hem, Tr\u00e4dg\u00e5rd & Fritid"},"image":{"@id":"https:\/\/truusk.store\/sv\/#\/schema\/logo\/image\/"}}]}},"jetpack_sharing_enabled":true,"_links":{"self":[{"href":"https:\/\/truusk.store\/sv\/wp-json\/wp\/v2\/product\/33354","targetHints":{"allow":["GET"]}}],"collection":[{"href":"https:\/\/truusk.store\/sv\/wp-json\/wp\/v2\/product"}],"about":[{"href":"https:\/\/truusk.store\/sv\/wp-json\/wp\/v2\/types\/product"}],"wp:featuredmedia":[{"embeddable":true,"href":"https:\/\/truusk.store\/sv\/wp-json\/wp\/v2\/media\/33355"}],"wp:attachment":[{"href":"https:\/\/truusk.store\/sv\/wp-json\/wp\/v2\/media?parent=33354"}],"wp:term":[{"taxonomy":"product_brand","embeddable":true,"href":"https:\/\/truusk.store\/sv\/wp-json\/wp\/v2\/product_brand?post=33354"},{"taxonomy":"product_cat","embeddable":true,"href":"https:\/\/truusk.store\/sv\/wp-json\/wp\/v2\/product_cat?post=33354"},{"taxonomy":"product_tag","embeddable":true,"href":"https:\/\/truusk.store\/sv\/wp-json\/wp\/v2\/product_tag?post=33354"}],"curies":[{"name":"wp","href":"https:\/\/api.w.org\/{rel}","templated":true}]}}