{"id":33403,"date":"2024-02-13T22:32:45","date_gmt":"2024-02-13T21:32:45","guid":{"rendered":"https:\/\/truusk.store\/product\/matbord-koksbord-bordsskiva-i-stenlook-stalben-140-x-80-x-76-cm\/"},"modified":"2026-03-12T09:10:48","modified_gmt":"2026-03-12T08:10:48","slug":"truusk-matbord-i-stenlook-140x80x76-cm-rostfria-stalben-taligt-och-snyggt-perfekt-for-koket","status":"publish","type":"product","link":"https:\/\/truusk.store\/sv\/produkt\/truusk-matbord-i-stenlook-140x80x76-cm-rostfria-stalben-taligt-och-snyggt-perfekt-for-koket\/","title":{"rendered":"TRUUSK Matbord i Stenlook &#8211; 140x80x76 cm &#8211; Rostfria St\u00e5lben &#8211; T\u00e5ligt och Snyggt &#8211; Perfekt f\u00f6r K\u00f6ket"},"content":{"rendered":"<p>Matbordet \u00e4r ofta livets centrum i ett hem. F\u00f6r h\u00e4r kan du tillbringa h\u00e4rliga timmar med familj och v\u00e4nner. Detta matbord k\u00e4nnetecknas av en tydlig linje och imponerar med sin fanerade stenskiva och st\u00e5lben med en modern, modern design. Detta bord rymmer upp till sex personer, perfekt f\u00f6r en helgbrunch med v\u00e4nner eller en spelkv\u00e4ll med familjen. Tack vare sin kompakta design \u00e4r den \u00e4ven l\u00e4mplig f\u00f6r sm\u00e5 rum.<\/p>\n<h3>Beskrivning:<\/h3>\n<ul>\n<li>Samtida vackert: tydliga linjer och minimalistisk, modern design, med en bordsskiva i en smakfull stenlook<\/li>\n<li>Stor bordsskiva av tv\u00e5 utvalda MDF-skivor ger tillr\u00e4ckligt med plats f\u00f6r 4-6 personer<\/li>\n<li>Med pulverlackerade tv\u00e4rben i st\u00e5l, st\u00f6der upp till 60 kg<\/li>\n<li>Justerbara f\u00f6tter ger stabilitet p\u00e5 oj\u00e4mna ytor och skyddar golvet<\/li>\n<li>Montering kr\u00e4vs<\/li>\n<\/ul>\n<h3>Teknisk data:<\/h3>\n<ul>\n<li>F\u00e4rg: Gr\u00e5+svart<\/li>\n<li>Material: MDF, st\u00e5l<\/li>\n<li>Bordsm\u00e5tt: 140L x 80W x 76H cm<\/li>\n<li>Bordsskivans tjocklek: 3 cm<\/li>\n<li>Lastkapacitet: 60 kg<\/li>\n<\/ul>\n<h3>Leveransens omfattning:<\/h3>\n<ul>\n<li>1 x matbord<\/li>\n<li>1 x Instruktioner<\/li>\n<\/ul>\n","protected":false},"excerpt":{"rendered":"<p>Matbordet \u00e4r ofta livets centrum i ett hem. F\u00f6r h\u00e4r kan du tillbringa h\u00e4rliga timmar med familj och v\u00e4nner. Detta&#8230;<\/p>\n","protected":false},"featured_media":33404,"template":"","meta":[],"product_brand":[],"product_cat":[485,509,501],"product_tag":[],"class_list":{"0":"post-33403","1":"product","2":"type-product","3":"status-publish","4":"has-post-thumbnail","6":"product_cat-hus-bo","7":"product_cat-matbord","8":"product_cat-tabeller","10":"first","11":"instock","12":"sale","13":"taxable","14":"shipping-taxable","15":"purchasable","16":"product-type-simple"},"yoast_head":"<!-- This site is optimized with the Yoast SEO plugin v25.4 - https:\/\/yoast.com\/wordpress\/plugins\/seo\/ -->\n<title>TRUUSK Matbord i Stenlook - 140x80x76 cm - Rostfria St\u00e5lben - T\u00e5ligt och Snyggt - Perfekt f\u00f6r K\u00f6ket - TRUUSK - Hem, Tr\u00e4dg\u00e5rd &amp; Fritid<\/title>\n<meta name=\"robots\" content=\"index, follow, max-snippet:-1, max-image-preview:large, max-video-preview:-1\" \/>\n<link rel=\"canonical\" href=\"https:\/\/truusk.store\/sv\/produkt\/truusk-matbord-i-stenlook-140x80x76-cm-rostfria-stalben-taligt-och-snyggt-perfekt-for-koket\/\" \/>\n<meta property=\"og:locale\" content=\"sv_SE\" \/>\n<meta property=\"og:type\" content=\"article\" \/>\n<meta property=\"og:title\" content=\"TRUUSK Matbord i Stenlook - 140x80x76 cm - Rostfria St\u00e5lben - T\u00e5ligt och Snyggt - Perfekt f\u00f6r K\u00f6ket - TRUUSK - Hem, Tr\u00e4dg\u00e5rd &amp; Fritid\" \/>\n<meta property=\"og:description\" content=\"Matbordet \u00e4r ofta livets centrum i ett hem. F\u00f6r h\u00e4r kan du tillbringa h\u00e4rliga timmar med familj och v\u00e4nner. Detta...\" \/>\n<meta property=\"og:url\" content=\"https:\/\/truusk.store\/sv\/produkt\/truusk-matbord-i-stenlook-140x80x76-cm-rostfria-stalben-taligt-och-snyggt-perfekt-for-koket\/\" \/>\n<meta property=\"og:site_name\" content=\"TRUUSK - Hem, Tr\u00e4dg\u00e5rd &amp; Fritid\" \/>\n<meta property=\"article:modified_time\" content=\"2026-03-12T08:10:48+00:00\" \/>\n<meta property=\"og:image\" content=\"https:\/\/i0.wp.com\/truusk.se\/wp-content\/uploads\/2024\/02\/matbord-koksbord-bordsskiva-i-stenlook-stalben-140-x-80-x-76-cm.webp?fit=800%2C800&ssl=1\" \/>\n\t<meta property=\"og:image:width\" content=\"800\" \/>\n\t<meta property=\"og:image:height\" content=\"800\" \/>\n\t<meta property=\"og:image:type\" content=\"image\/webp\" \/>\n<meta name=\"twitter:card\" content=\"summary_large_image\" \/>\n<meta name=\"twitter:label1\" content=\"Ber\u00e4knad l\u00e4stid\" \/>\n\t<meta name=\"twitter:data1\" content=\"1 minut\" \/>\n<!-- \/ Yoast SEO plugin. -->","yoast_head_json":{"title":"TRUUSK Matbord i Stenlook - 140x80x76 cm - Rostfria St\u00e5lben - T\u00e5ligt och Snyggt - Perfekt f\u00f6r K\u00f6ket - TRUUSK - Hem, Tr\u00e4dg\u00e5rd &amp; Fritid","robots":{"index":"index","follow":"follow","max-snippet":"max-snippet:-1","max-image-preview":"max-image-preview:large","max-video-preview":"max-video-preview:-1"},"canonical":"https:\/\/truusk.store\/sv\/produkt\/truusk-matbord-i-stenlook-140x80x76-cm-rostfria-stalben-taligt-och-snyggt-perfekt-for-koket\/","og_locale":"sv_SE","og_type":"article","og_title":"TRUUSK Matbord i Stenlook - 140x80x76 cm - Rostfria St\u00e5lben - T\u00e5ligt och Snyggt - Perfekt f\u00f6r K\u00f6ket - TRUUSK - Hem, Tr\u00e4dg\u00e5rd &amp; Fritid","og_description":"Matbordet \u00e4r ofta livets centrum i ett hem. F\u00f6r h\u00e4r kan du tillbringa h\u00e4rliga timmar med familj och v\u00e4nner. Detta...","og_url":"https:\/\/truusk.store\/sv\/produkt\/truusk-matbord-i-stenlook-140x80x76-cm-rostfria-stalben-taligt-och-snyggt-perfekt-for-koket\/","og_site_name":"TRUUSK - Hem, Tr\u00e4dg\u00e5rd &amp; Fritid","article_modified_time":"2026-03-12T08:10:48+00:00","og_image":[{"width":800,"height":800,"url":"https:\/\/i0.wp.com\/truusk.se\/wp-content\/uploads\/2024\/02\/matbord-koksbord-bordsskiva-i-stenlook-stalben-140-x-80-x-76-cm.webp?fit=800%2C800&ssl=1","type":"image\/webp"}],"twitter_card":"summary_large_image","twitter_misc":{"Ber\u00e4knad l\u00e4stid":"1 minut"},"schema":{"@context":"https:\/\/schema.org","@graph":[{"@type":"WebPage","@id":"https:\/\/truusk.store\/sv\/produkt\/truusk-matbord-i-stenlook-140x80x76-cm-rostfria-stalben-taligt-och-snyggt-perfekt-for-koket\/","url":"https:\/\/truusk.store\/sv\/produkt\/truusk-matbord-i-stenlook-140x80x76-cm-rostfria-stalben-taligt-och-snyggt-perfekt-for-koket\/","name":"TRUUSK Matbord i Stenlook - 140x80x76 cm - Rostfria St\u00e5lben - T\u00e5ligt och Snyggt - Perfekt f\u00f6r K\u00f6ket - TRUUSK - Hem, Tr\u00e4dg\u00e5rd &amp; Fritid","isPartOf":{"@id":"https:\/\/truusk.store\/sv\/#website"},"primaryImageOfPage":{"@id":"https:\/\/truusk.store\/sv\/produkt\/truusk-matbord-i-stenlook-140x80x76-cm-rostfria-stalben-taligt-och-snyggt-perfekt-for-koket\/#primaryimage"},"image":{"@id":"https:\/\/truusk.store\/sv\/produkt\/truusk-matbord-i-stenlook-140x80x76-cm-rostfria-stalben-taligt-och-snyggt-perfekt-for-koket\/#primaryimage"},"thumbnailUrl":"https:\/\/i0.wp.com\/truusk.store\/wp-content\/uploads\/2024\/02\/matbord-koksbord-bordsskiva-i-stenlook-stalben-140-x-80-x-76-cm.webp?fit=800%2C800&ssl=1","datePublished":"2024-02-13T21:32:45+00:00","dateModified":"2026-03-12T08:10:48+00:00","breadcrumb":{"@id":"https:\/\/truusk.store\/sv\/produkt\/truusk-matbord-i-stenlook-140x80x76-cm-rostfria-stalben-taligt-och-snyggt-perfekt-for-koket\/#breadcrumb"},"inLanguage":"sv-SE","potentialAction":[{"@type":"ReadAction","target":["https:\/\/truusk.store\/sv\/produkt\/truusk-matbord-i-stenlook-140x80x76-cm-rostfria-stalben-taligt-och-snyggt-perfekt-for-koket\/"]}]},{"@type":"ImageObject","inLanguage":"sv-SE","@id":"https:\/\/truusk.store\/sv\/produkt\/truusk-matbord-i-stenlook-140x80x76-cm-rostfria-stalben-taligt-och-snyggt-perfekt-for-koket\/#primaryimage","url":"https:\/\/i0.wp.com\/truusk.store\/wp-content\/uploads\/2024\/02\/matbord-koksbord-bordsskiva-i-stenlook-stalben-140-x-80-x-76-cm.webp?fit=800%2C800&ssl=1","contentUrl":"https:\/\/i0.wp.com\/truusk.store\/wp-content\/uploads\/2024\/02\/matbord-koksbord-bordsskiva-i-stenlook-stalben-140-x-80-x-76-cm.webp?fit=800%2C800&ssl=1","width":800,"height":800,"caption":"Matbord, K\u00f6ksbord, Bordsskiva I Stenlook, St\u00e5lben, 140 X 80 X 76 Cm 1"},{"@type":"BreadcrumbList","@id":"https:\/\/truusk.store\/sv\/produkt\/truusk-matbord-i-stenlook-140x80x76-cm-rostfria-stalben-taligt-och-snyggt-perfekt-for-koket\/#breadcrumb","itemListElement":[{"@type":"ListItem","position":1,"name":"Home","item":"https:\/\/truusk.store\/sv\/"},{"@type":"ListItem","position":2,"name":"Shop","item":"https:\/\/truusk.store\/shop\/"},{"@type":"ListItem","position":3,"name":"TRUUSK Matbord i Stenlook &#8211; 140x80x76 cm &#8211; Rostfria St\u00e5lben &#8211; T\u00e5ligt och Snyggt &#8211; Perfekt f\u00f6r K\u00f6ket"}]},{"@type":"WebSite","@id":"https:\/\/truusk.store\/sv\/#website","url":"https:\/\/truusk.store\/sv\/","name":"TRUUSK - Hem, Tr\u00e4dg\u00e5rd & Fritid","description":"","publisher":{"@id":"https:\/\/truusk.store\/sv\/#organization"},"potentialAction":[{"@type":"SearchAction","target":{"@type":"EntryPoint","urlTemplate":"https:\/\/truusk.store\/sv\/?s={search_term_string}"},"query-input":{"@type":"PropertyValueSpecification","valueRequired":true,"valueName":"search_term_string"}}],"inLanguage":"sv-SE"},{"@type":"Organization","@id":"https:\/\/truusk.store\/sv\/#organization","name":"TRUUSK - Hem, Tr\u00e4dg\u00e5rd & Fritid","url":"https:\/\/truusk.store\/sv\/","logo":{"@type":"ImageObject","inLanguage":"sv-SE","@id":"https:\/\/truusk.store\/sv\/#\/schema\/logo\/image\/","url":"https:\/\/i0.wp.com\/truusk.store\/wp-content\/uploads\/2026\/03\/cropped-TRUUSK.png?fit=2032%2C917&ssl=1","contentUrl":"https:\/\/i0.wp.com\/truusk.store\/wp-content\/uploads\/2026\/03\/cropped-TRUUSK.png?fit=2032%2C917&ssl=1","width":2032,"height":917,"caption":"TRUUSK - Hem, Tr\u00e4dg\u00e5rd & Fritid"},"image":{"@id":"https:\/\/truusk.store\/sv\/#\/schema\/logo\/image\/"}}]}},"jetpack_sharing_enabled":true,"_links":{"self":[{"href":"https:\/\/truusk.store\/sv\/wp-json\/wp\/v2\/product\/33403","targetHints":{"allow":["GET"]}}],"collection":[{"href":"https:\/\/truusk.store\/sv\/wp-json\/wp\/v2\/product"}],"about":[{"href":"https:\/\/truusk.store\/sv\/wp-json\/wp\/v2\/types\/product"}],"wp:featuredmedia":[{"embeddable":true,"href":"https:\/\/truusk.store\/sv\/wp-json\/wp\/v2\/media\/33404"}],"wp:attachment":[{"href":"https:\/\/truusk.store\/sv\/wp-json\/wp\/v2\/media?parent=33403"}],"wp:term":[{"taxonomy":"product_brand","embeddable":true,"href":"https:\/\/truusk.store\/sv\/wp-json\/wp\/v2\/product_brand?post=33403"},{"taxonomy":"product_cat","embeddable":true,"href":"https:\/\/truusk.store\/sv\/wp-json\/wp\/v2\/product_cat?post=33403"},{"taxonomy":"product_tag","embeddable":true,"href":"https:\/\/truusk.store\/sv\/wp-json\/wp\/v2\/product_tag?post=33403"}],"curies":[{"name":"wp","href":"https:\/\/api.w.org\/{rel}","templated":true}]}}