{"id":33453,"date":"2024-02-13T22:34:21","date_gmt":"2024-02-13T21:34:21","guid":{"rendered":"https:\/\/truusk.store\/product\/upphojd-badd-plantera-blomlada-blomkruka-ortbadd-med-fiberduk-massivt-tra-stal-natur-svart-120-x-60-x-74-cm\/"},"modified":"2026-03-12T09:10:49","modified_gmt":"2026-03-12T08:10:49","slug":"truusk-upphojd-blomkruka-i-massivt-tra-med-fiberduk-stalram-natur-svart-120-x-60-x-74-cm","status":"publish","type":"product","link":"https:\/\/truusk.store\/sv\/produkt\/truusk-upphojd-blomkruka-i-massivt-tra-med-fiberduk-stalram-natur-svart-120-x-60-x-74-cm\/","title":{"rendered":"TRUUSK Upph\u00f6jd Blomkruka i Massivt Tr\u00e4 &#8211; Med Fiberduk &#8211; St\u00e5lram &#8211; Natur + Svart &#8211; 120 x 60 x 74 cm"},"content":{"rendered":"<p>Uppt\u00e4ck gl\u00e4djen i tr\u00e4dg\u00e5rdsarbete och b\u00f6rja skapa en gr\u00f6n oas med denna upph\u00f6jda tr\u00e4dg\u00e5rdss\u00e4ng. Metallbenen ser till att l\u00e5dan inte v\u00e4lter, s\u00e5 den kan anv\u00e4ndas utomhus eller inomhus under l\u00e5ng tid. Med v\u00e5r blomsterl\u00e5da kan du enkelt h\u00e5lla ogr\u00e4s borta fr\u00e5n dina v\u00e4xter. Passar i mindre utrymmen s\u00e5 att du kan tr\u00e4dg\u00e5rd p\u00e5 platser som uteplatsen, verandan eller d\u00f6rr\u00f6ppningen.<\/p>\n<h3>Beskrivning:<\/h3>\n<ul>\n<li>Ben i rostfritt st\u00e5l, robusta och med h\u00f6g stabilitet<\/li>\n<li>Enkel arbetsh\u00f6jd minimerar belastningen p\u00e5 rygg och kn\u00e4n<\/li>\n<li>Upph\u00f6jd rabatt h\u00e5ller ogr\u00e4s ute och skyddar v\u00e4xter fr\u00e5n \u00f6versv\u00e4mningar<\/li>\n<li>Fibertyg i planteringsl\u00e5dan f\u00f6r att f\u00f6rhindra jorderosion<\/li>\n<li>Mellanrummen mellan lamellerna g\u00f6r att plantorna kan andas fritt<\/li>\n<li>Montering kr\u00e4vs<\/li>\n<\/ul>\n<h3>Teknisk data:<\/h3>\n<ul>\n<li>F\u00e4rg: Natur+svart<\/li>\n<li>Material: gran, st\u00e5l<\/li>\n<li>\u00d6vergripande m\u00e5tt: 120L x 60W x 74H cm<\/li>\n<li>Planteringsyta: 177L x 57B x 27H cm<\/li>\n<li>Benh\u00f6jd: 44 cm<\/li>\n<li>Lastkapacitet: 200 kg<\/li>\n<\/ul>\n<h3>Leveransens omfattning:<\/h3>\n<ul>\n<li>1 x upph\u00f6jd s\u00e4ng<\/li>\n<li>1 x Instruktioner<\/li>\n<\/ul>\n","protected":false},"excerpt":{"rendered":"<p>Uppt\u00e4ck gl\u00e4djen i tr\u00e4dg\u00e5rdsarbete och b\u00f6rja skapa en gr\u00f6n oas med denna upph\u00f6jda tr\u00e4dg\u00e5rdss\u00e4ng. Metallbenen ser till att l\u00e5dan inte&#8230;<\/p>\n","protected":false},"featured_media":33454,"template":"","meta":[],"product_brand":[],"product_cat":[447,435,443],"product_tag":[],"class_list":{"0":"post-33453","1":"product","2":"type-product","3":"status-publish","4":"has-post-thumbnail","6":"product_cat-planteringsmaskiner","7":"product_cat-tradgard-och-terrass","8":"product_cat-vaxthus-tradgardsskotsel","10":"first","11":"instock","12":"sale","13":"taxable","14":"shipping-taxable","15":"purchasable","16":"product-type-simple"},"yoast_head":"<!-- This site is optimized with the Yoast SEO plugin v25.4 - https:\/\/yoast.com\/wordpress\/plugins\/seo\/ -->\n<title>TRUUSK Upph\u00f6jd Blomkruka i Massivt Tr\u00e4 - Med Fiberduk - St\u00e5lram - Natur + Svart - 120 x 60 x 74 cm - TRUUSK - Hem, Tr\u00e4dg\u00e5rd &amp; Fritid<\/title>\n<meta name=\"robots\" content=\"index, follow, max-snippet:-1, max-image-preview:large, max-video-preview:-1\" \/>\n<link rel=\"canonical\" href=\"https:\/\/truusk.store\/sv\/produkt\/truusk-upphojd-blomkruka-i-massivt-tra-med-fiberduk-stalram-natur-svart-120-x-60-x-74-cm\/\" \/>\n<meta property=\"og:locale\" content=\"sv_SE\" \/>\n<meta property=\"og:type\" content=\"article\" \/>\n<meta property=\"og:title\" content=\"TRUUSK Upph\u00f6jd Blomkruka i Massivt Tr\u00e4 - Med Fiberduk - St\u00e5lram - Natur + Svart - 120 x 60 x 74 cm - TRUUSK - Hem, Tr\u00e4dg\u00e5rd &amp; Fritid\" \/>\n<meta property=\"og:description\" content=\"Uppt\u00e4ck gl\u00e4djen i tr\u00e4dg\u00e5rdsarbete och b\u00f6rja skapa en gr\u00f6n oas med denna upph\u00f6jda tr\u00e4dg\u00e5rdss\u00e4ng. Metallbenen ser till att l\u00e5dan inte...\" \/>\n<meta property=\"og:url\" content=\"https:\/\/truusk.store\/sv\/produkt\/truusk-upphojd-blomkruka-i-massivt-tra-med-fiberduk-stalram-natur-svart-120-x-60-x-74-cm\/\" \/>\n<meta property=\"og:site_name\" content=\"TRUUSK - Hem, Tr\u00e4dg\u00e5rd &amp; Fritid\" \/>\n<meta property=\"article:modified_time\" content=\"2026-03-12T08:10:49+00:00\" \/>\n<meta property=\"og:image\" content=\"https:\/\/i0.wp.com\/truusk.se\/wp-content\/uploads\/2024\/02\/upphojd-badd-plantera-blomlada-blomkruka-ortbadd-med-fiberduk-massivt-tra-stal-natur-svart-120-x-60-x-74-cm.webp?fit=800%2C800&ssl=1\" \/>\n\t<meta property=\"og:image:width\" content=\"800\" \/>\n\t<meta property=\"og:image:height\" content=\"800\" \/>\n\t<meta property=\"og:image:type\" content=\"image\/webp\" \/>\n<meta name=\"twitter:card\" content=\"summary_large_image\" \/>\n<meta name=\"twitter:label1\" content=\"Ber\u00e4knad l\u00e4stid\" \/>\n\t<meta name=\"twitter:data1\" content=\"1 minut\" \/>\n<!-- \/ Yoast SEO plugin. -->","yoast_head_json":{"title":"TRUUSK Upph\u00f6jd Blomkruka i Massivt Tr\u00e4 - Med Fiberduk - St\u00e5lram - Natur + Svart - 120 x 60 x 74 cm - TRUUSK - Hem, Tr\u00e4dg\u00e5rd &amp; Fritid","robots":{"index":"index","follow":"follow","max-snippet":"max-snippet:-1","max-image-preview":"max-image-preview:large","max-video-preview":"max-video-preview:-1"},"canonical":"https:\/\/truusk.store\/sv\/produkt\/truusk-upphojd-blomkruka-i-massivt-tra-med-fiberduk-stalram-natur-svart-120-x-60-x-74-cm\/","og_locale":"sv_SE","og_type":"article","og_title":"TRUUSK Upph\u00f6jd Blomkruka i Massivt Tr\u00e4 - Med Fiberduk - St\u00e5lram - Natur + Svart - 120 x 60 x 74 cm - TRUUSK - Hem, Tr\u00e4dg\u00e5rd &amp; Fritid","og_description":"Uppt\u00e4ck gl\u00e4djen i tr\u00e4dg\u00e5rdsarbete och b\u00f6rja skapa en gr\u00f6n oas med denna upph\u00f6jda tr\u00e4dg\u00e5rdss\u00e4ng. Metallbenen ser till att l\u00e5dan inte...","og_url":"https:\/\/truusk.store\/sv\/produkt\/truusk-upphojd-blomkruka-i-massivt-tra-med-fiberduk-stalram-natur-svart-120-x-60-x-74-cm\/","og_site_name":"TRUUSK - Hem, Tr\u00e4dg\u00e5rd &amp; Fritid","article_modified_time":"2026-03-12T08:10:49+00:00","og_image":[{"width":800,"height":800,"url":"https:\/\/i0.wp.com\/truusk.se\/wp-content\/uploads\/2024\/02\/upphojd-badd-plantera-blomlada-blomkruka-ortbadd-med-fiberduk-massivt-tra-stal-natur-svart-120-x-60-x-74-cm.webp?fit=800%2C800&ssl=1","type":"image\/webp"}],"twitter_card":"summary_large_image","twitter_misc":{"Ber\u00e4knad l\u00e4stid":"1 minut"},"schema":{"@context":"https:\/\/schema.org","@graph":[{"@type":"WebPage","@id":"https:\/\/truusk.store\/sv\/produkt\/truusk-upphojd-blomkruka-i-massivt-tra-med-fiberduk-stalram-natur-svart-120-x-60-x-74-cm\/","url":"https:\/\/truusk.store\/sv\/produkt\/truusk-upphojd-blomkruka-i-massivt-tra-med-fiberduk-stalram-natur-svart-120-x-60-x-74-cm\/","name":"TRUUSK Upph\u00f6jd Blomkruka i Massivt Tr\u00e4 - Med Fiberduk - St\u00e5lram - Natur + Svart - 120 x 60 x 74 cm - TRUUSK - Hem, Tr\u00e4dg\u00e5rd &amp; Fritid","isPartOf":{"@id":"https:\/\/truusk.store\/sv\/#website"},"primaryImageOfPage":{"@id":"https:\/\/truusk.store\/sv\/produkt\/truusk-upphojd-blomkruka-i-massivt-tra-med-fiberduk-stalram-natur-svart-120-x-60-x-74-cm\/#primaryimage"},"image":{"@id":"https:\/\/truusk.store\/sv\/produkt\/truusk-upphojd-blomkruka-i-massivt-tra-med-fiberduk-stalram-natur-svart-120-x-60-x-74-cm\/#primaryimage"},"thumbnailUrl":"https:\/\/i0.wp.com\/truusk.store\/wp-content\/uploads\/2024\/02\/upphojd-badd-plantera-blomlada-blomkruka-ortbadd-med-fiberduk-massivt-tra-stal-natur-svart-120-x-60-x-74-cm.webp?fit=800%2C800&ssl=1","datePublished":"2024-02-13T21:34:21+00:00","dateModified":"2026-03-12T08:10:49+00:00","breadcrumb":{"@id":"https:\/\/truusk.store\/sv\/produkt\/truusk-upphojd-blomkruka-i-massivt-tra-med-fiberduk-stalram-natur-svart-120-x-60-x-74-cm\/#breadcrumb"},"inLanguage":"sv-SE","potentialAction":[{"@type":"ReadAction","target":["https:\/\/truusk.store\/sv\/produkt\/truusk-upphojd-blomkruka-i-massivt-tra-med-fiberduk-stalram-natur-svart-120-x-60-x-74-cm\/"]}]},{"@type":"ImageObject","inLanguage":"sv-SE","@id":"https:\/\/truusk.store\/sv\/produkt\/truusk-upphojd-blomkruka-i-massivt-tra-med-fiberduk-stalram-natur-svart-120-x-60-x-74-cm\/#primaryimage","url":"https:\/\/i0.wp.com\/truusk.store\/wp-content\/uploads\/2024\/02\/upphojd-badd-plantera-blomlada-blomkruka-ortbadd-med-fiberduk-massivt-tra-stal-natur-svart-120-x-60-x-74-cm.webp?fit=800%2C800&ssl=1","contentUrl":"https:\/\/i0.wp.com\/truusk.store\/wp-content\/uploads\/2024\/02\/upphojd-badd-plantera-blomlada-blomkruka-ortbadd-med-fiberduk-massivt-tra-stal-natur-svart-120-x-60-x-74-cm.webp?fit=800%2C800&ssl=1","width":800,"height":800,"caption":"Upph\u00f6jd B\u00e4dd Plantera Bloml\u00e5da Blomkruka \u00f6rtb\u00e4dd Med Fiberduk Massivt Tr\u00e4 St\u00e5l Natur + Svart 120 X 60 X 74 Cm 1"},{"@type":"BreadcrumbList","@id":"https:\/\/truusk.store\/sv\/produkt\/truusk-upphojd-blomkruka-i-massivt-tra-med-fiberduk-stalram-natur-svart-120-x-60-x-74-cm\/#breadcrumb","itemListElement":[{"@type":"ListItem","position":1,"name":"Home","item":"https:\/\/truusk.store\/sv\/"},{"@type":"ListItem","position":2,"name":"Shop","item":"https:\/\/truusk.store\/shop\/"},{"@type":"ListItem","position":3,"name":"TRUUSK Upph\u00f6jd Blomkruka i Massivt Tr\u00e4 &#8211; Med Fiberduk &#8211; St\u00e5lram &#8211; Natur + Svart &#8211; 120 x 60 x 74 cm"}]},{"@type":"WebSite","@id":"https:\/\/truusk.store\/sv\/#website","url":"https:\/\/truusk.store\/sv\/","name":"TRUUSK - Hem, Tr\u00e4dg\u00e5rd & Fritid","description":"","publisher":{"@id":"https:\/\/truusk.store\/sv\/#organization"},"potentialAction":[{"@type":"SearchAction","target":{"@type":"EntryPoint","urlTemplate":"https:\/\/truusk.store\/sv\/?s={search_term_string}"},"query-input":{"@type":"PropertyValueSpecification","valueRequired":true,"valueName":"search_term_string"}}],"inLanguage":"sv-SE"},{"@type":"Organization","@id":"https:\/\/truusk.store\/sv\/#organization","name":"TRUUSK - Hem, Tr\u00e4dg\u00e5rd & Fritid","url":"https:\/\/truusk.store\/sv\/","logo":{"@type":"ImageObject","inLanguage":"sv-SE","@id":"https:\/\/truusk.store\/sv\/#\/schema\/logo\/image\/","url":"https:\/\/i0.wp.com\/truusk.store\/wp-content\/uploads\/2026\/03\/cropped-TRUUSK.png?fit=2032%2C917&ssl=1","contentUrl":"https:\/\/i0.wp.com\/truusk.store\/wp-content\/uploads\/2026\/03\/cropped-TRUUSK.png?fit=2032%2C917&ssl=1","width":2032,"height":917,"caption":"TRUUSK - Hem, Tr\u00e4dg\u00e5rd & Fritid"},"image":{"@id":"https:\/\/truusk.store\/sv\/#\/schema\/logo\/image\/"}}]}},"jetpack_sharing_enabled":true,"_links":{"self":[{"href":"https:\/\/truusk.store\/sv\/wp-json\/wp\/v2\/product\/33453","targetHints":{"allow":["GET"]}}],"collection":[{"href":"https:\/\/truusk.store\/sv\/wp-json\/wp\/v2\/product"}],"about":[{"href":"https:\/\/truusk.store\/sv\/wp-json\/wp\/v2\/types\/product"}],"wp:featuredmedia":[{"embeddable":true,"href":"https:\/\/truusk.store\/sv\/wp-json\/wp\/v2\/media\/33454"}],"wp:attachment":[{"href":"https:\/\/truusk.store\/sv\/wp-json\/wp\/v2\/media?parent=33453"}],"wp:term":[{"taxonomy":"product_brand","embeddable":true,"href":"https:\/\/truusk.store\/sv\/wp-json\/wp\/v2\/product_brand?post=33453"},{"taxonomy":"product_cat","embeddable":true,"href":"https:\/\/truusk.store\/sv\/wp-json\/wp\/v2\/product_cat?post=33453"},{"taxonomy":"product_tag","embeddable":true,"href":"https:\/\/truusk.store\/sv\/wp-json\/wp\/v2\/product_tag?post=33453"}],"curies":[{"name":"wp","href":"https:\/\/api.w.org\/{rel}","templated":true}]}}