{"id":33463,"date":"2024-02-13T22:34:47","date_gmt":"2024-02-13T21:34:47","guid":{"rendered":"https:\/\/truusk.store\/product\/tradgardsstol-ergonomisk-design-vaderbestandig-hdpe-gra-75-x-87-x-90-cm\/"},"modified":"2026-03-12T09:10:49","modified_gmt":"2026-03-12T08:10:49","slug":"truusk-tradgardsstol-ergonomisk-design-vaderbestandig-hdpe-gra-75-x-87-x-90-cm","status":"publish","type":"product","link":"https:\/\/truusk.store\/sv\/produkt\/truusk-tradgardsstol-ergonomisk-design-vaderbestandig-hdpe-gra-75-x-87-x-90-cm\/","title":{"rendered":"TRUUSK Tr\u00e4dg\u00e5rdsstol &#8211; Ergonomisk Design &#8211; V\u00e4derbest\u00e4ndig &#8211; HDPE &#8211; Gr\u00e5 &#8211; 75 x 87 x 90 cm"},"content":{"rendered":"<p>Tillbringa eftermiddagen med att koppla av i tr\u00e4dg\u00e5rden p\u00e5 denna Adirondack-stol. Det h\u00f6ga, sv\u00e4ngda ryggst\u00f6det, de breda armst\u00f6den och den gener\u00f6sa sittytan s\u00e4kerst\u00e4ller en stilfull och bekv\u00e4m avkopplingsupplevelse. Den robusta plastkonstruktionen \u00e4r v\u00e4derbest\u00e4ndig och s\u00e4rskilt robust. Denna f\u00e5t\u00f6lj \u00e4r idealisk f\u00f6r anv\u00e4ndning i tr\u00e4dg\u00e5rden, p\u00e5 en terrass, veranda eller vid poolen. F\u00f6rsk\u00f6na din uteplats med denna tidl\u00f6st sl\u00e5ende f\u00e5t\u00f6lj.<\/p>\n<h3>Beskrivning:<\/h3>\n<ul>\n<li>Tillverkad av v\u00e4derbest\u00e4ndig plast med h\u00f6g densitet<\/li>\n<li>Avslappnad, vinklad sits med breda armst\u00f6d<\/li>\n<li>Extra h\u00f6gt, tillbakalutat, solfj\u00e4derformat ryggst\u00f6d<\/li>\n<li>Bred sittyta som passar de flesta kroppstyper<\/li>\n<li>Muggh\u00e5llare p\u00e5 armst\u00f6det f\u00f6r din favoritdrink<\/li>\n<li>Perfekt f\u00f6r uteplatser, verandor och andra utomhusomr\u00e5den<\/li>\n<li>Montering kr\u00e4vs<\/li>\n<\/ul>\n<h3>Teknisk data:<\/h3>\n<ul>\n<li>F\u00e4rg gr\u00e5<\/li>\n<li>Material: HDPE<\/li>\n<li>\u00d6vergripande m\u00e5tt: 75W x 87D x 90H cm<\/li>\n<li>Sitsstorlek: 52W x 53D cm<\/li>\n<li>Ryggst\u00f6dsstorlek: 52,5W x 76,5Hcm<\/li>\n<li>Frams\u00e4tesh\u00f6jd: 34 cm<\/li>\n<li>Lastkapacitet: 150 kg<\/li>\n<\/ul>\n<h3>Leveransens omfattning:<\/h3>\n<ul>\n<li>1 x Tr\u00e4dg\u00e5rdsstol<\/li>\n<li>1 x Instruktioner<\/li>\n<\/ul>\n","protected":false},"excerpt":{"rendered":"<p>Tillbringa eftermiddagen med att koppla av i tr\u00e4dg\u00e5rden p\u00e5 denna Adirondack-stol. Det h\u00f6ga, sv\u00e4ngda ryggst\u00f6det, de breda armst\u00f6den och den&#8230;<\/p>\n","protected":false},"featured_media":33464,"template":"","meta":[],"product_brand":[],"product_cat":[435,450,452],"product_tag":[],"class_list":{"0":"post-33463","1":"product","2":"type-product","3":"status-publish","4":"has-post-thumbnail","6":"product_cat-tradgard-och-terrass","7":"product_cat-tradgardsmobler","8":"product_cat-tradgardsstolar","10":"first","11":"instock","12":"sale","13":"taxable","14":"shipping-taxable","15":"purchasable","16":"product-type-simple"},"yoast_head":"<!-- This site is optimized with the Yoast SEO plugin v25.4 - https:\/\/yoast.com\/wordpress\/plugins\/seo\/ -->\n<title>TRUUSK Tr\u00e4dg\u00e5rdsstol - Ergonomisk Design - V\u00e4derbest\u00e4ndig - HDPE - Gr\u00e5 - 75 x 87 x 90 cm - TRUUSK - Hem, Tr\u00e4dg\u00e5rd &amp; Fritid<\/title>\n<meta name=\"robots\" content=\"index, follow, max-snippet:-1, max-image-preview:large, max-video-preview:-1\" \/>\n<link rel=\"canonical\" href=\"https:\/\/truusk.store\/sv\/produkt\/truusk-tradgardsstol-ergonomisk-design-vaderbestandig-hdpe-gra-75-x-87-x-90-cm\/\" \/>\n<meta property=\"og:locale\" content=\"sv_SE\" \/>\n<meta property=\"og:type\" content=\"article\" \/>\n<meta property=\"og:title\" content=\"TRUUSK Tr\u00e4dg\u00e5rdsstol - Ergonomisk Design - V\u00e4derbest\u00e4ndig - HDPE - Gr\u00e5 - 75 x 87 x 90 cm - TRUUSK - Hem, Tr\u00e4dg\u00e5rd &amp; Fritid\" \/>\n<meta property=\"og:description\" content=\"Tillbringa eftermiddagen med att koppla av i tr\u00e4dg\u00e5rden p\u00e5 denna Adirondack-stol. Det h\u00f6ga, sv\u00e4ngda ryggst\u00f6det, de breda armst\u00f6den och den...\" \/>\n<meta property=\"og:url\" content=\"https:\/\/truusk.store\/sv\/produkt\/truusk-tradgardsstol-ergonomisk-design-vaderbestandig-hdpe-gra-75-x-87-x-90-cm\/\" \/>\n<meta property=\"og:site_name\" content=\"TRUUSK - Hem, Tr\u00e4dg\u00e5rd &amp; Fritid\" \/>\n<meta property=\"article:modified_time\" content=\"2026-03-12T08:10:49+00:00\" \/>\n<meta property=\"og:image\" content=\"https:\/\/i0.wp.com\/truusk.se\/wp-content\/uploads\/2024\/02\/tradgardsstol-ergonomisk-design-vaderbestandig-hdpe-gra-75-x-87-x-90-cm.webp?fit=800%2C800&ssl=1\" \/>\n\t<meta property=\"og:image:width\" content=\"800\" \/>\n\t<meta property=\"og:image:height\" content=\"800\" \/>\n\t<meta property=\"og:image:type\" content=\"image\/webp\" \/>\n<meta name=\"twitter:card\" content=\"summary_large_image\" \/>\n<meta name=\"twitter:label1\" content=\"Ber\u00e4knad l\u00e4stid\" \/>\n\t<meta name=\"twitter:data1\" content=\"1 minut\" \/>\n<!-- \/ Yoast SEO plugin. -->","yoast_head_json":{"title":"TRUUSK Tr\u00e4dg\u00e5rdsstol - Ergonomisk Design - V\u00e4derbest\u00e4ndig - HDPE - Gr\u00e5 - 75 x 87 x 90 cm - TRUUSK - Hem, Tr\u00e4dg\u00e5rd &amp; Fritid","robots":{"index":"index","follow":"follow","max-snippet":"max-snippet:-1","max-image-preview":"max-image-preview:large","max-video-preview":"max-video-preview:-1"},"canonical":"https:\/\/truusk.store\/sv\/produkt\/truusk-tradgardsstol-ergonomisk-design-vaderbestandig-hdpe-gra-75-x-87-x-90-cm\/","og_locale":"sv_SE","og_type":"article","og_title":"TRUUSK Tr\u00e4dg\u00e5rdsstol - Ergonomisk Design - V\u00e4derbest\u00e4ndig - HDPE - Gr\u00e5 - 75 x 87 x 90 cm - TRUUSK - Hem, Tr\u00e4dg\u00e5rd &amp; Fritid","og_description":"Tillbringa eftermiddagen med att koppla av i tr\u00e4dg\u00e5rden p\u00e5 denna Adirondack-stol. Det h\u00f6ga, sv\u00e4ngda ryggst\u00f6det, de breda armst\u00f6den och den...","og_url":"https:\/\/truusk.store\/sv\/produkt\/truusk-tradgardsstol-ergonomisk-design-vaderbestandig-hdpe-gra-75-x-87-x-90-cm\/","og_site_name":"TRUUSK - Hem, Tr\u00e4dg\u00e5rd &amp; Fritid","article_modified_time":"2026-03-12T08:10:49+00:00","og_image":[{"width":800,"height":800,"url":"https:\/\/i0.wp.com\/truusk.se\/wp-content\/uploads\/2024\/02\/tradgardsstol-ergonomisk-design-vaderbestandig-hdpe-gra-75-x-87-x-90-cm.webp?fit=800%2C800&ssl=1","type":"image\/webp"}],"twitter_card":"summary_large_image","twitter_misc":{"Ber\u00e4knad l\u00e4stid":"1 minut"},"schema":{"@context":"https:\/\/schema.org","@graph":[{"@type":"WebPage","@id":"https:\/\/truusk.store\/sv\/produkt\/truusk-tradgardsstol-ergonomisk-design-vaderbestandig-hdpe-gra-75-x-87-x-90-cm\/","url":"https:\/\/truusk.store\/sv\/produkt\/truusk-tradgardsstol-ergonomisk-design-vaderbestandig-hdpe-gra-75-x-87-x-90-cm\/","name":"TRUUSK Tr\u00e4dg\u00e5rdsstol - Ergonomisk Design - V\u00e4derbest\u00e4ndig - HDPE - Gr\u00e5 - 75 x 87 x 90 cm - TRUUSK - Hem, Tr\u00e4dg\u00e5rd &amp; Fritid","isPartOf":{"@id":"https:\/\/truusk.store\/sv\/#website"},"primaryImageOfPage":{"@id":"https:\/\/truusk.store\/sv\/produkt\/truusk-tradgardsstol-ergonomisk-design-vaderbestandig-hdpe-gra-75-x-87-x-90-cm\/#primaryimage"},"image":{"@id":"https:\/\/truusk.store\/sv\/produkt\/truusk-tradgardsstol-ergonomisk-design-vaderbestandig-hdpe-gra-75-x-87-x-90-cm\/#primaryimage"},"thumbnailUrl":"https:\/\/i0.wp.com\/truusk.store\/wp-content\/uploads\/2024\/02\/tradgardsstol-ergonomisk-design-vaderbestandig-hdpe-gra-75-x-87-x-90-cm.webp?fit=800%2C800&ssl=1","datePublished":"2024-02-13T21:34:47+00:00","dateModified":"2026-03-12T08:10:49+00:00","breadcrumb":{"@id":"https:\/\/truusk.store\/sv\/produkt\/truusk-tradgardsstol-ergonomisk-design-vaderbestandig-hdpe-gra-75-x-87-x-90-cm\/#breadcrumb"},"inLanguage":"sv-SE","potentialAction":[{"@type":"ReadAction","target":["https:\/\/truusk.store\/sv\/produkt\/truusk-tradgardsstol-ergonomisk-design-vaderbestandig-hdpe-gra-75-x-87-x-90-cm\/"]}]},{"@type":"ImageObject","inLanguage":"sv-SE","@id":"https:\/\/truusk.store\/sv\/produkt\/truusk-tradgardsstol-ergonomisk-design-vaderbestandig-hdpe-gra-75-x-87-x-90-cm\/#primaryimage","url":"https:\/\/i0.wp.com\/truusk.store\/wp-content\/uploads\/2024\/02\/tradgardsstol-ergonomisk-design-vaderbestandig-hdpe-gra-75-x-87-x-90-cm.webp?fit=800%2C800&ssl=1","contentUrl":"https:\/\/i0.wp.com\/truusk.store\/wp-content\/uploads\/2024\/02\/tradgardsstol-ergonomisk-design-vaderbestandig-hdpe-gra-75-x-87-x-90-cm.webp?fit=800%2C800&ssl=1","width":800,"height":800,"caption":"Tr\u00e4dg\u00e5rdsstol, Ergonomisk Design, V\u00e4derbest\u00e4ndig, HDPE, Gr\u00e5, 75 X 87 X 90 Cm 1"},{"@type":"BreadcrumbList","@id":"https:\/\/truusk.store\/sv\/produkt\/truusk-tradgardsstol-ergonomisk-design-vaderbestandig-hdpe-gra-75-x-87-x-90-cm\/#breadcrumb","itemListElement":[{"@type":"ListItem","position":1,"name":"Home","item":"https:\/\/truusk.store\/sv\/"},{"@type":"ListItem","position":2,"name":"Shop","item":"https:\/\/truusk.store\/shop\/"},{"@type":"ListItem","position":3,"name":"TRUUSK Tr\u00e4dg\u00e5rdsstol &#8211; Ergonomisk Design &#8211; V\u00e4derbest\u00e4ndig &#8211; HDPE &#8211; Gr\u00e5 &#8211; 75 x 87 x 90 cm"}]},{"@type":"WebSite","@id":"https:\/\/truusk.store\/sv\/#website","url":"https:\/\/truusk.store\/sv\/","name":"TRUUSK - Hem, Tr\u00e4dg\u00e5rd & Fritid","description":"","publisher":{"@id":"https:\/\/truusk.store\/sv\/#organization"},"potentialAction":[{"@type":"SearchAction","target":{"@type":"EntryPoint","urlTemplate":"https:\/\/truusk.store\/sv\/?s={search_term_string}"},"query-input":{"@type":"PropertyValueSpecification","valueRequired":true,"valueName":"search_term_string"}}],"inLanguage":"sv-SE"},{"@type":"Organization","@id":"https:\/\/truusk.store\/sv\/#organization","name":"TRUUSK - Hem, Tr\u00e4dg\u00e5rd & Fritid","url":"https:\/\/truusk.store\/sv\/","logo":{"@type":"ImageObject","inLanguage":"sv-SE","@id":"https:\/\/truusk.store\/sv\/#\/schema\/logo\/image\/","url":"https:\/\/i0.wp.com\/truusk.store\/wp-content\/uploads\/2026\/03\/cropped-TRUUSK.png?fit=2032%2C917&ssl=1","contentUrl":"https:\/\/i0.wp.com\/truusk.store\/wp-content\/uploads\/2026\/03\/cropped-TRUUSK.png?fit=2032%2C917&ssl=1","width":2032,"height":917,"caption":"TRUUSK - Hem, Tr\u00e4dg\u00e5rd & Fritid"},"image":{"@id":"https:\/\/truusk.store\/sv\/#\/schema\/logo\/image\/"}}]}},"jetpack_sharing_enabled":true,"_links":{"self":[{"href":"https:\/\/truusk.store\/sv\/wp-json\/wp\/v2\/product\/33463","targetHints":{"allow":["GET"]}}],"collection":[{"href":"https:\/\/truusk.store\/sv\/wp-json\/wp\/v2\/product"}],"about":[{"href":"https:\/\/truusk.store\/sv\/wp-json\/wp\/v2\/types\/product"}],"wp:featuredmedia":[{"embeddable":true,"href":"https:\/\/truusk.store\/sv\/wp-json\/wp\/v2\/media\/33464"}],"wp:attachment":[{"href":"https:\/\/truusk.store\/sv\/wp-json\/wp\/v2\/media?parent=33463"}],"wp:term":[{"taxonomy":"product_brand","embeddable":true,"href":"https:\/\/truusk.store\/sv\/wp-json\/wp\/v2\/product_brand?post=33463"},{"taxonomy":"product_cat","embeddable":true,"href":"https:\/\/truusk.store\/sv\/wp-json\/wp\/v2\/product_cat?post=33463"},{"taxonomy":"product_tag","embeddable":true,"href":"https:\/\/truusk.store\/sv\/wp-json\/wp\/v2\/product_tag?post=33463"}],"curies":[{"name":"wp","href":"https:\/\/api.w.org\/{rel}","templated":true}]}}