{"id":33522,"date":"2024-02-13T22:36:33","date_gmt":"2024-02-13T21:36:33","guid":{"rendered":"https:\/\/truusk.store\/product\/set-med-2-barstolar-justerbara-i-hojdled-inklusive-fotstod-465-cm-x-50-cm-x-108-cm-svart-brun\/"},"modified":"2026-03-12T09:10:49","modified_gmt":"2026-03-12T08:10:49","slug":"truusk-set-med-2-justerbara-barstolar-inklusive-fotstod-svart-brun-465-cm-x-50-cm-x-108-cm","status":"publish","type":"product","link":"https:\/\/truusk.store\/sv\/produkt\/truusk-set-med-2-justerbara-barstolar-inklusive-fotstod-svart-brun-465-cm-x-50-cm-x-108-cm\/","title":{"rendered":"TRUUSK Set med 2 Justerbara Barstolar &#8211; Inklusive Fotst\u00f6d &#8211; Svart + Brun &#8211; 46,5 cm x 50 cm x 108 cm"},"content":{"rendered":"<p>Denna upps\u00e4ttning med tv\u00e5 barstolar \u00e4r idealisk f\u00f6r en k\u00f6ks\u00f6, bredvid ett h\u00f6gt bord i vardagsrummet eller bredvid bardisken. Dessa k\u00f6kspallar kombinerar komfort och design. De ger din interi\u00f6r en touch av vintage. Med sin vadderade sits och ryggst\u00f6d samt fotst\u00f6den \u00e4r de v\u00e4ldigt bekv\u00e4ma. Tack vare den justerbara basen \u00e4r pallarna alltid i r\u00e4tt h\u00f6jd. Njut av sociala stunder medan du sitter bekv\u00e4mt!<\/p>\n<h3>Beskrivning:<\/h3>\n<ul>\n<li>Dessa barstolar i vintagestil \u00e4r mycket eleganta och kommer att l\u00e4gga till en touch av stil och charm till din interi\u00f6r<\/li>\n<li>K\u00f6ksstolar idealiska f\u00f6r k\u00f6k, vardagsrum, matsal &#8211; sitth\u00f6jd justerbar fr\u00e5n 59 till 79 cm<\/li>\n<li>Roterar 360<\/li>\n<li>H\u00f6ga barstolar med fotst\u00f6d, vadderad sits och ryggst\u00f6d som m\u00f6jligg\u00f6r bekv\u00e4mt sittande<\/li>\n<li>B\u00e4nkpall med brunt plastl\u00e4der i en begagnad look som f\u00f6rmedlar en trendig vintagelook<\/li>\n<li>Bred, rund bas av mattsvart st\u00e5l f\u00f6r optimal stabilitet och s\u00e4kerhet<\/li>\n<li>L\u00e4tt att montera med hj\u00e4lp av den illustrerade monteringsanvisningen<\/li>\n<\/ul>\n<h3>Teknisk data:<\/h3>\n<ul>\n<li>F\u00e4rg brun<\/li>\n<li>Material: konstl\u00e4der, skum, st\u00e5l<\/li>\n<li>M\u00e5tt: 46,5L x 50W x 88-108H cm<\/li>\n<li>Sitsm\u00e5tt: 46,5L x 39W x 59-79H cm<\/li>\n<li>Benm\u00e5tt: 38 cm<\/li>\n<li>Rekommenderad maxlast: 120 kg<\/li>\n<\/ul>\n<h3>Leveransens omfattning:<\/h3>\n<ul>\n<li>2 x barstolar<\/li>\n<li>1 x Instruktioner<\/li>\n<\/ul>\n","protected":false},"excerpt":{"rendered":"<p>Denna upps\u00e4ttning med tv\u00e5 barstolar \u00e4r idealisk f\u00f6r en k\u00f6ks\u00f6, bredvid ett h\u00f6gt bord i vardagsrummet eller bredvid bardisken. Dessa&#8230;<\/p>\n","protected":false},"featured_media":33523,"template":"","meta":[],"product_brand":[],"product_cat":[544,485,542],"product_tag":[],"class_list":{"0":"post-33522","1":"product","2":"type-product","3":"status-publish","4":"has-post-thumbnail","6":"product_cat-barstol","7":"product_cat-hus-bo","8":"product_cat-pall","10":"first","11":"instock","12":"sale","13":"taxable","14":"shipping-taxable","15":"purchasable","16":"product-type-simple"},"yoast_head":"<!-- This site is optimized with the Yoast SEO plugin v25.4 - https:\/\/yoast.com\/wordpress\/plugins\/seo\/ -->\n<title>TRUUSK Set med 2 Justerbara Barstolar - Inklusive Fotst\u00f6d - Svart + Brun - 46,5 cm x 50 cm x 108 cm - TRUUSK - Hem, Tr\u00e4dg\u00e5rd &amp; Fritid<\/title>\n<meta name=\"robots\" content=\"index, follow, max-snippet:-1, max-image-preview:large, max-video-preview:-1\" \/>\n<link rel=\"canonical\" href=\"https:\/\/truusk.store\/sv\/produkt\/truusk-set-med-2-justerbara-barstolar-inklusive-fotstod-svart-brun-465-cm-x-50-cm-x-108-cm\/\" \/>\n<meta property=\"og:locale\" content=\"sv_SE\" \/>\n<meta property=\"og:type\" content=\"article\" \/>\n<meta property=\"og:title\" content=\"TRUUSK Set med 2 Justerbara Barstolar - Inklusive Fotst\u00f6d - Svart + Brun - 46,5 cm x 50 cm x 108 cm - TRUUSK - Hem, Tr\u00e4dg\u00e5rd &amp; Fritid\" \/>\n<meta property=\"og:description\" content=\"Denna upps\u00e4ttning med tv\u00e5 barstolar \u00e4r idealisk f\u00f6r en k\u00f6ks\u00f6, bredvid ett h\u00f6gt bord i vardagsrummet eller bredvid bardisken. Dessa...\" \/>\n<meta property=\"og:url\" content=\"https:\/\/truusk.store\/sv\/produkt\/truusk-set-med-2-justerbara-barstolar-inklusive-fotstod-svart-brun-465-cm-x-50-cm-x-108-cm\/\" \/>\n<meta property=\"og:site_name\" content=\"TRUUSK - Hem, Tr\u00e4dg\u00e5rd &amp; Fritid\" \/>\n<meta property=\"article:modified_time\" content=\"2026-03-12T08:10:49+00:00\" \/>\n<meta property=\"og:image\" content=\"https:\/\/i0.wp.com\/truusk.se\/wp-content\/uploads\/2024\/02\/set-med-2-barstolar-justerbara-i-hojdled-inklusive-fotstod-465-cm-x-50-cm-x-108-cm-svart-brun.webp?fit=800%2C800&ssl=1\" \/>\n\t<meta property=\"og:image:width\" content=\"800\" \/>\n\t<meta property=\"og:image:height\" content=\"800\" \/>\n\t<meta property=\"og:image:type\" content=\"image\/webp\" \/>\n<meta name=\"twitter:card\" content=\"summary_large_image\" \/>\n<meta name=\"twitter:label1\" content=\"Ber\u00e4knad l\u00e4stid\" \/>\n\t<meta name=\"twitter:data1\" content=\"1 minut\" \/>\n<!-- \/ Yoast SEO plugin. -->","yoast_head_json":{"title":"TRUUSK Set med 2 Justerbara Barstolar - Inklusive Fotst\u00f6d - Svart + Brun - 46,5 cm x 50 cm x 108 cm - TRUUSK - Hem, Tr\u00e4dg\u00e5rd &amp; Fritid","robots":{"index":"index","follow":"follow","max-snippet":"max-snippet:-1","max-image-preview":"max-image-preview:large","max-video-preview":"max-video-preview:-1"},"canonical":"https:\/\/truusk.store\/sv\/produkt\/truusk-set-med-2-justerbara-barstolar-inklusive-fotstod-svart-brun-465-cm-x-50-cm-x-108-cm\/","og_locale":"sv_SE","og_type":"article","og_title":"TRUUSK Set med 2 Justerbara Barstolar - Inklusive Fotst\u00f6d - Svart + Brun - 46,5 cm x 50 cm x 108 cm - TRUUSK - Hem, Tr\u00e4dg\u00e5rd &amp; Fritid","og_description":"Denna upps\u00e4ttning med tv\u00e5 barstolar \u00e4r idealisk f\u00f6r en k\u00f6ks\u00f6, bredvid ett h\u00f6gt bord i vardagsrummet eller bredvid bardisken. Dessa...","og_url":"https:\/\/truusk.store\/sv\/produkt\/truusk-set-med-2-justerbara-barstolar-inklusive-fotstod-svart-brun-465-cm-x-50-cm-x-108-cm\/","og_site_name":"TRUUSK - Hem, Tr\u00e4dg\u00e5rd &amp; Fritid","article_modified_time":"2026-03-12T08:10:49+00:00","og_image":[{"width":800,"height":800,"url":"https:\/\/i0.wp.com\/truusk.se\/wp-content\/uploads\/2024\/02\/set-med-2-barstolar-justerbara-i-hojdled-inklusive-fotstod-465-cm-x-50-cm-x-108-cm-svart-brun.webp?fit=800%2C800&ssl=1","type":"image\/webp"}],"twitter_card":"summary_large_image","twitter_misc":{"Ber\u00e4knad l\u00e4stid":"1 minut"},"schema":{"@context":"https:\/\/schema.org","@graph":[{"@type":"WebPage","@id":"https:\/\/truusk.store\/sv\/produkt\/truusk-set-med-2-justerbara-barstolar-inklusive-fotstod-svart-brun-465-cm-x-50-cm-x-108-cm\/","url":"https:\/\/truusk.store\/sv\/produkt\/truusk-set-med-2-justerbara-barstolar-inklusive-fotstod-svart-brun-465-cm-x-50-cm-x-108-cm\/","name":"TRUUSK Set med 2 Justerbara Barstolar - Inklusive Fotst\u00f6d - Svart + Brun - 46,5 cm x 50 cm x 108 cm - TRUUSK - Hem, Tr\u00e4dg\u00e5rd &amp; Fritid","isPartOf":{"@id":"https:\/\/truusk.store\/sv\/#website"},"primaryImageOfPage":{"@id":"https:\/\/truusk.store\/sv\/produkt\/truusk-set-med-2-justerbara-barstolar-inklusive-fotstod-svart-brun-465-cm-x-50-cm-x-108-cm\/#primaryimage"},"image":{"@id":"https:\/\/truusk.store\/sv\/produkt\/truusk-set-med-2-justerbara-barstolar-inklusive-fotstod-svart-brun-465-cm-x-50-cm-x-108-cm\/#primaryimage"},"thumbnailUrl":"https:\/\/i0.wp.com\/truusk.store\/wp-content\/uploads\/2024\/02\/set-med-2-barstolar-justerbara-i-hojdled-inklusive-fotstod-465-cm-x-50-cm-x-108-cm-svart-brun.webp?fit=800%2C800&ssl=1","datePublished":"2024-02-13T21:36:33+00:00","dateModified":"2026-03-12T08:10:49+00:00","breadcrumb":{"@id":"https:\/\/truusk.store\/sv\/produkt\/truusk-set-med-2-justerbara-barstolar-inklusive-fotstod-svart-brun-465-cm-x-50-cm-x-108-cm\/#breadcrumb"},"inLanguage":"sv-SE","potentialAction":[{"@type":"ReadAction","target":["https:\/\/truusk.store\/sv\/produkt\/truusk-set-med-2-justerbara-barstolar-inklusive-fotstod-svart-brun-465-cm-x-50-cm-x-108-cm\/"]}]},{"@type":"ImageObject","inLanguage":"sv-SE","@id":"https:\/\/truusk.store\/sv\/produkt\/truusk-set-med-2-justerbara-barstolar-inklusive-fotstod-svart-brun-465-cm-x-50-cm-x-108-cm\/#primaryimage","url":"https:\/\/i0.wp.com\/truusk.store\/wp-content\/uploads\/2024\/02\/set-med-2-barstolar-justerbara-i-hojdled-inklusive-fotstod-465-cm-x-50-cm-x-108-cm-svart-brun.webp?fit=800%2C800&ssl=1","contentUrl":"https:\/\/i0.wp.com\/truusk.store\/wp-content\/uploads\/2024\/02\/set-med-2-barstolar-justerbara-i-hojdled-inklusive-fotstod-465-cm-x-50-cm-x-108-cm-svart-brun.webp?fit=800%2C800&ssl=1","width":800,"height":800,"caption":"Set Med 2 Barstolar, Justerbara I H\u00f6jdled, Inklusive Fotst\u00f6d, 46,5 Cm X 50 Cm X 108 Cm, Svart + Brun 1"},{"@type":"BreadcrumbList","@id":"https:\/\/truusk.store\/sv\/produkt\/truusk-set-med-2-justerbara-barstolar-inklusive-fotstod-svart-brun-465-cm-x-50-cm-x-108-cm\/#breadcrumb","itemListElement":[{"@type":"ListItem","position":1,"name":"Home","item":"https:\/\/truusk.store\/sv\/"},{"@type":"ListItem","position":2,"name":"Shop","item":"https:\/\/truusk.store\/shop\/"},{"@type":"ListItem","position":3,"name":"TRUUSK Set med 2 Justerbara Barstolar &#8211; Inklusive Fotst\u00f6d &#8211; Svart + Brun &#8211; 46,5 cm x 50 cm x 108 cm"}]},{"@type":"WebSite","@id":"https:\/\/truusk.store\/sv\/#website","url":"https:\/\/truusk.store\/sv\/","name":"TRUUSK - Hem, Tr\u00e4dg\u00e5rd & Fritid","description":"","publisher":{"@id":"https:\/\/truusk.store\/sv\/#organization"},"potentialAction":[{"@type":"SearchAction","target":{"@type":"EntryPoint","urlTemplate":"https:\/\/truusk.store\/sv\/?s={search_term_string}"},"query-input":{"@type":"PropertyValueSpecification","valueRequired":true,"valueName":"search_term_string"}}],"inLanguage":"sv-SE"},{"@type":"Organization","@id":"https:\/\/truusk.store\/sv\/#organization","name":"TRUUSK - Hem, Tr\u00e4dg\u00e5rd & Fritid","url":"https:\/\/truusk.store\/sv\/","logo":{"@type":"ImageObject","inLanguage":"sv-SE","@id":"https:\/\/truusk.store\/sv\/#\/schema\/logo\/image\/","url":"https:\/\/i0.wp.com\/truusk.store\/wp-content\/uploads\/2026\/03\/cropped-TRUUSK.png?fit=2032%2C917&ssl=1","contentUrl":"https:\/\/i0.wp.com\/truusk.store\/wp-content\/uploads\/2026\/03\/cropped-TRUUSK.png?fit=2032%2C917&ssl=1","width":2032,"height":917,"caption":"TRUUSK - Hem, Tr\u00e4dg\u00e5rd & Fritid"},"image":{"@id":"https:\/\/truusk.store\/sv\/#\/schema\/logo\/image\/"}}]}},"jetpack_sharing_enabled":true,"_links":{"self":[{"href":"https:\/\/truusk.store\/sv\/wp-json\/wp\/v2\/product\/33522","targetHints":{"allow":["GET"]}}],"collection":[{"href":"https:\/\/truusk.store\/sv\/wp-json\/wp\/v2\/product"}],"about":[{"href":"https:\/\/truusk.store\/sv\/wp-json\/wp\/v2\/types\/product"}],"wp:featuredmedia":[{"embeddable":true,"href":"https:\/\/truusk.store\/sv\/wp-json\/wp\/v2\/media\/33523"}],"wp:attachment":[{"href":"https:\/\/truusk.store\/sv\/wp-json\/wp\/v2\/media?parent=33522"}],"wp:term":[{"taxonomy":"product_brand","embeddable":true,"href":"https:\/\/truusk.store\/sv\/wp-json\/wp\/v2\/product_brand?post=33522"},{"taxonomy":"product_cat","embeddable":true,"href":"https:\/\/truusk.store\/sv\/wp-json\/wp\/v2\/product_cat?post=33522"},{"taxonomy":"product_tag","embeddable":true,"href":"https:\/\/truusk.store\/sv\/wp-json\/wp\/v2\/product_tag?post=33522"}],"curies":[{"name":"wp","href":"https:\/\/api.w.org\/{rel}","templated":true}]}}