{"id":33575,"date":"2024-02-13T22:38:03","date_gmt":"2024-02-13T21:38:03","guid":{"rendered":"https:\/\/truusk.store\/product\/gungstol-61cm-x-160cm-x-79cm\/"},"modified":"2026-03-12T09:11:04","modified_gmt":"2026-03-12T08:11:04","slug":"truusk-gungstol-ergonomisk-design-justerbar-hojd-mjuk-stoppning-for-avslappning-och-komfort-gra","status":"publish","type":"product","link":"https:\/\/truusk.store\/sv\/produkt\/truusk-gungstol-ergonomisk-design-justerbar-hojd-mjuk-stoppning-for-avslappning-och-komfort-gra\/","title":{"rendered":"TRUUSK Gungstol &#8211; Ergonomisk design &#8211; Justerbar h\u00f6jd &#8211; Mjuk stoppning &#8211; F\u00f6r avslappning och komfort &#8211; Gr\u00e5"},"content":{"rendered":"<p>Denna tr\u00e4dg\u00e5rdsgungstol \u00e4r idealisk f\u00f6r att koppla av vid poolen, p\u00e5 balkongen eller i andra inomhus- eller utomhusomr\u00e5den! Den \u00e4r ergonomiskt formad och har ett ventilerande mesh\u00f6verdrag som s\u00e4kerst\u00e4ller god luftcirkulation och f\u00f6rhindrar att svett bildas. En avtagbar vadderad kudde ing\u00e5r och ger extra komfort under din fritid.<\/p>\n<p><strong>Beskrivning:<\/strong><\/p>\n<ul>\n<li>&#8211; Tillverkad av andningsbart meshtyg som inte slits<\/li>\n<li>\u2013 Det m\u00e5ngfacetterade m\u00f6nstret imiterar rottingv\u00e4v<\/li>\n<li>&#8211; Ergonomiskt utformad form som anpassar sig efter din kropp<\/li>\n<li>&#8211; Stoppare p\u00e5 ryggst\u00f6det f\u00f6r s\u00e4ker gunga<\/li>\n<li>&#8211; Mjuka omslag p\u00e5 armar och botten ger en mjuk yta f\u00f6r att f\u00f6rhindra repor p\u00e5 ramen<\/li>\n<li>&#8211; Perfekt f\u00f6r tr\u00e4dg\u00e5rd, uteplats, strand, pool eller camping<\/li>\n<li>&#8211; Montering kr\u00e4vs<\/li>\n<li><\/ul>\n<p><strong>Teknisk data:<\/strong><\/p>\n<ul>\n<li>&#8211; F\u00e4rg gr\u00e5<\/li>\n<li>&#8211; Material: meshtyg, galvaniserad metall<\/li>\n<li>&#8211; \u00d6vergripande m\u00e5tt: 61W x 160D x 79H cm<\/li>\n<li>&#8211; M\u00e5tt p\u00e5 sitsen: 52W x 40D cm<\/li>\n<li>&#8211; Sitth\u00f6jd: 33 cm<\/li>\n<li>&#8211; Ryggh\u00f6jd: 90 cm<\/li>\n<li>&#8211; Fotst\u00f6dets l\u00e4ngd: 45 cm<\/li>\n<li>&#8211; Armh\u00f6jd: 65 cm<\/li>\n<li>&#8211; Lastkapacitet: 160 kg<\/li>\n<li>&#8211; Certifiering: EN581-1-2<\/li>\n<li><\/ul>\n<p><strong>Leveransens omfattning:<\/strong><\/p>\n<ul>\n<li>&#8211; 1 x enkel gungstol<\/li>\n<li>&#8211; 1 x instruktioner<\/li>\n<li><\/ul>\n","protected":false},"excerpt":{"rendered":"<p>Denna tr\u00e4dg\u00e5rdsgungstol \u00e4r idealisk f\u00f6r att koppla av vid poolen, p\u00e5 balkongen eller i andra inomhus- eller utomhusomr\u00e5den! Den \u00e4r&#8230;<\/p>\n","protected":false},"featured_media":33576,"template":"","meta":[],"product_brand":[],"product_cat":[435,450,452],"product_tag":[],"class_list":{"0":"post-33575","1":"product","2":"type-product","3":"status-publish","4":"has-post-thumbnail","6":"product_cat-tradgard-och-terrass","7":"product_cat-tradgardsmobler","8":"product_cat-tradgardsstolar","10":"first","11":"instock","12":"sale","13":"taxable","14":"shipping-taxable","15":"purchasable","16":"product-type-simple"},"yoast_head":"<!-- This site is optimized with the Yoast SEO plugin v25.4 - https:\/\/yoast.com\/wordpress\/plugins\/seo\/ -->\n<title>TRUUSK Gungstol - Ergonomisk design - Justerbar h\u00f6jd - Mjuk stoppning - F\u00f6r avslappning och komfort - Gr\u00e5 - TRUUSK - Hem, Tr\u00e4dg\u00e5rd &amp; Fritid<\/title>\n<meta name=\"robots\" content=\"index, follow, max-snippet:-1, max-image-preview:large, max-video-preview:-1\" \/>\n<link rel=\"canonical\" href=\"https:\/\/truusk.store\/sv\/produkt\/truusk-gungstol-ergonomisk-design-justerbar-hojd-mjuk-stoppning-for-avslappning-och-komfort-gra\/\" \/>\n<meta property=\"og:locale\" content=\"sv_SE\" \/>\n<meta property=\"og:type\" content=\"article\" \/>\n<meta property=\"og:title\" content=\"TRUUSK Gungstol - Ergonomisk design - Justerbar h\u00f6jd - Mjuk stoppning - F\u00f6r avslappning och komfort - Gr\u00e5 - TRUUSK - Hem, Tr\u00e4dg\u00e5rd &amp; Fritid\" \/>\n<meta property=\"og:description\" content=\"Denna tr\u00e4dg\u00e5rdsgungstol \u00e4r idealisk f\u00f6r att koppla av vid poolen, p\u00e5 balkongen eller i andra inomhus- eller utomhusomr\u00e5den! Den \u00e4r...\" \/>\n<meta property=\"og:url\" content=\"https:\/\/truusk.store\/sv\/produkt\/truusk-gungstol-ergonomisk-design-justerbar-hojd-mjuk-stoppning-for-avslappning-och-komfort-gra\/\" \/>\n<meta property=\"og:site_name\" content=\"TRUUSK - Hem, Tr\u00e4dg\u00e5rd &amp; Fritid\" \/>\n<meta property=\"article:modified_time\" content=\"2026-03-12T08:11:04+00:00\" \/>\n<meta property=\"og:image\" content=\"https:\/\/i0.wp.com\/truusk.se\/wp-content\/uploads\/2024\/02\/gungstol-61cm-x-160cm-x-79cm.webp?fit=800%2C800&ssl=1\" \/>\n\t<meta property=\"og:image:width\" content=\"800\" \/>\n\t<meta property=\"og:image:height\" content=\"800\" \/>\n\t<meta property=\"og:image:type\" content=\"image\/webp\" \/>\n<meta name=\"twitter:card\" content=\"summary_large_image\" \/>\n<meta name=\"twitter:label1\" content=\"Ber\u00e4knad l\u00e4stid\" \/>\n\t<meta name=\"twitter:data1\" content=\"1 minut\" \/>\n<!-- \/ Yoast SEO plugin. -->","yoast_head_json":{"title":"TRUUSK Gungstol - Ergonomisk design - Justerbar h\u00f6jd - Mjuk stoppning - F\u00f6r avslappning och komfort - Gr\u00e5 - TRUUSK - Hem, Tr\u00e4dg\u00e5rd &amp; Fritid","robots":{"index":"index","follow":"follow","max-snippet":"max-snippet:-1","max-image-preview":"max-image-preview:large","max-video-preview":"max-video-preview:-1"},"canonical":"https:\/\/truusk.store\/sv\/produkt\/truusk-gungstol-ergonomisk-design-justerbar-hojd-mjuk-stoppning-for-avslappning-och-komfort-gra\/","og_locale":"sv_SE","og_type":"article","og_title":"TRUUSK Gungstol - Ergonomisk design - Justerbar h\u00f6jd - Mjuk stoppning - F\u00f6r avslappning och komfort - Gr\u00e5 - TRUUSK - Hem, Tr\u00e4dg\u00e5rd &amp; Fritid","og_description":"Denna tr\u00e4dg\u00e5rdsgungstol \u00e4r idealisk f\u00f6r att koppla av vid poolen, p\u00e5 balkongen eller i andra inomhus- eller utomhusomr\u00e5den! Den \u00e4r...","og_url":"https:\/\/truusk.store\/sv\/produkt\/truusk-gungstol-ergonomisk-design-justerbar-hojd-mjuk-stoppning-for-avslappning-och-komfort-gra\/","og_site_name":"TRUUSK - Hem, Tr\u00e4dg\u00e5rd &amp; Fritid","article_modified_time":"2026-03-12T08:11:04+00:00","og_image":[{"width":800,"height":800,"url":"https:\/\/i0.wp.com\/truusk.se\/wp-content\/uploads\/2024\/02\/gungstol-61cm-x-160cm-x-79cm.webp?fit=800%2C800&ssl=1","type":"image\/webp"}],"twitter_card":"summary_large_image","twitter_misc":{"Ber\u00e4knad l\u00e4stid":"1 minut"},"schema":{"@context":"https:\/\/schema.org","@graph":[{"@type":"WebPage","@id":"https:\/\/truusk.store\/sv\/produkt\/truusk-gungstol-ergonomisk-design-justerbar-hojd-mjuk-stoppning-for-avslappning-och-komfort-gra\/","url":"https:\/\/truusk.store\/sv\/produkt\/truusk-gungstol-ergonomisk-design-justerbar-hojd-mjuk-stoppning-for-avslappning-och-komfort-gra\/","name":"TRUUSK Gungstol - Ergonomisk design - Justerbar h\u00f6jd - Mjuk stoppning - F\u00f6r avslappning och komfort - Gr\u00e5 - TRUUSK - Hem, Tr\u00e4dg\u00e5rd &amp; Fritid","isPartOf":{"@id":"https:\/\/truusk.store\/sv\/#website"},"primaryImageOfPage":{"@id":"https:\/\/truusk.store\/sv\/produkt\/truusk-gungstol-ergonomisk-design-justerbar-hojd-mjuk-stoppning-for-avslappning-och-komfort-gra\/#primaryimage"},"image":{"@id":"https:\/\/truusk.store\/sv\/produkt\/truusk-gungstol-ergonomisk-design-justerbar-hojd-mjuk-stoppning-for-avslappning-och-komfort-gra\/#primaryimage"},"thumbnailUrl":"https:\/\/i0.wp.com\/truusk.store\/wp-content\/uploads\/2024\/02\/gungstol-61cm-x-160cm-x-79cm.webp?fit=800%2C800&ssl=1","datePublished":"2024-02-13T21:38:03+00:00","dateModified":"2026-03-12T08:11:04+00:00","breadcrumb":{"@id":"https:\/\/truusk.store\/sv\/produkt\/truusk-gungstol-ergonomisk-design-justerbar-hojd-mjuk-stoppning-for-avslappning-och-komfort-gra\/#breadcrumb"},"inLanguage":"sv-SE","potentialAction":[{"@type":"ReadAction","target":["https:\/\/truusk.store\/sv\/produkt\/truusk-gungstol-ergonomisk-design-justerbar-hojd-mjuk-stoppning-for-avslappning-och-komfort-gra\/"]}]},{"@type":"ImageObject","inLanguage":"sv-SE","@id":"https:\/\/truusk.store\/sv\/produkt\/truusk-gungstol-ergonomisk-design-justerbar-hojd-mjuk-stoppning-for-avslappning-och-komfort-gra\/#primaryimage","url":"https:\/\/i0.wp.com\/truusk.store\/wp-content\/uploads\/2024\/02\/gungstol-61cm-x-160cm-x-79cm.webp?fit=800%2C800&ssl=1","contentUrl":"https:\/\/i0.wp.com\/truusk.store\/wp-content\/uploads\/2024\/02\/gungstol-61cm-x-160cm-x-79cm.webp?fit=800%2C800&ssl=1","width":800,"height":800,"caption":"Gungstol 61cm X 160cm X 79cm 1"},{"@type":"BreadcrumbList","@id":"https:\/\/truusk.store\/sv\/produkt\/truusk-gungstol-ergonomisk-design-justerbar-hojd-mjuk-stoppning-for-avslappning-och-komfort-gra\/#breadcrumb","itemListElement":[{"@type":"ListItem","position":1,"name":"Home","item":"https:\/\/truusk.store\/sv\/"},{"@type":"ListItem","position":2,"name":"Shop","item":"https:\/\/truusk.store\/shop\/"},{"@type":"ListItem","position":3,"name":"TRUUSK Gungstol &#8211; Ergonomisk design &#8211; Justerbar h\u00f6jd &#8211; Mjuk stoppning &#8211; F\u00f6r avslappning och komfort &#8211; Gr\u00e5"}]},{"@type":"WebSite","@id":"https:\/\/truusk.store\/sv\/#website","url":"https:\/\/truusk.store\/sv\/","name":"TRUUSK - Hem, Tr\u00e4dg\u00e5rd & Fritid","description":"","publisher":{"@id":"https:\/\/truusk.store\/sv\/#organization"},"potentialAction":[{"@type":"SearchAction","target":{"@type":"EntryPoint","urlTemplate":"https:\/\/truusk.store\/sv\/?s={search_term_string}"},"query-input":{"@type":"PropertyValueSpecification","valueRequired":true,"valueName":"search_term_string"}}],"inLanguage":"sv-SE"},{"@type":"Organization","@id":"https:\/\/truusk.store\/sv\/#organization","name":"TRUUSK - Hem, Tr\u00e4dg\u00e5rd & Fritid","url":"https:\/\/truusk.store\/sv\/","logo":{"@type":"ImageObject","inLanguage":"sv-SE","@id":"https:\/\/truusk.store\/sv\/#\/schema\/logo\/image\/","url":"https:\/\/i0.wp.com\/truusk.store\/wp-content\/uploads\/2026\/03\/cropped-TRUUSK.png?fit=2032%2C917&ssl=1","contentUrl":"https:\/\/i0.wp.com\/truusk.store\/wp-content\/uploads\/2026\/03\/cropped-TRUUSK.png?fit=2032%2C917&ssl=1","width":2032,"height":917,"caption":"TRUUSK - Hem, Tr\u00e4dg\u00e5rd & Fritid"},"image":{"@id":"https:\/\/truusk.store\/sv\/#\/schema\/logo\/image\/"}}]}},"jetpack_sharing_enabled":true,"_links":{"self":[{"href":"https:\/\/truusk.store\/sv\/wp-json\/wp\/v2\/product\/33575","targetHints":{"allow":["GET"]}}],"collection":[{"href":"https:\/\/truusk.store\/sv\/wp-json\/wp\/v2\/product"}],"about":[{"href":"https:\/\/truusk.store\/sv\/wp-json\/wp\/v2\/types\/product"}],"wp:featuredmedia":[{"embeddable":true,"href":"https:\/\/truusk.store\/sv\/wp-json\/wp\/v2\/media\/33576"}],"wp:attachment":[{"href":"https:\/\/truusk.store\/sv\/wp-json\/wp\/v2\/media?parent=33575"}],"wp:term":[{"taxonomy":"product_brand","embeddable":true,"href":"https:\/\/truusk.store\/sv\/wp-json\/wp\/v2\/product_brand?post=33575"},{"taxonomy":"product_cat","embeddable":true,"href":"https:\/\/truusk.store\/sv\/wp-json\/wp\/v2\/product_cat?post=33575"},{"taxonomy":"product_tag","embeddable":true,"href":"https:\/\/truusk.store\/sv\/wp-json\/wp\/v2\/product_tag?post=33575"}],"curies":[{"name":"wp","href":"https:\/\/api.w.org\/{rel}","templated":true}]}}