{"id":33623,"date":"2024-02-13T22:40:15","date_gmt":"2024-02-13T21:40:15","guid":{"rendered":"https:\/\/truusk.store\/product\/cykelstall-for-6-cyklar-vaderbestandig-vagg-eller-golvmontering-stal-179-x-33-x-27-cm\/"},"modified":"2026-03-12T09:11:05","modified_gmt":"2026-03-12T08:11:05","slug":"truusk-cykelstall-for-6-cyklar-vaderbestandig-vagg-eller-golvmontering-stal-179-x-33-x-27-cm","status":"publish","type":"product","link":"https:\/\/truusk.store\/sv\/produkt\/truusk-cykelstall-for-6-cyklar-vaderbestandig-vagg-eller-golvmontering-stal-179-x-33-x-27-cm\/","title":{"rendered":"TRUUSK Cykelst\u00e4ll F\u00f6r 6 Cyklar &#8211; V\u00e4derbest\u00e4ndig &#8211; V\u00e4gg- eller Golvmontering &#8211; St\u00e5l &#8211; 179 x 33 x 27 cm"},"content":{"rendered":"<p>V\u00e5rt praktiska multipelst\u00e4ll erbjuder s\u00e4ker parkeringsplats f\u00f6r upp till 6 cyklar. Den t\u00e5liga st\u00e5lkonstruktionen har en v\u00e4derbest\u00e4ndig finish och \u00e4r idealisk f\u00f6r l\u00e5ngvarig utomhusbruk. Barncyklar, mountainbikes, racercyklar eller stadscyklar med en d\u00e4ckbredd p\u00e5 upp till 65 mm kan parkeras s\u00e4kert. Cykelst\u00e4llet kan \u00e4ven enkelt kombineras med ett identiskt stativ eller helt enkelt anv\u00e4ndas som frist\u00e5ende.<\/p>\n<h3>Beskrivning:<\/h3>\n<ul>\n<li>V\u00e4derbest\u00e4ndigt, rostfritt st\u00e5l, l\u00e4mplig f\u00f6r inomhus- och utomhusbruk<\/li>\n<li>Kan kombineras med ett identiskt stativ eller anv\u00e4ndas som frist\u00e5ende<\/li>\n<li>Plats f\u00f6r upp till 6 cyklar<\/li>\n<li>D\u00e4ckbredd upp till 65 mm, passar n\u00e4stan alla vanliga cyklar<\/li>\n<li>Platsbesparande, l\u00e4tt att f\u00f6rvara i k\u00e4llaren eller garaget<\/li>\n<li>Praktisk montering p\u00e5 v\u00e4gg eller golv<\/li>\n<\/ul>\n<h3>Teknisk data:<\/h3>\n<ul>\n<li>Material: Q235 st\u00e5l<\/li>\n<li>Svart f\u00e4rg<\/li>\n<li>Vikt: 7 kg<\/li>\n<li>\u00d6vergripande m\u00e5tt: 179L x 33W x 27H cm<\/li>\n<li>F\u00f6r d\u00e4ckbredder upp till 6,5 cm<\/li>\n<li>Avst\u00e5nd mellan f\u00e4stena: 25,5 cm<\/li>\n<li>F\u00e4ste diameter: 1,6 cm<\/li>\n<li>Ramm\u00e5tt: 3L x 3W cm<\/li>\n<\/ul>\n<h3>Leveransens omfattning:<\/h3>\n<ul>\n<li>1 x cykelst\u00e4ll<\/li>\n<li>1 x Monteringsanvisning<\/li>\n<\/ul>\n","protected":false},"excerpt":{"rendered":"<p>V\u00e5rt praktiska multipelst\u00e4ll erbjuder s\u00e4ker parkeringsplats f\u00f6r upp till 6 cyklar. Den t\u00e5liga st\u00e5lkonstruktionen har en v\u00e4derbest\u00e4ndig finish och \u00e4r&#8230;<\/p>\n","protected":false},"featured_media":33624,"template":"","meta":[],"product_brand":[],"product_cat":[652,655,647],"product_tag":[],"class_list":{"0":"post-33623","1":"product","2":"type-product","3":"status-publish","4":"has-post-thumbnail","6":"product_cat-cykel","7":"product_cat-cykelstall","8":"product_cat-sport-fritid","10":"first","11":"instock","12":"sale","13":"taxable","14":"shipping-taxable","15":"purchasable","16":"product-type-simple"},"yoast_head":"<!-- This site is optimized with the Yoast SEO plugin v25.4 - https:\/\/yoast.com\/wordpress\/plugins\/seo\/ -->\n<title>TRUUSK Cykelst\u00e4ll F\u00f6r 6 Cyklar - V\u00e4derbest\u00e4ndig - V\u00e4gg- eller Golvmontering - St\u00e5l - 179 x 33 x 27 cm - TRUUSK - Hem, Tr\u00e4dg\u00e5rd &amp; Fritid<\/title>\n<meta name=\"robots\" content=\"index, follow, max-snippet:-1, max-image-preview:large, max-video-preview:-1\" \/>\n<link rel=\"canonical\" href=\"https:\/\/truusk.store\/sv\/produkt\/truusk-cykelstall-for-6-cyklar-vaderbestandig-vagg-eller-golvmontering-stal-179-x-33-x-27-cm\/\" \/>\n<meta property=\"og:locale\" content=\"sv_SE\" \/>\n<meta property=\"og:type\" content=\"article\" \/>\n<meta property=\"og:title\" content=\"TRUUSK Cykelst\u00e4ll F\u00f6r 6 Cyklar - V\u00e4derbest\u00e4ndig - V\u00e4gg- eller Golvmontering - St\u00e5l - 179 x 33 x 27 cm - TRUUSK - Hem, Tr\u00e4dg\u00e5rd &amp; Fritid\" \/>\n<meta property=\"og:description\" content=\"V\u00e5rt praktiska multipelst\u00e4ll erbjuder s\u00e4ker parkeringsplats f\u00f6r upp till 6 cyklar. Den t\u00e5liga st\u00e5lkonstruktionen har en v\u00e4derbest\u00e4ndig finish och \u00e4r...\" \/>\n<meta property=\"og:url\" content=\"https:\/\/truusk.store\/sv\/produkt\/truusk-cykelstall-for-6-cyklar-vaderbestandig-vagg-eller-golvmontering-stal-179-x-33-x-27-cm\/\" \/>\n<meta property=\"og:site_name\" content=\"TRUUSK - Hem, Tr\u00e4dg\u00e5rd &amp; Fritid\" \/>\n<meta property=\"article:modified_time\" content=\"2026-03-12T08:11:05+00:00\" \/>\n<meta property=\"og:image\" content=\"https:\/\/i0.wp.com\/truusk.se\/wp-content\/uploads\/2024\/02\/cykelstall-for-6-cyklar-vaderbestandig-vagg-eller-golvmontering-stal-179-x-33-x-27-cm.webp?fit=800%2C800&ssl=1\" \/>\n\t<meta property=\"og:image:width\" content=\"800\" \/>\n\t<meta property=\"og:image:height\" content=\"800\" \/>\n\t<meta property=\"og:image:type\" content=\"image\/webp\" \/>\n<meta name=\"twitter:card\" content=\"summary_large_image\" \/>\n<meta name=\"twitter:label1\" content=\"Ber\u00e4knad l\u00e4stid\" \/>\n\t<meta name=\"twitter:data1\" content=\"1 minut\" \/>\n<!-- \/ Yoast SEO plugin. -->","yoast_head_json":{"title":"TRUUSK Cykelst\u00e4ll F\u00f6r 6 Cyklar - V\u00e4derbest\u00e4ndig - V\u00e4gg- eller Golvmontering - St\u00e5l - 179 x 33 x 27 cm - TRUUSK - Hem, Tr\u00e4dg\u00e5rd &amp; Fritid","robots":{"index":"index","follow":"follow","max-snippet":"max-snippet:-1","max-image-preview":"max-image-preview:large","max-video-preview":"max-video-preview:-1"},"canonical":"https:\/\/truusk.store\/sv\/produkt\/truusk-cykelstall-for-6-cyklar-vaderbestandig-vagg-eller-golvmontering-stal-179-x-33-x-27-cm\/","og_locale":"sv_SE","og_type":"article","og_title":"TRUUSK Cykelst\u00e4ll F\u00f6r 6 Cyklar - V\u00e4derbest\u00e4ndig - V\u00e4gg- eller Golvmontering - St\u00e5l - 179 x 33 x 27 cm - TRUUSK - Hem, Tr\u00e4dg\u00e5rd &amp; Fritid","og_description":"V\u00e5rt praktiska multipelst\u00e4ll erbjuder s\u00e4ker parkeringsplats f\u00f6r upp till 6 cyklar. Den t\u00e5liga st\u00e5lkonstruktionen har en v\u00e4derbest\u00e4ndig finish och \u00e4r...","og_url":"https:\/\/truusk.store\/sv\/produkt\/truusk-cykelstall-for-6-cyklar-vaderbestandig-vagg-eller-golvmontering-stal-179-x-33-x-27-cm\/","og_site_name":"TRUUSK - Hem, Tr\u00e4dg\u00e5rd &amp; Fritid","article_modified_time":"2026-03-12T08:11:05+00:00","og_image":[{"width":800,"height":800,"url":"https:\/\/i0.wp.com\/truusk.se\/wp-content\/uploads\/2024\/02\/cykelstall-for-6-cyklar-vaderbestandig-vagg-eller-golvmontering-stal-179-x-33-x-27-cm.webp?fit=800%2C800&ssl=1","type":"image\/webp"}],"twitter_card":"summary_large_image","twitter_misc":{"Ber\u00e4knad l\u00e4stid":"1 minut"},"schema":{"@context":"https:\/\/schema.org","@graph":[{"@type":"WebPage","@id":"https:\/\/truusk.store\/sv\/produkt\/truusk-cykelstall-for-6-cyklar-vaderbestandig-vagg-eller-golvmontering-stal-179-x-33-x-27-cm\/","url":"https:\/\/truusk.store\/sv\/produkt\/truusk-cykelstall-for-6-cyklar-vaderbestandig-vagg-eller-golvmontering-stal-179-x-33-x-27-cm\/","name":"TRUUSK Cykelst\u00e4ll F\u00f6r 6 Cyklar - V\u00e4derbest\u00e4ndig - V\u00e4gg- eller Golvmontering - St\u00e5l - 179 x 33 x 27 cm - TRUUSK - Hem, Tr\u00e4dg\u00e5rd &amp; Fritid","isPartOf":{"@id":"https:\/\/truusk.store\/sv\/#website"},"primaryImageOfPage":{"@id":"https:\/\/truusk.store\/sv\/produkt\/truusk-cykelstall-for-6-cyklar-vaderbestandig-vagg-eller-golvmontering-stal-179-x-33-x-27-cm\/#primaryimage"},"image":{"@id":"https:\/\/truusk.store\/sv\/produkt\/truusk-cykelstall-for-6-cyklar-vaderbestandig-vagg-eller-golvmontering-stal-179-x-33-x-27-cm\/#primaryimage"},"thumbnailUrl":"https:\/\/i0.wp.com\/truusk.store\/wp-content\/uploads\/2024\/02\/cykelstall-for-6-cyklar-vaderbestandig-vagg-eller-golvmontering-stal-179-x-33-x-27-cm.webp?fit=800%2C800&ssl=1","datePublished":"2024-02-13T21:40:15+00:00","dateModified":"2026-03-12T08:11:05+00:00","breadcrumb":{"@id":"https:\/\/truusk.store\/sv\/produkt\/truusk-cykelstall-for-6-cyklar-vaderbestandig-vagg-eller-golvmontering-stal-179-x-33-x-27-cm\/#breadcrumb"},"inLanguage":"sv-SE","potentialAction":[{"@type":"ReadAction","target":["https:\/\/truusk.store\/sv\/produkt\/truusk-cykelstall-for-6-cyklar-vaderbestandig-vagg-eller-golvmontering-stal-179-x-33-x-27-cm\/"]}]},{"@type":"ImageObject","inLanguage":"sv-SE","@id":"https:\/\/truusk.store\/sv\/produkt\/truusk-cykelstall-for-6-cyklar-vaderbestandig-vagg-eller-golvmontering-stal-179-x-33-x-27-cm\/#primaryimage","url":"https:\/\/i0.wp.com\/truusk.store\/wp-content\/uploads\/2024\/02\/cykelstall-for-6-cyklar-vaderbestandig-vagg-eller-golvmontering-stal-179-x-33-x-27-cm.webp?fit=800%2C800&ssl=1","contentUrl":"https:\/\/i0.wp.com\/truusk.store\/wp-content\/uploads\/2024\/02\/cykelstall-for-6-cyklar-vaderbestandig-vagg-eller-golvmontering-stal-179-x-33-x-27-cm.webp?fit=800%2C800&ssl=1","width":800,"height":800,"caption":"Cykelst\u00e4ll F\u00f6r 6 Cyklar, V\u00e4derbest\u00e4ndig, V\u00e4gg- Eller Golvmontering, St\u00e5l 179 X 33 X 27 Cm 1"},{"@type":"BreadcrumbList","@id":"https:\/\/truusk.store\/sv\/produkt\/truusk-cykelstall-for-6-cyklar-vaderbestandig-vagg-eller-golvmontering-stal-179-x-33-x-27-cm\/#breadcrumb","itemListElement":[{"@type":"ListItem","position":1,"name":"Home","item":"https:\/\/truusk.store\/sv\/"},{"@type":"ListItem","position":2,"name":"Shop","item":"https:\/\/truusk.store\/shop\/"},{"@type":"ListItem","position":3,"name":"TRUUSK Cykelst\u00e4ll F\u00f6r 6 Cyklar &#8211; V\u00e4derbest\u00e4ndig &#8211; V\u00e4gg- eller Golvmontering &#8211; St\u00e5l &#8211; 179 x 33 x 27 cm"}]},{"@type":"WebSite","@id":"https:\/\/truusk.store\/sv\/#website","url":"https:\/\/truusk.store\/sv\/","name":"TRUUSK - Hem, Tr\u00e4dg\u00e5rd & Fritid","description":"","publisher":{"@id":"https:\/\/truusk.store\/sv\/#organization"},"potentialAction":[{"@type":"SearchAction","target":{"@type":"EntryPoint","urlTemplate":"https:\/\/truusk.store\/sv\/?s={search_term_string}"},"query-input":{"@type":"PropertyValueSpecification","valueRequired":true,"valueName":"search_term_string"}}],"inLanguage":"sv-SE"},{"@type":"Organization","@id":"https:\/\/truusk.store\/sv\/#organization","name":"TRUUSK - Hem, Tr\u00e4dg\u00e5rd & Fritid","url":"https:\/\/truusk.store\/sv\/","logo":{"@type":"ImageObject","inLanguage":"sv-SE","@id":"https:\/\/truusk.store\/sv\/#\/schema\/logo\/image\/","url":"https:\/\/i0.wp.com\/truusk.store\/wp-content\/uploads\/2026\/03\/cropped-TRUUSK.png?fit=2032%2C917&ssl=1","contentUrl":"https:\/\/i0.wp.com\/truusk.store\/wp-content\/uploads\/2026\/03\/cropped-TRUUSK.png?fit=2032%2C917&ssl=1","width":2032,"height":917,"caption":"TRUUSK - Hem, Tr\u00e4dg\u00e5rd & Fritid"},"image":{"@id":"https:\/\/truusk.store\/sv\/#\/schema\/logo\/image\/"}}]}},"jetpack_sharing_enabled":true,"_links":{"self":[{"href":"https:\/\/truusk.store\/sv\/wp-json\/wp\/v2\/product\/33623","targetHints":{"allow":["GET"]}}],"collection":[{"href":"https:\/\/truusk.store\/sv\/wp-json\/wp\/v2\/product"}],"about":[{"href":"https:\/\/truusk.store\/sv\/wp-json\/wp\/v2\/types\/product"}],"wp:featuredmedia":[{"embeddable":true,"href":"https:\/\/truusk.store\/sv\/wp-json\/wp\/v2\/media\/33624"}],"wp:attachment":[{"href":"https:\/\/truusk.store\/sv\/wp-json\/wp\/v2\/media?parent=33623"}],"wp:term":[{"taxonomy":"product_brand","embeddable":true,"href":"https:\/\/truusk.store\/sv\/wp-json\/wp\/v2\/product_brand?post=33623"},{"taxonomy":"product_cat","embeddable":true,"href":"https:\/\/truusk.store\/sv\/wp-json\/wp\/v2\/product_cat?post=33623"},{"taxonomy":"product_tag","embeddable":true,"href":"https:\/\/truusk.store\/sv\/wp-json\/wp\/v2\/product_tag?post=33623"}],"curies":[{"name":"wp","href":"https:\/\/api.w.org\/{rel}","templated":true}]}}