{"id":33730,"date":"2024-02-13T22:43:53","date_gmt":"2024-02-13T21:43:53","guid":{"rendered":"https:\/\/truusk.store\/product\/rustik-gungstol-tradgardsstol-vagnhjul-design-vaderbestandig-gran-tra-68-x-88-x-92-cm\/"},"modified":"2026-03-12T09:11:06","modified_gmt":"2026-03-12T08:11:06","slug":"truusk-tradgardsstol-med-vagnhjul-rustik-design-vaderbestandig-tillverkad-av-gran-tra-68-x-88-x-92-cm","status":"publish","type":"product","link":"https:\/\/truusk.store\/sv\/produkt\/truusk-tradgardsstol-med-vagnhjul-rustik-design-vaderbestandig-tillverkad-av-gran-tra-68-x-88-x-92-cm\/","title":{"rendered":"TRUUSK Tr\u00e4dg\u00e5rdsstol med Vagnhjul &#8211; Rustik Design &#8211; V\u00e4derbest\u00e4ndig &#8211; Tillverkad av Gran Tr\u00e4 &#8211; 68 x 88 x 92 cm"},"content":{"rendered":"<p>Denna rustika tr\u00e4dg\u00e5rdsstol \u00e4r inte bara s\u00e4rskilt bekv\u00e4m, utan ocks\u00e5 en vacker dekoration f\u00f6r tr\u00e4dg\u00e5rden. Det f\u00f6rseglade massiva tr\u00e4et \u00e4r v\u00e4derbest\u00e4ndigt, s\u00e5 du kan anv\u00e4nda det n\u00e4r som helst p\u00e5 \u00e5ret. Den unika och rustika designen p\u00e5minner om ett gammalt vagnshjul. Unna dig en kort paus i naturen med denna gungstol.<\/p>\n<h3>Beskrivning:<\/h3>\n<ul>\n<li>Rustik gungstol med original vagnhjulsdesign<\/li>\n<li>Tillverkad av f\u00f6rseglat grantr\u00e4 f\u00f6r h\u00e5llbarhet<\/li>\n<li>Bred sits, h\u00f6gt ryggst\u00f6d och bekv\u00e4ma armst\u00f6d f\u00f6r avslappnat sittande<\/li>\n<li>Lamellerna hindrar vatten fr\u00e5n att samlas och m\u00f6jligg\u00f6r enkel dr\u00e4nering<\/li>\n<li>Robust ram med bred sits f\u00f6r stabilitet och komfort<\/li>\n<\/ul>\n<h3>Teknisk data:<\/h3>\n<ul>\n<li>F\u00e4rg: naturligt tr\u00e4<\/li>\n<li>Material: gran<\/li>\n<li>M\u00e5tt: 68L x 88W x 92H cm<\/li>\n<li>Sittm\u00e5tt: 53W x 48D cm<\/li>\n<li>Sitth\u00f6jd: 42 cm<\/li>\n<li>Max lastkapacitet: 113 kg<\/li>\n<\/ul>\n<h3>Leveransens omfattning:<\/h3>\n<ul>\n<li>1 x gungstol<\/li>\n<li>1 x Monteringsanvisning<\/li>\n<\/ul>\n","protected":false},"excerpt":{"rendered":"<p>Denna rustika tr\u00e4dg\u00e5rdsstol \u00e4r inte bara s\u00e4rskilt bekv\u00e4m, utan ocks\u00e5 en vacker dekoration f\u00f6r tr\u00e4dg\u00e5rden. Det f\u00f6rseglade massiva tr\u00e4et \u00e4r&#8230;<\/p>\n","protected":false},"featured_media":33731,"template":"","meta":[],"product_brand":[],"product_cat":[435,450,452],"product_tag":[],"class_list":{"0":"post-33730","1":"product","2":"type-product","3":"status-publish","4":"has-post-thumbnail","6":"product_cat-tradgard-och-terrass","7":"product_cat-tradgardsmobler","8":"product_cat-tradgardsstolar","10":"first","11":"instock","12":"sale","13":"taxable","14":"shipping-taxable","15":"purchasable","16":"product-type-simple"},"yoast_head":"<!-- This site is optimized with the Yoast SEO plugin v25.4 - https:\/\/yoast.com\/wordpress\/plugins\/seo\/ -->\n<title>TRUUSK Tr\u00e4dg\u00e5rdsstol med Vagnhjul - Rustik Design - V\u00e4derbest\u00e4ndig - Tillverkad av Gran Tr\u00e4 - 68 x 88 x 92 cm - TRUUSK - Hem, Tr\u00e4dg\u00e5rd &amp; Fritid<\/title>\n<meta name=\"robots\" content=\"index, follow, max-snippet:-1, max-image-preview:large, max-video-preview:-1\" \/>\n<link rel=\"canonical\" href=\"https:\/\/truusk.store\/sv\/produkt\/truusk-tradgardsstol-med-vagnhjul-rustik-design-vaderbestandig-tillverkad-av-gran-tra-68-x-88-x-92-cm\/\" \/>\n<meta property=\"og:locale\" content=\"sv_SE\" \/>\n<meta property=\"og:type\" content=\"article\" \/>\n<meta property=\"og:title\" content=\"TRUUSK Tr\u00e4dg\u00e5rdsstol med Vagnhjul - Rustik Design - V\u00e4derbest\u00e4ndig - Tillverkad av Gran Tr\u00e4 - 68 x 88 x 92 cm - TRUUSK - Hem, Tr\u00e4dg\u00e5rd &amp; Fritid\" \/>\n<meta property=\"og:description\" content=\"Denna rustika tr\u00e4dg\u00e5rdsstol \u00e4r inte bara s\u00e4rskilt bekv\u00e4m, utan ocks\u00e5 en vacker dekoration f\u00f6r tr\u00e4dg\u00e5rden. Det f\u00f6rseglade massiva tr\u00e4et \u00e4r...\" \/>\n<meta property=\"og:url\" content=\"https:\/\/truusk.store\/sv\/produkt\/truusk-tradgardsstol-med-vagnhjul-rustik-design-vaderbestandig-tillverkad-av-gran-tra-68-x-88-x-92-cm\/\" \/>\n<meta property=\"og:site_name\" content=\"TRUUSK - Hem, Tr\u00e4dg\u00e5rd &amp; Fritid\" \/>\n<meta property=\"article:modified_time\" content=\"2026-03-12T08:11:06+00:00\" \/>\n<meta property=\"og:image\" content=\"https:\/\/i0.wp.com\/truusk.se\/wp-content\/uploads\/2024\/02\/rustik-gungstol-tradgardsstol-vagnhjul-design-vaderbestandig-gran-tra-68-x-88-x-92-cm.webp?fit=800%2C800&ssl=1\" \/>\n\t<meta property=\"og:image:width\" content=\"800\" \/>\n\t<meta property=\"og:image:height\" content=\"800\" \/>\n\t<meta property=\"og:image:type\" content=\"image\/webp\" \/>\n<meta name=\"twitter:card\" content=\"summary_large_image\" \/>\n<meta name=\"twitter:label1\" content=\"Ber\u00e4knad l\u00e4stid\" \/>\n\t<meta name=\"twitter:data1\" content=\"1 minut\" \/>\n<!-- \/ Yoast SEO plugin. -->","yoast_head_json":{"title":"TRUUSK Tr\u00e4dg\u00e5rdsstol med Vagnhjul - Rustik Design - V\u00e4derbest\u00e4ndig - Tillverkad av Gran Tr\u00e4 - 68 x 88 x 92 cm - TRUUSK - Hem, Tr\u00e4dg\u00e5rd &amp; Fritid","robots":{"index":"index","follow":"follow","max-snippet":"max-snippet:-1","max-image-preview":"max-image-preview:large","max-video-preview":"max-video-preview:-1"},"canonical":"https:\/\/truusk.store\/sv\/produkt\/truusk-tradgardsstol-med-vagnhjul-rustik-design-vaderbestandig-tillverkad-av-gran-tra-68-x-88-x-92-cm\/","og_locale":"sv_SE","og_type":"article","og_title":"TRUUSK Tr\u00e4dg\u00e5rdsstol med Vagnhjul - Rustik Design - V\u00e4derbest\u00e4ndig - Tillverkad av Gran Tr\u00e4 - 68 x 88 x 92 cm - TRUUSK - Hem, Tr\u00e4dg\u00e5rd &amp; Fritid","og_description":"Denna rustika tr\u00e4dg\u00e5rdsstol \u00e4r inte bara s\u00e4rskilt bekv\u00e4m, utan ocks\u00e5 en vacker dekoration f\u00f6r tr\u00e4dg\u00e5rden. Det f\u00f6rseglade massiva tr\u00e4et \u00e4r...","og_url":"https:\/\/truusk.store\/sv\/produkt\/truusk-tradgardsstol-med-vagnhjul-rustik-design-vaderbestandig-tillverkad-av-gran-tra-68-x-88-x-92-cm\/","og_site_name":"TRUUSK - Hem, Tr\u00e4dg\u00e5rd &amp; Fritid","article_modified_time":"2026-03-12T08:11:06+00:00","og_image":[{"width":800,"height":800,"url":"https:\/\/i0.wp.com\/truusk.se\/wp-content\/uploads\/2024\/02\/rustik-gungstol-tradgardsstol-vagnhjul-design-vaderbestandig-gran-tra-68-x-88-x-92-cm.webp?fit=800%2C800&ssl=1","type":"image\/webp"}],"twitter_card":"summary_large_image","twitter_misc":{"Ber\u00e4knad l\u00e4stid":"1 minut"},"schema":{"@context":"https:\/\/schema.org","@graph":[{"@type":"WebPage","@id":"https:\/\/truusk.store\/sv\/produkt\/truusk-tradgardsstol-med-vagnhjul-rustik-design-vaderbestandig-tillverkad-av-gran-tra-68-x-88-x-92-cm\/","url":"https:\/\/truusk.store\/sv\/produkt\/truusk-tradgardsstol-med-vagnhjul-rustik-design-vaderbestandig-tillverkad-av-gran-tra-68-x-88-x-92-cm\/","name":"TRUUSK Tr\u00e4dg\u00e5rdsstol med Vagnhjul - Rustik Design - V\u00e4derbest\u00e4ndig - Tillverkad av Gran Tr\u00e4 - 68 x 88 x 92 cm - TRUUSK - Hem, Tr\u00e4dg\u00e5rd &amp; Fritid","isPartOf":{"@id":"https:\/\/truusk.store\/sv\/#website"},"primaryImageOfPage":{"@id":"https:\/\/truusk.store\/sv\/produkt\/truusk-tradgardsstol-med-vagnhjul-rustik-design-vaderbestandig-tillverkad-av-gran-tra-68-x-88-x-92-cm\/#primaryimage"},"image":{"@id":"https:\/\/truusk.store\/sv\/produkt\/truusk-tradgardsstol-med-vagnhjul-rustik-design-vaderbestandig-tillverkad-av-gran-tra-68-x-88-x-92-cm\/#primaryimage"},"thumbnailUrl":"https:\/\/i0.wp.com\/truusk.store\/wp-content\/uploads\/2024\/02\/rustik-gungstol-tradgardsstol-vagnhjul-design-vaderbestandig-gran-tra-68-x-88-x-92-cm.webp?fit=800%2C800&ssl=1","datePublished":"2024-02-13T21:43:53+00:00","dateModified":"2026-03-12T08:11:06+00:00","breadcrumb":{"@id":"https:\/\/truusk.store\/sv\/produkt\/truusk-tradgardsstol-med-vagnhjul-rustik-design-vaderbestandig-tillverkad-av-gran-tra-68-x-88-x-92-cm\/#breadcrumb"},"inLanguage":"sv-SE","potentialAction":[{"@type":"ReadAction","target":["https:\/\/truusk.store\/sv\/produkt\/truusk-tradgardsstol-med-vagnhjul-rustik-design-vaderbestandig-tillverkad-av-gran-tra-68-x-88-x-92-cm\/"]}]},{"@type":"ImageObject","inLanguage":"sv-SE","@id":"https:\/\/truusk.store\/sv\/produkt\/truusk-tradgardsstol-med-vagnhjul-rustik-design-vaderbestandig-tillverkad-av-gran-tra-68-x-88-x-92-cm\/#primaryimage","url":"https:\/\/i0.wp.com\/truusk.store\/wp-content\/uploads\/2024\/02\/rustik-gungstol-tradgardsstol-vagnhjul-design-vaderbestandig-gran-tra-68-x-88-x-92-cm.webp?fit=800%2C800&ssl=1","contentUrl":"https:\/\/i0.wp.com\/truusk.store\/wp-content\/uploads\/2024\/02\/rustik-gungstol-tradgardsstol-vagnhjul-design-vaderbestandig-gran-tra-68-x-88-x-92-cm.webp?fit=800%2C800&ssl=1","width":800,"height":800,"caption":"Rustik Gungstol Tr\u00e4dg\u00e5rdsstol Vagnhjul Design V\u00e4derbest\u00e4ndig Gran Tr\u00e4 68 X 88 X 92 Cm 1"},{"@type":"BreadcrumbList","@id":"https:\/\/truusk.store\/sv\/produkt\/truusk-tradgardsstol-med-vagnhjul-rustik-design-vaderbestandig-tillverkad-av-gran-tra-68-x-88-x-92-cm\/#breadcrumb","itemListElement":[{"@type":"ListItem","position":1,"name":"Home","item":"https:\/\/truusk.store\/sv\/"},{"@type":"ListItem","position":2,"name":"Shop","item":"https:\/\/truusk.store\/shop\/"},{"@type":"ListItem","position":3,"name":"TRUUSK Tr\u00e4dg\u00e5rdsstol med Vagnhjul &#8211; Rustik Design &#8211; V\u00e4derbest\u00e4ndig &#8211; Tillverkad av Gran Tr\u00e4 &#8211; 68 x 88 x 92 cm"}]},{"@type":"WebSite","@id":"https:\/\/truusk.store\/sv\/#website","url":"https:\/\/truusk.store\/sv\/","name":"TRUUSK - Hem, Tr\u00e4dg\u00e5rd & Fritid","description":"","publisher":{"@id":"https:\/\/truusk.store\/sv\/#organization"},"potentialAction":[{"@type":"SearchAction","target":{"@type":"EntryPoint","urlTemplate":"https:\/\/truusk.store\/sv\/?s={search_term_string}"},"query-input":{"@type":"PropertyValueSpecification","valueRequired":true,"valueName":"search_term_string"}}],"inLanguage":"sv-SE"},{"@type":"Organization","@id":"https:\/\/truusk.store\/sv\/#organization","name":"TRUUSK - Hem, Tr\u00e4dg\u00e5rd & Fritid","url":"https:\/\/truusk.store\/sv\/","logo":{"@type":"ImageObject","inLanguage":"sv-SE","@id":"https:\/\/truusk.store\/sv\/#\/schema\/logo\/image\/","url":"https:\/\/i0.wp.com\/truusk.store\/wp-content\/uploads\/2026\/03\/cropped-TRUUSK.png?fit=2032%2C917&ssl=1","contentUrl":"https:\/\/i0.wp.com\/truusk.store\/wp-content\/uploads\/2026\/03\/cropped-TRUUSK.png?fit=2032%2C917&ssl=1","width":2032,"height":917,"caption":"TRUUSK - Hem, Tr\u00e4dg\u00e5rd & Fritid"},"image":{"@id":"https:\/\/truusk.store\/sv\/#\/schema\/logo\/image\/"}}]}},"jetpack_sharing_enabled":true,"_links":{"self":[{"href":"https:\/\/truusk.store\/sv\/wp-json\/wp\/v2\/product\/33730","targetHints":{"allow":["GET"]}}],"collection":[{"href":"https:\/\/truusk.store\/sv\/wp-json\/wp\/v2\/product"}],"about":[{"href":"https:\/\/truusk.store\/sv\/wp-json\/wp\/v2\/types\/product"}],"wp:featuredmedia":[{"embeddable":true,"href":"https:\/\/truusk.store\/sv\/wp-json\/wp\/v2\/media\/33731"}],"wp:attachment":[{"href":"https:\/\/truusk.store\/sv\/wp-json\/wp\/v2\/media?parent=33730"}],"wp:term":[{"taxonomy":"product_brand","embeddable":true,"href":"https:\/\/truusk.store\/sv\/wp-json\/wp\/v2\/product_brand?post=33730"},{"taxonomy":"product_cat","embeddable":true,"href":"https:\/\/truusk.store\/sv\/wp-json\/wp\/v2\/product_cat?post=33730"},{"taxonomy":"product_tag","embeddable":true,"href":"https:\/\/truusk.store\/sv\/wp-json\/wp\/v2\/product_tag?post=33730"}],"curies":[{"name":"wp","href":"https:\/\/api.w.org\/{rel}","templated":true}]}}