{"id":33748,"date":"2024-02-13T22:44:25","date_gmt":"2024-02-13T21:44:25","guid":{"rendered":"https:\/\/truusk.store\/product\/konstgjorda-vaxter-150-cm-konstgjorda-ficustrad-konstgjorda-trad-konstgjorda-vaxter-i-kruka-konstgjorda-vaxter-krukvaxt-dekorativ-vaxt-kontorsvaxt-plastkruka-for-inomhus-och-utomhus\/"},"modified":"2026-03-12T09:11:07","modified_gmt":"2026-03-12T08:11:07","slug":"truusk-konstgjorda-vaxter-150-cm-ficustrad-i-kruka-dekorativ-inomhus-och-utomhusvaxt-plastkruka-kontorsvaxt-krukvaxt","status":"publish","type":"product","link":"https:\/\/truusk.store\/sv\/produkt\/truusk-konstgjorda-vaxter-150-cm-ficustrad-i-kruka-dekorativ-inomhus-och-utomhusvaxt-plastkruka-kontorsvaxt-krukvaxt\/","title":{"rendered":"TRUUSK Konstgjorda V\u00e4xter 150 cm &#8211; Ficustr\u00e4d i Kruka &#8211; Dekorativ Inomhus- och Utomhusv\u00e4xt &#8211; Plastkruka &#8211; Kontorsv\u00e4xt &#8211; Krukv\u00e4xt &#8211;"},"content":{"rendered":"<p>Vill du beh\u00e5lla en gr\u00f6n v\u00e4xt, men kan inte h\u00e5lla den gr\u00f6n hela tiden? V\u00e5r konstgjorda v\u00e4xt \u00e4r precis vad du beh\u00f6ver. Den kommer att h\u00e5lla sig gr\u00f6n i m\u00e5nga \u00e5r utan att beh\u00f6va besk\u00e4ras eller formas. V\u00e4xten kr\u00e4ver varken vattning eller g\u00f6dsling, s\u00e5 du beh\u00f6ver inte oroa dig f\u00f6r det n\u00e4r du reser. Den konstgjorda v\u00e4xten som ser realistiskt ut skapar en naturlig atmosf\u00e4r i ditt rum och kr\u00e4ver lite sk\u00f6tsel.<\/p>\n<h3>Beskrivning:<\/h3>\n<ul>\n<li>Vacker konstgjord ficus designv\u00e4xt<\/li>\n<li>L\u00e4mplig f\u00f6r hem, kontor eller utomhusbruk, den lyser upp alla rum med sin naturliga accent<\/li>\n<li>Denna v\u00e4xt inneh\u00e5ller 1008 blad som ger en naturlig k\u00e4nsla till ditt utrymme<\/li>\n<li>En stadig tr\u00e4dg\u00e5rdskruka ger en stabil bas<\/li>\n<li>PE-mossa och cementjord ing\u00e5r och g\u00f6r v\u00e4xten mer stabil och verklig<\/li>\n<li>Lite underh\u00e5ll kr\u00e4vs<\/li>\n<li>Ingen montering kr\u00e4vs<\/li>\n<\/ul>\n<h3>Teknisk data:<\/h3>\n<ul>\n<li>F\u00e4rg: gr\u00f6n<\/li>\n<li>Material: PEVA, cement<\/li>\n<li>Total h\u00f6jd: 150 cm<\/li>\n<li>Krukm\u00e5tt: 17 x 14,5H cm<\/li>\n<\/ul>\n<h3>Leveransens omfattning:<\/h3>\n<ul>\n<li>1 x konstgjord v\u00e4xt;<\/li>\n<\/ul>\n","protected":false},"excerpt":{"rendered":"<p>Vill du beh\u00e5lla en gr\u00f6n v\u00e4xt, men kan inte h\u00e5lla den gr\u00f6n hela tiden? V\u00e5r konstgjorda v\u00e4xt \u00e4r precis vad&#8230;<\/p>\n","protected":false},"featured_media":33749,"template":"","meta":[],"product_brand":[],"product_cat":[671,681,672],"product_tag":[],"class_list":{"0":"post-33748","1":"product","2":"type-product","3":"status-publish","4":"has-post-thumbnail","6":"product_cat-jarnaffar","7":"product_cat-konstgjorda-vaxter","8":"product_cat-runt-huset","10":"first","11":"instock","12":"sale","13":"taxable","14":"shipping-taxable","15":"purchasable","16":"product-type-simple"},"yoast_head":"<!-- This site is optimized with the Yoast SEO plugin v25.4 - https:\/\/yoast.com\/wordpress\/plugins\/seo\/ -->\n<title>TRUUSK Konstgjorda V\u00e4xter 150 cm - Ficustr\u00e4d i Kruka - Dekorativ Inomhus- och Utomhusv\u00e4xt - Plastkruka - Kontorsv\u00e4xt - Krukv\u00e4xt - TRUUSK - Hem, Tr\u00e4dg\u00e5rd &amp; Fritid<\/title>\n<meta name=\"robots\" content=\"index, follow, max-snippet:-1, max-image-preview:large, max-video-preview:-1\" \/>\n<link rel=\"canonical\" href=\"https:\/\/truusk.store\/sv\/produkt\/truusk-konstgjorda-vaxter-150-cm-ficustrad-i-kruka-dekorativ-inomhus-och-utomhusvaxt-plastkruka-kontorsvaxt-krukvaxt\/\" \/>\n<meta property=\"og:locale\" content=\"sv_SE\" \/>\n<meta property=\"og:type\" content=\"article\" \/>\n<meta property=\"og:title\" content=\"TRUUSK Konstgjorda V\u00e4xter 150 cm - Ficustr\u00e4d i Kruka - Dekorativ Inomhus- och Utomhusv\u00e4xt - Plastkruka - Kontorsv\u00e4xt - Krukv\u00e4xt - TRUUSK - Hem, Tr\u00e4dg\u00e5rd &amp; Fritid\" \/>\n<meta property=\"og:description\" content=\"Vill du beh\u00e5lla en gr\u00f6n v\u00e4xt, men kan inte h\u00e5lla den gr\u00f6n hela tiden? V\u00e5r konstgjorda v\u00e4xt \u00e4r precis vad...\" \/>\n<meta property=\"og:url\" content=\"https:\/\/truusk.store\/sv\/produkt\/truusk-konstgjorda-vaxter-150-cm-ficustrad-i-kruka-dekorativ-inomhus-och-utomhusvaxt-plastkruka-kontorsvaxt-krukvaxt\/\" \/>\n<meta property=\"og:site_name\" content=\"TRUUSK - Hem, Tr\u00e4dg\u00e5rd &amp; Fritid\" \/>\n<meta property=\"article:modified_time\" content=\"2026-03-12T08:11:07+00:00\" \/>\n<meta property=\"og:image\" content=\"https:\/\/i0.wp.com\/truusk.se\/wp-content\/uploads\/2024\/02\/konstgjorda-vaxter-150-cm-konstgjorda-ficustrad-konstgjorda-trad-konstgjorda-vaxter-i-kruka-konstgjorda-vaxter-krukvaxt-dekorativ-vaxt-kontorsvaxt-plastkruka-for-inomhus-och-utomhus.webp?fit=800%2C800&ssl=1\" \/>\n\t<meta property=\"og:image:width\" content=\"800\" \/>\n\t<meta property=\"og:image:height\" content=\"800\" \/>\n\t<meta property=\"og:image:type\" content=\"image\/webp\" \/>\n<meta name=\"twitter:card\" content=\"summary_large_image\" \/>\n<meta name=\"twitter:label1\" content=\"Ber\u00e4knad l\u00e4stid\" \/>\n\t<meta name=\"twitter:data1\" content=\"1 minut\" \/>\n<!-- \/ Yoast SEO plugin. -->","yoast_head_json":{"title":"TRUUSK Konstgjorda V\u00e4xter 150 cm - Ficustr\u00e4d i Kruka - Dekorativ Inomhus- och Utomhusv\u00e4xt - Plastkruka - Kontorsv\u00e4xt - Krukv\u00e4xt - TRUUSK - Hem, Tr\u00e4dg\u00e5rd &amp; Fritid","robots":{"index":"index","follow":"follow","max-snippet":"max-snippet:-1","max-image-preview":"max-image-preview:large","max-video-preview":"max-video-preview:-1"},"canonical":"https:\/\/truusk.store\/sv\/produkt\/truusk-konstgjorda-vaxter-150-cm-ficustrad-i-kruka-dekorativ-inomhus-och-utomhusvaxt-plastkruka-kontorsvaxt-krukvaxt\/","og_locale":"sv_SE","og_type":"article","og_title":"TRUUSK Konstgjorda V\u00e4xter 150 cm - Ficustr\u00e4d i Kruka - Dekorativ Inomhus- och Utomhusv\u00e4xt - Plastkruka - Kontorsv\u00e4xt - Krukv\u00e4xt - TRUUSK - Hem, Tr\u00e4dg\u00e5rd &amp; Fritid","og_description":"Vill du beh\u00e5lla en gr\u00f6n v\u00e4xt, men kan inte h\u00e5lla den gr\u00f6n hela tiden? V\u00e5r konstgjorda v\u00e4xt \u00e4r precis vad...","og_url":"https:\/\/truusk.store\/sv\/produkt\/truusk-konstgjorda-vaxter-150-cm-ficustrad-i-kruka-dekorativ-inomhus-och-utomhusvaxt-plastkruka-kontorsvaxt-krukvaxt\/","og_site_name":"TRUUSK - Hem, Tr\u00e4dg\u00e5rd &amp; Fritid","article_modified_time":"2026-03-12T08:11:07+00:00","og_image":[{"width":800,"height":800,"url":"https:\/\/i0.wp.com\/truusk.se\/wp-content\/uploads\/2024\/02\/konstgjorda-vaxter-150-cm-konstgjorda-ficustrad-konstgjorda-trad-konstgjorda-vaxter-i-kruka-konstgjorda-vaxter-krukvaxt-dekorativ-vaxt-kontorsvaxt-plastkruka-for-inomhus-och-utomhus.webp?fit=800%2C800&ssl=1","type":"image\/webp"}],"twitter_card":"summary_large_image","twitter_misc":{"Ber\u00e4knad l\u00e4stid":"1 minut"},"schema":{"@context":"https:\/\/schema.org","@graph":[{"@type":"WebPage","@id":"https:\/\/truusk.store\/sv\/produkt\/truusk-konstgjorda-vaxter-150-cm-ficustrad-i-kruka-dekorativ-inomhus-och-utomhusvaxt-plastkruka-kontorsvaxt-krukvaxt\/","url":"https:\/\/truusk.store\/sv\/produkt\/truusk-konstgjorda-vaxter-150-cm-ficustrad-i-kruka-dekorativ-inomhus-och-utomhusvaxt-plastkruka-kontorsvaxt-krukvaxt\/","name":"TRUUSK Konstgjorda V\u00e4xter 150 cm - Ficustr\u00e4d i Kruka - Dekorativ Inomhus- och Utomhusv\u00e4xt - Plastkruka - Kontorsv\u00e4xt - Krukv\u00e4xt - TRUUSK - Hem, Tr\u00e4dg\u00e5rd &amp; Fritid","isPartOf":{"@id":"https:\/\/truusk.store\/sv\/#website"},"primaryImageOfPage":{"@id":"https:\/\/truusk.store\/sv\/produkt\/truusk-konstgjorda-vaxter-150-cm-ficustrad-i-kruka-dekorativ-inomhus-och-utomhusvaxt-plastkruka-kontorsvaxt-krukvaxt\/#primaryimage"},"image":{"@id":"https:\/\/truusk.store\/sv\/produkt\/truusk-konstgjorda-vaxter-150-cm-ficustrad-i-kruka-dekorativ-inomhus-och-utomhusvaxt-plastkruka-kontorsvaxt-krukvaxt\/#primaryimage"},"thumbnailUrl":"https:\/\/i0.wp.com\/truusk.store\/wp-content\/uploads\/2024\/02\/konstgjorda-vaxter-150-cm-konstgjorda-ficustrad-konstgjorda-trad-konstgjorda-vaxter-i-kruka-konstgjorda-vaxter-krukvaxt-dekorativ-vaxt-kontorsvaxt-plastkruka-for-inomhus-och-utomhus.webp?fit=800%2C800&ssl=1","datePublished":"2024-02-13T21:44:25+00:00","dateModified":"2026-03-12T08:11:07+00:00","breadcrumb":{"@id":"https:\/\/truusk.store\/sv\/produkt\/truusk-konstgjorda-vaxter-150-cm-ficustrad-i-kruka-dekorativ-inomhus-och-utomhusvaxt-plastkruka-kontorsvaxt-krukvaxt\/#breadcrumb"},"inLanguage":"sv-SE","potentialAction":[{"@type":"ReadAction","target":["https:\/\/truusk.store\/sv\/produkt\/truusk-konstgjorda-vaxter-150-cm-ficustrad-i-kruka-dekorativ-inomhus-och-utomhusvaxt-plastkruka-kontorsvaxt-krukvaxt\/"]}]},{"@type":"ImageObject","inLanguage":"sv-SE","@id":"https:\/\/truusk.store\/sv\/produkt\/truusk-konstgjorda-vaxter-150-cm-ficustrad-i-kruka-dekorativ-inomhus-och-utomhusvaxt-plastkruka-kontorsvaxt-krukvaxt\/#primaryimage","url":"https:\/\/i0.wp.com\/truusk.store\/wp-content\/uploads\/2024\/02\/konstgjorda-vaxter-150-cm-konstgjorda-ficustrad-konstgjorda-trad-konstgjorda-vaxter-i-kruka-konstgjorda-vaxter-krukvaxt-dekorativ-vaxt-kontorsvaxt-plastkruka-for-inomhus-och-utomhus.webp?fit=800%2C800&ssl=1","contentUrl":"https:\/\/i0.wp.com\/truusk.store\/wp-content\/uploads\/2024\/02\/konstgjorda-vaxter-150-cm-konstgjorda-ficustrad-konstgjorda-trad-konstgjorda-vaxter-i-kruka-konstgjorda-vaxter-krukvaxt-dekorativ-vaxt-kontorsvaxt-plastkruka-for-inomhus-och-utomhus.webp?fit=800%2C800&ssl=1","width":800,"height":800,"caption":"Konstgjorda V\u00e4xter 150 Cm Konstgjorda Ficustr\u00e4d Konstgjorda Tr\u00e4d Konstgjorda V\u00e4xter I Kruka Konstgjorda V\u00e4xter Krukv\u00e4xt Dekorativ V\u00e4xt Kontorsv\u00e4xt Plastkruka F\u00f6r Inomhus Och Utomhus 1"},{"@type":"BreadcrumbList","@id":"https:\/\/truusk.store\/sv\/produkt\/truusk-konstgjorda-vaxter-150-cm-ficustrad-i-kruka-dekorativ-inomhus-och-utomhusvaxt-plastkruka-kontorsvaxt-krukvaxt\/#breadcrumb","itemListElement":[{"@type":"ListItem","position":1,"name":"Home","item":"https:\/\/truusk.store\/sv\/"},{"@type":"ListItem","position":2,"name":"Shop","item":"https:\/\/truusk.store\/shop\/"},{"@type":"ListItem","position":3,"name":"TRUUSK Konstgjorda V\u00e4xter 150 cm &#8211; Ficustr\u00e4d i Kruka &#8211; Dekorativ Inomhus- och Utomhusv\u00e4xt &#8211; Plastkruka &#8211; Kontorsv\u00e4xt &#8211; Krukv\u00e4xt &#8211;"}]},{"@type":"WebSite","@id":"https:\/\/truusk.store\/sv\/#website","url":"https:\/\/truusk.store\/sv\/","name":"TRUUSK - Hem, Tr\u00e4dg\u00e5rd & Fritid","description":"","publisher":{"@id":"https:\/\/truusk.store\/sv\/#organization"},"potentialAction":[{"@type":"SearchAction","target":{"@type":"EntryPoint","urlTemplate":"https:\/\/truusk.store\/sv\/?s={search_term_string}"},"query-input":{"@type":"PropertyValueSpecification","valueRequired":true,"valueName":"search_term_string"}}],"inLanguage":"sv-SE"},{"@type":"Organization","@id":"https:\/\/truusk.store\/sv\/#organization","name":"TRUUSK - Hem, Tr\u00e4dg\u00e5rd & Fritid","url":"https:\/\/truusk.store\/sv\/","logo":{"@type":"ImageObject","inLanguage":"sv-SE","@id":"https:\/\/truusk.store\/sv\/#\/schema\/logo\/image\/","url":"https:\/\/i0.wp.com\/truusk.store\/wp-content\/uploads\/2026\/03\/cropped-TRUUSK.png?fit=2032%2C917&ssl=1","contentUrl":"https:\/\/i0.wp.com\/truusk.store\/wp-content\/uploads\/2026\/03\/cropped-TRUUSK.png?fit=2032%2C917&ssl=1","width":2032,"height":917,"caption":"TRUUSK - Hem, Tr\u00e4dg\u00e5rd & Fritid"},"image":{"@id":"https:\/\/truusk.store\/sv\/#\/schema\/logo\/image\/"}}]}},"jetpack_sharing_enabled":true,"_links":{"self":[{"href":"https:\/\/truusk.store\/sv\/wp-json\/wp\/v2\/product\/33748","targetHints":{"allow":["GET"]}}],"collection":[{"href":"https:\/\/truusk.store\/sv\/wp-json\/wp\/v2\/product"}],"about":[{"href":"https:\/\/truusk.store\/sv\/wp-json\/wp\/v2\/types\/product"}],"wp:featuredmedia":[{"embeddable":true,"href":"https:\/\/truusk.store\/sv\/wp-json\/wp\/v2\/media\/33749"}],"wp:attachment":[{"href":"https:\/\/truusk.store\/sv\/wp-json\/wp\/v2\/media?parent=33748"}],"wp:term":[{"taxonomy":"product_brand","embeddable":true,"href":"https:\/\/truusk.store\/sv\/wp-json\/wp\/v2\/product_brand?post=33748"},{"taxonomy":"product_cat","embeddable":true,"href":"https:\/\/truusk.store\/sv\/wp-json\/wp\/v2\/product_cat?post=33748"},{"taxonomy":"product_tag","embeddable":true,"href":"https:\/\/truusk.store\/sv\/wp-json\/wp\/v2\/product_tag?post=33748"}],"curies":[{"name":"wp","href":"https:\/\/api.w.org\/{rel}","templated":true}]}}