{"id":33785,"date":"2024-02-13T22:45:41","date_gmt":"2024-02-13T21:45:41","guid":{"rendered":"https:\/\/truusk.store\/product\/sittgrupp-i-polyrattan-for-4-personer-matgrupp-tradgardsset-med-kuddar-gra\/"},"modified":"2026-03-12T09:11:10","modified_gmt":"2026-03-12T08:11:10","slug":"truusk-loungegrupp-i-polyrattan-for-4-personer-gra-med-kuddar-tradgardsset-matgrupp","status":"publish","type":"product","link":"https:\/\/truusk.store\/sv\/produkt\/truusk-loungegrupp-i-polyrattan-for-4-personer-gra-med-kuddar-tradgardsset-matgrupp\/","title":{"rendered":"TRUUSK Loungegrupp i Polyrattan f\u00f6r 4 Personer &#8211; Gr\u00e5 &#8211; Med Kuddar &#8211; Tr\u00e4dg\u00e5rdsset &#8211; Matgrupp"},"content":{"rendered":"<p>Om du vill sitta bekv\u00e4mt tillsammans p\u00e5 sommaren kan du nog inte bortse fr\u00e5n v\u00e5r sittgrupp i polyrattan. Den 11-delade. Setet imponerar med sin handv\u00e4vda polyrattan, som kommer i trendigt svart. Materialet \u00e4r vattenavvisande och UV-best\u00e4ndigt, vilket g\u00f6r det perfekt att anv\u00e4nda i tr\u00e4dg\u00e5rden, p\u00e5 din terrass eller p\u00e5 din balkong. Detta set \u00e4r inte bara ett riktigt blickf\u00e5ng visuellt, utan ocks\u00e5 en l\u00e5ngvarig f\u00f6ljeslagare f\u00f6r att \u00e4ta och dricka tillsammans. N\u00e4r de inte anv\u00e4nds kan stolarna och pallarna skjutas snyggt och snyggt under bordet f\u00f6r att spara utrymme.<\/p>\n<h3>Beskrivning:<\/h3>\n<ul>\n<li>Sittgrupp f\u00f6r inom- och utomhusbruk, best\u00e5ende av 1 bord + 2 stolar + 2 pallar<\/li>\n<li>Polyrattanv\u00e4v \u00e4r handgjord, smuts- och vattenavvisande, UV-best\u00e4ndig<\/li>\n<li>Stomme av pulverlackerad metall, rostbest\u00e4ndig och stabil<\/li>\n<li>Vadderade sitt- och ryggkuddar med vattenavvisande \u00f6verdrag, \u00f6verdrag kan tas av och tv\u00e4ttas med dragkedja<\/li>\n<li>Utrymmesbesparande: stolar och pallar kan skjutas in under bordet n\u00e4r de inte anv\u00e4nds<br \/>L\u00e4ttsk\u00f6tt: Torka av m\u00f6blerna med en ren, torr trasa<\/li>\n<li>Inkl monteringsmaterial<\/li>\n<li>Observera: T\u00e4ck polyrottingm\u00f6blerna med \u00f6verdrag (s\u00e4ljs separat) n\u00e4r de inte anv\u00e4nds.<\/li>\n<\/ul>\n<h3>Teknisk data:<\/h3>\n<ul>\n<li>Material: PE polyrattan, metall, h\u00e4rdat glas, polyester<\/li>\n<li>F\u00e4rg gr\u00e5<\/li>\n<li>M\u00e5tt p\u00e5 bordet: L120 x B60 x H72cm<\/li>\n<li>M\u00e5tt p\u00e5 stolen: L56 x B52 x H87cm<\/li>\n<li>Sittyta: B45 x D52cm<\/li>\n<li>Sitth\u00f6jd (utan dyna): 40cm<\/li>\n<li>M\u00e5tt p\u00e5 pallen: L41 x B41 x H31cm<\/li>\n<li>Nettovikt: ca 36kg<\/li>\n<li>Max lastkapacitet: 120 kg (stol), 100 kg (pall), 70 kg (bord)<\/li>\n<\/ul>\n<h3>Leveransens omfattning:<\/h3>\n<ul>\n<li>1 x bord<\/li>\n<li>2 x stol<\/li>\n<li>2 x pallar<\/li>\n<li>6 x kuddar<\/li>\n<li>Monteringstillbeh\u00f6r<\/li>\n<\/ul>\n","protected":false},"excerpt":{"rendered":"<p>Om du vill sitta bekv\u00e4mt tillsammans p\u00e5 sommaren kan du nog inte bortse fr\u00e5n v\u00e5r sittgrupp i polyrattan. Den 11-delade&#8230;.<\/p>\n","protected":false},"featured_media":33786,"template":"","meta":[],"product_brand":[],"product_cat":[435,450,456],"product_tag":[],"class_list":{"0":"post-33785","1":"product","2":"type-product","3":"status-publish","4":"has-post-thumbnail","6":"product_cat-tradgard-och-terrass","7":"product_cat-tradgardsmobler","8":"product_cat-tradgardsmobler-set","10":"first","11":"instock","12":"sale","13":"taxable","14":"shipping-taxable","15":"purchasable","16":"product-type-simple"},"yoast_head":"<!-- This site is optimized with the Yoast SEO plugin v25.4 - https:\/\/yoast.com\/wordpress\/plugins\/seo\/ -->\n<title>TRUUSK Loungegrupp i Polyrattan f\u00f6r 4 Personer - Gr\u00e5 - Med Kuddar - Tr\u00e4dg\u00e5rdsset - Matgrupp - TRUUSK - Hem, Tr\u00e4dg\u00e5rd &amp; Fritid<\/title>\n<meta name=\"robots\" content=\"index, follow, max-snippet:-1, max-image-preview:large, max-video-preview:-1\" \/>\n<link rel=\"canonical\" href=\"https:\/\/truusk.store\/sv\/produkt\/truusk-loungegrupp-i-polyrattan-for-4-personer-gra-med-kuddar-tradgardsset-matgrupp\/\" \/>\n<meta property=\"og:locale\" content=\"sv_SE\" \/>\n<meta property=\"og:type\" content=\"article\" \/>\n<meta property=\"og:title\" content=\"TRUUSK Loungegrupp i Polyrattan f\u00f6r 4 Personer - Gr\u00e5 - Med Kuddar - Tr\u00e4dg\u00e5rdsset - Matgrupp - TRUUSK - Hem, Tr\u00e4dg\u00e5rd &amp; Fritid\" \/>\n<meta property=\"og:description\" content=\"Om du vill sitta bekv\u00e4mt tillsammans p\u00e5 sommaren kan du nog inte bortse fr\u00e5n v\u00e5r sittgrupp i polyrattan. Den 11-delade....\" \/>\n<meta property=\"og:url\" content=\"https:\/\/truusk.store\/sv\/produkt\/truusk-loungegrupp-i-polyrattan-for-4-personer-gra-med-kuddar-tradgardsset-matgrupp\/\" \/>\n<meta property=\"og:site_name\" content=\"TRUUSK - Hem, Tr\u00e4dg\u00e5rd &amp; Fritid\" \/>\n<meta property=\"article:modified_time\" content=\"2026-03-12T08:11:10+00:00\" \/>\n<meta property=\"og:image\" content=\"https:\/\/i0.wp.com\/truusk.se\/wp-content\/uploads\/2024\/02\/sittgrupp-i-polyrattan-for-4-personer-matgrupp-tradgardsset-med-kuddar-gra.webp?fit=800%2C800&ssl=1\" \/>\n\t<meta property=\"og:image:width\" content=\"800\" \/>\n\t<meta property=\"og:image:height\" content=\"800\" \/>\n\t<meta property=\"og:image:type\" content=\"image\/webp\" \/>\n<meta name=\"twitter:card\" content=\"summary_large_image\" \/>\n<meta name=\"twitter:label1\" content=\"Ber\u00e4knad l\u00e4stid\" \/>\n\t<meta name=\"twitter:data1\" content=\"1 minut\" \/>\n<!-- \/ Yoast SEO plugin. -->","yoast_head_json":{"title":"TRUUSK Loungegrupp i Polyrattan f\u00f6r 4 Personer - Gr\u00e5 - Med Kuddar - Tr\u00e4dg\u00e5rdsset - Matgrupp - TRUUSK - Hem, Tr\u00e4dg\u00e5rd &amp; Fritid","robots":{"index":"index","follow":"follow","max-snippet":"max-snippet:-1","max-image-preview":"max-image-preview:large","max-video-preview":"max-video-preview:-1"},"canonical":"https:\/\/truusk.store\/sv\/produkt\/truusk-loungegrupp-i-polyrattan-for-4-personer-gra-med-kuddar-tradgardsset-matgrupp\/","og_locale":"sv_SE","og_type":"article","og_title":"TRUUSK Loungegrupp i Polyrattan f\u00f6r 4 Personer - Gr\u00e5 - Med Kuddar - Tr\u00e4dg\u00e5rdsset - Matgrupp - TRUUSK - Hem, Tr\u00e4dg\u00e5rd &amp; Fritid","og_description":"Om du vill sitta bekv\u00e4mt tillsammans p\u00e5 sommaren kan du nog inte bortse fr\u00e5n v\u00e5r sittgrupp i polyrattan. Den 11-delade....","og_url":"https:\/\/truusk.store\/sv\/produkt\/truusk-loungegrupp-i-polyrattan-for-4-personer-gra-med-kuddar-tradgardsset-matgrupp\/","og_site_name":"TRUUSK - Hem, Tr\u00e4dg\u00e5rd &amp; Fritid","article_modified_time":"2026-03-12T08:11:10+00:00","og_image":[{"width":800,"height":800,"url":"https:\/\/i0.wp.com\/truusk.se\/wp-content\/uploads\/2024\/02\/sittgrupp-i-polyrattan-for-4-personer-matgrupp-tradgardsset-med-kuddar-gra.webp?fit=800%2C800&ssl=1","type":"image\/webp"}],"twitter_card":"summary_large_image","twitter_misc":{"Ber\u00e4knad l\u00e4stid":"1 minut"},"schema":{"@context":"https:\/\/schema.org","@graph":[{"@type":"WebPage","@id":"https:\/\/truusk.store\/sv\/produkt\/truusk-loungegrupp-i-polyrattan-for-4-personer-gra-med-kuddar-tradgardsset-matgrupp\/","url":"https:\/\/truusk.store\/sv\/produkt\/truusk-loungegrupp-i-polyrattan-for-4-personer-gra-med-kuddar-tradgardsset-matgrupp\/","name":"TRUUSK Loungegrupp i Polyrattan f\u00f6r 4 Personer - Gr\u00e5 - Med Kuddar - Tr\u00e4dg\u00e5rdsset - Matgrupp - TRUUSK - Hem, Tr\u00e4dg\u00e5rd &amp; Fritid","isPartOf":{"@id":"https:\/\/truusk.store\/sv\/#website"},"primaryImageOfPage":{"@id":"https:\/\/truusk.store\/sv\/produkt\/truusk-loungegrupp-i-polyrattan-for-4-personer-gra-med-kuddar-tradgardsset-matgrupp\/#primaryimage"},"image":{"@id":"https:\/\/truusk.store\/sv\/produkt\/truusk-loungegrupp-i-polyrattan-for-4-personer-gra-med-kuddar-tradgardsset-matgrupp\/#primaryimage"},"thumbnailUrl":"https:\/\/i0.wp.com\/truusk.store\/wp-content\/uploads\/2024\/02\/sittgrupp-i-polyrattan-for-4-personer-matgrupp-tradgardsset-med-kuddar-gra.webp?fit=800%2C800&ssl=1","datePublished":"2024-02-13T21:45:41+00:00","dateModified":"2026-03-12T08:11:10+00:00","breadcrumb":{"@id":"https:\/\/truusk.store\/sv\/produkt\/truusk-loungegrupp-i-polyrattan-for-4-personer-gra-med-kuddar-tradgardsset-matgrupp\/#breadcrumb"},"inLanguage":"sv-SE","potentialAction":[{"@type":"ReadAction","target":["https:\/\/truusk.store\/sv\/produkt\/truusk-loungegrupp-i-polyrattan-for-4-personer-gra-med-kuddar-tradgardsset-matgrupp\/"]}]},{"@type":"ImageObject","inLanguage":"sv-SE","@id":"https:\/\/truusk.store\/sv\/produkt\/truusk-loungegrupp-i-polyrattan-for-4-personer-gra-med-kuddar-tradgardsset-matgrupp\/#primaryimage","url":"https:\/\/i0.wp.com\/truusk.store\/wp-content\/uploads\/2024\/02\/sittgrupp-i-polyrattan-for-4-personer-matgrupp-tradgardsset-med-kuddar-gra.webp?fit=800%2C800&ssl=1","contentUrl":"https:\/\/i0.wp.com\/truusk.store\/wp-content\/uploads\/2024\/02\/sittgrupp-i-polyrattan-for-4-personer-matgrupp-tradgardsset-med-kuddar-gra.webp?fit=800%2C800&ssl=1","width":800,"height":800,"caption":"Sittgrupp I Polyrattan F\u00f6r 4 Personer, Matgrupp, Tr\u00e4dg\u00e5rdsset Med Kuddar, Gr\u00e5 1"},{"@type":"BreadcrumbList","@id":"https:\/\/truusk.store\/sv\/produkt\/truusk-loungegrupp-i-polyrattan-for-4-personer-gra-med-kuddar-tradgardsset-matgrupp\/#breadcrumb","itemListElement":[{"@type":"ListItem","position":1,"name":"Home","item":"https:\/\/truusk.store\/sv\/"},{"@type":"ListItem","position":2,"name":"Shop","item":"https:\/\/truusk.store\/shop\/"},{"@type":"ListItem","position":3,"name":"TRUUSK Loungegrupp i Polyrattan f\u00f6r 4 Personer &#8211; Gr\u00e5 &#8211; Med Kuddar &#8211; Tr\u00e4dg\u00e5rdsset &#8211; Matgrupp"}]},{"@type":"WebSite","@id":"https:\/\/truusk.store\/sv\/#website","url":"https:\/\/truusk.store\/sv\/","name":"TRUUSK - Hem, Tr\u00e4dg\u00e5rd & Fritid","description":"","publisher":{"@id":"https:\/\/truusk.store\/sv\/#organization"},"potentialAction":[{"@type":"SearchAction","target":{"@type":"EntryPoint","urlTemplate":"https:\/\/truusk.store\/sv\/?s={search_term_string}"},"query-input":{"@type":"PropertyValueSpecification","valueRequired":true,"valueName":"search_term_string"}}],"inLanguage":"sv-SE"},{"@type":"Organization","@id":"https:\/\/truusk.store\/sv\/#organization","name":"TRUUSK - Hem, Tr\u00e4dg\u00e5rd & Fritid","url":"https:\/\/truusk.store\/sv\/","logo":{"@type":"ImageObject","inLanguage":"sv-SE","@id":"https:\/\/truusk.store\/sv\/#\/schema\/logo\/image\/","url":"https:\/\/i0.wp.com\/truusk.store\/wp-content\/uploads\/2026\/03\/cropped-TRUUSK.png?fit=2032%2C917&ssl=1","contentUrl":"https:\/\/i0.wp.com\/truusk.store\/wp-content\/uploads\/2026\/03\/cropped-TRUUSK.png?fit=2032%2C917&ssl=1","width":2032,"height":917,"caption":"TRUUSK - Hem, Tr\u00e4dg\u00e5rd & Fritid"},"image":{"@id":"https:\/\/truusk.store\/sv\/#\/schema\/logo\/image\/"}}]}},"jetpack_sharing_enabled":true,"_links":{"self":[{"href":"https:\/\/truusk.store\/sv\/wp-json\/wp\/v2\/product\/33785","targetHints":{"allow":["GET"]}}],"collection":[{"href":"https:\/\/truusk.store\/sv\/wp-json\/wp\/v2\/product"}],"about":[{"href":"https:\/\/truusk.store\/sv\/wp-json\/wp\/v2\/types\/product"}],"wp:featuredmedia":[{"embeddable":true,"href":"https:\/\/truusk.store\/sv\/wp-json\/wp\/v2\/media\/33786"}],"wp:attachment":[{"href":"https:\/\/truusk.store\/sv\/wp-json\/wp\/v2\/media?parent=33785"}],"wp:term":[{"taxonomy":"product_brand","embeddable":true,"href":"https:\/\/truusk.store\/sv\/wp-json\/wp\/v2\/product_brand?post=33785"},{"taxonomy":"product_cat","embeddable":true,"href":"https:\/\/truusk.store\/sv\/wp-json\/wp\/v2\/product_cat?post=33785"},{"taxonomy":"product_tag","embeddable":true,"href":"https:\/\/truusk.store\/sv\/wp-json\/wp\/v2\/product_tag?post=33785"}],"curies":[{"name":"wp","href":"https:\/\/api.w.org\/{rel}","templated":true}]}}